{"id":32468,"date":"2024-10-15T11:14:56","date_gmt":"2024-10-15T09:14:56","guid":{"rendered":"https:\/\/samarali.com\/product\/yoga-nackkudde\/"},"modified":"2025-10-04T10:02:31","modified_gmt":"2025-10-04T08:02:31","slug":"yoga-nackkudde","status":"publish","type":"product","link":"https:\/\/samarali.com\/sv\/produkt\/yoga-nackkudde\/","title":{"rendered":"Yoga nackkudde"},"content":{"rendered":"<p>Vissa personer beh\u00f6ver extra st\u00f6d under huvudet n\u00e4r de ut\u00f6var Yin Yoga, Yoga Nidra eller andra avslappningsfokuserade \u00f6vningar. V\u00e5ra yogakuddar ger ett mjukt st\u00f6d inte bara f\u00f6r lugnande poser utan \u00e4ven f\u00f6r mer aktiva \u00f6vningar, som plankan, huvudst\u00e5ende, axelst\u00e5ende och ned\u00e5tg\u00e5ende hund. Dessa st\u00e4llningar kan inneb\u00e4ra ett stort tryck p\u00e5 armar och axlar, s\u00e4rskilt f\u00f6r nyb\u00f6rjare, och r\u00e4tt st\u00f6d kan g\u00f6ra stor skillnad.<\/p>\n<p>Varje yogakudde \u00e4r tillverkad av 100% ekologisk bomull och certifierad av GOTS. En diskret dragkedja p\u00e5 sidan g\u00f6r att du enkelt kan ta av ytterh\u00f6ljet f\u00f6r tv\u00e4tt, s\u00e5 att din kudde f\u00f6rblir fr\u00e4sch och ren. Fyllningen \u00e4r tillverkad av h\u00e5llbart sk\u00f6rdade kapokfibrer som ger ett mjukt men stabilt st\u00f6d.<\/p>\n<p>V\u00e5ra savasanakuddar finns i en m\u00e4ngd olika livfulla f\u00e4rger &#8211; v\u00e4lj den som inspirerar dig mest och f\u00f6rb\u00e4ttrar din tr\u00e4ning!<\/p>\n","protected":false},"excerpt":{"rendered":"<p>V\u00e5ra Savasana-kuddar \u00e4r utformade f\u00f6r att \u00f6ka avslappningen och ge tillf\u00f6rlitligt st\u00f6d under asanas.<\/p>\n<div id=\"gtx-trans\" style=\"position: absolute; left: -10px; top: -8.8px;\">\n<div class=\"gtx-trans-icon\"><\/div>\n<\/div>\n","protected":false},"featured_media":33738,"comment_status":"open","ping_status":"closed","template":"","meta":{"_acf_changed":false,"_improvement_type_select":"improve_an_existing","_thumb_yes_seoaic":false,"_frame_yes_seoaic":false,"seoaic_generate_description":"","seoaic_improve_instructions_prompt":"","seoaic_rollback_content_improvement":"","seoaic_idea_thumbnail_generator":"","thumbnail_generated":false,"thumbnail_generate_prompt":"","seoaic_article_description":"","inline_featured_image":false},"product_cat":[344,317],"product_tag":[],"class_list":{"0":"post-32468","1":"product","2":"type-product","3":"status-publish","4":"has-post-thumbnail","6":"product_cat-tillbehor","7":"product_cat-yoga-sv","9":"first","10":"instock","11":"shipping-taxable","12":"purchasable","13":"product-type-variable","14":"has-default-attributes"},"acf":[],"yoast_head":"<!-- This site is optimized with the Yoast SEO Premium plugin v27.4 (Yoast SEO v27.4) - https:\/\/yoast.com\/product\/yoast-seo-premium-wordpress\/ -->\n<title>Yoga nackkudde - Samarali<\/title>\n<meta name=\"description\" content=\"F\u00f6rh\u00f6j din tr\u00e4ning med v\u00e5r Yoga Neck Pillow f\u00f6r \u00f6verl\u00e4gset st\u00f6d under lugnande poser. Perfekt f\u00f6r b\u00e5de nyb\u00f6rjare och erfarna yogis!\" \/>\n<meta name=\"robots\" content=\"index, follow, max-snippet:-1, max-image-preview:large, max-video-preview:-1\" \/>\n<link rel=\"canonical\" href=\"https:\/\/samarali.com\/sv\/produkt\/yoga-nackkudde\/\" \/>\n<meta property=\"og:locale\" content=\"sv_SE\" \/>\n<meta property=\"og:type\" content=\"article\" \/>\n<meta property=\"og:title\" content=\"Yoga nackkudde - Samarali\" \/>\n<meta property=\"og:description\" content=\"F\u00f6rh\u00f6j din tr\u00e4ning med v\u00e5r Yoga Neck Pillow f\u00f6r \u00f6verl\u00e4gset st\u00f6d under lugnande poser. Perfekt f\u00f6r b\u00e5de nyb\u00f6rjare och erfarna yogis!\" \/>\n<meta property=\"og:url\" content=\"https:\/\/samarali.com\/sv\/produkt\/yoga-nackkudde\/\" \/>\n<meta property=\"og:site_name\" content=\"Samarali\" \/>\n<meta property=\"article:publisher\" content=\"https:\/\/www.facebook.com\/samaraliyoga\" \/>\n<meta property=\"article:modified_time\" content=\"2025-10-04T08:02:31+00:00\" \/>\n<meta property=\"og:image\" content=\"https:\/\/samarali.com\/wp-content\/uploads\/2025\/10\/Yoga-neck-pillow-blue-6.jpg\" \/>\n\t<meta property=\"og:image:width\" content=\"1000\" \/>\n\t<meta property=\"og:image:height\" content=\"1000\" \/>\n\t<meta property=\"og:image:type\" content=\"image\/jpeg\" \/>\n<meta name=\"twitter:card\" content=\"summary_large_image\" \/>\n<meta name=\"twitter:label1\" content=\"Tillg\u00e4nglig\" \/>\n\t<meta name=\"twitter:data1\" content=\"I lager\" \/>\n<script type=\"application\/ld+json\" class=\"yoast-schema-graph\">{\"@context\":\"https:\\\/\\\/schema.org\",\"@graph\":[{\"@type\":\"WebPage\",\"@id\":\"https:\\\/\\\/samarali.com\\\/sv\\\/produkt\\\/yoga-nackkudde\\\/\",\"url\":\"https:\\\/\\\/samarali.com\\\/sv\\\/produkt\\\/yoga-nackkudde\\\/\",\"name\":\"Yoga nackkudde - Samarali\",\"isPartOf\":{\"@id\":\"https:\\\/\\\/samarali.com\\\/sv\\\/#website\"},\"primaryImageOfPage\":{\"@id\":\"https:\\\/\\\/samarali.com\\\/sv\\\/produkt\\\/yoga-nackkudde\\\/#primaryimage\"},\"image\":{\"@id\":\"https:\\\/\\\/samarali.com\\\/sv\\\/produkt\\\/yoga-nackkudde\\\/#primaryimage\"},\"thumbnailUrl\":\"https:\\\/\\\/samarali.com\\\/wp-content\\\/uploads\\\/2025\\\/10\\\/Yoga-neck-pillow-blue-6.jpg\",\"datePublished\":\"2024-10-15T09:14:56+00:00\",\"dateModified\":\"2025-10-04T08:02:31+00:00\",\"description\":\"F\u00f6rh\u00f6j din tr\u00e4ning med v\u00e5r Yoga Neck Pillow f\u00f6r \u00f6verl\u00e4gset st\u00f6d under lugnande poser. Perfekt f\u00f6r b\u00e5de nyb\u00f6rjare och erfarna yogis!\",\"breadcrumb\":{\"@id\":\"https:\\\/\\\/samarali.com\\\/sv\\\/produkt\\\/yoga-nackkudde\\\/#breadcrumb\"},\"inLanguage\":\"sv-SE\",\"potentialAction\":[{\"@type\":\"ReadAction\",\"target\":[\"https:\\\/\\\/samarali.com\\\/sv\\\/produkt\\\/yoga-nackkudde\\\/\"]}]},{\"@type\":\"ImageObject\",\"inLanguage\":\"sv-SE\",\"@id\":\"https:\\\/\\\/samarali.com\\\/sv\\\/produkt\\\/yoga-nackkudde\\\/#primaryimage\",\"url\":\"https:\\\/\\\/samarali.com\\\/wp-content\\\/uploads\\\/2025\\\/10\\\/Yoga-neck-pillow-blue-6.jpg\",\"contentUrl\":\"https:\\\/\\\/samarali.com\\\/wp-content\\\/uploads\\\/2025\\\/10\\\/Yoga-neck-pillow-blue-6.jpg\",\"width\":1000,\"height\":1000,\"caption\":\"Yoga nackkudde bl\u00e5 6\"},{\"@type\":\"BreadcrumbList\",\"@id\":\"https:\\\/\\\/samarali.com\\\/sv\\\/produkt\\\/yoga-nackkudde\\\/#breadcrumb\",\"itemListElement\":[{\"@type\":\"ListItem\",\"position\":1,\"name\":\"Hem\",\"item\":\"https:\\\/\\\/samarali.com\\\/sv\\\/hem\\\/\"},{\"@type\":\"ListItem\",\"position\":2,\"name\":\"Butik\",\"item\":\"https:\\\/\\\/samarali.com\\\/sv\\\/butik\\\/\"},{\"@type\":\"ListItem\",\"position\":3,\"name\":\"Yoga nackkudde\"}]},{\"@type\":\"WebSite\",\"@id\":\"https:\\\/\\\/samarali.com\\\/sv\\\/#website\",\"url\":\"https:\\\/\\\/samarali.com\\\/sv\\\/\",\"name\":\"Samarali\",\"description\":\"Samarali \u00e4r ett h\u00e5llbart yoga- och livsstilsvarum\u00e4rke baserat i Nederl\u00e4nderna\",\"publisher\":{\"@id\":\"https:\\\/\\\/samarali.com\\\/sv\\\/#organization\"},\"potentialAction\":[{\"@type\":\"SearchAction\",\"target\":{\"@type\":\"EntryPoint\",\"urlTemplate\":\"https:\\\/\\\/samarali.com\\\/sv\\\/?s={search_term_string}\"},\"query-input\":{\"@type\":\"PropertyValueSpecification\",\"valueRequired\":true,\"valueName\":\"search_term_string\"}}],\"inLanguage\":\"sv-SE\"},{\"@type\":\"Organization\",\"@id\":\"https:\\\/\\\/samarali.com\\\/sv\\\/#organization\",\"name\":\"Samarali\",\"url\":\"https:\\\/\\\/samarali.com\\\/sv\\\/\",\"logo\":{\"@type\":\"ImageObject\",\"inLanguage\":\"sv-SE\",\"@id\":\"https:\\\/\\\/samarali.com\\\/sv\\\/#\\\/schema\\\/logo\\\/image\\\/\",\"url\":\"https:\\\/\\\/samarali.com\\\/wp-content\\\/uploads\\\/2024\\\/05\\\/cropped-samarali-icon.png\",\"contentUrl\":\"https:\\\/\\\/samarali.com\\\/wp-content\\\/uploads\\\/2024\\\/05\\\/cropped-samarali-icon.png\",\"width\":512,\"height\":512,\"caption\":\"Samarali\"},\"image\":{\"@id\":\"https:\\\/\\\/samarali.com\\\/sv\\\/#\\\/schema\\\/logo\\\/image\\\/\"},\"sameAs\":[\"https:\\\/\\\/www.facebook.com\\\/samaraliyoga\",\"https:\\\/\\\/www.linkedin.com\\\/company\\\/69563155\\\/\",\"https:\\\/\\\/www.instagram.com\\\/samaraliyoga\\\/\",\"https:\\\/\\\/nl.pinterest.com\\\/Samaraliyoga\\\/\"],\"description\":\"Samarali is a sustainable yoga and lifestyle brand based in the Netherlands\",\"email\":\"info@samarali.com\",\"legalName\":\"Samarali B.V.\",\"vatID\":\"NL859820324B01\",\"numberOfEmployees\":{\"@type\":\"QuantitativeValue\",\"minValue\":\"1\",\"maxValue\":\"10\"}}]}<\/script>\n<meta property=\"og:availability\" content=\"instock\" \/>\n<meta property=\"product:availability\" content=\"instock\" \/>\n<meta property=\"product:condition\" content=\"new\" \/>\n<!-- \/ Yoast SEO Premium plugin. -->","yoast_head_json":{"title":"Yoga nackkudde - Samarali","description":"F\u00f6rh\u00f6j din tr\u00e4ning med v\u00e5r Yoga Neck Pillow f\u00f6r \u00f6verl\u00e4gset st\u00f6d under lugnande poser. Perfekt f\u00f6r b\u00e5de nyb\u00f6rjare och erfarna yogis!","robots":{"index":"index","follow":"follow","max-snippet":"max-snippet:-1","max-image-preview":"max-image-preview:large","max-video-preview":"max-video-preview:-1"},"canonical":"https:\/\/samarali.com\/sv\/produkt\/yoga-nackkudde\/","og_locale":"sv_SE","og_type":"article","og_title":"Yoga nackkudde - Samarali","og_description":"F\u00f6rh\u00f6j din tr\u00e4ning med v\u00e5r Yoga Neck Pillow f\u00f6r \u00f6verl\u00e4gset st\u00f6d under lugnande poser. Perfekt f\u00f6r b\u00e5de nyb\u00f6rjare och erfarna yogis!","og_url":"https:\/\/samarali.com\/sv\/produkt\/yoga-nackkudde\/","og_site_name":"Samarali","article_publisher":"https:\/\/www.facebook.com\/samaraliyoga","article_modified_time":"2025-10-04T08:02:31+00:00","og_image":[{"width":1000,"height":1000,"url":"https:\/\/samarali.com\/wp-content\/uploads\/2025\/10\/Yoga-neck-pillow-blue-6.jpg","type":"image\/jpeg"}],"twitter_card":"summary_large_image","twitter_misc":{"Tillg\u00e4nglig":"I lager"},"schema":{"@context":"https:\/\/schema.org","@graph":[{"@type":"WebPage","@id":"https:\/\/samarali.com\/sv\/produkt\/yoga-nackkudde\/","url":"https:\/\/samarali.com\/sv\/produkt\/yoga-nackkudde\/","name":"Yoga nackkudde - Samarali","isPartOf":{"@id":"https:\/\/samarali.com\/sv\/#website"},"primaryImageOfPage":{"@id":"https:\/\/samarali.com\/sv\/produkt\/yoga-nackkudde\/#primaryimage"},"image":{"@id":"https:\/\/samarali.com\/sv\/produkt\/yoga-nackkudde\/#primaryimage"},"thumbnailUrl":"https:\/\/samarali.com\/wp-content\/uploads\/2025\/10\/Yoga-neck-pillow-blue-6.jpg","datePublished":"2024-10-15T09:14:56+00:00","dateModified":"2025-10-04T08:02:31+00:00","description":"F\u00f6rh\u00f6j din tr\u00e4ning med v\u00e5r Yoga Neck Pillow f\u00f6r \u00f6verl\u00e4gset st\u00f6d under lugnande poser. Perfekt f\u00f6r b\u00e5de nyb\u00f6rjare och erfarna yogis!","breadcrumb":{"@id":"https:\/\/samarali.com\/sv\/produkt\/yoga-nackkudde\/#breadcrumb"},"inLanguage":"sv-SE","potentialAction":[{"@type":"ReadAction","target":["https:\/\/samarali.com\/sv\/produkt\/yoga-nackkudde\/"]}]},{"@type":"ImageObject","inLanguage":"sv-SE","@id":"https:\/\/samarali.com\/sv\/produkt\/yoga-nackkudde\/#primaryimage","url":"https:\/\/samarali.com\/wp-content\/uploads\/2025\/10\/Yoga-neck-pillow-blue-6.jpg","contentUrl":"https:\/\/samarali.com\/wp-content\/uploads\/2025\/10\/Yoga-neck-pillow-blue-6.jpg","width":1000,"height":1000,"caption":"Yoga nackkudde bl\u00e5 6"},{"@type":"BreadcrumbList","@id":"https:\/\/samarali.com\/sv\/produkt\/yoga-nackkudde\/#breadcrumb","itemListElement":[{"@type":"ListItem","position":1,"name":"Hem","item":"https:\/\/samarali.com\/sv\/hem\/"},{"@type":"ListItem","position":2,"name":"Butik","item":"https:\/\/samarali.com\/sv\/butik\/"},{"@type":"ListItem","position":3,"name":"Yoga nackkudde"}]},{"@type":"WebSite","@id":"https:\/\/samarali.com\/sv\/#website","url":"https:\/\/samarali.com\/sv\/","name":"Samarali","description":"Samarali \u00e4r ett h\u00e5llbart yoga- och livsstilsvarum\u00e4rke baserat i Nederl\u00e4nderna","publisher":{"@id":"https:\/\/samarali.com\/sv\/#organization"},"potentialAction":[{"@type":"SearchAction","target":{"@type":"EntryPoint","urlTemplate":"https:\/\/samarali.com\/sv\/?s={search_term_string}"},"query-input":{"@type":"PropertyValueSpecification","valueRequired":true,"valueName":"search_term_string"}}],"inLanguage":"sv-SE"},{"@type":"Organization","@id":"https:\/\/samarali.com\/sv\/#organization","name":"Samarali","url":"https:\/\/samarali.com\/sv\/","logo":{"@type":"ImageObject","inLanguage":"sv-SE","@id":"https:\/\/samarali.com\/sv\/#\/schema\/logo\/image\/","url":"https:\/\/samarali.com\/wp-content\/uploads\/2024\/05\/cropped-samarali-icon.png","contentUrl":"https:\/\/samarali.com\/wp-content\/uploads\/2024\/05\/cropped-samarali-icon.png","width":512,"height":512,"caption":"Samarali"},"image":{"@id":"https:\/\/samarali.com\/sv\/#\/schema\/logo\/image\/"},"sameAs":["https:\/\/www.facebook.com\/samaraliyoga","https:\/\/www.linkedin.com\/company\/69563155\/","https:\/\/www.instagram.com\/samaraliyoga\/","https:\/\/nl.pinterest.com\/Samaraliyoga\/"],"description":"Samarali is a sustainable yoga and lifestyle brand based in the Netherlands","email":"info@samarali.com","legalName":"Samarali B.V.","vatID":"NL859820324B01","numberOfEmployees":{"@type":"QuantitativeValue","minValue":"1","maxValue":"10"}}]},"og_availability":"instock","product_availability":"instock","product_condition":"new"},"jetpack_sharing_enabled":true,"_links":{"self":[{"href":"https:\/\/samarali.com\/sv\/wp-json\/wp\/v2\/product\/32468","targetHints":{"allow":["GET"]}}],"collection":[{"href":"https:\/\/samarali.com\/sv\/wp-json\/wp\/v2\/product"}],"about":[{"href":"https:\/\/samarali.com\/sv\/wp-json\/wp\/v2\/types\/product"}],"replies":[{"embeddable":true,"href":"https:\/\/samarali.com\/sv\/wp-json\/wp\/v2\/comments?post=32468"}],"version-history":[{"count":1,"href":"https:\/\/samarali.com\/sv\/wp-json\/wp\/v2\/product\/32468\/revisions"}],"predecessor-version":[{"id":33858,"href":"https:\/\/samarali.com\/sv\/wp-json\/wp\/v2\/product\/32468\/revisions\/33858"}],"wp:featuredmedia":[{"embeddable":true,"href":"https:\/\/samarali.com\/sv\/wp-json\/wp\/v2\/media\/33738"}],"wp:attachment":[{"href":"https:\/\/samarali.com\/sv\/wp-json\/wp\/v2\/media?parent=32468"}],"wp:term":[{"taxonomy":"product_cat","embeddable":true,"href":"https:\/\/samarali.com\/sv\/wp-json\/wp\/v2\/product_cat?post=32468"},{"taxonomy":"product_tag","embeddable":true,"href":"https:\/\/samarali.com\/sv\/wp-json\/wp\/v2\/product_tag?post=32468"}],"curies":[{"name":"wp","href":"https:\/\/api.w.org\/{rel}","templated":true}]}}