{"id":29146,"date":"2024-08-07T17:56:12","date_gmt":"2024-08-07T17:56:12","guid":{"rendered":"https:\/\/samarali.com\/product\/jumpsuit-laguna\/"},"modified":"2025-01-01T00:04:45","modified_gmt":"2024-12-31T23:04:45","slug":"jumpsuit-laguna","status":"publish","type":"product","link":"https:\/\/samarali.com\/sv\/produkt\/jumpsuit-laguna\/","title":{"rendered":"Jumpsuit Laguna"},"content":{"rendered":"<p>V\u00e5r jumpsuit Laguna \u00e4r designad f\u00f6r alla typer av yoga, fitness\u00f6vningar och vardagsbruk.<br \/>\nDen \u00e4r etiskt producerad i Ukraina och tillverkad av OEKO-Tex-certifierat material, vilket s\u00e4kerst\u00e4ller b\u00e5de kvalitet och h\u00e5llbarhet.<br \/>\nF\u00f6r att uppfylla v\u00e5ra h\u00f6ga standarder har dessa jumpsuits testats noggrant av v\u00e5rt team och yogagemenskapen.<br \/>\nDet mjuka, stretchiga tyget ger exceptionell komfort och anpassningsf\u00f6rm\u00e5ga, vilket g\u00f6r den idealisk f\u00f6r b\u00e5de l\u00e5ngsamma och aktiva tr\u00e4ningspass.<br \/>\nOavsett om du tr\u00e4nar Power Yoga eller \u00e4gnar dig \u00e5t andra kraftfulla aktiviteter sitter overallen p\u00e5 plats utan att du beh\u00f6ver justera den hela tiden.<br \/>\nDet andningsbara bomullsmaterialet r\u00f6r sig med dig och ger maximal komfort \u00e4ven under intensiva sessioner.       <strong>Modellstorlekar:<\/strong><\/p>\n<ul>\n<li>Storlek XL: L\u00e4ngd 173 cm, byst 102 cm, midja 82 cm, h\u00f6fter 112 cm<\/li>\n<li>Storlek XS: L\u00e4ngd 165 cm, byst 81 cm, midja 62 cm, h\u00f6fter 90 cm<\/li>\n<\/ul>\n<p><strong>Tv\u00e4ttinstruktioner:<\/strong><\/p>\n<ul>\n<li>Tv\u00e4tta med liknande f\u00e4rger i kallt vatten (upp till 30\u00b0C) p\u00e5 skonsamt program.<\/li>\n<li>Maskintv\u00e4tt i k\u00e4nslig milj\u00f6.<\/li>\n<\/ul>\n","protected":false},"excerpt":{"rendered":"<p>V\u00e5r jumpsuit Laguna \u00e4r designad f\u00f6r alla typer av yoga, fitness\u00f6vningar och vardagsbruk. Den \u00e4r etiskt producerad i Ukraina och tillverkad av OEKO-Tex-certifierat material, vilket s\u00e4kerst\u00e4ller b\u00e5de kvalitet och h\u00e5llbarhet. F\u00f6r att uppfylla v\u00e5ra h\u00f6ga standarder har dessa jumpsuits testats noggrant av v\u00e5rt team och yogagemenskapen. Det mjuka, stretchiga tyget ger exceptionell komfort och anpassningsf\u00f6rm\u00e5ga, [&hellip;]<\/p>\n","protected":false},"featured_media":22908,"comment_status":"open","ping_status":"closed","template":"","meta":{"_acf_changed":false,"_improvement_type_select":"improve_an_existing","_thumb_yes_seoaic":false,"_frame_yes_seoaic":false,"seoaic_generate_description":"","seoaic_improve_instructions_prompt":"","seoaic_rollback_content_improvement":"","seoaic_idea_thumbnail_generator":"","thumbnail_generated":false,"thumbnail_generate_prompt":"","seoaic_article_description":"","inline_featured_image":false},"product_cat":[225],"product_tag":[],"class_list":{"0":"post-29146","1":"product","2":"type-product","3":"status-publish","4":"has-post-thumbnail","6":"product_cat-klader","8":"first","9":"instock","10":"shipping-taxable","11":"purchasable","12":"product-type-variable"},"acf":[],"yoast_head":"<!-- This site is optimized with the Yoast SEO Premium plugin v27.3 (Yoast SEO v27.3) - https:\/\/yoast.com\/product\/yoast-seo-premium-wordpress\/ -->\n<title>Jumpsuit Laguna - Samarali<\/title>\n<meta name=\"robots\" content=\"index, follow, max-snippet:-1, max-image-preview:large, max-video-preview:-1\" \/>\n<link rel=\"canonical\" href=\"https:\/\/samarali.com\/sv\/produkt\/jumpsuit-laguna\/\" \/>\n<meta property=\"og:locale\" content=\"sv_SE\" \/>\n<meta property=\"og:type\" content=\"article\" \/>\n<meta property=\"og:title\" content=\"Jumpsuit Laguna - Samarali\" \/>\n<meta property=\"og:description\" content=\"V\u00e5r jumpsuit Laguna \u00e4r designad f\u00f6r alla typer av yoga, fitness\u00f6vningar och vardagsbruk. Den \u00e4r etiskt producerad i Ukraina och tillverkad av OEKO-Tex-certifierat material, vilket s\u00e4kerst\u00e4ller b\u00e5de kvalitet och h\u00e5llbarhet. F\u00f6r att uppfylla v\u00e5ra h\u00f6ga standarder har dessa jumpsuits testats noggrant av v\u00e5rt team och yogagemenskapen. Det mjuka, stretchiga tyget ger exceptionell komfort och anpassningsf\u00f6rm\u00e5ga, [&hellip;]\" \/>\n<meta property=\"og:url\" content=\"https:\/\/samarali.com\/sv\/produkt\/jumpsuit-laguna\/\" \/>\n<meta property=\"og:site_name\" content=\"Samarali\" \/>\n<meta property=\"article:publisher\" content=\"https:\/\/www.facebook.com\/samaraliyoga\" \/>\n<meta property=\"article:modified_time\" content=\"2024-12-31T23:04:45+00:00\" \/>\n<meta property=\"og:image\" content=\"https:\/\/samarali.com\/wp-content\/uploads\/2024\/08\/Jumpsuit-Laguna-Green-XS-M-1.jpg\" \/>\n\t<meta property=\"og:image:width\" content=\"830\" \/>\n\t<meta property=\"og:image:height\" content=\"830\" \/>\n\t<meta property=\"og:image:type\" content=\"image\/jpeg\" \/>\n<meta name=\"twitter:card\" content=\"summary_large_image\" \/>\n<meta name=\"twitter:label1\" content=\"Tillg\u00e4nglig\" \/>\n\t<meta name=\"twitter:data1\" content=\"I lager\" \/>\n<script type=\"application\/ld+json\" class=\"yoast-schema-graph\">{\"@context\":\"https:\\\/\\\/schema.org\",\"@graph\":[{\"@type\":\"WebPage\",\"@id\":\"https:\\\/\\\/samarali.com\\\/sv\\\/produkt\\\/jumpsuit-laguna\\\/\",\"url\":\"https:\\\/\\\/samarali.com\\\/sv\\\/produkt\\\/jumpsuit-laguna\\\/\",\"name\":\"Jumpsuit Laguna - Samarali\",\"isPartOf\":{\"@id\":\"https:\\\/\\\/samarali.com\\\/sv\\\/#website\"},\"primaryImageOfPage\":{\"@id\":\"https:\\\/\\\/samarali.com\\\/sv\\\/produkt\\\/jumpsuit-laguna\\\/#primaryimage\"},\"image\":{\"@id\":\"https:\\\/\\\/samarali.com\\\/sv\\\/produkt\\\/jumpsuit-laguna\\\/#primaryimage\"},\"thumbnailUrl\":\"https:\\\/\\\/samarali.com\\\/wp-content\\\/uploads\\\/2024\\\/08\\\/Jumpsuit-Laguna-Black-XS-M-1.jpg\",\"datePublished\":\"2024-08-07T17:56:12+00:00\",\"dateModified\":\"2024-12-31T23:04:45+00:00\",\"breadcrumb\":{\"@id\":\"https:\\\/\\\/samarali.com\\\/sv\\\/produkt\\\/jumpsuit-laguna\\\/#breadcrumb\"},\"inLanguage\":\"sv-SE\",\"potentialAction\":[{\"@type\":\"ReadAction\",\"target\":[\"https:\\\/\\\/samarali.com\\\/sv\\\/produkt\\\/jumpsuit-laguna\\\/\"]}]},{\"@type\":\"ImageObject\",\"inLanguage\":\"sv-SE\",\"@id\":\"https:\\\/\\\/samarali.com\\\/sv\\\/produkt\\\/jumpsuit-laguna\\\/#primaryimage\",\"url\":\"https:\\\/\\\/samarali.com\\\/wp-content\\\/uploads\\\/2024\\\/08\\\/Jumpsuit-Laguna-Black-XS-M-1.jpg\",\"contentUrl\":\"https:\\\/\\\/samarali.com\\\/wp-content\\\/uploads\\\/2024\\\/08\\\/Jumpsuit-Laguna-Black-XS-M-1.jpg\",\"width\":830,\"height\":830,\"caption\":\"Jumpsuit Laguna Black XS M 1\"},{\"@type\":\"BreadcrumbList\",\"@id\":\"https:\\\/\\\/samarali.com\\\/sv\\\/produkt\\\/jumpsuit-laguna\\\/#breadcrumb\",\"itemListElement\":[{\"@type\":\"ListItem\",\"position\":1,\"name\":\"Hem\",\"item\":\"https:\\\/\\\/samarali.com\\\/sv\\\/hem\\\/\"},{\"@type\":\"ListItem\",\"position\":2,\"name\":\"Butik\",\"item\":\"https:\\\/\\\/samarali.com\\\/sv\\\/butik\\\/\"},{\"@type\":\"ListItem\",\"position\":3,\"name\":\"Jumpsuit Laguna\"}]},{\"@type\":\"WebSite\",\"@id\":\"https:\\\/\\\/samarali.com\\\/sv\\\/#website\",\"url\":\"https:\\\/\\\/samarali.com\\\/sv\\\/\",\"name\":\"Samarali\",\"description\":\"Samarali \u00e4r ett h\u00e5llbart yoga- och livsstilsvarum\u00e4rke baserat i Nederl\u00e4nderna\",\"publisher\":{\"@id\":\"https:\\\/\\\/samarali.com\\\/sv\\\/#organization\"},\"potentialAction\":[{\"@type\":\"SearchAction\",\"target\":{\"@type\":\"EntryPoint\",\"urlTemplate\":\"https:\\\/\\\/samarali.com\\\/sv\\\/?s={search_term_string}\"},\"query-input\":{\"@type\":\"PropertyValueSpecification\",\"valueRequired\":true,\"valueName\":\"search_term_string\"}}],\"inLanguage\":\"sv-SE\"},{\"@type\":\"Organization\",\"@id\":\"https:\\\/\\\/samarali.com\\\/sv\\\/#organization\",\"name\":\"Samarali\",\"url\":\"https:\\\/\\\/samarali.com\\\/sv\\\/\",\"logo\":{\"@type\":\"ImageObject\",\"inLanguage\":\"sv-SE\",\"@id\":\"https:\\\/\\\/samarali.com\\\/sv\\\/#\\\/schema\\\/logo\\\/image\\\/\",\"url\":\"https:\\\/\\\/samarali.com\\\/wp-content\\\/uploads\\\/2024\\\/05\\\/cropped-samarali-icon.png\",\"contentUrl\":\"https:\\\/\\\/samarali.com\\\/wp-content\\\/uploads\\\/2024\\\/05\\\/cropped-samarali-icon.png\",\"width\":512,\"height\":512,\"caption\":\"Samarali\"},\"image\":{\"@id\":\"https:\\\/\\\/samarali.com\\\/sv\\\/#\\\/schema\\\/logo\\\/image\\\/\"},\"sameAs\":[\"https:\\\/\\\/www.facebook.com\\\/samaraliyoga\",\"https:\\\/\\\/www.linkedin.com\\\/company\\\/69563155\\\/\",\"https:\\\/\\\/www.instagram.com\\\/samaraliyoga\\\/\",\"https:\\\/\\\/nl.pinterest.com\\\/Samaraliyoga\\\/\"],\"description\":\"Samarali is a sustainable yoga and lifestyle brand based in the Netherlands\",\"email\":\"info@samarali.com\",\"legalName\":\"Samarali B.V.\",\"vatID\":\"NL859820324B01\",\"numberOfEmployees\":{\"@type\":\"QuantitativeValue\",\"minValue\":\"1\",\"maxValue\":\"10\"}}]}<\/script>\n<meta property=\"og:availability\" content=\"instock\" \/>\n<meta property=\"product:availability\" content=\"instock\" \/>\n<meta property=\"product:condition\" content=\"new\" \/>\n<!-- \/ Yoast SEO Premium plugin. -->","yoast_head_json":{"title":"Jumpsuit Laguna - Samarali","robots":{"index":"index","follow":"follow","max-snippet":"max-snippet:-1","max-image-preview":"max-image-preview:large","max-video-preview":"max-video-preview:-1"},"canonical":"https:\/\/samarali.com\/sv\/produkt\/jumpsuit-laguna\/","og_locale":"sv_SE","og_type":"article","og_title":"Jumpsuit Laguna - Samarali","og_description":"V\u00e5r jumpsuit Laguna \u00e4r designad f\u00f6r alla typer av yoga, fitness\u00f6vningar och vardagsbruk. Den \u00e4r etiskt producerad i Ukraina och tillverkad av OEKO-Tex-certifierat material, vilket s\u00e4kerst\u00e4ller b\u00e5de kvalitet och h\u00e5llbarhet. F\u00f6r att uppfylla v\u00e5ra h\u00f6ga standarder har dessa jumpsuits testats noggrant av v\u00e5rt team och yogagemenskapen. Det mjuka, stretchiga tyget ger exceptionell komfort och anpassningsf\u00f6rm\u00e5ga, [&hellip;]","og_url":"https:\/\/samarali.com\/sv\/produkt\/jumpsuit-laguna\/","og_site_name":"Samarali","article_publisher":"https:\/\/www.facebook.com\/samaraliyoga","article_modified_time":"2024-12-31T23:04:45+00:00","og_image":[{"width":830,"height":830,"url":"https:\/\/samarali.com\/wp-content\/uploads\/2024\/08\/Jumpsuit-Laguna-Green-XS-M-1.jpg","type":"image\/jpeg"}],"twitter_card":"summary_large_image","twitter_misc":{"Tillg\u00e4nglig":"I lager"},"schema":{"@context":"https:\/\/schema.org","@graph":[{"@type":"WebPage","@id":"https:\/\/samarali.com\/sv\/produkt\/jumpsuit-laguna\/","url":"https:\/\/samarali.com\/sv\/produkt\/jumpsuit-laguna\/","name":"Jumpsuit Laguna - Samarali","isPartOf":{"@id":"https:\/\/samarali.com\/sv\/#website"},"primaryImageOfPage":{"@id":"https:\/\/samarali.com\/sv\/produkt\/jumpsuit-laguna\/#primaryimage"},"image":{"@id":"https:\/\/samarali.com\/sv\/produkt\/jumpsuit-laguna\/#primaryimage"},"thumbnailUrl":"https:\/\/samarali.com\/wp-content\/uploads\/2024\/08\/Jumpsuit-Laguna-Black-XS-M-1.jpg","datePublished":"2024-08-07T17:56:12+00:00","dateModified":"2024-12-31T23:04:45+00:00","breadcrumb":{"@id":"https:\/\/samarali.com\/sv\/produkt\/jumpsuit-laguna\/#breadcrumb"},"inLanguage":"sv-SE","potentialAction":[{"@type":"ReadAction","target":["https:\/\/samarali.com\/sv\/produkt\/jumpsuit-laguna\/"]}]},{"@type":"ImageObject","inLanguage":"sv-SE","@id":"https:\/\/samarali.com\/sv\/produkt\/jumpsuit-laguna\/#primaryimage","url":"https:\/\/samarali.com\/wp-content\/uploads\/2024\/08\/Jumpsuit-Laguna-Black-XS-M-1.jpg","contentUrl":"https:\/\/samarali.com\/wp-content\/uploads\/2024\/08\/Jumpsuit-Laguna-Black-XS-M-1.jpg","width":830,"height":830,"caption":"Jumpsuit Laguna Black XS M 1"},{"@type":"BreadcrumbList","@id":"https:\/\/samarali.com\/sv\/produkt\/jumpsuit-laguna\/#breadcrumb","itemListElement":[{"@type":"ListItem","position":1,"name":"Hem","item":"https:\/\/samarali.com\/sv\/hem\/"},{"@type":"ListItem","position":2,"name":"Butik","item":"https:\/\/samarali.com\/sv\/butik\/"},{"@type":"ListItem","position":3,"name":"Jumpsuit Laguna"}]},{"@type":"WebSite","@id":"https:\/\/samarali.com\/sv\/#website","url":"https:\/\/samarali.com\/sv\/","name":"Samarali","description":"Samarali \u00e4r ett h\u00e5llbart yoga- och livsstilsvarum\u00e4rke baserat i Nederl\u00e4nderna","publisher":{"@id":"https:\/\/samarali.com\/sv\/#organization"},"potentialAction":[{"@type":"SearchAction","target":{"@type":"EntryPoint","urlTemplate":"https:\/\/samarali.com\/sv\/?s={search_term_string}"},"query-input":{"@type":"PropertyValueSpecification","valueRequired":true,"valueName":"search_term_string"}}],"inLanguage":"sv-SE"},{"@type":"Organization","@id":"https:\/\/samarali.com\/sv\/#organization","name":"Samarali","url":"https:\/\/samarali.com\/sv\/","logo":{"@type":"ImageObject","inLanguage":"sv-SE","@id":"https:\/\/samarali.com\/sv\/#\/schema\/logo\/image\/","url":"https:\/\/samarali.com\/wp-content\/uploads\/2024\/05\/cropped-samarali-icon.png","contentUrl":"https:\/\/samarali.com\/wp-content\/uploads\/2024\/05\/cropped-samarali-icon.png","width":512,"height":512,"caption":"Samarali"},"image":{"@id":"https:\/\/samarali.com\/sv\/#\/schema\/logo\/image\/"},"sameAs":["https:\/\/www.facebook.com\/samaraliyoga","https:\/\/www.linkedin.com\/company\/69563155\/","https:\/\/www.instagram.com\/samaraliyoga\/","https:\/\/nl.pinterest.com\/Samaraliyoga\/"],"description":"Samarali is a sustainable yoga and lifestyle brand based in the Netherlands","email":"info@samarali.com","legalName":"Samarali B.V.","vatID":"NL859820324B01","numberOfEmployees":{"@type":"QuantitativeValue","minValue":"1","maxValue":"10"}}]},"og_availability":"instock","product_availability":"instock","product_condition":"new"},"jetpack_sharing_enabled":true,"_links":{"self":[{"href":"https:\/\/samarali.com\/sv\/wp-json\/wp\/v2\/product\/29146","targetHints":{"allow":["GET"]}}],"collection":[{"href":"https:\/\/samarali.com\/sv\/wp-json\/wp\/v2\/product"}],"about":[{"href":"https:\/\/samarali.com\/sv\/wp-json\/wp\/v2\/types\/product"}],"replies":[{"embeddable":true,"href":"https:\/\/samarali.com\/sv\/wp-json\/wp\/v2\/comments?post=29146"}],"version-history":[{"count":0,"href":"https:\/\/samarali.com\/sv\/wp-json\/wp\/v2\/product\/29146\/revisions"}],"wp:featuredmedia":[{"embeddable":true,"href":"https:\/\/samarali.com\/sv\/wp-json\/wp\/v2\/media\/22908"}],"wp:attachment":[{"href":"https:\/\/samarali.com\/sv\/wp-json\/wp\/v2\/media?parent=29146"}],"wp:term":[{"taxonomy":"product_cat","embeddable":true,"href":"https:\/\/samarali.com\/sv\/wp-json\/wp\/v2\/product_cat?post=29146"},{"taxonomy":"product_tag","embeddable":true,"href":"https:\/\/samarali.com\/sv\/wp-json\/wp\/v2\/product_tag?post=29146"}],"curies":[{"name":"wp","href":"https:\/\/api.w.org\/{rel}","templated":true}]}}