{"id":29038,"date":"2024-08-07T15:09:31","date_gmt":"2024-08-07T15:09:31","guid":{"rendered":"https:\/\/samarali.com\/product\/jumpsuit-aphrodite\/"},"modified":"2025-01-01T00:04:44","modified_gmt":"2024-12-31T23:04:44","slug":"jumpsuit-aphrodite","status":"publish","type":"product","link":"https:\/\/samarali.com\/sv\/produkt\/jumpsuit-aphrodite\/","title":{"rendered":"Jumpsuit Aphrodite"},"content":{"rendered":"<p>V\u00e5r kollektion av jumpsuits \u00e4r utformad f\u00f6r att passa alla typer av yoga, fitnessaktiviteter och vardagskl\u00e4der. Dessa jumpsuits \u00e4r etiskt producerade i Ukraina och tillverkade av OEKO-Tex-certifierade material, vilket garanterar b\u00e5de kvalitet och h\u00e5llbarhet. F\u00f6r att uppfylla v\u00e5ra h\u00f6ga krav har de testats noggrant av v\u00e5rt team och av yogisamfundet. Uppt\u00e4ck den perfekta balansen mellan komfort, stil och h\u00e5llbarhet med v\u00e5r Jumpsuit Aphrodite.<\/p>\n<p>Storleken p\u00e5 modellerna p\u00e5 bilderna<\/p>\n<ul>\n<li>F\u00f6r storlek XL: l\u00e4ngd 170, 110 x 83 x 112 (byst x midja x h\u00f6fter)<\/li>\n<li>F\u00f6r storlek S: l\u00e4ngd 173, 93 x 65 x 94 (byst x midja x h\u00f6fter)<\/li>\n<\/ul>\n","protected":false},"excerpt":{"rendered":"<p>Uppt\u00e4ck den perfekta Jumpsuit Aphrodite f\u00f6r yoga och vardagsbruk. Tillverkad i Ukraina med OEKO-Tex-certifierade material f\u00f6r kvalitet och h\u00e5llbarhet.<\/p>\n","protected":false},"featured_media":22566,"comment_status":"open","ping_status":"closed","template":"","meta":{"_acf_changed":false,"_improvement_type_select":"improve_an_existing","_thumb_yes_seoaic":false,"_frame_yes_seoaic":false,"seoaic_generate_description":"","seoaic_improve_instructions_prompt":"","seoaic_rollback_content_improvement":"","seoaic_idea_thumbnail_generator":"","thumbnail_generated":false,"thumbnail_generate_prompt":"","seoaic_article_description":"","inline_featured_image":false},"product_cat":[225],"product_tag":[],"class_list":{"0":"post-29038","1":"product","2":"type-product","3":"status-publish","4":"has-post-thumbnail","6":"product_cat-klader","8":"first","9":"instock","10":"shipping-taxable","11":"purchasable","12":"product-type-variable"},"acf":[],"yoast_head":"<!-- This site is optimized with the Yoast SEO Premium plugin v27.3 (Yoast SEO v27.3) - https:\/\/yoast.com\/product\/yoast-seo-premium-wordpress\/ -->\n<title>Jumpsuit Aphrodite - Samarali<\/title>\n<meta name=\"description\" content=\"Uppt\u00e4ck den perfekta Jumpsuit Aphrodite f\u00f6r yoga och vardagsbruk. Tillverkad i Ukraina med OEKO-Tex-certifierade material f\u00f6r kvalitet och h\u00e5llbarhet.\" \/>\n<meta name=\"robots\" content=\"index, follow, max-snippet:-1, max-image-preview:large, max-video-preview:-1\" \/>\n<link rel=\"canonical\" href=\"https:\/\/samarali.com\/sv\/produkt\/jumpsuit-aphrodite\/\" \/>\n<meta property=\"og:locale\" content=\"sv_SE\" \/>\n<meta property=\"og:type\" content=\"article\" \/>\n<meta property=\"og:title\" content=\"Jumpsuit Aphrodite - Samarali\" \/>\n<meta property=\"og:description\" content=\"Uppt\u00e4ck den perfekta Jumpsuit Aphrodite f\u00f6r yoga och vardagsbruk. Tillverkad i Ukraina med OEKO-Tex-certifierade material f\u00f6r kvalitet och h\u00e5llbarhet.\" \/>\n<meta property=\"og:url\" content=\"https:\/\/samarali.com\/sv\/produkt\/jumpsuit-aphrodite\/\" \/>\n<meta property=\"og:site_name\" content=\"Samarali\" \/>\n<meta property=\"article:publisher\" content=\"https:\/\/www.facebook.com\/samaraliyoga\" \/>\n<meta property=\"article:modified_time\" content=\"2024-12-31T23:04:44+00:00\" \/>\n<meta property=\"og:image\" content=\"https:\/\/samarali.com\/wp-content\/uploads\/2024\/08\/Yogis-in-beautiful-outfit-600x600-1.jpg\" \/>\n\t<meta property=\"og:image:width\" content=\"600\" \/>\n\t<meta property=\"og:image:height\" content=\"600\" \/>\n\t<meta property=\"og:image:type\" content=\"image\/jpeg\" \/>\n<meta name=\"twitter:card\" content=\"summary_large_image\" \/>\n<meta name=\"twitter:label1\" content=\"Tillg\u00e4nglig\" \/>\n\t<meta name=\"twitter:data1\" content=\"I lager\" \/>\n<script type=\"application\/ld+json\" class=\"yoast-schema-graph\">{\"@context\":\"https:\\\/\\\/schema.org\",\"@graph\":[{\"@type\":\"WebPage\",\"@id\":\"https:\\\/\\\/samarali.com\\\/sv\\\/produkt\\\/jumpsuit-aphrodite\\\/\",\"url\":\"https:\\\/\\\/samarali.com\\\/sv\\\/produkt\\\/jumpsuit-aphrodite\\\/\",\"name\":\"Jumpsuit Aphrodite - Samarali\",\"isPartOf\":{\"@id\":\"https:\\\/\\\/samarali.com\\\/sv\\\/#website\"},\"primaryImageOfPage\":{\"@id\":\"https:\\\/\\\/samarali.com\\\/sv\\\/produkt\\\/jumpsuit-aphrodite\\\/#primaryimage\"},\"image\":{\"@id\":\"https:\\\/\\\/samarali.com\\\/sv\\\/produkt\\\/jumpsuit-aphrodite\\\/#primaryimage\"},\"thumbnailUrl\":\"https:\\\/\\\/samarali.com\\\/wp-content\\\/uploads\\\/2024\\\/08\\\/Yogis-in-beautiful-outfit-600x600-1.jpg\",\"datePublished\":\"2024-08-07T15:09:31+00:00\",\"dateModified\":\"2024-12-31T23:04:44+00:00\",\"description\":\"Uppt\u00e4ck den perfekta Jumpsuit Aphrodite f\u00f6r yoga och vardagsbruk. Tillverkad i Ukraina med OEKO-Tex-certifierade material f\u00f6r kvalitet och h\u00e5llbarhet.\",\"breadcrumb\":{\"@id\":\"https:\\\/\\\/samarali.com\\\/sv\\\/produkt\\\/jumpsuit-aphrodite\\\/#breadcrumb\"},\"inLanguage\":\"sv-SE\",\"potentialAction\":[{\"@type\":\"ReadAction\",\"target\":[\"https:\\\/\\\/samarali.com\\\/sv\\\/produkt\\\/jumpsuit-aphrodite\\\/\"]}]},{\"@type\":\"ImageObject\",\"inLanguage\":\"sv-SE\",\"@id\":\"https:\\\/\\\/samarali.com\\\/sv\\\/produkt\\\/jumpsuit-aphrodite\\\/#primaryimage\",\"url\":\"https:\\\/\\\/samarali.com\\\/wp-content\\\/uploads\\\/2024\\\/08\\\/Yogis-in-beautiful-outfit-600x600-1.jpg\",\"contentUrl\":\"https:\\\/\\\/samarali.com\\\/wp-content\\\/uploads\\\/2024\\\/08\\\/Yogis-in-beautiful-outfit-600x600-1.jpg\",\"width\":600,\"height\":600,\"caption\":\"Yogis i vacker kl\u00e4dsel 600x600 1\"},{\"@type\":\"BreadcrumbList\",\"@id\":\"https:\\\/\\\/samarali.com\\\/sv\\\/produkt\\\/jumpsuit-aphrodite\\\/#breadcrumb\",\"itemListElement\":[{\"@type\":\"ListItem\",\"position\":1,\"name\":\"Hem\",\"item\":\"https:\\\/\\\/samarali.com\\\/sv\\\/hem\\\/\"},{\"@type\":\"ListItem\",\"position\":2,\"name\":\"Butik\",\"item\":\"https:\\\/\\\/samarali.com\\\/sv\\\/butik\\\/\"},{\"@type\":\"ListItem\",\"position\":3,\"name\":\"Jumpsuit Aphrodite\"}]},{\"@type\":\"WebSite\",\"@id\":\"https:\\\/\\\/samarali.com\\\/sv\\\/#website\",\"url\":\"https:\\\/\\\/samarali.com\\\/sv\\\/\",\"name\":\"Samarali\",\"description\":\"Samarali \u00e4r ett h\u00e5llbart yoga- och livsstilsvarum\u00e4rke baserat i Nederl\u00e4nderna\",\"publisher\":{\"@id\":\"https:\\\/\\\/samarali.com\\\/sv\\\/#organization\"},\"potentialAction\":[{\"@type\":\"SearchAction\",\"target\":{\"@type\":\"EntryPoint\",\"urlTemplate\":\"https:\\\/\\\/samarali.com\\\/sv\\\/?s={search_term_string}\"},\"query-input\":{\"@type\":\"PropertyValueSpecification\",\"valueRequired\":true,\"valueName\":\"search_term_string\"}}],\"inLanguage\":\"sv-SE\"},{\"@type\":\"Organization\",\"@id\":\"https:\\\/\\\/samarali.com\\\/sv\\\/#organization\",\"name\":\"Samarali\",\"url\":\"https:\\\/\\\/samarali.com\\\/sv\\\/\",\"logo\":{\"@type\":\"ImageObject\",\"inLanguage\":\"sv-SE\",\"@id\":\"https:\\\/\\\/samarali.com\\\/sv\\\/#\\\/schema\\\/logo\\\/image\\\/\",\"url\":\"https:\\\/\\\/samarali.com\\\/wp-content\\\/uploads\\\/2024\\\/05\\\/cropped-samarali-icon.png\",\"contentUrl\":\"https:\\\/\\\/samarali.com\\\/wp-content\\\/uploads\\\/2024\\\/05\\\/cropped-samarali-icon.png\",\"width\":512,\"height\":512,\"caption\":\"Samarali\"},\"image\":{\"@id\":\"https:\\\/\\\/samarali.com\\\/sv\\\/#\\\/schema\\\/logo\\\/image\\\/\"},\"sameAs\":[\"https:\\\/\\\/www.facebook.com\\\/samaraliyoga\",\"https:\\\/\\\/www.linkedin.com\\\/company\\\/69563155\\\/\",\"https:\\\/\\\/www.instagram.com\\\/samaraliyoga\\\/\",\"https:\\\/\\\/nl.pinterest.com\\\/Samaraliyoga\\\/\"],\"description\":\"Samarali is a sustainable yoga and lifestyle brand based in the Netherlands\",\"email\":\"info@samarali.com\",\"legalName\":\"Samarali B.V.\",\"vatID\":\"NL859820324B01\",\"numberOfEmployees\":{\"@type\":\"QuantitativeValue\",\"minValue\":\"1\",\"maxValue\":\"10\"}}]}<\/script>\n<meta property=\"og:availability\" content=\"instock\" \/>\n<meta property=\"product:availability\" content=\"instock\" \/>\n<meta property=\"product:condition\" content=\"new\" \/>\n<!-- \/ Yoast SEO Premium plugin. -->","yoast_head_json":{"title":"Jumpsuit Aphrodite - Samarali","description":"Uppt\u00e4ck den perfekta Jumpsuit Aphrodite f\u00f6r yoga och vardagsbruk. Tillverkad i Ukraina med OEKO-Tex-certifierade material f\u00f6r kvalitet och h\u00e5llbarhet.","robots":{"index":"index","follow":"follow","max-snippet":"max-snippet:-1","max-image-preview":"max-image-preview:large","max-video-preview":"max-video-preview:-1"},"canonical":"https:\/\/samarali.com\/sv\/produkt\/jumpsuit-aphrodite\/","og_locale":"sv_SE","og_type":"article","og_title":"Jumpsuit Aphrodite - Samarali","og_description":"Uppt\u00e4ck den perfekta Jumpsuit Aphrodite f\u00f6r yoga och vardagsbruk. Tillverkad i Ukraina med OEKO-Tex-certifierade material f\u00f6r kvalitet och h\u00e5llbarhet.","og_url":"https:\/\/samarali.com\/sv\/produkt\/jumpsuit-aphrodite\/","og_site_name":"Samarali","article_publisher":"https:\/\/www.facebook.com\/samaraliyoga","article_modified_time":"2024-12-31T23:04:44+00:00","og_image":[{"width":600,"height":600,"url":"https:\/\/samarali.com\/wp-content\/uploads\/2024\/08\/Yogis-in-beautiful-outfit-600x600-1.jpg","type":"image\/jpeg"}],"twitter_card":"summary_large_image","twitter_misc":{"Tillg\u00e4nglig":"I lager"},"schema":{"@context":"https:\/\/schema.org","@graph":[{"@type":"WebPage","@id":"https:\/\/samarali.com\/sv\/produkt\/jumpsuit-aphrodite\/","url":"https:\/\/samarali.com\/sv\/produkt\/jumpsuit-aphrodite\/","name":"Jumpsuit Aphrodite - Samarali","isPartOf":{"@id":"https:\/\/samarali.com\/sv\/#website"},"primaryImageOfPage":{"@id":"https:\/\/samarali.com\/sv\/produkt\/jumpsuit-aphrodite\/#primaryimage"},"image":{"@id":"https:\/\/samarali.com\/sv\/produkt\/jumpsuit-aphrodite\/#primaryimage"},"thumbnailUrl":"https:\/\/samarali.com\/wp-content\/uploads\/2024\/08\/Yogis-in-beautiful-outfit-600x600-1.jpg","datePublished":"2024-08-07T15:09:31+00:00","dateModified":"2024-12-31T23:04:44+00:00","description":"Uppt\u00e4ck den perfekta Jumpsuit Aphrodite f\u00f6r yoga och vardagsbruk. Tillverkad i Ukraina med OEKO-Tex-certifierade material f\u00f6r kvalitet och h\u00e5llbarhet.","breadcrumb":{"@id":"https:\/\/samarali.com\/sv\/produkt\/jumpsuit-aphrodite\/#breadcrumb"},"inLanguage":"sv-SE","potentialAction":[{"@type":"ReadAction","target":["https:\/\/samarali.com\/sv\/produkt\/jumpsuit-aphrodite\/"]}]},{"@type":"ImageObject","inLanguage":"sv-SE","@id":"https:\/\/samarali.com\/sv\/produkt\/jumpsuit-aphrodite\/#primaryimage","url":"https:\/\/samarali.com\/wp-content\/uploads\/2024\/08\/Yogis-in-beautiful-outfit-600x600-1.jpg","contentUrl":"https:\/\/samarali.com\/wp-content\/uploads\/2024\/08\/Yogis-in-beautiful-outfit-600x600-1.jpg","width":600,"height":600,"caption":"Yogis i vacker kl\u00e4dsel 600x600 1"},{"@type":"BreadcrumbList","@id":"https:\/\/samarali.com\/sv\/produkt\/jumpsuit-aphrodite\/#breadcrumb","itemListElement":[{"@type":"ListItem","position":1,"name":"Hem","item":"https:\/\/samarali.com\/sv\/hem\/"},{"@type":"ListItem","position":2,"name":"Butik","item":"https:\/\/samarali.com\/sv\/butik\/"},{"@type":"ListItem","position":3,"name":"Jumpsuit Aphrodite"}]},{"@type":"WebSite","@id":"https:\/\/samarali.com\/sv\/#website","url":"https:\/\/samarali.com\/sv\/","name":"Samarali","description":"Samarali \u00e4r ett h\u00e5llbart yoga- och livsstilsvarum\u00e4rke baserat i Nederl\u00e4nderna","publisher":{"@id":"https:\/\/samarali.com\/sv\/#organization"},"potentialAction":[{"@type":"SearchAction","target":{"@type":"EntryPoint","urlTemplate":"https:\/\/samarali.com\/sv\/?s={search_term_string}"},"query-input":{"@type":"PropertyValueSpecification","valueRequired":true,"valueName":"search_term_string"}}],"inLanguage":"sv-SE"},{"@type":"Organization","@id":"https:\/\/samarali.com\/sv\/#organization","name":"Samarali","url":"https:\/\/samarali.com\/sv\/","logo":{"@type":"ImageObject","inLanguage":"sv-SE","@id":"https:\/\/samarali.com\/sv\/#\/schema\/logo\/image\/","url":"https:\/\/samarali.com\/wp-content\/uploads\/2024\/05\/cropped-samarali-icon.png","contentUrl":"https:\/\/samarali.com\/wp-content\/uploads\/2024\/05\/cropped-samarali-icon.png","width":512,"height":512,"caption":"Samarali"},"image":{"@id":"https:\/\/samarali.com\/sv\/#\/schema\/logo\/image\/"},"sameAs":["https:\/\/www.facebook.com\/samaraliyoga","https:\/\/www.linkedin.com\/company\/69563155\/","https:\/\/www.instagram.com\/samaraliyoga\/","https:\/\/nl.pinterest.com\/Samaraliyoga\/"],"description":"Samarali is a sustainable yoga and lifestyle brand based in the Netherlands","email":"info@samarali.com","legalName":"Samarali B.V.","vatID":"NL859820324B01","numberOfEmployees":{"@type":"QuantitativeValue","minValue":"1","maxValue":"10"}}]},"og_availability":"instock","product_availability":"instock","product_condition":"new"},"jetpack_sharing_enabled":true,"_links":{"self":[{"href":"https:\/\/samarali.com\/sv\/wp-json\/wp\/v2\/product\/29038","targetHints":{"allow":["GET"]}}],"collection":[{"href":"https:\/\/samarali.com\/sv\/wp-json\/wp\/v2\/product"}],"about":[{"href":"https:\/\/samarali.com\/sv\/wp-json\/wp\/v2\/types\/product"}],"replies":[{"embeddable":true,"href":"https:\/\/samarali.com\/sv\/wp-json\/wp\/v2\/comments?post=29038"}],"version-history":[{"count":1,"href":"https:\/\/samarali.com\/sv\/wp-json\/wp\/v2\/product\/29038\/revisions"}],"predecessor-version":[{"id":32693,"href":"https:\/\/samarali.com\/sv\/wp-json\/wp\/v2\/product\/29038\/revisions\/32693"}],"wp:featuredmedia":[{"embeddable":true,"href":"https:\/\/samarali.com\/sv\/wp-json\/wp\/v2\/media\/22566"}],"wp:attachment":[{"href":"https:\/\/samarali.com\/sv\/wp-json\/wp\/v2\/media?parent=29038"}],"wp:term":[{"taxonomy":"product_cat","embeddable":true,"href":"https:\/\/samarali.com\/sv\/wp-json\/wp\/v2\/product_cat?post=29038"},{"taxonomy":"product_tag","embeddable":true,"href":"https:\/\/samarali.com\/sv\/wp-json\/wp\/v2\/product_tag?post=29038"}],"curies":[{"name":"wp","href":"https:\/\/api.w.org\/{rel}","templated":true}]}}