{"id":28984,"date":"2024-08-07T13:36:47","date_gmt":"2024-08-07T11:36:47","guid":{"rendered":"https:\/\/samarali.com\/product\/presentkort\/"},"modified":"2024-08-07T13:36:47","modified_gmt":"2024-08-07T13:36:47","slug":"presentkort","status":"publish","type":"product","link":"https:\/\/samarali.com\/sv\/produkt\/presentkort\/","title":{"rendered":"Presentkort"},"content":{"rendered":"<p>Om du letar efter den perfekta presenten till n\u00e5gon som \u00e4lskar att tr\u00e4na \u00e4r v\u00e5ra presentkort den perfekta l\u00f6sningen!<br \/>\nV\u00e5ra presentkort finns i val\u00f6rerna 25, 50, 100 och 150 euro och \u00e4r en omt\u00e4nksam present till alla tr\u00e4ningsentusiaster.<br \/>\nI v\u00e5r str\u00e4van att minska avfallet tillhandah\u00e5ller vi elektroniska kuponger som skickas till dig omedelbart efter k\u00f6pet.  <\/p>\n","protected":false},"excerpt":{"rendered":"<h5>Hur fungerar v\u00e5ra presentkort:<\/h5>\n<ul>\n<li>Du l\u00e4gger en order, som du normalt skulle g\u00f6ra n\u00e4r du k\u00f6per en produkt<\/li>\n<li>Inom 2-3 timmar skickar vi det digitala presentkortet till dig via e-post med en unik kod som du kan anv\u00e4nda i kassan.<\/li>\n<li>Varje kod som skickas kan bara anv\u00e4ndas en g\u00e5ng, s\u00e5 du kan ge koden vidare som en present till dina n\u00e4ra och k\u00e4ra.<\/li>\n<\/ul>\n<div class=\"et_pb_module et_pb_wc_description et_pb_wc_description_2 et_pb_bg_layout_light et_pb_text_align_left\">\n<div class=\"et_pb_module_inner\">  Om du har n\u00e5gra fr\u00e5gor \u00e4r du v\u00e4lkommen att kontakta oss.  <\/div>\n<\/div>\n","protected":false},"featured_media":22036,"comment_status":"open","ping_status":"closed","template":"","meta":{"_acf_changed":false,"_improvement_type_select":"improve_an_existing","_thumb_yes_seoaic":false,"_frame_yes_seoaic":false,"seoaic_generate_description":"","seoaic_improve_instructions_prompt":"","seoaic_rollback_content_improvement":"","seoaic_idea_thumbnail_generator":"","thumbnail_generated":false,"thumbnail_generate_prompt":"","seoaic_article_description":"","inline_featured_image":false},"product_cat":[391,344],"product_tag":[],"class_list":{"0":"post-28984","1":"product","2":"type-product","3":"status-publish","4":"has-post-thumbnail","6":"product_cat-kuponger","7":"product_cat-tillbehor","9":"first","10":"instock","11":"shipping-taxable","12":"purchasable","13":"product-type-variable"},"acf":[],"yoast_head":"<!-- This site is optimized with the Yoast SEO Premium plugin v27.3 (Yoast SEO v27.3) - https:\/\/yoast.com\/product\/yoast-seo-premium-wordpress\/ -->\n<title>Presentkort - Samarali<\/title>\n<meta name=\"robots\" content=\"index, follow, max-snippet:-1, max-image-preview:large, max-video-preview:-1\" \/>\n<link rel=\"canonical\" href=\"https:\/\/samarali.com\/sv\/produkt\/presentkort\/\" \/>\n<meta property=\"og:locale\" content=\"sv_SE\" \/>\n<meta property=\"og:type\" content=\"article\" \/>\n<meta property=\"og:title\" content=\"Presentkort - Samarali\" \/>\n<meta property=\"og:description\" content=\"Hur fungerar v\u00e5ra presentkort:  Du l\u00e4gger en order, som du normalt skulle g\u00f6ra n\u00e4r du k\u00f6per en produkt  Inom 2-3 timmar skickar vi det digitala presentkortet till dig via e-post med en unik kod som du kan anv\u00e4nda i kassan.  Varje kod som skickas kan bara anv\u00e4ndas en g\u00e5ng, s\u00e5 du kan ge koden vidare som en present till dina n\u00e4ra och k\u00e4ra.   Om du har n\u00e5gra fr\u00e5gor \u00e4r du v\u00e4lkommen att kontakta oss.\" \/>\n<meta property=\"og:url\" content=\"https:\/\/samarali.com\/sv\/produkt\/presentkort\/\" \/>\n<meta property=\"og:site_name\" content=\"Samarali\" \/>\n<meta property=\"article:publisher\" content=\"https:\/\/www.facebook.com\/samaraliyoga\" \/>\n<meta property=\"article:modified_time\" content=\"2024-08-07T13:36:47+00:00\" \/>\n<meta property=\"og:image\" content=\"https:\/\/samarali.com\/wp-content\/uploads\/2024\/08\/Vaucher-100.jpg\" \/>\n\t<meta property=\"og:image:width\" content=\"830\" \/>\n\t<meta property=\"og:image:height\" content=\"830\" \/>\n\t<meta property=\"og:image:type\" content=\"image\/jpeg\" \/>\n<meta name=\"twitter:card\" content=\"summary_large_image\" \/>\n<meta name=\"twitter:label1\" content=\"Tillg\u00e4nglig\" \/>\n\t<meta name=\"twitter:data1\" content=\"I lager\" \/>\n<script type=\"application\/ld+json\" class=\"yoast-schema-graph\">{\"@context\":\"https:\\\/\\\/schema.org\",\"@graph\":[{\"@type\":\"WebPage\",\"@id\":\"https:\\\/\\\/samarali.com\\\/sv\\\/produkt\\\/presentkort\\\/\",\"url\":\"https:\\\/\\\/samarali.com\\\/sv\\\/produkt\\\/presentkort\\\/\",\"name\":\"Presentkort - Samarali\",\"isPartOf\":{\"@id\":\"https:\\\/\\\/samarali.com\\\/sv\\\/#website\"},\"primaryImageOfPage\":{\"@id\":\"https:\\\/\\\/samarali.com\\\/sv\\\/produkt\\\/presentkort\\\/#primaryimage\"},\"image\":{\"@id\":\"https:\\\/\\\/samarali.com\\\/sv\\\/produkt\\\/presentkort\\\/#primaryimage\"},\"thumbnailUrl\":\"https:\\\/\\\/samarali.com\\\/wp-content\\\/uploads\\\/2024\\\/08\\\/Vaucher-100.jpg\",\"datePublished\":\"2024-08-07T11:36:47+00:00\",\"dateModified\":\"2024-08-07T13:36:47+00:00\",\"breadcrumb\":{\"@id\":\"https:\\\/\\\/samarali.com\\\/sv\\\/produkt\\\/presentkort\\\/#breadcrumb\"},\"inLanguage\":\"sv-SE\",\"potentialAction\":[{\"@type\":\"ReadAction\",\"target\":[\"https:\\\/\\\/samarali.com\\\/sv\\\/produkt\\\/presentkort\\\/\"]}]},{\"@type\":\"ImageObject\",\"inLanguage\":\"sv-SE\",\"@id\":\"https:\\\/\\\/samarali.com\\\/sv\\\/produkt\\\/presentkort\\\/#primaryimage\",\"url\":\"https:\\\/\\\/samarali.com\\\/wp-content\\\/uploads\\\/2024\\\/08\\\/Vaucher-100.jpg\",\"contentUrl\":\"https:\\\/\\\/samarali.com\\\/wp-content\\\/uploads\\\/2024\\\/08\\\/Vaucher-100.jpg\",\"width\":830,\"height\":830,\"caption\":\"Vaucher 100\"},{\"@type\":\"BreadcrumbList\",\"@id\":\"https:\\\/\\\/samarali.com\\\/sv\\\/produkt\\\/presentkort\\\/#breadcrumb\",\"itemListElement\":[{\"@type\":\"ListItem\",\"position\":1,\"name\":\"Hem\",\"item\":\"https:\\\/\\\/samarali.com\\\/sv\\\/hem\\\/\"},{\"@type\":\"ListItem\",\"position\":2,\"name\":\"Butik\",\"item\":\"https:\\\/\\\/samarali.com\\\/sv\\\/butik\\\/\"},{\"@type\":\"ListItem\",\"position\":3,\"name\":\"Presentkort\"}]},{\"@type\":\"WebSite\",\"@id\":\"https:\\\/\\\/samarali.com\\\/sv\\\/#website\",\"url\":\"https:\\\/\\\/samarali.com\\\/sv\\\/\",\"name\":\"Samarali\",\"description\":\"Samarali \u00e4r ett h\u00e5llbart yoga- och livsstilsvarum\u00e4rke baserat i Nederl\u00e4nderna\",\"publisher\":{\"@id\":\"https:\\\/\\\/samarali.com\\\/sv\\\/#organization\"},\"potentialAction\":[{\"@type\":\"SearchAction\",\"target\":{\"@type\":\"EntryPoint\",\"urlTemplate\":\"https:\\\/\\\/samarali.com\\\/sv\\\/?s={search_term_string}\"},\"query-input\":{\"@type\":\"PropertyValueSpecification\",\"valueRequired\":true,\"valueName\":\"search_term_string\"}}],\"inLanguage\":\"sv-SE\"},{\"@type\":\"Organization\",\"@id\":\"https:\\\/\\\/samarali.com\\\/sv\\\/#organization\",\"name\":\"Samarali\",\"url\":\"https:\\\/\\\/samarali.com\\\/sv\\\/\",\"logo\":{\"@type\":\"ImageObject\",\"inLanguage\":\"sv-SE\",\"@id\":\"https:\\\/\\\/samarali.com\\\/sv\\\/#\\\/schema\\\/logo\\\/image\\\/\",\"url\":\"https:\\\/\\\/samarali.com\\\/wp-content\\\/uploads\\\/2024\\\/05\\\/cropped-samarali-icon.png\",\"contentUrl\":\"https:\\\/\\\/samarali.com\\\/wp-content\\\/uploads\\\/2024\\\/05\\\/cropped-samarali-icon.png\",\"width\":512,\"height\":512,\"caption\":\"Samarali\"},\"image\":{\"@id\":\"https:\\\/\\\/samarali.com\\\/sv\\\/#\\\/schema\\\/logo\\\/image\\\/\"},\"sameAs\":[\"https:\\\/\\\/www.facebook.com\\\/samaraliyoga\",\"https:\\\/\\\/www.linkedin.com\\\/company\\\/69563155\\\/\",\"https:\\\/\\\/www.instagram.com\\\/samaraliyoga\\\/\",\"https:\\\/\\\/nl.pinterest.com\\\/Samaraliyoga\\\/\"],\"description\":\"Samarali is a sustainable yoga and lifestyle brand based in the Netherlands\",\"email\":\"info@samarali.com\",\"legalName\":\"Samarali B.V.\",\"vatID\":\"NL859820324B01\",\"numberOfEmployees\":{\"@type\":\"QuantitativeValue\",\"minValue\":\"1\",\"maxValue\":\"10\"}}]}<\/script>\n<meta property=\"og:availability\" content=\"instock\" \/>\n<meta property=\"product:availability\" content=\"instock\" \/>\n<meta property=\"product:retailer_item_id\" content=\"11127\" \/>\n<meta property=\"product:condition\" content=\"new\" \/>\n<!-- \/ Yoast SEO Premium plugin. -->","yoast_head_json":{"title":"Presentkort - Samarali","robots":{"index":"index","follow":"follow","max-snippet":"max-snippet:-1","max-image-preview":"max-image-preview:large","max-video-preview":"max-video-preview:-1"},"canonical":"https:\/\/samarali.com\/sv\/produkt\/presentkort\/","og_locale":"sv_SE","og_type":"article","og_title":"Presentkort - Samarali","og_description":"Hur fungerar v\u00e5ra presentkort:  Du l\u00e4gger en order, som du normalt skulle g\u00f6ra n\u00e4r du k\u00f6per en produkt  Inom 2-3 timmar skickar vi det digitala presentkortet till dig via e-post med en unik kod som du kan anv\u00e4nda i kassan.  Varje kod som skickas kan bara anv\u00e4ndas en g\u00e5ng, s\u00e5 du kan ge koden vidare som en present till dina n\u00e4ra och k\u00e4ra.   Om du har n\u00e5gra fr\u00e5gor \u00e4r du v\u00e4lkommen att kontakta oss.","og_url":"https:\/\/samarali.com\/sv\/produkt\/presentkort\/","og_site_name":"Samarali","article_publisher":"https:\/\/www.facebook.com\/samaraliyoga","article_modified_time":"2024-08-07T13:36:47+00:00","og_image":[{"width":830,"height":830,"url":"https:\/\/samarali.com\/wp-content\/uploads\/2024\/08\/Vaucher-100.jpg","type":"image\/jpeg"}],"twitter_card":"summary_large_image","twitter_misc":{"Tillg\u00e4nglig":"I lager"},"schema":{"@context":"https:\/\/schema.org","@graph":[{"@type":"WebPage","@id":"https:\/\/samarali.com\/sv\/produkt\/presentkort\/","url":"https:\/\/samarali.com\/sv\/produkt\/presentkort\/","name":"Presentkort - Samarali","isPartOf":{"@id":"https:\/\/samarali.com\/sv\/#website"},"primaryImageOfPage":{"@id":"https:\/\/samarali.com\/sv\/produkt\/presentkort\/#primaryimage"},"image":{"@id":"https:\/\/samarali.com\/sv\/produkt\/presentkort\/#primaryimage"},"thumbnailUrl":"https:\/\/samarali.com\/wp-content\/uploads\/2024\/08\/Vaucher-100.jpg","datePublished":"2024-08-07T11:36:47+00:00","dateModified":"2024-08-07T13:36:47+00:00","breadcrumb":{"@id":"https:\/\/samarali.com\/sv\/produkt\/presentkort\/#breadcrumb"},"inLanguage":"sv-SE","potentialAction":[{"@type":"ReadAction","target":["https:\/\/samarali.com\/sv\/produkt\/presentkort\/"]}]},{"@type":"ImageObject","inLanguage":"sv-SE","@id":"https:\/\/samarali.com\/sv\/produkt\/presentkort\/#primaryimage","url":"https:\/\/samarali.com\/wp-content\/uploads\/2024\/08\/Vaucher-100.jpg","contentUrl":"https:\/\/samarali.com\/wp-content\/uploads\/2024\/08\/Vaucher-100.jpg","width":830,"height":830,"caption":"Vaucher 100"},{"@type":"BreadcrumbList","@id":"https:\/\/samarali.com\/sv\/produkt\/presentkort\/#breadcrumb","itemListElement":[{"@type":"ListItem","position":1,"name":"Hem","item":"https:\/\/samarali.com\/sv\/hem\/"},{"@type":"ListItem","position":2,"name":"Butik","item":"https:\/\/samarali.com\/sv\/butik\/"},{"@type":"ListItem","position":3,"name":"Presentkort"}]},{"@type":"WebSite","@id":"https:\/\/samarali.com\/sv\/#website","url":"https:\/\/samarali.com\/sv\/","name":"Samarali","description":"Samarali \u00e4r ett h\u00e5llbart yoga- och livsstilsvarum\u00e4rke baserat i Nederl\u00e4nderna","publisher":{"@id":"https:\/\/samarali.com\/sv\/#organization"},"potentialAction":[{"@type":"SearchAction","target":{"@type":"EntryPoint","urlTemplate":"https:\/\/samarali.com\/sv\/?s={search_term_string}"},"query-input":{"@type":"PropertyValueSpecification","valueRequired":true,"valueName":"search_term_string"}}],"inLanguage":"sv-SE"},{"@type":"Organization","@id":"https:\/\/samarali.com\/sv\/#organization","name":"Samarali","url":"https:\/\/samarali.com\/sv\/","logo":{"@type":"ImageObject","inLanguage":"sv-SE","@id":"https:\/\/samarali.com\/sv\/#\/schema\/logo\/image\/","url":"https:\/\/samarali.com\/wp-content\/uploads\/2024\/05\/cropped-samarali-icon.png","contentUrl":"https:\/\/samarali.com\/wp-content\/uploads\/2024\/05\/cropped-samarali-icon.png","width":512,"height":512,"caption":"Samarali"},"image":{"@id":"https:\/\/samarali.com\/sv\/#\/schema\/logo\/image\/"},"sameAs":["https:\/\/www.facebook.com\/samaraliyoga","https:\/\/www.linkedin.com\/company\/69563155\/","https:\/\/www.instagram.com\/samaraliyoga\/","https:\/\/nl.pinterest.com\/Samaraliyoga\/"],"description":"Samarali is a sustainable yoga and lifestyle brand based in the Netherlands","email":"info@samarali.com","legalName":"Samarali B.V.","vatID":"NL859820324B01","numberOfEmployees":{"@type":"QuantitativeValue","minValue":"1","maxValue":"10"}}]},"og_availability":"instock","product_availability":"instock","product_retailer_item_id":"11127","product_condition":"new"},"jetpack_sharing_enabled":true,"_links":{"self":[{"href":"https:\/\/samarali.com\/sv\/wp-json\/wp\/v2\/product\/28984","targetHints":{"allow":["GET"]}}],"collection":[{"href":"https:\/\/samarali.com\/sv\/wp-json\/wp\/v2\/product"}],"about":[{"href":"https:\/\/samarali.com\/sv\/wp-json\/wp\/v2\/types\/product"}],"replies":[{"embeddable":true,"href":"https:\/\/samarali.com\/sv\/wp-json\/wp\/v2\/comments?post=28984"}],"version-history":[{"count":0,"href":"https:\/\/samarali.com\/sv\/wp-json\/wp\/v2\/product\/28984\/revisions"}],"wp:featuredmedia":[{"embeddable":true,"href":"https:\/\/samarali.com\/sv\/wp-json\/wp\/v2\/media\/22036"}],"wp:attachment":[{"href":"https:\/\/samarali.com\/sv\/wp-json\/wp\/v2\/media?parent=28984"}],"wp:term":[{"taxonomy":"product_cat","embeddable":true,"href":"https:\/\/samarali.com\/sv\/wp-json\/wp\/v2\/product_cat?post=28984"},{"taxonomy":"product_tag","embeddable":true,"href":"https:\/\/samarali.com\/sv\/wp-json\/wp\/v2\/product_tag?post=28984"}],"curies":[{"name":"wp","href":"https:\/\/api.w.org\/{rel}","templated":true}]}}