{"id":28908,"date":"2024-08-02T07:47:04","date_gmt":"2024-08-02T07:47:04","guid":{"rendered":"https:\/\/samarali.com\/product\/halvmaneformad-meditationskudde\/"},"modified":"2025-12-06T11:23:38","modified_gmt":"2025-12-06T10:23:38","slug":"halvmaneformad-meditationskudde","status":"publish","type":"product","link":"https:\/\/samarali.com\/sv\/produkt\/halvmaneformad-meditationskudde\/","title":{"rendered":"Halvm\u00e5neformad meditationskudde"},"content":{"rendered":"<p>Samaralis halvm\u00e5neformade meditationskudde \u00e4r utformad f\u00f6r att f\u00f6rb\u00e4ttra din meditationspraktik genom att ge optimal support och linjering f\u00f6r ryggraden. Lik i h\u00f6jd med en Zafu-kudde g\u00f6r dess unika b\u00f6jda och snedst\u00e4llda form, med extra vingst\u00f6d f\u00f6r l\u00e5ren, den perfekt f\u00f6r lotus- eller halvlotuspositionen. Som en kil lutar den ditt b\u00e4cken mjukt fram\u00e5t och hj\u00e4lper rygg- och h\u00f6ftmusklerna att slappna av utan anstr\u00e4ngning. Den konkava kanten ger ocks\u00e5 utrymme f\u00f6r f\u00f6tterna om du f\u00f6redrar att ha dem n\u00e4ra b\u00e4ckenet. Kudden \u00e4r dessutom s\u00e5 m\u00e5ngsidig att den kan anv\u00e4ndas p\u00e5 en stol med lutande ryggst\u00f6d och erbjuder mjukt men stabilt st\u00f6d f\u00f6r att hj\u00e4lpa dig sitta uppr\u00e4tt.<\/p>\n<p>Tillverkad av 100 % ekologisk bomull garanterar kudden b\u00e5de kvalitet och h\u00e5llbarhet. Kuddens h\u00f6jd \u00e4r 14 cm men kan enkelt justeras genom att l\u00e4gga till eller ta bort boveteskal f\u00f6r att passa din komfort och s\u00e4kerst\u00e4lla en god sittposition under meditationen.<\/p>\n<p>Kudden \u00e4r utformad med b\u00e4rbarhet i \u00e5tanke och har ett praktiskt handtag framtill s\u00e5 att du l\u00e4tt kan ta den med dig. F\u00f6r att sk\u00f6ta kudden tar du helt enkelt av ytter\u00f6verdraget och tv\u00e4ttar det i kallt vatten tillsammans med liknande f\u00e4rger.<\/p>\n","protected":false},"excerpt":{"rendered":"<p>F\u00f6rb\u00e4ttra din meditation med Samarali halvm\u00e5neformad kudde, utformad f\u00f6r optimalt st\u00f6d och anpassning av ryggraden. Tillverkad av 100 % ekologisk bomull \u2013 den justerbara bovetefyllningen ger b\u00e5de komfort och stabilitet.<\/p>\n","protected":false},"featured_media":19573,"comment_status":"open","ping_status":"closed","template":"","meta":{"_acf_changed":false,"_improvement_type_select":"improve_an_existing","_thumb_yes_seoaic":false,"_frame_yes_seoaic":false,"seoaic_generate_description":"","seoaic_improve_instructions_prompt":"","seoaic_rollback_content_improvement":"","seoaic_idea_thumbnail_generator":"","thumbnail_generated":false,"thumbnail_generate_prompt":"","seoaic_article_description":"","inline_featured_image":false},"product_cat":[258,257],"product_tag":[],"class_list":{"0":"post-28908","1":"product","2":"type-product","3":"status-publish","4":"has-post-thumbnail","6":"product_cat-kuddar-for-meditation","7":"product_cat-meditation-sv","9":"first","10":"instock","11":"shipping-taxable","12":"purchasable","13":"product-type-variable"},"acf":[],"yoast_head":"<!-- This site is optimized with the Yoast SEO Premium plugin v27.3 (Yoast SEO v27.3) - https:\/\/yoast.com\/product\/yoast-seo-premium-wordpress\/ -->\n<title>Halvm\u00e5neformad meditationskudde - Samarali<\/title>\n<meta name=\"description\" content=\"Halvm\u00e5neformad meditationskudde, utformad f\u00f6r optimalt st\u00f6d och anpassning. Den justerbara bovetefyllningen \u00e4r tillverkad av 100% ekologisk bomull och ger h\u00f6g komfort.\" \/>\n<meta name=\"robots\" content=\"index, follow, max-snippet:-1, max-image-preview:large, max-video-preview:-1\" \/>\n<link rel=\"canonical\" href=\"https:\/\/samarali.com\/sv\/produkt\/halvmaneformad-meditationskudde\/\" \/>\n<meta property=\"og:locale\" content=\"sv_SE\" \/>\n<meta property=\"og:type\" content=\"article\" \/>\n<meta property=\"og:title\" content=\"Halvm\u00e5neformad meditationskudde - Samarali\" \/>\n<meta property=\"og:description\" content=\"Halvm\u00e5neformad meditationskudde, utformad f\u00f6r optimalt st\u00f6d och anpassning. Den justerbara bovetefyllningen \u00e4r tillverkad av 100% ekologisk bomull och ger h\u00f6g komfort.\" \/>\n<meta property=\"og:url\" content=\"https:\/\/samarali.com\/sv\/produkt\/halvmaneformad-meditationskudde\/\" \/>\n<meta property=\"og:site_name\" content=\"Samarali\" \/>\n<meta property=\"article:publisher\" content=\"https:\/\/www.facebook.com\/samaraliyoga\" \/>\n<meta property=\"article:modified_time\" content=\"2025-12-06T10:23:38+00:00\" \/>\n<meta property=\"og:image\" content=\"https:\/\/samarali.com\/wp-content\/uploads\/2024\/08\/cushion-crescent_blue4.jpg\" \/>\n\t<meta property=\"og:image:width\" content=\"1000\" \/>\n\t<meta property=\"og:image:height\" content=\"1000\" \/>\n\t<meta property=\"og:image:type\" content=\"image\/jpeg\" \/>\n<meta name=\"twitter:card\" content=\"summary_large_image\" \/>\n<meta name=\"twitter:label1\" content=\"Tillg\u00e4nglig\" \/>\n\t<meta name=\"twitter:data1\" content=\"I lager\" \/>\n<script type=\"application\/ld+json\" class=\"yoast-schema-graph\">{\"@context\":\"https:\\\/\\\/schema.org\",\"@graph\":[{\"@type\":\"WebPage\",\"@id\":\"https:\\\/\\\/samarali.com\\\/sv\\\/produkt\\\/halvmaneformad-meditationskudde\\\/\",\"url\":\"https:\\\/\\\/samarali.com\\\/sv\\\/produkt\\\/halvmaneformad-meditationskudde\\\/\",\"name\":\"Halvm\u00e5neformad meditationskudde - Samarali\",\"isPartOf\":{\"@id\":\"https:\\\/\\\/samarali.com\\\/sv\\\/#website\"},\"primaryImageOfPage\":{\"@id\":\"https:\\\/\\\/samarali.com\\\/sv\\\/produkt\\\/halvmaneformad-meditationskudde\\\/#primaryimage\"},\"image\":{\"@id\":\"https:\\\/\\\/samarali.com\\\/sv\\\/produkt\\\/halvmaneformad-meditationskudde\\\/#primaryimage\"},\"thumbnailUrl\":\"https:\\\/\\\/samarali.com\\\/wp-content\\\/uploads\\\/2024\\\/08\\\/cushion-crescent_blue4.jpg\",\"datePublished\":\"2024-08-02T07:47:04+00:00\",\"dateModified\":\"2025-12-06T10:23:38+00:00\",\"description\":\"Halvm\u00e5neformad meditationskudde, utformad f\u00f6r optimalt st\u00f6d och anpassning. Den justerbara bovetefyllningen \u00e4r tillverkad av 100% ekologisk bomull och ger h\u00f6g komfort.\",\"breadcrumb\":{\"@id\":\"https:\\\/\\\/samarali.com\\\/sv\\\/produkt\\\/halvmaneformad-meditationskudde\\\/#breadcrumb\"},\"inLanguage\":\"sv-SE\",\"potentialAction\":[{\"@type\":\"ReadAction\",\"target\":[\"https:\\\/\\\/samarali.com\\\/sv\\\/produkt\\\/halvmaneformad-meditationskudde\\\/\"]}]},{\"@type\":\"ImageObject\",\"inLanguage\":\"sv-SE\",\"@id\":\"https:\\\/\\\/samarali.com\\\/sv\\\/produkt\\\/halvmaneformad-meditationskudde\\\/#primaryimage\",\"url\":\"https:\\\/\\\/samarali.com\\\/wp-content\\\/uploads\\\/2024\\\/08\\\/cushion-crescent_blue4.jpg\",\"contentUrl\":\"https:\\\/\\\/samarali.com\\\/wp-content\\\/uploads\\\/2024\\\/08\\\/cushion-crescent_blue4.jpg\",\"width\":1000,\"height\":1000,\"caption\":\"dyna halvm\u00e5ne bl\u00e54\"},{\"@type\":\"BreadcrumbList\",\"@id\":\"https:\\\/\\\/samarali.com\\\/sv\\\/produkt\\\/halvmaneformad-meditationskudde\\\/#breadcrumb\",\"itemListElement\":[{\"@type\":\"ListItem\",\"position\":1,\"name\":\"Hem\",\"item\":\"https:\\\/\\\/samarali.com\\\/sv\\\/hem\\\/\"},{\"@type\":\"ListItem\",\"position\":2,\"name\":\"Butik\",\"item\":\"https:\\\/\\\/samarali.com\\\/sv\\\/butik\\\/\"},{\"@type\":\"ListItem\",\"position\":3,\"name\":\"Halvm\u00e5neformad meditationskudde\"}]},{\"@type\":\"WebSite\",\"@id\":\"https:\\\/\\\/samarali.com\\\/sv\\\/#website\",\"url\":\"https:\\\/\\\/samarali.com\\\/sv\\\/\",\"name\":\"Samarali\",\"description\":\"Samarali \u00e4r ett h\u00e5llbart yoga- och livsstilsvarum\u00e4rke baserat i Nederl\u00e4nderna\",\"publisher\":{\"@id\":\"https:\\\/\\\/samarali.com\\\/sv\\\/#organization\"},\"potentialAction\":[{\"@type\":\"SearchAction\",\"target\":{\"@type\":\"EntryPoint\",\"urlTemplate\":\"https:\\\/\\\/samarali.com\\\/sv\\\/?s={search_term_string}\"},\"query-input\":{\"@type\":\"PropertyValueSpecification\",\"valueRequired\":true,\"valueName\":\"search_term_string\"}}],\"inLanguage\":\"sv-SE\"},{\"@type\":\"Organization\",\"@id\":\"https:\\\/\\\/samarali.com\\\/sv\\\/#organization\",\"name\":\"Samarali\",\"url\":\"https:\\\/\\\/samarali.com\\\/sv\\\/\",\"logo\":{\"@type\":\"ImageObject\",\"inLanguage\":\"sv-SE\",\"@id\":\"https:\\\/\\\/samarali.com\\\/sv\\\/#\\\/schema\\\/logo\\\/image\\\/\",\"url\":\"https:\\\/\\\/samarali.com\\\/wp-content\\\/uploads\\\/2024\\\/05\\\/cropped-samarali-icon.png\",\"contentUrl\":\"https:\\\/\\\/samarali.com\\\/wp-content\\\/uploads\\\/2024\\\/05\\\/cropped-samarali-icon.png\",\"width\":512,\"height\":512,\"caption\":\"Samarali\"},\"image\":{\"@id\":\"https:\\\/\\\/samarali.com\\\/sv\\\/#\\\/schema\\\/logo\\\/image\\\/\"},\"sameAs\":[\"https:\\\/\\\/www.facebook.com\\\/samaraliyoga\",\"https:\\\/\\\/www.linkedin.com\\\/company\\\/69563155\\\/\",\"https:\\\/\\\/www.instagram.com\\\/samaraliyoga\\\/\",\"https:\\\/\\\/nl.pinterest.com\\\/Samaraliyoga\\\/\"],\"description\":\"Samarali is a sustainable yoga and lifestyle brand based in the Netherlands\",\"email\":\"info@samarali.com\",\"legalName\":\"Samarali B.V.\",\"vatID\":\"NL859820324B01\",\"numberOfEmployees\":{\"@type\":\"QuantitativeValue\",\"minValue\":\"1\",\"maxValue\":\"10\"}}]}<\/script>\n<meta property=\"og:availability\" content=\"instock\" \/>\n<meta property=\"product:availability\" content=\"instock\" \/>\n<meta property=\"product:condition\" content=\"new\" \/>\n<!-- \/ Yoast SEO Premium plugin. -->","yoast_head_json":{"title":"Halvm\u00e5neformad meditationskudde - Samarali","description":"Halvm\u00e5neformad meditationskudde, utformad f\u00f6r optimalt st\u00f6d och anpassning. Den justerbara bovetefyllningen \u00e4r tillverkad av 100% ekologisk bomull och ger h\u00f6g komfort.","robots":{"index":"index","follow":"follow","max-snippet":"max-snippet:-1","max-image-preview":"max-image-preview:large","max-video-preview":"max-video-preview:-1"},"canonical":"https:\/\/samarali.com\/sv\/produkt\/halvmaneformad-meditationskudde\/","og_locale":"sv_SE","og_type":"article","og_title":"Halvm\u00e5neformad meditationskudde - Samarali","og_description":"Halvm\u00e5neformad meditationskudde, utformad f\u00f6r optimalt st\u00f6d och anpassning. Den justerbara bovetefyllningen \u00e4r tillverkad av 100% ekologisk bomull och ger h\u00f6g komfort.","og_url":"https:\/\/samarali.com\/sv\/produkt\/halvmaneformad-meditationskudde\/","og_site_name":"Samarali","article_publisher":"https:\/\/www.facebook.com\/samaraliyoga","article_modified_time":"2025-12-06T10:23:38+00:00","og_image":[{"width":1000,"height":1000,"url":"https:\/\/samarali.com\/wp-content\/uploads\/2024\/08\/cushion-crescent_blue4.jpg","type":"image\/jpeg"}],"twitter_card":"summary_large_image","twitter_misc":{"Tillg\u00e4nglig":"I lager"},"schema":{"@context":"https:\/\/schema.org","@graph":[{"@type":"WebPage","@id":"https:\/\/samarali.com\/sv\/produkt\/halvmaneformad-meditationskudde\/","url":"https:\/\/samarali.com\/sv\/produkt\/halvmaneformad-meditationskudde\/","name":"Halvm\u00e5neformad meditationskudde - Samarali","isPartOf":{"@id":"https:\/\/samarali.com\/sv\/#website"},"primaryImageOfPage":{"@id":"https:\/\/samarali.com\/sv\/produkt\/halvmaneformad-meditationskudde\/#primaryimage"},"image":{"@id":"https:\/\/samarali.com\/sv\/produkt\/halvmaneformad-meditationskudde\/#primaryimage"},"thumbnailUrl":"https:\/\/samarali.com\/wp-content\/uploads\/2024\/08\/cushion-crescent_blue4.jpg","datePublished":"2024-08-02T07:47:04+00:00","dateModified":"2025-12-06T10:23:38+00:00","description":"Halvm\u00e5neformad meditationskudde, utformad f\u00f6r optimalt st\u00f6d och anpassning. Den justerbara bovetefyllningen \u00e4r tillverkad av 100% ekologisk bomull och ger h\u00f6g komfort.","breadcrumb":{"@id":"https:\/\/samarali.com\/sv\/produkt\/halvmaneformad-meditationskudde\/#breadcrumb"},"inLanguage":"sv-SE","potentialAction":[{"@type":"ReadAction","target":["https:\/\/samarali.com\/sv\/produkt\/halvmaneformad-meditationskudde\/"]}]},{"@type":"ImageObject","inLanguage":"sv-SE","@id":"https:\/\/samarali.com\/sv\/produkt\/halvmaneformad-meditationskudde\/#primaryimage","url":"https:\/\/samarali.com\/wp-content\/uploads\/2024\/08\/cushion-crescent_blue4.jpg","contentUrl":"https:\/\/samarali.com\/wp-content\/uploads\/2024\/08\/cushion-crescent_blue4.jpg","width":1000,"height":1000,"caption":"dyna halvm\u00e5ne bl\u00e54"},{"@type":"BreadcrumbList","@id":"https:\/\/samarali.com\/sv\/produkt\/halvmaneformad-meditationskudde\/#breadcrumb","itemListElement":[{"@type":"ListItem","position":1,"name":"Hem","item":"https:\/\/samarali.com\/sv\/hem\/"},{"@type":"ListItem","position":2,"name":"Butik","item":"https:\/\/samarali.com\/sv\/butik\/"},{"@type":"ListItem","position":3,"name":"Halvm\u00e5neformad meditationskudde"}]},{"@type":"WebSite","@id":"https:\/\/samarali.com\/sv\/#website","url":"https:\/\/samarali.com\/sv\/","name":"Samarali","description":"Samarali \u00e4r ett h\u00e5llbart yoga- och livsstilsvarum\u00e4rke baserat i Nederl\u00e4nderna","publisher":{"@id":"https:\/\/samarali.com\/sv\/#organization"},"potentialAction":[{"@type":"SearchAction","target":{"@type":"EntryPoint","urlTemplate":"https:\/\/samarali.com\/sv\/?s={search_term_string}"},"query-input":{"@type":"PropertyValueSpecification","valueRequired":true,"valueName":"search_term_string"}}],"inLanguage":"sv-SE"},{"@type":"Organization","@id":"https:\/\/samarali.com\/sv\/#organization","name":"Samarali","url":"https:\/\/samarali.com\/sv\/","logo":{"@type":"ImageObject","inLanguage":"sv-SE","@id":"https:\/\/samarali.com\/sv\/#\/schema\/logo\/image\/","url":"https:\/\/samarali.com\/wp-content\/uploads\/2024\/05\/cropped-samarali-icon.png","contentUrl":"https:\/\/samarali.com\/wp-content\/uploads\/2024\/05\/cropped-samarali-icon.png","width":512,"height":512,"caption":"Samarali"},"image":{"@id":"https:\/\/samarali.com\/sv\/#\/schema\/logo\/image\/"},"sameAs":["https:\/\/www.facebook.com\/samaraliyoga","https:\/\/www.linkedin.com\/company\/69563155\/","https:\/\/www.instagram.com\/samaraliyoga\/","https:\/\/nl.pinterest.com\/Samaraliyoga\/"],"description":"Samarali is a sustainable yoga and lifestyle brand based in the Netherlands","email":"info@samarali.com","legalName":"Samarali B.V.","vatID":"NL859820324B01","numberOfEmployees":{"@type":"QuantitativeValue","minValue":"1","maxValue":"10"}}]},"og_availability":"instock","product_availability":"instock","product_condition":"new"},"jetpack_sharing_enabled":true,"_links":{"self":[{"href":"https:\/\/samarali.com\/sv\/wp-json\/wp\/v2\/product\/28908","targetHints":{"allow":["GET"]}}],"collection":[{"href":"https:\/\/samarali.com\/sv\/wp-json\/wp\/v2\/product"}],"about":[{"href":"https:\/\/samarali.com\/sv\/wp-json\/wp\/v2\/types\/product"}],"replies":[{"embeddable":true,"href":"https:\/\/samarali.com\/sv\/wp-json\/wp\/v2\/comments?post=28908"}],"version-history":[{"count":2,"href":"https:\/\/samarali.com\/sv\/wp-json\/wp\/v2\/product\/28908\/revisions"}],"predecessor-version":[{"id":35232,"href":"https:\/\/samarali.com\/sv\/wp-json\/wp\/v2\/product\/28908\/revisions\/35232"}],"wp:featuredmedia":[{"embeddable":true,"href":"https:\/\/samarali.com\/sv\/wp-json\/wp\/v2\/media\/19573"}],"wp:attachment":[{"href":"https:\/\/samarali.com\/sv\/wp-json\/wp\/v2\/media?parent=28908"}],"wp:term":[{"taxonomy":"product_cat","embeddable":true,"href":"https:\/\/samarali.com\/sv\/wp-json\/wp\/v2\/product_cat?post=28908"},{"taxonomy":"product_tag","embeddable":true,"href":"https:\/\/samarali.com\/sv\/wp-json\/wp\/v2\/product_tag?post=28908"}],"curies":[{"name":"wp","href":"https:\/\/api.w.org\/{rel}","templated":true}]}}