{"id":28775,"date":"2024-08-02T07:12:08","date_gmt":"2024-08-02T05:12:08","guid":{"rendered":"https:\/\/samarali.com\/product\/haremsbyxor\/"},"modified":"2025-01-01T00:04:44","modified_gmt":"2024-12-31T23:04:44","slug":"haremsbyxor","status":"publish","type":"product","link":"https:\/\/samarali.com\/sv\/produkt\/haremsbyxor\/","title":{"rendered":"Haremsbyxor"},"content":{"rendered":"<p>Harembyxor med h\u00f6g midja, \u00e4ven k\u00e4nda som &#8221;Aladdin-byxor&#8221;, \u00e4r perfekta f\u00f6r b\u00e5de yoga och vardagsbruk.<br \/>\nHarembyxor \u00e4r l\u00e5nga, baggy byxor som sitter i midjan och vid anklarna, vilket ger b\u00e5de stil och komfort.<br \/>\nV\u00e5ra Harem-byxor \u00e4r designade f\u00f6r att vara l\u00e4tta, mjuka mot huden och snygga, vilket g\u00f6r dem perfekta f\u00f6r b\u00e5de yogapass och vardagskl\u00e4der.<br \/>\nDen vida sk\u00e4rningen vid h\u00f6fterna och anklarna, i kombination med mjuka muddar i midjan och vid anklarna, g\u00f6r att byxorna sitter s\u00e4kert p\u00e5 plats under asanas samtidigt som de ger en befriande k\u00e4nsla av r\u00f6relsefrihet.<br \/>\nVi har ocks\u00e5 inkluderat tv\u00e5 sidofickor som g\u00f6r byxorna praktiska och m\u00e5ngsidiga s\u00e5 att du enkelt kan g\u00e5 fr\u00e5n yogapasset till vardagliga utflykter.      <strong>Sk\u00f6tselr\u00e5d:<\/strong><\/p>\n<ul>\n<li>Tv\u00e4tta med liknande f\u00e4rger<\/li>\n<li>Tv\u00e4tta i kallt vatten (upp till 30\u00b0C) p\u00e5 skonsamt program.<\/li>\n<\/ul>\n<p><strong>Storleken p\u00e5 modellerna p\u00e5 bilderna:  <\/strong><\/p>\n<ul>\n<li>XS: l\u00e4ngd 169 cm, byst x midja x h\u00f6fter: 81 x59 x 88 cm<\/li>\n<li>S: l\u00e4ngd 170 cm, byst x midja x h\u00f6fter: 82 x59 x 90 cm<\/li>\n<li>M: l\u00e4ngd: 169 cm, byst x midja x h\u00f6fter: 85 x63 x 95 cm<\/li>\n<li>L: l\u00e4ngd: 179 cm, byst x midja x h\u00f6fter: 96 x 76 x 106 cm<\/li>\n<\/ul>\n<p>&nbsp;<\/p>\n","protected":false},"excerpt":{"rendered":"<p>Harembyxor med h\u00f6g midja, \u00e4ven k\u00e4nda som &#8221;Aladdin-byxor&#8221;, \u00e4r perfekta f\u00f6r b\u00e5de yoga och vardagsbruk. Harembyxor \u00e4r l\u00e5nga, baggy byxor som sitter i midjan och vid anklarna, vilket ger b\u00e5de stil och komfort. V\u00e5ra Harem-byxor \u00e4r designade f\u00f6r att vara l\u00e4tta, mjuka mot huden och snygga, vilket g\u00f6r dem perfekta f\u00f6r b\u00e5de yogapass och vardagskl\u00e4der. [&hellip;]<\/p>\n","protected":false},"featured_media":22527,"comment_status":"open","ping_status":"closed","template":"","meta":{"_acf_changed":false,"_improvement_type_select":"improve_an_existing","_thumb_yes_seoaic":false,"_frame_yes_seoaic":false,"seoaic_generate_description":"","seoaic_improve_instructions_prompt":"","seoaic_rollback_content_improvement":"","seoaic_idea_thumbnail_generator":"","thumbnail_generated":false,"thumbnail_generate_prompt":"","seoaic_article_description":"","inline_featured_image":false},"product_cat":[225],"product_tag":[],"class_list":{"0":"post-28775","1":"product","2":"type-product","3":"status-publish","4":"has-post-thumbnail","6":"product_cat-klader","8":"first","9":"outofstock","10":"shipping-taxable","11":"purchasable","12":"product-type-variable"},"acf":[],"yoast_head":"<!-- This site is optimized with the Yoast SEO Premium plugin v27.3 (Yoast SEO v27.3) - https:\/\/yoast.com\/product\/yoast-seo-premium-wordpress\/ -->\n<title>Haremsbyxor - Samarali<\/title>\n<meta name=\"robots\" content=\"index, follow, max-snippet:-1, max-image-preview:large, max-video-preview:-1\" \/>\n<link rel=\"canonical\" href=\"https:\/\/samarali.com\/sv\/produkt\/haremsbyxor\/\" \/>\n<meta property=\"og:locale\" content=\"sv_SE\" \/>\n<meta property=\"og:type\" content=\"article\" \/>\n<meta property=\"og:title\" content=\"Haremsbyxor - Samarali\" \/>\n<meta property=\"og:description\" content=\"Harembyxor med h\u00f6g midja, \u00e4ven k\u00e4nda som &#8221;Aladdin-byxor&#8221;, \u00e4r perfekta f\u00f6r b\u00e5de yoga och vardagsbruk. Harembyxor \u00e4r l\u00e5nga, baggy byxor som sitter i midjan och vid anklarna, vilket ger b\u00e5de stil och komfort. V\u00e5ra Harem-byxor \u00e4r designade f\u00f6r att vara l\u00e4tta, mjuka mot huden och snygga, vilket g\u00f6r dem perfekta f\u00f6r b\u00e5de yogapass och vardagskl\u00e4der. [&hellip;]\" \/>\n<meta property=\"og:url\" content=\"https:\/\/samarali.com\/sv\/produkt\/haremsbyxor\/\" \/>\n<meta property=\"og:site_name\" content=\"Samarali\" \/>\n<meta property=\"article:publisher\" content=\"https:\/\/www.facebook.com\/samaraliyoga\" \/>\n<meta property=\"article:modified_time\" content=\"2024-12-31T23:04:44+00:00\" \/>\n<meta property=\"og:image\" content=\"https:\/\/samarali.com\/wp-content\/uploads\/2024\/08\/Aladdin-pants-1.jpg\" \/>\n\t<meta property=\"og:image:width\" content=\"830\" \/>\n\t<meta property=\"og:image:height\" content=\"830\" \/>\n\t<meta property=\"og:image:type\" content=\"image\/jpeg\" \/>\n<meta name=\"twitter:card\" content=\"summary_large_image\" \/>\n<meta name=\"twitter:label1\" content=\"Tillg\u00e4nglig\" \/>\n\t<meta name=\"twitter:data1\" content=\"Slut i lager\" \/>\n<script type=\"application\/ld+json\" class=\"yoast-schema-graph\">{\"@context\":\"https:\\\/\\\/schema.org\",\"@graph\":[{\"@type\":\"WebPage\",\"@id\":\"https:\\\/\\\/samarali.com\\\/sv\\\/produkt\\\/haremsbyxor\\\/\",\"url\":\"https:\\\/\\\/samarali.com\\\/sv\\\/produkt\\\/haremsbyxor\\\/\",\"name\":\"Haremsbyxor - Samarali\",\"isPartOf\":{\"@id\":\"https:\\\/\\\/samarali.com\\\/sv\\\/#website\"},\"primaryImageOfPage\":{\"@id\":\"https:\\\/\\\/samarali.com\\\/sv\\\/produkt\\\/haremsbyxor\\\/#primaryimage\"},\"image\":{\"@id\":\"https:\\\/\\\/samarali.com\\\/sv\\\/produkt\\\/haremsbyxor\\\/#primaryimage\"},\"thumbnailUrl\":\"https:\\\/\\\/samarali.com\\\/wp-content\\\/uploads\\\/2024\\\/08\\\/Aladdin-pants-1.jpg\",\"datePublished\":\"2024-08-02T05:12:08+00:00\",\"dateModified\":\"2024-12-31T23:04:44+00:00\",\"breadcrumb\":{\"@id\":\"https:\\\/\\\/samarali.com\\\/sv\\\/produkt\\\/haremsbyxor\\\/#breadcrumb\"},\"inLanguage\":\"sv-SE\",\"potentialAction\":[{\"@type\":\"ReadAction\",\"target\":[\"https:\\\/\\\/samarali.com\\\/sv\\\/produkt\\\/haremsbyxor\\\/\"]}]},{\"@type\":\"ImageObject\",\"inLanguage\":\"sv-SE\",\"@id\":\"https:\\\/\\\/samarali.com\\\/sv\\\/produkt\\\/haremsbyxor\\\/#primaryimage\",\"url\":\"https:\\\/\\\/samarali.com\\\/wp-content\\\/uploads\\\/2024\\\/08\\\/Aladdin-pants-1.jpg\",\"contentUrl\":\"https:\\\/\\\/samarali.com\\\/wp-content\\\/uploads\\\/2024\\\/08\\\/Aladdin-pants-1.jpg\",\"width\":830,\"height\":830,\"caption\":\"Aladdin pants 1\"},{\"@type\":\"BreadcrumbList\",\"@id\":\"https:\\\/\\\/samarali.com\\\/sv\\\/produkt\\\/haremsbyxor\\\/#breadcrumb\",\"itemListElement\":[{\"@type\":\"ListItem\",\"position\":1,\"name\":\"Hem\",\"item\":\"https:\\\/\\\/samarali.com\\\/sv\\\/hem\\\/\"},{\"@type\":\"ListItem\",\"position\":2,\"name\":\"Butik\",\"item\":\"https:\\\/\\\/samarali.com\\\/sv\\\/butik\\\/\"},{\"@type\":\"ListItem\",\"position\":3,\"name\":\"Haremsbyxor\"}]},{\"@type\":\"WebSite\",\"@id\":\"https:\\\/\\\/samarali.com\\\/sv\\\/#website\",\"url\":\"https:\\\/\\\/samarali.com\\\/sv\\\/\",\"name\":\"Samarali\",\"description\":\"Samarali \u00e4r ett h\u00e5llbart yoga- och livsstilsvarum\u00e4rke baserat i Nederl\u00e4nderna\",\"publisher\":{\"@id\":\"https:\\\/\\\/samarali.com\\\/sv\\\/#organization\"},\"potentialAction\":[{\"@type\":\"SearchAction\",\"target\":{\"@type\":\"EntryPoint\",\"urlTemplate\":\"https:\\\/\\\/samarali.com\\\/sv\\\/?s={search_term_string}\"},\"query-input\":{\"@type\":\"PropertyValueSpecification\",\"valueRequired\":true,\"valueName\":\"search_term_string\"}}],\"inLanguage\":\"sv-SE\"},{\"@type\":\"Organization\",\"@id\":\"https:\\\/\\\/samarali.com\\\/sv\\\/#organization\",\"name\":\"Samarali\",\"url\":\"https:\\\/\\\/samarali.com\\\/sv\\\/\",\"logo\":{\"@type\":\"ImageObject\",\"inLanguage\":\"sv-SE\",\"@id\":\"https:\\\/\\\/samarali.com\\\/sv\\\/#\\\/schema\\\/logo\\\/image\\\/\",\"url\":\"https:\\\/\\\/samarali.com\\\/wp-content\\\/uploads\\\/2024\\\/05\\\/cropped-samarali-icon.png\",\"contentUrl\":\"https:\\\/\\\/samarali.com\\\/wp-content\\\/uploads\\\/2024\\\/05\\\/cropped-samarali-icon.png\",\"width\":512,\"height\":512,\"caption\":\"Samarali\"},\"image\":{\"@id\":\"https:\\\/\\\/samarali.com\\\/sv\\\/#\\\/schema\\\/logo\\\/image\\\/\"},\"sameAs\":[\"https:\\\/\\\/www.facebook.com\\\/samaraliyoga\",\"https:\\\/\\\/www.linkedin.com\\\/company\\\/69563155\\\/\",\"https:\\\/\\\/www.instagram.com\\\/samaraliyoga\\\/\",\"https:\\\/\\\/nl.pinterest.com\\\/Samaraliyoga\\\/\"],\"description\":\"Samarali is a sustainable yoga and lifestyle brand based in the Netherlands\",\"email\":\"info@samarali.com\",\"legalName\":\"Samarali B.V.\",\"vatID\":\"NL859820324B01\",\"numberOfEmployees\":{\"@type\":\"QuantitativeValue\",\"minValue\":\"1\",\"maxValue\":\"10\"}}]}<\/script>\n<meta property=\"og:availability\" content=\"out of stock\" \/>\n<meta property=\"product:availability\" content=\"out of stock\" \/>\n<meta property=\"product:condition\" content=\"new\" \/>\n<!-- \/ Yoast SEO Premium plugin. -->","yoast_head_json":{"title":"Haremsbyxor - Samarali","robots":{"index":"index","follow":"follow","max-snippet":"max-snippet:-1","max-image-preview":"max-image-preview:large","max-video-preview":"max-video-preview:-1"},"canonical":"https:\/\/samarali.com\/sv\/produkt\/haremsbyxor\/","og_locale":"sv_SE","og_type":"article","og_title":"Haremsbyxor - Samarali","og_description":"Harembyxor med h\u00f6g midja, \u00e4ven k\u00e4nda som &#8221;Aladdin-byxor&#8221;, \u00e4r perfekta f\u00f6r b\u00e5de yoga och vardagsbruk. Harembyxor \u00e4r l\u00e5nga, baggy byxor som sitter i midjan och vid anklarna, vilket ger b\u00e5de stil och komfort. V\u00e5ra Harem-byxor \u00e4r designade f\u00f6r att vara l\u00e4tta, mjuka mot huden och snygga, vilket g\u00f6r dem perfekta f\u00f6r b\u00e5de yogapass och vardagskl\u00e4der. [&hellip;]","og_url":"https:\/\/samarali.com\/sv\/produkt\/haremsbyxor\/","og_site_name":"Samarali","article_publisher":"https:\/\/www.facebook.com\/samaraliyoga","article_modified_time":"2024-12-31T23:04:44+00:00","og_image":[{"width":830,"height":830,"url":"https:\/\/samarali.com\/wp-content\/uploads\/2024\/08\/Aladdin-pants-1.jpg","type":"image\/jpeg"}],"twitter_card":"summary_large_image","twitter_misc":{"Tillg\u00e4nglig":"Slut i lager"},"schema":{"@context":"https:\/\/schema.org","@graph":[{"@type":"WebPage","@id":"https:\/\/samarali.com\/sv\/produkt\/haremsbyxor\/","url":"https:\/\/samarali.com\/sv\/produkt\/haremsbyxor\/","name":"Haremsbyxor - Samarali","isPartOf":{"@id":"https:\/\/samarali.com\/sv\/#website"},"primaryImageOfPage":{"@id":"https:\/\/samarali.com\/sv\/produkt\/haremsbyxor\/#primaryimage"},"image":{"@id":"https:\/\/samarali.com\/sv\/produkt\/haremsbyxor\/#primaryimage"},"thumbnailUrl":"https:\/\/samarali.com\/wp-content\/uploads\/2024\/08\/Aladdin-pants-1.jpg","datePublished":"2024-08-02T05:12:08+00:00","dateModified":"2024-12-31T23:04:44+00:00","breadcrumb":{"@id":"https:\/\/samarali.com\/sv\/produkt\/haremsbyxor\/#breadcrumb"},"inLanguage":"sv-SE","potentialAction":[{"@type":"ReadAction","target":["https:\/\/samarali.com\/sv\/produkt\/haremsbyxor\/"]}]},{"@type":"ImageObject","inLanguage":"sv-SE","@id":"https:\/\/samarali.com\/sv\/produkt\/haremsbyxor\/#primaryimage","url":"https:\/\/samarali.com\/wp-content\/uploads\/2024\/08\/Aladdin-pants-1.jpg","contentUrl":"https:\/\/samarali.com\/wp-content\/uploads\/2024\/08\/Aladdin-pants-1.jpg","width":830,"height":830,"caption":"Aladdin pants 1"},{"@type":"BreadcrumbList","@id":"https:\/\/samarali.com\/sv\/produkt\/haremsbyxor\/#breadcrumb","itemListElement":[{"@type":"ListItem","position":1,"name":"Hem","item":"https:\/\/samarali.com\/sv\/hem\/"},{"@type":"ListItem","position":2,"name":"Butik","item":"https:\/\/samarali.com\/sv\/butik\/"},{"@type":"ListItem","position":3,"name":"Haremsbyxor"}]},{"@type":"WebSite","@id":"https:\/\/samarali.com\/sv\/#website","url":"https:\/\/samarali.com\/sv\/","name":"Samarali","description":"Samarali \u00e4r ett h\u00e5llbart yoga- och livsstilsvarum\u00e4rke baserat i Nederl\u00e4nderna","publisher":{"@id":"https:\/\/samarali.com\/sv\/#organization"},"potentialAction":[{"@type":"SearchAction","target":{"@type":"EntryPoint","urlTemplate":"https:\/\/samarali.com\/sv\/?s={search_term_string}"},"query-input":{"@type":"PropertyValueSpecification","valueRequired":true,"valueName":"search_term_string"}}],"inLanguage":"sv-SE"},{"@type":"Organization","@id":"https:\/\/samarali.com\/sv\/#organization","name":"Samarali","url":"https:\/\/samarali.com\/sv\/","logo":{"@type":"ImageObject","inLanguage":"sv-SE","@id":"https:\/\/samarali.com\/sv\/#\/schema\/logo\/image\/","url":"https:\/\/samarali.com\/wp-content\/uploads\/2024\/05\/cropped-samarali-icon.png","contentUrl":"https:\/\/samarali.com\/wp-content\/uploads\/2024\/05\/cropped-samarali-icon.png","width":512,"height":512,"caption":"Samarali"},"image":{"@id":"https:\/\/samarali.com\/sv\/#\/schema\/logo\/image\/"},"sameAs":["https:\/\/www.facebook.com\/samaraliyoga","https:\/\/www.linkedin.com\/company\/69563155\/","https:\/\/www.instagram.com\/samaraliyoga\/","https:\/\/nl.pinterest.com\/Samaraliyoga\/"],"description":"Samarali is a sustainable yoga and lifestyle brand based in the Netherlands","email":"info@samarali.com","legalName":"Samarali B.V.","vatID":"NL859820324B01","numberOfEmployees":{"@type":"QuantitativeValue","minValue":"1","maxValue":"10"}}]},"og_availability":"out of stock","product_availability":"out of stock","product_condition":"new"},"jetpack_sharing_enabled":true,"_links":{"self":[{"href":"https:\/\/samarali.com\/sv\/wp-json\/wp\/v2\/product\/28775","targetHints":{"allow":["GET"]}}],"collection":[{"href":"https:\/\/samarali.com\/sv\/wp-json\/wp\/v2\/product"}],"about":[{"href":"https:\/\/samarali.com\/sv\/wp-json\/wp\/v2\/types\/product"}],"replies":[{"embeddable":true,"href":"https:\/\/samarali.com\/sv\/wp-json\/wp\/v2\/comments?post=28775"}],"version-history":[{"count":0,"href":"https:\/\/samarali.com\/sv\/wp-json\/wp\/v2\/product\/28775\/revisions"}],"wp:featuredmedia":[{"embeddable":true,"href":"https:\/\/samarali.com\/sv\/wp-json\/wp\/v2\/media\/22527"}],"wp:attachment":[{"href":"https:\/\/samarali.com\/sv\/wp-json\/wp\/v2\/media?parent=28775"}],"wp:term":[{"taxonomy":"product_cat","embeddable":true,"href":"https:\/\/samarali.com\/sv\/wp-json\/wp\/v2\/product_cat?post=28775"},{"taxonomy":"product_tag","embeddable":true,"href":"https:\/\/samarali.com\/sv\/wp-json\/wp\/v2\/product_tag?post=28775"}],"curies":[{"name":"wp","href":"https:\/\/api.w.org\/{rel}","templated":true}]}}