{"id":28736,"date":"2024-08-01T13:44:40","date_gmt":"2024-08-01T11:44:40","guid":{"rendered":"https:\/\/samarali.com\/product\/ey%d0%b5-kudde-av-ekologisk-bomull\/"},"modified":"2025-01-06T13:44:23","modified_gmt":"2025-01-06T12:44:23","slug":"ey%d0%b5-kudde-av-ekologisk-bomull","status":"publish","type":"product","link":"https:\/\/samarali.com\/sv\/produkt\/ey%d0%b5-kudde-av-ekologisk-bomull\/","title":{"rendered":"Ey\u0435-kudde av ekologisk bomull"},"content":{"rendered":"<p>F\u00f6rb\u00e4ttra din avslappning med v\u00e5r lyxiga kudde!<br \/>\nDen \u00e4r designad f\u00f6r att lugna tr\u00f6tta \u00f6gon, fr\u00e4mja avslappning och lindra illam\u00e5ende.<br \/>\nDen h\u00e4r kudden \u00e4r ett m\u00e5ste f\u00f6r yoga, relaxation eller f\u00f6r att varva ner efter en l\u00e5ng dag.<br \/>\nDessa mjuka, d\u00e4mpade \u00f6gonkuddar \u00e4r fyllda med naturliga ingredienser som linfr\u00f6n och torkade lavendelblommor.<br \/>\nN\u00e4r linfr\u00f6na placeras \u00f6ver \u00f6gonen anpassar de sig till ansiktsformen och ger en lugnande och jordande k\u00e4nsla, medan de torkade lavendelblommorna avger en mild, naturlig doft som hj\u00e4lper till att f\u00e5 kropp och sj\u00e4l att slappna av.<br \/>\nDen h\u00e4r unika kombinationen ger den perfekta balansen mellan mjukt tryck och lugnande aromaterapi.<br \/>\n\u00d6gonkuddens \u00f6verdrag \u00e4r l\u00e4tt att ta av och kan maskintv\u00e4ttas, vilket f\u00f6rl\u00e4nger produktens livsl\u00e4ngd och minskar avfallet.  <\/p>\n","protected":false},"excerpt":{"rendered":"<p>F\u00f6rb\u00e4ttra din avslappning med v\u00e5r lyxiga lavendel \u00f6gonkudde, fylld med linfr\u00f6n och torkad lavendel. Den \u00e4r perfekt f\u00f6r yoga, meditation eller avslappning och ger ett mjukt tryck och lugnande aromaterapi.<\/p>\n","protected":false},"featured_media":26719,"comment_status":"open","ping_status":"closed","template":"","meta":{"_acf_changed":false,"_improvement_type_select":"improve_an_existing","_thumb_yes_seoaic":false,"_frame_yes_seoaic":false,"seoaic_generate_description":"","seoaic_improve_instructions_prompt":"","seoaic_rollback_content_improvement":"","seoaic_idea_thumbnail_generator":"","thumbnail_generated":false,"thumbnail_generate_prompt":"","seoaic_article_description":"","inline_featured_image":false},"product_cat":[370,343,344,317],"product_tag":[],"class_list":{"0":"post-28736","1":"product","2":"type-product","3":"status-publish","4":"has-post-thumbnail","6":"product_cat-ogonkuddar","7":"product_cat-yoga-tillbehor","8":"product_cat-tillbehor","9":"product_cat-yoga-sv","11":"first","12":"instock","13":"shipping-taxable","14":"purchasable","15":"product-type-variable"},"acf":[],"yoast_head":"<!-- This site is optimized with the Yoast SEO Premium plugin v27.3 (Yoast SEO v27.3) - https:\/\/yoast.com\/product\/yoast-seo-premium-wordpress\/ -->\n<title>Ey\u0435-kudde av ekologisk bomull - Samarali<\/title>\n<meta name=\"description\" content=\"\u00d6gonkudde, fylld med linfr\u00f6n och torkad lavendel. Den \u00e4r perfekt f\u00f6r yoga, meditation eller avslappning och ger ett mjukt tryck och lugnande aromaterapi.\" \/>\n<meta name=\"robots\" content=\"index, follow, max-snippet:-1, max-image-preview:large, max-video-preview:-1\" \/>\n<link rel=\"canonical\" href=\"https:\/\/samarali.com\/sv\/produkt\/ey%d0%b5-kudde-av-ekologisk-bomull\/\" \/>\n<meta property=\"og:locale\" content=\"sv_SE\" \/>\n<meta property=\"og:type\" content=\"article\" \/>\n<meta property=\"og:title\" content=\"Ey\u0435-kudde av ekologisk bomull - Samarali\" \/>\n<meta property=\"og:description\" content=\"\u00d6gonkudde, fylld med linfr\u00f6n och torkad lavendel. Den \u00e4r perfekt f\u00f6r yoga, meditation eller avslappning och ger ett mjukt tryck och lugnande aromaterapi.\" \/>\n<meta property=\"og:url\" content=\"https:\/\/samarali.com\/sv\/produkt\/ey%d0%b5-kudde-av-ekologisk-bomull\/\" \/>\n<meta property=\"og:site_name\" content=\"Samarali\" \/>\n<meta property=\"article:publisher\" content=\"https:\/\/www.facebook.com\/samaraliyoga\" \/>\n<meta property=\"article:modified_time\" content=\"2025-01-06T12:44:23+00:00\" \/>\n<meta property=\"og:image\" content=\"https:\/\/samarali.com\/wp-content\/uploads\/2024\/09\/Eye-pillow-yellow.jpg\" \/>\n\t<meta property=\"og:image:width\" content=\"1000\" \/>\n\t<meta property=\"og:image:height\" content=\"1000\" \/>\n\t<meta property=\"og:image:type\" content=\"image\/jpeg\" \/>\n<meta name=\"twitter:card\" content=\"summary_large_image\" \/>\n<meta name=\"twitter:label1\" content=\"Tillg\u00e4nglig\" \/>\n\t<meta name=\"twitter:data1\" content=\"I lager\" \/>\n<script type=\"application\/ld+json\" class=\"yoast-schema-graph\">{\"@context\":\"https:\\\/\\\/schema.org\",\"@graph\":[{\"@type\":\"WebPage\",\"@id\":\"https:\\\/\\\/samarali.com\\\/sv\\\/produkt\\\/ey%d0%b5-kudde-av-ekologisk-bomull\\\/\",\"url\":\"https:\\\/\\\/samarali.com\\\/sv\\\/produkt\\\/ey%d0%b5-kudde-av-ekologisk-bomull\\\/\",\"name\":\"Ey\u0435-kudde av ekologisk bomull - Samarali\",\"isPartOf\":{\"@id\":\"https:\\\/\\\/samarali.com\\\/sv\\\/#website\"},\"primaryImageOfPage\":{\"@id\":\"https:\\\/\\\/samarali.com\\\/sv\\\/produkt\\\/ey%d0%b5-kudde-av-ekologisk-bomull\\\/#primaryimage\"},\"image\":{\"@id\":\"https:\\\/\\\/samarali.com\\\/sv\\\/produkt\\\/ey%d0%b5-kudde-av-ekologisk-bomull\\\/#primaryimage\"},\"thumbnailUrl\":\"https:\\\/\\\/samarali.com\\\/wp-content\\\/uploads\\\/2024\\\/09\\\/Eye-pillow-yellow.jpg\",\"datePublished\":\"2024-08-01T11:44:40+00:00\",\"dateModified\":\"2025-01-06T12:44:23+00:00\",\"description\":\"\u00d6gonkudde, fylld med linfr\u00f6n och torkad lavendel. Den \u00e4r perfekt f\u00f6r yoga, meditation eller avslappning och ger ett mjukt tryck och lugnande aromaterapi.\",\"breadcrumb\":{\"@id\":\"https:\\\/\\\/samarali.com\\\/sv\\\/produkt\\\/ey%d0%b5-kudde-av-ekologisk-bomull\\\/#breadcrumb\"},\"inLanguage\":\"sv-SE\",\"potentialAction\":[{\"@type\":\"ReadAction\",\"target\":[\"https:\\\/\\\/samarali.com\\\/sv\\\/produkt\\\/ey%d0%b5-kudde-av-ekologisk-bomull\\\/\"]}]},{\"@type\":\"ImageObject\",\"inLanguage\":\"sv-SE\",\"@id\":\"https:\\\/\\\/samarali.com\\\/sv\\\/produkt\\\/ey%d0%b5-kudde-av-ekologisk-bomull\\\/#primaryimage\",\"url\":\"https:\\\/\\\/samarali.com\\\/wp-content\\\/uploads\\\/2024\\\/09\\\/Eye-pillow-yellow.jpg\",\"contentUrl\":\"https:\\\/\\\/samarali.com\\\/wp-content\\\/uploads\\\/2024\\\/09\\\/Eye-pillow-yellow.jpg\",\"width\":1000,\"height\":1000,\"caption\":\"\u00d6gonkudde gul\"},{\"@type\":\"BreadcrumbList\",\"@id\":\"https:\\\/\\\/samarali.com\\\/sv\\\/produkt\\\/ey%d0%b5-kudde-av-ekologisk-bomull\\\/#breadcrumb\",\"itemListElement\":[{\"@type\":\"ListItem\",\"position\":1,\"name\":\"Hem\",\"item\":\"https:\\\/\\\/samarali.com\\\/sv\\\/hem\\\/\"},{\"@type\":\"ListItem\",\"position\":2,\"name\":\"Butik\",\"item\":\"https:\\\/\\\/samarali.com\\\/sv\\\/butik\\\/\"},{\"@type\":\"ListItem\",\"position\":3,\"name\":\"Ey\u0435-kudde av ekologisk bomull\"}]},{\"@type\":\"WebSite\",\"@id\":\"https:\\\/\\\/samarali.com\\\/sv\\\/#website\",\"url\":\"https:\\\/\\\/samarali.com\\\/sv\\\/\",\"name\":\"Samarali\",\"description\":\"Samarali \u00e4r ett h\u00e5llbart yoga- och livsstilsvarum\u00e4rke baserat i Nederl\u00e4nderna\",\"publisher\":{\"@id\":\"https:\\\/\\\/samarali.com\\\/sv\\\/#organization\"},\"potentialAction\":[{\"@type\":\"SearchAction\",\"target\":{\"@type\":\"EntryPoint\",\"urlTemplate\":\"https:\\\/\\\/samarali.com\\\/sv\\\/?s={search_term_string}\"},\"query-input\":{\"@type\":\"PropertyValueSpecification\",\"valueRequired\":true,\"valueName\":\"search_term_string\"}}],\"inLanguage\":\"sv-SE\"},{\"@type\":\"Organization\",\"@id\":\"https:\\\/\\\/samarali.com\\\/sv\\\/#organization\",\"name\":\"Samarali\",\"url\":\"https:\\\/\\\/samarali.com\\\/sv\\\/\",\"logo\":{\"@type\":\"ImageObject\",\"inLanguage\":\"sv-SE\",\"@id\":\"https:\\\/\\\/samarali.com\\\/sv\\\/#\\\/schema\\\/logo\\\/image\\\/\",\"url\":\"https:\\\/\\\/samarali.com\\\/wp-content\\\/uploads\\\/2024\\\/05\\\/cropped-samarali-icon.png\",\"contentUrl\":\"https:\\\/\\\/samarali.com\\\/wp-content\\\/uploads\\\/2024\\\/05\\\/cropped-samarali-icon.png\",\"width\":512,\"height\":512,\"caption\":\"Samarali\"},\"image\":{\"@id\":\"https:\\\/\\\/samarali.com\\\/sv\\\/#\\\/schema\\\/logo\\\/image\\\/\"},\"sameAs\":[\"https:\\\/\\\/www.facebook.com\\\/samaraliyoga\",\"https:\\\/\\\/www.linkedin.com\\\/company\\\/69563155\\\/\",\"https:\\\/\\\/www.instagram.com\\\/samaraliyoga\\\/\",\"https:\\\/\\\/nl.pinterest.com\\\/Samaraliyoga\\\/\"],\"description\":\"Samarali is a sustainable yoga and lifestyle brand based in the Netherlands\",\"email\":\"info@samarali.com\",\"legalName\":\"Samarali B.V.\",\"vatID\":\"NL859820324B01\",\"numberOfEmployees\":{\"@type\":\"QuantitativeValue\",\"minValue\":\"1\",\"maxValue\":\"10\"}}]}<\/script>\n<meta property=\"og:availability\" content=\"instock\" \/>\n<meta property=\"product:availability\" content=\"instock\" \/>\n<meta property=\"product:retailer_item_id\" content=\"11588\" \/>\n<meta property=\"product:condition\" content=\"new\" \/>\n<!-- \/ Yoast SEO Premium plugin. -->","yoast_head_json":{"title":"Ey\u0435-kudde av ekologisk bomull - Samarali","description":"\u00d6gonkudde, fylld med linfr\u00f6n och torkad lavendel. Den \u00e4r perfekt f\u00f6r yoga, meditation eller avslappning och ger ett mjukt tryck och lugnande aromaterapi.","robots":{"index":"index","follow":"follow","max-snippet":"max-snippet:-1","max-image-preview":"max-image-preview:large","max-video-preview":"max-video-preview:-1"},"canonical":"https:\/\/samarali.com\/sv\/produkt\/ey%d0%b5-kudde-av-ekologisk-bomull\/","og_locale":"sv_SE","og_type":"article","og_title":"Ey\u0435-kudde av ekologisk bomull - Samarali","og_description":"\u00d6gonkudde, fylld med linfr\u00f6n och torkad lavendel. Den \u00e4r perfekt f\u00f6r yoga, meditation eller avslappning och ger ett mjukt tryck och lugnande aromaterapi.","og_url":"https:\/\/samarali.com\/sv\/produkt\/ey%d0%b5-kudde-av-ekologisk-bomull\/","og_site_name":"Samarali","article_publisher":"https:\/\/www.facebook.com\/samaraliyoga","article_modified_time":"2025-01-06T12:44:23+00:00","og_image":[{"width":1000,"height":1000,"url":"https:\/\/samarali.com\/wp-content\/uploads\/2024\/09\/Eye-pillow-yellow.jpg","type":"image\/jpeg"}],"twitter_card":"summary_large_image","twitter_misc":{"Tillg\u00e4nglig":"I lager"},"schema":{"@context":"https:\/\/schema.org","@graph":[{"@type":"WebPage","@id":"https:\/\/samarali.com\/sv\/produkt\/ey%d0%b5-kudde-av-ekologisk-bomull\/","url":"https:\/\/samarali.com\/sv\/produkt\/ey%d0%b5-kudde-av-ekologisk-bomull\/","name":"Ey\u0435-kudde av ekologisk bomull - Samarali","isPartOf":{"@id":"https:\/\/samarali.com\/sv\/#website"},"primaryImageOfPage":{"@id":"https:\/\/samarali.com\/sv\/produkt\/ey%d0%b5-kudde-av-ekologisk-bomull\/#primaryimage"},"image":{"@id":"https:\/\/samarali.com\/sv\/produkt\/ey%d0%b5-kudde-av-ekologisk-bomull\/#primaryimage"},"thumbnailUrl":"https:\/\/samarali.com\/wp-content\/uploads\/2024\/09\/Eye-pillow-yellow.jpg","datePublished":"2024-08-01T11:44:40+00:00","dateModified":"2025-01-06T12:44:23+00:00","description":"\u00d6gonkudde, fylld med linfr\u00f6n och torkad lavendel. Den \u00e4r perfekt f\u00f6r yoga, meditation eller avslappning och ger ett mjukt tryck och lugnande aromaterapi.","breadcrumb":{"@id":"https:\/\/samarali.com\/sv\/produkt\/ey%d0%b5-kudde-av-ekologisk-bomull\/#breadcrumb"},"inLanguage":"sv-SE","potentialAction":[{"@type":"ReadAction","target":["https:\/\/samarali.com\/sv\/produkt\/ey%d0%b5-kudde-av-ekologisk-bomull\/"]}]},{"@type":"ImageObject","inLanguage":"sv-SE","@id":"https:\/\/samarali.com\/sv\/produkt\/ey%d0%b5-kudde-av-ekologisk-bomull\/#primaryimage","url":"https:\/\/samarali.com\/wp-content\/uploads\/2024\/09\/Eye-pillow-yellow.jpg","contentUrl":"https:\/\/samarali.com\/wp-content\/uploads\/2024\/09\/Eye-pillow-yellow.jpg","width":1000,"height":1000,"caption":"\u00d6gonkudde gul"},{"@type":"BreadcrumbList","@id":"https:\/\/samarali.com\/sv\/produkt\/ey%d0%b5-kudde-av-ekologisk-bomull\/#breadcrumb","itemListElement":[{"@type":"ListItem","position":1,"name":"Hem","item":"https:\/\/samarali.com\/sv\/hem\/"},{"@type":"ListItem","position":2,"name":"Butik","item":"https:\/\/samarali.com\/sv\/butik\/"},{"@type":"ListItem","position":3,"name":"Ey\u0435-kudde av ekologisk bomull"}]},{"@type":"WebSite","@id":"https:\/\/samarali.com\/sv\/#website","url":"https:\/\/samarali.com\/sv\/","name":"Samarali","description":"Samarali \u00e4r ett h\u00e5llbart yoga- och livsstilsvarum\u00e4rke baserat i Nederl\u00e4nderna","publisher":{"@id":"https:\/\/samarali.com\/sv\/#organization"},"potentialAction":[{"@type":"SearchAction","target":{"@type":"EntryPoint","urlTemplate":"https:\/\/samarali.com\/sv\/?s={search_term_string}"},"query-input":{"@type":"PropertyValueSpecification","valueRequired":true,"valueName":"search_term_string"}}],"inLanguage":"sv-SE"},{"@type":"Organization","@id":"https:\/\/samarali.com\/sv\/#organization","name":"Samarali","url":"https:\/\/samarali.com\/sv\/","logo":{"@type":"ImageObject","inLanguage":"sv-SE","@id":"https:\/\/samarali.com\/sv\/#\/schema\/logo\/image\/","url":"https:\/\/samarali.com\/wp-content\/uploads\/2024\/05\/cropped-samarali-icon.png","contentUrl":"https:\/\/samarali.com\/wp-content\/uploads\/2024\/05\/cropped-samarali-icon.png","width":512,"height":512,"caption":"Samarali"},"image":{"@id":"https:\/\/samarali.com\/sv\/#\/schema\/logo\/image\/"},"sameAs":["https:\/\/www.facebook.com\/samaraliyoga","https:\/\/www.linkedin.com\/company\/69563155\/","https:\/\/www.instagram.com\/samaraliyoga\/","https:\/\/nl.pinterest.com\/Samaraliyoga\/"],"description":"Samarali is a sustainable yoga and lifestyle brand based in the Netherlands","email":"info@samarali.com","legalName":"Samarali B.V.","vatID":"NL859820324B01","numberOfEmployees":{"@type":"QuantitativeValue","minValue":"1","maxValue":"10"}}]},"og_availability":"instock","product_availability":"instock","product_retailer_item_id":"11588","product_condition":"new"},"jetpack_sharing_enabled":true,"_links":{"self":[{"href":"https:\/\/samarali.com\/sv\/wp-json\/wp\/v2\/product\/28736","targetHints":{"allow":["GET"]}}],"collection":[{"href":"https:\/\/samarali.com\/sv\/wp-json\/wp\/v2\/product"}],"about":[{"href":"https:\/\/samarali.com\/sv\/wp-json\/wp\/v2\/types\/product"}],"replies":[{"embeddable":true,"href":"https:\/\/samarali.com\/sv\/wp-json\/wp\/v2\/comments?post=28736"}],"version-history":[{"count":1,"href":"https:\/\/samarali.com\/sv\/wp-json\/wp\/v2\/product\/28736\/revisions"}],"predecessor-version":[{"id":32901,"href":"https:\/\/samarali.com\/sv\/wp-json\/wp\/v2\/product\/28736\/revisions\/32901"}],"wp:featuredmedia":[{"embeddable":true,"href":"https:\/\/samarali.com\/sv\/wp-json\/wp\/v2\/media\/26719"}],"wp:attachment":[{"href":"https:\/\/samarali.com\/sv\/wp-json\/wp\/v2\/media?parent=28736"}],"wp:term":[{"taxonomy":"product_cat","embeddable":true,"href":"https:\/\/samarali.com\/sv\/wp-json\/wp\/v2\/product_cat?post=28736"},{"taxonomy":"product_tag","embeddable":true,"href":"https:\/\/samarali.com\/sv\/wp-json\/wp\/v2\/product_tag?post=28736"}],"curies":[{"name":"wp","href":"https:\/\/api.w.org\/{rel}","templated":true}]}}