{"id":28728,"date":"2024-08-01T15:29:12","date_gmt":"2024-08-01T13:29:12","guid":{"rendered":"https:\/\/samarali.com\/product\/massageboll-av-kork\/"},"modified":"2025-01-06T13:44:29","modified_gmt":"2025-01-06T12:44:29","slug":"massageboll-av-kork","status":"publish","type":"product","link":"https:\/\/samarali.com\/sv\/produkt\/massageboll-av-kork\/","title":{"rendered":"Massageboll av kork"},"content":{"rendered":"<p>F\u00e5 lite lindring f\u00f6r de v\u00e4rkande musklerna efter ett intensivt tr\u00e4ningspass eller l\u00e5nga timmar vid skrivbordet med v\u00e5r massageboll i kork.<\/p>\n<ul>\n<li>Perfekt f\u00f6r att komma \u00e5t sv\u00e5r\u00e5tkomliga st\u00e4llen och s\u00e4tta fingret p\u00e5 specifika triggerpunkter<\/li>\n<li>En massageboll \u00e4r perfekt f\u00f6r att v\u00e4cka dina muskler, \u00f6ka blodfl\u00f6det och p\u00e5skynda \u00e5terh\u00e4mtningen.<\/li>\n<li>Denna boll kan massera och slappna av i stort sett alla delar av kroppen.<\/li>\n<li>Den kan enkelt rikta in sig p\u00e5 sm\u00e4rtpunkter och ge en djup v\u00e4vnadsmassage d\u00e4r du beh\u00f6ver det som mest.<\/li>\n<\/ul>\n<p>Massagebollen i kork kan ocks\u00e5 anv\u00e4ndas i kombination med en <strong><a href=\"https:\/\/samarali.eu\/product-category\/yoga\/yin-yoga-sets\/\">Yin Yoga<\/a><\/strong> f\u00f6r att l\u00f6sa upp muskel- och fasciaknutar i nacken, \u00f6vre och nedre delen av ryggen samt skinkorna. Med kontinuerlig anv\u00e4ndning av denna massageboll av kork l\u00e4r du dig att frig\u00f6ra sp\u00e4nningar, sm\u00e4rta och k\u00e4nslom\u00e4ssig energi som lagrats i kroppen. Med en massageboll i kork blir det l\u00e4ttare att slappna av \u00e4n du kanske tror.<\/p>\n<p>Att l\u00e4gga till en triggerpunktsmassageboll i din tr\u00e4ningsrutin kan ge m\u00e5nga f\u00f6rdelar, som att ta itu med plantar fasciit eller \u00f6ka flexibiliteten och blodcirkulationen. Massagebollar \u00e4r prisv\u00e4rda och tillr\u00e4ckligt sm\u00e5 f\u00f6r att f\u00e5 plats i resv\u00e4skan eller handv\u00e4skan vart du \u00e4n g\u00e5r. Du kan ha den vid skrivbordet som en p\u00e5minnelse om att ta en paus och sl\u00e4ppa p\u00e5 uppbyggda muskelsp\u00e4nningar fr\u00e5n d\u00e5lig h\u00e5llning eller stress. Du kan anv\u00e4nda den f\u00f6re ett tr\u00e4ningspass f\u00f6r att aktivera musklerna eller efter f\u00f6r att hj\u00e4lpa till att \u00e5terh\u00e4mta stela muskler. Du kan anv\u00e4nda dem n\u00e4stan var som helst, t.ex. mot en v\u00e4gg, p\u00e5 en stolsrygg eller p\u00e5 golvet.<\/p>\n<p>Det \u00e4r mycket enkelt att anv\u00e4nda en massageboll; du beh\u00f6ver rulla bollen \u00f6ver de muskler d\u00e4r du k\u00e4nner sp\u00e4nningar. Detta \u00f6kar blodfl\u00f6det till omr\u00e5det, f\u00f6rb\u00e4ttrar cirkulationen och hj\u00e4lper till att ta bort eventuell sm\u00e4rta och stelhet.<\/p>\n<p>Samarali massagebollar \u00e4r tillverkade av \u00e5tervunnen kork. De \u00e4r l\u00e4tta och enkla att b\u00e4ra med sig \u00f6verallt, p\u00e5 kontoret eller under semestern.<\/p>\n","protected":false},"excerpt":{"rendered":"<p>Lindra muskelsp\u00e4nningar och \u00f6ka \u00e5terh\u00e4mtningen med v\u00e5r massageboll i kork. Perfekt f\u00f6r att rikta in sig p\u00e5 triggerpunkter, f\u00f6rb\u00e4ttrar blodfl\u00f6det och flexibiliteten. Den \u00e4r kompakt och milj\u00f6v\u00e4nlig och kan anv\u00e4ndas var som helst, n\u00e4r som helst.<\/p>\n","protected":false},"featured_media":18911,"comment_status":"open","ping_status":"closed","template":"","meta":{"_acf_changed":false,"_improvement_type_select":"improve_an_existing","_thumb_yes_seoaic":false,"_frame_yes_seoaic":false,"seoaic_generate_description":"","seoaic_improve_instructions_prompt":"","seoaic_rollback_content_improvement":"","seoaic_idea_thumbnail_generator":"","thumbnail_generated":false,"thumbnail_generate_prompt":"","seoaic_article_description":"","inline_featured_image":false},"product_cat":[362,344,343,317],"product_tag":[],"class_list":{"0":"post-28728","1":"product","2":"type-product","3":"status-publish","4":"has-post-thumbnail","6":"product_cat-massage-sv","7":"product_cat-tillbehor","8":"product_cat-yoga-tillbehor","9":"product_cat-yoga-sv","11":"first","12":"instock","13":"shipping-taxable","14":"purchasable","15":"product-type-simple"},"acf":[],"yoast_head":"<!-- This site is optimized with the Yoast SEO Premium plugin v27.3 (Yoast SEO v27.3) - https:\/\/yoast.com\/product\/yoast-seo-premium-wordpress\/ -->\n<title>Massageboll av kork - Samarali<\/title>\n<meta name=\"description\" content=\"Massageboll av kork. Perfekt f\u00f6r att rikta in sig p\u00e5 triggerpunkter, f\u00f6rb\u00e4ttrar blodfl\u00f6det och flexibiliteten. Kompakt och milj\u00f6v\u00e4nlig.\" \/>\n<meta name=\"robots\" content=\"index, follow, max-snippet:-1, max-image-preview:large, max-video-preview:-1\" \/>\n<link rel=\"canonical\" href=\"https:\/\/samarali.com\/sv\/produkt\/massageboll-av-kork\/\" \/>\n<meta property=\"og:locale\" content=\"sv_SE\" \/>\n<meta property=\"og:type\" content=\"article\" \/>\n<meta property=\"og:title\" content=\"Massageboll av kork - Samarali\" \/>\n<meta property=\"og:description\" content=\"Massageboll av kork. Perfekt f\u00f6r att rikta in sig p\u00e5 triggerpunkter, f\u00f6rb\u00e4ttrar blodfl\u00f6det och flexibiliteten. Kompakt och milj\u00f6v\u00e4nlig.\" \/>\n<meta property=\"og:url\" content=\"https:\/\/samarali.com\/sv\/produkt\/massageboll-av-kork\/\" \/>\n<meta property=\"og:site_name\" content=\"Samarali\" \/>\n<meta property=\"article:publisher\" content=\"https:\/\/www.facebook.com\/samaraliyoga\" \/>\n<meta property=\"article:modified_time\" content=\"2025-01-06T12:44:29+00:00\" \/>\n<meta property=\"og:image\" content=\"https:\/\/samarali.com\/wp-content\/uploads\/2024\/08\/Untitled-12.jpg\" \/>\n\t<meta property=\"og:image:width\" content=\"1080\" \/>\n\t<meta property=\"og:image:height\" content=\"1080\" \/>\n\t<meta property=\"og:image:type\" content=\"image\/jpeg\" \/>\n<meta name=\"twitter:card\" content=\"summary_large_image\" \/>\n<meta name=\"twitter:label1\" content=\"Pris\" \/>\n\t<meta name=\"twitter:data1\" content=\"&euro;&nbsp;15,95\" \/>\n\t<meta name=\"twitter:label2\" content=\"Tillg\u00e4nglig\" \/>\n\t<meta name=\"twitter:data2\" content=\"I lager\" \/>\n<script type=\"application\/ld+json\" class=\"yoast-schema-graph\">{\"@context\":\"https:\\\/\\\/schema.org\",\"@graph\":[{\"@type\":\"WebPage\",\"@id\":\"https:\\\/\\\/samarali.com\\\/sv\\\/produkt\\\/massageboll-av-kork\\\/\",\"url\":\"https:\\\/\\\/samarali.com\\\/sv\\\/produkt\\\/massageboll-av-kork\\\/\",\"name\":\"Massageboll av kork - Samarali\",\"isPartOf\":{\"@id\":\"https:\\\/\\\/samarali.com\\\/sv\\\/#website\"},\"primaryImageOfPage\":{\"@id\":\"https:\\\/\\\/samarali.com\\\/sv\\\/produkt\\\/massageboll-av-kork\\\/#primaryimage\"},\"image\":{\"@id\":\"https:\\\/\\\/samarali.com\\\/sv\\\/produkt\\\/massageboll-av-kork\\\/#primaryimage\"},\"thumbnailUrl\":\"https:\\\/\\\/samarali.com\\\/wp-content\\\/uploads\\\/2024\\\/08\\\/Untitled-12.jpg\",\"datePublished\":\"2024-08-01T13:29:12+00:00\",\"dateModified\":\"2025-01-06T12:44:29+00:00\",\"description\":\"Massageboll av kork. Perfekt f\u00f6r att rikta in sig p\u00e5 triggerpunkter, f\u00f6rb\u00e4ttrar blodfl\u00f6det och flexibiliteten. Kompakt och milj\u00f6v\u00e4nlig.\",\"breadcrumb\":{\"@id\":\"https:\\\/\\\/samarali.com\\\/sv\\\/produkt\\\/massageboll-av-kork\\\/#breadcrumb\"},\"inLanguage\":\"sv-SE\",\"potentialAction\":[{\"@type\":\"ReadAction\",\"target\":[\"https:\\\/\\\/samarali.com\\\/sv\\\/produkt\\\/massageboll-av-kork\\\/\"]}]},{\"@type\":\"ImageObject\",\"inLanguage\":\"sv-SE\",\"@id\":\"https:\\\/\\\/samarali.com\\\/sv\\\/produkt\\\/massageboll-av-kork\\\/#primaryimage\",\"url\":\"https:\\\/\\\/samarali.com\\\/wp-content\\\/uploads\\\/2024\\\/08\\\/Untitled-12.jpg\",\"contentUrl\":\"https:\\\/\\\/samarali.com\\\/wp-content\\\/uploads\\\/2024\\\/08\\\/Untitled-12.jpg\",\"width\":1080,\"height\":1080,\"caption\":\"Utan titel 12\"},{\"@type\":\"BreadcrumbList\",\"@id\":\"https:\\\/\\\/samarali.com\\\/sv\\\/produkt\\\/massageboll-av-kork\\\/#breadcrumb\",\"itemListElement\":[{\"@type\":\"ListItem\",\"position\":1,\"name\":\"Hem\",\"item\":\"https:\\\/\\\/samarali.com\\\/sv\\\/hem\\\/\"},{\"@type\":\"ListItem\",\"position\":2,\"name\":\"Butik\",\"item\":\"https:\\\/\\\/samarali.com\\\/sv\\\/butik\\\/\"},{\"@type\":\"ListItem\",\"position\":3,\"name\":\"Massageboll av kork\"}]},{\"@type\":\"WebSite\",\"@id\":\"https:\\\/\\\/samarali.com\\\/sv\\\/#website\",\"url\":\"https:\\\/\\\/samarali.com\\\/sv\\\/\",\"name\":\"Samarali\",\"description\":\"Samarali \u00e4r ett h\u00e5llbart yoga- och livsstilsvarum\u00e4rke baserat i Nederl\u00e4nderna\",\"publisher\":{\"@id\":\"https:\\\/\\\/samarali.com\\\/sv\\\/#organization\"},\"potentialAction\":[{\"@type\":\"SearchAction\",\"target\":{\"@type\":\"EntryPoint\",\"urlTemplate\":\"https:\\\/\\\/samarali.com\\\/sv\\\/?s={search_term_string}\"},\"query-input\":{\"@type\":\"PropertyValueSpecification\",\"valueRequired\":true,\"valueName\":\"search_term_string\"}}],\"inLanguage\":\"sv-SE\"},{\"@type\":\"Organization\",\"@id\":\"https:\\\/\\\/samarali.com\\\/sv\\\/#organization\",\"name\":\"Samarali\",\"url\":\"https:\\\/\\\/samarali.com\\\/sv\\\/\",\"logo\":{\"@type\":\"ImageObject\",\"inLanguage\":\"sv-SE\",\"@id\":\"https:\\\/\\\/samarali.com\\\/sv\\\/#\\\/schema\\\/logo\\\/image\\\/\",\"url\":\"https:\\\/\\\/samarali.com\\\/wp-content\\\/uploads\\\/2024\\\/05\\\/cropped-samarali-icon.png\",\"contentUrl\":\"https:\\\/\\\/samarali.com\\\/wp-content\\\/uploads\\\/2024\\\/05\\\/cropped-samarali-icon.png\",\"width\":512,\"height\":512,\"caption\":\"Samarali\"},\"image\":{\"@id\":\"https:\\\/\\\/samarali.com\\\/sv\\\/#\\\/schema\\\/logo\\\/image\\\/\"},\"sameAs\":[\"https:\\\/\\\/www.facebook.com\\\/samaraliyoga\",\"https:\\\/\\\/www.linkedin.com\\\/company\\\/69563155\\\/\",\"https:\\\/\\\/www.instagram.com\\\/samaraliyoga\\\/\",\"https:\\\/\\\/nl.pinterest.com\\\/Samaraliyoga\\\/\"],\"description\":\"Samarali is a sustainable yoga and lifestyle brand based in the Netherlands\",\"email\":\"info@samarali.com\",\"legalName\":\"Samarali B.V.\",\"vatID\":\"NL859820324B01\",\"numberOfEmployees\":{\"@type\":\"QuantitativeValue\",\"minValue\":\"1\",\"maxValue\":\"10\"}}]}<\/script>\n<meta property=\"product:price:amount\" content=\"15.95\" \/>\n<meta property=\"product:price:currency\" content=\"EUR\" \/>\n<meta property=\"og:availability\" content=\"instock\" \/>\n<meta property=\"product:availability\" content=\"instock\" \/>\n<meta property=\"product:retailer_item_id\" content=\"11118\" \/>\n<meta property=\"product:condition\" content=\"new\" \/>\n<!-- \/ Yoast SEO Premium plugin. -->","yoast_head_json":{"title":"Massageboll av kork - Samarali","description":"Massageboll av kork. Perfekt f\u00f6r att rikta in sig p\u00e5 triggerpunkter, f\u00f6rb\u00e4ttrar blodfl\u00f6det och flexibiliteten. Kompakt och milj\u00f6v\u00e4nlig.","robots":{"index":"index","follow":"follow","max-snippet":"max-snippet:-1","max-image-preview":"max-image-preview:large","max-video-preview":"max-video-preview:-1"},"canonical":"https:\/\/samarali.com\/sv\/produkt\/massageboll-av-kork\/","og_locale":"sv_SE","og_type":"article","og_title":"Massageboll av kork - Samarali","og_description":"Massageboll av kork. Perfekt f\u00f6r att rikta in sig p\u00e5 triggerpunkter, f\u00f6rb\u00e4ttrar blodfl\u00f6det och flexibiliteten. Kompakt och milj\u00f6v\u00e4nlig.","og_url":"https:\/\/samarali.com\/sv\/produkt\/massageboll-av-kork\/","og_site_name":"Samarali","article_publisher":"https:\/\/www.facebook.com\/samaraliyoga","article_modified_time":"2025-01-06T12:44:29+00:00","og_image":[{"width":1080,"height":1080,"url":"https:\/\/samarali.com\/wp-content\/uploads\/2024\/08\/Untitled-12.jpg","type":"image\/jpeg"}],"twitter_card":"summary_large_image","twitter_misc":{"Pris":"&euro;&nbsp;15,95","Tillg\u00e4nglig":"I lager"},"schema":{"@context":"https:\/\/schema.org","@graph":[{"@type":"WebPage","@id":"https:\/\/samarali.com\/sv\/produkt\/massageboll-av-kork\/","url":"https:\/\/samarali.com\/sv\/produkt\/massageboll-av-kork\/","name":"Massageboll av kork - Samarali","isPartOf":{"@id":"https:\/\/samarali.com\/sv\/#website"},"primaryImageOfPage":{"@id":"https:\/\/samarali.com\/sv\/produkt\/massageboll-av-kork\/#primaryimage"},"image":{"@id":"https:\/\/samarali.com\/sv\/produkt\/massageboll-av-kork\/#primaryimage"},"thumbnailUrl":"https:\/\/samarali.com\/wp-content\/uploads\/2024\/08\/Untitled-12.jpg","datePublished":"2024-08-01T13:29:12+00:00","dateModified":"2025-01-06T12:44:29+00:00","description":"Massageboll av kork. Perfekt f\u00f6r att rikta in sig p\u00e5 triggerpunkter, f\u00f6rb\u00e4ttrar blodfl\u00f6det och flexibiliteten. Kompakt och milj\u00f6v\u00e4nlig.","breadcrumb":{"@id":"https:\/\/samarali.com\/sv\/produkt\/massageboll-av-kork\/#breadcrumb"},"inLanguage":"sv-SE","potentialAction":[{"@type":"ReadAction","target":["https:\/\/samarali.com\/sv\/produkt\/massageboll-av-kork\/"]}]},{"@type":"ImageObject","inLanguage":"sv-SE","@id":"https:\/\/samarali.com\/sv\/produkt\/massageboll-av-kork\/#primaryimage","url":"https:\/\/samarali.com\/wp-content\/uploads\/2024\/08\/Untitled-12.jpg","contentUrl":"https:\/\/samarali.com\/wp-content\/uploads\/2024\/08\/Untitled-12.jpg","width":1080,"height":1080,"caption":"Utan titel 12"},{"@type":"BreadcrumbList","@id":"https:\/\/samarali.com\/sv\/produkt\/massageboll-av-kork\/#breadcrumb","itemListElement":[{"@type":"ListItem","position":1,"name":"Hem","item":"https:\/\/samarali.com\/sv\/hem\/"},{"@type":"ListItem","position":2,"name":"Butik","item":"https:\/\/samarali.com\/sv\/butik\/"},{"@type":"ListItem","position":3,"name":"Massageboll av kork"}]},{"@type":"WebSite","@id":"https:\/\/samarali.com\/sv\/#website","url":"https:\/\/samarali.com\/sv\/","name":"Samarali","description":"Samarali \u00e4r ett h\u00e5llbart yoga- och livsstilsvarum\u00e4rke baserat i Nederl\u00e4nderna","publisher":{"@id":"https:\/\/samarali.com\/sv\/#organization"},"potentialAction":[{"@type":"SearchAction","target":{"@type":"EntryPoint","urlTemplate":"https:\/\/samarali.com\/sv\/?s={search_term_string}"},"query-input":{"@type":"PropertyValueSpecification","valueRequired":true,"valueName":"search_term_string"}}],"inLanguage":"sv-SE"},{"@type":"Organization","@id":"https:\/\/samarali.com\/sv\/#organization","name":"Samarali","url":"https:\/\/samarali.com\/sv\/","logo":{"@type":"ImageObject","inLanguage":"sv-SE","@id":"https:\/\/samarali.com\/sv\/#\/schema\/logo\/image\/","url":"https:\/\/samarali.com\/wp-content\/uploads\/2024\/05\/cropped-samarali-icon.png","contentUrl":"https:\/\/samarali.com\/wp-content\/uploads\/2024\/05\/cropped-samarali-icon.png","width":512,"height":512,"caption":"Samarali"},"image":{"@id":"https:\/\/samarali.com\/sv\/#\/schema\/logo\/image\/"},"sameAs":["https:\/\/www.facebook.com\/samaraliyoga","https:\/\/www.linkedin.com\/company\/69563155\/","https:\/\/www.instagram.com\/samaraliyoga\/","https:\/\/nl.pinterest.com\/Samaraliyoga\/"],"description":"Samarali is a sustainable yoga and lifestyle brand based in the Netherlands","email":"info@samarali.com","legalName":"Samarali B.V.","vatID":"NL859820324B01","numberOfEmployees":{"@type":"QuantitativeValue","minValue":"1","maxValue":"10"}}]},"product_price_amount":"15.95","product_price_currency":"EUR","og_availability":"instock","product_availability":"instock","product_retailer_item_id":"11118","product_condition":"new"},"jetpack_sharing_enabled":true,"_links":{"self":[{"href":"https:\/\/samarali.com\/sv\/wp-json\/wp\/v2\/product\/28728","targetHints":{"allow":["GET"]}}],"collection":[{"href":"https:\/\/samarali.com\/sv\/wp-json\/wp\/v2\/product"}],"about":[{"href":"https:\/\/samarali.com\/sv\/wp-json\/wp\/v2\/types\/product"}],"replies":[{"embeddable":true,"href":"https:\/\/samarali.com\/sv\/wp-json\/wp\/v2\/comments?post=28728"}],"version-history":[{"count":1,"href":"https:\/\/samarali.com\/sv\/wp-json\/wp\/v2\/product\/28728\/revisions"}],"predecessor-version":[{"id":32908,"href":"https:\/\/samarali.com\/sv\/wp-json\/wp\/v2\/product\/28728\/revisions\/32908"}],"wp:featuredmedia":[{"embeddable":true,"href":"https:\/\/samarali.com\/sv\/wp-json\/wp\/v2\/media\/18911"}],"wp:attachment":[{"href":"https:\/\/samarali.com\/sv\/wp-json\/wp\/v2\/media?parent=28728"}],"wp:term":[{"taxonomy":"product_cat","embeddable":true,"href":"https:\/\/samarali.com\/sv\/wp-json\/wp\/v2\/product_cat?post=28728"},{"taxonomy":"product_tag","embeddable":true,"href":"https:\/\/samarali.com\/sv\/wp-json\/wp\/v2\/product_tag?post=28728"}],"curies":[{"name":"wp","href":"https:\/\/api.w.org\/{rel}","templated":true}]}}