{"id":28725,"date":"2024-08-01T15:37:02","date_gmt":"2024-08-01T13:37:02","guid":{"rendered":"https:\/\/samarali.com\/product\/massageboll-med-jordnotter\/"},"modified":"2024-12-02T00:03:15","modified_gmt":"2024-12-01T23:03:15","slug":"massageboll-med-jordnotter","status":"publish","type":"product","link":"https:\/\/samarali.com\/sv\/produkt\/massageboll-med-jordnotter\/","title":{"rendered":"Massageboll med jordn\u00f6tter"},"content":{"rendered":"<p>N\u00e4r det g\u00e4ller att lindra sp\u00e4nningar och stelhet i dina muskler beh\u00f6ver du n\u00e5got revolutionerande.<br \/>\nV\u00e5r massageboll f\u00f6r jordn\u00f6tter \u00e4r utformad inte bara f\u00f6r att lindra sm\u00e4rta utan ocks\u00e5 f\u00f6r att f\u00f6rb\u00e4ttra blodcirkulationen.<br \/>\nVi tror att dessa funktioner g\u00f6r en betydande skillnad i din totala upplevelse!<br \/>\nDess unika design g\u00f6r att du kan n\u00e5 \u00e4ven de mest sv\u00e5r\u00e5tkomliga musklerna och effektivt rikta in dig p\u00e5 omr\u00e5den d\u00e4r du k\u00e4nner sp\u00e4nningar eller knutar.<br \/>\nDen \u00e4r s\u00e4rskilt effektiv p\u00e5 nacke och rygg &#8211; omr\u00e5den som tenderar att bli sp\u00e4nda snabbt.<br \/>\nRegelbunden anv\u00e4ndning av korkmassagebollen kan ocks\u00e5 f\u00f6rb\u00e4ttra blodcirkulationen och muskelflexibiliteten, vilket g\u00f6r den till ett perfekt verktyg f\u00f6r dem som vill f\u00f6rb\u00e4ttra sin atletiska prestation.<br \/>\nDu kan anv\u00e4nda den f\u00f6re eller efter dina tr\u00e4ningspass; korkbollen aktiverar snabbt musklerna och v\u00e4rmer upp dem inf\u00f6r \u00e4ven den mest intensiva tr\u00e4ningen samtidigt som den f\u00e5r dem att slappna av efter timmar av fysisk aktivitet.<br \/>\nMassagebollen \u00e4r otroligt m\u00e5ngsidig &#8211; du kan anv\u00e4nda den n\u00e4r du sitter i en stol, ligger p\u00e5 en matta, s\u00e4ng eller till och med p\u00e5 golvet, s\u00e5 att du kan njuta av f\u00f6rdelarna med djup massage i alla milj\u00f6er.<br \/>\nDen \u00e4r ocks\u00e5 l\u00e4tt att reng\u00f6ra och kr\u00e4ver bara en snabb avtorkning med en fuktig handduk efter anv\u00e4ndning.<br \/>\nDessutom \u00e4r designen fri fr\u00e5n gifter, vilket s\u00e4kerst\u00e4ller att regelbunden anv\u00e4ndning \u00e4r helt s\u00e4ker.         <\/p>\n","protected":false},"excerpt":{"rendered":"<p>N\u00e4r det g\u00e4ller att lindra sp\u00e4nningar och stelhet i dina muskler beh\u00f6ver du n\u00e5got revolutionerande. V\u00e5r massageboll f\u00f6r jordn\u00f6tter \u00e4r utformad inte bara f\u00f6r att lindra sm\u00e4rta utan ocks\u00e5 f\u00f6r att f\u00f6rb\u00e4ttra blodcirkulationen. Vi tror att dessa funktioner g\u00f6r en betydande skillnad i din totala upplevelse! Dess unika design g\u00f6r att du kan n\u00e5 \u00e4ven [&hellip;]<\/p>\n","protected":false},"featured_media":18929,"comment_status":"open","ping_status":"closed","template":"","meta":{"_acf_changed":false,"_improvement_type_select":"improve_an_existing","_thumb_yes_seoaic":false,"_frame_yes_seoaic":false,"seoaic_generate_description":"","seoaic_improve_instructions_prompt":"","seoaic_rollback_content_improvement":"","seoaic_idea_thumbnail_generator":"","thumbnail_generated":false,"thumbnail_generate_prompt":"","seoaic_article_description":"","inline_featured_image":false},"product_cat":[362,344,343,317],"product_tag":[],"class_list":{"0":"post-28725","1":"product","2":"type-product","3":"status-publish","4":"has-post-thumbnail","6":"product_cat-massage-sv","7":"product_cat-tillbehor","8":"product_cat-yoga-tillbehor","9":"product_cat-yoga-sv","11":"first","12":"onbackorder","13":"sale","14":"shipping-taxable","15":"purchasable","16":"product-type-simple"},"acf":[],"yoast_head":"<!-- This site is optimized with the Yoast SEO Premium plugin v27.3 (Yoast SEO v27.3) - https:\/\/yoast.com\/product\/yoast-seo-premium-wordpress\/ -->\n<title>Massageboll med jordn\u00f6tter - Samarali<\/title>\n<meta name=\"robots\" content=\"index, follow, max-snippet:-1, max-image-preview:large, max-video-preview:-1\" \/>\n<link rel=\"canonical\" href=\"https:\/\/samarali.com\/sv\/produkt\/massageboll-med-jordnotter\/\" \/>\n<meta property=\"og:locale\" content=\"sv_SE\" \/>\n<meta property=\"og:type\" content=\"article\" \/>\n<meta property=\"og:title\" content=\"Massageboll med jordn\u00f6tter - Samarali\" \/>\n<meta property=\"og:description\" content=\"N\u00e4r det g\u00e4ller att lindra sp\u00e4nningar och stelhet i dina muskler beh\u00f6ver du n\u00e5got revolutionerande. V\u00e5r massageboll f\u00f6r jordn\u00f6tter \u00e4r utformad inte bara f\u00f6r att lindra sm\u00e4rta utan ocks\u00e5 f\u00f6r att f\u00f6rb\u00e4ttra blodcirkulationen. Vi tror att dessa funktioner g\u00f6r en betydande skillnad i din totala upplevelse! Dess unika design g\u00f6r att du kan n\u00e5 \u00e4ven [&hellip;]\" \/>\n<meta property=\"og:url\" content=\"https:\/\/samarali.com\/sv\/produkt\/massageboll-med-jordnotter\/\" \/>\n<meta property=\"og:site_name\" content=\"Samarali\" \/>\n<meta property=\"article:publisher\" content=\"https:\/\/www.facebook.com\/samaraliyoga\" \/>\n<meta property=\"article:modified_time\" content=\"2024-12-01T23:03:15+00:00\" \/>\n<meta property=\"og:image\" content=\"https:\/\/samarali.com\/wp-content\/uploads\/2024\/08\/Peanut-massage_01.jpg\" \/>\n\t<meta property=\"og:image:width\" content=\"1000\" \/>\n\t<meta property=\"og:image:height\" content=\"1000\" \/>\n\t<meta property=\"og:image:type\" content=\"image\/jpeg\" \/>\n<meta name=\"twitter:card\" content=\"summary_large_image\" \/>\n<meta name=\"twitter:label1\" content=\"Pris\" \/>\n\t<meta name=\"twitter:data1\" content=\"&euro;&nbsp;11,99\" \/>\n\t<meta name=\"twitter:label2\" content=\"Tillg\u00e4nglig\" \/>\n\t<meta name=\"twitter:data2\" content=\"P\u00e5 restorder\" \/>\n<script type=\"application\/ld+json\" class=\"yoast-schema-graph\">{\"@context\":\"https:\\\/\\\/schema.org\",\"@graph\":[{\"@type\":\"WebPage\",\"@id\":\"https:\\\/\\\/samarali.com\\\/sv\\\/produkt\\\/massageboll-med-jordnotter\\\/\",\"url\":\"https:\\\/\\\/samarali.com\\\/sv\\\/produkt\\\/massageboll-med-jordnotter\\\/\",\"name\":\"Massageboll med jordn\u00f6tter - Samarali\",\"isPartOf\":{\"@id\":\"https:\\\/\\\/samarali.com\\\/sv\\\/#website\"},\"primaryImageOfPage\":{\"@id\":\"https:\\\/\\\/samarali.com\\\/sv\\\/produkt\\\/massageboll-med-jordnotter\\\/#primaryimage\"},\"image\":{\"@id\":\"https:\\\/\\\/samarali.com\\\/sv\\\/produkt\\\/massageboll-med-jordnotter\\\/#primaryimage\"},\"thumbnailUrl\":\"https:\\\/\\\/samarali.com\\\/wp-content\\\/uploads\\\/2024\\\/08\\\/Peanut-massage_01.jpg\",\"datePublished\":\"2024-08-01T13:37:02+00:00\",\"dateModified\":\"2024-12-01T23:03:15+00:00\",\"breadcrumb\":{\"@id\":\"https:\\\/\\\/samarali.com\\\/sv\\\/produkt\\\/massageboll-med-jordnotter\\\/#breadcrumb\"},\"inLanguage\":\"sv-SE\",\"potentialAction\":[{\"@type\":\"ReadAction\",\"target\":[\"https:\\\/\\\/samarali.com\\\/sv\\\/produkt\\\/massageboll-med-jordnotter\\\/\"]}]},{\"@type\":\"ImageObject\",\"inLanguage\":\"sv-SE\",\"@id\":\"https:\\\/\\\/samarali.com\\\/sv\\\/produkt\\\/massageboll-med-jordnotter\\\/#primaryimage\",\"url\":\"https:\\\/\\\/samarali.com\\\/wp-content\\\/uploads\\\/2024\\\/08\\\/Peanut-massage_01.jpg\",\"contentUrl\":\"https:\\\/\\\/samarali.com\\\/wp-content\\\/uploads\\\/2024\\\/08\\\/Peanut-massage_01.jpg\",\"width\":1000,\"height\":1000,\"caption\":\"Peanut massage 01\"},{\"@type\":\"BreadcrumbList\",\"@id\":\"https:\\\/\\\/samarali.com\\\/sv\\\/produkt\\\/massageboll-med-jordnotter\\\/#breadcrumb\",\"itemListElement\":[{\"@type\":\"ListItem\",\"position\":1,\"name\":\"Hem\",\"item\":\"https:\\\/\\\/samarali.com\\\/sv\\\/hem\\\/\"},{\"@type\":\"ListItem\",\"position\":2,\"name\":\"Butik\",\"item\":\"https:\\\/\\\/samarali.com\\\/sv\\\/butik\\\/\"},{\"@type\":\"ListItem\",\"position\":3,\"name\":\"Massageboll med jordn\u00f6tter\"}]},{\"@type\":\"WebSite\",\"@id\":\"https:\\\/\\\/samarali.com\\\/sv\\\/#website\",\"url\":\"https:\\\/\\\/samarali.com\\\/sv\\\/\",\"name\":\"Samarali\",\"description\":\"Samarali \u00e4r ett h\u00e5llbart yoga- och livsstilsvarum\u00e4rke baserat i Nederl\u00e4nderna\",\"publisher\":{\"@id\":\"https:\\\/\\\/samarali.com\\\/sv\\\/#organization\"},\"potentialAction\":[{\"@type\":\"SearchAction\",\"target\":{\"@type\":\"EntryPoint\",\"urlTemplate\":\"https:\\\/\\\/samarali.com\\\/sv\\\/?s={search_term_string}\"},\"query-input\":{\"@type\":\"PropertyValueSpecification\",\"valueRequired\":true,\"valueName\":\"search_term_string\"}}],\"inLanguage\":\"sv-SE\"},{\"@type\":\"Organization\",\"@id\":\"https:\\\/\\\/samarali.com\\\/sv\\\/#organization\",\"name\":\"Samarali\",\"url\":\"https:\\\/\\\/samarali.com\\\/sv\\\/\",\"logo\":{\"@type\":\"ImageObject\",\"inLanguage\":\"sv-SE\",\"@id\":\"https:\\\/\\\/samarali.com\\\/sv\\\/#\\\/schema\\\/logo\\\/image\\\/\",\"url\":\"https:\\\/\\\/samarali.com\\\/wp-content\\\/uploads\\\/2024\\\/05\\\/cropped-samarali-icon.png\",\"contentUrl\":\"https:\\\/\\\/samarali.com\\\/wp-content\\\/uploads\\\/2024\\\/05\\\/cropped-samarali-icon.png\",\"width\":512,\"height\":512,\"caption\":\"Samarali\"},\"image\":{\"@id\":\"https:\\\/\\\/samarali.com\\\/sv\\\/#\\\/schema\\\/logo\\\/image\\\/\"},\"sameAs\":[\"https:\\\/\\\/www.facebook.com\\\/samaraliyoga\",\"https:\\\/\\\/www.linkedin.com\\\/company\\\/69563155\\\/\",\"https:\\\/\\\/www.instagram.com\\\/samaraliyoga\\\/\",\"https:\\\/\\\/nl.pinterest.com\\\/Samaraliyoga\\\/\"],\"description\":\"Samarali is a sustainable yoga and lifestyle brand based in the Netherlands\",\"email\":\"info@samarali.com\",\"legalName\":\"Samarali B.V.\",\"vatID\":\"NL859820324B01\",\"numberOfEmployees\":{\"@type\":\"QuantitativeValue\",\"minValue\":\"1\",\"maxValue\":\"10\"}}]}<\/script>\n<meta property=\"product:price:amount\" content=\"11.99\" \/>\n<meta property=\"product:price:currency\" content=\"EUR\" \/>\n<meta property=\"og:availability\" content=\"backorder\" \/>\n<meta property=\"product:availability\" content=\"available for order\" \/>\n<meta property=\"product:retailer_item_id\" content=\"11702\" \/>\n<meta property=\"product:condition\" content=\"new\" \/>\n<!-- \/ Yoast SEO Premium plugin. -->","yoast_head_json":{"title":"Massageboll med jordn\u00f6tter - Samarali","robots":{"index":"index","follow":"follow","max-snippet":"max-snippet:-1","max-image-preview":"max-image-preview:large","max-video-preview":"max-video-preview:-1"},"canonical":"https:\/\/samarali.com\/sv\/produkt\/massageboll-med-jordnotter\/","og_locale":"sv_SE","og_type":"article","og_title":"Massageboll med jordn\u00f6tter - Samarali","og_description":"N\u00e4r det g\u00e4ller att lindra sp\u00e4nningar och stelhet i dina muskler beh\u00f6ver du n\u00e5got revolutionerande. V\u00e5r massageboll f\u00f6r jordn\u00f6tter \u00e4r utformad inte bara f\u00f6r att lindra sm\u00e4rta utan ocks\u00e5 f\u00f6r att f\u00f6rb\u00e4ttra blodcirkulationen. Vi tror att dessa funktioner g\u00f6r en betydande skillnad i din totala upplevelse! Dess unika design g\u00f6r att du kan n\u00e5 \u00e4ven [&hellip;]","og_url":"https:\/\/samarali.com\/sv\/produkt\/massageboll-med-jordnotter\/","og_site_name":"Samarali","article_publisher":"https:\/\/www.facebook.com\/samaraliyoga","article_modified_time":"2024-12-01T23:03:15+00:00","og_image":[{"width":1000,"height":1000,"url":"https:\/\/samarali.com\/wp-content\/uploads\/2024\/08\/Peanut-massage_01.jpg","type":"image\/jpeg"}],"twitter_card":"summary_large_image","twitter_misc":{"Pris":"&euro;&nbsp;11,99","Tillg\u00e4nglig":"P\u00e5 restorder"},"schema":{"@context":"https:\/\/schema.org","@graph":[{"@type":"WebPage","@id":"https:\/\/samarali.com\/sv\/produkt\/massageboll-med-jordnotter\/","url":"https:\/\/samarali.com\/sv\/produkt\/massageboll-med-jordnotter\/","name":"Massageboll med jordn\u00f6tter - Samarali","isPartOf":{"@id":"https:\/\/samarali.com\/sv\/#website"},"primaryImageOfPage":{"@id":"https:\/\/samarali.com\/sv\/produkt\/massageboll-med-jordnotter\/#primaryimage"},"image":{"@id":"https:\/\/samarali.com\/sv\/produkt\/massageboll-med-jordnotter\/#primaryimage"},"thumbnailUrl":"https:\/\/samarali.com\/wp-content\/uploads\/2024\/08\/Peanut-massage_01.jpg","datePublished":"2024-08-01T13:37:02+00:00","dateModified":"2024-12-01T23:03:15+00:00","breadcrumb":{"@id":"https:\/\/samarali.com\/sv\/produkt\/massageboll-med-jordnotter\/#breadcrumb"},"inLanguage":"sv-SE","potentialAction":[{"@type":"ReadAction","target":["https:\/\/samarali.com\/sv\/produkt\/massageboll-med-jordnotter\/"]}]},{"@type":"ImageObject","inLanguage":"sv-SE","@id":"https:\/\/samarali.com\/sv\/produkt\/massageboll-med-jordnotter\/#primaryimage","url":"https:\/\/samarali.com\/wp-content\/uploads\/2024\/08\/Peanut-massage_01.jpg","contentUrl":"https:\/\/samarali.com\/wp-content\/uploads\/2024\/08\/Peanut-massage_01.jpg","width":1000,"height":1000,"caption":"Peanut massage 01"},{"@type":"BreadcrumbList","@id":"https:\/\/samarali.com\/sv\/produkt\/massageboll-med-jordnotter\/#breadcrumb","itemListElement":[{"@type":"ListItem","position":1,"name":"Hem","item":"https:\/\/samarali.com\/sv\/hem\/"},{"@type":"ListItem","position":2,"name":"Butik","item":"https:\/\/samarali.com\/sv\/butik\/"},{"@type":"ListItem","position":3,"name":"Massageboll med jordn\u00f6tter"}]},{"@type":"WebSite","@id":"https:\/\/samarali.com\/sv\/#website","url":"https:\/\/samarali.com\/sv\/","name":"Samarali","description":"Samarali \u00e4r ett h\u00e5llbart yoga- och livsstilsvarum\u00e4rke baserat i Nederl\u00e4nderna","publisher":{"@id":"https:\/\/samarali.com\/sv\/#organization"},"potentialAction":[{"@type":"SearchAction","target":{"@type":"EntryPoint","urlTemplate":"https:\/\/samarali.com\/sv\/?s={search_term_string}"},"query-input":{"@type":"PropertyValueSpecification","valueRequired":true,"valueName":"search_term_string"}}],"inLanguage":"sv-SE"},{"@type":"Organization","@id":"https:\/\/samarali.com\/sv\/#organization","name":"Samarali","url":"https:\/\/samarali.com\/sv\/","logo":{"@type":"ImageObject","inLanguage":"sv-SE","@id":"https:\/\/samarali.com\/sv\/#\/schema\/logo\/image\/","url":"https:\/\/samarali.com\/wp-content\/uploads\/2024\/05\/cropped-samarali-icon.png","contentUrl":"https:\/\/samarali.com\/wp-content\/uploads\/2024\/05\/cropped-samarali-icon.png","width":512,"height":512,"caption":"Samarali"},"image":{"@id":"https:\/\/samarali.com\/sv\/#\/schema\/logo\/image\/"},"sameAs":["https:\/\/www.facebook.com\/samaraliyoga","https:\/\/www.linkedin.com\/company\/69563155\/","https:\/\/www.instagram.com\/samaraliyoga\/","https:\/\/nl.pinterest.com\/Samaraliyoga\/"],"description":"Samarali is a sustainable yoga and lifestyle brand based in the Netherlands","email":"info@samarali.com","legalName":"Samarali B.V.","vatID":"NL859820324B01","numberOfEmployees":{"@type":"QuantitativeValue","minValue":"1","maxValue":"10"}}]},"product_price_amount":"11.99","product_price_currency":"EUR","og_availability":"backorder","product_availability":"available for order","product_retailer_item_id":"11702","product_condition":"new"},"jetpack_sharing_enabled":true,"_links":{"self":[{"href":"https:\/\/samarali.com\/sv\/wp-json\/wp\/v2\/product\/28725","targetHints":{"allow":["GET"]}}],"collection":[{"href":"https:\/\/samarali.com\/sv\/wp-json\/wp\/v2\/product"}],"about":[{"href":"https:\/\/samarali.com\/sv\/wp-json\/wp\/v2\/types\/product"}],"replies":[{"embeddable":true,"href":"https:\/\/samarali.com\/sv\/wp-json\/wp\/v2\/comments?post=28725"}],"version-history":[{"count":0,"href":"https:\/\/samarali.com\/sv\/wp-json\/wp\/v2\/product\/28725\/revisions"}],"wp:featuredmedia":[{"embeddable":true,"href":"https:\/\/samarali.com\/sv\/wp-json\/wp\/v2\/media\/18929"}],"wp:attachment":[{"href":"https:\/\/samarali.com\/sv\/wp-json\/wp\/v2\/media?parent=28725"}],"wp:term":[{"taxonomy":"product_cat","embeddable":true,"href":"https:\/\/samarali.com\/sv\/wp-json\/wp\/v2\/product_cat?post=28725"},{"taxonomy":"product_tag","embeddable":true,"href":"https:\/\/samarali.com\/sv\/wp-json\/wp\/v2\/product_tag?post=28725"}],"curies":[{"name":"wp","href":"https:\/\/api.w.org\/{rel}","templated":true}]}}