{"id":28720,"date":"2024-08-01T15:15:29","date_gmt":"2024-08-01T13:15:29","guid":{"rendered":"https:\/\/samarali.com\/product\/yoga-block-av-kork-2-st\/"},"modified":"2025-01-06T13:44:04","modified_gmt":"2025-01-06T12:44:04","slug":"yoga-block-av-kork-2-st","status":"publish","type":"product","link":"https:\/\/samarali.com\/sv\/produkt\/yoga-block-av-kork-2-st\/","title":{"rendered":"Yoga-block av kork (2 st)"},"content":{"rendered":"<p>Om du \u00e4r nyb\u00f6rjare p\u00e5 yoga kommer v\u00e5ra yogablock i kork att vara ov\u00e4rderliga, eftersom de erbjuder exceptionell stabilitet och tillg\u00e4nglighet. Traditionellt \u00e4r yogablock rektangul\u00e4ra rekvisita som ofta tillverkas av skum, men med \u00f6verg\u00e5ngen till mer h\u00e5llbara metoder \u00e4r kork snabbt p\u00e5 v\u00e4g att bli det f\u00f6redragna valet. V\u00e5ra block har rundade kanter som g\u00f6r dem l\u00e4tta att greppa, vilket ger b\u00e5de tillg\u00e4nglighet och stabilitet i din praktik.<\/p>\n<p>\u00c4ven om yoga rekvisita \u00e4r utformade f\u00f6r att hj\u00e4lpa <a href=\"https:\/\/samarali.eu\/yoga-for-beginners\/\">nyb\u00f6rjare yogis<\/a>, betyder det inte att mer erfarna ut\u00f6vare \u00e4r begr\u00e4nsade fr\u00e5n att anv\u00e4nda dem. Yogablock av kork hj\u00e4lper n\u00e4mligen till att stabilisera poser, vilket g\u00f6r dem mer tillg\u00e4ngliga f\u00f6r personer med olika kroppstyper och yoganiv\u00e5er. Dessutom kan de ocks\u00e5 anv\u00e4ndas f\u00f6r att <strong><a href=\"https:\/\/samarali.eu\/how-to-improve-flexibility-with-yoga\/\">f\u00f6rdjupa str\u00e4ckningar<\/a><\/strong> och andra mer komplexa st\u00e4llningar. Till exempel, p\u00e5 grund av n\u00e4mnda st\u00f6d, g\u00f6r kork yogablock st\u00f6dda bak\u00e5tb\u00f6jningar och broposer mycket l\u00e4ttare att g\u00f6ra &#8211; och det h\u00e4r \u00e4r bara n\u00e5gra av dem!<\/p>\n<p>Faktum \u00e4r att de flesta yogablock traditionellt \u00e4r tillverkade av skum. Men skumplast \u00e4r inte det mest hudv\u00e4nliga eller h\u00e5llbara materialet, och det passar inte heller in i Samaralis uppdrag. D\u00e4rf\u00f6r har vi utformat v\u00e5ra yogablock av kork, ett mer milj\u00f6v\u00e4nligt alternativ. V\u00e5ra yogablock i kork har ocks\u00e5 antimikrobiella egenskaper och \u00e4r fria fr\u00e5n kemikalier, latex och PVC, vilket g\u00f6r dem skonsamma mot kroppen. Dessutom \u00e4r dessa block robusta och halks\u00e4kra, vilket g\u00f6r att de sitter stadigt p\u00e5 plats oavsett hur komplexa dina asanas blir.<\/p>\n","protected":false},"excerpt":{"rendered":"<p>V\u00e5ra yogablock i kork ger stabilitet och tillg\u00e4nglighet f\u00f6r alla niv\u00e5er och hj\u00e4lper till att f\u00f6rdjupa str\u00e4ckningar och st\u00f6dja poser. De \u00e4r milj\u00f6v\u00e4nliga och antimikrobiella och utg\u00f6r ett h\u00e5llbart, halks\u00e4kert alternativ till traditionella skumgummiblock.<\/p>\n","protected":false},"featured_media":18877,"comment_status":"open","ping_status":"closed","template":"","meta":{"_acf_changed":false,"_improvement_type_select":"improve_an_existing","_thumb_yes_seoaic":false,"_frame_yes_seoaic":false,"seoaic_generate_description":"","seoaic_improve_instructions_prompt":"","seoaic_rollback_content_improvement":"","seoaic_idea_thumbnail_generator":"","thumbnail_generated":false,"thumbnail_generate_prompt":"","seoaic_article_description":"","inline_featured_image":false},"product_cat":[344,343,317,355],"product_tag":[],"class_list":{"0":"post-28720","1":"product","2":"type-product","3":"status-publish","4":"has-post-thumbnail","6":"product_cat-tillbehor","7":"product_cat-yoga-tillbehor","8":"product_cat-yoga-sv","9":"product_cat-yoga-block","11":"first","12":"instock","13":"shipping-taxable","14":"purchasable","15":"product-type-simple"},"acf":[],"yoast_head":"<!-- This site is optimized with the Yoast SEO Premium plugin v27.3 (Yoast SEO v27.3) - https:\/\/yoast.com\/product\/yoast-seo-premium-wordpress\/ -->\n<title>Yoga-block av kork (2 st) - Samarali<\/title>\n<meta name=\"description\" content=\"Yogablock i kork ger stabilitet och tillg\u00e4nglighet f\u00f6r alla niv\u00e5er och hj\u00e4lper till att f\u00f6rdjupa stretchar och st\u00f6dja poser. Milj\u00f6v\u00e4nlig och antimikrobiell.\" \/>\n<meta name=\"robots\" content=\"index, follow, max-snippet:-1, max-image-preview:large, max-video-preview:-1\" \/>\n<link rel=\"canonical\" href=\"https:\/\/samarali.com\/sv\/produkt\/yoga-block-av-kork-2-st\/\" \/>\n<meta property=\"og:locale\" content=\"sv_SE\" \/>\n<meta property=\"og:type\" content=\"article\" \/>\n<meta property=\"og:title\" content=\"Yoga-block av kork (2 st) - Samarali\" \/>\n<meta property=\"og:description\" content=\"Yogablock i kork ger stabilitet och tillg\u00e4nglighet f\u00f6r alla niv\u00e5er och hj\u00e4lper till att f\u00f6rdjupa stretchar och st\u00f6dja poser. Milj\u00f6v\u00e4nlig och antimikrobiell.\" \/>\n<meta property=\"og:url\" content=\"https:\/\/samarali.com\/sv\/produkt\/yoga-block-av-kork-2-st\/\" \/>\n<meta property=\"og:site_name\" content=\"Samarali\" \/>\n<meta property=\"article:publisher\" content=\"https:\/\/www.facebook.com\/samaraliyoga\" \/>\n<meta property=\"article:modified_time\" content=\"2025-01-06T12:44:04+00:00\" \/>\n<meta property=\"og:image\" content=\"https:\/\/samarali.com\/wp-content\/uploads\/2024\/08\/Untitled-11-1.jpg\" \/>\n\t<meta property=\"og:image:width\" content=\"830\" \/>\n\t<meta property=\"og:image:height\" content=\"830\" \/>\n\t<meta property=\"og:image:type\" content=\"image\/jpeg\" \/>\n<meta name=\"twitter:card\" content=\"summary_large_image\" \/>\n<meta name=\"twitter:label1\" content=\"Pris\" \/>\n\t<meta name=\"twitter:data1\" content=\"&euro;&nbsp;27,95\" \/>\n\t<meta name=\"twitter:label2\" content=\"Tillg\u00e4nglig\" \/>\n\t<meta name=\"twitter:data2\" content=\"I lager\" \/>\n<script type=\"application\/ld+json\" class=\"yoast-schema-graph\">{\"@context\":\"https:\\\/\\\/schema.org\",\"@graph\":[{\"@type\":\"WebPage\",\"@id\":\"https:\\\/\\\/samarali.com\\\/sv\\\/produkt\\\/yoga-block-av-kork-2-st\\\/\",\"url\":\"https:\\\/\\\/samarali.com\\\/sv\\\/produkt\\\/yoga-block-av-kork-2-st\\\/\",\"name\":\"Yoga-block av kork (2 st) - Samarali\",\"isPartOf\":{\"@id\":\"https:\\\/\\\/samarali.com\\\/sv\\\/#website\"},\"primaryImageOfPage\":{\"@id\":\"https:\\\/\\\/samarali.com\\\/sv\\\/produkt\\\/yoga-block-av-kork-2-st\\\/#primaryimage\"},\"image\":{\"@id\":\"https:\\\/\\\/samarali.com\\\/sv\\\/produkt\\\/yoga-block-av-kork-2-st\\\/#primaryimage\"},\"thumbnailUrl\":\"https:\\\/\\\/samarali.com\\\/wp-content\\\/uploads\\\/2024\\\/08\\\/Untitled-11-1.jpg\",\"datePublished\":\"2024-08-01T13:15:29+00:00\",\"dateModified\":\"2025-01-06T12:44:04+00:00\",\"description\":\"Yogablock i kork ger stabilitet och tillg\u00e4nglighet f\u00f6r alla niv\u00e5er och hj\u00e4lper till att f\u00f6rdjupa stretchar och st\u00f6dja poser. Milj\u00f6v\u00e4nlig och antimikrobiell.\",\"breadcrumb\":{\"@id\":\"https:\\\/\\\/samarali.com\\\/sv\\\/produkt\\\/yoga-block-av-kork-2-st\\\/#breadcrumb\"},\"inLanguage\":\"sv-SE\",\"potentialAction\":[{\"@type\":\"ReadAction\",\"target\":[\"https:\\\/\\\/samarali.com\\\/sv\\\/produkt\\\/yoga-block-av-kork-2-st\\\/\"]}]},{\"@type\":\"ImageObject\",\"inLanguage\":\"sv-SE\",\"@id\":\"https:\\\/\\\/samarali.com\\\/sv\\\/produkt\\\/yoga-block-av-kork-2-st\\\/#primaryimage\",\"url\":\"https:\\\/\\\/samarali.com\\\/wp-content\\\/uploads\\\/2024\\\/08\\\/Untitled-11-1.jpg\",\"contentUrl\":\"https:\\\/\\\/samarali.com\\\/wp-content\\\/uploads\\\/2024\\\/08\\\/Untitled-11-1.jpg\",\"width\":830,\"height\":830,\"caption\":\"Utan titel 11 1\"},{\"@type\":\"BreadcrumbList\",\"@id\":\"https:\\\/\\\/samarali.com\\\/sv\\\/produkt\\\/yoga-block-av-kork-2-st\\\/#breadcrumb\",\"itemListElement\":[{\"@type\":\"ListItem\",\"position\":1,\"name\":\"Hem\",\"item\":\"https:\\\/\\\/samarali.com\\\/sv\\\/hem\\\/\"},{\"@type\":\"ListItem\",\"position\":2,\"name\":\"Butik\",\"item\":\"https:\\\/\\\/samarali.com\\\/sv\\\/butik\\\/\"},{\"@type\":\"ListItem\",\"position\":3,\"name\":\"Yoga-block av kork (2 st)\"}]},{\"@type\":\"WebSite\",\"@id\":\"https:\\\/\\\/samarali.com\\\/sv\\\/#website\",\"url\":\"https:\\\/\\\/samarali.com\\\/sv\\\/\",\"name\":\"Samarali\",\"description\":\"Samarali \u00e4r ett h\u00e5llbart yoga- och livsstilsvarum\u00e4rke baserat i Nederl\u00e4nderna\",\"publisher\":{\"@id\":\"https:\\\/\\\/samarali.com\\\/sv\\\/#organization\"},\"potentialAction\":[{\"@type\":\"SearchAction\",\"target\":{\"@type\":\"EntryPoint\",\"urlTemplate\":\"https:\\\/\\\/samarali.com\\\/sv\\\/?s={search_term_string}\"},\"query-input\":{\"@type\":\"PropertyValueSpecification\",\"valueRequired\":true,\"valueName\":\"search_term_string\"}}],\"inLanguage\":\"sv-SE\"},{\"@type\":\"Organization\",\"@id\":\"https:\\\/\\\/samarali.com\\\/sv\\\/#organization\",\"name\":\"Samarali\",\"url\":\"https:\\\/\\\/samarali.com\\\/sv\\\/\",\"logo\":{\"@type\":\"ImageObject\",\"inLanguage\":\"sv-SE\",\"@id\":\"https:\\\/\\\/samarali.com\\\/sv\\\/#\\\/schema\\\/logo\\\/image\\\/\",\"url\":\"https:\\\/\\\/samarali.com\\\/wp-content\\\/uploads\\\/2024\\\/05\\\/cropped-samarali-icon.png\",\"contentUrl\":\"https:\\\/\\\/samarali.com\\\/wp-content\\\/uploads\\\/2024\\\/05\\\/cropped-samarali-icon.png\",\"width\":512,\"height\":512,\"caption\":\"Samarali\"},\"image\":{\"@id\":\"https:\\\/\\\/samarali.com\\\/sv\\\/#\\\/schema\\\/logo\\\/image\\\/\"},\"sameAs\":[\"https:\\\/\\\/www.facebook.com\\\/samaraliyoga\",\"https:\\\/\\\/www.linkedin.com\\\/company\\\/69563155\\\/\",\"https:\\\/\\\/www.instagram.com\\\/samaraliyoga\\\/\",\"https:\\\/\\\/nl.pinterest.com\\\/Samaraliyoga\\\/\"],\"description\":\"Samarali is a sustainable yoga and lifestyle brand based in the Netherlands\",\"email\":\"info@samarali.com\",\"legalName\":\"Samarali B.V.\",\"vatID\":\"NL859820324B01\",\"numberOfEmployees\":{\"@type\":\"QuantitativeValue\",\"minValue\":\"1\",\"maxValue\":\"10\"}}]}<\/script>\n<meta property=\"product:price:amount\" content=\"27.95\" \/>\n<meta property=\"product:price:currency\" content=\"EUR\" \/>\n<meta property=\"og:availability\" content=\"instock\" \/>\n<meta property=\"product:availability\" content=\"instock\" \/>\n<meta property=\"product:retailer_item_id\" content=\"11116\" \/>\n<meta property=\"product:condition\" content=\"new\" \/>\n<!-- \/ Yoast SEO Premium plugin. -->","yoast_head_json":{"title":"Yoga-block av kork (2 st) - Samarali","description":"Yogablock i kork ger stabilitet och tillg\u00e4nglighet f\u00f6r alla niv\u00e5er och hj\u00e4lper till att f\u00f6rdjupa stretchar och st\u00f6dja poser. Milj\u00f6v\u00e4nlig och antimikrobiell.","robots":{"index":"index","follow":"follow","max-snippet":"max-snippet:-1","max-image-preview":"max-image-preview:large","max-video-preview":"max-video-preview:-1"},"canonical":"https:\/\/samarali.com\/sv\/produkt\/yoga-block-av-kork-2-st\/","og_locale":"sv_SE","og_type":"article","og_title":"Yoga-block av kork (2 st) - Samarali","og_description":"Yogablock i kork ger stabilitet och tillg\u00e4nglighet f\u00f6r alla niv\u00e5er och hj\u00e4lper till att f\u00f6rdjupa stretchar och st\u00f6dja poser. Milj\u00f6v\u00e4nlig och antimikrobiell.","og_url":"https:\/\/samarali.com\/sv\/produkt\/yoga-block-av-kork-2-st\/","og_site_name":"Samarali","article_publisher":"https:\/\/www.facebook.com\/samaraliyoga","article_modified_time":"2025-01-06T12:44:04+00:00","og_image":[{"width":830,"height":830,"url":"https:\/\/samarali.com\/wp-content\/uploads\/2024\/08\/Untitled-11-1.jpg","type":"image\/jpeg"}],"twitter_card":"summary_large_image","twitter_misc":{"Pris":"&euro;&nbsp;27,95","Tillg\u00e4nglig":"I lager"},"schema":{"@context":"https:\/\/schema.org","@graph":[{"@type":"WebPage","@id":"https:\/\/samarali.com\/sv\/produkt\/yoga-block-av-kork-2-st\/","url":"https:\/\/samarali.com\/sv\/produkt\/yoga-block-av-kork-2-st\/","name":"Yoga-block av kork (2 st) - Samarali","isPartOf":{"@id":"https:\/\/samarali.com\/sv\/#website"},"primaryImageOfPage":{"@id":"https:\/\/samarali.com\/sv\/produkt\/yoga-block-av-kork-2-st\/#primaryimage"},"image":{"@id":"https:\/\/samarali.com\/sv\/produkt\/yoga-block-av-kork-2-st\/#primaryimage"},"thumbnailUrl":"https:\/\/samarali.com\/wp-content\/uploads\/2024\/08\/Untitled-11-1.jpg","datePublished":"2024-08-01T13:15:29+00:00","dateModified":"2025-01-06T12:44:04+00:00","description":"Yogablock i kork ger stabilitet och tillg\u00e4nglighet f\u00f6r alla niv\u00e5er och hj\u00e4lper till att f\u00f6rdjupa stretchar och st\u00f6dja poser. Milj\u00f6v\u00e4nlig och antimikrobiell.","breadcrumb":{"@id":"https:\/\/samarali.com\/sv\/produkt\/yoga-block-av-kork-2-st\/#breadcrumb"},"inLanguage":"sv-SE","potentialAction":[{"@type":"ReadAction","target":["https:\/\/samarali.com\/sv\/produkt\/yoga-block-av-kork-2-st\/"]}]},{"@type":"ImageObject","inLanguage":"sv-SE","@id":"https:\/\/samarali.com\/sv\/produkt\/yoga-block-av-kork-2-st\/#primaryimage","url":"https:\/\/samarali.com\/wp-content\/uploads\/2024\/08\/Untitled-11-1.jpg","contentUrl":"https:\/\/samarali.com\/wp-content\/uploads\/2024\/08\/Untitled-11-1.jpg","width":830,"height":830,"caption":"Utan titel 11 1"},{"@type":"BreadcrumbList","@id":"https:\/\/samarali.com\/sv\/produkt\/yoga-block-av-kork-2-st\/#breadcrumb","itemListElement":[{"@type":"ListItem","position":1,"name":"Hem","item":"https:\/\/samarali.com\/sv\/hem\/"},{"@type":"ListItem","position":2,"name":"Butik","item":"https:\/\/samarali.com\/sv\/butik\/"},{"@type":"ListItem","position":3,"name":"Yoga-block av kork (2 st)"}]},{"@type":"WebSite","@id":"https:\/\/samarali.com\/sv\/#website","url":"https:\/\/samarali.com\/sv\/","name":"Samarali","description":"Samarali \u00e4r ett h\u00e5llbart yoga- och livsstilsvarum\u00e4rke baserat i Nederl\u00e4nderna","publisher":{"@id":"https:\/\/samarali.com\/sv\/#organization"},"potentialAction":[{"@type":"SearchAction","target":{"@type":"EntryPoint","urlTemplate":"https:\/\/samarali.com\/sv\/?s={search_term_string}"},"query-input":{"@type":"PropertyValueSpecification","valueRequired":true,"valueName":"search_term_string"}}],"inLanguage":"sv-SE"},{"@type":"Organization","@id":"https:\/\/samarali.com\/sv\/#organization","name":"Samarali","url":"https:\/\/samarali.com\/sv\/","logo":{"@type":"ImageObject","inLanguage":"sv-SE","@id":"https:\/\/samarali.com\/sv\/#\/schema\/logo\/image\/","url":"https:\/\/samarali.com\/wp-content\/uploads\/2024\/05\/cropped-samarali-icon.png","contentUrl":"https:\/\/samarali.com\/wp-content\/uploads\/2024\/05\/cropped-samarali-icon.png","width":512,"height":512,"caption":"Samarali"},"image":{"@id":"https:\/\/samarali.com\/sv\/#\/schema\/logo\/image\/"},"sameAs":["https:\/\/www.facebook.com\/samaraliyoga","https:\/\/www.linkedin.com\/company\/69563155\/","https:\/\/www.instagram.com\/samaraliyoga\/","https:\/\/nl.pinterest.com\/Samaraliyoga\/"],"description":"Samarali is a sustainable yoga and lifestyle brand based in the Netherlands","email":"info@samarali.com","legalName":"Samarali B.V.","vatID":"NL859820324B01","numberOfEmployees":{"@type":"QuantitativeValue","minValue":"1","maxValue":"10"}}]},"product_price_amount":"27.95","product_price_currency":"EUR","og_availability":"instock","product_availability":"instock","product_retailer_item_id":"11116","product_condition":"new"},"jetpack_sharing_enabled":true,"_links":{"self":[{"href":"https:\/\/samarali.com\/sv\/wp-json\/wp\/v2\/product\/28720","targetHints":{"allow":["GET"]}}],"collection":[{"href":"https:\/\/samarali.com\/sv\/wp-json\/wp\/v2\/product"}],"about":[{"href":"https:\/\/samarali.com\/sv\/wp-json\/wp\/v2\/types\/product"}],"replies":[{"embeddable":true,"href":"https:\/\/samarali.com\/sv\/wp-json\/wp\/v2\/comments?post=28720"}],"version-history":[{"count":1,"href":"https:\/\/samarali.com\/sv\/wp-json\/wp\/v2\/product\/28720\/revisions"}],"predecessor-version":[{"id":32890,"href":"https:\/\/samarali.com\/sv\/wp-json\/wp\/v2\/product\/28720\/revisions\/32890"}],"wp:featuredmedia":[{"embeddable":true,"href":"https:\/\/samarali.com\/sv\/wp-json\/wp\/v2\/media\/18877"}],"wp:attachment":[{"href":"https:\/\/samarali.com\/sv\/wp-json\/wp\/v2\/media?parent=28720"}],"wp:term":[{"taxonomy":"product_cat","embeddable":true,"href":"https:\/\/samarali.com\/sv\/wp-json\/wp\/v2\/product_cat?post=28720"},{"taxonomy":"product_tag","embeddable":true,"href":"https:\/\/samarali.com\/sv\/wp-json\/wp\/v2\/product_tag?post=28720"}],"curies":[{"name":"wp","href":"https:\/\/api.w.org\/{rel}","templated":true}]}}