{"id":28682,"date":"2024-08-01T12:42:15","date_gmt":"2024-08-01T10:42:15","guid":{"rendered":"https:\/\/samarali.com\/product\/yoga-strap-av-ekologisk-bomull\/"},"modified":"2025-01-06T13:44:06","modified_gmt":"2025-01-06T12:44:06","slug":"yoga-strap-av-ekologisk-bomull","status":"publish","type":"product","link":"https:\/\/samarali.com\/sv\/produkt\/yoga-strap-av-ekologisk-bomull\/","title":{"rendered":"Yoga Strap av ekologisk bomull"},"content":{"rendered":"<p>Oavsett om du precis har b\u00f6rjat med yoga eller \u00e4r en avancerad ut\u00f6vare \u00e4r en yogarem en av de viktigaste yogatillbeh\u00f6ren. Den hj\u00e4lper dig att str\u00e4cka ut p\u00e5 djupet och f\u00f6rb\u00e4ttrar din flexibilitet. V\u00e5ra yogaremmar \u00e4r utformade f\u00f6r att g\u00f6ra dina stretch\u00f6vningar bekv\u00e4mare och mer avslappnande, samtidigt som de f\u00f6rb\u00e4ttrar din flexibilitet med regelbunden asanaut\u00f6vning. Dessa robusta remmar \u00e4r tillverkade av 100% ekologisk bomull och certifierade av GOTS och \u00e4r byggda f\u00f6r att h\u00e5lla. De D-formade metallsp\u00e4nnena g\u00f6r remmen l\u00e4tt att justera och ger st\u00f6d i alla poser du vill uppn\u00e5.<\/p>\n<p><strong>Produktv\u00e5rd:<\/strong><\/p>\n<ul>\n<li>Yogaremmarna kan tv\u00e4ttas i tv\u00e4ttmaskin p\u00e5 skonsamt program i l\u00e5g temperatur eller max 30 grader Celsius.<\/li>\n<li>Tv\u00e4tta med liknande f\u00e4rger<\/li>\n<li>H\u00e4ng torrt eller torktumla<\/li>\n<li>Strykj\u00e4rn med medelh\u00f6g temperatur<\/li>\n<\/ul>\n","protected":false},"excerpt":{"rendered":"<p>F\u00f6rb\u00e4ttra din flexibilitet med v\u00e5rt yogaband i 100% ekologisk bomull. Den \u00e4r idealisk f\u00f6r djup stretching och st\u00f6d och har justerbara D-formade metallsp\u00e4nnen. Slitstark, milj\u00f6v\u00e4nlig och l\u00e4ttsk\u00f6tt.<\/p>\n","protected":false},"featured_media":18551,"comment_status":"open","ping_status":"closed","template":"","meta":{"_acf_changed":false,"_improvement_type_select":"improve_an_existing","_thumb_yes_seoaic":false,"_frame_yes_seoaic":false,"seoaic_generate_description":"","seoaic_improve_instructions_prompt":"","seoaic_rollback_content_improvement":"","seoaic_idea_thumbnail_generator":"","thumbnail_generated":false,"thumbnail_generate_prompt":"","seoaic_article_description":"","inline_featured_image":false},"product_cat":[344,343,345,317],"product_tag":[],"class_list":{"0":"post-28682","1":"product","2":"type-product","3":"status-publish","4":"has-post-thumbnail","6":"product_cat-tillbehor","7":"product_cat-yoga-tillbehor","8":"product_cat-vaskor","9":"product_cat-yoga-sv","11":"first","12":"instock","13":"shipping-taxable","14":"purchasable","15":"product-type-variable"},"acf":[],"yoast_head":"<!-- This site is optimized with the Yoast SEO Premium plugin v27.3 (Yoast SEO v27.3) - https:\/\/yoast.com\/product\/yoast-seo-premium-wordpress\/ -->\n<title>Yoga Strap av ekologisk bomull - Samarali<\/title>\n<meta name=\"description\" content=\"Yogaband i bomull. Den \u00e4r idealisk f\u00f6r djup stretching och st\u00f6d och har justerbara D-formade metallsp\u00e4nnen. Slitstark, milj\u00f6v\u00e4nlig och l\u00e4ttsk\u00f6tt.\" \/>\n<meta name=\"robots\" content=\"index, follow, max-snippet:-1, max-image-preview:large, max-video-preview:-1\" \/>\n<link rel=\"canonical\" href=\"https:\/\/samarali.com\/sv\/produkt\/yoga-strap-av-ekologisk-bomull\/\" \/>\n<meta property=\"og:locale\" content=\"sv_SE\" \/>\n<meta property=\"og:type\" content=\"article\" \/>\n<meta property=\"og:title\" content=\"Yoga Strap av ekologisk bomull - Samarali\" \/>\n<meta property=\"og:description\" content=\"Yogaband i bomull. Den \u00e4r idealisk f\u00f6r djup stretching och st\u00f6d och har justerbara D-formade metallsp\u00e4nnen. Slitstark, milj\u00f6v\u00e4nlig och l\u00e4ttsk\u00f6tt.\" \/>\n<meta property=\"og:url\" content=\"https:\/\/samarali.com\/sv\/produkt\/yoga-strap-av-ekologisk-bomull\/\" \/>\n<meta property=\"og:site_name\" content=\"Samarali\" \/>\n<meta property=\"article:publisher\" content=\"https:\/\/www.facebook.com\/samaraliyoga\" \/>\n<meta property=\"article:modified_time\" content=\"2025-01-06T12:44:06+00:00\" \/>\n<meta property=\"og:image\" content=\"https:\/\/samarali.com\/wp-content\/uploads\/2024\/08\/Yoga-straps-All-colors_2-600x600-1.jpg\" \/>\n\t<meta property=\"og:image:width\" content=\"600\" \/>\n\t<meta property=\"og:image:height\" content=\"600\" \/>\n\t<meta property=\"og:image:type\" content=\"image\/jpeg\" \/>\n<meta name=\"twitter:card\" content=\"summary_large_image\" \/>\n<meta name=\"twitter:label1\" content=\"Tillg\u00e4nglig\" \/>\n\t<meta name=\"twitter:data1\" content=\"I lager\" \/>\n<script type=\"application\/ld+json\" class=\"yoast-schema-graph\">{\"@context\":\"https:\\\/\\\/schema.org\",\"@graph\":[{\"@type\":\"WebPage\",\"@id\":\"https:\\\/\\\/samarali.com\\\/sv\\\/produkt\\\/yoga-strap-av-ekologisk-bomull\\\/\",\"url\":\"https:\\\/\\\/samarali.com\\\/sv\\\/produkt\\\/yoga-strap-av-ekologisk-bomull\\\/\",\"name\":\"Yoga Strap av ekologisk bomull - Samarali\",\"isPartOf\":{\"@id\":\"https:\\\/\\\/samarali.com\\\/sv\\\/#website\"},\"primaryImageOfPage\":{\"@id\":\"https:\\\/\\\/samarali.com\\\/sv\\\/produkt\\\/yoga-strap-av-ekologisk-bomull\\\/#primaryimage\"},\"image\":{\"@id\":\"https:\\\/\\\/samarali.com\\\/sv\\\/produkt\\\/yoga-strap-av-ekologisk-bomull\\\/#primaryimage\"},\"thumbnailUrl\":\"https:\\\/\\\/samarali.com\\\/wp-content\\\/uploads\\\/2024\\\/08\\\/Yoga-straps-All-colors_2-600x600-1.jpg\",\"datePublished\":\"2024-08-01T10:42:15+00:00\",\"dateModified\":\"2025-01-06T12:44:06+00:00\",\"description\":\"Yogaband i bomull. Den \u00e4r idealisk f\u00f6r djup stretching och st\u00f6d och har justerbara D-formade metallsp\u00e4nnen. Slitstark, milj\u00f6v\u00e4nlig och l\u00e4ttsk\u00f6tt.\",\"breadcrumb\":{\"@id\":\"https:\\\/\\\/samarali.com\\\/sv\\\/produkt\\\/yoga-strap-av-ekologisk-bomull\\\/#breadcrumb\"},\"inLanguage\":\"sv-SE\",\"potentialAction\":[{\"@type\":\"ReadAction\",\"target\":[\"https:\\\/\\\/samarali.com\\\/sv\\\/produkt\\\/yoga-strap-av-ekologisk-bomull\\\/\"]}]},{\"@type\":\"ImageObject\",\"inLanguage\":\"sv-SE\",\"@id\":\"https:\\\/\\\/samarali.com\\\/sv\\\/produkt\\\/yoga-strap-av-ekologisk-bomull\\\/#primaryimage\",\"url\":\"https:\\\/\\\/samarali.com\\\/wp-content\\\/uploads\\\/2024\\\/08\\\/Yoga-straps-All-colors_2-600x600-1.jpg\",\"contentUrl\":\"https:\\\/\\\/samarali.com\\\/wp-content\\\/uploads\\\/2024\\\/08\\\/Yoga-straps-All-colors_2-600x600-1.jpg\",\"width\":600,\"height\":600,\"caption\":\"Yoga remmar Alla f\u00e4rger 2 600x600 1\"},{\"@type\":\"BreadcrumbList\",\"@id\":\"https:\\\/\\\/samarali.com\\\/sv\\\/produkt\\\/yoga-strap-av-ekologisk-bomull\\\/#breadcrumb\",\"itemListElement\":[{\"@type\":\"ListItem\",\"position\":1,\"name\":\"Hem\",\"item\":\"https:\\\/\\\/samarali.com\\\/sv\\\/hem\\\/\"},{\"@type\":\"ListItem\",\"position\":2,\"name\":\"Butik\",\"item\":\"https:\\\/\\\/samarali.com\\\/sv\\\/butik\\\/\"},{\"@type\":\"ListItem\",\"position\":3,\"name\":\"Yoga Strap av ekologisk bomull\"}]},{\"@type\":\"WebSite\",\"@id\":\"https:\\\/\\\/samarali.com\\\/sv\\\/#website\",\"url\":\"https:\\\/\\\/samarali.com\\\/sv\\\/\",\"name\":\"Samarali\",\"description\":\"Samarali \u00e4r ett h\u00e5llbart yoga- och livsstilsvarum\u00e4rke baserat i Nederl\u00e4nderna\",\"publisher\":{\"@id\":\"https:\\\/\\\/samarali.com\\\/sv\\\/#organization\"},\"potentialAction\":[{\"@type\":\"SearchAction\",\"target\":{\"@type\":\"EntryPoint\",\"urlTemplate\":\"https:\\\/\\\/samarali.com\\\/sv\\\/?s={search_term_string}\"},\"query-input\":{\"@type\":\"PropertyValueSpecification\",\"valueRequired\":true,\"valueName\":\"search_term_string\"}}],\"inLanguage\":\"sv-SE\"},{\"@type\":\"Organization\",\"@id\":\"https:\\\/\\\/samarali.com\\\/sv\\\/#organization\",\"name\":\"Samarali\",\"url\":\"https:\\\/\\\/samarali.com\\\/sv\\\/\",\"logo\":{\"@type\":\"ImageObject\",\"inLanguage\":\"sv-SE\",\"@id\":\"https:\\\/\\\/samarali.com\\\/sv\\\/#\\\/schema\\\/logo\\\/image\\\/\",\"url\":\"https:\\\/\\\/samarali.com\\\/wp-content\\\/uploads\\\/2024\\\/05\\\/cropped-samarali-icon.png\",\"contentUrl\":\"https:\\\/\\\/samarali.com\\\/wp-content\\\/uploads\\\/2024\\\/05\\\/cropped-samarali-icon.png\",\"width\":512,\"height\":512,\"caption\":\"Samarali\"},\"image\":{\"@id\":\"https:\\\/\\\/samarali.com\\\/sv\\\/#\\\/schema\\\/logo\\\/image\\\/\"},\"sameAs\":[\"https:\\\/\\\/www.facebook.com\\\/samaraliyoga\",\"https:\\\/\\\/www.linkedin.com\\\/company\\\/69563155\\\/\",\"https:\\\/\\\/www.instagram.com\\\/samaraliyoga\\\/\",\"https:\\\/\\\/nl.pinterest.com\\\/Samaraliyoga\\\/\"],\"description\":\"Samarali is a sustainable yoga and lifestyle brand based in the Netherlands\",\"email\":\"info@samarali.com\",\"legalName\":\"Samarali B.V.\",\"vatID\":\"NL859820324B01\",\"numberOfEmployees\":{\"@type\":\"QuantitativeValue\",\"minValue\":\"1\",\"maxValue\":\"10\"}}]}<\/script>\n<meta property=\"og:availability\" content=\"instock\" \/>\n<meta property=\"product:availability\" content=\"instock\" \/>\n<meta property=\"product:condition\" content=\"new\" \/>\n<!-- \/ Yoast SEO Premium plugin. -->","yoast_head_json":{"title":"Yoga Strap av ekologisk bomull - Samarali","description":"Yogaband i bomull. Den \u00e4r idealisk f\u00f6r djup stretching och st\u00f6d och har justerbara D-formade metallsp\u00e4nnen. Slitstark, milj\u00f6v\u00e4nlig och l\u00e4ttsk\u00f6tt.","robots":{"index":"index","follow":"follow","max-snippet":"max-snippet:-1","max-image-preview":"max-image-preview:large","max-video-preview":"max-video-preview:-1"},"canonical":"https:\/\/samarali.com\/sv\/produkt\/yoga-strap-av-ekologisk-bomull\/","og_locale":"sv_SE","og_type":"article","og_title":"Yoga Strap av ekologisk bomull - Samarali","og_description":"Yogaband i bomull. Den \u00e4r idealisk f\u00f6r djup stretching och st\u00f6d och har justerbara D-formade metallsp\u00e4nnen. Slitstark, milj\u00f6v\u00e4nlig och l\u00e4ttsk\u00f6tt.","og_url":"https:\/\/samarali.com\/sv\/produkt\/yoga-strap-av-ekologisk-bomull\/","og_site_name":"Samarali","article_publisher":"https:\/\/www.facebook.com\/samaraliyoga","article_modified_time":"2025-01-06T12:44:06+00:00","og_image":[{"width":600,"height":600,"url":"https:\/\/samarali.com\/wp-content\/uploads\/2024\/08\/Yoga-straps-All-colors_2-600x600-1.jpg","type":"image\/jpeg"}],"twitter_card":"summary_large_image","twitter_misc":{"Tillg\u00e4nglig":"I lager"},"schema":{"@context":"https:\/\/schema.org","@graph":[{"@type":"WebPage","@id":"https:\/\/samarali.com\/sv\/produkt\/yoga-strap-av-ekologisk-bomull\/","url":"https:\/\/samarali.com\/sv\/produkt\/yoga-strap-av-ekologisk-bomull\/","name":"Yoga Strap av ekologisk bomull - Samarali","isPartOf":{"@id":"https:\/\/samarali.com\/sv\/#website"},"primaryImageOfPage":{"@id":"https:\/\/samarali.com\/sv\/produkt\/yoga-strap-av-ekologisk-bomull\/#primaryimage"},"image":{"@id":"https:\/\/samarali.com\/sv\/produkt\/yoga-strap-av-ekologisk-bomull\/#primaryimage"},"thumbnailUrl":"https:\/\/samarali.com\/wp-content\/uploads\/2024\/08\/Yoga-straps-All-colors_2-600x600-1.jpg","datePublished":"2024-08-01T10:42:15+00:00","dateModified":"2025-01-06T12:44:06+00:00","description":"Yogaband i bomull. Den \u00e4r idealisk f\u00f6r djup stretching och st\u00f6d och har justerbara D-formade metallsp\u00e4nnen. Slitstark, milj\u00f6v\u00e4nlig och l\u00e4ttsk\u00f6tt.","breadcrumb":{"@id":"https:\/\/samarali.com\/sv\/produkt\/yoga-strap-av-ekologisk-bomull\/#breadcrumb"},"inLanguage":"sv-SE","potentialAction":[{"@type":"ReadAction","target":["https:\/\/samarali.com\/sv\/produkt\/yoga-strap-av-ekologisk-bomull\/"]}]},{"@type":"ImageObject","inLanguage":"sv-SE","@id":"https:\/\/samarali.com\/sv\/produkt\/yoga-strap-av-ekologisk-bomull\/#primaryimage","url":"https:\/\/samarali.com\/wp-content\/uploads\/2024\/08\/Yoga-straps-All-colors_2-600x600-1.jpg","contentUrl":"https:\/\/samarali.com\/wp-content\/uploads\/2024\/08\/Yoga-straps-All-colors_2-600x600-1.jpg","width":600,"height":600,"caption":"Yoga remmar Alla f\u00e4rger 2 600x600 1"},{"@type":"BreadcrumbList","@id":"https:\/\/samarali.com\/sv\/produkt\/yoga-strap-av-ekologisk-bomull\/#breadcrumb","itemListElement":[{"@type":"ListItem","position":1,"name":"Hem","item":"https:\/\/samarali.com\/sv\/hem\/"},{"@type":"ListItem","position":2,"name":"Butik","item":"https:\/\/samarali.com\/sv\/butik\/"},{"@type":"ListItem","position":3,"name":"Yoga Strap av ekologisk bomull"}]},{"@type":"WebSite","@id":"https:\/\/samarali.com\/sv\/#website","url":"https:\/\/samarali.com\/sv\/","name":"Samarali","description":"Samarali \u00e4r ett h\u00e5llbart yoga- och livsstilsvarum\u00e4rke baserat i Nederl\u00e4nderna","publisher":{"@id":"https:\/\/samarali.com\/sv\/#organization"},"potentialAction":[{"@type":"SearchAction","target":{"@type":"EntryPoint","urlTemplate":"https:\/\/samarali.com\/sv\/?s={search_term_string}"},"query-input":{"@type":"PropertyValueSpecification","valueRequired":true,"valueName":"search_term_string"}}],"inLanguage":"sv-SE"},{"@type":"Organization","@id":"https:\/\/samarali.com\/sv\/#organization","name":"Samarali","url":"https:\/\/samarali.com\/sv\/","logo":{"@type":"ImageObject","inLanguage":"sv-SE","@id":"https:\/\/samarali.com\/sv\/#\/schema\/logo\/image\/","url":"https:\/\/samarali.com\/wp-content\/uploads\/2024\/05\/cropped-samarali-icon.png","contentUrl":"https:\/\/samarali.com\/wp-content\/uploads\/2024\/05\/cropped-samarali-icon.png","width":512,"height":512,"caption":"Samarali"},"image":{"@id":"https:\/\/samarali.com\/sv\/#\/schema\/logo\/image\/"},"sameAs":["https:\/\/www.facebook.com\/samaraliyoga","https:\/\/www.linkedin.com\/company\/69563155\/","https:\/\/www.instagram.com\/samaraliyoga\/","https:\/\/nl.pinterest.com\/Samaraliyoga\/"],"description":"Samarali is a sustainable yoga and lifestyle brand based in the Netherlands","email":"info@samarali.com","legalName":"Samarali B.V.","vatID":"NL859820324B01","numberOfEmployees":{"@type":"QuantitativeValue","minValue":"1","maxValue":"10"}}]},"og_availability":"instock","product_availability":"instock","product_condition":"new"},"jetpack_sharing_enabled":true,"_links":{"self":[{"href":"https:\/\/samarali.com\/sv\/wp-json\/wp\/v2\/product\/28682","targetHints":{"allow":["GET"]}}],"collection":[{"href":"https:\/\/samarali.com\/sv\/wp-json\/wp\/v2\/product"}],"about":[{"href":"https:\/\/samarali.com\/sv\/wp-json\/wp\/v2\/types\/product"}],"replies":[{"embeddable":true,"href":"https:\/\/samarali.com\/sv\/wp-json\/wp\/v2\/comments?post=28682"}],"version-history":[{"count":1,"href":"https:\/\/samarali.com\/sv\/wp-json\/wp\/v2\/product\/28682\/revisions"}],"predecessor-version":[{"id":32892,"href":"https:\/\/samarali.com\/sv\/wp-json\/wp\/v2\/product\/28682\/revisions\/32892"}],"wp:featuredmedia":[{"embeddable":true,"href":"https:\/\/samarali.com\/sv\/wp-json\/wp\/v2\/media\/18551"}],"wp:attachment":[{"href":"https:\/\/samarali.com\/sv\/wp-json\/wp\/v2\/media?parent=28682"}],"wp:term":[{"taxonomy":"product_cat","embeddable":true,"href":"https:\/\/samarali.com\/sv\/wp-json\/wp\/v2\/product_cat?post=28682"},{"taxonomy":"product_tag","embeddable":true,"href":"https:\/\/samarali.com\/sv\/wp-json\/wp\/v2\/product_tag?post=28682"}],"curies":[{"name":"wp","href":"https:\/\/api.w.org\/{rel}","templated":true}]}}