{"id":28659,"date":"2024-08-01T14:08:29","date_gmt":"2024-08-01T12:08:29","guid":{"rendered":"https:\/\/samarali.com\/product\/rem-for-yogamatta-av-kork\/"},"modified":"2024-12-02T00:03:17","modified_gmt":"2024-12-01T23:03:17","slug":"rem-for-yogamatta-av-kork","status":"publish","type":"product","link":"https:\/\/samarali.com\/sv\/produkt\/rem-for-yogamatta-av-kork\/","title":{"rendered":"Rem f\u00f6r yogamatta av kork"},"content":{"rendered":"<p>V\u00e5r yogamattrem i kork \u00e4r ett milj\u00f6medvetet alternativ och en produkt f\u00f6r yogaentusiaster som bryr sig om sina planer.<br \/>\nBandet \u00e4r tillverkat av 100% kork, ett h\u00e5llbart och biologiskt nedbrytbart material som \u00e4r l\u00e4tt och h\u00e5llbart men ocks\u00e5 mjukt att ta p\u00e5.<br \/>\nMaterialet \u00e4r ocks\u00e5 mycket bekv\u00e4mt &#8211; du kommer inte att beh\u00f6va ha remmen p\u00e5 dig!<br \/>\nDu kan justera bandets l\u00e4ngd s\u00e5 att det passar din yogamatta och l\u00e4ngd.<br \/>\nSp\u00e4nnet s\u00e4kerst\u00e4ller att yogamattans rem h\u00e5ller exakt den l\u00e4ngd som du vill ha den och h\u00e5ller yogamattan p\u00e5 plats n\u00e4r du transporterar den till din tr\u00e4ningslokal.<br \/>\nV\u00e5r korkrem \u00e4r tillverkad i Portugal, ett land som \u00e4r v\u00e4lk\u00e4nt f\u00f6r sitt hantverk och sin kvalitetsmedvetenhet.<br \/>\nB\u00e4rremmen \u00e4r anpassningsbar, vilket inneb\u00e4r att den kan rymma yogamattor i olika dimensioner.<br \/>\nDessutom kan du justera den efter din l\u00e4ngd, s\u00e5 att du inte beh\u00f6ver anstr\u00e4nga dig n\u00e4r du b\u00e4r den.<br \/>\nKorkremmen \u00e4r inte begr\u00e4nsad till att b\u00e4ra din matta.<br \/>\nDet \u00e4r en multifunktionell accessoar som ger st\u00f6d och hj\u00e4lp i olika positioner.<br \/>\nOavsett om du arbetar med din smidighet, inriktning eller balans kan den h\u00e4r remmen hj\u00e4lpa dig!<br \/>\nDet \u00e4r enkelt att s\u00e4tta p\u00e5 korkbandet.<br \/>\nTorka av den med en fuktig trasa och mild tv\u00e5l efter varje anv\u00e4ndning f\u00f6r att f\u00e5 den fri fr\u00e5n smuts och kladd.<br \/>\nKorkens naturliga egenskaper g\u00f6r den motst\u00e5ndskraftig mot m\u00f6gel, mildhet och lukt, s\u00e5 det \u00e4r inte mycket att underh\u00e5lla!             <\/p>\n","protected":false},"excerpt":{"rendered":"<p>V\u00e5r yogamattrem i kork \u00e4r ett milj\u00f6medvetet alternativ och en produkt f\u00f6r yogaentusiaster som bryr sig om sina planer. Bandet \u00e4r tillverkat av 100% kork, ett h\u00e5llbart och biologiskt nedbrytbart material som \u00e4r l\u00e4tt och h\u00e5llbart men ocks\u00e5 mjukt att ta p\u00e5. Materialet \u00e4r ocks\u00e5 mycket bekv\u00e4mt &#8211; du kommer inte att beh\u00f6va ha remmen [&hellip;]<\/p>\n","protected":false},"featured_media":18427,"comment_status":"open","ping_status":"closed","template":"","meta":{"_acf_changed":false,"_improvement_type_select":"improve_an_existing","_thumb_yes_seoaic":false,"_frame_yes_seoaic":false,"seoaic_generate_description":"","seoaic_improve_instructions_prompt":"","seoaic_rollback_content_improvement":"","seoaic_idea_thumbnail_generator":"","thumbnail_generated":false,"thumbnail_generate_prompt":"","seoaic_article_description":"","inline_featured_image":false},"product_cat":[344,343,345,317],"product_tag":[],"class_list":{"0":"post-28659","1":"product","2":"type-product","3":"status-publish","4":"has-post-thumbnail","6":"product_cat-tillbehor","7":"product_cat-yoga-tillbehor","8":"product_cat-vaskor","9":"product_cat-yoga-sv","11":"first","12":"instock","13":"shipping-taxable","14":"purchasable","15":"product-type-simple"},"acf":[],"yoast_head":"<!-- This site is optimized with the Yoast SEO Premium plugin v27.3 (Yoast SEO v27.3) - https:\/\/yoast.com\/product\/yoast-seo-premium-wordpress\/ -->\n<title>Rem f\u00f6r yogamatta av kork - Samarali<\/title>\n<meta name=\"robots\" content=\"index, follow, max-snippet:-1, max-image-preview:large, max-video-preview:-1\" \/>\n<link rel=\"canonical\" href=\"https:\/\/samarali.com\/sv\/produkt\/rem-for-yogamatta-av-kork\/\" \/>\n<meta property=\"og:locale\" content=\"sv_SE\" \/>\n<meta property=\"og:type\" content=\"article\" \/>\n<meta property=\"og:title\" content=\"Rem f\u00f6r yogamatta av kork - Samarali\" \/>\n<meta property=\"og:description\" content=\"V\u00e5r yogamattrem i kork \u00e4r ett milj\u00f6medvetet alternativ och en produkt f\u00f6r yogaentusiaster som bryr sig om sina planer. Bandet \u00e4r tillverkat av 100% kork, ett h\u00e5llbart och biologiskt nedbrytbart material som \u00e4r l\u00e4tt och h\u00e5llbart men ocks\u00e5 mjukt att ta p\u00e5. Materialet \u00e4r ocks\u00e5 mycket bekv\u00e4mt &#8211; du kommer inte att beh\u00f6va ha remmen [&hellip;]\" \/>\n<meta property=\"og:url\" content=\"https:\/\/samarali.com\/sv\/produkt\/rem-for-yogamatta-av-kork\/\" \/>\n<meta property=\"og:site_name\" content=\"Samarali\" \/>\n<meta property=\"article:publisher\" content=\"https:\/\/www.facebook.com\/samaraliyoga\" \/>\n<meta property=\"article:modified_time\" content=\"2024-12-01T23:03:17+00:00\" \/>\n<meta property=\"og:image\" content=\"https:\/\/samarali.com\/wp-content\/uploads\/2024\/08\/Cork-yoga-strap_3.jpg\" \/>\n\t<meta property=\"og:image:width\" content=\"1000\" \/>\n\t<meta property=\"og:image:height\" content=\"1000\" \/>\n\t<meta property=\"og:image:type\" content=\"image\/jpeg\" \/>\n<meta name=\"twitter:card\" content=\"summary_large_image\" \/>\n<meta name=\"twitter:label1\" content=\"Pris\" \/>\n\t<meta name=\"twitter:data1\" content=\"&euro;&nbsp;32,00\" \/>\n\t<meta name=\"twitter:label2\" content=\"Tillg\u00e4nglig\" \/>\n\t<meta name=\"twitter:data2\" content=\"I lager\" \/>\n<script type=\"application\/ld+json\" class=\"yoast-schema-graph\">{\"@context\":\"https:\\\/\\\/schema.org\",\"@graph\":[{\"@type\":\"WebPage\",\"@id\":\"https:\\\/\\\/samarali.com\\\/sv\\\/produkt\\\/rem-for-yogamatta-av-kork\\\/\",\"url\":\"https:\\\/\\\/samarali.com\\\/sv\\\/produkt\\\/rem-for-yogamatta-av-kork\\\/\",\"name\":\"Rem f\u00f6r yogamatta av kork - Samarali\",\"isPartOf\":{\"@id\":\"https:\\\/\\\/samarali.com\\\/sv\\\/#website\"},\"primaryImageOfPage\":{\"@id\":\"https:\\\/\\\/samarali.com\\\/sv\\\/produkt\\\/rem-for-yogamatta-av-kork\\\/#primaryimage\"},\"image\":{\"@id\":\"https:\\\/\\\/samarali.com\\\/sv\\\/produkt\\\/rem-for-yogamatta-av-kork\\\/#primaryimage\"},\"thumbnailUrl\":\"https:\\\/\\\/samarali.com\\\/wp-content\\\/uploads\\\/2024\\\/08\\\/Cork-yoga-strap_3.jpg\",\"datePublished\":\"2024-08-01T12:08:29+00:00\",\"dateModified\":\"2024-12-01T23:03:17+00:00\",\"breadcrumb\":{\"@id\":\"https:\\\/\\\/samarali.com\\\/sv\\\/produkt\\\/rem-for-yogamatta-av-kork\\\/#breadcrumb\"},\"inLanguage\":\"sv-SE\",\"potentialAction\":[{\"@type\":\"ReadAction\",\"target\":[\"https:\\\/\\\/samarali.com\\\/sv\\\/produkt\\\/rem-for-yogamatta-av-kork\\\/\"]}]},{\"@type\":\"ImageObject\",\"inLanguage\":\"sv-SE\",\"@id\":\"https:\\\/\\\/samarali.com\\\/sv\\\/produkt\\\/rem-for-yogamatta-av-kork\\\/#primaryimage\",\"url\":\"https:\\\/\\\/samarali.com\\\/wp-content\\\/uploads\\\/2024\\\/08\\\/Cork-yoga-strap_3.jpg\",\"contentUrl\":\"https:\\\/\\\/samarali.com\\\/wp-content\\\/uploads\\\/2024\\\/08\\\/Cork-yoga-strap_3.jpg\",\"width\":1000,\"height\":1000,\"caption\":\"Cork yoga strap 3\"},{\"@type\":\"BreadcrumbList\",\"@id\":\"https:\\\/\\\/samarali.com\\\/sv\\\/produkt\\\/rem-for-yogamatta-av-kork\\\/#breadcrumb\",\"itemListElement\":[{\"@type\":\"ListItem\",\"position\":1,\"name\":\"Hem\",\"item\":\"https:\\\/\\\/samarali.com\\\/sv\\\/hem\\\/\"},{\"@type\":\"ListItem\",\"position\":2,\"name\":\"Butik\",\"item\":\"https:\\\/\\\/samarali.com\\\/sv\\\/butik\\\/\"},{\"@type\":\"ListItem\",\"position\":3,\"name\":\"Rem f\u00f6r yogamatta av kork\"}]},{\"@type\":\"WebSite\",\"@id\":\"https:\\\/\\\/samarali.com\\\/sv\\\/#website\",\"url\":\"https:\\\/\\\/samarali.com\\\/sv\\\/\",\"name\":\"Samarali\",\"description\":\"Samarali \u00e4r ett h\u00e5llbart yoga- och livsstilsvarum\u00e4rke baserat i Nederl\u00e4nderna\",\"publisher\":{\"@id\":\"https:\\\/\\\/samarali.com\\\/sv\\\/#organization\"},\"potentialAction\":[{\"@type\":\"SearchAction\",\"target\":{\"@type\":\"EntryPoint\",\"urlTemplate\":\"https:\\\/\\\/samarali.com\\\/sv\\\/?s={search_term_string}\"},\"query-input\":{\"@type\":\"PropertyValueSpecification\",\"valueRequired\":true,\"valueName\":\"search_term_string\"}}],\"inLanguage\":\"sv-SE\"},{\"@type\":\"Organization\",\"@id\":\"https:\\\/\\\/samarali.com\\\/sv\\\/#organization\",\"name\":\"Samarali\",\"url\":\"https:\\\/\\\/samarali.com\\\/sv\\\/\",\"logo\":{\"@type\":\"ImageObject\",\"inLanguage\":\"sv-SE\",\"@id\":\"https:\\\/\\\/samarali.com\\\/sv\\\/#\\\/schema\\\/logo\\\/image\\\/\",\"url\":\"https:\\\/\\\/samarali.com\\\/wp-content\\\/uploads\\\/2024\\\/05\\\/cropped-samarali-icon.png\",\"contentUrl\":\"https:\\\/\\\/samarali.com\\\/wp-content\\\/uploads\\\/2024\\\/05\\\/cropped-samarali-icon.png\",\"width\":512,\"height\":512,\"caption\":\"Samarali\"},\"image\":{\"@id\":\"https:\\\/\\\/samarali.com\\\/sv\\\/#\\\/schema\\\/logo\\\/image\\\/\"},\"sameAs\":[\"https:\\\/\\\/www.facebook.com\\\/samaraliyoga\",\"https:\\\/\\\/www.linkedin.com\\\/company\\\/69563155\\\/\",\"https:\\\/\\\/www.instagram.com\\\/samaraliyoga\\\/\",\"https:\\\/\\\/nl.pinterest.com\\\/Samaraliyoga\\\/\"],\"description\":\"Samarali is a sustainable yoga and lifestyle brand based in the Netherlands\",\"email\":\"info@samarali.com\",\"legalName\":\"Samarali B.V.\",\"vatID\":\"NL859820324B01\",\"numberOfEmployees\":{\"@type\":\"QuantitativeValue\",\"minValue\":\"1\",\"maxValue\":\"10\"}}]}<\/script>\n<meta property=\"product:price:amount\" content=\"32.00\" \/>\n<meta property=\"product:price:currency\" content=\"EUR\" \/>\n<meta property=\"og:availability\" content=\"instock\" \/>\n<meta property=\"product:availability\" content=\"instock\" \/>\n<meta property=\"product:retailer_item_id\" content=\"11692\" \/>\n<meta property=\"product:condition\" content=\"new\" \/>\n<!-- \/ Yoast SEO Premium plugin. -->","yoast_head_json":{"title":"Rem f\u00f6r yogamatta av kork - Samarali","robots":{"index":"index","follow":"follow","max-snippet":"max-snippet:-1","max-image-preview":"max-image-preview:large","max-video-preview":"max-video-preview:-1"},"canonical":"https:\/\/samarali.com\/sv\/produkt\/rem-for-yogamatta-av-kork\/","og_locale":"sv_SE","og_type":"article","og_title":"Rem f\u00f6r yogamatta av kork - Samarali","og_description":"V\u00e5r yogamattrem i kork \u00e4r ett milj\u00f6medvetet alternativ och en produkt f\u00f6r yogaentusiaster som bryr sig om sina planer. Bandet \u00e4r tillverkat av 100% kork, ett h\u00e5llbart och biologiskt nedbrytbart material som \u00e4r l\u00e4tt och h\u00e5llbart men ocks\u00e5 mjukt att ta p\u00e5. Materialet \u00e4r ocks\u00e5 mycket bekv\u00e4mt &#8211; du kommer inte att beh\u00f6va ha remmen [&hellip;]","og_url":"https:\/\/samarali.com\/sv\/produkt\/rem-for-yogamatta-av-kork\/","og_site_name":"Samarali","article_publisher":"https:\/\/www.facebook.com\/samaraliyoga","article_modified_time":"2024-12-01T23:03:17+00:00","og_image":[{"width":1000,"height":1000,"url":"https:\/\/samarali.com\/wp-content\/uploads\/2024\/08\/Cork-yoga-strap_3.jpg","type":"image\/jpeg"}],"twitter_card":"summary_large_image","twitter_misc":{"Pris":"&euro;&nbsp;32,00","Tillg\u00e4nglig":"I lager"},"schema":{"@context":"https:\/\/schema.org","@graph":[{"@type":"WebPage","@id":"https:\/\/samarali.com\/sv\/produkt\/rem-for-yogamatta-av-kork\/","url":"https:\/\/samarali.com\/sv\/produkt\/rem-for-yogamatta-av-kork\/","name":"Rem f\u00f6r yogamatta av kork - Samarali","isPartOf":{"@id":"https:\/\/samarali.com\/sv\/#website"},"primaryImageOfPage":{"@id":"https:\/\/samarali.com\/sv\/produkt\/rem-for-yogamatta-av-kork\/#primaryimage"},"image":{"@id":"https:\/\/samarali.com\/sv\/produkt\/rem-for-yogamatta-av-kork\/#primaryimage"},"thumbnailUrl":"https:\/\/samarali.com\/wp-content\/uploads\/2024\/08\/Cork-yoga-strap_3.jpg","datePublished":"2024-08-01T12:08:29+00:00","dateModified":"2024-12-01T23:03:17+00:00","breadcrumb":{"@id":"https:\/\/samarali.com\/sv\/produkt\/rem-for-yogamatta-av-kork\/#breadcrumb"},"inLanguage":"sv-SE","potentialAction":[{"@type":"ReadAction","target":["https:\/\/samarali.com\/sv\/produkt\/rem-for-yogamatta-av-kork\/"]}]},{"@type":"ImageObject","inLanguage":"sv-SE","@id":"https:\/\/samarali.com\/sv\/produkt\/rem-for-yogamatta-av-kork\/#primaryimage","url":"https:\/\/samarali.com\/wp-content\/uploads\/2024\/08\/Cork-yoga-strap_3.jpg","contentUrl":"https:\/\/samarali.com\/wp-content\/uploads\/2024\/08\/Cork-yoga-strap_3.jpg","width":1000,"height":1000,"caption":"Cork yoga strap 3"},{"@type":"BreadcrumbList","@id":"https:\/\/samarali.com\/sv\/produkt\/rem-for-yogamatta-av-kork\/#breadcrumb","itemListElement":[{"@type":"ListItem","position":1,"name":"Hem","item":"https:\/\/samarali.com\/sv\/hem\/"},{"@type":"ListItem","position":2,"name":"Butik","item":"https:\/\/samarali.com\/sv\/butik\/"},{"@type":"ListItem","position":3,"name":"Rem f\u00f6r yogamatta av kork"}]},{"@type":"WebSite","@id":"https:\/\/samarali.com\/sv\/#website","url":"https:\/\/samarali.com\/sv\/","name":"Samarali","description":"Samarali \u00e4r ett h\u00e5llbart yoga- och livsstilsvarum\u00e4rke baserat i Nederl\u00e4nderna","publisher":{"@id":"https:\/\/samarali.com\/sv\/#organization"},"potentialAction":[{"@type":"SearchAction","target":{"@type":"EntryPoint","urlTemplate":"https:\/\/samarali.com\/sv\/?s={search_term_string}"},"query-input":{"@type":"PropertyValueSpecification","valueRequired":true,"valueName":"search_term_string"}}],"inLanguage":"sv-SE"},{"@type":"Organization","@id":"https:\/\/samarali.com\/sv\/#organization","name":"Samarali","url":"https:\/\/samarali.com\/sv\/","logo":{"@type":"ImageObject","inLanguage":"sv-SE","@id":"https:\/\/samarali.com\/sv\/#\/schema\/logo\/image\/","url":"https:\/\/samarali.com\/wp-content\/uploads\/2024\/05\/cropped-samarali-icon.png","contentUrl":"https:\/\/samarali.com\/wp-content\/uploads\/2024\/05\/cropped-samarali-icon.png","width":512,"height":512,"caption":"Samarali"},"image":{"@id":"https:\/\/samarali.com\/sv\/#\/schema\/logo\/image\/"},"sameAs":["https:\/\/www.facebook.com\/samaraliyoga","https:\/\/www.linkedin.com\/company\/69563155\/","https:\/\/www.instagram.com\/samaraliyoga\/","https:\/\/nl.pinterest.com\/Samaraliyoga\/"],"description":"Samarali is a sustainable yoga and lifestyle brand based in the Netherlands","email":"info@samarali.com","legalName":"Samarali B.V.","vatID":"NL859820324B01","numberOfEmployees":{"@type":"QuantitativeValue","minValue":"1","maxValue":"10"}}]},"product_price_amount":"32.00","product_price_currency":"EUR","og_availability":"instock","product_availability":"instock","product_retailer_item_id":"11692","product_condition":"new"},"jetpack_sharing_enabled":true,"_links":{"self":[{"href":"https:\/\/samarali.com\/sv\/wp-json\/wp\/v2\/product\/28659","targetHints":{"allow":["GET"]}}],"collection":[{"href":"https:\/\/samarali.com\/sv\/wp-json\/wp\/v2\/product"}],"about":[{"href":"https:\/\/samarali.com\/sv\/wp-json\/wp\/v2\/types\/product"}],"replies":[{"embeddable":true,"href":"https:\/\/samarali.com\/sv\/wp-json\/wp\/v2\/comments?post=28659"}],"version-history":[{"count":0,"href":"https:\/\/samarali.com\/sv\/wp-json\/wp\/v2\/product\/28659\/revisions"}],"wp:featuredmedia":[{"embeddable":true,"href":"https:\/\/samarali.com\/sv\/wp-json\/wp\/v2\/media\/18427"}],"wp:attachment":[{"href":"https:\/\/samarali.com\/sv\/wp-json\/wp\/v2\/media?parent=28659"}],"wp:term":[{"taxonomy":"product_cat","embeddable":true,"href":"https:\/\/samarali.com\/sv\/wp-json\/wp\/v2\/product_cat?post=28659"},{"taxonomy":"product_tag","embeddable":true,"href":"https:\/\/samarali.com\/sv\/wp-json\/wp\/v2\/product_tag?post=28659"}],"curies":[{"name":"wp","href":"https:\/\/api.w.org\/{rel}","templated":true}]}}