{"id":28652,"date":"2024-07-31T14:42:31","date_gmt":"2024-07-31T12:42:31","guid":{"rendered":"https:\/\/samarali.com\/product\/klassiskt-avancerat-yoga-set\/"},"modified":"2025-01-06T13:43:42","modified_gmt":"2025-01-06T12:43:42","slug":"klassiskt-avancerat-yoga-set","status":"publish","type":"product","link":"https:\/\/samarali.com\/sv\/produkt\/klassiskt-avancerat-yoga-set\/","title":{"rendered":"Klassiskt avancerat yoga-set"},"content":{"rendered":"<p>Classic Advanced Yoga Set inneh\u00e5ller allt du beh\u00f6ver f\u00f6r att b\u00f6rja din yogaresa eller uppgradera din tr\u00e4ning. Denna upps\u00e4ttning inneh\u00e5ller v\u00e5r signatur yogamatta i kork med en bomullsrem, tv\u00e5 yogablock i kork och en praktisk b\u00e4rv\u00e4ska. Denna upps\u00e4ttning \u00e4r perfekt f\u00f6r b\u00e5de nyb\u00f6rjare och erfarna yogis och kombinerar kvalitet, komfort och stil f\u00f6r att st\u00f6dja din tr\u00e4ning varje steg p\u00e5 v\u00e4gen.<\/p>\n<p><strong>Yogamatta av kork<\/strong><br \/>\nV\u00e5r yogamatta i kork \u00e4r tillverkad av h\u00f6gkvalitativa, milj\u00f6v\u00e4nliga material, inklusive naturkork och gummi. Den fungerar som ett ekologiskt alternativ till syntetiska mattor och erbjuder en yta som andas, \u00e4r mjuk och hudv\u00e4nlig. Tack vare sina antimikrobiella egenskaper hanterar den effektivt svett och lukt, vilket g\u00f6r den idealisk f\u00f6r intensiva yogapass. Med utm\u00e4rkt grepp, s\u00e4rskilt n\u00e4r den \u00e4r v\u00e5t, \u00e4r den h\u00e4r mattan perfekt f\u00f6r aktiv och varm yoga.<\/p>\n<p><strong>B\u00e4rrem<\/strong><br \/>\nMed mattan medf\u00f6ljer en praktisk b\u00e4rrem som g\u00f6r det enkelt att ta med sig yogamattan vart du \u00e4n g\u00e5r utan problem.<\/p>\n<p><strong>Yoga Block<\/strong><br \/>\nEtt yogablock \u00e4r ett viktigt tillbeh\u00f6r f\u00f6r yoga och pilates och ger viktigt st\u00f6d i olika st\u00e4llningar. V\u00e5rt yogablock \u00e4r utformat med en bred yta f\u00f6r stabilitet i armbalanser och st\u00f6d f\u00f6r ryggen vid ryggliggande \u00f6vningar. Den l\u00e4tta, halkfria ytan och de rundade kanterna g\u00f6r att den ligger bekv\u00e4mt i handen och f\u00f6rhindrar tryckpunkter.<\/p>\n<p><strong>B\u00e4rv\u00e4ska f\u00f6r yogamatta<\/strong><br \/>\nV\u00e5r b\u00e4rv\u00e4ska f\u00f6r yogamattor \u00e4r tillverkad av portugisisk premiumkork som \u00e4r k\u00e4nd f\u00f6r sin h\u00e5llbarhet och l\u00e5ga underh\u00e5llskostnader. Den naturliga strukturen hos kork ger en elegant touch till dina tr\u00e4ningskl\u00e4der. Den h\u00e4r mjuka, l\u00e4tta och mycket bekv\u00e4ma v\u00e4skan \u00e4r perfekt f\u00f6r att transportera din matta till studion eller p\u00e5 resan. Dessutom \u00e4r den helt vattent\u00e4t, vilket g\u00f6r att din matta h\u00e5ller sig torr \u00e4ven i regniga f\u00f6rh\u00e5llanden.<\/p>\n","protected":false},"excerpt":{"rendered":"<p>B\u00f6rja eller f\u00f6rb\u00e4ttra din yogapraktik med Classic Advanced Yoga Set, som best\u00e5r av en yogamatta i kork, bomullsrem, tv\u00e5 korkblock och en vattent\u00e4t b\u00e4rv\u00e4ska. Milj\u00f6v\u00e4nlig, h\u00e5llbar och perfekt f\u00f6r alla niv\u00e5er.<\/p>\n<div id=\"gtx-trans\" style=\"position: absolute;left: -67px;top: -8.8px\">\n<div class=\"gtx-trans-icon\"><\/div>\n<\/div>\n","protected":false},"featured_media":17510,"comment_status":"open","ping_status":"closed","template":"","meta":{"_acf_changed":false,"_improvement_type_select":"improve_an_existing","_thumb_yes_seoaic":false,"_frame_yes_seoaic":false,"seoaic_generate_description":"","seoaic_improve_instructions_prompt":"","seoaic_rollback_content_improvement":"","seoaic_idea_thumbnail_generator":"","thumbnail_generated":false,"thumbnail_generate_prompt":"","seoaic_article_description":"","inline_featured_image":false},"product_cat":[317,318],"product_tag":[],"class_list":{"0":"post-28652","1":"product","2":"type-product","3":"status-publish","4":"has-post-thumbnail","6":"product_cat-yoga-sv","7":"product_cat-yoga-uppsattningar","9":"first","10":"instock","11":"shipping-taxable","12":"purchasable","13":"product-type-simple"},"acf":[],"yoast_head":"<!-- This site is optimized with the Yoast SEO Premium plugin v27.3 (Yoast SEO v27.3) - https:\/\/yoast.com\/product\/yoast-seo-premium-wordpress\/ -->\n<title>Klassiskt avancerat yoga-set - Samarali<\/title>\n<meta name=\"description\" content=\"F\u00f6rb\u00e4ttra din yogapraktik med Classic Advanced Yoga Set, som best\u00e5r av en yogamatta i kork, en bomullsrem, tv\u00e5 korkblock och en vattent\u00e4t b\u00e4rv\u00e4ska.\" \/>\n<meta name=\"robots\" content=\"index, follow, max-snippet:-1, max-image-preview:large, max-video-preview:-1\" \/>\n<link rel=\"canonical\" href=\"https:\/\/samarali.com\/sv\/produkt\/klassiskt-avancerat-yoga-set\/\" \/>\n<meta property=\"og:locale\" content=\"sv_SE\" \/>\n<meta property=\"og:type\" content=\"article\" \/>\n<meta property=\"og:title\" content=\"Klassiskt avancerat yoga-set - Samarali\" \/>\n<meta property=\"og:description\" content=\"F\u00f6rb\u00e4ttra din yogapraktik med Classic Advanced Yoga Set, som best\u00e5r av en yogamatta i kork, en bomullsrem, tv\u00e5 korkblock och en vattent\u00e4t b\u00e4rv\u00e4ska.\" \/>\n<meta property=\"og:url\" content=\"https:\/\/samarali.com\/sv\/produkt\/klassiskt-avancerat-yoga-set\/\" \/>\n<meta property=\"og:site_name\" content=\"Samarali\" \/>\n<meta property=\"article:publisher\" content=\"https:\/\/www.facebook.com\/samaraliyoga\" \/>\n<meta property=\"article:modified_time\" content=\"2025-01-06T12:43:42+00:00\" \/>\n<meta property=\"og:image\" content=\"https:\/\/samarali.com\/wp-content\/uploads\/2024\/07\/Classic-advanced-yoga-set.jpg\" \/>\n\t<meta property=\"og:image:width\" content=\"1000\" \/>\n\t<meta property=\"og:image:height\" content=\"1000\" \/>\n\t<meta property=\"og:image:type\" content=\"image\/jpeg\" \/>\n<meta name=\"twitter:card\" content=\"summary_large_image\" \/>\n<meta name=\"twitter:label1\" content=\"Pris\" \/>\n\t<meta name=\"twitter:data1\" content=\"&euro;&nbsp;165,00\" \/>\n\t<meta name=\"twitter:label2\" content=\"Tillg\u00e4nglig\" \/>\n\t<meta name=\"twitter:data2\" content=\"I lager\" \/>\n<script type=\"application\/ld+json\" class=\"yoast-schema-graph\">{\"@context\":\"https:\\\/\\\/schema.org\",\"@graph\":[{\"@type\":\"WebPage\",\"@id\":\"https:\\\/\\\/samarali.com\\\/sv\\\/produkt\\\/klassiskt-avancerat-yoga-set\\\/\",\"url\":\"https:\\\/\\\/samarali.com\\\/sv\\\/produkt\\\/klassiskt-avancerat-yoga-set\\\/\",\"name\":\"Klassiskt avancerat yoga-set - Samarali\",\"isPartOf\":{\"@id\":\"https:\\\/\\\/samarali.com\\\/sv\\\/#website\"},\"primaryImageOfPage\":{\"@id\":\"https:\\\/\\\/samarali.com\\\/sv\\\/produkt\\\/klassiskt-avancerat-yoga-set\\\/#primaryimage\"},\"image\":{\"@id\":\"https:\\\/\\\/samarali.com\\\/sv\\\/produkt\\\/klassiskt-avancerat-yoga-set\\\/#primaryimage\"},\"thumbnailUrl\":\"https:\\\/\\\/samarali.com\\\/wp-content\\\/uploads\\\/2024\\\/07\\\/Classic-advanced-yoga-set.jpg\",\"datePublished\":\"2024-07-31T12:42:31+00:00\",\"dateModified\":\"2025-01-06T12:43:42+00:00\",\"description\":\"F\u00f6rb\u00e4ttra din yogapraktik med Classic Advanced Yoga Set, som best\u00e5r av en yogamatta i kork, en bomullsrem, tv\u00e5 korkblock och en vattent\u00e4t b\u00e4rv\u00e4ska.\",\"breadcrumb\":{\"@id\":\"https:\\\/\\\/samarali.com\\\/sv\\\/produkt\\\/klassiskt-avancerat-yoga-set\\\/#breadcrumb\"},\"inLanguage\":\"sv-SE\",\"potentialAction\":[{\"@type\":\"ReadAction\",\"target\":[\"https:\\\/\\\/samarali.com\\\/sv\\\/produkt\\\/klassiskt-avancerat-yoga-set\\\/\"]}]},{\"@type\":\"ImageObject\",\"inLanguage\":\"sv-SE\",\"@id\":\"https:\\\/\\\/samarali.com\\\/sv\\\/produkt\\\/klassiskt-avancerat-yoga-set\\\/#primaryimage\",\"url\":\"https:\\\/\\\/samarali.com\\\/wp-content\\\/uploads\\\/2024\\\/07\\\/Classic-advanced-yoga-set.jpg\",\"contentUrl\":\"https:\\\/\\\/samarali.com\\\/wp-content\\\/uploads\\\/2024\\\/07\\\/Classic-advanced-yoga-set.jpg\",\"width\":1000,\"height\":1000,\"caption\":\"Klassiskt avancerat yoga-set\"},{\"@type\":\"BreadcrumbList\",\"@id\":\"https:\\\/\\\/samarali.com\\\/sv\\\/produkt\\\/klassiskt-avancerat-yoga-set\\\/#breadcrumb\",\"itemListElement\":[{\"@type\":\"ListItem\",\"position\":1,\"name\":\"Hem\",\"item\":\"https:\\\/\\\/samarali.com\\\/sv\\\/hem\\\/\"},{\"@type\":\"ListItem\",\"position\":2,\"name\":\"Butik\",\"item\":\"https:\\\/\\\/samarali.com\\\/sv\\\/butik\\\/\"},{\"@type\":\"ListItem\",\"position\":3,\"name\":\"Klassiskt avancerat yoga-set\"}]},{\"@type\":\"WebSite\",\"@id\":\"https:\\\/\\\/samarali.com\\\/sv\\\/#website\",\"url\":\"https:\\\/\\\/samarali.com\\\/sv\\\/\",\"name\":\"Samarali\",\"description\":\"Samarali \u00e4r ett h\u00e5llbart yoga- och livsstilsvarum\u00e4rke baserat i Nederl\u00e4nderna\",\"publisher\":{\"@id\":\"https:\\\/\\\/samarali.com\\\/sv\\\/#organization\"},\"potentialAction\":[{\"@type\":\"SearchAction\",\"target\":{\"@type\":\"EntryPoint\",\"urlTemplate\":\"https:\\\/\\\/samarali.com\\\/sv\\\/?s={search_term_string}\"},\"query-input\":{\"@type\":\"PropertyValueSpecification\",\"valueRequired\":true,\"valueName\":\"search_term_string\"}}],\"inLanguage\":\"sv-SE\"},{\"@type\":\"Organization\",\"@id\":\"https:\\\/\\\/samarali.com\\\/sv\\\/#organization\",\"name\":\"Samarali\",\"url\":\"https:\\\/\\\/samarali.com\\\/sv\\\/\",\"logo\":{\"@type\":\"ImageObject\",\"inLanguage\":\"sv-SE\",\"@id\":\"https:\\\/\\\/samarali.com\\\/sv\\\/#\\\/schema\\\/logo\\\/image\\\/\",\"url\":\"https:\\\/\\\/samarali.com\\\/wp-content\\\/uploads\\\/2024\\\/05\\\/cropped-samarali-icon.png\",\"contentUrl\":\"https:\\\/\\\/samarali.com\\\/wp-content\\\/uploads\\\/2024\\\/05\\\/cropped-samarali-icon.png\",\"width\":512,\"height\":512,\"caption\":\"Samarali\"},\"image\":{\"@id\":\"https:\\\/\\\/samarali.com\\\/sv\\\/#\\\/schema\\\/logo\\\/image\\\/\"},\"sameAs\":[\"https:\\\/\\\/www.facebook.com\\\/samaraliyoga\",\"https:\\\/\\\/www.linkedin.com\\\/company\\\/69563155\\\/\",\"https:\\\/\\\/www.instagram.com\\\/samaraliyoga\\\/\",\"https:\\\/\\\/nl.pinterest.com\\\/Samaraliyoga\\\/\"],\"description\":\"Samarali is a sustainable yoga and lifestyle brand based in the Netherlands\",\"email\":\"info@samarali.com\",\"legalName\":\"Samarali B.V.\",\"vatID\":\"NL859820324B01\",\"numberOfEmployees\":{\"@type\":\"QuantitativeValue\",\"minValue\":\"1\",\"maxValue\":\"10\"}}]}<\/script>\n<meta property=\"product:price:amount\" content=\"165.00\" \/>\n<meta property=\"product:price:currency\" content=\"EUR\" \/>\n<meta property=\"og:availability\" content=\"instock\" \/>\n<meta property=\"product:availability\" content=\"instock\" \/>\n<meta property=\"product:retailer_item_id\" content=\"11120\" \/>\n<meta property=\"product:condition\" content=\"new\" \/>\n<!-- \/ Yoast SEO Premium plugin. -->","yoast_head_json":{"title":"Klassiskt avancerat yoga-set - Samarali","description":"F\u00f6rb\u00e4ttra din yogapraktik med Classic Advanced Yoga Set, som best\u00e5r av en yogamatta i kork, en bomullsrem, tv\u00e5 korkblock och en vattent\u00e4t b\u00e4rv\u00e4ska.","robots":{"index":"index","follow":"follow","max-snippet":"max-snippet:-1","max-image-preview":"max-image-preview:large","max-video-preview":"max-video-preview:-1"},"canonical":"https:\/\/samarali.com\/sv\/produkt\/klassiskt-avancerat-yoga-set\/","og_locale":"sv_SE","og_type":"article","og_title":"Klassiskt avancerat yoga-set - Samarali","og_description":"F\u00f6rb\u00e4ttra din yogapraktik med Classic Advanced Yoga Set, som best\u00e5r av en yogamatta i kork, en bomullsrem, tv\u00e5 korkblock och en vattent\u00e4t b\u00e4rv\u00e4ska.","og_url":"https:\/\/samarali.com\/sv\/produkt\/klassiskt-avancerat-yoga-set\/","og_site_name":"Samarali","article_publisher":"https:\/\/www.facebook.com\/samaraliyoga","article_modified_time":"2025-01-06T12:43:42+00:00","og_image":[{"width":1000,"height":1000,"url":"https:\/\/samarali.com\/wp-content\/uploads\/2024\/07\/Classic-advanced-yoga-set.jpg","type":"image\/jpeg"}],"twitter_card":"summary_large_image","twitter_misc":{"Pris":"&euro;&nbsp;165,00","Tillg\u00e4nglig":"I lager"},"schema":{"@context":"https:\/\/schema.org","@graph":[{"@type":"WebPage","@id":"https:\/\/samarali.com\/sv\/produkt\/klassiskt-avancerat-yoga-set\/","url":"https:\/\/samarali.com\/sv\/produkt\/klassiskt-avancerat-yoga-set\/","name":"Klassiskt avancerat yoga-set - Samarali","isPartOf":{"@id":"https:\/\/samarali.com\/sv\/#website"},"primaryImageOfPage":{"@id":"https:\/\/samarali.com\/sv\/produkt\/klassiskt-avancerat-yoga-set\/#primaryimage"},"image":{"@id":"https:\/\/samarali.com\/sv\/produkt\/klassiskt-avancerat-yoga-set\/#primaryimage"},"thumbnailUrl":"https:\/\/samarali.com\/wp-content\/uploads\/2024\/07\/Classic-advanced-yoga-set.jpg","datePublished":"2024-07-31T12:42:31+00:00","dateModified":"2025-01-06T12:43:42+00:00","description":"F\u00f6rb\u00e4ttra din yogapraktik med Classic Advanced Yoga Set, som best\u00e5r av en yogamatta i kork, en bomullsrem, tv\u00e5 korkblock och en vattent\u00e4t b\u00e4rv\u00e4ska.","breadcrumb":{"@id":"https:\/\/samarali.com\/sv\/produkt\/klassiskt-avancerat-yoga-set\/#breadcrumb"},"inLanguage":"sv-SE","potentialAction":[{"@type":"ReadAction","target":["https:\/\/samarali.com\/sv\/produkt\/klassiskt-avancerat-yoga-set\/"]}]},{"@type":"ImageObject","inLanguage":"sv-SE","@id":"https:\/\/samarali.com\/sv\/produkt\/klassiskt-avancerat-yoga-set\/#primaryimage","url":"https:\/\/samarali.com\/wp-content\/uploads\/2024\/07\/Classic-advanced-yoga-set.jpg","contentUrl":"https:\/\/samarali.com\/wp-content\/uploads\/2024\/07\/Classic-advanced-yoga-set.jpg","width":1000,"height":1000,"caption":"Klassiskt avancerat yoga-set"},{"@type":"BreadcrumbList","@id":"https:\/\/samarali.com\/sv\/produkt\/klassiskt-avancerat-yoga-set\/#breadcrumb","itemListElement":[{"@type":"ListItem","position":1,"name":"Hem","item":"https:\/\/samarali.com\/sv\/hem\/"},{"@type":"ListItem","position":2,"name":"Butik","item":"https:\/\/samarali.com\/sv\/butik\/"},{"@type":"ListItem","position":3,"name":"Klassiskt avancerat yoga-set"}]},{"@type":"WebSite","@id":"https:\/\/samarali.com\/sv\/#website","url":"https:\/\/samarali.com\/sv\/","name":"Samarali","description":"Samarali \u00e4r ett h\u00e5llbart yoga- och livsstilsvarum\u00e4rke baserat i Nederl\u00e4nderna","publisher":{"@id":"https:\/\/samarali.com\/sv\/#organization"},"potentialAction":[{"@type":"SearchAction","target":{"@type":"EntryPoint","urlTemplate":"https:\/\/samarali.com\/sv\/?s={search_term_string}"},"query-input":{"@type":"PropertyValueSpecification","valueRequired":true,"valueName":"search_term_string"}}],"inLanguage":"sv-SE"},{"@type":"Organization","@id":"https:\/\/samarali.com\/sv\/#organization","name":"Samarali","url":"https:\/\/samarali.com\/sv\/","logo":{"@type":"ImageObject","inLanguage":"sv-SE","@id":"https:\/\/samarali.com\/sv\/#\/schema\/logo\/image\/","url":"https:\/\/samarali.com\/wp-content\/uploads\/2024\/05\/cropped-samarali-icon.png","contentUrl":"https:\/\/samarali.com\/wp-content\/uploads\/2024\/05\/cropped-samarali-icon.png","width":512,"height":512,"caption":"Samarali"},"image":{"@id":"https:\/\/samarali.com\/sv\/#\/schema\/logo\/image\/"},"sameAs":["https:\/\/www.facebook.com\/samaraliyoga","https:\/\/www.linkedin.com\/company\/69563155\/","https:\/\/www.instagram.com\/samaraliyoga\/","https:\/\/nl.pinterest.com\/Samaraliyoga\/"],"description":"Samarali is a sustainable yoga and lifestyle brand based in the Netherlands","email":"info@samarali.com","legalName":"Samarali B.V.","vatID":"NL859820324B01","numberOfEmployees":{"@type":"QuantitativeValue","minValue":"1","maxValue":"10"}}]},"product_price_amount":"165.00","product_price_currency":"EUR","og_availability":"instock","product_availability":"instock","product_retailer_item_id":"11120","product_condition":"new"},"jetpack_sharing_enabled":true,"_links":{"self":[{"href":"https:\/\/samarali.com\/sv\/wp-json\/wp\/v2\/product\/28652","targetHints":{"allow":["GET"]}}],"collection":[{"href":"https:\/\/samarali.com\/sv\/wp-json\/wp\/v2\/product"}],"about":[{"href":"https:\/\/samarali.com\/sv\/wp-json\/wp\/v2\/types\/product"}],"replies":[{"embeddable":true,"href":"https:\/\/samarali.com\/sv\/wp-json\/wp\/v2\/comments?post=28652"}],"version-history":[{"count":1,"href":"https:\/\/samarali.com\/sv\/wp-json\/wp\/v2\/product\/28652\/revisions"}],"predecessor-version":[{"id":32876,"href":"https:\/\/samarali.com\/sv\/wp-json\/wp\/v2\/product\/28652\/revisions\/32876"}],"wp:featuredmedia":[{"embeddable":true,"href":"https:\/\/samarali.com\/sv\/wp-json\/wp\/v2\/media\/17510"}],"wp:attachment":[{"href":"https:\/\/samarali.com\/sv\/wp-json\/wp\/v2\/media?parent=28652"}],"wp:term":[{"taxonomy":"product_cat","embeddable":true,"href":"https:\/\/samarali.com\/sv\/wp-json\/wp\/v2\/product_cat?post=28652"},{"taxonomy":"product_tag","embeddable":true,"href":"https:\/\/samarali.com\/sv\/wp-json\/wp\/v2\/product_tag?post=28652"}],"curies":[{"name":"wp","href":"https:\/\/api.w.org\/{rel}","templated":true}]}}