{"id":28647,"date":"2024-07-31T13:35:22","date_gmt":"2024-07-31T11:35:22","guid":{"rendered":"https:\/\/samarali.com\/product\/yogamatta-for-solformorkelse\/"},"modified":"2024-10-07T15:26:01","modified_gmt":"2024-10-07T13:26:01","slug":"yogamatta-for-solformorkelse","status":"publish","type":"product","link":"https:\/\/samarali.com\/sv\/produkt\/yogamatta-for-solformorkelse\/","title":{"rendered":"Yogamatta f\u00f6r solf\u00f6rm\u00f6rkelse"},"content":{"rendered":"<p>Njut av dina asanas med v\u00e5r milj\u00f6v\u00e4nliga och h\u00f6gkvalitativa Sun Eclipse yogamatta i kork.<br \/>\nDen h\u00e4r mattan \u00e4r utformad f\u00f6r att st\u00f6dja dina \u00f6vningar och lyfta din praktik och ger den perfekta blandningen av komfort, stabilitet och h\u00e5llbarhet f\u00f6r att hj\u00e4lpa dig att ta din yoga till n\u00e4sta niv\u00e5.<br \/>\nSun Eclipse yogamatta i kork eliminerar naturligt bakterier och lukter tack vare korkens inneboende antibakteriella egenskaper, vilket inneb\u00e4r att du inte beh\u00f6ver reng\u00f6ra den efter varje tr\u00e4ningspass.<br \/>\nDetta g\u00f6r den idealisk f\u00f6r hemmatr\u00e4ning, eftersom den inte l\u00e4mnar n\u00e5gra obehagliga lukter p\u00e5 golvet eller mattan.<br \/>\nIbland rekommenderas dock underh\u00e5ll &#8211; spraya helt enkelt mattan med en blandning av vatten och \u00e4ppelcidervin\u00e4ger f\u00f6r att h\u00e5lla den fr\u00e4sch.<br \/>\nMattans yta av kork ger ett exceptionellt grepp, s\u00e4rskilt n\u00e4r det \u00e4r fuktigt.<br \/>\nN\u00e4r du svettas frig\u00f6r korken Suberin, ett vaxartat \u00e4mne som f\u00f6rb\u00e4ttrar greppet.<br \/>\nOavsett om du \u00e4r p\u00e5 en hot yoga- eller ashtangaklass blir mattan inte hal.<br \/>\nFaktum \u00e4r att du kan maximera greppet genom att spraya vatten p\u00e5 h\u00e4nder och f\u00f6tter f\u00f6re passet.<br \/>\nMed en tjocklek p\u00e5 4 mm ger den h\u00e4r yogamattan optimal d\u00e4mpning f\u00f6r kn\u00e4n, f\u00f6tter och leder.<br \/>\nKorkens unika molekyl\u00e4ra struktur absorberar st\u00f6tar och \u00e5terg\u00e5r snabbt till sin ursprungliga form, vilket ger en perfekt balans mellan stabilitet och flexibilitet.<br \/>\nMattans design \u00e4r laserprintad, vilket h\u00e5ller den kemikaliefri och s\u00e4kerst\u00e4ller att designen f\u00f6rblir intakt utan att blekna med tiden.           <\/p>\n","protected":false},"excerpt":{"rendered":"<p>Njut av dina asanas med v\u00e5r milj\u00f6v\u00e4nliga och h\u00f6gkvalitativa Sun Eclipse yogamatta i kork. Den h\u00e4r mattan \u00e4r utformad f\u00f6r att st\u00f6dja dina \u00f6vningar och lyfta din praktik och ger den perfekta blandningen av komfort, stabilitet och h\u00e5llbarhet f\u00f6r att hj\u00e4lpa dig att ta din yoga till n\u00e4sta niv\u00e5. Sun Eclipse yogamatta i kork eliminerar [&hellip;]<\/p>\n","protected":false},"featured_media":17421,"comment_status":"open","ping_status":"closed","template":"","meta":{"_acf_changed":false,"_improvement_type_select":"improve_an_existing","_thumb_yes_seoaic":false,"_frame_yes_seoaic":false,"seoaic_generate_description":"","seoaic_improve_instructions_prompt":"","seoaic_rollback_content_improvement":"","seoaic_idea_thumbnail_generator":"","thumbnail_generated":false,"thumbnail_generate_prompt":"","seoaic_article_description":"","inline_featured_image":false},"product_cat":[317,335],"product_tag":[],"class_list":{"0":"post-28647","1":"product","2":"type-product","3":"status-publish","4":"has-post-thumbnail","6":"product_cat-yoga-sv","7":"product_cat-yogamattor","9":"first","10":"instock","11":"shipping-taxable","12":"purchasable","13":"product-type-simple"},"acf":[],"yoast_head":"<!-- This site is optimized with the Yoast SEO Premium plugin v27.3 (Yoast SEO v27.3) - https:\/\/yoast.com\/product\/yoast-seo-premium-wordpress\/ -->\n<title>H\u00f6gkvalitativ Sun Eclipse Yogamatta i Kork<\/title>\n<meta name=\"description\" content=\"Njut av asanas med v\u00e5r milj\u00f6v\u00e4nliga Sun Eclipse yogamatta. Perfekt grepp och antibakteriella egenskaper f\u00f6r en ren och h\u00e5llbar praktik.\" \/>\n<meta name=\"robots\" content=\"index, follow, max-snippet:-1, max-image-preview:large, max-video-preview:-1\" \/>\n<link rel=\"canonical\" href=\"https:\/\/samarali.com\/sv\/produkt\/yogamatta-for-solformorkelse\/\" \/>\n<meta property=\"og:locale\" content=\"sv_SE\" \/>\n<meta property=\"og:type\" content=\"article\" \/>\n<meta property=\"og:title\" content=\"Sun Eclipse Yogamatta i Kork - H\u00e5llbar och Ren\" \/>\n<meta property=\"og:description\" content=\"Upplev exceptionellt grepp och komfort med v\u00e5r Sun Eclipse yogamatta i kork.\" \/>\n<meta property=\"og:url\" content=\"https:\/\/samarali.com\/sv\/produkt\/yogamatta-for-solformorkelse\/\" \/>\n<meta property=\"og:site_name\" content=\"Samarali\" \/>\n<meta property=\"article:publisher\" content=\"https:\/\/www.facebook.com\/samaraliyoga\" \/>\n<meta property=\"article:modified_time\" content=\"2024-10-07T13:26:01+00:00\" \/>\n<meta property=\"og:image\" content=\"https:\/\/samarali.com\/wp-content\/uploads\/2024\/07\/sam-sun-eclipse-yoga-mat-01.jpg\" \/>\n\t<meta property=\"og:image:width\" content=\"830\" \/>\n\t<meta property=\"og:image:height\" content=\"830\" \/>\n\t<meta property=\"og:image:type\" content=\"image\/jpeg\" \/>\n<meta name=\"twitter:card\" content=\"summary_large_image\" \/>\n<meta name=\"twitter:title\" content=\"Sun Eclipse Yogamatta i Kork - H\u00e5llbar och Ren\" \/>\n<meta name=\"twitter:description\" content=\"Upplev exceptionellt grepp och komfort med v\u00e5r Sun Eclipse yogamatta i kork.\" \/>\n<meta name=\"twitter:label1\" content=\"Pris\" \/>\n\t<meta name=\"twitter:data1\" content=\"&euro;&nbsp;79,00\" \/>\n\t<meta name=\"twitter:label2\" content=\"Tillg\u00e4nglig\" \/>\n\t<meta name=\"twitter:data2\" content=\"I lager\" \/>\n<script type=\"application\/ld+json\" class=\"yoast-schema-graph\">{\"@context\":\"https:\\\/\\\/schema.org\",\"@graph\":[{\"@type\":\"WebPage\",\"@id\":\"https:\\\/\\\/samarali.com\\\/sv\\\/produkt\\\/yogamatta-for-solformorkelse\\\/\",\"url\":\"https:\\\/\\\/samarali.com\\\/sv\\\/produkt\\\/yogamatta-for-solformorkelse\\\/\",\"name\":\"H\u00f6gkvalitativ Sun Eclipse Yogamatta i Kork\",\"isPartOf\":{\"@id\":\"https:\\\/\\\/samarali.com\\\/sv\\\/#website\"},\"primaryImageOfPage\":{\"@id\":\"https:\\\/\\\/samarali.com\\\/sv\\\/produkt\\\/yogamatta-for-solformorkelse\\\/#primaryimage\"},\"image\":{\"@id\":\"https:\\\/\\\/samarali.com\\\/sv\\\/produkt\\\/yogamatta-for-solformorkelse\\\/#primaryimage\"},\"thumbnailUrl\":\"https:\\\/\\\/samarali.com\\\/wp-content\\\/uploads\\\/2024\\\/07\\\/sam-sun-eclipse-yoga-mat-01.jpg\",\"datePublished\":\"2024-07-31T11:35:22+00:00\",\"dateModified\":\"2024-10-07T13:26:01+00:00\",\"description\":\"Njut av asanas med v\u00e5r milj\u00f6v\u00e4nliga Sun Eclipse yogamatta. Perfekt grepp och antibakteriella egenskaper f\u00f6r en ren och h\u00e5llbar praktik.\",\"breadcrumb\":{\"@id\":\"https:\\\/\\\/samarali.com\\\/sv\\\/produkt\\\/yogamatta-for-solformorkelse\\\/#breadcrumb\"},\"inLanguage\":\"sv-SE\",\"potentialAction\":[{\"@type\":\"ReadAction\",\"target\":[\"https:\\\/\\\/samarali.com\\\/sv\\\/produkt\\\/yogamatta-for-solformorkelse\\\/\"]}]},{\"@type\":\"ImageObject\",\"inLanguage\":\"sv-SE\",\"@id\":\"https:\\\/\\\/samarali.com\\\/sv\\\/produkt\\\/yogamatta-for-solformorkelse\\\/#primaryimage\",\"url\":\"https:\\\/\\\/samarali.com\\\/wp-content\\\/uploads\\\/2024\\\/07\\\/sam-sun-eclipse-yoga-mat-01.jpg\",\"contentUrl\":\"https:\\\/\\\/samarali.com\\\/wp-content\\\/uploads\\\/2024\\\/07\\\/sam-sun-eclipse-yoga-mat-01.jpg\",\"width\":830,\"height\":830,\"caption\":\"sam sun eclipse yoga mat 01\"},{\"@type\":\"BreadcrumbList\",\"@id\":\"https:\\\/\\\/samarali.com\\\/sv\\\/produkt\\\/yogamatta-for-solformorkelse\\\/#breadcrumb\",\"itemListElement\":[{\"@type\":\"ListItem\",\"position\":1,\"name\":\"Hem\",\"item\":\"https:\\\/\\\/samarali.com\\\/sv\\\/hem\\\/\"},{\"@type\":\"ListItem\",\"position\":2,\"name\":\"Butik\",\"item\":\"https:\\\/\\\/samarali.com\\\/sv\\\/butik\\\/\"},{\"@type\":\"ListItem\",\"position\":3,\"name\":\"Yogamatta f\u00f6r solf\u00f6rm\u00f6rkelse\"}]},{\"@type\":\"WebSite\",\"@id\":\"https:\\\/\\\/samarali.com\\\/sv\\\/#website\",\"url\":\"https:\\\/\\\/samarali.com\\\/sv\\\/\",\"name\":\"Samarali\",\"description\":\"Samarali \u00e4r ett h\u00e5llbart yoga- och livsstilsvarum\u00e4rke baserat i Nederl\u00e4nderna\",\"publisher\":{\"@id\":\"https:\\\/\\\/samarali.com\\\/sv\\\/#organization\"},\"potentialAction\":[{\"@type\":\"SearchAction\",\"target\":{\"@type\":\"EntryPoint\",\"urlTemplate\":\"https:\\\/\\\/samarali.com\\\/sv\\\/?s={search_term_string}\"},\"query-input\":{\"@type\":\"PropertyValueSpecification\",\"valueRequired\":true,\"valueName\":\"search_term_string\"}}],\"inLanguage\":\"sv-SE\"},{\"@type\":\"Organization\",\"@id\":\"https:\\\/\\\/samarali.com\\\/sv\\\/#organization\",\"name\":\"Samarali\",\"url\":\"https:\\\/\\\/samarali.com\\\/sv\\\/\",\"logo\":{\"@type\":\"ImageObject\",\"inLanguage\":\"sv-SE\",\"@id\":\"https:\\\/\\\/samarali.com\\\/sv\\\/#\\\/schema\\\/logo\\\/image\\\/\",\"url\":\"https:\\\/\\\/samarali.com\\\/wp-content\\\/uploads\\\/2024\\\/05\\\/cropped-samarali-icon.png\",\"contentUrl\":\"https:\\\/\\\/samarali.com\\\/wp-content\\\/uploads\\\/2024\\\/05\\\/cropped-samarali-icon.png\",\"width\":512,\"height\":512,\"caption\":\"Samarali\"},\"image\":{\"@id\":\"https:\\\/\\\/samarali.com\\\/sv\\\/#\\\/schema\\\/logo\\\/image\\\/\"},\"sameAs\":[\"https:\\\/\\\/www.facebook.com\\\/samaraliyoga\",\"https:\\\/\\\/www.linkedin.com\\\/company\\\/69563155\\\/\",\"https:\\\/\\\/www.instagram.com\\\/samaraliyoga\\\/\",\"https:\\\/\\\/nl.pinterest.com\\\/Samaraliyoga\\\/\"],\"description\":\"Samarali is a sustainable yoga and lifestyle brand based in the Netherlands\",\"email\":\"info@samarali.com\",\"legalName\":\"Samarali B.V.\",\"vatID\":\"NL859820324B01\",\"numberOfEmployees\":{\"@type\":\"QuantitativeValue\",\"minValue\":\"1\",\"maxValue\":\"10\"}}]}<\/script>\n<meta property=\"product:price:amount\" content=\"79.00\" \/>\n<meta property=\"product:price:currency\" content=\"EUR\" \/>\n<meta property=\"og:availability\" content=\"instock\" \/>\n<meta property=\"product:availability\" content=\"instock\" \/>\n<meta property=\"product:retailer_item_id\" content=\"11112\" \/>\n<meta property=\"product:condition\" content=\"new\" \/>\n<!-- \/ Yoast SEO Premium plugin. -->","yoast_head_json":{"title":"H\u00f6gkvalitativ Sun Eclipse Yogamatta i Kork","description":"Njut av asanas med v\u00e5r milj\u00f6v\u00e4nliga Sun Eclipse yogamatta. Perfekt grepp och antibakteriella egenskaper f\u00f6r en ren och h\u00e5llbar praktik.","robots":{"index":"index","follow":"follow","max-snippet":"max-snippet:-1","max-image-preview":"max-image-preview:large","max-video-preview":"max-video-preview:-1"},"canonical":"https:\/\/samarali.com\/sv\/produkt\/yogamatta-for-solformorkelse\/","og_locale":"sv_SE","og_type":"article","og_title":"Sun Eclipse Yogamatta i Kork - H\u00e5llbar och Ren","og_description":"Upplev exceptionellt grepp och komfort med v\u00e5r Sun Eclipse yogamatta i kork.","og_url":"https:\/\/samarali.com\/sv\/produkt\/yogamatta-for-solformorkelse\/","og_site_name":"Samarali","article_publisher":"https:\/\/www.facebook.com\/samaraliyoga","article_modified_time":"2024-10-07T13:26:01+00:00","og_image":[{"width":830,"height":830,"url":"https:\/\/samarali.com\/wp-content\/uploads\/2024\/07\/sam-sun-eclipse-yoga-mat-01.jpg","type":"image\/jpeg"}],"twitter_card":"summary_large_image","twitter_title":"Sun Eclipse Yogamatta i Kork - H\u00e5llbar och Ren","twitter_description":"Upplev exceptionellt grepp och komfort med v\u00e5r Sun Eclipse yogamatta i kork.","twitter_misc":{"Pris":"&euro;&nbsp;79,00","Tillg\u00e4nglig":"I lager"},"schema":{"@context":"https:\/\/schema.org","@graph":[{"@type":"WebPage","@id":"https:\/\/samarali.com\/sv\/produkt\/yogamatta-for-solformorkelse\/","url":"https:\/\/samarali.com\/sv\/produkt\/yogamatta-for-solformorkelse\/","name":"H\u00f6gkvalitativ Sun Eclipse Yogamatta i Kork","isPartOf":{"@id":"https:\/\/samarali.com\/sv\/#website"},"primaryImageOfPage":{"@id":"https:\/\/samarali.com\/sv\/produkt\/yogamatta-for-solformorkelse\/#primaryimage"},"image":{"@id":"https:\/\/samarali.com\/sv\/produkt\/yogamatta-for-solformorkelse\/#primaryimage"},"thumbnailUrl":"https:\/\/samarali.com\/wp-content\/uploads\/2024\/07\/sam-sun-eclipse-yoga-mat-01.jpg","datePublished":"2024-07-31T11:35:22+00:00","dateModified":"2024-10-07T13:26:01+00:00","description":"Njut av asanas med v\u00e5r milj\u00f6v\u00e4nliga Sun Eclipse yogamatta. Perfekt grepp och antibakteriella egenskaper f\u00f6r en ren och h\u00e5llbar praktik.","breadcrumb":{"@id":"https:\/\/samarali.com\/sv\/produkt\/yogamatta-for-solformorkelse\/#breadcrumb"},"inLanguage":"sv-SE","potentialAction":[{"@type":"ReadAction","target":["https:\/\/samarali.com\/sv\/produkt\/yogamatta-for-solformorkelse\/"]}]},{"@type":"ImageObject","inLanguage":"sv-SE","@id":"https:\/\/samarali.com\/sv\/produkt\/yogamatta-for-solformorkelse\/#primaryimage","url":"https:\/\/samarali.com\/wp-content\/uploads\/2024\/07\/sam-sun-eclipse-yoga-mat-01.jpg","contentUrl":"https:\/\/samarali.com\/wp-content\/uploads\/2024\/07\/sam-sun-eclipse-yoga-mat-01.jpg","width":830,"height":830,"caption":"sam sun eclipse yoga mat 01"},{"@type":"BreadcrumbList","@id":"https:\/\/samarali.com\/sv\/produkt\/yogamatta-for-solformorkelse\/#breadcrumb","itemListElement":[{"@type":"ListItem","position":1,"name":"Hem","item":"https:\/\/samarali.com\/sv\/hem\/"},{"@type":"ListItem","position":2,"name":"Butik","item":"https:\/\/samarali.com\/sv\/butik\/"},{"@type":"ListItem","position":3,"name":"Yogamatta f\u00f6r solf\u00f6rm\u00f6rkelse"}]},{"@type":"WebSite","@id":"https:\/\/samarali.com\/sv\/#website","url":"https:\/\/samarali.com\/sv\/","name":"Samarali","description":"Samarali \u00e4r ett h\u00e5llbart yoga- och livsstilsvarum\u00e4rke baserat i Nederl\u00e4nderna","publisher":{"@id":"https:\/\/samarali.com\/sv\/#organization"},"potentialAction":[{"@type":"SearchAction","target":{"@type":"EntryPoint","urlTemplate":"https:\/\/samarali.com\/sv\/?s={search_term_string}"},"query-input":{"@type":"PropertyValueSpecification","valueRequired":true,"valueName":"search_term_string"}}],"inLanguage":"sv-SE"},{"@type":"Organization","@id":"https:\/\/samarali.com\/sv\/#organization","name":"Samarali","url":"https:\/\/samarali.com\/sv\/","logo":{"@type":"ImageObject","inLanguage":"sv-SE","@id":"https:\/\/samarali.com\/sv\/#\/schema\/logo\/image\/","url":"https:\/\/samarali.com\/wp-content\/uploads\/2024\/05\/cropped-samarali-icon.png","contentUrl":"https:\/\/samarali.com\/wp-content\/uploads\/2024\/05\/cropped-samarali-icon.png","width":512,"height":512,"caption":"Samarali"},"image":{"@id":"https:\/\/samarali.com\/sv\/#\/schema\/logo\/image\/"},"sameAs":["https:\/\/www.facebook.com\/samaraliyoga","https:\/\/www.linkedin.com\/company\/69563155\/","https:\/\/www.instagram.com\/samaraliyoga\/","https:\/\/nl.pinterest.com\/Samaraliyoga\/"],"description":"Samarali is a sustainable yoga and lifestyle brand based in the Netherlands","email":"info@samarali.com","legalName":"Samarali B.V.","vatID":"NL859820324B01","numberOfEmployees":{"@type":"QuantitativeValue","minValue":"1","maxValue":"10"}}]},"product_price_amount":"79.00","product_price_currency":"EUR","og_availability":"instock","product_availability":"instock","product_retailer_item_id":"11112","product_condition":"new"},"jetpack_sharing_enabled":true,"_links":{"self":[{"href":"https:\/\/samarali.com\/sv\/wp-json\/wp\/v2\/product\/28647","targetHints":{"allow":["GET"]}}],"collection":[{"href":"https:\/\/samarali.com\/sv\/wp-json\/wp\/v2\/product"}],"about":[{"href":"https:\/\/samarali.com\/sv\/wp-json\/wp\/v2\/types\/product"}],"replies":[{"embeddable":true,"href":"https:\/\/samarali.com\/sv\/wp-json\/wp\/v2\/comments?post=28647"}],"version-history":[{"count":1,"href":"https:\/\/samarali.com\/sv\/wp-json\/wp\/v2\/product\/28647\/revisions"}],"predecessor-version":[{"id":31736,"href":"https:\/\/samarali.com\/sv\/wp-json\/wp\/v2\/product\/28647\/revisions\/31736"}],"wp:featuredmedia":[{"embeddable":true,"href":"https:\/\/samarali.com\/sv\/wp-json\/wp\/v2\/media\/17421"}],"wp:attachment":[{"href":"https:\/\/samarali.com\/sv\/wp-json\/wp\/v2\/media?parent=28647"}],"wp:term":[{"taxonomy":"product_cat","embeddable":true,"href":"https:\/\/samarali.com\/sv\/wp-json\/wp\/v2\/product_cat?post=28647"},{"taxonomy":"product_tag","embeddable":true,"href":"https:\/\/samarali.com\/sv\/wp-json\/wp\/v2\/product_tag?post=28647"}],"curies":[{"name":"wp","href":"https:\/\/api.w.org\/{rel}","templated":true}]}}