{"id":28638,"date":"2024-07-31T14:20:11","date_gmt":"2024-07-31T12:20:11","guid":{"rendered":"https:\/\/samarali.com\/product\/klassiskt-yoga-set\/"},"modified":"2025-01-06T13:43:40","modified_gmt":"2025-01-06T12:43:40","slug":"klassiskt-yoga-set","status":"publish","type":"product","link":"https:\/\/samarali.com\/sv\/produkt\/klassiskt-yoga-set\/","title":{"rendered":"Klassiskt yoga-set"},"content":{"rendered":"<p>V\u00e5rt Classic Yoga Set inneh\u00e5ller all n\u00f6dv\u00e4ndig utrustning f\u00f6r att kickstarta din yoga- eller pilatesrutin. Den \u00e4r perfekt f\u00f6r b\u00e5de nyb\u00f6rjare och avancerade ut\u00f6vare.<\/p>\n<div class=\"et_pb_row et_pb_row_9\">\n<div class=\"et_pb_column et_pb_column_4_4 et_pb_column_17 et_pb_css_mix_blend_mode_passthrough et-last-child\">\n<div class=\"et_pb_with_border et_pb_module et_pb_wc_tabs et_pb_wc_tabs_1 et_pb_tabs \">\n<div class=\"et_pb_all_tabs\">\n<div class=\"et_pb_tab clearfix et_pb_active_content et-pb-active-slide\">\n<div class=\"et_pb_tab_content\">\n<p>Alla v\u00e5ra produkter \u00e4r uteslutande tillverkade av milj\u00f6v\u00e4nliga material. V\u00e5ra yogamattor har en yta av biologiskt nedbrytbar kork och en bas av \u00e5tervinningsbart gummi, vilket g\u00f6r dem andningsbara, mjuka och skonsamma mot huden.<span style=\"color: var(--rz-text-color);font-family: var(--rz-font-family-primary)\">Yogablocken \u00e4r ett viktigt verktyg f\u00f6r att f\u00f6rb\u00e4ttra din praktik och ger gott om st\u00f6d f\u00f6r armbalanserings\u00f6vningar och nedre delen av ryggen under ryggliggande poser.<br \/>\nDen \u00e4r l\u00e4tt, har en halkfri yta och rundade kanter f\u00f6r ett bekv\u00e4mt grepp som f\u00f6rhindrar tryckpunkter.<br \/>\nVi har ocks\u00e5 inkluderat en b\u00e4rrem s\u00e5 att du enkelt kan transportera din yogamatta vart du \u00e4n g\u00e5r.  <\/span><\/p>\n<\/div>\n<\/div>\n<\/div>\n<\/div>\n<\/div>\n<\/div>\n","protected":false},"excerpt":{"rendered":"<p>Kickstarta din yoga- eller pilatesrutin med v\u00e5rt milj\u00f6v\u00e4nliga Classic Yoga Set. Med en yogamatta i kork, st\u00f6djande block och en b\u00e4rrem \u00e4r detta set perfekt f\u00f6r alla niv\u00e5er och kombinerar komfort och h\u00e5llbarhet.<\/p>\n","protected":false},"featured_media":17461,"comment_status":"open","ping_status":"closed","template":"","meta":{"_acf_changed":false,"_improvement_type_select":"improve_an_existing","_thumb_yes_seoaic":false,"_frame_yes_seoaic":false,"seoaic_generate_description":"","seoaic_improve_instructions_prompt":"","seoaic_rollback_content_improvement":"","seoaic_idea_thumbnail_generator":"","thumbnail_generated":false,"thumbnail_generate_prompt":"","seoaic_article_description":"","inline_featured_image":false},"product_cat":[317,318],"product_tag":[],"class_list":{"0":"post-28638","1":"product","2":"type-product","3":"status-publish","4":"has-post-thumbnail","6":"product_cat-yoga-sv","7":"product_cat-yoga-uppsattningar","9":"first","10":"instock","11":"shipping-taxable","12":"purchasable","13":"product-type-simple"},"acf":[],"yoast_head":"<!-- This site is optimized with the Yoast SEO Premium plugin v27.4 (Yoast SEO v27.4) - https:\/\/yoast.com\/product\/yoast-seo-premium-wordpress\/ -->\n<title>Klassiskt yoga-set - Samarali<\/title>\n<meta name=\"description\" content=\"Kickstarta din yoga- eller pilatesrutin med v\u00e5rt milj\u00f6v\u00e4nliga Classic Yoga Set. Med yogamatta av kork, st\u00f6djande block och b\u00e4rrem.\" \/>\n<meta name=\"robots\" content=\"index, follow, max-snippet:-1, max-image-preview:large, max-video-preview:-1\" \/>\n<link rel=\"canonical\" href=\"https:\/\/samarali.com\/sv\/produkt\/klassiskt-yoga-set\/\" \/>\n<meta property=\"og:locale\" content=\"sv_SE\" \/>\n<meta property=\"og:type\" content=\"article\" \/>\n<meta property=\"og:title\" content=\"Klassiskt yoga-set - Samarali\" \/>\n<meta property=\"og:description\" content=\"Kickstarta din yoga- eller pilatesrutin med v\u00e5rt milj\u00f6v\u00e4nliga Classic Yoga Set. Med yogamatta av kork, st\u00f6djande block och b\u00e4rrem.\" \/>\n<meta property=\"og:url\" content=\"https:\/\/samarali.com\/sv\/produkt\/klassiskt-yoga-set\/\" \/>\n<meta property=\"og:site_name\" content=\"Samarali\" \/>\n<meta property=\"article:publisher\" content=\"https:\/\/www.facebook.com\/samaraliyoga\" \/>\n<meta property=\"article:modified_time\" content=\"2025-01-06T12:43:40+00:00\" \/>\n<meta property=\"og:image\" content=\"https:\/\/samarali.com\/wp-content\/uploads\/2024\/07\/Untitled-4.jpg\" \/>\n\t<meta property=\"og:image:width\" content=\"1200\" \/>\n\t<meta property=\"og:image:height\" content=\"1200\" \/>\n\t<meta property=\"og:image:type\" content=\"image\/jpeg\" \/>\n<meta name=\"twitter:card\" content=\"summary_large_image\" \/>\n<meta name=\"twitter:label1\" content=\"Pris\" \/>\n\t<meta name=\"twitter:data1\" content=\"&euro;&nbsp;99,00\" \/>\n\t<meta name=\"twitter:label2\" content=\"Tillg\u00e4nglig\" \/>\n\t<meta name=\"twitter:data2\" content=\"I lager\" \/>\n<script type=\"application\/ld+json\" class=\"yoast-schema-graph\">{\"@context\":\"https:\\\/\\\/schema.org\",\"@graph\":[{\"@type\":\"WebPage\",\"@id\":\"https:\\\/\\\/samarali.com\\\/sv\\\/produkt\\\/klassiskt-yoga-set\\\/\",\"url\":\"https:\\\/\\\/samarali.com\\\/sv\\\/produkt\\\/klassiskt-yoga-set\\\/\",\"name\":\"Klassiskt yoga-set - Samarali\",\"isPartOf\":{\"@id\":\"https:\\\/\\\/samarali.com\\\/sv\\\/#website\"},\"primaryImageOfPage\":{\"@id\":\"https:\\\/\\\/samarali.com\\\/sv\\\/produkt\\\/klassiskt-yoga-set\\\/#primaryimage\"},\"image\":{\"@id\":\"https:\\\/\\\/samarali.com\\\/sv\\\/produkt\\\/klassiskt-yoga-set\\\/#primaryimage\"},\"thumbnailUrl\":\"https:\\\/\\\/samarali.com\\\/wp-content\\\/uploads\\\/2024\\\/07\\\/Untitled-4.jpg\",\"datePublished\":\"2024-07-31T12:20:11+00:00\",\"dateModified\":\"2025-01-06T12:43:40+00:00\",\"description\":\"Kickstarta din yoga- eller pilatesrutin med v\u00e5rt milj\u00f6v\u00e4nliga Classic Yoga Set. Med yogamatta av kork, st\u00f6djande block och b\u00e4rrem.\",\"breadcrumb\":{\"@id\":\"https:\\\/\\\/samarali.com\\\/sv\\\/produkt\\\/klassiskt-yoga-set\\\/#breadcrumb\"},\"inLanguage\":\"sv-SE\",\"potentialAction\":[{\"@type\":\"ReadAction\",\"target\":[\"https:\\\/\\\/samarali.com\\\/sv\\\/produkt\\\/klassiskt-yoga-set\\\/\"]}]},{\"@type\":\"ImageObject\",\"inLanguage\":\"sv-SE\",\"@id\":\"https:\\\/\\\/samarali.com\\\/sv\\\/produkt\\\/klassiskt-yoga-set\\\/#primaryimage\",\"url\":\"https:\\\/\\\/samarali.com\\\/wp-content\\\/uploads\\\/2024\\\/07\\\/Untitled-4.jpg\",\"contentUrl\":\"https:\\\/\\\/samarali.com\\\/wp-content\\\/uploads\\\/2024\\\/07\\\/Untitled-4.jpg\",\"width\":1200,\"height\":1200,\"caption\":\"Utan titel 4\"},{\"@type\":\"BreadcrumbList\",\"@id\":\"https:\\\/\\\/samarali.com\\\/sv\\\/produkt\\\/klassiskt-yoga-set\\\/#breadcrumb\",\"itemListElement\":[{\"@type\":\"ListItem\",\"position\":1,\"name\":\"Hem\",\"item\":\"https:\\\/\\\/samarali.com\\\/sv\\\/hem\\\/\"},{\"@type\":\"ListItem\",\"position\":2,\"name\":\"Butik\",\"item\":\"https:\\\/\\\/samarali.com\\\/sv\\\/butik\\\/\"},{\"@type\":\"ListItem\",\"position\":3,\"name\":\"Klassiskt yoga-set\"}]},{\"@type\":\"WebSite\",\"@id\":\"https:\\\/\\\/samarali.com\\\/sv\\\/#website\",\"url\":\"https:\\\/\\\/samarali.com\\\/sv\\\/\",\"name\":\"Samarali\",\"description\":\"Samarali \u00e4r ett h\u00e5llbart yoga- och livsstilsvarum\u00e4rke baserat i Nederl\u00e4nderna\",\"publisher\":{\"@id\":\"https:\\\/\\\/samarali.com\\\/sv\\\/#organization\"},\"potentialAction\":[{\"@type\":\"SearchAction\",\"target\":{\"@type\":\"EntryPoint\",\"urlTemplate\":\"https:\\\/\\\/samarali.com\\\/sv\\\/?s={search_term_string}\"},\"query-input\":{\"@type\":\"PropertyValueSpecification\",\"valueRequired\":true,\"valueName\":\"search_term_string\"}}],\"inLanguage\":\"sv-SE\"},{\"@type\":\"Organization\",\"@id\":\"https:\\\/\\\/samarali.com\\\/sv\\\/#organization\",\"name\":\"Samarali\",\"url\":\"https:\\\/\\\/samarali.com\\\/sv\\\/\",\"logo\":{\"@type\":\"ImageObject\",\"inLanguage\":\"sv-SE\",\"@id\":\"https:\\\/\\\/samarali.com\\\/sv\\\/#\\\/schema\\\/logo\\\/image\\\/\",\"url\":\"https:\\\/\\\/samarali.com\\\/wp-content\\\/uploads\\\/2024\\\/05\\\/cropped-samarali-icon.png\",\"contentUrl\":\"https:\\\/\\\/samarali.com\\\/wp-content\\\/uploads\\\/2024\\\/05\\\/cropped-samarali-icon.png\",\"width\":512,\"height\":512,\"caption\":\"Samarali\"},\"image\":{\"@id\":\"https:\\\/\\\/samarali.com\\\/sv\\\/#\\\/schema\\\/logo\\\/image\\\/\"},\"sameAs\":[\"https:\\\/\\\/www.facebook.com\\\/samaraliyoga\",\"https:\\\/\\\/www.linkedin.com\\\/company\\\/69563155\\\/\",\"https:\\\/\\\/www.instagram.com\\\/samaraliyoga\\\/\",\"https:\\\/\\\/nl.pinterest.com\\\/Samaraliyoga\\\/\"],\"description\":\"Samarali is a sustainable yoga and lifestyle brand based in the Netherlands\",\"email\":\"info@samarali.com\",\"legalName\":\"Samarali B.V.\",\"vatID\":\"NL859820324B01\",\"numberOfEmployees\":{\"@type\":\"QuantitativeValue\",\"minValue\":\"1\",\"maxValue\":\"10\"}}]}<\/script>\n<meta property=\"product:price:amount\" content=\"99.00\" \/>\n<meta property=\"product:price:currency\" content=\"EUR\" \/>\n<meta property=\"og:availability\" content=\"instock\" \/>\n<meta property=\"product:availability\" content=\"instock\" \/>\n<meta property=\"product:retailer_item_id\" content=\"11119\" \/>\n<meta property=\"product:condition\" content=\"new\" \/>\n<!-- \/ Yoast SEO Premium plugin. -->","yoast_head_json":{"title":"Klassiskt yoga-set - Samarali","description":"Kickstarta din yoga- eller pilatesrutin med v\u00e5rt milj\u00f6v\u00e4nliga Classic Yoga Set. Med yogamatta av kork, st\u00f6djande block och b\u00e4rrem.","robots":{"index":"index","follow":"follow","max-snippet":"max-snippet:-1","max-image-preview":"max-image-preview:large","max-video-preview":"max-video-preview:-1"},"canonical":"https:\/\/samarali.com\/sv\/produkt\/klassiskt-yoga-set\/","og_locale":"sv_SE","og_type":"article","og_title":"Klassiskt yoga-set - Samarali","og_description":"Kickstarta din yoga- eller pilatesrutin med v\u00e5rt milj\u00f6v\u00e4nliga Classic Yoga Set. Med yogamatta av kork, st\u00f6djande block och b\u00e4rrem.","og_url":"https:\/\/samarali.com\/sv\/produkt\/klassiskt-yoga-set\/","og_site_name":"Samarali","article_publisher":"https:\/\/www.facebook.com\/samaraliyoga","article_modified_time":"2025-01-06T12:43:40+00:00","og_image":[{"width":1200,"height":1200,"url":"https:\/\/samarali.com\/wp-content\/uploads\/2024\/07\/Untitled-4.jpg","type":"image\/jpeg"}],"twitter_card":"summary_large_image","twitter_misc":{"Pris":"&euro;&nbsp;99,00","Tillg\u00e4nglig":"I lager"},"schema":{"@context":"https:\/\/schema.org","@graph":[{"@type":"WebPage","@id":"https:\/\/samarali.com\/sv\/produkt\/klassiskt-yoga-set\/","url":"https:\/\/samarali.com\/sv\/produkt\/klassiskt-yoga-set\/","name":"Klassiskt yoga-set - Samarali","isPartOf":{"@id":"https:\/\/samarali.com\/sv\/#website"},"primaryImageOfPage":{"@id":"https:\/\/samarali.com\/sv\/produkt\/klassiskt-yoga-set\/#primaryimage"},"image":{"@id":"https:\/\/samarali.com\/sv\/produkt\/klassiskt-yoga-set\/#primaryimage"},"thumbnailUrl":"https:\/\/samarali.com\/wp-content\/uploads\/2024\/07\/Untitled-4.jpg","datePublished":"2024-07-31T12:20:11+00:00","dateModified":"2025-01-06T12:43:40+00:00","description":"Kickstarta din yoga- eller pilatesrutin med v\u00e5rt milj\u00f6v\u00e4nliga Classic Yoga Set. Med yogamatta av kork, st\u00f6djande block och b\u00e4rrem.","breadcrumb":{"@id":"https:\/\/samarali.com\/sv\/produkt\/klassiskt-yoga-set\/#breadcrumb"},"inLanguage":"sv-SE","potentialAction":[{"@type":"ReadAction","target":["https:\/\/samarali.com\/sv\/produkt\/klassiskt-yoga-set\/"]}]},{"@type":"ImageObject","inLanguage":"sv-SE","@id":"https:\/\/samarali.com\/sv\/produkt\/klassiskt-yoga-set\/#primaryimage","url":"https:\/\/samarali.com\/wp-content\/uploads\/2024\/07\/Untitled-4.jpg","contentUrl":"https:\/\/samarali.com\/wp-content\/uploads\/2024\/07\/Untitled-4.jpg","width":1200,"height":1200,"caption":"Utan titel 4"},{"@type":"BreadcrumbList","@id":"https:\/\/samarali.com\/sv\/produkt\/klassiskt-yoga-set\/#breadcrumb","itemListElement":[{"@type":"ListItem","position":1,"name":"Hem","item":"https:\/\/samarali.com\/sv\/hem\/"},{"@type":"ListItem","position":2,"name":"Butik","item":"https:\/\/samarali.com\/sv\/butik\/"},{"@type":"ListItem","position":3,"name":"Klassiskt yoga-set"}]},{"@type":"WebSite","@id":"https:\/\/samarali.com\/sv\/#website","url":"https:\/\/samarali.com\/sv\/","name":"Samarali","description":"Samarali \u00e4r ett h\u00e5llbart yoga- och livsstilsvarum\u00e4rke baserat i Nederl\u00e4nderna","publisher":{"@id":"https:\/\/samarali.com\/sv\/#organization"},"potentialAction":[{"@type":"SearchAction","target":{"@type":"EntryPoint","urlTemplate":"https:\/\/samarali.com\/sv\/?s={search_term_string}"},"query-input":{"@type":"PropertyValueSpecification","valueRequired":true,"valueName":"search_term_string"}}],"inLanguage":"sv-SE"},{"@type":"Organization","@id":"https:\/\/samarali.com\/sv\/#organization","name":"Samarali","url":"https:\/\/samarali.com\/sv\/","logo":{"@type":"ImageObject","inLanguage":"sv-SE","@id":"https:\/\/samarali.com\/sv\/#\/schema\/logo\/image\/","url":"https:\/\/samarali.com\/wp-content\/uploads\/2024\/05\/cropped-samarali-icon.png","contentUrl":"https:\/\/samarali.com\/wp-content\/uploads\/2024\/05\/cropped-samarali-icon.png","width":512,"height":512,"caption":"Samarali"},"image":{"@id":"https:\/\/samarali.com\/sv\/#\/schema\/logo\/image\/"},"sameAs":["https:\/\/www.facebook.com\/samaraliyoga","https:\/\/www.linkedin.com\/company\/69563155\/","https:\/\/www.instagram.com\/samaraliyoga\/","https:\/\/nl.pinterest.com\/Samaraliyoga\/"],"description":"Samarali is a sustainable yoga and lifestyle brand based in the Netherlands","email":"info@samarali.com","legalName":"Samarali B.V.","vatID":"NL859820324B01","numberOfEmployees":{"@type":"QuantitativeValue","minValue":"1","maxValue":"10"}}]},"product_price_amount":"99.00","product_price_currency":"EUR","og_availability":"instock","product_availability":"instock","product_retailer_item_id":"11119","product_condition":"new"},"jetpack_sharing_enabled":true,"_links":{"self":[{"href":"https:\/\/samarali.com\/sv\/wp-json\/wp\/v2\/product\/28638","targetHints":{"allow":["GET"]}}],"collection":[{"href":"https:\/\/samarali.com\/sv\/wp-json\/wp\/v2\/product"}],"about":[{"href":"https:\/\/samarali.com\/sv\/wp-json\/wp\/v2\/types\/product"}],"replies":[{"embeddable":true,"href":"https:\/\/samarali.com\/sv\/wp-json\/wp\/v2\/comments?post=28638"}],"version-history":[{"count":2,"href":"https:\/\/samarali.com\/sv\/wp-json\/wp\/v2\/product\/28638\/revisions"}],"predecessor-version":[{"id":32873,"href":"https:\/\/samarali.com\/sv\/wp-json\/wp\/v2\/product\/28638\/revisions\/32873"}],"wp:featuredmedia":[{"embeddable":true,"href":"https:\/\/samarali.com\/sv\/wp-json\/wp\/v2\/media\/17461"}],"wp:attachment":[{"href":"https:\/\/samarali.com\/sv\/wp-json\/wp\/v2\/media?parent=28638"}],"wp:term":[{"taxonomy":"product_cat","embeddable":true,"href":"https:\/\/samarali.com\/sv\/wp-json\/wp\/v2\/product_cat?post=28638"},{"taxonomy":"product_tag","embeddable":true,"href":"https:\/\/samarali.com\/sv\/wp-json\/wp\/v2\/product_tag?post=28638"}],"curies":[{"name":"wp","href":"https:\/\/api.w.org\/{rel}","templated":true}]}}