{"id":28525,"date":"2024-08-01T11:16:22","date_gmt":"2024-08-01T09:16:22","guid":{"rendered":"https:\/\/samarali.com\/product\/yin-yoga-set-mane\/"},"modified":"2025-01-06T13:44:00","modified_gmt":"2025-01-06T12:44:00","slug":"yin-yoga-set-mane","status":"publish","type":"product","link":"https:\/\/samarali.com\/sv\/produkt\/yin-yoga-set-mane\/","title":{"rendered":"Yin yoga set &#8211; M\u00e5ne"},"content":{"rendered":"<p>V\u00e5rt Yin Yoga-set \u00e4r expertutformat f\u00f6r att ge dig de djupg\u00e5ende str\u00e4ckningar och den komfort du beh\u00f6ver, vilket hj\u00e4lper dig att uppn\u00e5 en djup k\u00e4nsla av l\u00e4tthet och lugn.<br \/>\nDetta genomt\u00e4nkta set inneh\u00e5ller h\u00f6gkvalitativa f\u00f6rem\u00e5l som f\u00f6rb\u00e4ttrar din praktik, ger exceptionellt st\u00f6d och hj\u00e4lper till med avslappning f\u00f6r en verkligt \u00e5terst\u00e4llande upplevelse.<br \/>\nYin yoga betonar djupa str\u00e4ckningar och l\u00e5ngvariga poser som riktar sig till bindv\u00e4v som ligament och fascia.<br \/>\nV\u00e5rt Yin Yoga-set \u00e4r perfekt f\u00f6r att f\u00f6rb\u00e4ttra flexibiliteten, fr\u00e4mja avslappning och lugna sinnet.<br \/>\nMed dessa h\u00f6gkvalitativa komponenter kommer din tr\u00e4ning att bli upph\u00f6jd och erbjuda o\u00f6vertr\u00e4ffad komfort och funktionalitet f\u00f6r att st\u00f6dja din resa mot inre lugn och v\u00e4lbefinnande. <\/p>\n","protected":false},"excerpt":{"rendered":"<p>F\u00f6rb\u00e4ttra din Yin Yoga-praktik med v\u00e5r expertdesignade upps\u00e4ttning, som ger exceptionellt st\u00f6d f\u00f6r djupa str\u00e4ckningar och avslappning. Den \u00e4r perfekt f\u00f6r att fr\u00e4mja flexibilitet och inre frid och ger komfort och lugn till varje session.<\/p>\n","protected":false},"featured_media":18131,"comment_status":"open","ping_status":"closed","template":"","meta":{"_acf_changed":false,"_improvement_type_select":"improve_an_existing","_thumb_yes_seoaic":false,"_frame_yes_seoaic":false,"seoaic_generate_description":"","seoaic_improve_instructions_prompt":"","seoaic_rollback_content_improvement":"","seoaic_idea_thumbnail_generator":"","thumbnail_generated":false,"thumbnail_generate_prompt":"","seoaic_article_description":"","inline_featured_image":false},"product_cat":[331,317],"product_tag":[],"class_list":{"0":"post-28525","1":"product","2":"type-product","3":"status-publish","4":"has-post-thumbnail","6":"product_cat-yin-yoga-uppsattningar","7":"product_cat-yoga-sv","9":"first","10":"instock","11":"shipping-taxable","12":"purchasable","13":"product-type-variable"},"acf":[],"yoast_head":"<!-- This site is optimized with the Yoast SEO Premium plugin v27.3 (Yoast SEO v27.3) - https:\/\/yoast.com\/product\/yoast-seo-premium-wordpress\/ -->\n<title>Yin yoga set - M\u00e5ne - Samarali<\/title>\n<meta name=\"description\" content=\"Yin yoga-set som ger exceptionellt st\u00f6d f\u00f6r djupa str\u00e4ckningar och avslappning. Perfekt f\u00f6r att fr\u00e4mja flexibilitet och inre lugn.\" \/>\n<meta name=\"robots\" content=\"index, follow, max-snippet:-1, max-image-preview:large, max-video-preview:-1\" \/>\n<link rel=\"canonical\" href=\"https:\/\/samarali.com\/sv\/produkt\/yin-yoga-set-mane\/\" \/>\n<meta property=\"og:locale\" content=\"sv_SE\" \/>\n<meta property=\"og:type\" content=\"article\" \/>\n<meta property=\"og:title\" content=\"Yin yoga set - M\u00e5ne - Samarali\" \/>\n<meta property=\"og:description\" content=\"Yin yoga-set som ger exceptionellt st\u00f6d f\u00f6r djupa str\u00e4ckningar och avslappning. Perfekt f\u00f6r att fr\u00e4mja flexibilitet och inre lugn.\" \/>\n<meta property=\"og:url\" content=\"https:\/\/samarali.com\/sv\/produkt\/yin-yoga-set-mane\/\" \/>\n<meta property=\"og:site_name\" content=\"Samarali\" \/>\n<meta property=\"article:publisher\" content=\"https:\/\/www.facebook.com\/samaraliyoga\" \/>\n<meta property=\"article:modified_time\" content=\"2025-01-06T12:44:00+00:00\" \/>\n<meta property=\"og:image\" content=\"https:\/\/samarali.com\/wp-content\/uploads\/2024\/08\/Yin-yoga-set_Moon_Navy-Blue.jpg\" \/>\n\t<meta property=\"og:image:width\" content=\"830\" \/>\n\t<meta property=\"og:image:height\" content=\"830\" \/>\n\t<meta property=\"og:image:type\" content=\"image\/jpeg\" \/>\n<meta name=\"twitter:card\" content=\"summary_large_image\" \/>\n<meta name=\"twitter:label1\" content=\"Tillg\u00e4nglig\" \/>\n\t<meta name=\"twitter:data1\" content=\"I lager\" \/>\n<script type=\"application\/ld+json\" class=\"yoast-schema-graph\">{\"@context\":\"https:\\\/\\\/schema.org\",\"@graph\":[{\"@type\":\"WebPage\",\"@id\":\"https:\\\/\\\/samarali.com\\\/sv\\\/produkt\\\/yin-yoga-set-mane\\\/\",\"url\":\"https:\\\/\\\/samarali.com\\\/sv\\\/produkt\\\/yin-yoga-set-mane\\\/\",\"name\":\"Yin yoga set - M\u00e5ne - Samarali\",\"isPartOf\":{\"@id\":\"https:\\\/\\\/samarali.com\\\/sv\\\/#website\"},\"primaryImageOfPage\":{\"@id\":\"https:\\\/\\\/samarali.com\\\/sv\\\/produkt\\\/yin-yoga-set-mane\\\/#primaryimage\"},\"image\":{\"@id\":\"https:\\\/\\\/samarali.com\\\/sv\\\/produkt\\\/yin-yoga-set-mane\\\/#primaryimage\"},\"thumbnailUrl\":\"https:\\\/\\\/samarali.com\\\/wp-content\\\/uploads\\\/2024\\\/08\\\/Yin-yoga-set_Moon_Navy-Blue.jpg\",\"datePublished\":\"2024-08-01T09:16:22+00:00\",\"dateModified\":\"2025-01-06T12:44:00+00:00\",\"description\":\"Yin yoga-set som ger exceptionellt st\u00f6d f\u00f6r djupa str\u00e4ckningar och avslappning. Perfekt f\u00f6r att fr\u00e4mja flexibilitet och inre lugn.\",\"breadcrumb\":{\"@id\":\"https:\\\/\\\/samarali.com\\\/sv\\\/produkt\\\/yin-yoga-set-mane\\\/#breadcrumb\"},\"inLanguage\":\"sv-SE\",\"potentialAction\":[{\"@type\":\"ReadAction\",\"target\":[\"https:\\\/\\\/samarali.com\\\/sv\\\/produkt\\\/yin-yoga-set-mane\\\/\"]}]},{\"@type\":\"ImageObject\",\"inLanguage\":\"sv-SE\",\"@id\":\"https:\\\/\\\/samarali.com\\\/sv\\\/produkt\\\/yin-yoga-set-mane\\\/#primaryimage\",\"url\":\"https:\\\/\\\/samarali.com\\\/wp-content\\\/uploads\\\/2024\\\/08\\\/Yin-yoga-set_Moon_Navy-Blue.jpg\",\"contentUrl\":\"https:\\\/\\\/samarali.com\\\/wp-content\\\/uploads\\\/2024\\\/08\\\/Yin-yoga-set_Moon_Navy-Blue.jpg\",\"width\":830,\"height\":830,\"caption\":\"Yin yoga-set Moon marinbl\u00e5\"},{\"@type\":\"BreadcrumbList\",\"@id\":\"https:\\\/\\\/samarali.com\\\/sv\\\/produkt\\\/yin-yoga-set-mane\\\/#breadcrumb\",\"itemListElement\":[{\"@type\":\"ListItem\",\"position\":1,\"name\":\"Hem\",\"item\":\"https:\\\/\\\/samarali.com\\\/sv\\\/hem\\\/\"},{\"@type\":\"ListItem\",\"position\":2,\"name\":\"Butik\",\"item\":\"https:\\\/\\\/samarali.com\\\/sv\\\/butik\\\/\"},{\"@type\":\"ListItem\",\"position\":3,\"name\":\"Yin yoga set &#8211; M\u00e5ne\"}]},{\"@type\":\"WebSite\",\"@id\":\"https:\\\/\\\/samarali.com\\\/sv\\\/#website\",\"url\":\"https:\\\/\\\/samarali.com\\\/sv\\\/\",\"name\":\"Samarali\",\"description\":\"Samarali \u00e4r ett h\u00e5llbart yoga- och livsstilsvarum\u00e4rke baserat i Nederl\u00e4nderna\",\"publisher\":{\"@id\":\"https:\\\/\\\/samarali.com\\\/sv\\\/#organization\"},\"potentialAction\":[{\"@type\":\"SearchAction\",\"target\":{\"@type\":\"EntryPoint\",\"urlTemplate\":\"https:\\\/\\\/samarali.com\\\/sv\\\/?s={search_term_string}\"},\"query-input\":{\"@type\":\"PropertyValueSpecification\",\"valueRequired\":true,\"valueName\":\"search_term_string\"}}],\"inLanguage\":\"sv-SE\"},{\"@type\":\"Organization\",\"@id\":\"https:\\\/\\\/samarali.com\\\/sv\\\/#organization\",\"name\":\"Samarali\",\"url\":\"https:\\\/\\\/samarali.com\\\/sv\\\/\",\"logo\":{\"@type\":\"ImageObject\",\"inLanguage\":\"sv-SE\",\"@id\":\"https:\\\/\\\/samarali.com\\\/sv\\\/#\\\/schema\\\/logo\\\/image\\\/\",\"url\":\"https:\\\/\\\/samarali.com\\\/wp-content\\\/uploads\\\/2024\\\/05\\\/cropped-samarali-icon.png\",\"contentUrl\":\"https:\\\/\\\/samarali.com\\\/wp-content\\\/uploads\\\/2024\\\/05\\\/cropped-samarali-icon.png\",\"width\":512,\"height\":512,\"caption\":\"Samarali\"},\"image\":{\"@id\":\"https:\\\/\\\/samarali.com\\\/sv\\\/#\\\/schema\\\/logo\\\/image\\\/\"},\"sameAs\":[\"https:\\\/\\\/www.facebook.com\\\/samaraliyoga\",\"https:\\\/\\\/www.linkedin.com\\\/company\\\/69563155\\\/\",\"https:\\\/\\\/www.instagram.com\\\/samaraliyoga\\\/\",\"https:\\\/\\\/nl.pinterest.com\\\/Samaraliyoga\\\/\"],\"description\":\"Samarali is a sustainable yoga and lifestyle brand based in the Netherlands\",\"email\":\"info@samarali.com\",\"legalName\":\"Samarali B.V.\",\"vatID\":\"NL859820324B01\",\"numberOfEmployees\":{\"@type\":\"QuantitativeValue\",\"minValue\":\"1\",\"maxValue\":\"10\"}}]}<\/script>\n<meta property=\"og:availability\" content=\"instock\" \/>\n<meta property=\"product:availability\" content=\"instock\" \/>\n<meta property=\"product:condition\" content=\"new\" \/>\n<!-- \/ Yoast SEO Premium plugin. -->","yoast_head_json":{"title":"Yin yoga set - M\u00e5ne - Samarali","description":"Yin yoga-set som ger exceptionellt st\u00f6d f\u00f6r djupa str\u00e4ckningar och avslappning. Perfekt f\u00f6r att fr\u00e4mja flexibilitet och inre lugn.","robots":{"index":"index","follow":"follow","max-snippet":"max-snippet:-1","max-image-preview":"max-image-preview:large","max-video-preview":"max-video-preview:-1"},"canonical":"https:\/\/samarali.com\/sv\/produkt\/yin-yoga-set-mane\/","og_locale":"sv_SE","og_type":"article","og_title":"Yin yoga set - M\u00e5ne - Samarali","og_description":"Yin yoga-set som ger exceptionellt st\u00f6d f\u00f6r djupa str\u00e4ckningar och avslappning. Perfekt f\u00f6r att fr\u00e4mja flexibilitet och inre lugn.","og_url":"https:\/\/samarali.com\/sv\/produkt\/yin-yoga-set-mane\/","og_site_name":"Samarali","article_publisher":"https:\/\/www.facebook.com\/samaraliyoga","article_modified_time":"2025-01-06T12:44:00+00:00","og_image":[{"width":830,"height":830,"url":"https:\/\/samarali.com\/wp-content\/uploads\/2024\/08\/Yin-yoga-set_Moon_Navy-Blue.jpg","type":"image\/jpeg"}],"twitter_card":"summary_large_image","twitter_misc":{"Tillg\u00e4nglig":"I lager"},"schema":{"@context":"https:\/\/schema.org","@graph":[{"@type":"WebPage","@id":"https:\/\/samarali.com\/sv\/produkt\/yin-yoga-set-mane\/","url":"https:\/\/samarali.com\/sv\/produkt\/yin-yoga-set-mane\/","name":"Yin yoga set - M\u00e5ne - Samarali","isPartOf":{"@id":"https:\/\/samarali.com\/sv\/#website"},"primaryImageOfPage":{"@id":"https:\/\/samarali.com\/sv\/produkt\/yin-yoga-set-mane\/#primaryimage"},"image":{"@id":"https:\/\/samarali.com\/sv\/produkt\/yin-yoga-set-mane\/#primaryimage"},"thumbnailUrl":"https:\/\/samarali.com\/wp-content\/uploads\/2024\/08\/Yin-yoga-set_Moon_Navy-Blue.jpg","datePublished":"2024-08-01T09:16:22+00:00","dateModified":"2025-01-06T12:44:00+00:00","description":"Yin yoga-set som ger exceptionellt st\u00f6d f\u00f6r djupa str\u00e4ckningar och avslappning. Perfekt f\u00f6r att fr\u00e4mja flexibilitet och inre lugn.","breadcrumb":{"@id":"https:\/\/samarali.com\/sv\/produkt\/yin-yoga-set-mane\/#breadcrumb"},"inLanguage":"sv-SE","potentialAction":[{"@type":"ReadAction","target":["https:\/\/samarali.com\/sv\/produkt\/yin-yoga-set-mane\/"]}]},{"@type":"ImageObject","inLanguage":"sv-SE","@id":"https:\/\/samarali.com\/sv\/produkt\/yin-yoga-set-mane\/#primaryimage","url":"https:\/\/samarali.com\/wp-content\/uploads\/2024\/08\/Yin-yoga-set_Moon_Navy-Blue.jpg","contentUrl":"https:\/\/samarali.com\/wp-content\/uploads\/2024\/08\/Yin-yoga-set_Moon_Navy-Blue.jpg","width":830,"height":830,"caption":"Yin yoga-set Moon marinbl\u00e5"},{"@type":"BreadcrumbList","@id":"https:\/\/samarali.com\/sv\/produkt\/yin-yoga-set-mane\/#breadcrumb","itemListElement":[{"@type":"ListItem","position":1,"name":"Hem","item":"https:\/\/samarali.com\/sv\/hem\/"},{"@type":"ListItem","position":2,"name":"Butik","item":"https:\/\/samarali.com\/sv\/butik\/"},{"@type":"ListItem","position":3,"name":"Yin yoga set &#8211; M\u00e5ne"}]},{"@type":"WebSite","@id":"https:\/\/samarali.com\/sv\/#website","url":"https:\/\/samarali.com\/sv\/","name":"Samarali","description":"Samarali \u00e4r ett h\u00e5llbart yoga- och livsstilsvarum\u00e4rke baserat i Nederl\u00e4nderna","publisher":{"@id":"https:\/\/samarali.com\/sv\/#organization"},"potentialAction":[{"@type":"SearchAction","target":{"@type":"EntryPoint","urlTemplate":"https:\/\/samarali.com\/sv\/?s={search_term_string}"},"query-input":{"@type":"PropertyValueSpecification","valueRequired":true,"valueName":"search_term_string"}}],"inLanguage":"sv-SE"},{"@type":"Organization","@id":"https:\/\/samarali.com\/sv\/#organization","name":"Samarali","url":"https:\/\/samarali.com\/sv\/","logo":{"@type":"ImageObject","inLanguage":"sv-SE","@id":"https:\/\/samarali.com\/sv\/#\/schema\/logo\/image\/","url":"https:\/\/samarali.com\/wp-content\/uploads\/2024\/05\/cropped-samarali-icon.png","contentUrl":"https:\/\/samarali.com\/wp-content\/uploads\/2024\/05\/cropped-samarali-icon.png","width":512,"height":512,"caption":"Samarali"},"image":{"@id":"https:\/\/samarali.com\/sv\/#\/schema\/logo\/image\/"},"sameAs":["https:\/\/www.facebook.com\/samaraliyoga","https:\/\/www.linkedin.com\/company\/69563155\/","https:\/\/www.instagram.com\/samaraliyoga\/","https:\/\/nl.pinterest.com\/Samaraliyoga\/"],"description":"Samarali is a sustainable yoga and lifestyle brand based in the Netherlands","email":"info@samarali.com","legalName":"Samarali B.V.","vatID":"NL859820324B01","numberOfEmployees":{"@type":"QuantitativeValue","minValue":"1","maxValue":"10"}}]},"og_availability":"instock","product_availability":"instock","product_condition":"new"},"jetpack_sharing_enabled":true,"_links":{"self":[{"href":"https:\/\/samarali.com\/sv\/wp-json\/wp\/v2\/product\/28525","targetHints":{"allow":["GET"]}}],"collection":[{"href":"https:\/\/samarali.com\/sv\/wp-json\/wp\/v2\/product"}],"about":[{"href":"https:\/\/samarali.com\/sv\/wp-json\/wp\/v2\/types\/product"}],"replies":[{"embeddable":true,"href":"https:\/\/samarali.com\/sv\/wp-json\/wp\/v2\/comments?post=28525"}],"version-history":[{"count":1,"href":"https:\/\/samarali.com\/sv\/wp-json\/wp\/v2\/product\/28525\/revisions"}],"predecessor-version":[{"id":32888,"href":"https:\/\/samarali.com\/sv\/wp-json\/wp\/v2\/product\/28525\/revisions\/32888"}],"wp:featuredmedia":[{"embeddable":true,"href":"https:\/\/samarali.com\/sv\/wp-json\/wp\/v2\/media\/18131"}],"wp:attachment":[{"href":"https:\/\/samarali.com\/sv\/wp-json\/wp\/v2\/media?parent=28525"}],"wp:term":[{"taxonomy":"product_cat","embeddable":true,"href":"https:\/\/samarali.com\/sv\/wp-json\/wp\/v2\/product_cat?post=28525"},{"taxonomy":"product_tag","embeddable":true,"href":"https:\/\/samarali.com\/sv\/wp-json\/wp\/v2\/product_tag?post=28525"}],"curies":[{"name":"wp","href":"https:\/\/api.w.org\/{rel}","templated":true}]}}