{"id":28467,"date":"2024-08-01T06:23:58","date_gmt":"2024-08-01T04:23:58","guid":{"rendered":"https:\/\/samarali.com\/product\/yin-yoga-set-sol\/"},"modified":"2024-11-29T13:51:22","modified_gmt":"2024-11-29T12:51:22","slug":"yin-yoga-set-sol","status":"publish","type":"product","link":"https:\/\/samarali.com\/sv\/produkt\/yin-yoga-set-sol\/","title":{"rendered":"Yin yoga set &#8211; Sol"},"content":{"rendered":"<p>V\u00e5rt Yin yoga-set \u00e4r utformat f\u00f6r att ge dig de djupg\u00e5ende str\u00e4ckningar och den komfort du s\u00f6ker, och hj\u00e4lper dig att uppn\u00e5 en djup k\u00e4nsla av l\u00e4tthet och lugn.<br \/>\nDetta set inneh\u00e5ller flera h\u00f6gkvalitativa artiklar, omsorgsfullt utvalda f\u00f6r att f\u00f6rb\u00e4ttra din praktik genom att erbjuda st\u00f6d och hj\u00e4lpa till med avslappning f\u00f6r en verkligt \u00e5terst\u00e4llande upplevelse.<br \/>\nYin yoga \u00e4r k\u00e4nd f\u00f6r sin l\u00e5ngsamma, medvetna metod, med fokus p\u00e5 djupa str\u00e4ckningar och l\u00e5ngvariga poser som riktar sig mot bindv\u00e4v som ligament och fascia.<br \/>\nV\u00e5rt Yin Yoga-set \u00e4r oerh\u00f6rt f\u00f6rdelaktigt f\u00f6r avkoppling, f\u00f6rb\u00e4ttrad flexibilitet och lugnande av sinnet.<br \/>\nMed dessa premiumkomponenter kommer din Yin Yoga-praxis att f\u00f6rh\u00f6jas, vilket ger b\u00e5de komfort och funktionalitet.    <\/p>\n","protected":false},"excerpt":{"rendered":"<p>V\u00e5rt Yin yoga-set \u00e4r utformat f\u00f6r att ge dig de djupg\u00e5ende str\u00e4ckningar och den komfort du s\u00f6ker, och hj\u00e4lper dig att uppn\u00e5 en djup k\u00e4nsla av l\u00e4tthet och lugn. Detta set inneh\u00e5ller flera h\u00f6gkvalitativa artiklar, omsorgsfullt utvalda f\u00f6r att f\u00f6rb\u00e4ttra din praktik genom att erbjuda st\u00f6d och hj\u00e4lpa till med avslappning f\u00f6r en verkligt \u00e5terst\u00e4llande [&hellip;]<\/p>\n","protected":false},"featured_media":17763,"comment_status":"open","ping_status":"closed","template":"","meta":{"_acf_changed":false,"_improvement_type_select":"improve_an_existing","_thumb_yes_seoaic":false,"_frame_yes_seoaic":false,"seoaic_generate_description":"","seoaic_improve_instructions_prompt":"","seoaic_rollback_content_improvement":"","seoaic_idea_thumbnail_generator":"","thumbnail_generated":false,"thumbnail_generate_prompt":"","seoaic_article_description":"","inline_featured_image":false},"product_cat":[331,317],"product_tag":[],"class_list":{"0":"post-28467","1":"product","2":"type-product","3":"status-publish","4":"has-post-thumbnail","6":"product_cat-yin-yoga-uppsattningar","7":"product_cat-yoga-sv","9":"first","10":"instock","11":"shipping-taxable","12":"purchasable","13":"product-type-variable"},"acf":[],"yoast_head":"<!-- This site is optimized with the Yoast SEO Premium plugin v27.3 (Yoast SEO v27.3) - https:\/\/yoast.com\/product\/yoast-seo-premium-wordpress\/ -->\n<title>Yin yoga set - Sol - Samarali<\/title>\n<meta name=\"robots\" content=\"index, follow, max-snippet:-1, max-image-preview:large, max-video-preview:-1\" \/>\n<link rel=\"canonical\" href=\"https:\/\/samarali.com\/sv\/produkt\/yin-yoga-set-sol\/\" \/>\n<meta property=\"og:locale\" content=\"sv_SE\" \/>\n<meta property=\"og:type\" content=\"article\" \/>\n<meta property=\"og:title\" content=\"Yin yoga set - Sol - Samarali\" \/>\n<meta property=\"og:description\" content=\"V\u00e5rt Yin yoga-set \u00e4r utformat f\u00f6r att ge dig de djupg\u00e5ende str\u00e4ckningar och den komfort du s\u00f6ker, och hj\u00e4lper dig att uppn\u00e5 en djup k\u00e4nsla av l\u00e4tthet och lugn. Detta set inneh\u00e5ller flera h\u00f6gkvalitativa artiklar, omsorgsfullt utvalda f\u00f6r att f\u00f6rb\u00e4ttra din praktik genom att erbjuda st\u00f6d och hj\u00e4lpa till med avslappning f\u00f6r en verkligt \u00e5terst\u00e4llande [&hellip;]\" \/>\n<meta property=\"og:url\" content=\"https:\/\/samarali.com\/sv\/produkt\/yin-yoga-set-sol\/\" \/>\n<meta property=\"og:site_name\" content=\"Samarali\" \/>\n<meta property=\"article:publisher\" content=\"https:\/\/www.facebook.com\/samaraliyoga\" \/>\n<meta property=\"article:modified_time\" content=\"2024-11-29T12:51:22+00:00\" \/>\n<meta property=\"og:image\" content=\"https:\/\/samarali.com\/wp-content\/uploads\/2024\/08\/cork-yoga-mat-sunbolster_orange.jpg\" \/>\n\t<meta property=\"og:image:width\" content=\"830\" \/>\n\t<meta property=\"og:image:height\" content=\"830\" \/>\n\t<meta property=\"og:image:type\" content=\"image\/jpeg\" \/>\n<meta name=\"twitter:card\" content=\"summary_large_image\" \/>\n<meta name=\"twitter:label1\" content=\"Tillg\u00e4nglig\" \/>\n\t<meta name=\"twitter:data1\" content=\"I lager\" \/>\n<script type=\"application\/ld+json\" class=\"yoast-schema-graph\">{\"@context\":\"https:\\\/\\\/schema.org\",\"@graph\":[{\"@type\":\"WebPage\",\"@id\":\"https:\\\/\\\/samarali.com\\\/sv\\\/produkt\\\/yin-yoga-set-sol\\\/\",\"url\":\"https:\\\/\\\/samarali.com\\\/sv\\\/produkt\\\/yin-yoga-set-sol\\\/\",\"name\":\"Yin yoga set - Sol - Samarali\",\"isPartOf\":{\"@id\":\"https:\\\/\\\/samarali.com\\\/sv\\\/#website\"},\"primaryImageOfPage\":{\"@id\":\"https:\\\/\\\/samarali.com\\\/sv\\\/produkt\\\/yin-yoga-set-sol\\\/#primaryimage\"},\"image\":{\"@id\":\"https:\\\/\\\/samarali.com\\\/sv\\\/produkt\\\/yin-yoga-set-sol\\\/#primaryimage\"},\"thumbnailUrl\":\"https:\\\/\\\/samarali.com\\\/wp-content\\\/uploads\\\/2024\\\/08\\\/cork-yoga-mat-sunbolster_orange.jpg\",\"datePublished\":\"2024-08-01T04:23:58+00:00\",\"dateModified\":\"2024-11-29T12:51:22+00:00\",\"breadcrumb\":{\"@id\":\"https:\\\/\\\/samarali.com\\\/sv\\\/produkt\\\/yin-yoga-set-sol\\\/#breadcrumb\"},\"inLanguage\":\"sv-SE\",\"potentialAction\":[{\"@type\":\"ReadAction\",\"target\":[\"https:\\\/\\\/samarali.com\\\/sv\\\/produkt\\\/yin-yoga-set-sol\\\/\"]}]},{\"@type\":\"ImageObject\",\"inLanguage\":\"sv-SE\",\"@id\":\"https:\\\/\\\/samarali.com\\\/sv\\\/produkt\\\/yin-yoga-set-sol\\\/#primaryimage\",\"url\":\"https:\\\/\\\/samarali.com\\\/wp-content\\\/uploads\\\/2024\\\/08\\\/cork-yoga-mat-sunbolster_orange.jpg\",\"contentUrl\":\"https:\\\/\\\/samarali.com\\\/wp-content\\\/uploads\\\/2024\\\/08\\\/cork-yoga-mat-sunbolster_orange.jpg\",\"width\":830,\"height\":830,\"caption\":\"cork yoga mat sunbolster orange\"},{\"@type\":\"BreadcrumbList\",\"@id\":\"https:\\\/\\\/samarali.com\\\/sv\\\/produkt\\\/yin-yoga-set-sol\\\/#breadcrumb\",\"itemListElement\":[{\"@type\":\"ListItem\",\"position\":1,\"name\":\"Hem\",\"item\":\"https:\\\/\\\/samarali.com\\\/sv\\\/hem\\\/\"},{\"@type\":\"ListItem\",\"position\":2,\"name\":\"Butik\",\"item\":\"https:\\\/\\\/samarali.com\\\/sv\\\/butik\\\/\"},{\"@type\":\"ListItem\",\"position\":3,\"name\":\"Yin yoga set &#8211; Sol\"}]},{\"@type\":\"WebSite\",\"@id\":\"https:\\\/\\\/samarali.com\\\/sv\\\/#website\",\"url\":\"https:\\\/\\\/samarali.com\\\/sv\\\/\",\"name\":\"Samarali\",\"description\":\"Samarali \u00e4r ett h\u00e5llbart yoga- och livsstilsvarum\u00e4rke baserat i Nederl\u00e4nderna\",\"publisher\":{\"@id\":\"https:\\\/\\\/samarali.com\\\/sv\\\/#organization\"},\"potentialAction\":[{\"@type\":\"SearchAction\",\"target\":{\"@type\":\"EntryPoint\",\"urlTemplate\":\"https:\\\/\\\/samarali.com\\\/sv\\\/?s={search_term_string}\"},\"query-input\":{\"@type\":\"PropertyValueSpecification\",\"valueRequired\":true,\"valueName\":\"search_term_string\"}}],\"inLanguage\":\"sv-SE\"},{\"@type\":\"Organization\",\"@id\":\"https:\\\/\\\/samarali.com\\\/sv\\\/#organization\",\"name\":\"Samarali\",\"url\":\"https:\\\/\\\/samarali.com\\\/sv\\\/\",\"logo\":{\"@type\":\"ImageObject\",\"inLanguage\":\"sv-SE\",\"@id\":\"https:\\\/\\\/samarali.com\\\/sv\\\/#\\\/schema\\\/logo\\\/image\\\/\",\"url\":\"https:\\\/\\\/samarali.com\\\/wp-content\\\/uploads\\\/2024\\\/05\\\/cropped-samarali-icon.png\",\"contentUrl\":\"https:\\\/\\\/samarali.com\\\/wp-content\\\/uploads\\\/2024\\\/05\\\/cropped-samarali-icon.png\",\"width\":512,\"height\":512,\"caption\":\"Samarali\"},\"image\":{\"@id\":\"https:\\\/\\\/samarali.com\\\/sv\\\/#\\\/schema\\\/logo\\\/image\\\/\"},\"sameAs\":[\"https:\\\/\\\/www.facebook.com\\\/samaraliyoga\",\"https:\\\/\\\/www.linkedin.com\\\/company\\\/69563155\\\/\",\"https:\\\/\\\/www.instagram.com\\\/samaraliyoga\\\/\",\"https:\\\/\\\/nl.pinterest.com\\\/Samaraliyoga\\\/\"],\"description\":\"Samarali is a sustainable yoga and lifestyle brand based in the Netherlands\",\"email\":\"info@samarali.com\",\"legalName\":\"Samarali B.V.\",\"vatID\":\"NL859820324B01\",\"numberOfEmployees\":{\"@type\":\"QuantitativeValue\",\"minValue\":\"1\",\"maxValue\":\"10\"}}]}<\/script>\n<meta property=\"og:availability\" content=\"instock\" \/>\n<meta property=\"product:availability\" content=\"instock\" \/>\n<meta property=\"product:condition\" content=\"new\" \/>\n<!-- \/ Yoast SEO Premium plugin. -->","yoast_head_json":{"title":"Yin yoga set - Sol - Samarali","robots":{"index":"index","follow":"follow","max-snippet":"max-snippet:-1","max-image-preview":"max-image-preview:large","max-video-preview":"max-video-preview:-1"},"canonical":"https:\/\/samarali.com\/sv\/produkt\/yin-yoga-set-sol\/","og_locale":"sv_SE","og_type":"article","og_title":"Yin yoga set - Sol - Samarali","og_description":"V\u00e5rt Yin yoga-set \u00e4r utformat f\u00f6r att ge dig de djupg\u00e5ende str\u00e4ckningar och den komfort du s\u00f6ker, och hj\u00e4lper dig att uppn\u00e5 en djup k\u00e4nsla av l\u00e4tthet och lugn. Detta set inneh\u00e5ller flera h\u00f6gkvalitativa artiklar, omsorgsfullt utvalda f\u00f6r att f\u00f6rb\u00e4ttra din praktik genom att erbjuda st\u00f6d och hj\u00e4lpa till med avslappning f\u00f6r en verkligt \u00e5terst\u00e4llande [&hellip;]","og_url":"https:\/\/samarali.com\/sv\/produkt\/yin-yoga-set-sol\/","og_site_name":"Samarali","article_publisher":"https:\/\/www.facebook.com\/samaraliyoga","article_modified_time":"2024-11-29T12:51:22+00:00","og_image":[{"width":830,"height":830,"url":"https:\/\/samarali.com\/wp-content\/uploads\/2024\/08\/cork-yoga-mat-sunbolster_orange.jpg","type":"image\/jpeg"}],"twitter_card":"summary_large_image","twitter_misc":{"Tillg\u00e4nglig":"I lager"},"schema":{"@context":"https:\/\/schema.org","@graph":[{"@type":"WebPage","@id":"https:\/\/samarali.com\/sv\/produkt\/yin-yoga-set-sol\/","url":"https:\/\/samarali.com\/sv\/produkt\/yin-yoga-set-sol\/","name":"Yin yoga set - Sol - Samarali","isPartOf":{"@id":"https:\/\/samarali.com\/sv\/#website"},"primaryImageOfPage":{"@id":"https:\/\/samarali.com\/sv\/produkt\/yin-yoga-set-sol\/#primaryimage"},"image":{"@id":"https:\/\/samarali.com\/sv\/produkt\/yin-yoga-set-sol\/#primaryimage"},"thumbnailUrl":"https:\/\/samarali.com\/wp-content\/uploads\/2024\/08\/cork-yoga-mat-sunbolster_orange.jpg","datePublished":"2024-08-01T04:23:58+00:00","dateModified":"2024-11-29T12:51:22+00:00","breadcrumb":{"@id":"https:\/\/samarali.com\/sv\/produkt\/yin-yoga-set-sol\/#breadcrumb"},"inLanguage":"sv-SE","potentialAction":[{"@type":"ReadAction","target":["https:\/\/samarali.com\/sv\/produkt\/yin-yoga-set-sol\/"]}]},{"@type":"ImageObject","inLanguage":"sv-SE","@id":"https:\/\/samarali.com\/sv\/produkt\/yin-yoga-set-sol\/#primaryimage","url":"https:\/\/samarali.com\/wp-content\/uploads\/2024\/08\/cork-yoga-mat-sunbolster_orange.jpg","contentUrl":"https:\/\/samarali.com\/wp-content\/uploads\/2024\/08\/cork-yoga-mat-sunbolster_orange.jpg","width":830,"height":830,"caption":"cork yoga mat sunbolster orange"},{"@type":"BreadcrumbList","@id":"https:\/\/samarali.com\/sv\/produkt\/yin-yoga-set-sol\/#breadcrumb","itemListElement":[{"@type":"ListItem","position":1,"name":"Hem","item":"https:\/\/samarali.com\/sv\/hem\/"},{"@type":"ListItem","position":2,"name":"Butik","item":"https:\/\/samarali.com\/sv\/butik\/"},{"@type":"ListItem","position":3,"name":"Yin yoga set &#8211; Sol"}]},{"@type":"WebSite","@id":"https:\/\/samarali.com\/sv\/#website","url":"https:\/\/samarali.com\/sv\/","name":"Samarali","description":"Samarali \u00e4r ett h\u00e5llbart yoga- och livsstilsvarum\u00e4rke baserat i Nederl\u00e4nderna","publisher":{"@id":"https:\/\/samarali.com\/sv\/#organization"},"potentialAction":[{"@type":"SearchAction","target":{"@type":"EntryPoint","urlTemplate":"https:\/\/samarali.com\/sv\/?s={search_term_string}"},"query-input":{"@type":"PropertyValueSpecification","valueRequired":true,"valueName":"search_term_string"}}],"inLanguage":"sv-SE"},{"@type":"Organization","@id":"https:\/\/samarali.com\/sv\/#organization","name":"Samarali","url":"https:\/\/samarali.com\/sv\/","logo":{"@type":"ImageObject","inLanguage":"sv-SE","@id":"https:\/\/samarali.com\/sv\/#\/schema\/logo\/image\/","url":"https:\/\/samarali.com\/wp-content\/uploads\/2024\/05\/cropped-samarali-icon.png","contentUrl":"https:\/\/samarali.com\/wp-content\/uploads\/2024\/05\/cropped-samarali-icon.png","width":512,"height":512,"caption":"Samarali"},"image":{"@id":"https:\/\/samarali.com\/sv\/#\/schema\/logo\/image\/"},"sameAs":["https:\/\/www.facebook.com\/samaraliyoga","https:\/\/www.linkedin.com\/company\/69563155\/","https:\/\/www.instagram.com\/samaraliyoga\/","https:\/\/nl.pinterest.com\/Samaraliyoga\/"],"description":"Samarali is a sustainable yoga and lifestyle brand based in the Netherlands","email":"info@samarali.com","legalName":"Samarali B.V.","vatID":"NL859820324B01","numberOfEmployees":{"@type":"QuantitativeValue","minValue":"1","maxValue":"10"}}]},"og_availability":"instock","product_availability":"instock","product_condition":"new"},"jetpack_sharing_enabled":true,"_links":{"self":[{"href":"https:\/\/samarali.com\/sv\/wp-json\/wp\/v2\/product\/28467","targetHints":{"allow":["GET"]}}],"collection":[{"href":"https:\/\/samarali.com\/sv\/wp-json\/wp\/v2\/product"}],"about":[{"href":"https:\/\/samarali.com\/sv\/wp-json\/wp\/v2\/types\/product"}],"replies":[{"embeddable":true,"href":"https:\/\/samarali.com\/sv\/wp-json\/wp\/v2\/comments?post=28467"}],"version-history":[{"count":1,"href":"https:\/\/samarali.com\/sv\/wp-json\/wp\/v2\/product\/28467\/revisions"}],"predecessor-version":[{"id":31752,"href":"https:\/\/samarali.com\/sv\/wp-json\/wp\/v2\/product\/28467\/revisions\/31752"}],"wp:featuredmedia":[{"embeddable":true,"href":"https:\/\/samarali.com\/sv\/wp-json\/wp\/v2\/media\/17763"}],"wp:attachment":[{"href":"https:\/\/samarali.com\/sv\/wp-json\/wp\/v2\/media?parent=28467"}],"wp:term":[{"taxonomy":"product_cat","embeddable":true,"href":"https:\/\/samarali.com\/sv\/wp-json\/wp\/v2\/product_cat?post=28467"},{"taxonomy":"product_tag","embeddable":true,"href":"https:\/\/samarali.com\/sv\/wp-json\/wp\/v2\/product_tag?post=28467"}],"curies":[{"name":"wp","href":"https:\/\/api.w.org\/{rel}","templated":true}]}}