{"id":28455,"date":"2024-07-31T15:35:05","date_gmt":"2024-07-31T13:35:05","guid":{"rendered":"https:\/\/samarali.com\/product\/sunlight-yoga-set\/"},"modified":"2025-01-06T13:44:21","modified_gmt":"2025-01-06T12:44:21","slug":"sunlight-yoga-set","status":"publish","type":"product","link":"https:\/\/samarali.com\/sv\/produkt\/sunlight-yoga-set\/","title":{"rendered":"Sunlight Yoga Set"},"content":{"rendered":"<p>F\u00f6rb\u00e4ttra dina yoga- och pilatesrutiner med v\u00e5rt Extended Yoga Set Bundle, en omfattande samling som \u00e4r utformad f\u00f6r att uppfylla alla dina tr\u00e4ningsbehov. Detta paket inneh\u00e5ller en h\u00e5llbar yogamatta av kork, st\u00f6djande yogablock och en yogamattev\u00e4ska av premiumkork. Den \u00e4r idealisk f\u00f6r ut\u00f6vare p\u00e5 alla niv\u00e5er och erbjuder den perfekta kombinationen av komfort och funktionalitet.<\/p>\n<p><strong>Yogamatta av kork<\/strong><br \/>\nV\u00e5r yogamatta i kork \u00e4r tillverkad av h\u00f6gkvalitativa, milj\u00f6v\u00e4nliga material och kombinerar naturlig kork och gummi f\u00f6r ett h\u00e5llbart alternativ till syntetiska mattor. Den andningsbara, mjuka och hudv\u00e4nliga ytan g\u00f6r den perfekt f\u00f6r intensiva yogapass. Med sina antimikrobiella egenskaper hanterar mattan effektivt svett och lukt. Det exceptionella greppet, s\u00e4rskilt n\u00e4r det \u00e4r v\u00e5tt, g\u00f6r den idealisk f\u00f6r aktiv och varm yoga.<\/p>\n<p><strong>B\u00e4rrem<\/strong><br \/>\nMattan levereras med en praktisk b\u00e4rrem, s\u00e5 att du enkelt kan ta med dig din yogamatta vart du \u00e4n g\u00e5r.<\/p>\n<p><strong>Yoga Block<\/strong><br \/>\nEtt yogablock \u00e4r ett m\u00e5ste f\u00f6r yoga och pilates och ger ett viktigt st\u00f6d i en m\u00e4ngd olika poser. V\u00e5rt yogablock har en bred yta som ger stabilitet vid armbalanser och ger ryggst\u00f6d vid ryggliggande \u00f6vningar. Den \u00e4r l\u00e4tt, har en halkfri yta och rundade kanter, vilket ger ett bekv\u00e4mt grepp och f\u00f6rhindrar tryckpunkter.<\/p>\n<p><strong>B\u00e4rv\u00e4ska f\u00f6r yogamatta<\/strong><br \/>\nV\u00e5r b\u00e4rv\u00e4ska f\u00f6r yogamattor \u00e4r tillverkad av portugisisk premiumkork som \u00e4r k\u00e4nd f\u00f6r sin h\u00e5llbarhet och enkla underh\u00e5ll. Den naturliga korkstrukturen ger en elegant touch till dina aktiva kl\u00e4der. Denna l\u00e4tta och mycket bekv\u00e4ma v\u00e4ska \u00e4r perfekt f\u00f6r att transportera din matta till studion eller p\u00e5 resan. Dessutom \u00e4r den helt vattent\u00e4t, vilket g\u00f6r att din matta h\u00e5ller sig torr \u00e4ven i regniga f\u00f6rh\u00e5llanden.<\/p>\n","protected":false},"excerpt":{"rendered":"<p>F\u00f6rb\u00e4ttra din tr\u00e4ning med Extended Yoga Set Bundle, som inneh\u00e5ller en h\u00e5llbar yogamatta i kork, st\u00f6djande block och en snygg b\u00e4rv\u00e4ska i kork. Denna milj\u00f6v\u00e4nliga upps\u00e4ttning \u00e4r idealisk f\u00f6r alla niv\u00e5er och erbjuder komfort, grepp och bekv\u00e4mlighet.<\/p>\n","protected":false},"featured_media":17595,"comment_status":"open","ping_status":"closed","template":"","meta":{"_acf_changed":false,"_improvement_type_select":"improve_an_existing","_thumb_yes_seoaic":false,"_frame_yes_seoaic":false,"seoaic_generate_description":"","seoaic_improve_instructions_prompt":"","seoaic_rollback_content_improvement":"","seoaic_idea_thumbnail_generator":"","thumbnail_generated":false,"thumbnail_generate_prompt":"","seoaic_article_description":"","inline_featured_image":false},"product_cat":[317,318],"product_tag":[],"class_list":{"0":"post-28455","1":"product","2":"type-product","3":"status-publish","4":"has-post-thumbnail","6":"product_cat-yoga-sv","7":"product_cat-yoga-uppsattningar","9":"first","10":"instock","11":"shipping-taxable","12":"purchasable","13":"product-type-simple"},"acf":[],"yoast_head":"<!-- This site is optimized with the Yoast SEO Premium plugin v27.4 (Yoast SEO v27.4) - https:\/\/yoast.com\/product\/yoast-seo-premium-wordpress\/ -->\n<title>Sunlight Yoga Set - Samarali<\/title>\n<meta name=\"description\" content=\"Sunlight Yoga Set, med en slitstark yogamatta av kork, st\u00f6djande block och en snygg b\u00e4rv\u00e4ska av kork. Denna milj\u00f6v\u00e4nliga upps\u00e4ttning \u00e4r idealisk f\u00f6r alla niv\u00e5er och erbjuder komfort, grepp och bekv\u00e4mlighet.\" \/>\n<meta name=\"robots\" content=\"index, follow, max-snippet:-1, max-image-preview:large, max-video-preview:-1\" \/>\n<link rel=\"canonical\" href=\"https:\/\/samarali.com\/sv\/produkt\/sunlight-yoga-set\/\" \/>\n<meta property=\"og:locale\" content=\"sv_SE\" \/>\n<meta property=\"og:type\" content=\"article\" \/>\n<meta property=\"og:title\" content=\"Sunlight Yoga Set - Samarali\" \/>\n<meta property=\"og:description\" content=\"Sunlight Yoga Set, med en slitstark yogamatta av kork, st\u00f6djande block och en snygg b\u00e4rv\u00e4ska av kork. Denna milj\u00f6v\u00e4nliga upps\u00e4ttning \u00e4r idealisk f\u00f6r alla niv\u00e5er och erbjuder komfort, grepp och bekv\u00e4mlighet.\" \/>\n<meta property=\"og:url\" content=\"https:\/\/samarali.com\/sv\/produkt\/sunlight-yoga-set\/\" \/>\n<meta property=\"og:site_name\" content=\"Samarali\" \/>\n<meta property=\"article:publisher\" content=\"https:\/\/www.facebook.com\/samaraliyoga\" \/>\n<meta property=\"article:modified_time\" content=\"2025-01-06T12:44:21+00:00\" \/>\n<meta property=\"og:image\" content=\"https:\/\/samarali.com\/wp-content\/uploads\/2024\/07\/Sunlight-yoga-set.jpg\" \/>\n\t<meta property=\"og:image:width\" content=\"1000\" \/>\n\t<meta property=\"og:image:height\" content=\"1000\" \/>\n\t<meta property=\"og:image:type\" content=\"image\/jpeg\" \/>\n<meta name=\"twitter:card\" content=\"summary_large_image\" \/>\n<meta name=\"twitter:label1\" content=\"Pris\" \/>\n\t<meta name=\"twitter:data1\" content=\"&euro;&nbsp;165,00\" \/>\n\t<meta name=\"twitter:label2\" content=\"Tillg\u00e4nglig\" \/>\n\t<meta name=\"twitter:data2\" content=\"I lager\" \/>\n<script type=\"application\/ld+json\" class=\"yoast-schema-graph\">{\"@context\":\"https:\\\/\\\/schema.org\",\"@graph\":[{\"@type\":\"WebPage\",\"@id\":\"https:\\\/\\\/samarali.com\\\/sv\\\/produkt\\\/sunlight-yoga-set\\\/\",\"url\":\"https:\\\/\\\/samarali.com\\\/sv\\\/produkt\\\/sunlight-yoga-set\\\/\",\"name\":\"Sunlight Yoga Set - Samarali\",\"isPartOf\":{\"@id\":\"https:\\\/\\\/samarali.com\\\/sv\\\/#website\"},\"primaryImageOfPage\":{\"@id\":\"https:\\\/\\\/samarali.com\\\/sv\\\/produkt\\\/sunlight-yoga-set\\\/#primaryimage\"},\"image\":{\"@id\":\"https:\\\/\\\/samarali.com\\\/sv\\\/produkt\\\/sunlight-yoga-set\\\/#primaryimage\"},\"thumbnailUrl\":\"https:\\\/\\\/samarali.com\\\/wp-content\\\/uploads\\\/2024\\\/07\\\/Sunlight-yoga-set.jpg\",\"datePublished\":\"2024-07-31T13:35:05+00:00\",\"dateModified\":\"2025-01-06T12:44:21+00:00\",\"description\":\"Sunlight Yoga Set, med en slitstark yogamatta av kork, st\u00f6djande block och en snygg b\u00e4rv\u00e4ska av kork. Denna milj\u00f6v\u00e4nliga upps\u00e4ttning \u00e4r idealisk f\u00f6r alla niv\u00e5er och erbjuder komfort, grepp och bekv\u00e4mlighet.\",\"breadcrumb\":{\"@id\":\"https:\\\/\\\/samarali.com\\\/sv\\\/produkt\\\/sunlight-yoga-set\\\/#breadcrumb\"},\"inLanguage\":\"sv-SE\",\"potentialAction\":[{\"@type\":\"ReadAction\",\"target\":[\"https:\\\/\\\/samarali.com\\\/sv\\\/produkt\\\/sunlight-yoga-set\\\/\"]}]},{\"@type\":\"ImageObject\",\"inLanguage\":\"sv-SE\",\"@id\":\"https:\\\/\\\/samarali.com\\\/sv\\\/produkt\\\/sunlight-yoga-set\\\/#primaryimage\",\"url\":\"https:\\\/\\\/samarali.com\\\/wp-content\\\/uploads\\\/2024\\\/07\\\/Sunlight-yoga-set.jpg\",\"contentUrl\":\"https:\\\/\\\/samarali.com\\\/wp-content\\\/uploads\\\/2024\\\/07\\\/Sunlight-yoga-set.jpg\",\"width\":1000,\"height\":1000,\"caption\":\"Yoga-set i solljus\"},{\"@type\":\"BreadcrumbList\",\"@id\":\"https:\\\/\\\/samarali.com\\\/sv\\\/produkt\\\/sunlight-yoga-set\\\/#breadcrumb\",\"itemListElement\":[{\"@type\":\"ListItem\",\"position\":1,\"name\":\"Hem\",\"item\":\"https:\\\/\\\/samarali.com\\\/sv\\\/hem\\\/\"},{\"@type\":\"ListItem\",\"position\":2,\"name\":\"Butik\",\"item\":\"https:\\\/\\\/samarali.com\\\/sv\\\/butik\\\/\"},{\"@type\":\"ListItem\",\"position\":3,\"name\":\"Sunlight Yoga Set\"}]},{\"@type\":\"WebSite\",\"@id\":\"https:\\\/\\\/samarali.com\\\/sv\\\/#website\",\"url\":\"https:\\\/\\\/samarali.com\\\/sv\\\/\",\"name\":\"Samarali\",\"description\":\"Samarali \u00e4r ett h\u00e5llbart yoga- och livsstilsvarum\u00e4rke baserat i Nederl\u00e4nderna\",\"publisher\":{\"@id\":\"https:\\\/\\\/samarali.com\\\/sv\\\/#organization\"},\"potentialAction\":[{\"@type\":\"SearchAction\",\"target\":{\"@type\":\"EntryPoint\",\"urlTemplate\":\"https:\\\/\\\/samarali.com\\\/sv\\\/?s={search_term_string}\"},\"query-input\":{\"@type\":\"PropertyValueSpecification\",\"valueRequired\":true,\"valueName\":\"search_term_string\"}}],\"inLanguage\":\"sv-SE\"},{\"@type\":\"Organization\",\"@id\":\"https:\\\/\\\/samarali.com\\\/sv\\\/#organization\",\"name\":\"Samarali\",\"url\":\"https:\\\/\\\/samarali.com\\\/sv\\\/\",\"logo\":{\"@type\":\"ImageObject\",\"inLanguage\":\"sv-SE\",\"@id\":\"https:\\\/\\\/samarali.com\\\/sv\\\/#\\\/schema\\\/logo\\\/image\\\/\",\"url\":\"https:\\\/\\\/samarali.com\\\/wp-content\\\/uploads\\\/2024\\\/05\\\/cropped-samarali-icon.png\",\"contentUrl\":\"https:\\\/\\\/samarali.com\\\/wp-content\\\/uploads\\\/2024\\\/05\\\/cropped-samarali-icon.png\",\"width\":512,\"height\":512,\"caption\":\"Samarali\"},\"image\":{\"@id\":\"https:\\\/\\\/samarali.com\\\/sv\\\/#\\\/schema\\\/logo\\\/image\\\/\"},\"sameAs\":[\"https:\\\/\\\/www.facebook.com\\\/samaraliyoga\",\"https:\\\/\\\/www.linkedin.com\\\/company\\\/69563155\\\/\",\"https:\\\/\\\/www.instagram.com\\\/samaraliyoga\\\/\",\"https:\\\/\\\/nl.pinterest.com\\\/Samaraliyoga\\\/\"],\"description\":\"Samarali is a sustainable yoga and lifestyle brand based in the Netherlands\",\"email\":\"info@samarali.com\",\"legalName\":\"Samarali B.V.\",\"vatID\":\"NL859820324B01\",\"numberOfEmployees\":{\"@type\":\"QuantitativeValue\",\"minValue\":\"1\",\"maxValue\":\"10\"}}]}<\/script>\n<meta property=\"product:price:amount\" content=\"165.00\" \/>\n<meta property=\"product:price:currency\" content=\"EUR\" \/>\n<meta property=\"og:availability\" content=\"instock\" \/>\n<meta property=\"product:availability\" content=\"instock\" \/>\n<meta property=\"product:retailer_item_id\" content=\"11122\" \/>\n<meta property=\"product:condition\" content=\"new\" \/>\n<!-- \/ Yoast SEO Premium plugin. -->","yoast_head_json":{"title":"Sunlight Yoga Set - Samarali","description":"Sunlight Yoga Set, med en slitstark yogamatta av kork, st\u00f6djande block och en snygg b\u00e4rv\u00e4ska av kork. Denna milj\u00f6v\u00e4nliga upps\u00e4ttning \u00e4r idealisk f\u00f6r alla niv\u00e5er och erbjuder komfort, grepp och bekv\u00e4mlighet.","robots":{"index":"index","follow":"follow","max-snippet":"max-snippet:-1","max-image-preview":"max-image-preview:large","max-video-preview":"max-video-preview:-1"},"canonical":"https:\/\/samarali.com\/sv\/produkt\/sunlight-yoga-set\/","og_locale":"sv_SE","og_type":"article","og_title":"Sunlight Yoga Set - Samarali","og_description":"Sunlight Yoga Set, med en slitstark yogamatta av kork, st\u00f6djande block och en snygg b\u00e4rv\u00e4ska av kork. Denna milj\u00f6v\u00e4nliga upps\u00e4ttning \u00e4r idealisk f\u00f6r alla niv\u00e5er och erbjuder komfort, grepp och bekv\u00e4mlighet.","og_url":"https:\/\/samarali.com\/sv\/produkt\/sunlight-yoga-set\/","og_site_name":"Samarali","article_publisher":"https:\/\/www.facebook.com\/samaraliyoga","article_modified_time":"2025-01-06T12:44:21+00:00","og_image":[{"width":1000,"height":1000,"url":"https:\/\/samarali.com\/wp-content\/uploads\/2024\/07\/Sunlight-yoga-set.jpg","type":"image\/jpeg"}],"twitter_card":"summary_large_image","twitter_misc":{"Pris":"&euro;&nbsp;165,00","Tillg\u00e4nglig":"I lager"},"schema":{"@context":"https:\/\/schema.org","@graph":[{"@type":"WebPage","@id":"https:\/\/samarali.com\/sv\/produkt\/sunlight-yoga-set\/","url":"https:\/\/samarali.com\/sv\/produkt\/sunlight-yoga-set\/","name":"Sunlight Yoga Set - Samarali","isPartOf":{"@id":"https:\/\/samarali.com\/sv\/#website"},"primaryImageOfPage":{"@id":"https:\/\/samarali.com\/sv\/produkt\/sunlight-yoga-set\/#primaryimage"},"image":{"@id":"https:\/\/samarali.com\/sv\/produkt\/sunlight-yoga-set\/#primaryimage"},"thumbnailUrl":"https:\/\/samarali.com\/wp-content\/uploads\/2024\/07\/Sunlight-yoga-set.jpg","datePublished":"2024-07-31T13:35:05+00:00","dateModified":"2025-01-06T12:44:21+00:00","description":"Sunlight Yoga Set, med en slitstark yogamatta av kork, st\u00f6djande block och en snygg b\u00e4rv\u00e4ska av kork. Denna milj\u00f6v\u00e4nliga upps\u00e4ttning \u00e4r idealisk f\u00f6r alla niv\u00e5er och erbjuder komfort, grepp och bekv\u00e4mlighet.","breadcrumb":{"@id":"https:\/\/samarali.com\/sv\/produkt\/sunlight-yoga-set\/#breadcrumb"},"inLanguage":"sv-SE","potentialAction":[{"@type":"ReadAction","target":["https:\/\/samarali.com\/sv\/produkt\/sunlight-yoga-set\/"]}]},{"@type":"ImageObject","inLanguage":"sv-SE","@id":"https:\/\/samarali.com\/sv\/produkt\/sunlight-yoga-set\/#primaryimage","url":"https:\/\/samarali.com\/wp-content\/uploads\/2024\/07\/Sunlight-yoga-set.jpg","contentUrl":"https:\/\/samarali.com\/wp-content\/uploads\/2024\/07\/Sunlight-yoga-set.jpg","width":1000,"height":1000,"caption":"Yoga-set i solljus"},{"@type":"BreadcrumbList","@id":"https:\/\/samarali.com\/sv\/produkt\/sunlight-yoga-set\/#breadcrumb","itemListElement":[{"@type":"ListItem","position":1,"name":"Hem","item":"https:\/\/samarali.com\/sv\/hem\/"},{"@type":"ListItem","position":2,"name":"Butik","item":"https:\/\/samarali.com\/sv\/butik\/"},{"@type":"ListItem","position":3,"name":"Sunlight Yoga Set"}]},{"@type":"WebSite","@id":"https:\/\/samarali.com\/sv\/#website","url":"https:\/\/samarali.com\/sv\/","name":"Samarali","description":"Samarali \u00e4r ett h\u00e5llbart yoga- och livsstilsvarum\u00e4rke baserat i Nederl\u00e4nderna","publisher":{"@id":"https:\/\/samarali.com\/sv\/#organization"},"potentialAction":[{"@type":"SearchAction","target":{"@type":"EntryPoint","urlTemplate":"https:\/\/samarali.com\/sv\/?s={search_term_string}"},"query-input":{"@type":"PropertyValueSpecification","valueRequired":true,"valueName":"search_term_string"}}],"inLanguage":"sv-SE"},{"@type":"Organization","@id":"https:\/\/samarali.com\/sv\/#organization","name":"Samarali","url":"https:\/\/samarali.com\/sv\/","logo":{"@type":"ImageObject","inLanguage":"sv-SE","@id":"https:\/\/samarali.com\/sv\/#\/schema\/logo\/image\/","url":"https:\/\/samarali.com\/wp-content\/uploads\/2024\/05\/cropped-samarali-icon.png","contentUrl":"https:\/\/samarali.com\/wp-content\/uploads\/2024\/05\/cropped-samarali-icon.png","width":512,"height":512,"caption":"Samarali"},"image":{"@id":"https:\/\/samarali.com\/sv\/#\/schema\/logo\/image\/"},"sameAs":["https:\/\/www.facebook.com\/samaraliyoga","https:\/\/www.linkedin.com\/company\/69563155\/","https:\/\/www.instagram.com\/samaraliyoga\/","https:\/\/nl.pinterest.com\/Samaraliyoga\/"],"description":"Samarali is a sustainable yoga and lifestyle brand based in the Netherlands","email":"info@samarali.com","legalName":"Samarali B.V.","vatID":"NL859820324B01","numberOfEmployees":{"@type":"QuantitativeValue","minValue":"1","maxValue":"10"}}]},"product_price_amount":"165.00","product_price_currency":"EUR","og_availability":"instock","product_availability":"instock","product_retailer_item_id":"11122","product_condition":"new"},"jetpack_sharing_enabled":true,"_links":{"self":[{"href":"https:\/\/samarali.com\/sv\/wp-json\/wp\/v2\/product\/28455","targetHints":{"allow":["GET"]}}],"collection":[{"href":"https:\/\/samarali.com\/sv\/wp-json\/wp\/v2\/product"}],"about":[{"href":"https:\/\/samarali.com\/sv\/wp-json\/wp\/v2\/types\/product"}],"replies":[{"embeddable":true,"href":"https:\/\/samarali.com\/sv\/wp-json\/wp\/v2\/comments?post=28455"}],"version-history":[{"count":2,"href":"https:\/\/samarali.com\/sv\/wp-json\/wp\/v2\/product\/28455\/revisions"}],"predecessor-version":[{"id":32896,"href":"https:\/\/samarali.com\/sv\/wp-json\/wp\/v2\/product\/28455\/revisions\/32896"}],"wp:featuredmedia":[{"embeddable":true,"href":"https:\/\/samarali.com\/sv\/wp-json\/wp\/v2\/media\/17595"}],"wp:attachment":[{"href":"https:\/\/samarali.com\/sv\/wp-json\/wp\/v2\/media?parent=28455"}],"wp:term":[{"taxonomy":"product_cat","embeddable":true,"href":"https:\/\/samarali.com\/sv\/wp-json\/wp\/v2\/product_cat?post=28455"},{"taxonomy":"product_tag","embeddable":true,"href":"https:\/\/samarali.com\/sv\/wp-json\/wp\/v2\/product_tag?post=28455"}],"curies":[{"name":"wp","href":"https:\/\/api.w.org\/{rel}","templated":true}]}}