{"id":28357,"date":"2024-08-02T11:51:59","date_gmt":"2024-08-02T11:51:59","guid":{"rendered":"https:\/\/samarali.com\/product\/meditationsset-med-kudde-zafu\/"},"modified":"2025-12-06T12:20:46","modified_gmt":"2025-12-06T11:20:46","slug":"meditationsset-med-kudde-zafu","status":"publish","type":"product","link":"https:\/\/samarali.com\/sv\/produkt\/meditationsset-med-kudde-zafu\/","title":{"rendered":"Meditationsset med kudde zafu"},"content":{"rendered":"<p>Detta tv\u00e5delade set med meditationsmatta och kudde \u00e4r noggrant utformat f\u00f6r att f\u00f6rb\u00e4ttra hela din praktik och erbjuder o\u00f6vertr\u00e4ffad komfort och st\u00f6d. Varje set inneh\u00e5ller en rund Zafu-kudde och en rektangul\u00e4r Zabuton-matta, b\u00e5da omsorgsfullt utformade f\u00f6r att g\u00f6ra dina meditationssessioner mer njutbara och effektiva.<\/p>\n<p>Zabuton-mattan \u00e4r fylld med filtark tillverkade av \u00e5tervunna blandade fibrer, inklusive ull, bomull och andra material. Dessa fibrer \u00e5teranv\u00e4nds fr\u00e5n tygrester, \u00e4ndbitar eller sk\u00e4ravfall som samlats in fr\u00e5n olika fabriker i Indien, vilket f\u00f6rhindrar att de bidrar till milj\u00f6f\u00f6rst\u00f6ring. Ull, ett traditionellt material som rekommenderas av yogis, \u00e4r s\u00e4rskilt f\u00f6rdelaktigt f\u00f6r meditationsmattor p\u00e5 grund av dess utm\u00e4rkta isolerande egenskaper. Det fr\u00e4mjar b\u00e4ttre cirkulation och f\u00f6rhindrar att dina ben och f\u00f6tter domnar bort under l\u00e4ngre meditationssessioner. Dessutom erbjuder Zabuton-mattan en mjuk, vadderad yta f\u00f6r kn\u00e4n och underben, vilket minskar trycket och \u00f6kar komforten under l\u00e5ngvarig meditation. Ut\u00f6ver sina funktionella f\u00f6rdelar f\u00f6rb\u00e4ttrar Zabuton-mattan ocks\u00e5 atmosf\u00e4ren i ditt meditationsutrymme och skapar en lugn och inbjudande milj\u00f6 som fr\u00e4mjar djupare fokus och lugn.<\/p>\n<p>Zafu-kudden \u00e4r fylld med boveteskal som ger ett exceptionellt st\u00f6d f\u00f6r h\u00f6fterna och s\u00e4kerst\u00e4ller att du beh\u00e5ller en korrekt h\u00e5llning under hela meditations\u00f6vningen. Genom att h\u00f6ja h\u00f6fterna hj\u00e4lper Zafu-kudden dig att rikta in ryggraden korrekt. Kombinationen av Zabuton- och Zafu-dynorna g\u00f6r att din meditationsupplevelse blir b\u00e5de bekv\u00e4m och njutbar.<\/p>\n<p>Alla tyger som anv\u00e4nds i detta set \u00e4r tillverkade av 100% ekologisk bomull, certifierad enligt Global Organic Textile Standard (GOTS). Denna certifiering garanterar att materialen produceras p\u00e5 ett milj\u00f6v\u00e4nligt och socialt ansvarsfullt s\u00e4tt, i linje med v\u00e4rderingarna i mindful living. Med olika f\u00e4rgalternativ kan du v\u00e4lja en upps\u00e4ttning som kompletterar den fridfulla och harmoniska atmosf\u00e4ren i ditt meditationsutrymme, vilket g\u00f6r det b\u00e5de vackert och funktionellt.<\/p>\n","protected":false},"excerpt":{"rendered":"<p>Upplev ultimat komfort med v\u00e5rt tv\u00e5delade meditationsset Zafu och Zabuton, tillverkat av 100% ekologisk bomull. Den \u00e4r fylld med milj\u00f6v\u00e4nliga material som \u00e5tervunnen ull och boveteskal och \u00e4r perfekt f\u00f6r h\u00e5llning och st\u00f6d.<\/p>\n","protected":false},"featured_media":20545,"comment_status":"open","ping_status":"closed","template":"","meta":{"_acf_changed":false,"_improvement_type_select":"improve_an_existing","_thumb_yes_seoaic":false,"_frame_yes_seoaic":false,"seoaic_generate_description":"","seoaic_improve_instructions_prompt":"","seoaic_rollback_content_improvement":"","seoaic_idea_thumbnail_generator":"","thumbnail_generated":false,"thumbnail_generate_prompt":"","seoaic_article_description":"","inline_featured_image":false},"product_cat":[257,293],"product_tag":[],"class_list":{"0":"post-28357","1":"product","2":"type-product","3":"status-publish","4":"has-post-thumbnail","6":"product_cat-meditation-sv","7":"product_cat-meditationsapparater","9":"first","10":"instock","11":"shipping-taxable","12":"purchasable","13":"product-type-variable"},"acf":[],"yoast_head":"<!-- This site is optimized with the Yoast SEO Premium plugin v27.3 (Yoast SEO v27.3) - https:\/\/yoast.com\/product\/yoast-seo-premium-wordpress\/ -->\n<title>Meditationsset med kudde zafu - Samarali<\/title>\n<meta name=\"description\" content=\"Meditationsset med Zafu och Zabuton, tillverkat av 100% ekologisk bomull. Fylld med milj\u00f6v\u00e4nliga material som \u00e5tervunnen ull och boveteskal.\" \/>\n<meta name=\"robots\" content=\"index, follow, max-snippet:-1, max-image-preview:large, max-video-preview:-1\" \/>\n<link rel=\"canonical\" href=\"https:\/\/samarali.com\/sv\/produkt\/meditationsset-med-kudde-zafu\/\" \/>\n<meta property=\"og:locale\" content=\"sv_SE\" \/>\n<meta property=\"og:type\" content=\"article\" \/>\n<meta property=\"og:title\" content=\"Meditationsset med kudde zafu - Samarali\" \/>\n<meta property=\"og:description\" content=\"Meditationsset med Zafu och Zabuton, tillverkat av 100% ekologisk bomull. Fylld med milj\u00f6v\u00e4nliga material som \u00e5tervunnen ull och boveteskal.\" \/>\n<meta property=\"og:url\" content=\"https:\/\/samarali.com\/sv\/produkt\/meditationsset-med-kudde-zafu\/\" \/>\n<meta property=\"og:site_name\" content=\"Samarali\" \/>\n<meta property=\"article:publisher\" content=\"https:\/\/www.facebook.com\/samaraliyoga\" \/>\n<meta property=\"article:modified_time\" content=\"2025-12-06T11:20:46+00:00\" \/>\n<meta property=\"og:image\" content=\"https:\/\/samarali.com\/wp-content\/uploads\/2024\/08\/Red_meditation-set_pilled_1.jpg\" \/>\n\t<meta property=\"og:image:width\" content=\"1080\" \/>\n\t<meta property=\"og:image:height\" content=\"1080\" \/>\n\t<meta property=\"og:image:type\" content=\"image\/jpeg\" \/>\n<meta name=\"twitter:card\" content=\"summary_large_image\" \/>\n<meta name=\"twitter:label1\" content=\"Tillg\u00e4nglig\" \/>\n\t<meta name=\"twitter:data1\" content=\"I lager\" \/>\n<script type=\"application\/ld+json\" class=\"yoast-schema-graph\">{\"@context\":\"https:\\\/\\\/schema.org\",\"@graph\":[{\"@type\":\"WebPage\",\"@id\":\"https:\\\/\\\/samarali.com\\\/sv\\\/produkt\\\/meditationsset-med-kudde-zafu\\\/\",\"url\":\"https:\\\/\\\/samarali.com\\\/sv\\\/produkt\\\/meditationsset-med-kudde-zafu\\\/\",\"name\":\"Meditationsset med kudde zafu - Samarali\",\"isPartOf\":{\"@id\":\"https:\\\/\\\/samarali.com\\\/sv\\\/#website\"},\"primaryImageOfPage\":{\"@id\":\"https:\\\/\\\/samarali.com\\\/sv\\\/produkt\\\/meditationsset-med-kudde-zafu\\\/#primaryimage\"},\"image\":{\"@id\":\"https:\\\/\\\/samarali.com\\\/sv\\\/produkt\\\/meditationsset-med-kudde-zafu\\\/#primaryimage\"},\"thumbnailUrl\":\"https:\\\/\\\/samarali.com\\\/wp-content\\\/uploads\\\/2024\\\/08\\\/Red_meditation-set_pilled_1.jpg\",\"datePublished\":\"2024-08-02T11:51:59+00:00\",\"dateModified\":\"2025-12-06T11:20:46+00:00\",\"description\":\"Meditationsset med Zafu och Zabuton, tillverkat av 100% ekologisk bomull. Fylld med milj\u00f6v\u00e4nliga material som \u00e5tervunnen ull och boveteskal.\",\"breadcrumb\":{\"@id\":\"https:\\\/\\\/samarali.com\\\/sv\\\/produkt\\\/meditationsset-med-kudde-zafu\\\/#breadcrumb\"},\"inLanguage\":\"sv-SE\",\"potentialAction\":[{\"@type\":\"ReadAction\",\"target\":[\"https:\\\/\\\/samarali.com\\\/sv\\\/produkt\\\/meditationsset-med-kudde-zafu\\\/\"]}]},{\"@type\":\"ImageObject\",\"inLanguage\":\"sv-SE\",\"@id\":\"https:\\\/\\\/samarali.com\\\/sv\\\/produkt\\\/meditationsset-med-kudde-zafu\\\/#primaryimage\",\"url\":\"https:\\\/\\\/samarali.com\\\/wp-content\\\/uploads\\\/2024\\\/08\\\/Red_meditation-set_pilled_1.jpg\",\"contentUrl\":\"https:\\\/\\\/samarali.com\\\/wp-content\\\/uploads\\\/2024\\\/08\\\/Red_meditation-set_pilled_1.jpg\",\"width\":1080,\"height\":1080,\"caption\":\"R\u00f6d meditationsset pilled 1\"},{\"@type\":\"BreadcrumbList\",\"@id\":\"https:\\\/\\\/samarali.com\\\/sv\\\/produkt\\\/meditationsset-med-kudde-zafu\\\/#breadcrumb\",\"itemListElement\":[{\"@type\":\"ListItem\",\"position\":1,\"name\":\"Hem\",\"item\":\"https:\\\/\\\/samarali.com\\\/sv\\\/hem\\\/\"},{\"@type\":\"ListItem\",\"position\":2,\"name\":\"Butik\",\"item\":\"https:\\\/\\\/samarali.com\\\/sv\\\/butik\\\/\"},{\"@type\":\"ListItem\",\"position\":3,\"name\":\"Meditationsset med kudde zafu\"}]},{\"@type\":\"WebSite\",\"@id\":\"https:\\\/\\\/samarali.com\\\/sv\\\/#website\",\"url\":\"https:\\\/\\\/samarali.com\\\/sv\\\/\",\"name\":\"Samarali\",\"description\":\"Samarali \u00e4r ett h\u00e5llbart yoga- och livsstilsvarum\u00e4rke baserat i Nederl\u00e4nderna\",\"publisher\":{\"@id\":\"https:\\\/\\\/samarali.com\\\/sv\\\/#organization\"},\"potentialAction\":[{\"@type\":\"SearchAction\",\"target\":{\"@type\":\"EntryPoint\",\"urlTemplate\":\"https:\\\/\\\/samarali.com\\\/sv\\\/?s={search_term_string}\"},\"query-input\":{\"@type\":\"PropertyValueSpecification\",\"valueRequired\":true,\"valueName\":\"search_term_string\"}}],\"inLanguage\":\"sv-SE\"},{\"@type\":\"Organization\",\"@id\":\"https:\\\/\\\/samarali.com\\\/sv\\\/#organization\",\"name\":\"Samarali\",\"url\":\"https:\\\/\\\/samarali.com\\\/sv\\\/\",\"logo\":{\"@type\":\"ImageObject\",\"inLanguage\":\"sv-SE\",\"@id\":\"https:\\\/\\\/samarali.com\\\/sv\\\/#\\\/schema\\\/logo\\\/image\\\/\",\"url\":\"https:\\\/\\\/samarali.com\\\/wp-content\\\/uploads\\\/2024\\\/05\\\/cropped-samarali-icon.png\",\"contentUrl\":\"https:\\\/\\\/samarali.com\\\/wp-content\\\/uploads\\\/2024\\\/05\\\/cropped-samarali-icon.png\",\"width\":512,\"height\":512,\"caption\":\"Samarali\"},\"image\":{\"@id\":\"https:\\\/\\\/samarali.com\\\/sv\\\/#\\\/schema\\\/logo\\\/image\\\/\"},\"sameAs\":[\"https:\\\/\\\/www.facebook.com\\\/samaraliyoga\",\"https:\\\/\\\/www.linkedin.com\\\/company\\\/69563155\\\/\",\"https:\\\/\\\/www.instagram.com\\\/samaraliyoga\\\/\",\"https:\\\/\\\/nl.pinterest.com\\\/Samaraliyoga\\\/\"],\"description\":\"Samarali is a sustainable yoga and lifestyle brand based in the Netherlands\",\"email\":\"info@samarali.com\",\"legalName\":\"Samarali B.V.\",\"vatID\":\"NL859820324B01\",\"numberOfEmployees\":{\"@type\":\"QuantitativeValue\",\"minValue\":\"1\",\"maxValue\":\"10\"}}]}<\/script>\n<meta property=\"og:availability\" content=\"instock\" \/>\n<meta property=\"product:availability\" content=\"instock\" \/>\n<meta property=\"product:condition\" content=\"new\" \/>\n<!-- \/ Yoast SEO Premium plugin. -->","yoast_head_json":{"title":"Meditationsset med kudde zafu - Samarali","description":"Meditationsset med Zafu och Zabuton, tillverkat av 100% ekologisk bomull. Fylld med milj\u00f6v\u00e4nliga material som \u00e5tervunnen ull och boveteskal.","robots":{"index":"index","follow":"follow","max-snippet":"max-snippet:-1","max-image-preview":"max-image-preview:large","max-video-preview":"max-video-preview:-1"},"canonical":"https:\/\/samarali.com\/sv\/produkt\/meditationsset-med-kudde-zafu\/","og_locale":"sv_SE","og_type":"article","og_title":"Meditationsset med kudde zafu - Samarali","og_description":"Meditationsset med Zafu och Zabuton, tillverkat av 100% ekologisk bomull. Fylld med milj\u00f6v\u00e4nliga material som \u00e5tervunnen ull och boveteskal.","og_url":"https:\/\/samarali.com\/sv\/produkt\/meditationsset-med-kudde-zafu\/","og_site_name":"Samarali","article_publisher":"https:\/\/www.facebook.com\/samaraliyoga","article_modified_time":"2025-12-06T11:20:46+00:00","og_image":[{"width":1080,"height":1080,"url":"https:\/\/samarali.com\/wp-content\/uploads\/2024\/08\/Red_meditation-set_pilled_1.jpg","type":"image\/jpeg"}],"twitter_card":"summary_large_image","twitter_misc":{"Tillg\u00e4nglig":"I lager"},"schema":{"@context":"https:\/\/schema.org","@graph":[{"@type":"WebPage","@id":"https:\/\/samarali.com\/sv\/produkt\/meditationsset-med-kudde-zafu\/","url":"https:\/\/samarali.com\/sv\/produkt\/meditationsset-med-kudde-zafu\/","name":"Meditationsset med kudde zafu - Samarali","isPartOf":{"@id":"https:\/\/samarali.com\/sv\/#website"},"primaryImageOfPage":{"@id":"https:\/\/samarali.com\/sv\/produkt\/meditationsset-med-kudde-zafu\/#primaryimage"},"image":{"@id":"https:\/\/samarali.com\/sv\/produkt\/meditationsset-med-kudde-zafu\/#primaryimage"},"thumbnailUrl":"https:\/\/samarali.com\/wp-content\/uploads\/2024\/08\/Red_meditation-set_pilled_1.jpg","datePublished":"2024-08-02T11:51:59+00:00","dateModified":"2025-12-06T11:20:46+00:00","description":"Meditationsset med Zafu och Zabuton, tillverkat av 100% ekologisk bomull. Fylld med milj\u00f6v\u00e4nliga material som \u00e5tervunnen ull och boveteskal.","breadcrumb":{"@id":"https:\/\/samarali.com\/sv\/produkt\/meditationsset-med-kudde-zafu\/#breadcrumb"},"inLanguage":"sv-SE","potentialAction":[{"@type":"ReadAction","target":["https:\/\/samarali.com\/sv\/produkt\/meditationsset-med-kudde-zafu\/"]}]},{"@type":"ImageObject","inLanguage":"sv-SE","@id":"https:\/\/samarali.com\/sv\/produkt\/meditationsset-med-kudde-zafu\/#primaryimage","url":"https:\/\/samarali.com\/wp-content\/uploads\/2024\/08\/Red_meditation-set_pilled_1.jpg","contentUrl":"https:\/\/samarali.com\/wp-content\/uploads\/2024\/08\/Red_meditation-set_pilled_1.jpg","width":1080,"height":1080,"caption":"R\u00f6d meditationsset pilled 1"},{"@type":"BreadcrumbList","@id":"https:\/\/samarali.com\/sv\/produkt\/meditationsset-med-kudde-zafu\/#breadcrumb","itemListElement":[{"@type":"ListItem","position":1,"name":"Hem","item":"https:\/\/samarali.com\/sv\/hem\/"},{"@type":"ListItem","position":2,"name":"Butik","item":"https:\/\/samarali.com\/sv\/butik\/"},{"@type":"ListItem","position":3,"name":"Meditationsset med kudde zafu"}]},{"@type":"WebSite","@id":"https:\/\/samarali.com\/sv\/#website","url":"https:\/\/samarali.com\/sv\/","name":"Samarali","description":"Samarali \u00e4r ett h\u00e5llbart yoga- och livsstilsvarum\u00e4rke baserat i Nederl\u00e4nderna","publisher":{"@id":"https:\/\/samarali.com\/sv\/#organization"},"potentialAction":[{"@type":"SearchAction","target":{"@type":"EntryPoint","urlTemplate":"https:\/\/samarali.com\/sv\/?s={search_term_string}"},"query-input":{"@type":"PropertyValueSpecification","valueRequired":true,"valueName":"search_term_string"}}],"inLanguage":"sv-SE"},{"@type":"Organization","@id":"https:\/\/samarali.com\/sv\/#organization","name":"Samarali","url":"https:\/\/samarali.com\/sv\/","logo":{"@type":"ImageObject","inLanguage":"sv-SE","@id":"https:\/\/samarali.com\/sv\/#\/schema\/logo\/image\/","url":"https:\/\/samarali.com\/wp-content\/uploads\/2024\/05\/cropped-samarali-icon.png","contentUrl":"https:\/\/samarali.com\/wp-content\/uploads\/2024\/05\/cropped-samarali-icon.png","width":512,"height":512,"caption":"Samarali"},"image":{"@id":"https:\/\/samarali.com\/sv\/#\/schema\/logo\/image\/"},"sameAs":["https:\/\/www.facebook.com\/samaraliyoga","https:\/\/www.linkedin.com\/company\/69563155\/","https:\/\/www.instagram.com\/samaraliyoga\/","https:\/\/nl.pinterest.com\/Samaraliyoga\/"],"description":"Samarali is a sustainable yoga and lifestyle brand based in the Netherlands","email":"info@samarali.com","legalName":"Samarali B.V.","vatID":"NL859820324B01","numberOfEmployees":{"@type":"QuantitativeValue","minValue":"1","maxValue":"10"}}]},"og_availability":"instock","product_availability":"instock","product_condition":"new"},"jetpack_sharing_enabled":true,"_links":{"self":[{"href":"https:\/\/samarali.com\/sv\/wp-json\/wp\/v2\/product\/28357","targetHints":{"allow":["GET"]}}],"collection":[{"href":"https:\/\/samarali.com\/sv\/wp-json\/wp\/v2\/product"}],"about":[{"href":"https:\/\/samarali.com\/sv\/wp-json\/wp\/v2\/types\/product"}],"replies":[{"embeddable":true,"href":"https:\/\/samarali.com\/sv\/wp-json\/wp\/v2\/comments?post=28357"}],"version-history":[{"count":2,"href":"https:\/\/samarali.com\/sv\/wp-json\/wp\/v2\/product\/28357\/revisions"}],"predecessor-version":[{"id":35246,"href":"https:\/\/samarali.com\/sv\/wp-json\/wp\/v2\/product\/28357\/revisions\/35246"}],"wp:featuredmedia":[{"embeddable":true,"href":"https:\/\/samarali.com\/sv\/wp-json\/wp\/v2\/media\/20545"}],"wp:attachment":[{"href":"https:\/\/samarali.com\/sv\/wp-json\/wp\/v2\/media?parent=28357"}],"wp:term":[{"taxonomy":"product_cat","embeddable":true,"href":"https:\/\/samarali.com\/sv\/wp-json\/wp\/v2\/product_cat?post=28357"},{"taxonomy":"product_tag","embeddable":true,"href":"https:\/\/samarali.com\/sv\/wp-json\/wp\/v2\/product_tag?post=28357"}],"curies":[{"name":"wp","href":"https:\/\/api.w.org\/{rel}","templated":true}]}}