{"id":28085,"date":"2024-08-08T20:46:43","date_gmt":"2024-08-08T20:46:43","guid":{"rendered":"https:\/\/samarali.com\/product\/yoga-shorts-bomull\/"},"modified":"2025-01-01T00:04:46","modified_gmt":"2024-12-31T23:04:46","slug":"yoga-shorts-bomull","status":"publish","type":"product","link":"https:\/\/samarali.com\/sv\/produkt\/yoga-shorts-bomull\/","title":{"rendered":"Yoga Shorts &#8211; bomull"},"content":{"rendered":"<p>Upplev en unik blandning av komfort och stil med v\u00e5ra Samarali yogashorts i premiumbomull, som \u00e4r s\u00e5 mjuka att du gl\u00f6mmer bort att du har dem p\u00e5 dig. Oavsett om du g\u00f6r yoga, vandrar eller springer \u00e4renden \u00e4r dessa m\u00e5ngsidiga shorts det perfekta valet f\u00f6r alla tillf\u00e4llen. De finns i olika f\u00e4rger och passar perfekt ihop med v\u00e5rt Samarali-linne och v\u00e5r yoga-bh.<\/p>\n<p>V\u00e5ra shorts tillverkas stolt i Ukraina av v\u00e5rt kvinnligt \u00e4gda f\u00f6retag, som \u00e4r dedikerat till att st\u00f6dja din resa mot l\u00e4kning, medvetenhet och sj\u00e4lvk\u00e4nnedom.<\/p>\n<p><strong>Riktlinjerna f\u00f6r v\u00e5rd:<\/strong><\/p>\n<ul>\n<li>Tv\u00e4tta med liknande f\u00e4rger<\/li>\n<li>Tv\u00e4tta i kallt vatten (upp till 30\u00b0C) p\u00e5 skonsamt program.<\/li>\n<\/ul>\n<div id=\"gtx-trans\" style=\"position: absolute; left: 524px; top: 1.2px;\">\n<div class=\"gtx-trans-icon\"><\/div>\n<\/div>\n","protected":false},"excerpt":{"rendered":"<p>Uppn\u00e5 den perfekta balansen mellan komfort och stil med v\u00e5ra yogashorts Samarali i bomull. Perfekt f\u00f6r alla tillf\u00e4llen, fr\u00e5n yoga till vardagskl\u00e4der.<\/p>\n<div id=\"gtx-trans\" style=\"position: absolute; left: 540px; top: 37.8px;\">\n<div class=\"gtx-trans-icon\"><\/div>\n<\/div>\n","protected":false},"featured_media":24830,"comment_status":"open","ping_status":"closed","template":"","meta":{"_acf_changed":false,"_improvement_type_select":"improve_an_existing","_thumb_yes_seoaic":false,"_frame_yes_seoaic":false,"seoaic_generate_description":"","seoaic_improve_instructions_prompt":"","seoaic_rollback_content_improvement":"","seoaic_idea_thumbnail_generator":"","thumbnail_generated":false,"thumbnail_generate_prompt":"","seoaic_article_description":"","inline_featured_image":false},"product_cat":[225],"product_tag":[],"class_list":{"0":"post-28085","1":"product","2":"type-product","3":"status-publish","4":"has-post-thumbnail","6":"product_cat-klader","8":"first","9":"instock","10":"shipping-taxable","11":"purchasable","12":"product-type-variable"},"acf":[],"yoast_head":"<!-- This site is optimized with the Yoast SEO Premium plugin v27.3 (Yoast SEO v27.3) - https:\/\/yoast.com\/product\/yoast-seo-premium-wordpress\/ -->\n<title>Yoga Shorts - bomull - Samarali<\/title>\n<meta name=\"description\" content=\"Uppn\u00e5 den perfekta balansen mellan komfort och stil med v\u00e5ra yogashorts Samarali i bomull. Perfekt f\u00f6r alla tillf\u00e4llen, fr\u00e5n yoga till vardagskl\u00e4der. Missa inte det h\u00e4r!\" \/>\n<meta name=\"robots\" content=\"index, follow, max-snippet:-1, max-image-preview:large, max-video-preview:-1\" \/>\n<link rel=\"canonical\" href=\"https:\/\/samarali.com\/sv\/produkt\/yoga-shorts-bomull\/\" \/>\n<meta property=\"og:locale\" content=\"sv_SE\" \/>\n<meta property=\"og:type\" content=\"article\" \/>\n<meta property=\"og:title\" content=\"Yoga Shorts - bomull - Samarali\" \/>\n<meta property=\"og:description\" content=\"Uppn\u00e5 den perfekta balansen mellan komfort och stil med v\u00e5ra yogashorts Samarali i bomull. Perfekt f\u00f6r alla tillf\u00e4llen, fr\u00e5n yoga till vardagskl\u00e4der. Missa inte det h\u00e4r!\" \/>\n<meta property=\"og:url\" content=\"https:\/\/samarali.com\/sv\/produkt\/yoga-shorts-bomull\/\" \/>\n<meta property=\"og:site_name\" content=\"Samarali\" \/>\n<meta property=\"article:publisher\" content=\"https:\/\/www.facebook.com\/samaraliyoga\" \/>\n<meta property=\"article:modified_time\" content=\"2024-12-31T23:04:46+00:00\" \/>\n<meta property=\"og:image\" content=\"https:\/\/samarali.com\/wp-content\/uploads\/2024\/08\/Fitness-set-with-shorts-Blue-17.jpg\" \/>\n\t<meta property=\"og:image:width\" content=\"1000\" \/>\n\t<meta property=\"og:image:height\" content=\"1000\" \/>\n\t<meta property=\"og:image:type\" content=\"image\/jpeg\" \/>\n<meta name=\"twitter:card\" content=\"summary_large_image\" \/>\n<meta name=\"twitter:label1\" content=\"Tillg\u00e4nglig\" \/>\n\t<meta name=\"twitter:data1\" content=\"I lager\" \/>\n<script type=\"application\/ld+json\" class=\"yoast-schema-graph\">{\"@context\":\"https:\\\/\\\/schema.org\",\"@graph\":[{\"@type\":\"WebPage\",\"@id\":\"https:\\\/\\\/samarali.com\\\/sv\\\/produkt\\\/yoga-shorts-bomull\\\/\",\"url\":\"https:\\\/\\\/samarali.com\\\/sv\\\/produkt\\\/yoga-shorts-bomull\\\/\",\"name\":\"Yoga Shorts - bomull - Samarali\",\"isPartOf\":{\"@id\":\"https:\\\/\\\/samarali.com\\\/sv\\\/#website\"},\"primaryImageOfPage\":{\"@id\":\"https:\\\/\\\/samarali.com\\\/sv\\\/produkt\\\/yoga-shorts-bomull\\\/#primaryimage\"},\"image\":{\"@id\":\"https:\\\/\\\/samarali.com\\\/sv\\\/produkt\\\/yoga-shorts-bomull\\\/#primaryimage\"},\"thumbnailUrl\":\"https:\\\/\\\/samarali.com\\\/wp-content\\\/uploads\\\/2024\\\/08\\\/Fitness-set-with-shorts-Blue-17.jpg\",\"datePublished\":\"2024-08-08T20:46:43+00:00\",\"dateModified\":\"2024-12-31T23:04:46+00:00\",\"description\":\"Uppn\u00e5 den perfekta balansen mellan komfort och stil med v\u00e5ra yogashorts Samarali i bomull. Perfekt f\u00f6r alla tillf\u00e4llen, fr\u00e5n yoga till vardagskl\u00e4der. Missa inte det h\u00e4r!\",\"breadcrumb\":{\"@id\":\"https:\\\/\\\/samarali.com\\\/sv\\\/produkt\\\/yoga-shorts-bomull\\\/#breadcrumb\"},\"inLanguage\":\"sv-SE\",\"potentialAction\":[{\"@type\":\"ReadAction\",\"target\":[\"https:\\\/\\\/samarali.com\\\/sv\\\/produkt\\\/yoga-shorts-bomull\\\/\"]}]},{\"@type\":\"ImageObject\",\"inLanguage\":\"sv-SE\",\"@id\":\"https:\\\/\\\/samarali.com\\\/sv\\\/produkt\\\/yoga-shorts-bomull\\\/#primaryimage\",\"url\":\"https:\\\/\\\/samarali.com\\\/wp-content\\\/uploads\\\/2024\\\/08\\\/Fitness-set-with-shorts-Blue-17.jpg\",\"contentUrl\":\"https:\\\/\\\/samarali.com\\\/wp-content\\\/uploads\\\/2024\\\/08\\\/Fitness-set-with-shorts-Blue-17.jpg\",\"width\":1000,\"height\":1000,\"caption\":\"Fitness set med shorts Bl\u00e5 17\"},{\"@type\":\"BreadcrumbList\",\"@id\":\"https:\\\/\\\/samarali.com\\\/sv\\\/produkt\\\/yoga-shorts-bomull\\\/#breadcrumb\",\"itemListElement\":[{\"@type\":\"ListItem\",\"position\":1,\"name\":\"Hem\",\"item\":\"https:\\\/\\\/samarali.com\\\/sv\\\/hem\\\/\"},{\"@type\":\"ListItem\",\"position\":2,\"name\":\"Butik\",\"item\":\"https:\\\/\\\/samarali.com\\\/sv\\\/butik\\\/\"},{\"@type\":\"ListItem\",\"position\":3,\"name\":\"Yoga Shorts &#8211; bomull\"}]},{\"@type\":\"WebSite\",\"@id\":\"https:\\\/\\\/samarali.com\\\/sv\\\/#website\",\"url\":\"https:\\\/\\\/samarali.com\\\/sv\\\/\",\"name\":\"Samarali\",\"description\":\"Samarali \u00e4r ett h\u00e5llbart yoga- och livsstilsvarum\u00e4rke baserat i Nederl\u00e4nderna\",\"publisher\":{\"@id\":\"https:\\\/\\\/samarali.com\\\/sv\\\/#organization\"},\"potentialAction\":[{\"@type\":\"SearchAction\",\"target\":{\"@type\":\"EntryPoint\",\"urlTemplate\":\"https:\\\/\\\/samarali.com\\\/sv\\\/?s={search_term_string}\"},\"query-input\":{\"@type\":\"PropertyValueSpecification\",\"valueRequired\":true,\"valueName\":\"search_term_string\"}}],\"inLanguage\":\"sv-SE\"},{\"@type\":\"Organization\",\"@id\":\"https:\\\/\\\/samarali.com\\\/sv\\\/#organization\",\"name\":\"Samarali\",\"url\":\"https:\\\/\\\/samarali.com\\\/sv\\\/\",\"logo\":{\"@type\":\"ImageObject\",\"inLanguage\":\"sv-SE\",\"@id\":\"https:\\\/\\\/samarali.com\\\/sv\\\/#\\\/schema\\\/logo\\\/image\\\/\",\"url\":\"https:\\\/\\\/samarali.com\\\/wp-content\\\/uploads\\\/2024\\\/05\\\/cropped-samarali-icon.png\",\"contentUrl\":\"https:\\\/\\\/samarali.com\\\/wp-content\\\/uploads\\\/2024\\\/05\\\/cropped-samarali-icon.png\",\"width\":512,\"height\":512,\"caption\":\"Samarali\"},\"image\":{\"@id\":\"https:\\\/\\\/samarali.com\\\/sv\\\/#\\\/schema\\\/logo\\\/image\\\/\"},\"sameAs\":[\"https:\\\/\\\/www.facebook.com\\\/samaraliyoga\",\"https:\\\/\\\/www.linkedin.com\\\/company\\\/69563155\\\/\",\"https:\\\/\\\/www.instagram.com\\\/samaraliyoga\\\/\",\"https:\\\/\\\/nl.pinterest.com\\\/Samaraliyoga\\\/\"],\"description\":\"Samarali is a sustainable yoga and lifestyle brand based in the Netherlands\",\"email\":\"info@samarali.com\",\"legalName\":\"Samarali B.V.\",\"vatID\":\"NL859820324B01\",\"numberOfEmployees\":{\"@type\":\"QuantitativeValue\",\"minValue\":\"1\",\"maxValue\":\"10\"}}]}<\/script>\n<meta property=\"og:availability\" content=\"instock\" \/>\n<meta property=\"product:availability\" content=\"instock\" \/>\n<meta property=\"product:condition\" content=\"new\" \/>\n<!-- \/ Yoast SEO Premium plugin. -->","yoast_head_json":{"title":"Yoga Shorts - bomull - Samarali","description":"Uppn\u00e5 den perfekta balansen mellan komfort och stil med v\u00e5ra yogashorts Samarali i bomull. Perfekt f\u00f6r alla tillf\u00e4llen, fr\u00e5n yoga till vardagskl\u00e4der. Missa inte det h\u00e4r!","robots":{"index":"index","follow":"follow","max-snippet":"max-snippet:-1","max-image-preview":"max-image-preview:large","max-video-preview":"max-video-preview:-1"},"canonical":"https:\/\/samarali.com\/sv\/produkt\/yoga-shorts-bomull\/","og_locale":"sv_SE","og_type":"article","og_title":"Yoga Shorts - bomull - Samarali","og_description":"Uppn\u00e5 den perfekta balansen mellan komfort och stil med v\u00e5ra yogashorts Samarali i bomull. Perfekt f\u00f6r alla tillf\u00e4llen, fr\u00e5n yoga till vardagskl\u00e4der. Missa inte det h\u00e4r!","og_url":"https:\/\/samarali.com\/sv\/produkt\/yoga-shorts-bomull\/","og_site_name":"Samarali","article_publisher":"https:\/\/www.facebook.com\/samaraliyoga","article_modified_time":"2024-12-31T23:04:46+00:00","og_image":[{"width":1000,"height":1000,"url":"https:\/\/samarali.com\/wp-content\/uploads\/2024\/08\/Fitness-set-with-shorts-Blue-17.jpg","type":"image\/jpeg"}],"twitter_card":"summary_large_image","twitter_misc":{"Tillg\u00e4nglig":"I lager"},"schema":{"@context":"https:\/\/schema.org","@graph":[{"@type":"WebPage","@id":"https:\/\/samarali.com\/sv\/produkt\/yoga-shorts-bomull\/","url":"https:\/\/samarali.com\/sv\/produkt\/yoga-shorts-bomull\/","name":"Yoga Shorts - bomull - Samarali","isPartOf":{"@id":"https:\/\/samarali.com\/sv\/#website"},"primaryImageOfPage":{"@id":"https:\/\/samarali.com\/sv\/produkt\/yoga-shorts-bomull\/#primaryimage"},"image":{"@id":"https:\/\/samarali.com\/sv\/produkt\/yoga-shorts-bomull\/#primaryimage"},"thumbnailUrl":"https:\/\/samarali.com\/wp-content\/uploads\/2024\/08\/Fitness-set-with-shorts-Blue-17.jpg","datePublished":"2024-08-08T20:46:43+00:00","dateModified":"2024-12-31T23:04:46+00:00","description":"Uppn\u00e5 den perfekta balansen mellan komfort och stil med v\u00e5ra yogashorts Samarali i bomull. Perfekt f\u00f6r alla tillf\u00e4llen, fr\u00e5n yoga till vardagskl\u00e4der. Missa inte det h\u00e4r!","breadcrumb":{"@id":"https:\/\/samarali.com\/sv\/produkt\/yoga-shorts-bomull\/#breadcrumb"},"inLanguage":"sv-SE","potentialAction":[{"@type":"ReadAction","target":["https:\/\/samarali.com\/sv\/produkt\/yoga-shorts-bomull\/"]}]},{"@type":"ImageObject","inLanguage":"sv-SE","@id":"https:\/\/samarali.com\/sv\/produkt\/yoga-shorts-bomull\/#primaryimage","url":"https:\/\/samarali.com\/wp-content\/uploads\/2024\/08\/Fitness-set-with-shorts-Blue-17.jpg","contentUrl":"https:\/\/samarali.com\/wp-content\/uploads\/2024\/08\/Fitness-set-with-shorts-Blue-17.jpg","width":1000,"height":1000,"caption":"Fitness set med shorts Bl\u00e5 17"},{"@type":"BreadcrumbList","@id":"https:\/\/samarali.com\/sv\/produkt\/yoga-shorts-bomull\/#breadcrumb","itemListElement":[{"@type":"ListItem","position":1,"name":"Hem","item":"https:\/\/samarali.com\/sv\/hem\/"},{"@type":"ListItem","position":2,"name":"Butik","item":"https:\/\/samarali.com\/sv\/butik\/"},{"@type":"ListItem","position":3,"name":"Yoga Shorts &#8211; bomull"}]},{"@type":"WebSite","@id":"https:\/\/samarali.com\/sv\/#website","url":"https:\/\/samarali.com\/sv\/","name":"Samarali","description":"Samarali \u00e4r ett h\u00e5llbart yoga- och livsstilsvarum\u00e4rke baserat i Nederl\u00e4nderna","publisher":{"@id":"https:\/\/samarali.com\/sv\/#organization"},"potentialAction":[{"@type":"SearchAction","target":{"@type":"EntryPoint","urlTemplate":"https:\/\/samarali.com\/sv\/?s={search_term_string}"},"query-input":{"@type":"PropertyValueSpecification","valueRequired":true,"valueName":"search_term_string"}}],"inLanguage":"sv-SE"},{"@type":"Organization","@id":"https:\/\/samarali.com\/sv\/#organization","name":"Samarali","url":"https:\/\/samarali.com\/sv\/","logo":{"@type":"ImageObject","inLanguage":"sv-SE","@id":"https:\/\/samarali.com\/sv\/#\/schema\/logo\/image\/","url":"https:\/\/samarali.com\/wp-content\/uploads\/2024\/05\/cropped-samarali-icon.png","contentUrl":"https:\/\/samarali.com\/wp-content\/uploads\/2024\/05\/cropped-samarali-icon.png","width":512,"height":512,"caption":"Samarali"},"image":{"@id":"https:\/\/samarali.com\/sv\/#\/schema\/logo\/image\/"},"sameAs":["https:\/\/www.facebook.com\/samaraliyoga","https:\/\/www.linkedin.com\/company\/69563155\/","https:\/\/www.instagram.com\/samaraliyoga\/","https:\/\/nl.pinterest.com\/Samaraliyoga\/"],"description":"Samarali is a sustainable yoga and lifestyle brand based in the Netherlands","email":"info@samarali.com","legalName":"Samarali B.V.","vatID":"NL859820324B01","numberOfEmployees":{"@type":"QuantitativeValue","minValue":"1","maxValue":"10"}}]},"og_availability":"instock","product_availability":"instock","product_condition":"new"},"jetpack_sharing_enabled":true,"_links":{"self":[{"href":"https:\/\/samarali.com\/sv\/wp-json\/wp\/v2\/product\/28085","targetHints":{"allow":["GET"]}}],"collection":[{"href":"https:\/\/samarali.com\/sv\/wp-json\/wp\/v2\/product"}],"about":[{"href":"https:\/\/samarali.com\/sv\/wp-json\/wp\/v2\/types\/product"}],"replies":[{"embeddable":true,"href":"https:\/\/samarali.com\/sv\/wp-json\/wp\/v2\/comments?post=28085"}],"version-history":[{"count":1,"href":"https:\/\/samarali.com\/sv\/wp-json\/wp\/v2\/product\/28085\/revisions"}],"predecessor-version":[{"id":32672,"href":"https:\/\/samarali.com\/sv\/wp-json\/wp\/v2\/product\/28085\/revisions\/32672"}],"wp:featuredmedia":[{"embeddable":true,"href":"https:\/\/samarali.com\/sv\/wp-json\/wp\/v2\/media\/24830"}],"wp:attachment":[{"href":"https:\/\/samarali.com\/sv\/wp-json\/wp\/v2\/media?parent=28085"}],"wp:term":[{"taxonomy":"product_cat","embeddable":true,"href":"https:\/\/samarali.com\/sv\/wp-json\/wp\/v2\/product_cat?post=28085"},{"taxonomy":"product_tag","embeddable":true,"href":"https:\/\/samarali.com\/sv\/wp-json\/wp\/v2\/product_tag?post=28085"}],"curies":[{"name":"wp","href":"https:\/\/api.w.org\/{rel}","templated":true}]}}