{"id":27962,"date":"2024-08-08T18:58:56","date_gmt":"2024-08-08T18:58:56","guid":{"rendered":"https:\/\/samarali.com\/product\/yoga-bh\/"},"modified":"2025-01-01T00:04:44","modified_gmt":"2024-12-31T23:04:44","slug":"yoga-bh","status":"publish","type":"product","link":"https:\/\/samarali.com\/sv\/produkt\/yoga-bh\/","title":{"rendered":"Yoga-bh"},"content":{"rendered":"<div>\n<div>\n<p>Upplev ultimat komfort med v\u00e5r yoga-bh, tillverkad av h\u00f6gkvalitativ bomull med sammetstextur som k\u00e4nns lyxigt mjuk mot din hud. Den \u00e4r utformad med ett dubbelt lager tyg och ger gott om st\u00f6d utan behov av syntetiska alternativ. Omfamna den naturliga komforten i bomull, f\u00f6rst\u00e4rkt med elastan f\u00f6r perfekt flexibilitet, s\u00e5 att din yogapraktik f\u00e5r b\u00e5de st\u00f6d och komfort.<\/p>\n<p>V\u00e5rt tyg \u00e4r OEKO-TEX-certifierat och best\u00e5r av 90% bomull med mjuk sammetstextur och 10% elastan. Den \u00e4r ogenomskinlig och beh\u00e5ller sin integritet \u00e4ven under djupa str\u00e4ckningar. Oavsett om du fl\u00f6dar genom asanas eller slappnar av hemma ger den h\u00e4r beh\u00e5n exceptionell komfort och stil.<\/p>\n<\/div>\n<div>\n<p><strong>Riktlinjerna f\u00f6r v\u00e5rd:<\/strong><\/p>\n<ul>\n<li>Tv\u00e4tta med liknande f\u00e4rger<\/li>\n<li>Tv\u00e4tta i kallt vatten (upp till 30\u00b0C) p\u00e5 skonsamt program.<\/li>\n<\/ul>\n<\/div>\n<\/div>\n<div><strong>Storlekar p\u00e5 v\u00e5ra modeller:<\/strong><\/div>\n<div><\/div>\n<ul>\n<li>XS: l\u00e4ngd 169 cm, byst x midja x h\u00f6fter: 81 x59 x 88 cm<\/li>\n<li>S: l\u00e4ngd 170 cm, byst x midja x h\u00f6fter: 82 x59 x 90 cm<\/li>\n<li>M: l\u00e4ngd: 169 cm, byst x midja x h\u00f6fter: 85 x63 x 95 cm<\/li>\n<li>L: l\u00e4ngd: 179 cm, byst x midja x h\u00f6fter: 96 x 76 x 106 cm.<\/li>\n<\/ul>\n","protected":false},"excerpt":{"rendered":"<p>Upplev lyxig komfort och st\u00f6d med v\u00e5r yogabh i bomull med sammetstextur. F\u00f6rb\u00e4ttra din yogapraktik med den perfekta blandningen av flexibilitet och stil.<\/p>\n","protected":false},"featured_media":24179,"comment_status":"open","ping_status":"closed","template":"","meta":{"_acf_changed":false,"_improvement_type_select":"improve_an_existing","_thumb_yes_seoaic":false,"_frame_yes_seoaic":false,"seoaic_generate_description":"","seoaic_improve_instructions_prompt":"","seoaic_rollback_content_improvement":"","seoaic_idea_thumbnail_generator":"","thumbnail_generated":false,"thumbnail_generate_prompt":"","seoaic_article_description":"","inline_featured_image":false},"product_cat":[225],"product_tag":[],"class_list":{"0":"post-27962","1":"product","2":"type-product","3":"status-publish","4":"has-post-thumbnail","6":"product_cat-klader","8":"first","9":"instock","10":"shipping-taxable","11":"purchasable","12":"product-type-variable"},"acf":[],"yoast_head":"<!-- This site is optimized with the Yoast SEO Premium plugin v27.3 (Yoast SEO v27.3) - https:\/\/yoast.com\/product\/yoast-seo-premium-wordpress\/ -->\n<title>Yoga-bh - Samarali<\/title>\n<meta name=\"description\" content=\"Upplev lyxig komfort och st\u00f6d med v\u00e5r yoga-bh i bomull. F\u00f6rb\u00e4ttra din yogapraktik med den perfekta blandningen av flexibilitet och stil.\" \/>\n<meta name=\"robots\" content=\"index, follow, max-snippet:-1, max-image-preview:large, max-video-preview:-1\" \/>\n<link rel=\"canonical\" href=\"https:\/\/samarali.com\/sv\/produkt\/yoga-bh\/\" \/>\n<meta property=\"og:locale\" content=\"sv_SE\" \/>\n<meta property=\"og:type\" content=\"article\" \/>\n<meta property=\"og:title\" content=\"Yoga-bh - Samarali\" \/>\n<meta property=\"og:description\" content=\"Upplev lyxig komfort och st\u00f6d med v\u00e5r yoga-bh i bomull. F\u00f6rb\u00e4ttra din yogapraktik med den perfekta blandningen av flexibilitet och stil.\" \/>\n<meta property=\"og:url\" content=\"https:\/\/samarali.com\/sv\/produkt\/yoga-bh\/\" \/>\n<meta property=\"og:site_name\" content=\"Samarali\" \/>\n<meta property=\"article:publisher\" content=\"https:\/\/www.facebook.com\/samaraliyoga\" \/>\n<meta property=\"article:modified_time\" content=\"2024-12-31T23:04:44+00:00\" \/>\n<meta property=\"og:image\" content=\"https:\/\/samarali.com\/wp-content\/uploads\/2024\/08\/Top-Green-1.jpg\" \/>\n\t<meta property=\"og:image:width\" content=\"1000\" \/>\n\t<meta property=\"og:image:height\" content=\"1000\" \/>\n\t<meta property=\"og:image:type\" content=\"image\/jpeg\" \/>\n<meta name=\"twitter:card\" content=\"summary_large_image\" \/>\n<meta name=\"twitter:label1\" content=\"Tillg\u00e4nglig\" \/>\n\t<meta name=\"twitter:data1\" content=\"I lager\" \/>\n<script type=\"application\/ld+json\" class=\"yoast-schema-graph\">{\"@context\":\"https:\\\/\\\/schema.org\",\"@graph\":[{\"@type\":\"WebPage\",\"@id\":\"https:\\\/\\\/samarali.com\\\/sv\\\/produkt\\\/yoga-bh\\\/\",\"url\":\"https:\\\/\\\/samarali.com\\\/sv\\\/produkt\\\/yoga-bh\\\/\",\"name\":\"Yoga-bh - Samarali\",\"isPartOf\":{\"@id\":\"https:\\\/\\\/samarali.com\\\/sv\\\/#website\"},\"primaryImageOfPage\":{\"@id\":\"https:\\\/\\\/samarali.com\\\/sv\\\/produkt\\\/yoga-bh\\\/#primaryimage\"},\"image\":{\"@id\":\"https:\\\/\\\/samarali.com\\\/sv\\\/produkt\\\/yoga-bh\\\/#primaryimage\"},\"thumbnailUrl\":\"https:\\\/\\\/samarali.com\\\/wp-content\\\/uploads\\\/2024\\\/08\\\/Top-Green-1.jpg\",\"datePublished\":\"2024-08-08T18:58:56+00:00\",\"dateModified\":\"2024-12-31T23:04:44+00:00\",\"description\":\"Upplev lyxig komfort och st\u00f6d med v\u00e5r yoga-bh i bomull. F\u00f6rb\u00e4ttra din yogapraktik med den perfekta blandningen av flexibilitet och stil.\",\"breadcrumb\":{\"@id\":\"https:\\\/\\\/samarali.com\\\/sv\\\/produkt\\\/yoga-bh\\\/#breadcrumb\"},\"inLanguage\":\"sv-SE\",\"potentialAction\":[{\"@type\":\"ReadAction\",\"target\":[\"https:\\\/\\\/samarali.com\\\/sv\\\/produkt\\\/yoga-bh\\\/\"]}]},{\"@type\":\"ImageObject\",\"inLanguage\":\"sv-SE\",\"@id\":\"https:\\\/\\\/samarali.com\\\/sv\\\/produkt\\\/yoga-bh\\\/#primaryimage\",\"url\":\"https:\\\/\\\/samarali.com\\\/wp-content\\\/uploads\\\/2024\\\/08\\\/Top-Green-1.jpg\",\"contentUrl\":\"https:\\\/\\\/samarali.com\\\/wp-content\\\/uploads\\\/2024\\\/08\\\/Top-Green-1.jpg\",\"width\":1000,\"height\":1000,\"caption\":\"Topp gr\u00f6n 1\"},{\"@type\":\"BreadcrumbList\",\"@id\":\"https:\\\/\\\/samarali.com\\\/sv\\\/produkt\\\/yoga-bh\\\/#breadcrumb\",\"itemListElement\":[{\"@type\":\"ListItem\",\"position\":1,\"name\":\"Hem\",\"item\":\"https:\\\/\\\/samarali.com\\\/sv\\\/hem\\\/\"},{\"@type\":\"ListItem\",\"position\":2,\"name\":\"Butik\",\"item\":\"https:\\\/\\\/samarali.com\\\/sv\\\/butik\\\/\"},{\"@type\":\"ListItem\",\"position\":3,\"name\":\"Yoga-bh\"}]},{\"@type\":\"WebSite\",\"@id\":\"https:\\\/\\\/samarali.com\\\/sv\\\/#website\",\"url\":\"https:\\\/\\\/samarali.com\\\/sv\\\/\",\"name\":\"Samarali\",\"description\":\"Samarali \u00e4r ett h\u00e5llbart yoga- och livsstilsvarum\u00e4rke baserat i Nederl\u00e4nderna\",\"publisher\":{\"@id\":\"https:\\\/\\\/samarali.com\\\/sv\\\/#organization\"},\"potentialAction\":[{\"@type\":\"SearchAction\",\"target\":{\"@type\":\"EntryPoint\",\"urlTemplate\":\"https:\\\/\\\/samarali.com\\\/sv\\\/?s={search_term_string}\"},\"query-input\":{\"@type\":\"PropertyValueSpecification\",\"valueRequired\":true,\"valueName\":\"search_term_string\"}}],\"inLanguage\":\"sv-SE\"},{\"@type\":\"Organization\",\"@id\":\"https:\\\/\\\/samarali.com\\\/sv\\\/#organization\",\"name\":\"Samarali\",\"url\":\"https:\\\/\\\/samarali.com\\\/sv\\\/\",\"logo\":{\"@type\":\"ImageObject\",\"inLanguage\":\"sv-SE\",\"@id\":\"https:\\\/\\\/samarali.com\\\/sv\\\/#\\\/schema\\\/logo\\\/image\\\/\",\"url\":\"https:\\\/\\\/samarali.com\\\/wp-content\\\/uploads\\\/2024\\\/05\\\/cropped-samarali-icon.png\",\"contentUrl\":\"https:\\\/\\\/samarali.com\\\/wp-content\\\/uploads\\\/2024\\\/05\\\/cropped-samarali-icon.png\",\"width\":512,\"height\":512,\"caption\":\"Samarali\"},\"image\":{\"@id\":\"https:\\\/\\\/samarali.com\\\/sv\\\/#\\\/schema\\\/logo\\\/image\\\/\"},\"sameAs\":[\"https:\\\/\\\/www.facebook.com\\\/samaraliyoga\",\"https:\\\/\\\/www.linkedin.com\\\/company\\\/69563155\\\/\",\"https:\\\/\\\/www.instagram.com\\\/samaraliyoga\\\/\",\"https:\\\/\\\/nl.pinterest.com\\\/Samaraliyoga\\\/\"],\"description\":\"Samarali is a sustainable yoga and lifestyle brand based in the Netherlands\",\"email\":\"info@samarali.com\",\"legalName\":\"Samarali B.V.\",\"vatID\":\"NL859820324B01\",\"numberOfEmployees\":{\"@type\":\"QuantitativeValue\",\"minValue\":\"1\",\"maxValue\":\"10\"}}]}<\/script>\n<meta property=\"og:availability\" content=\"instock\" \/>\n<meta property=\"product:availability\" content=\"instock\" \/>\n<meta property=\"product:condition\" content=\"new\" \/>\n<!-- \/ Yoast SEO Premium plugin. -->","yoast_head_json":{"title":"Yoga-bh - Samarali","description":"Upplev lyxig komfort och st\u00f6d med v\u00e5r yoga-bh i bomull. F\u00f6rb\u00e4ttra din yogapraktik med den perfekta blandningen av flexibilitet och stil.","robots":{"index":"index","follow":"follow","max-snippet":"max-snippet:-1","max-image-preview":"max-image-preview:large","max-video-preview":"max-video-preview:-1"},"canonical":"https:\/\/samarali.com\/sv\/produkt\/yoga-bh\/","og_locale":"sv_SE","og_type":"article","og_title":"Yoga-bh - Samarali","og_description":"Upplev lyxig komfort och st\u00f6d med v\u00e5r yoga-bh i bomull. F\u00f6rb\u00e4ttra din yogapraktik med den perfekta blandningen av flexibilitet och stil.","og_url":"https:\/\/samarali.com\/sv\/produkt\/yoga-bh\/","og_site_name":"Samarali","article_publisher":"https:\/\/www.facebook.com\/samaraliyoga","article_modified_time":"2024-12-31T23:04:44+00:00","og_image":[{"width":1000,"height":1000,"url":"https:\/\/samarali.com\/wp-content\/uploads\/2024\/08\/Top-Green-1.jpg","type":"image\/jpeg"}],"twitter_card":"summary_large_image","twitter_misc":{"Tillg\u00e4nglig":"I lager"},"schema":{"@context":"https:\/\/schema.org","@graph":[{"@type":"WebPage","@id":"https:\/\/samarali.com\/sv\/produkt\/yoga-bh\/","url":"https:\/\/samarali.com\/sv\/produkt\/yoga-bh\/","name":"Yoga-bh - Samarali","isPartOf":{"@id":"https:\/\/samarali.com\/sv\/#website"},"primaryImageOfPage":{"@id":"https:\/\/samarali.com\/sv\/produkt\/yoga-bh\/#primaryimage"},"image":{"@id":"https:\/\/samarali.com\/sv\/produkt\/yoga-bh\/#primaryimage"},"thumbnailUrl":"https:\/\/samarali.com\/wp-content\/uploads\/2024\/08\/Top-Green-1.jpg","datePublished":"2024-08-08T18:58:56+00:00","dateModified":"2024-12-31T23:04:44+00:00","description":"Upplev lyxig komfort och st\u00f6d med v\u00e5r yoga-bh i bomull. F\u00f6rb\u00e4ttra din yogapraktik med den perfekta blandningen av flexibilitet och stil.","breadcrumb":{"@id":"https:\/\/samarali.com\/sv\/produkt\/yoga-bh\/#breadcrumb"},"inLanguage":"sv-SE","potentialAction":[{"@type":"ReadAction","target":["https:\/\/samarali.com\/sv\/produkt\/yoga-bh\/"]}]},{"@type":"ImageObject","inLanguage":"sv-SE","@id":"https:\/\/samarali.com\/sv\/produkt\/yoga-bh\/#primaryimage","url":"https:\/\/samarali.com\/wp-content\/uploads\/2024\/08\/Top-Green-1.jpg","contentUrl":"https:\/\/samarali.com\/wp-content\/uploads\/2024\/08\/Top-Green-1.jpg","width":1000,"height":1000,"caption":"Topp gr\u00f6n 1"},{"@type":"BreadcrumbList","@id":"https:\/\/samarali.com\/sv\/produkt\/yoga-bh\/#breadcrumb","itemListElement":[{"@type":"ListItem","position":1,"name":"Hem","item":"https:\/\/samarali.com\/sv\/hem\/"},{"@type":"ListItem","position":2,"name":"Butik","item":"https:\/\/samarali.com\/sv\/butik\/"},{"@type":"ListItem","position":3,"name":"Yoga-bh"}]},{"@type":"WebSite","@id":"https:\/\/samarali.com\/sv\/#website","url":"https:\/\/samarali.com\/sv\/","name":"Samarali","description":"Samarali \u00e4r ett h\u00e5llbart yoga- och livsstilsvarum\u00e4rke baserat i Nederl\u00e4nderna","publisher":{"@id":"https:\/\/samarali.com\/sv\/#organization"},"potentialAction":[{"@type":"SearchAction","target":{"@type":"EntryPoint","urlTemplate":"https:\/\/samarali.com\/sv\/?s={search_term_string}"},"query-input":{"@type":"PropertyValueSpecification","valueRequired":true,"valueName":"search_term_string"}}],"inLanguage":"sv-SE"},{"@type":"Organization","@id":"https:\/\/samarali.com\/sv\/#organization","name":"Samarali","url":"https:\/\/samarali.com\/sv\/","logo":{"@type":"ImageObject","inLanguage":"sv-SE","@id":"https:\/\/samarali.com\/sv\/#\/schema\/logo\/image\/","url":"https:\/\/samarali.com\/wp-content\/uploads\/2024\/05\/cropped-samarali-icon.png","contentUrl":"https:\/\/samarali.com\/wp-content\/uploads\/2024\/05\/cropped-samarali-icon.png","width":512,"height":512,"caption":"Samarali"},"image":{"@id":"https:\/\/samarali.com\/sv\/#\/schema\/logo\/image\/"},"sameAs":["https:\/\/www.facebook.com\/samaraliyoga","https:\/\/www.linkedin.com\/company\/69563155\/","https:\/\/www.instagram.com\/samaraliyoga\/","https:\/\/nl.pinterest.com\/Samaraliyoga\/"],"description":"Samarali is a sustainable yoga and lifestyle brand based in the Netherlands","email":"info@samarali.com","legalName":"Samarali B.V.","vatID":"NL859820324B01","numberOfEmployees":{"@type":"QuantitativeValue","minValue":"1","maxValue":"10"}}]},"og_availability":"instock","product_availability":"instock","product_condition":"new"},"jetpack_sharing_enabled":true,"_links":{"self":[{"href":"https:\/\/samarali.com\/sv\/wp-json\/wp\/v2\/product\/27962","targetHints":{"allow":["GET"]}}],"collection":[{"href":"https:\/\/samarali.com\/sv\/wp-json\/wp\/v2\/product"}],"about":[{"href":"https:\/\/samarali.com\/sv\/wp-json\/wp\/v2\/types\/product"}],"replies":[{"embeddable":true,"href":"https:\/\/samarali.com\/sv\/wp-json\/wp\/v2\/comments?post=27962"}],"version-history":[{"count":1,"href":"https:\/\/samarali.com\/sv\/wp-json\/wp\/v2\/product\/27962\/revisions"}],"predecessor-version":[{"id":32657,"href":"https:\/\/samarali.com\/sv\/wp-json\/wp\/v2\/product\/27962\/revisions\/32657"}],"wp:featuredmedia":[{"embeddable":true,"href":"https:\/\/samarali.com\/sv\/wp-json\/wp\/v2\/media\/24179"}],"wp:attachment":[{"href":"https:\/\/samarali.com\/sv\/wp-json\/wp\/v2\/media?parent=27962"}],"wp:term":[{"taxonomy":"product_cat","embeddable":true,"href":"https:\/\/samarali.com\/sv\/wp-json\/wp\/v2\/product_cat?post=27962"},{"taxonomy":"product_tag","embeddable":true,"href":"https:\/\/samarali.com\/sv\/wp-json\/wp\/v2\/product_tag?post=27962"}],"curies":[{"name":"wp","href":"https:\/\/api.w.org\/{rel}","templated":true}]}}