{"id":27885,"date":"2024-08-08T13:13:22","date_gmt":"2024-08-08T11:13:22","guid":{"rendered":"https:\/\/samarali.com\/product\/kort-jumpsuit-jupiter\/"},"modified":"2024-12-03T11:04:48","modified_gmt":"2024-12-03T10:04:48","slug":"kort-jumpsuit-jupiter","status":"publish","type":"product","link":"https:\/\/samarali.com\/sv\/produkt\/kort-jumpsuit-jupiter\/","title":{"rendered":"Kort jumpsuit Jupiter"},"content":{"rendered":"<p>V\u00e5ra jumpsuits \u00e4r s\u00e4rskilt utformade f\u00f6r yoga men tillr\u00e4ckligt m\u00e5ngsidiga f\u00f6r att kunna anv\u00e4ndas \u00e4ven utomhus. Dessa jumpsuits \u00e4r etiskt producerade i Ukraina och tillverkade av OEKO-Tex-certifierade material och uppr\u00e4tth\u00e5ller v\u00e5rt engagemang f\u00f6r kvalitet och h\u00e5llbarhet. F\u00f6r att s\u00e4kerst\u00e4lla att de uppfyller v\u00e5ra h\u00f6ga standarder har v\u00e5rt team och v\u00e5r gemenskap av yogis noggrant testat dem f\u00f6r att s\u00e4kerst\u00e4lla att de uppfyller v\u00e5ra h\u00f6ga standarder. Upplev ultimat komfort och stil med v\u00e5r korta jumpsuit Jupiter.<\/p>\n<p>Inkludering \u00e4r k\u00e4rnan i v\u00e5r designfilosofi eftersom vi tror att det inte bara finns en idealisk kroppstyp. Det \u00e4r d\u00e4rf\u00f6r v\u00e5r korta jumpsuit Jupiter \u00e4r utformad f\u00f6r att erbjuda exceptionell komfort och stil f\u00f6r alla. Jupiter-jumpsuiten g\u00f6r inte bara bra ifr\u00e5n sig, den f\u00e5r folk att h\u00e4pna ocks\u00e5. Om du letar efter ett m\u00e5ngsidigt aktivplagg f\u00f6r dina yogapass, beh\u00f6ver du inte leta l\u00e4ngre \u00e4n till Jupiter-jumpsuiten!<\/p>\n<p>Jupiter-jumpsuiten \u00e4r tillverkad i Ukraina av ett bomullsrikt tyg och ger en ultramjuk och bekv\u00e4m k\u00e4nsla. Dess m\u00e5ngsidighet kommer att \u00f6verraska dig &#8211; du kan enkelt styla den f\u00f6r en avslappnad dag ute, eller om du k\u00e4nner dig dj\u00e4rv kan du lyfta den till en exklusiv look.<\/p>\n<p><strong>Storleken p\u00e5 modellerna p\u00e5 bilderna:<\/strong><\/p>\n<ul>\n<li>F\u00f6r storlek XL: l\u00e4ngd 170, 106 x 87 x 115 (byst x midja x h\u00f6fter)<\/li>\n<li>F\u00f6r storlek XS: l\u00e4ngd 165, 88 x 60 x 90 (byst x midja x h\u00f6fter)<\/li>\n<\/ul>\n<p><strong>Riktlinjerna f\u00f6r v\u00e5rd:<\/strong><\/p>\n<ul>\n<li>Tv\u00e4tta med liknande f\u00e4rger<\/li>\n<li>Tv\u00e4tta i kallt vatten (upp till 30\u00b0C) p\u00e5 skonsamt program.<\/li>\n<\/ul>\n","protected":false},"excerpt":{"rendered":"<p>F\u00f6rh\u00f6j din yogapraktik med v\u00e5r etiskt producerade korta jumpsuit Jupiter. Den \u00e4r tillverkad av OEKO-Tex-certifierade material och \u00e4r perfekt f\u00f6r en medveten tr\u00e4ning.<\/p>\n","protected":false},"featured_media":24029,"comment_status":"open","ping_status":"closed","template":"","meta":{"_acf_changed":false,"_improvement_type_select":"improve_an_existing","_thumb_yes_seoaic":false,"_frame_yes_seoaic":false,"seoaic_generate_description":"","seoaic_improve_instructions_prompt":"","seoaic_rollback_content_improvement":"","seoaic_idea_thumbnail_generator":"","thumbnail_generated":false,"thumbnail_generate_prompt":"","seoaic_article_description":"","inline_featured_image":false},"product_cat":[225],"product_tag":[],"class_list":{"0":"post-27885","1":"product","2":"type-product","3":"status-publish","4":"has-post-thumbnail","6":"product_cat-klader","8":"first","9":"instock","10":"shipping-taxable","11":"purchasable","12":"product-type-variable"},"acf":[],"yoast_head":"<!-- This site is optimized with the Yoast SEO Premium plugin v27.4 (Yoast SEO v27.4) - https:\/\/yoast.com\/product\/yoast-seo-premium-wordpress\/ -->\n<title>Kort jumpsuit Jupiter - Samarali<\/title>\n<meta name=\"description\" content=\"F\u00f6rh\u00f6j din yogapraktik med v\u00e5r etiskt producerade korta jumpsuit Jupiter. Den \u00e4r tillverkad av OEKO-Tex-certifierade material och \u00e4r perfekt f\u00f6r en medveten tr\u00e4ning.\" \/>\n<meta name=\"robots\" content=\"index, follow, max-snippet:-1, max-image-preview:large, max-video-preview:-1\" \/>\n<link rel=\"canonical\" href=\"https:\/\/samarali.com\/sv\/produkt\/kort-jumpsuit-jupiter\/\" \/>\n<meta property=\"og:locale\" content=\"sv_SE\" \/>\n<meta property=\"og:type\" content=\"article\" \/>\n<meta property=\"og:title\" content=\"Kort jumpsuit Jupiter - Samarali\" \/>\n<meta property=\"og:description\" content=\"F\u00f6rh\u00f6j din yogapraktik med v\u00e5r etiskt producerade korta jumpsuit Jupiter. Den \u00e4r tillverkad av OEKO-Tex-certifierade material och \u00e4r perfekt f\u00f6r en medveten tr\u00e4ning.\" \/>\n<meta property=\"og:url\" content=\"https:\/\/samarali.com\/sv\/produkt\/kort-jumpsuit-jupiter\/\" \/>\n<meta property=\"og:site_name\" content=\"Samarali\" \/>\n<meta property=\"article:publisher\" content=\"https:\/\/www.facebook.com\/samaraliyoga\" \/>\n<meta property=\"article:modified_time\" content=\"2024-12-03T10:04:48+00:00\" \/>\n<meta property=\"og:image\" content=\"https:\/\/samarali.com\/wp-content\/uploads\/2024\/08\/Jumpsuit-Grace-XS-M-9.jpg\" \/>\n\t<meta property=\"og:image:width\" content=\"830\" \/>\n\t<meta property=\"og:image:height\" content=\"830\" \/>\n\t<meta property=\"og:image:type\" content=\"image\/jpeg\" \/>\n<meta name=\"twitter:card\" content=\"summary_large_image\" \/>\n<meta name=\"twitter:label1\" content=\"Tillg\u00e4nglig\" \/>\n\t<meta name=\"twitter:data1\" content=\"I lager\" \/>\n<script type=\"application\/ld+json\" class=\"yoast-schema-graph\">{\"@context\":\"https:\\\/\\\/schema.org\",\"@graph\":[{\"@type\":\"WebPage\",\"@id\":\"https:\\\/\\\/samarali.com\\\/sv\\\/produkt\\\/kort-jumpsuit-jupiter\\\/\",\"url\":\"https:\\\/\\\/samarali.com\\\/sv\\\/produkt\\\/kort-jumpsuit-jupiter\\\/\",\"name\":\"Kort jumpsuit Jupiter - Samarali\",\"isPartOf\":{\"@id\":\"https:\\\/\\\/samarali.com\\\/sv\\\/#website\"},\"primaryImageOfPage\":{\"@id\":\"https:\\\/\\\/samarali.com\\\/sv\\\/produkt\\\/kort-jumpsuit-jupiter\\\/#primaryimage\"},\"image\":{\"@id\":\"https:\\\/\\\/samarali.com\\\/sv\\\/produkt\\\/kort-jumpsuit-jupiter\\\/#primaryimage\"},\"thumbnailUrl\":\"https:\\\/\\\/samarali.com\\\/wp-content\\\/uploads\\\/2024\\\/08\\\/Jumpsuit-Grace-XS-M-9.jpg\",\"datePublished\":\"2024-08-08T11:13:22+00:00\",\"dateModified\":\"2024-12-03T10:04:48+00:00\",\"description\":\"F\u00f6rh\u00f6j din yogapraktik med v\u00e5r etiskt producerade korta jumpsuit Jupiter. Den \u00e4r tillverkad av OEKO-Tex-certifierade material och \u00e4r perfekt f\u00f6r en medveten tr\u00e4ning.\",\"breadcrumb\":{\"@id\":\"https:\\\/\\\/samarali.com\\\/sv\\\/produkt\\\/kort-jumpsuit-jupiter\\\/#breadcrumb\"},\"inLanguage\":\"sv-SE\",\"potentialAction\":[{\"@type\":\"ReadAction\",\"target\":[\"https:\\\/\\\/samarali.com\\\/sv\\\/produkt\\\/kort-jumpsuit-jupiter\\\/\"]}]},{\"@type\":\"ImageObject\",\"inLanguage\":\"sv-SE\",\"@id\":\"https:\\\/\\\/samarali.com\\\/sv\\\/produkt\\\/kort-jumpsuit-jupiter\\\/#primaryimage\",\"url\":\"https:\\\/\\\/samarali.com\\\/wp-content\\\/uploads\\\/2024\\\/08\\\/Jumpsuit-Grace-XS-M-9.jpg\",\"contentUrl\":\"https:\\\/\\\/samarali.com\\\/wp-content\\\/uploads\\\/2024\\\/08\\\/Jumpsuit-Grace-XS-M-9.jpg\",\"width\":830,\"height\":830,\"caption\":\"Jumpsuit Grace XS M 9\"},{\"@type\":\"BreadcrumbList\",\"@id\":\"https:\\\/\\\/samarali.com\\\/sv\\\/produkt\\\/kort-jumpsuit-jupiter\\\/#breadcrumb\",\"itemListElement\":[{\"@type\":\"ListItem\",\"position\":1,\"name\":\"Hem\",\"item\":\"https:\\\/\\\/samarali.com\\\/sv\\\/hem\\\/\"},{\"@type\":\"ListItem\",\"position\":2,\"name\":\"Butik\",\"item\":\"https:\\\/\\\/samarali.com\\\/sv\\\/butik\\\/\"},{\"@type\":\"ListItem\",\"position\":3,\"name\":\"Kort jumpsuit Jupiter\"}]},{\"@type\":\"WebSite\",\"@id\":\"https:\\\/\\\/samarali.com\\\/sv\\\/#website\",\"url\":\"https:\\\/\\\/samarali.com\\\/sv\\\/\",\"name\":\"Samarali\",\"description\":\"Samarali \u00e4r ett h\u00e5llbart yoga- och livsstilsvarum\u00e4rke baserat i Nederl\u00e4nderna\",\"publisher\":{\"@id\":\"https:\\\/\\\/samarali.com\\\/sv\\\/#organization\"},\"potentialAction\":[{\"@type\":\"SearchAction\",\"target\":{\"@type\":\"EntryPoint\",\"urlTemplate\":\"https:\\\/\\\/samarali.com\\\/sv\\\/?s={search_term_string}\"},\"query-input\":{\"@type\":\"PropertyValueSpecification\",\"valueRequired\":true,\"valueName\":\"search_term_string\"}}],\"inLanguage\":\"sv-SE\"},{\"@type\":\"Organization\",\"@id\":\"https:\\\/\\\/samarali.com\\\/sv\\\/#organization\",\"name\":\"Samarali\",\"url\":\"https:\\\/\\\/samarali.com\\\/sv\\\/\",\"logo\":{\"@type\":\"ImageObject\",\"inLanguage\":\"sv-SE\",\"@id\":\"https:\\\/\\\/samarali.com\\\/sv\\\/#\\\/schema\\\/logo\\\/image\\\/\",\"url\":\"https:\\\/\\\/samarali.com\\\/wp-content\\\/uploads\\\/2024\\\/05\\\/cropped-samarali-icon.png\",\"contentUrl\":\"https:\\\/\\\/samarali.com\\\/wp-content\\\/uploads\\\/2024\\\/05\\\/cropped-samarali-icon.png\",\"width\":512,\"height\":512,\"caption\":\"Samarali\"},\"image\":{\"@id\":\"https:\\\/\\\/samarali.com\\\/sv\\\/#\\\/schema\\\/logo\\\/image\\\/\"},\"sameAs\":[\"https:\\\/\\\/www.facebook.com\\\/samaraliyoga\",\"https:\\\/\\\/www.linkedin.com\\\/company\\\/69563155\\\/\",\"https:\\\/\\\/www.instagram.com\\\/samaraliyoga\\\/\",\"https:\\\/\\\/nl.pinterest.com\\\/Samaraliyoga\\\/\"],\"description\":\"Samarali is a sustainable yoga and lifestyle brand based in the Netherlands\",\"email\":\"info@samarali.com\",\"legalName\":\"Samarali B.V.\",\"vatID\":\"NL859820324B01\",\"numberOfEmployees\":{\"@type\":\"QuantitativeValue\",\"minValue\":\"1\",\"maxValue\":\"10\"}}]}<\/script>\n<meta property=\"og:availability\" content=\"instock\" \/>\n<meta property=\"product:availability\" content=\"instock\" \/>\n<meta property=\"product:condition\" content=\"new\" \/>\n<!-- \/ Yoast SEO Premium plugin. -->","yoast_head_json":{"title":"Kort jumpsuit Jupiter - Samarali","description":"F\u00f6rh\u00f6j din yogapraktik med v\u00e5r etiskt producerade korta jumpsuit Jupiter. Den \u00e4r tillverkad av OEKO-Tex-certifierade material och \u00e4r perfekt f\u00f6r en medveten tr\u00e4ning.","robots":{"index":"index","follow":"follow","max-snippet":"max-snippet:-1","max-image-preview":"max-image-preview:large","max-video-preview":"max-video-preview:-1"},"canonical":"https:\/\/samarali.com\/sv\/produkt\/kort-jumpsuit-jupiter\/","og_locale":"sv_SE","og_type":"article","og_title":"Kort jumpsuit Jupiter - Samarali","og_description":"F\u00f6rh\u00f6j din yogapraktik med v\u00e5r etiskt producerade korta jumpsuit Jupiter. Den \u00e4r tillverkad av OEKO-Tex-certifierade material och \u00e4r perfekt f\u00f6r en medveten tr\u00e4ning.","og_url":"https:\/\/samarali.com\/sv\/produkt\/kort-jumpsuit-jupiter\/","og_site_name":"Samarali","article_publisher":"https:\/\/www.facebook.com\/samaraliyoga","article_modified_time":"2024-12-03T10:04:48+00:00","og_image":[{"width":830,"height":830,"url":"https:\/\/samarali.com\/wp-content\/uploads\/2024\/08\/Jumpsuit-Grace-XS-M-9.jpg","type":"image\/jpeg"}],"twitter_card":"summary_large_image","twitter_misc":{"Tillg\u00e4nglig":"I lager"},"schema":{"@context":"https:\/\/schema.org","@graph":[{"@type":"WebPage","@id":"https:\/\/samarali.com\/sv\/produkt\/kort-jumpsuit-jupiter\/","url":"https:\/\/samarali.com\/sv\/produkt\/kort-jumpsuit-jupiter\/","name":"Kort jumpsuit Jupiter - Samarali","isPartOf":{"@id":"https:\/\/samarali.com\/sv\/#website"},"primaryImageOfPage":{"@id":"https:\/\/samarali.com\/sv\/produkt\/kort-jumpsuit-jupiter\/#primaryimage"},"image":{"@id":"https:\/\/samarali.com\/sv\/produkt\/kort-jumpsuit-jupiter\/#primaryimage"},"thumbnailUrl":"https:\/\/samarali.com\/wp-content\/uploads\/2024\/08\/Jumpsuit-Grace-XS-M-9.jpg","datePublished":"2024-08-08T11:13:22+00:00","dateModified":"2024-12-03T10:04:48+00:00","description":"F\u00f6rh\u00f6j din yogapraktik med v\u00e5r etiskt producerade korta jumpsuit Jupiter. Den \u00e4r tillverkad av OEKO-Tex-certifierade material och \u00e4r perfekt f\u00f6r en medveten tr\u00e4ning.","breadcrumb":{"@id":"https:\/\/samarali.com\/sv\/produkt\/kort-jumpsuit-jupiter\/#breadcrumb"},"inLanguage":"sv-SE","potentialAction":[{"@type":"ReadAction","target":["https:\/\/samarali.com\/sv\/produkt\/kort-jumpsuit-jupiter\/"]}]},{"@type":"ImageObject","inLanguage":"sv-SE","@id":"https:\/\/samarali.com\/sv\/produkt\/kort-jumpsuit-jupiter\/#primaryimage","url":"https:\/\/samarali.com\/wp-content\/uploads\/2024\/08\/Jumpsuit-Grace-XS-M-9.jpg","contentUrl":"https:\/\/samarali.com\/wp-content\/uploads\/2024\/08\/Jumpsuit-Grace-XS-M-9.jpg","width":830,"height":830,"caption":"Jumpsuit Grace XS M 9"},{"@type":"BreadcrumbList","@id":"https:\/\/samarali.com\/sv\/produkt\/kort-jumpsuit-jupiter\/#breadcrumb","itemListElement":[{"@type":"ListItem","position":1,"name":"Hem","item":"https:\/\/samarali.com\/sv\/hem\/"},{"@type":"ListItem","position":2,"name":"Butik","item":"https:\/\/samarali.com\/sv\/butik\/"},{"@type":"ListItem","position":3,"name":"Kort jumpsuit Jupiter"}]},{"@type":"WebSite","@id":"https:\/\/samarali.com\/sv\/#website","url":"https:\/\/samarali.com\/sv\/","name":"Samarali","description":"Samarali \u00e4r ett h\u00e5llbart yoga- och livsstilsvarum\u00e4rke baserat i Nederl\u00e4nderna","publisher":{"@id":"https:\/\/samarali.com\/sv\/#organization"},"potentialAction":[{"@type":"SearchAction","target":{"@type":"EntryPoint","urlTemplate":"https:\/\/samarali.com\/sv\/?s={search_term_string}"},"query-input":{"@type":"PropertyValueSpecification","valueRequired":true,"valueName":"search_term_string"}}],"inLanguage":"sv-SE"},{"@type":"Organization","@id":"https:\/\/samarali.com\/sv\/#organization","name":"Samarali","url":"https:\/\/samarali.com\/sv\/","logo":{"@type":"ImageObject","inLanguage":"sv-SE","@id":"https:\/\/samarali.com\/sv\/#\/schema\/logo\/image\/","url":"https:\/\/samarali.com\/wp-content\/uploads\/2024\/05\/cropped-samarali-icon.png","contentUrl":"https:\/\/samarali.com\/wp-content\/uploads\/2024\/05\/cropped-samarali-icon.png","width":512,"height":512,"caption":"Samarali"},"image":{"@id":"https:\/\/samarali.com\/sv\/#\/schema\/logo\/image\/"},"sameAs":["https:\/\/www.facebook.com\/samaraliyoga","https:\/\/www.linkedin.com\/company\/69563155\/","https:\/\/www.instagram.com\/samaraliyoga\/","https:\/\/nl.pinterest.com\/Samaraliyoga\/"],"description":"Samarali is a sustainable yoga and lifestyle brand based in the Netherlands","email":"info@samarali.com","legalName":"Samarali B.V.","vatID":"NL859820324B01","numberOfEmployees":{"@type":"QuantitativeValue","minValue":"1","maxValue":"10"}}]},"og_availability":"instock","product_availability":"instock","product_condition":"new"},"jetpack_sharing_enabled":true,"_links":{"self":[{"href":"https:\/\/samarali.com\/sv\/wp-json\/wp\/v2\/product\/27885","targetHints":{"allow":["GET"]}}],"collection":[{"href":"https:\/\/samarali.com\/sv\/wp-json\/wp\/v2\/product"}],"about":[{"href":"https:\/\/samarali.com\/sv\/wp-json\/wp\/v2\/types\/product"}],"replies":[{"embeddable":true,"href":"https:\/\/samarali.com\/sv\/wp-json\/wp\/v2\/comments?post=27885"}],"version-history":[{"count":1,"href":"https:\/\/samarali.com\/sv\/wp-json\/wp\/v2\/product\/27885\/revisions"}],"predecessor-version":[{"id":32652,"href":"https:\/\/samarali.com\/sv\/wp-json\/wp\/v2\/product\/27885\/revisions\/32652"}],"wp:featuredmedia":[{"embeddable":true,"href":"https:\/\/samarali.com\/sv\/wp-json\/wp\/v2\/media\/24029"}],"wp:attachment":[{"href":"https:\/\/samarali.com\/sv\/wp-json\/wp\/v2\/media?parent=27885"}],"wp:term":[{"taxonomy":"product_cat","embeddable":true,"href":"https:\/\/samarali.com\/sv\/wp-json\/wp\/v2\/product_cat?post=27885"},{"taxonomy":"product_tag","embeddable":true,"href":"https:\/\/samarali.com\/sv\/wp-json\/wp\/v2\/product_tag?post=27885"}],"curies":[{"name":"wp","href":"https:\/\/api.w.org\/{rel}","templated":true}]}}