{"id":27819,"date":"2024-08-08T10:24:42","date_gmt":"2024-08-08T10:24:42","guid":{"rendered":"https:\/\/samarali.com\/product\/leggings\/"},"modified":"2025-01-01T00:04:46","modified_gmt":"2024-12-31T23:04:46","slug":"leggings","status":"publish","type":"product","link":"https:\/\/samarali.com\/sv\/produkt\/leggings\/","title":{"rendered":"Leggings"},"content":{"rendered":"<div>\n<div>  Leggings har blivit ett viktigt inslag i n\u00e4stan varje garderob och anv\u00e4nds f\u00f6r b\u00e5de sport och vardagsbruk.<br \/>\nV\u00e5ra leggings \u00e4r tillverkade av h\u00f6gkvalitativt, andningsbart, sammetstexturerat och OEKO-Tex-certifierat tyg.<br \/>\nN\u00e4r du v\u00e4l b\u00f6rjar b\u00e4ra dem kommer de s\u00e4kert att bli ett av dina favoritplagg!<br \/>\nTyget \u00e4r icke-transparent, vilket s\u00e4kerst\u00e4ller att det f\u00f6rblir ogenomskinligt \u00e4ven under djupa str\u00e4ckningar.<br \/>\nDe h\u00e4r leggingsen har en h\u00f6g midja och \u00e4r perfekta f\u00f6r yoga, fitness och dagliga aktiviteter.<br \/>\nDet mjuka materialet ger maximal komfort under dina asanas, och de \u00e4r lika bekv\u00e4ma att slappa i hemma som att b\u00e4ra ute p\u00e5 stan.       <\/div>\n<div><strong>Riktlinjerna f\u00f6r v\u00e5rd:<\/strong><\/div>\n<div>\n<ul>\n<li>Tv\u00e4tta med liknande f\u00e4rger<\/li>\n<li>Tv\u00e4tta i kallt vatten (upp till 30\u00b0C) p\u00e5 skonsamt program.<\/li>\n<\/ul>\n<\/div>\n<\/div>\n<div><strong>Storlekar p\u00e5 v\u00e5ra modeller:<\/strong><\/div>\n<ul>\n<li>XS: l\u00e4ngd 169 cm, byst x midja x h\u00f6fter: 81 x59 x 88 cm<\/li>\n<li>S: l\u00e4ngd 170 cm, byst x midja x h\u00f6fter: 82 x59 x 90 cm<\/li>\n<li>M: l\u00e4ngd: 169 cm, byst x midja x h\u00f6fter: 85 x63 x 95 cm<\/li>\n<li>L: l\u00e4ngd: 179 cm, byst x midja x h\u00f6fter: 96 x 76 x 106 cm.<\/li>\n<\/ul>\n","protected":false},"excerpt":{"rendered":"<p>Leggings har blivit ett viktigt inslag i n\u00e4stan varje garderob och anv\u00e4nds f\u00f6r b\u00e5de sport och vardagsbruk. V\u00e5ra leggings \u00e4r tillverkade av h\u00f6gkvalitativt, andningsbart, sammetstexturerat och OEKO-Tex-certifierat tyg. N\u00e4r du v\u00e4l b\u00f6rjar b\u00e4ra dem kommer de s\u00e4kert att bli ett av dina favoritplagg! Tyget \u00e4r icke-transparent, vilket s\u00e4kerst\u00e4ller att det f\u00f6rblir ogenomskinligt \u00e4ven under djupa [&hellip;]<\/p>\n","protected":false},"featured_media":23786,"comment_status":"open","ping_status":"closed","template":"","meta":{"_acf_changed":false,"_improvement_type_select":"improve_an_existing","_thumb_yes_seoaic":false,"_frame_yes_seoaic":false,"seoaic_generate_description":"","seoaic_improve_instructions_prompt":"","seoaic_rollback_content_improvement":"","seoaic_idea_thumbnail_generator":"","thumbnail_generated":false,"thumbnail_generate_prompt":"","seoaic_article_description":"","inline_featured_image":false},"product_cat":[225],"product_tag":[],"class_list":{"0":"post-27819","1":"product","2":"type-product","3":"status-publish","4":"has-post-thumbnail","6":"product_cat-klader","8":"first","9":"instock","10":"shipping-taxable","11":"purchasable","12":"product-type-variable"},"acf":[],"yoast_head":"<!-- This site is optimized with the Yoast SEO Premium plugin v27.3 (Yoast SEO v27.3) - https:\/\/yoast.com\/product\/yoast-seo-premium-wordpress\/ -->\n<title>Leggings - Samarali<\/title>\n<meta name=\"robots\" content=\"index, follow, max-snippet:-1, max-image-preview:large, max-video-preview:-1\" \/>\n<link rel=\"canonical\" href=\"https:\/\/samarali.com\/sv\/produkt\/leggings\/\" \/>\n<meta property=\"og:locale\" content=\"sv_SE\" \/>\n<meta property=\"og:type\" content=\"article\" \/>\n<meta property=\"og:title\" content=\"Leggings - Samarali\" \/>\n<meta property=\"og:description\" content=\"Leggings har blivit ett viktigt inslag i n\u00e4stan varje garderob och anv\u00e4nds f\u00f6r b\u00e5de sport och vardagsbruk. V\u00e5ra leggings \u00e4r tillverkade av h\u00f6gkvalitativt, andningsbart, sammetstexturerat och OEKO-Tex-certifierat tyg. N\u00e4r du v\u00e4l b\u00f6rjar b\u00e4ra dem kommer de s\u00e4kert att bli ett av dina favoritplagg! Tyget \u00e4r icke-transparent, vilket s\u00e4kerst\u00e4ller att det f\u00f6rblir ogenomskinligt \u00e4ven under djupa [&hellip;]\" \/>\n<meta property=\"og:url\" content=\"https:\/\/samarali.com\/sv\/produkt\/leggings\/\" \/>\n<meta property=\"og:site_name\" content=\"Samarali\" \/>\n<meta property=\"article:publisher\" content=\"https:\/\/www.facebook.com\/samaraliyoga\" \/>\n<meta property=\"article:modified_time\" content=\"2024-12-31T23:04:46+00:00\" \/>\n<meta property=\"og:image\" content=\"https:\/\/samarali.com\/wp-content\/uploads\/2024\/08\/Yoga-legging-1.jpg\" \/>\n\t<meta property=\"og:image:width\" content=\"830\" \/>\n\t<meta property=\"og:image:height\" content=\"830\" \/>\n\t<meta property=\"og:image:type\" content=\"image\/jpeg\" \/>\n<meta name=\"twitter:card\" content=\"summary_large_image\" \/>\n<meta name=\"twitter:label1\" content=\"Tillg\u00e4nglig\" \/>\n\t<meta name=\"twitter:data1\" content=\"I lager\" \/>\n<script type=\"application\/ld+json\" class=\"yoast-schema-graph\">{\"@context\":\"https:\\\/\\\/schema.org\",\"@graph\":[{\"@type\":\"WebPage\",\"@id\":\"https:\\\/\\\/samarali.com\\\/sv\\\/produkt\\\/leggings\\\/\",\"url\":\"https:\\\/\\\/samarali.com\\\/sv\\\/produkt\\\/leggings\\\/\",\"name\":\"Leggings - Samarali\",\"isPartOf\":{\"@id\":\"https:\\\/\\\/samarali.com\\\/sv\\\/#website\"},\"primaryImageOfPage\":{\"@id\":\"https:\\\/\\\/samarali.com\\\/sv\\\/produkt\\\/leggings\\\/#primaryimage\"},\"image\":{\"@id\":\"https:\\\/\\\/samarali.com\\\/sv\\\/produkt\\\/leggings\\\/#primaryimage\"},\"thumbnailUrl\":\"https:\\\/\\\/samarali.com\\\/wp-content\\\/uploads\\\/2024\\\/08\\\/Legging-top-Blue-13-1.jpg\",\"datePublished\":\"2024-08-08T10:24:42+00:00\",\"dateModified\":\"2024-12-31T23:04:46+00:00\",\"breadcrumb\":{\"@id\":\"https:\\\/\\\/samarali.com\\\/sv\\\/produkt\\\/leggings\\\/#breadcrumb\"},\"inLanguage\":\"sv-SE\",\"potentialAction\":[{\"@type\":\"ReadAction\",\"target\":[\"https:\\\/\\\/samarali.com\\\/sv\\\/produkt\\\/leggings\\\/\"]}]},{\"@type\":\"ImageObject\",\"inLanguage\":\"sv-SE\",\"@id\":\"https:\\\/\\\/samarali.com\\\/sv\\\/produkt\\\/leggings\\\/#primaryimage\",\"url\":\"https:\\\/\\\/samarali.com\\\/wp-content\\\/uploads\\\/2024\\\/08\\\/Legging-top-Blue-13-1.jpg\",\"contentUrl\":\"https:\\\/\\\/samarali.com\\\/wp-content\\\/uploads\\\/2024\\\/08\\\/Legging-top-Blue-13-1.jpg\",\"width\":1000,\"height\":1000,\"caption\":\"Legging topp Bl\u00e5 13 1\"},{\"@type\":\"BreadcrumbList\",\"@id\":\"https:\\\/\\\/samarali.com\\\/sv\\\/produkt\\\/leggings\\\/#breadcrumb\",\"itemListElement\":[{\"@type\":\"ListItem\",\"position\":1,\"name\":\"Hem\",\"item\":\"https:\\\/\\\/samarali.com\\\/sv\\\/hem\\\/\"},{\"@type\":\"ListItem\",\"position\":2,\"name\":\"Butik\",\"item\":\"https:\\\/\\\/samarali.com\\\/sv\\\/butik\\\/\"},{\"@type\":\"ListItem\",\"position\":3,\"name\":\"Leggings\"}]},{\"@type\":\"WebSite\",\"@id\":\"https:\\\/\\\/samarali.com\\\/sv\\\/#website\",\"url\":\"https:\\\/\\\/samarali.com\\\/sv\\\/\",\"name\":\"Samarali\",\"description\":\"Samarali \u00e4r ett h\u00e5llbart yoga- och livsstilsvarum\u00e4rke baserat i Nederl\u00e4nderna\",\"publisher\":{\"@id\":\"https:\\\/\\\/samarali.com\\\/sv\\\/#organization\"},\"potentialAction\":[{\"@type\":\"SearchAction\",\"target\":{\"@type\":\"EntryPoint\",\"urlTemplate\":\"https:\\\/\\\/samarali.com\\\/sv\\\/?s={search_term_string}\"},\"query-input\":{\"@type\":\"PropertyValueSpecification\",\"valueRequired\":true,\"valueName\":\"search_term_string\"}}],\"inLanguage\":\"sv-SE\"},{\"@type\":\"Organization\",\"@id\":\"https:\\\/\\\/samarali.com\\\/sv\\\/#organization\",\"name\":\"Samarali\",\"url\":\"https:\\\/\\\/samarali.com\\\/sv\\\/\",\"logo\":{\"@type\":\"ImageObject\",\"inLanguage\":\"sv-SE\",\"@id\":\"https:\\\/\\\/samarali.com\\\/sv\\\/#\\\/schema\\\/logo\\\/image\\\/\",\"url\":\"https:\\\/\\\/samarali.com\\\/wp-content\\\/uploads\\\/2024\\\/05\\\/cropped-samarali-icon.png\",\"contentUrl\":\"https:\\\/\\\/samarali.com\\\/wp-content\\\/uploads\\\/2024\\\/05\\\/cropped-samarali-icon.png\",\"width\":512,\"height\":512,\"caption\":\"Samarali\"},\"image\":{\"@id\":\"https:\\\/\\\/samarali.com\\\/sv\\\/#\\\/schema\\\/logo\\\/image\\\/\"},\"sameAs\":[\"https:\\\/\\\/www.facebook.com\\\/samaraliyoga\",\"https:\\\/\\\/www.linkedin.com\\\/company\\\/69563155\\\/\",\"https:\\\/\\\/www.instagram.com\\\/samaraliyoga\\\/\",\"https:\\\/\\\/nl.pinterest.com\\\/Samaraliyoga\\\/\"],\"description\":\"Samarali is a sustainable yoga and lifestyle brand based in the Netherlands\",\"email\":\"info@samarali.com\",\"legalName\":\"Samarali B.V.\",\"vatID\":\"NL859820324B01\",\"numberOfEmployees\":{\"@type\":\"QuantitativeValue\",\"minValue\":\"1\",\"maxValue\":\"10\"}}]}<\/script>\n<meta property=\"og:availability\" content=\"instock\" \/>\n<meta property=\"product:availability\" content=\"instock\" \/>\n<meta property=\"product:condition\" content=\"new\" \/>\n<!-- \/ Yoast SEO Premium plugin. -->","yoast_head_json":{"title":"Leggings - Samarali","robots":{"index":"index","follow":"follow","max-snippet":"max-snippet:-1","max-image-preview":"max-image-preview:large","max-video-preview":"max-video-preview:-1"},"canonical":"https:\/\/samarali.com\/sv\/produkt\/leggings\/","og_locale":"sv_SE","og_type":"article","og_title":"Leggings - Samarali","og_description":"Leggings har blivit ett viktigt inslag i n\u00e4stan varje garderob och anv\u00e4nds f\u00f6r b\u00e5de sport och vardagsbruk. V\u00e5ra leggings \u00e4r tillverkade av h\u00f6gkvalitativt, andningsbart, sammetstexturerat och OEKO-Tex-certifierat tyg. N\u00e4r du v\u00e4l b\u00f6rjar b\u00e4ra dem kommer de s\u00e4kert att bli ett av dina favoritplagg! Tyget \u00e4r icke-transparent, vilket s\u00e4kerst\u00e4ller att det f\u00f6rblir ogenomskinligt \u00e4ven under djupa [&hellip;]","og_url":"https:\/\/samarali.com\/sv\/produkt\/leggings\/","og_site_name":"Samarali","article_publisher":"https:\/\/www.facebook.com\/samaraliyoga","article_modified_time":"2024-12-31T23:04:46+00:00","og_image":[{"width":830,"height":830,"url":"https:\/\/samarali.com\/wp-content\/uploads\/2024\/08\/Yoga-legging-1.jpg","type":"image\/jpeg"}],"twitter_card":"summary_large_image","twitter_misc":{"Tillg\u00e4nglig":"I lager"},"schema":{"@context":"https:\/\/schema.org","@graph":[{"@type":"WebPage","@id":"https:\/\/samarali.com\/sv\/produkt\/leggings\/","url":"https:\/\/samarali.com\/sv\/produkt\/leggings\/","name":"Leggings - Samarali","isPartOf":{"@id":"https:\/\/samarali.com\/sv\/#website"},"primaryImageOfPage":{"@id":"https:\/\/samarali.com\/sv\/produkt\/leggings\/#primaryimage"},"image":{"@id":"https:\/\/samarali.com\/sv\/produkt\/leggings\/#primaryimage"},"thumbnailUrl":"https:\/\/samarali.com\/wp-content\/uploads\/2024\/08\/Legging-top-Blue-13-1.jpg","datePublished":"2024-08-08T10:24:42+00:00","dateModified":"2024-12-31T23:04:46+00:00","breadcrumb":{"@id":"https:\/\/samarali.com\/sv\/produkt\/leggings\/#breadcrumb"},"inLanguage":"sv-SE","potentialAction":[{"@type":"ReadAction","target":["https:\/\/samarali.com\/sv\/produkt\/leggings\/"]}]},{"@type":"ImageObject","inLanguage":"sv-SE","@id":"https:\/\/samarali.com\/sv\/produkt\/leggings\/#primaryimage","url":"https:\/\/samarali.com\/wp-content\/uploads\/2024\/08\/Legging-top-Blue-13-1.jpg","contentUrl":"https:\/\/samarali.com\/wp-content\/uploads\/2024\/08\/Legging-top-Blue-13-1.jpg","width":1000,"height":1000,"caption":"Legging topp Bl\u00e5 13 1"},{"@type":"BreadcrumbList","@id":"https:\/\/samarali.com\/sv\/produkt\/leggings\/#breadcrumb","itemListElement":[{"@type":"ListItem","position":1,"name":"Hem","item":"https:\/\/samarali.com\/sv\/hem\/"},{"@type":"ListItem","position":2,"name":"Butik","item":"https:\/\/samarali.com\/sv\/butik\/"},{"@type":"ListItem","position":3,"name":"Leggings"}]},{"@type":"WebSite","@id":"https:\/\/samarali.com\/sv\/#website","url":"https:\/\/samarali.com\/sv\/","name":"Samarali","description":"Samarali \u00e4r ett h\u00e5llbart yoga- och livsstilsvarum\u00e4rke baserat i Nederl\u00e4nderna","publisher":{"@id":"https:\/\/samarali.com\/sv\/#organization"},"potentialAction":[{"@type":"SearchAction","target":{"@type":"EntryPoint","urlTemplate":"https:\/\/samarali.com\/sv\/?s={search_term_string}"},"query-input":{"@type":"PropertyValueSpecification","valueRequired":true,"valueName":"search_term_string"}}],"inLanguage":"sv-SE"},{"@type":"Organization","@id":"https:\/\/samarali.com\/sv\/#organization","name":"Samarali","url":"https:\/\/samarali.com\/sv\/","logo":{"@type":"ImageObject","inLanguage":"sv-SE","@id":"https:\/\/samarali.com\/sv\/#\/schema\/logo\/image\/","url":"https:\/\/samarali.com\/wp-content\/uploads\/2024\/05\/cropped-samarali-icon.png","contentUrl":"https:\/\/samarali.com\/wp-content\/uploads\/2024\/05\/cropped-samarali-icon.png","width":512,"height":512,"caption":"Samarali"},"image":{"@id":"https:\/\/samarali.com\/sv\/#\/schema\/logo\/image\/"},"sameAs":["https:\/\/www.facebook.com\/samaraliyoga","https:\/\/www.linkedin.com\/company\/69563155\/","https:\/\/www.instagram.com\/samaraliyoga\/","https:\/\/nl.pinterest.com\/Samaraliyoga\/"],"description":"Samarali is a sustainable yoga and lifestyle brand based in the Netherlands","email":"info@samarali.com","legalName":"Samarali B.V.","vatID":"NL859820324B01","numberOfEmployees":{"@type":"QuantitativeValue","minValue":"1","maxValue":"10"}}]},"og_availability":"instock","product_availability":"instock","product_condition":"new"},"jetpack_sharing_enabled":true,"_links":{"self":[{"href":"https:\/\/samarali.com\/sv\/wp-json\/wp\/v2\/product\/27819","targetHints":{"allow":["GET"]}}],"collection":[{"href":"https:\/\/samarali.com\/sv\/wp-json\/wp\/v2\/product"}],"about":[{"href":"https:\/\/samarali.com\/sv\/wp-json\/wp\/v2\/types\/product"}],"replies":[{"embeddable":true,"href":"https:\/\/samarali.com\/sv\/wp-json\/wp\/v2\/comments?post=27819"}],"version-history":[{"count":0,"href":"https:\/\/samarali.com\/sv\/wp-json\/wp\/v2\/product\/27819\/revisions"}],"wp:featuredmedia":[{"embeddable":true,"href":"https:\/\/samarali.com\/sv\/wp-json\/wp\/v2\/media\/23786"}],"wp:attachment":[{"href":"https:\/\/samarali.com\/sv\/wp-json\/wp\/v2\/media?parent=27819"}],"wp:term":[{"taxonomy":"product_cat","embeddable":true,"href":"https:\/\/samarali.com\/sv\/wp-json\/wp\/v2\/product_cat?post=27819"},{"taxonomy":"product_tag","embeddable":true,"href":"https:\/\/samarali.com\/sv\/wp-json\/wp\/v2\/product_tag?post=27819"}],"curies":[{"name":"wp","href":"https:\/\/api.w.org\/{rel}","templated":true}]}}