{"id":27818,"date":"2024-08-08T10:04:24","date_gmt":"2024-08-08T08:04:24","guid":{"rendered":"https:\/\/samarali.com\/product\/jumpsuit-serenity\/"},"modified":"2024-08-08T10:04:24","modified_gmt":"2024-08-08T10:04:24","slug":"jumpsuit-serenity","status":"publish","type":"product","link":"https:\/\/samarali.com\/sv\/produkt\/jumpsuit-serenity\/","title":{"rendered":"Jumpsuit Serenity"},"content":{"rendered":"<p>V\u00e5r kollektion av jumpsuits \u00e4r genomt\u00e4nkt designad f\u00f6r alla typer av yoga, fitness\u00f6vningar och vardagskl\u00e4der.<br \/>\nDessa nya jumpsuits \u00e4r etiskt producerade i Ukraina och tillverkade av OEKO-Tex-certifierat tyg.<br \/>\nTygets mjukhet och stretchighet g\u00f6r att dessa jumpsuits \u00e4r ett n\u00f6je att b\u00e4ra, oavsett om du \u00e4gnar dig \u00e5t l\u00e5ngsamma eller aktiva yoga- och fitness\u00f6vningar.<br \/>\nTill skillnad fr\u00e5n andra sportkl\u00e4der, d\u00e4r du kanske st\u00e4ndigt m\u00e5ste justera byxorna eller shortsen under intensiva tr\u00e4ningspass som Power Yoga, sitter v\u00e5ra jumpsuits perfekt p\u00e5 plats, s\u00e5 att du kan r\u00f6ra dig fritt utan distraktion.<br \/>\nDessutom andas det bomullsrika materialet, vilket ger maximal komfort \u00e4ven under de mest utmanande sessionerna.      <strong>Modellstorlekar:<\/strong><\/p>\n<ul>\n<li>F\u00f6r storlek L: l\u00e4ngd 173, 102 x 82 x 112 (byst x midja x h\u00f6fter)<\/li>\n<li>F\u00f6r storlek XS: l\u00e4ngd 165, 81 x 62 x 90 (byst x midja x h\u00f6fter)<\/li>\n<\/ul>\n<p><strong>Tv\u00e4ttr\u00e5d:<\/strong><\/p>\n<ul>\n<li>Tv\u00e4tta med liknande f\u00e4rger<\/li>\n<li>Tv\u00e4tta i kallt vatten (upp till 30\u00b0C) p\u00e5 skonsamt program.<\/li>\n<\/ul>\n","protected":false},"excerpt":{"rendered":"<p>V\u00e5r kollektion av jumpsuits \u00e4r genomt\u00e4nkt designad f\u00f6r alla typer av yoga, fitness\u00f6vningar och vardagskl\u00e4der. Dessa nya jumpsuits \u00e4r etiskt producerade i Ukraina och tillverkade av OEKO-Tex-certifierat tyg. Tygets mjukhet och stretchighet g\u00f6r att dessa jumpsuits \u00e4r ett n\u00f6je att b\u00e4ra, oavsett om du \u00e4gnar dig \u00e5t l\u00e5ngsamma eller aktiva yoga- och fitness\u00f6vningar. Till skillnad [&hellip;]<\/p>\n","protected":false},"featured_media":23516,"comment_status":"open","ping_status":"closed","template":"","meta":{"_acf_changed":false,"_improvement_type_select":"improve_an_existing","_thumb_yes_seoaic":false,"_frame_yes_seoaic":false,"seoaic_generate_description":"","seoaic_improve_instructions_prompt":"","seoaic_rollback_content_improvement":"","seoaic_idea_thumbnail_generator":"","thumbnail_generated":false,"thumbnail_generate_prompt":"","seoaic_article_description":"","inline_featured_image":false},"product_cat":[225],"product_tag":[],"class_list":{"0":"post-27818","1":"product","2":"type-product","3":"status-publish","4":"has-post-thumbnail","6":"product_cat-klader","8":"first","9":"instock","10":"shipping-taxable","11":"purchasable","12":"product-type-variable"},"acf":[],"yoast_head":"<!-- This site is optimized with the Yoast SEO Premium plugin v27.3 (Yoast SEO v27.3) - https:\/\/yoast.com\/product\/yoast-seo-premium-wordpress\/ -->\n<title>Jumpsuit Serenity - Samarali<\/title>\n<meta name=\"robots\" content=\"index, follow, max-snippet:-1, max-image-preview:large, max-video-preview:-1\" \/>\n<link rel=\"canonical\" href=\"https:\/\/samarali.com\/sv\/produkt\/jumpsuit-serenity\/\" \/>\n<meta property=\"og:locale\" content=\"sv_SE\" \/>\n<meta property=\"og:type\" content=\"article\" \/>\n<meta property=\"og:title\" content=\"Jumpsuit Serenity - Samarali\" \/>\n<meta property=\"og:description\" content=\"V\u00e5r kollektion av jumpsuits \u00e4r genomt\u00e4nkt designad f\u00f6r alla typer av yoga, fitness\u00f6vningar och vardagskl\u00e4der. Dessa nya jumpsuits \u00e4r etiskt producerade i Ukraina och tillverkade av OEKO-Tex-certifierat tyg. Tygets mjukhet och stretchighet g\u00f6r att dessa jumpsuits \u00e4r ett n\u00f6je att b\u00e4ra, oavsett om du \u00e4gnar dig \u00e5t l\u00e5ngsamma eller aktiva yoga- och fitness\u00f6vningar. Till skillnad [&hellip;]\" \/>\n<meta property=\"og:url\" content=\"https:\/\/samarali.com\/sv\/produkt\/jumpsuit-serenity\/\" \/>\n<meta property=\"og:site_name\" content=\"Samarali\" \/>\n<meta property=\"article:publisher\" content=\"https:\/\/www.facebook.com\/samaraliyoga\" \/>\n<meta property=\"article:modified_time\" content=\"2024-08-08T10:04:24+00:00\" \/>\n<meta property=\"og:image\" content=\"https:\/\/samarali.com\/wp-content\/uploads\/2024\/08\/Serenity-blue-S-M-6-600x600-1.jpg\" \/>\n\t<meta property=\"og:image:width\" content=\"600\" \/>\n\t<meta property=\"og:image:height\" content=\"600\" \/>\n\t<meta property=\"og:image:type\" content=\"image\/jpeg\" \/>\n<meta name=\"twitter:card\" content=\"summary_large_image\" \/>\n<meta name=\"twitter:label1\" content=\"Tillg\u00e4nglig\" \/>\n\t<meta name=\"twitter:data1\" content=\"I lager\" \/>\n<script type=\"application\/ld+json\" class=\"yoast-schema-graph\">{\"@context\":\"https:\\\/\\\/schema.org\",\"@graph\":[{\"@type\":\"WebPage\",\"@id\":\"https:\\\/\\\/samarali.com\\\/sv\\\/produkt\\\/jumpsuit-serenity\\\/\",\"url\":\"https:\\\/\\\/samarali.com\\\/sv\\\/produkt\\\/jumpsuit-serenity\\\/\",\"name\":\"Jumpsuit Serenity - Samarali\",\"isPartOf\":{\"@id\":\"https:\\\/\\\/samarali.com\\\/sv\\\/#website\"},\"primaryImageOfPage\":{\"@id\":\"https:\\\/\\\/samarali.com\\\/sv\\\/produkt\\\/jumpsuit-serenity\\\/#primaryimage\"},\"image\":{\"@id\":\"https:\\\/\\\/samarali.com\\\/sv\\\/produkt\\\/jumpsuit-serenity\\\/#primaryimage\"},\"thumbnailUrl\":\"https:\\\/\\\/samarali.com\\\/wp-content\\\/uploads\\\/2024\\\/08\\\/Serenity-blue-S-M-6-600x600-1.jpg\",\"datePublished\":\"2024-08-08T08:04:24+00:00\",\"dateModified\":\"2024-08-08T10:04:24+00:00\",\"breadcrumb\":{\"@id\":\"https:\\\/\\\/samarali.com\\\/sv\\\/produkt\\\/jumpsuit-serenity\\\/#breadcrumb\"},\"inLanguage\":\"sv-SE\",\"potentialAction\":[{\"@type\":\"ReadAction\",\"target\":[\"https:\\\/\\\/samarali.com\\\/sv\\\/produkt\\\/jumpsuit-serenity\\\/\"]}]},{\"@type\":\"ImageObject\",\"inLanguage\":\"sv-SE\",\"@id\":\"https:\\\/\\\/samarali.com\\\/sv\\\/produkt\\\/jumpsuit-serenity\\\/#primaryimage\",\"url\":\"https:\\\/\\\/samarali.com\\\/wp-content\\\/uploads\\\/2024\\\/08\\\/Serenity-blue-S-M-6-600x600-1.jpg\",\"contentUrl\":\"https:\\\/\\\/samarali.com\\\/wp-content\\\/uploads\\\/2024\\\/08\\\/Serenity-blue-S-M-6-600x600-1.jpg\",\"width\":600,\"height\":600,\"caption\":\"Serenity blue S M 6 600x600 1\"},{\"@type\":\"BreadcrumbList\",\"@id\":\"https:\\\/\\\/samarali.com\\\/sv\\\/produkt\\\/jumpsuit-serenity\\\/#breadcrumb\",\"itemListElement\":[{\"@type\":\"ListItem\",\"position\":1,\"name\":\"Hem\",\"item\":\"https:\\\/\\\/samarali.com\\\/sv\\\/hem\\\/\"},{\"@type\":\"ListItem\",\"position\":2,\"name\":\"Butik\",\"item\":\"https:\\\/\\\/samarali.com\\\/sv\\\/butik\\\/\"},{\"@type\":\"ListItem\",\"position\":3,\"name\":\"Jumpsuit Serenity\"}]},{\"@type\":\"WebSite\",\"@id\":\"https:\\\/\\\/samarali.com\\\/sv\\\/#website\",\"url\":\"https:\\\/\\\/samarali.com\\\/sv\\\/\",\"name\":\"Samarali\",\"description\":\"Samarali \u00e4r ett h\u00e5llbart yoga- och livsstilsvarum\u00e4rke baserat i Nederl\u00e4nderna\",\"publisher\":{\"@id\":\"https:\\\/\\\/samarali.com\\\/sv\\\/#organization\"},\"potentialAction\":[{\"@type\":\"SearchAction\",\"target\":{\"@type\":\"EntryPoint\",\"urlTemplate\":\"https:\\\/\\\/samarali.com\\\/sv\\\/?s={search_term_string}\"},\"query-input\":{\"@type\":\"PropertyValueSpecification\",\"valueRequired\":true,\"valueName\":\"search_term_string\"}}],\"inLanguage\":\"sv-SE\"},{\"@type\":\"Organization\",\"@id\":\"https:\\\/\\\/samarali.com\\\/sv\\\/#organization\",\"name\":\"Samarali\",\"url\":\"https:\\\/\\\/samarali.com\\\/sv\\\/\",\"logo\":{\"@type\":\"ImageObject\",\"inLanguage\":\"sv-SE\",\"@id\":\"https:\\\/\\\/samarali.com\\\/sv\\\/#\\\/schema\\\/logo\\\/image\\\/\",\"url\":\"https:\\\/\\\/samarali.com\\\/wp-content\\\/uploads\\\/2024\\\/05\\\/cropped-samarali-icon.png\",\"contentUrl\":\"https:\\\/\\\/samarali.com\\\/wp-content\\\/uploads\\\/2024\\\/05\\\/cropped-samarali-icon.png\",\"width\":512,\"height\":512,\"caption\":\"Samarali\"},\"image\":{\"@id\":\"https:\\\/\\\/samarali.com\\\/sv\\\/#\\\/schema\\\/logo\\\/image\\\/\"},\"sameAs\":[\"https:\\\/\\\/www.facebook.com\\\/samaraliyoga\",\"https:\\\/\\\/www.linkedin.com\\\/company\\\/69563155\\\/\",\"https:\\\/\\\/www.instagram.com\\\/samaraliyoga\\\/\",\"https:\\\/\\\/nl.pinterest.com\\\/Samaraliyoga\\\/\"],\"description\":\"Samarali is a sustainable yoga and lifestyle brand based in the Netherlands\",\"email\":\"info@samarali.com\",\"legalName\":\"Samarali B.V.\",\"vatID\":\"NL859820324B01\",\"numberOfEmployees\":{\"@type\":\"QuantitativeValue\",\"minValue\":\"1\",\"maxValue\":\"10\"}}]}<\/script>\n<meta property=\"og:availability\" content=\"instock\" \/>\n<meta property=\"product:availability\" content=\"instock\" \/>\n<meta property=\"product:condition\" content=\"new\" \/>\n<!-- \/ Yoast SEO Premium plugin. -->","yoast_head_json":{"title":"Jumpsuit Serenity - Samarali","robots":{"index":"index","follow":"follow","max-snippet":"max-snippet:-1","max-image-preview":"max-image-preview:large","max-video-preview":"max-video-preview:-1"},"canonical":"https:\/\/samarali.com\/sv\/produkt\/jumpsuit-serenity\/","og_locale":"sv_SE","og_type":"article","og_title":"Jumpsuit Serenity - Samarali","og_description":"V\u00e5r kollektion av jumpsuits \u00e4r genomt\u00e4nkt designad f\u00f6r alla typer av yoga, fitness\u00f6vningar och vardagskl\u00e4der. Dessa nya jumpsuits \u00e4r etiskt producerade i Ukraina och tillverkade av OEKO-Tex-certifierat tyg. Tygets mjukhet och stretchighet g\u00f6r att dessa jumpsuits \u00e4r ett n\u00f6je att b\u00e4ra, oavsett om du \u00e4gnar dig \u00e5t l\u00e5ngsamma eller aktiva yoga- och fitness\u00f6vningar. Till skillnad [&hellip;]","og_url":"https:\/\/samarali.com\/sv\/produkt\/jumpsuit-serenity\/","og_site_name":"Samarali","article_publisher":"https:\/\/www.facebook.com\/samaraliyoga","article_modified_time":"2024-08-08T10:04:24+00:00","og_image":[{"width":600,"height":600,"url":"https:\/\/samarali.com\/wp-content\/uploads\/2024\/08\/Serenity-blue-S-M-6-600x600-1.jpg","type":"image\/jpeg"}],"twitter_card":"summary_large_image","twitter_misc":{"Tillg\u00e4nglig":"I lager"},"schema":{"@context":"https:\/\/schema.org","@graph":[{"@type":"WebPage","@id":"https:\/\/samarali.com\/sv\/produkt\/jumpsuit-serenity\/","url":"https:\/\/samarali.com\/sv\/produkt\/jumpsuit-serenity\/","name":"Jumpsuit Serenity - Samarali","isPartOf":{"@id":"https:\/\/samarali.com\/sv\/#website"},"primaryImageOfPage":{"@id":"https:\/\/samarali.com\/sv\/produkt\/jumpsuit-serenity\/#primaryimage"},"image":{"@id":"https:\/\/samarali.com\/sv\/produkt\/jumpsuit-serenity\/#primaryimage"},"thumbnailUrl":"https:\/\/samarali.com\/wp-content\/uploads\/2024\/08\/Serenity-blue-S-M-6-600x600-1.jpg","datePublished":"2024-08-08T08:04:24+00:00","dateModified":"2024-08-08T10:04:24+00:00","breadcrumb":{"@id":"https:\/\/samarali.com\/sv\/produkt\/jumpsuit-serenity\/#breadcrumb"},"inLanguage":"sv-SE","potentialAction":[{"@type":"ReadAction","target":["https:\/\/samarali.com\/sv\/produkt\/jumpsuit-serenity\/"]}]},{"@type":"ImageObject","inLanguage":"sv-SE","@id":"https:\/\/samarali.com\/sv\/produkt\/jumpsuit-serenity\/#primaryimage","url":"https:\/\/samarali.com\/wp-content\/uploads\/2024\/08\/Serenity-blue-S-M-6-600x600-1.jpg","contentUrl":"https:\/\/samarali.com\/wp-content\/uploads\/2024\/08\/Serenity-blue-S-M-6-600x600-1.jpg","width":600,"height":600,"caption":"Serenity blue S M 6 600x600 1"},{"@type":"BreadcrumbList","@id":"https:\/\/samarali.com\/sv\/produkt\/jumpsuit-serenity\/#breadcrumb","itemListElement":[{"@type":"ListItem","position":1,"name":"Hem","item":"https:\/\/samarali.com\/sv\/hem\/"},{"@type":"ListItem","position":2,"name":"Butik","item":"https:\/\/samarali.com\/sv\/butik\/"},{"@type":"ListItem","position":3,"name":"Jumpsuit Serenity"}]},{"@type":"WebSite","@id":"https:\/\/samarali.com\/sv\/#website","url":"https:\/\/samarali.com\/sv\/","name":"Samarali","description":"Samarali \u00e4r ett h\u00e5llbart yoga- och livsstilsvarum\u00e4rke baserat i Nederl\u00e4nderna","publisher":{"@id":"https:\/\/samarali.com\/sv\/#organization"},"potentialAction":[{"@type":"SearchAction","target":{"@type":"EntryPoint","urlTemplate":"https:\/\/samarali.com\/sv\/?s={search_term_string}"},"query-input":{"@type":"PropertyValueSpecification","valueRequired":true,"valueName":"search_term_string"}}],"inLanguage":"sv-SE"},{"@type":"Organization","@id":"https:\/\/samarali.com\/sv\/#organization","name":"Samarali","url":"https:\/\/samarali.com\/sv\/","logo":{"@type":"ImageObject","inLanguage":"sv-SE","@id":"https:\/\/samarali.com\/sv\/#\/schema\/logo\/image\/","url":"https:\/\/samarali.com\/wp-content\/uploads\/2024\/05\/cropped-samarali-icon.png","contentUrl":"https:\/\/samarali.com\/wp-content\/uploads\/2024\/05\/cropped-samarali-icon.png","width":512,"height":512,"caption":"Samarali"},"image":{"@id":"https:\/\/samarali.com\/sv\/#\/schema\/logo\/image\/"},"sameAs":["https:\/\/www.facebook.com\/samaraliyoga","https:\/\/www.linkedin.com\/company\/69563155\/","https:\/\/www.instagram.com\/samaraliyoga\/","https:\/\/nl.pinterest.com\/Samaraliyoga\/"],"description":"Samarali is a sustainable yoga and lifestyle brand based in the Netherlands","email":"info@samarali.com","legalName":"Samarali B.V.","vatID":"NL859820324B01","numberOfEmployees":{"@type":"QuantitativeValue","minValue":"1","maxValue":"10"}}]},"og_availability":"instock","product_availability":"instock","product_condition":"new"},"jetpack_sharing_enabled":true,"_links":{"self":[{"href":"https:\/\/samarali.com\/sv\/wp-json\/wp\/v2\/product\/27818","targetHints":{"allow":["GET"]}}],"collection":[{"href":"https:\/\/samarali.com\/sv\/wp-json\/wp\/v2\/product"}],"about":[{"href":"https:\/\/samarali.com\/sv\/wp-json\/wp\/v2\/types\/product"}],"replies":[{"embeddable":true,"href":"https:\/\/samarali.com\/sv\/wp-json\/wp\/v2\/comments?post=27818"}],"version-history":[{"count":0,"href":"https:\/\/samarali.com\/sv\/wp-json\/wp\/v2\/product\/27818\/revisions"}],"wp:featuredmedia":[{"embeddable":true,"href":"https:\/\/samarali.com\/sv\/wp-json\/wp\/v2\/media\/23516"}],"wp:attachment":[{"href":"https:\/\/samarali.com\/sv\/wp-json\/wp\/v2\/media?parent=27818"}],"wp:term":[{"taxonomy":"product_cat","embeddable":true,"href":"https:\/\/samarali.com\/sv\/wp-json\/wp\/v2\/product_cat?post=27818"},{"taxonomy":"product_tag","embeddable":true,"href":"https:\/\/samarali.com\/sv\/wp-json\/wp\/v2\/product_tag?post=27818"}],"curies":[{"name":"wp","href":"https:\/\/api.w.org\/{rel}","templated":true}]}}