{"id":27782,"date":"2024-08-08T09:48:24","date_gmt":"2024-08-08T07:48:24","guid":{"rendered":"https:\/\/samarali.com\/product\/jumpsuit-selene\/"},"modified":"2025-01-06T13:42:49","modified_gmt":"2025-01-06T12:42:49","slug":"jumpsuit-selene","status":"publish","type":"product","link":"https:\/\/samarali.com\/sv\/produkt\/jumpsuit-selene\/","title":{"rendered":"Jumpsuit Selene"},"content":{"rendered":"<p>V\u00e5ra jumpsuits \u00e4r s\u00e4rskilt utformade f\u00f6r yoga, fitness och till och med f\u00f6r vardagskl\u00e4der utomhus. De \u00e4r etiskt producerade och tillverkade av OEKO-Tex-certifierade material och har ett andningsbart, stretchigt tyg som h\u00e5ller sig i perfekt form utan att kr\u00e4va n\u00e5gra ytterligare justeringar. Innan du l\u00e4gger en best\u00e4llning, v\u00e4nligen se v\u00e5r storlekstabell nedan. Sk\u00f6tselanvisningar finns p\u00e5 jumpsuitens inre etiketter. F\u00f6rb\u00e4ttra din tr\u00e4ningsstil med v\u00e5r Jumpsuit Selene.<\/p>\n<p>F\u00f6r att uppr\u00e4tth\u00e5lla v\u00e5ra h\u00f6ga kvalitetsstandarder har v\u00e5ra nya jumpsuits testats noggrant av v\u00e5rt team och v\u00e5ra yogis. Jumpsuiten Selene med \u00f6ppen rygg erbjuder inte bara enast\u00e5ende komfort utan \u00e4r ocks\u00e5 ett stilfullt statement som garanterat kommer att f\u00e5 folk att dra p\u00e5 munnen. Om du letar efter ett m\u00e5ngsidigt aktivplagg f\u00f6r dina yogapass \u00e4r Jumpsuit Selene det perfekta valet.<\/p>\n<p><strong>Modellstorlekar:<\/strong><\/p>\n<ul>\n<li>Storlek XL: L\u00e4ngd 170 cm, m\u00e5tt 106 x 87 x 115 cm (byst x midja x h\u00f6fter)<\/li>\n<li>Storlek XS: L\u00e4ngd 165 cm, m\u00e5tt 88 x 60 x 90 cm (byst x midja x h\u00f6fter)<\/li>\n<\/ul>\n<p><strong>Tv\u00e4ttr\u00e5d:<\/strong><\/p>\n<ul>\n<li>Tv\u00e4tta med liknande f\u00e4rger<\/li>\n<li>Tv\u00e4tta i kallt vatten (upp till 30\u00b0C) p\u00e5 skonsamt program.<\/li>\n<\/ul>\n","protected":false},"excerpt":{"rendered":"<p>F\u00f6rb\u00e4ttra din yogapraktik med Jumpsuit Selene. Den \u00e4r designad i ett stretchigt tyg som andas och ger en perfekt balans mellan stil och komfort.<\/p>\n","protected":false},"featured_media":23440,"comment_status":"open","ping_status":"closed","template":"","meta":{"_acf_changed":false,"_improvement_type_select":"improve_an_existing","_thumb_yes_seoaic":false,"_frame_yes_seoaic":false,"seoaic_generate_description":"","seoaic_improve_instructions_prompt":"","seoaic_rollback_content_improvement":"","seoaic_idea_thumbnail_generator":"","thumbnail_generated":false,"thumbnail_generate_prompt":"","seoaic_article_description":"","inline_featured_image":false},"product_cat":[225],"product_tag":[],"class_list":{"0":"post-27782","1":"product","2":"type-product","3":"status-publish","4":"has-post-thumbnail","6":"product_cat-klader","8":"first","9":"instock","10":"shipping-taxable","11":"purchasable","12":"product-type-variable"},"acf":[],"yoast_head":"<!-- This site is optimized with the Yoast SEO Premium plugin v27.3 (Yoast SEO v27.3) - https:\/\/yoast.com\/product\/yoast-seo-premium-wordpress\/ -->\n<title>Jumpsuit Selene - Samarali<\/title>\n<meta name=\"description\" content=\"F\u00f6rb\u00e4ttra din yogapraktik med Jumpsuit Selene. Den \u00e4r designad i ett stretchigt tyg som andas och ger en perfekt balans mellan stil och komfort.\" \/>\n<meta name=\"robots\" content=\"index, follow, max-snippet:-1, max-image-preview:large, max-video-preview:-1\" \/>\n<link rel=\"canonical\" href=\"https:\/\/samarali.com\/sv\/produkt\/jumpsuit-selene\/\" \/>\n<meta property=\"og:locale\" content=\"sv_SE\" \/>\n<meta property=\"og:type\" content=\"article\" \/>\n<meta property=\"og:title\" content=\"Jumpsuit Selene - Samarali\" \/>\n<meta property=\"og:description\" content=\"F\u00f6rb\u00e4ttra din yogapraktik med Jumpsuit Selene. Den \u00e4r designad i ett stretchigt tyg som andas och ger en perfekt balans mellan stil och komfort.\" \/>\n<meta property=\"og:url\" content=\"https:\/\/samarali.com\/sv\/produkt\/jumpsuit-selene\/\" \/>\n<meta property=\"og:site_name\" content=\"Samarali\" \/>\n<meta property=\"article:publisher\" content=\"https:\/\/www.facebook.com\/samaraliyoga\" \/>\n<meta property=\"article:modified_time\" content=\"2025-01-06T12:42:49+00:00\" \/>\n<meta property=\"og:image\" content=\"https:\/\/samarali.com\/wp-content\/uploads\/2024\/08\/Jumpsuit-Selene-S-M-8-600x600-1.jpg\" \/>\n\t<meta property=\"og:image:width\" content=\"600\" \/>\n\t<meta property=\"og:image:height\" content=\"600\" \/>\n\t<meta property=\"og:image:type\" content=\"image\/jpeg\" \/>\n<meta name=\"twitter:card\" content=\"summary_large_image\" \/>\n<meta name=\"twitter:label1\" content=\"Tillg\u00e4nglig\" \/>\n\t<meta name=\"twitter:data1\" content=\"I lager\" \/>\n<script type=\"application\/ld+json\" class=\"yoast-schema-graph\">{\"@context\":\"https:\\\/\\\/schema.org\",\"@graph\":[{\"@type\":\"WebPage\",\"@id\":\"https:\\\/\\\/samarali.com\\\/sv\\\/produkt\\\/jumpsuit-selene\\\/\",\"url\":\"https:\\\/\\\/samarali.com\\\/sv\\\/produkt\\\/jumpsuit-selene\\\/\",\"name\":\"Jumpsuit Selene - Samarali\",\"isPartOf\":{\"@id\":\"https:\\\/\\\/samarali.com\\\/sv\\\/#website\"},\"primaryImageOfPage\":{\"@id\":\"https:\\\/\\\/samarali.com\\\/sv\\\/produkt\\\/jumpsuit-selene\\\/#primaryimage\"},\"image\":{\"@id\":\"https:\\\/\\\/samarali.com\\\/sv\\\/produkt\\\/jumpsuit-selene\\\/#primaryimage\"},\"thumbnailUrl\":\"https:\\\/\\\/samarali.com\\\/wp-content\\\/uploads\\\/2024\\\/08\\\/Jumpsuit-Selene-S-M-8-600x600-1.jpg\",\"datePublished\":\"2024-08-08T07:48:24+00:00\",\"dateModified\":\"2025-01-06T12:42:49+00:00\",\"description\":\"F\u00f6rb\u00e4ttra din yogapraktik med Jumpsuit Selene. Den \u00e4r designad i ett stretchigt tyg som andas och ger en perfekt balans mellan stil och komfort.\",\"breadcrumb\":{\"@id\":\"https:\\\/\\\/samarali.com\\\/sv\\\/produkt\\\/jumpsuit-selene\\\/#breadcrumb\"},\"inLanguage\":\"sv-SE\",\"potentialAction\":[{\"@type\":\"ReadAction\",\"target\":[\"https:\\\/\\\/samarali.com\\\/sv\\\/produkt\\\/jumpsuit-selene\\\/\"]}]},{\"@type\":\"ImageObject\",\"inLanguage\":\"sv-SE\",\"@id\":\"https:\\\/\\\/samarali.com\\\/sv\\\/produkt\\\/jumpsuit-selene\\\/#primaryimage\",\"url\":\"https:\\\/\\\/samarali.com\\\/wp-content\\\/uploads\\\/2024\\\/08\\\/Jumpsuit-Selene-S-M-8-600x600-1.jpg\",\"contentUrl\":\"https:\\\/\\\/samarali.com\\\/wp-content\\\/uploads\\\/2024\\\/08\\\/Jumpsuit-Selene-S-M-8-600x600-1.jpg\",\"width\":600,\"height\":600,\"caption\":\"Jumpsuit Selene S M 8 600x600 1\"},{\"@type\":\"BreadcrumbList\",\"@id\":\"https:\\\/\\\/samarali.com\\\/sv\\\/produkt\\\/jumpsuit-selene\\\/#breadcrumb\",\"itemListElement\":[{\"@type\":\"ListItem\",\"position\":1,\"name\":\"Hem\",\"item\":\"https:\\\/\\\/samarali.com\\\/sv\\\/hem\\\/\"},{\"@type\":\"ListItem\",\"position\":2,\"name\":\"Butik\",\"item\":\"https:\\\/\\\/samarali.com\\\/sv\\\/butik\\\/\"},{\"@type\":\"ListItem\",\"position\":3,\"name\":\"Jumpsuit Selene\"}]},{\"@type\":\"WebSite\",\"@id\":\"https:\\\/\\\/samarali.com\\\/sv\\\/#website\",\"url\":\"https:\\\/\\\/samarali.com\\\/sv\\\/\",\"name\":\"Samarali\",\"description\":\"Samarali \u00e4r ett h\u00e5llbart yoga- och livsstilsvarum\u00e4rke baserat i Nederl\u00e4nderna\",\"publisher\":{\"@id\":\"https:\\\/\\\/samarali.com\\\/sv\\\/#organization\"},\"potentialAction\":[{\"@type\":\"SearchAction\",\"target\":{\"@type\":\"EntryPoint\",\"urlTemplate\":\"https:\\\/\\\/samarali.com\\\/sv\\\/?s={search_term_string}\"},\"query-input\":{\"@type\":\"PropertyValueSpecification\",\"valueRequired\":true,\"valueName\":\"search_term_string\"}}],\"inLanguage\":\"sv-SE\"},{\"@type\":\"Organization\",\"@id\":\"https:\\\/\\\/samarali.com\\\/sv\\\/#organization\",\"name\":\"Samarali\",\"url\":\"https:\\\/\\\/samarali.com\\\/sv\\\/\",\"logo\":{\"@type\":\"ImageObject\",\"inLanguage\":\"sv-SE\",\"@id\":\"https:\\\/\\\/samarali.com\\\/sv\\\/#\\\/schema\\\/logo\\\/image\\\/\",\"url\":\"https:\\\/\\\/samarali.com\\\/wp-content\\\/uploads\\\/2024\\\/05\\\/cropped-samarali-icon.png\",\"contentUrl\":\"https:\\\/\\\/samarali.com\\\/wp-content\\\/uploads\\\/2024\\\/05\\\/cropped-samarali-icon.png\",\"width\":512,\"height\":512,\"caption\":\"Samarali\"},\"image\":{\"@id\":\"https:\\\/\\\/samarali.com\\\/sv\\\/#\\\/schema\\\/logo\\\/image\\\/\"},\"sameAs\":[\"https:\\\/\\\/www.facebook.com\\\/samaraliyoga\",\"https:\\\/\\\/www.linkedin.com\\\/company\\\/69563155\\\/\",\"https:\\\/\\\/www.instagram.com\\\/samaraliyoga\\\/\",\"https:\\\/\\\/nl.pinterest.com\\\/Samaraliyoga\\\/\"],\"description\":\"Samarali is a sustainable yoga and lifestyle brand based in the Netherlands\",\"email\":\"info@samarali.com\",\"legalName\":\"Samarali B.V.\",\"vatID\":\"NL859820324B01\",\"numberOfEmployees\":{\"@type\":\"QuantitativeValue\",\"minValue\":\"1\",\"maxValue\":\"10\"}}]}<\/script>\n<meta property=\"og:availability\" content=\"instock\" \/>\n<meta property=\"product:availability\" content=\"instock\" \/>\n<meta property=\"product:condition\" content=\"new\" \/>\n<!-- \/ Yoast SEO Premium plugin. -->","yoast_head_json":{"title":"Jumpsuit Selene - Samarali","description":"F\u00f6rb\u00e4ttra din yogapraktik med Jumpsuit Selene. Den \u00e4r designad i ett stretchigt tyg som andas och ger en perfekt balans mellan stil och komfort.","robots":{"index":"index","follow":"follow","max-snippet":"max-snippet:-1","max-image-preview":"max-image-preview:large","max-video-preview":"max-video-preview:-1"},"canonical":"https:\/\/samarali.com\/sv\/produkt\/jumpsuit-selene\/","og_locale":"sv_SE","og_type":"article","og_title":"Jumpsuit Selene - Samarali","og_description":"F\u00f6rb\u00e4ttra din yogapraktik med Jumpsuit Selene. Den \u00e4r designad i ett stretchigt tyg som andas och ger en perfekt balans mellan stil och komfort.","og_url":"https:\/\/samarali.com\/sv\/produkt\/jumpsuit-selene\/","og_site_name":"Samarali","article_publisher":"https:\/\/www.facebook.com\/samaraliyoga","article_modified_time":"2025-01-06T12:42:49+00:00","og_image":[{"width":600,"height":600,"url":"https:\/\/samarali.com\/wp-content\/uploads\/2024\/08\/Jumpsuit-Selene-S-M-8-600x600-1.jpg","type":"image\/jpeg"}],"twitter_card":"summary_large_image","twitter_misc":{"Tillg\u00e4nglig":"I lager"},"schema":{"@context":"https:\/\/schema.org","@graph":[{"@type":"WebPage","@id":"https:\/\/samarali.com\/sv\/produkt\/jumpsuit-selene\/","url":"https:\/\/samarali.com\/sv\/produkt\/jumpsuit-selene\/","name":"Jumpsuit Selene - Samarali","isPartOf":{"@id":"https:\/\/samarali.com\/sv\/#website"},"primaryImageOfPage":{"@id":"https:\/\/samarali.com\/sv\/produkt\/jumpsuit-selene\/#primaryimage"},"image":{"@id":"https:\/\/samarali.com\/sv\/produkt\/jumpsuit-selene\/#primaryimage"},"thumbnailUrl":"https:\/\/samarali.com\/wp-content\/uploads\/2024\/08\/Jumpsuit-Selene-S-M-8-600x600-1.jpg","datePublished":"2024-08-08T07:48:24+00:00","dateModified":"2025-01-06T12:42:49+00:00","description":"F\u00f6rb\u00e4ttra din yogapraktik med Jumpsuit Selene. Den \u00e4r designad i ett stretchigt tyg som andas och ger en perfekt balans mellan stil och komfort.","breadcrumb":{"@id":"https:\/\/samarali.com\/sv\/produkt\/jumpsuit-selene\/#breadcrumb"},"inLanguage":"sv-SE","potentialAction":[{"@type":"ReadAction","target":["https:\/\/samarali.com\/sv\/produkt\/jumpsuit-selene\/"]}]},{"@type":"ImageObject","inLanguage":"sv-SE","@id":"https:\/\/samarali.com\/sv\/produkt\/jumpsuit-selene\/#primaryimage","url":"https:\/\/samarali.com\/wp-content\/uploads\/2024\/08\/Jumpsuit-Selene-S-M-8-600x600-1.jpg","contentUrl":"https:\/\/samarali.com\/wp-content\/uploads\/2024\/08\/Jumpsuit-Selene-S-M-8-600x600-1.jpg","width":600,"height":600,"caption":"Jumpsuit Selene S M 8 600x600 1"},{"@type":"BreadcrumbList","@id":"https:\/\/samarali.com\/sv\/produkt\/jumpsuit-selene\/#breadcrumb","itemListElement":[{"@type":"ListItem","position":1,"name":"Hem","item":"https:\/\/samarali.com\/sv\/hem\/"},{"@type":"ListItem","position":2,"name":"Butik","item":"https:\/\/samarali.com\/sv\/butik\/"},{"@type":"ListItem","position":3,"name":"Jumpsuit Selene"}]},{"@type":"WebSite","@id":"https:\/\/samarali.com\/sv\/#website","url":"https:\/\/samarali.com\/sv\/","name":"Samarali","description":"Samarali \u00e4r ett h\u00e5llbart yoga- och livsstilsvarum\u00e4rke baserat i Nederl\u00e4nderna","publisher":{"@id":"https:\/\/samarali.com\/sv\/#organization"},"potentialAction":[{"@type":"SearchAction","target":{"@type":"EntryPoint","urlTemplate":"https:\/\/samarali.com\/sv\/?s={search_term_string}"},"query-input":{"@type":"PropertyValueSpecification","valueRequired":true,"valueName":"search_term_string"}}],"inLanguage":"sv-SE"},{"@type":"Organization","@id":"https:\/\/samarali.com\/sv\/#organization","name":"Samarali","url":"https:\/\/samarali.com\/sv\/","logo":{"@type":"ImageObject","inLanguage":"sv-SE","@id":"https:\/\/samarali.com\/sv\/#\/schema\/logo\/image\/","url":"https:\/\/samarali.com\/wp-content\/uploads\/2024\/05\/cropped-samarali-icon.png","contentUrl":"https:\/\/samarali.com\/wp-content\/uploads\/2024\/05\/cropped-samarali-icon.png","width":512,"height":512,"caption":"Samarali"},"image":{"@id":"https:\/\/samarali.com\/sv\/#\/schema\/logo\/image\/"},"sameAs":["https:\/\/www.facebook.com\/samaraliyoga","https:\/\/www.linkedin.com\/company\/69563155\/","https:\/\/www.instagram.com\/samaraliyoga\/","https:\/\/nl.pinterest.com\/Samaraliyoga\/"],"description":"Samarali is a sustainable yoga and lifestyle brand based in the Netherlands","email":"info@samarali.com","legalName":"Samarali B.V.","vatID":"NL859820324B01","numberOfEmployees":{"@type":"QuantitativeValue","minValue":"1","maxValue":"10"}}]},"og_availability":"instock","product_availability":"instock","product_condition":"new"},"jetpack_sharing_enabled":true,"_links":{"self":[{"href":"https:\/\/samarali.com\/sv\/wp-json\/wp\/v2\/product\/27782","targetHints":{"allow":["GET"]}}],"collection":[{"href":"https:\/\/samarali.com\/sv\/wp-json\/wp\/v2\/product"}],"about":[{"href":"https:\/\/samarali.com\/sv\/wp-json\/wp\/v2\/types\/product"}],"replies":[{"embeddable":true,"href":"https:\/\/samarali.com\/sv\/wp-json\/wp\/v2\/comments?post=27782"}],"version-history":[{"count":1,"href":"https:\/\/samarali.com\/sv\/wp-json\/wp\/v2\/product\/27782\/revisions"}],"predecessor-version":[{"id":32828,"href":"https:\/\/samarali.com\/sv\/wp-json\/wp\/v2\/product\/27782\/revisions\/32828"}],"wp:featuredmedia":[{"embeddable":true,"href":"https:\/\/samarali.com\/sv\/wp-json\/wp\/v2\/media\/23440"}],"wp:attachment":[{"href":"https:\/\/samarali.com\/sv\/wp-json\/wp\/v2\/media?parent=27782"}],"wp:term":[{"taxonomy":"product_cat","embeddable":true,"href":"https:\/\/samarali.com\/sv\/wp-json\/wp\/v2\/product_cat?post=27782"},{"taxonomy":"product_tag","embeddable":true,"href":"https:\/\/samarali.com\/sv\/wp-json\/wp\/v2\/product_tag?post=27782"}],"curies":[{"name":"wp","href":"https:\/\/api.w.org\/{rel}","templated":true}]}}