{"id":37118,"date":"2026-02-16T14:09:19","date_gmt":"2026-02-16T13:09:19","guid":{"rendered":"https:\/\/samarali.com\/gastinlagg\/"},"modified":"2026-02-16T14:35:57","modified_gmt":"2026-02-16T13:35:57","slug":"gastinlagg","status":"publish","type":"page","link":"https:\/\/samarali.com\/sv\/gastinlagg\/","title":{"rendered":"Exklusivt g\u00e4stinl\u00e4gg hos Samarali"},"content":{"rendered":"\t\t<div data-elementor-type=\"wp-page\" data-elementor-id=\"37118\" class=\"elementor elementor-37118 elementor-37111\">\n\t\t\t\t<div class=\"elementor-element elementor-element-5d67f91d e-flex e-con-boxed e-con e-parent\" data-id=\"5d67f91d\" data-element_type=\"container\">\n\t\t\t\t\t<div class=\"e-con-inner\">\n\t\t\t\t<div class=\"elementor-element elementor-element-69ba2c7 elementor-widget elementor-widget-text-editor\" data-id=\"69ba2c7\" data-element_type=\"widget\" data-widget_type=\"text-editor.default\">\n\t\t\t\t<div class=\"elementor-widget-container\">\n\t\t\t\t\t\t\t\t\t<p>\nSamarali tar emot exklusiva g\u00e4stbidrag av h\u00f6g kvalitet till v\u00e5r webbplats.  \nVi prioriterar originellt, v\u00e4ldokumenterat inneh\u00e5ll som ger ett genuint v\u00e4rde f\u00f6r v\u00e5r publik.\n<\/p>\n\n<h3>Riktlinjer f\u00f6r inl\u00e4mning<\/h3>\n<p>\nAlla inl\u00e4mningar m\u00e5ste:\n<\/p>\n\n<ul>\n  <li>vara original och professionellt skriven p\u00e5 engelska (ytterligare spr\u00e5k valfria: FR, DE, SE, NL)<\/li>\n  <li>Erbjuda insiktsfullt och v\u00e4l underbyggt inneh\u00e5ll<\/li>\n  <li>Vara relevant, informativ, trov\u00e4rdig och icke-reklambetonad<\/li>\n  <li>F\u00f6lja v\u00e5ra redaktionella standarder och formateringsregler<\/li>\n  <li>Inkludera trov\u00e4rdiga och p\u00e5litliga k\u00e4llor<\/li>\n<\/ul>\n\n<p>\nBidragen granskas av v\u00e5rt redaktionella team. Vi f\u00f6rbeh\u00e5ller oss r\u00e4tten att redigera eller avvisa inneh\u00e5ll som inte uppfyller v\u00e5ra krav.  \nPublicering bekr\u00e4ftas f\u00f6rst efter godk\u00e4nnande och mottagande av betalning.\n<\/p>\n\n<h3>Investering &amp; placering<\/h3>\n\n<table style=\"width:100%; border-collapse: collapse;\">\n  <thead>\n    <tr>\n      <th style=\"border:1px solid #ddd; padding:10px; text-align:left;\">Service<\/th>\n      <th style=\"border:1px solid #ddd; padding:10px; text-align:left;\">Avgift (exkl. moms)<\/th>\n    <\/tr>\n  <\/thead>\n  <tbody>\n    <tr>\n      <td style=\"border:1px solid #ddd; padding:10px;\">\n  Publicera g\u00e4stinneh\u00e5ll p\u00e5 engelska med 1 backlink\n      <\/td>\n      <td style=\"border:1px solid #ddd; padding:10px;\">\n  \u20ac250\n      <\/td>\n    <\/tr>\n    <tr>\n      <td style=\"border:1px solid #ddd; padding:10px;\">\n  Publicera p\u00e5 ytterligare ett spr\u00e5k med 1 backlink\n      <\/td>\n      <td style=\"border:1px solid #ddd; padding:10px;\">\n  +150 euro per spr\u00e5k\n      <\/td>\n    <\/tr>\n    <tr>\n      <td style=\"border:1px solid #ddd; padding:10px;\">\n  L\u00e4gg till 1 backlink till befintligt inneh\u00e5ll\n      <\/td>\n      <td style=\"border:1px solid #ddd; padding:10px;\">\n  \u20ac100\n      <\/td>\n    <\/tr>\n  <\/tbody>\n<\/table>\n\n<ul>\n  <li>Moms kommer att inkluderas i fakturan.<\/li>\n  <li>Backl\u00e4nkar m\u00e5ste peka p\u00e5 originalsidor av h\u00f6g kvalitet; skr\u00e4ppost eller duplicerat inneh\u00e5ll accepteras inte.<\/li>\n  <li>Publicerat inneh\u00e5ll och backlinks finns kvar p\u00e5 Samarali s\u00e5 l\u00e4nge webbplatsen existerar.<\/li>\n<\/ul>\n\n<h3>Hur du ans\u00f6ker<\/h3>\n<p>\nTillhandah\u00e5lla:\n<\/p>\n\n<ul>\n  <li>F\u00f6reslaget \u00e4mne eller URL f\u00f6r backlink<\/li>\n  <li>F\u00f6rfattarlegitimation<\/li>\n  <li>Eventuella ytterligare spr\u00e5k som beg\u00e4rs<\/li>\n<\/ul>\n\n<p>\nV\u00e5r redaktion kommer att utv\u00e4rdera ditt bidrag och bekr\u00e4fta placeringen f\u00f6r att s\u00e4kerst\u00e4lla att varje bidrag uppfyller v\u00e5ra premiumstandarder.  \nF\u00f6r ytterligare fr\u00e5gor eller f\u00f6rfr\u00e5gningar, skicka e-post till  \n<a href=\"mailto:info@samarali.com\">info@samarali.com.<\/a>\n<\/p>\t\t\t\t\t\t\t\t<\/div>\n\t\t\t\t<\/div>\n\t\t\t\t\t<\/div>\n\t\t\t\t<\/div>\n\t\t\t\t<\/div>\n\t\t","protected":false},"excerpt":{"rendered":"<p>Samarali tar emot exklusiva g\u00e4stbidrag av h\u00f6g kvalitet till v\u00e5r webbplats. Vi prioriterar originellt, v\u00e4ldokumenterat inneh\u00e5ll som ger ett genuint v\u00e4rde f\u00f6r v\u00e5r publik. Riktlinjer f\u00f6r inl\u00e4mning Alla inl\u00e4mningar m\u00e5ste: vara original och professionellt skriven p\u00e5 engelska (ytterligare spr\u00e5k valfria: FR, DE, SE, NL) Erbjuda insiktsfullt och v\u00e4l underbyggt inneh\u00e5ll Vara relevant, informativ, trov\u00e4rdig och [&hellip;]<\/p>\n","protected":false},"author":4,"featured_media":0,"parent":0,"menu_order":0,"comment_status":"closed","ping_status":"closed","template":"","meta":{"_acf_changed":false,"_improvement_type_select":"improve_an_existing","_thumb_yes_seoaic":false,"_frame_yes_seoaic":false,"seoaic_generate_description":"","seoaic_improve_instructions_prompt":"","seoaic_rollback_content_improvement":"","seoaic_idea_thumbnail_generator":"","thumbnail_generated":false,"thumbnail_generate_prompt":"","seoaic_article_description":"","inline_featured_image":false,"footnotes":""},"class_list":["post-37118","page","type-page","status-publish","hentry"],"acf":[],"yoast_head":"<!-- This site is optimized with the Yoast SEO Premium plugin v27.4 (Yoast SEO v27.4) - https:\/\/yoast.com\/product\/yoast-seo-premium-wordpress\/ -->\n<title>Exklusivt g\u00e4stinl\u00e4gg hos Samarali - Samarali<\/title>\n<meta name=\"robots\" content=\"index, follow, max-snippet:-1, max-image-preview:large, max-video-preview:-1\" \/>\n<link rel=\"canonical\" href=\"https:\/\/samarali.com\/sv\/gastinlagg\/\" \/>\n<meta property=\"og:locale\" content=\"sv_SE\" \/>\n<meta property=\"og:type\" content=\"article\" \/>\n<meta property=\"og:title\" content=\"Exklusivt g\u00e4stinl\u00e4gg hos Samarali\" \/>\n<meta property=\"og:description\" content=\"Samarali tar emot exklusiva g\u00e4stbidrag av h\u00f6g kvalitet till v\u00e5r webbplats. Vi prioriterar originellt, v\u00e4ldokumenterat inneh\u00e5ll som ger ett genuint v\u00e4rde f\u00f6r v\u00e5r publik. Riktlinjer f\u00f6r inl\u00e4mning Alla inl\u00e4mningar m\u00e5ste: vara original och professionellt skriven p\u00e5 engelska (ytterligare spr\u00e5k valfria: FR, DE, SE, NL) Erbjuda insiktsfullt och v\u00e4l underbyggt inneh\u00e5ll Vara relevant, informativ, trov\u00e4rdig och [&hellip;]\" \/>\n<meta property=\"og:url\" content=\"https:\/\/samarali.com\/sv\/gastinlagg\/\" \/>\n<meta property=\"og:site_name\" content=\"Samarali\" \/>\n<meta property=\"article:publisher\" content=\"https:\/\/www.facebook.com\/samaraliyoga\" \/>\n<meta property=\"article:modified_time\" content=\"2026-02-16T13:35:57+00:00\" \/>\n<meta property=\"og:image\" content=\"https:\/\/samarali.com\/wp-content\/uploads\/2024\/09\/Natural-rubber-yoga-mats-prune-and-dark-green_16.jpg\" \/>\n\t<meta property=\"og:image:width\" content=\"1000\" \/>\n\t<meta property=\"og:image:height\" content=\"1000\" \/>\n\t<meta property=\"og:image:type\" content=\"image\/jpeg\" \/>\n<meta name=\"twitter:card\" content=\"summary_large_image\" \/>\n<meta name=\"twitter:label1\" content=\"Ber\u00e4knad l\u00e4stid\" \/>\n\t<meta name=\"twitter:data1\" content=\"1 minut\" \/>\n<script type=\"application\/ld+json\" class=\"yoast-schema-graph\">{\"@context\":\"https:\\\/\\\/schema.org\",\"@graph\":[{\"@type\":\"WebPage\",\"@id\":\"https:\\\/\\\/samarali.com\\\/sv\\\/gastinlagg\\\/\",\"url\":\"https:\\\/\\\/samarali.com\\\/sv\\\/gastinlagg\\\/\",\"name\":\"Exklusivt g\u00e4stinl\u00e4gg hos Samarali - Samarali\",\"isPartOf\":{\"@id\":\"https:\\\/\\\/samarali.com\\\/sv\\\/#website\"},\"datePublished\":\"2026-02-16T13:09:19+00:00\",\"dateModified\":\"2026-02-16T13:35:57+00:00\",\"breadcrumb\":{\"@id\":\"https:\\\/\\\/samarali.com\\\/sv\\\/gastinlagg\\\/#breadcrumb\"},\"inLanguage\":\"sv-SE\",\"potentialAction\":[{\"@type\":\"ReadAction\",\"target\":[\"https:\\\/\\\/samarali.com\\\/sv\\\/gastinlagg\\\/\"]}]},{\"@type\":\"BreadcrumbList\",\"@id\":\"https:\\\/\\\/samarali.com\\\/sv\\\/gastinlagg\\\/#breadcrumb\",\"itemListElement\":[{\"@type\":\"ListItem\",\"position\":1,\"name\":\"Hem\",\"item\":\"https:\\\/\\\/samarali.com\\\/sv\\\/hem\\\/\"},{\"@type\":\"ListItem\",\"position\":2,\"name\":\"Exklusivt g\u00e4stinl\u00e4gg hos Samarali\"}]},{\"@type\":\"WebSite\",\"@id\":\"https:\\\/\\\/samarali.com\\\/sv\\\/#website\",\"url\":\"https:\\\/\\\/samarali.com\\\/sv\\\/\",\"name\":\"Samarali\",\"description\":\"Samarali \u00e4r ett h\u00e5llbart yoga- och livsstilsvarum\u00e4rke baserat i Nederl\u00e4nderna\",\"publisher\":{\"@id\":\"https:\\\/\\\/samarali.com\\\/sv\\\/#organization\"},\"potentialAction\":[{\"@type\":\"SearchAction\",\"target\":{\"@type\":\"EntryPoint\",\"urlTemplate\":\"https:\\\/\\\/samarali.com\\\/sv\\\/?s={search_term_string}\"},\"query-input\":{\"@type\":\"PropertyValueSpecification\",\"valueRequired\":true,\"valueName\":\"search_term_string\"}}],\"inLanguage\":\"sv-SE\"},{\"@type\":\"Organization\",\"@id\":\"https:\\\/\\\/samarali.com\\\/sv\\\/#organization\",\"name\":\"Samarali\",\"url\":\"https:\\\/\\\/samarali.com\\\/sv\\\/\",\"logo\":{\"@type\":\"ImageObject\",\"inLanguage\":\"sv-SE\",\"@id\":\"https:\\\/\\\/samarali.com\\\/sv\\\/#\\\/schema\\\/logo\\\/image\\\/\",\"url\":\"https:\\\/\\\/samarali.com\\\/wp-content\\\/uploads\\\/2024\\\/05\\\/cropped-samarali-icon.png\",\"contentUrl\":\"https:\\\/\\\/samarali.com\\\/wp-content\\\/uploads\\\/2024\\\/05\\\/cropped-samarali-icon.png\",\"width\":512,\"height\":512,\"caption\":\"Samarali\"},\"image\":{\"@id\":\"https:\\\/\\\/samarali.com\\\/sv\\\/#\\\/schema\\\/logo\\\/image\\\/\"},\"sameAs\":[\"https:\\\/\\\/www.facebook.com\\\/samaraliyoga\",\"https:\\\/\\\/www.linkedin.com\\\/company\\\/69563155\\\/\",\"https:\\\/\\\/www.instagram.com\\\/samaraliyoga\\\/\",\"https:\\\/\\\/nl.pinterest.com\\\/Samaraliyoga\\\/\"],\"description\":\"Samarali is a sustainable yoga and lifestyle brand based in the Netherlands\",\"email\":\"info@samarali.com\",\"legalName\":\"Samarali B.V.\",\"vatID\":\"NL859820324B01\",\"numberOfEmployees\":{\"@type\":\"QuantitativeValue\",\"minValue\":\"1\",\"maxValue\":\"10\"}}]}<\/script>\n<!-- \/ Yoast SEO Premium plugin. -->","yoast_head_json":{"title":"Exklusivt g\u00e4stinl\u00e4gg hos Samarali - Samarali","robots":{"index":"index","follow":"follow","max-snippet":"max-snippet:-1","max-image-preview":"max-image-preview:large","max-video-preview":"max-video-preview:-1"},"canonical":"https:\/\/samarali.com\/sv\/gastinlagg\/","og_locale":"sv_SE","og_type":"article","og_title":"Exklusivt g\u00e4stinl\u00e4gg hos Samarali","og_description":"Samarali tar emot exklusiva g\u00e4stbidrag av h\u00f6g kvalitet till v\u00e5r webbplats. Vi prioriterar originellt, v\u00e4ldokumenterat inneh\u00e5ll som ger ett genuint v\u00e4rde f\u00f6r v\u00e5r publik. Riktlinjer f\u00f6r inl\u00e4mning Alla inl\u00e4mningar m\u00e5ste: vara original och professionellt skriven p\u00e5 engelska (ytterligare spr\u00e5k valfria: FR, DE, SE, NL) Erbjuda insiktsfullt och v\u00e4l underbyggt inneh\u00e5ll Vara relevant, informativ, trov\u00e4rdig och [&hellip;]","og_url":"https:\/\/samarali.com\/sv\/gastinlagg\/","og_site_name":"Samarali","article_publisher":"https:\/\/www.facebook.com\/samaraliyoga","article_modified_time":"2026-02-16T13:35:57+00:00","og_image":[{"width":1000,"height":1000,"url":"https:\/\/samarali.com\/wp-content\/uploads\/2024\/09\/Natural-rubber-yoga-mats-prune-and-dark-green_16.jpg","type":"image\/jpeg"}],"twitter_card":"summary_large_image","twitter_misc":{"Ber\u00e4knad l\u00e4stid":"1 minut"},"schema":{"@context":"https:\/\/schema.org","@graph":[{"@type":"WebPage","@id":"https:\/\/samarali.com\/sv\/gastinlagg\/","url":"https:\/\/samarali.com\/sv\/gastinlagg\/","name":"Exklusivt g\u00e4stinl\u00e4gg hos Samarali - Samarali","isPartOf":{"@id":"https:\/\/samarali.com\/sv\/#website"},"datePublished":"2026-02-16T13:09:19+00:00","dateModified":"2026-02-16T13:35:57+00:00","breadcrumb":{"@id":"https:\/\/samarali.com\/sv\/gastinlagg\/#breadcrumb"},"inLanguage":"sv-SE","potentialAction":[{"@type":"ReadAction","target":["https:\/\/samarali.com\/sv\/gastinlagg\/"]}]},{"@type":"BreadcrumbList","@id":"https:\/\/samarali.com\/sv\/gastinlagg\/#breadcrumb","itemListElement":[{"@type":"ListItem","position":1,"name":"Hem","item":"https:\/\/samarali.com\/sv\/hem\/"},{"@type":"ListItem","position":2,"name":"Exklusivt g\u00e4stinl\u00e4gg hos Samarali"}]},{"@type":"WebSite","@id":"https:\/\/samarali.com\/sv\/#website","url":"https:\/\/samarali.com\/sv\/","name":"Samarali","description":"Samarali \u00e4r ett h\u00e5llbart yoga- och livsstilsvarum\u00e4rke baserat i Nederl\u00e4nderna","publisher":{"@id":"https:\/\/samarali.com\/sv\/#organization"},"potentialAction":[{"@type":"SearchAction","target":{"@type":"EntryPoint","urlTemplate":"https:\/\/samarali.com\/sv\/?s={search_term_string}"},"query-input":{"@type":"PropertyValueSpecification","valueRequired":true,"valueName":"search_term_string"}}],"inLanguage":"sv-SE"},{"@type":"Organization","@id":"https:\/\/samarali.com\/sv\/#organization","name":"Samarali","url":"https:\/\/samarali.com\/sv\/","logo":{"@type":"ImageObject","inLanguage":"sv-SE","@id":"https:\/\/samarali.com\/sv\/#\/schema\/logo\/image\/","url":"https:\/\/samarali.com\/wp-content\/uploads\/2024\/05\/cropped-samarali-icon.png","contentUrl":"https:\/\/samarali.com\/wp-content\/uploads\/2024\/05\/cropped-samarali-icon.png","width":512,"height":512,"caption":"Samarali"},"image":{"@id":"https:\/\/samarali.com\/sv\/#\/schema\/logo\/image\/"},"sameAs":["https:\/\/www.facebook.com\/samaraliyoga","https:\/\/www.linkedin.com\/company\/69563155\/","https:\/\/www.instagram.com\/samaraliyoga\/","https:\/\/nl.pinterest.com\/Samaraliyoga\/"],"description":"Samarali is a sustainable yoga and lifestyle brand based in the Netherlands","email":"info@samarali.com","legalName":"Samarali B.V.","vatID":"NL859820324B01","numberOfEmployees":{"@type":"QuantitativeValue","minValue":"1","maxValue":"10"}}]}},"jetpack_sharing_enabled":true,"_links":{"self":[{"href":"https:\/\/samarali.com\/sv\/wp-json\/wp\/v2\/pages\/37118","targetHints":{"allow":["GET"]}}],"collection":[{"href":"https:\/\/samarali.com\/sv\/wp-json\/wp\/v2\/pages"}],"about":[{"href":"https:\/\/samarali.com\/sv\/wp-json\/wp\/v2\/types\/page"}],"author":[{"embeddable":true,"href":"https:\/\/samarali.com\/sv\/wp-json\/wp\/v2\/users\/4"}],"replies":[{"embeddable":true,"href":"https:\/\/samarali.com\/sv\/wp-json\/wp\/v2\/comments?post=37118"}],"version-history":[{"count":5,"href":"https:\/\/samarali.com\/sv\/wp-json\/wp\/v2\/pages\/37118\/revisions"}],"predecessor-version":[{"id":37142,"href":"https:\/\/samarali.com\/sv\/wp-json\/wp\/v2\/pages\/37118\/revisions\/37142"}],"wp:attachment":[{"href":"https:\/\/samarali.com\/sv\/wp-json\/wp\/v2\/media?parent=37118"}],"curies":[{"name":"wp","href":"https:\/\/api.w.org\/{rel}","templated":true}]}}