{"id":37050,"date":"2026-02-15T18:25:12","date_gmt":"2026-02-15T17:25:12","guid":{"rendered":"https:\/\/samarali.com\/ansvarsfriskrivning-for-produktansvar\/"},"modified":"2026-02-15T18:33:13","modified_gmt":"2026-02-15T17:33:13","slug":"ansvarsfriskrivning-for-produktansvar","status":"publish","type":"page","link":"https:\/\/samarali.com\/sv\/ansvarsfriskrivning-for-produktansvar\/","title":{"rendered":"Ansvarsfriskrivning f\u00f6r produktansvar"},"content":{"rendered":"\t\t<div data-elementor-type=\"wp-page\" data-elementor-id=\"37050\" class=\"elementor elementor-37050 elementor-37012\">\n\t\t\t\t<div class=\"elementor-element elementor-element-24d04fd6 e-flex e-con-boxed e-con e-parent\" data-id=\"24d04fd6\" data-element_type=\"container\">\n\t\t\t\t\t<div class=\"e-con-inner\">\n\t\t\t\t<div class=\"elementor-element elementor-element-2864ccd9 elementor-widget elementor-widget-text-editor\" data-id=\"2864ccd9\" data-element_type=\"widget\" data-widget_type=\"text-editor.default\">\n\t\t\t\t<div class=\"elementor-widget-container\">\n\t\t\t\t\t\t\t\t\t<h3>Ansvarsfriskrivning f\u00f6r produktanv\u00e4ndning<\/h3>\n<p style=\"margin-bottom: 20px;\">\nSamarali s\u00e4ljer yoga- och fitnessprodukter avsedda f\u00f6r allm\u00e4nt v\u00e4lbefinnande och tr\u00e4ning.\n<\/p>\n\n<ul style=\"margin-bottom: 28px;\">\n  <li>Produkterna \u00e4r inte medicintekniska produkter.<\/li>\n  <li>Anv\u00e4nd produkterna p\u00e5 ett ansvarsfullt s\u00e4tt och enligt anvisningarna.<\/li>\n  <li>R\u00e5dg\u00f6r med sjukv\u00e5rdspersonal innan du b\u00f6rjar med nya tr\u00e4ningsrutiner.<\/li>\n  <li>Samarali ansvarar inte f\u00f6r skador som orsakats av felaktig anv\u00e4ndning, missbruk eller underl\u00e5tenhet att f\u00f6lja s\u00e4kerhetsf\u00f6reskrifterna.<\/li>\n<\/ul>\n\n<h3>Hygien och s\u00e4kerhet<\/h3>\n<p style=\"margin-bottom: 28px;\">\nB\u00e4rbar utrustning och yogautrustning ska anv\u00e4ndas p\u00e5 ett hygieniskt och ansvarsfullt s\u00e4tt.\n<\/p>\n\t\t\t\t\t\t\t\t<\/div>\n\t\t\t\t<\/div>\n\t\t\t\t\t<\/div>\n\t\t\t\t<\/div>\n\t\t\t\t<\/div>\n\t\t","protected":false},"excerpt":{"rendered":"<p>Ansvarsfriskrivning f\u00f6r produktanv\u00e4ndning Samarali s\u00e4ljer yoga- och fitnessprodukter avsedda f\u00f6r allm\u00e4nt v\u00e4lbefinnande och tr\u00e4ning. Produkterna \u00e4r inte medicintekniska produkter. Anv\u00e4nd produkterna p\u00e5 ett ansvarsfullt s\u00e4tt och enligt anvisningarna. R\u00e5dg\u00f6r med sjukv\u00e5rdspersonal innan du b\u00f6rjar med nya tr\u00e4ningsrutiner. Samarali ansvarar inte f\u00f6r skador som orsakats av felaktig anv\u00e4ndning, missbruk eller underl\u00e5tenhet att f\u00f6lja s\u00e4kerhetsf\u00f6reskrifterna. Hygien och [&hellip;]<\/p>\n","protected":false},"author":4,"featured_media":0,"parent":0,"menu_order":0,"comment_status":"closed","ping_status":"closed","template":"","meta":{"_acf_changed":false,"_improvement_type_select":"improve_an_existing","_thumb_yes_seoaic":false,"_frame_yes_seoaic":false,"seoaic_generate_description":"","seoaic_improve_instructions_prompt":"","seoaic_rollback_content_improvement":"","seoaic_idea_thumbnail_generator":"","thumbnail_generated":false,"thumbnail_generate_prompt":"","seoaic_article_description":"","inline_featured_image":false,"footnotes":""},"class_list":["post-37050","page","type-page","status-publish","hentry"],"acf":[],"yoast_head":"<!-- This site is optimized with the Yoast SEO Premium plugin v27.4 (Yoast SEO v27.4) - https:\/\/yoast.com\/product\/yoast-seo-premium-wordpress\/ -->\n<title>Ansvarsfriskrivning f\u00f6r produktansvar - Samarali<\/title>\n<meta name=\"robots\" content=\"index, follow, max-snippet:-1, max-image-preview:large, max-video-preview:-1\" \/>\n<link rel=\"canonical\" href=\"https:\/\/samarali.com\/sv\/ansvarsfriskrivning-for-produktansvar\/\" \/>\n<meta property=\"og:locale\" content=\"sv_SE\" \/>\n<meta property=\"og:type\" content=\"article\" \/>\n<meta property=\"og:title\" content=\"Ansvarsfriskrivning f\u00f6r produktansvar\" \/>\n<meta property=\"og:description\" content=\"Ansvarsfriskrivning f\u00f6r produktanv\u00e4ndning Samarali s\u00e4ljer yoga- och fitnessprodukter avsedda f\u00f6r allm\u00e4nt v\u00e4lbefinnande och tr\u00e4ning. Produkterna \u00e4r inte medicintekniska produkter. Anv\u00e4nd produkterna p\u00e5 ett ansvarsfullt s\u00e4tt och enligt anvisningarna. R\u00e5dg\u00f6r med sjukv\u00e5rdspersonal innan du b\u00f6rjar med nya tr\u00e4ningsrutiner. Samarali ansvarar inte f\u00f6r skador som orsakats av felaktig anv\u00e4ndning, missbruk eller underl\u00e5tenhet att f\u00f6lja s\u00e4kerhetsf\u00f6reskrifterna. Hygien och [&hellip;]\" \/>\n<meta property=\"og:url\" content=\"https:\/\/samarali.com\/sv\/ansvarsfriskrivning-for-produktansvar\/\" \/>\n<meta property=\"og:site_name\" content=\"Samarali\" \/>\n<meta property=\"article:publisher\" content=\"https:\/\/www.facebook.com\/samaraliyoga\" \/>\n<meta property=\"article:modified_time\" content=\"2026-02-15T17:33:13+00:00\" \/>\n<meta property=\"og:image\" content=\"https:\/\/samarali.com\/wp-content\/uploads\/2024\/09\/Natural-rubber-yoga-mats-prune-and-dark-green_16.jpg\" \/>\n\t<meta property=\"og:image:width\" content=\"1000\" \/>\n\t<meta property=\"og:image:height\" content=\"1000\" \/>\n\t<meta property=\"og:image:type\" content=\"image\/jpeg\" \/>\n<meta name=\"twitter:card\" content=\"summary_large_image\" \/>\n<script type=\"application\/ld+json\" class=\"yoast-schema-graph\">{\"@context\":\"https:\\\/\\\/schema.org\",\"@graph\":[{\"@type\":\"WebPage\",\"@id\":\"https:\\\/\\\/samarali.com\\\/sv\\\/ansvarsfriskrivning-for-produktansvar\\\/\",\"url\":\"https:\\\/\\\/samarali.com\\\/sv\\\/ansvarsfriskrivning-for-produktansvar\\\/\",\"name\":\"Ansvarsfriskrivning f\u00f6r produktansvar - Samarali\",\"isPartOf\":{\"@id\":\"https:\\\/\\\/samarali.com\\\/sv\\\/#website\"},\"datePublished\":\"2026-02-15T17:25:12+00:00\",\"dateModified\":\"2026-02-15T17:33:13+00:00\",\"breadcrumb\":{\"@id\":\"https:\\\/\\\/samarali.com\\\/sv\\\/ansvarsfriskrivning-for-produktansvar\\\/#breadcrumb\"},\"inLanguage\":\"sv-SE\",\"potentialAction\":[{\"@type\":\"ReadAction\",\"target\":[\"https:\\\/\\\/samarali.com\\\/sv\\\/ansvarsfriskrivning-for-produktansvar\\\/\"]}]},{\"@type\":\"BreadcrumbList\",\"@id\":\"https:\\\/\\\/samarali.com\\\/sv\\\/ansvarsfriskrivning-for-produktansvar\\\/#breadcrumb\",\"itemListElement\":[{\"@type\":\"ListItem\",\"position\":1,\"name\":\"Hem\",\"item\":\"https:\\\/\\\/samarali.com\\\/sv\\\/hem\\\/\"},{\"@type\":\"ListItem\",\"position\":2,\"name\":\"Ansvarsfriskrivning f\u00f6r produktansvar\"}]},{\"@type\":\"WebSite\",\"@id\":\"https:\\\/\\\/samarali.com\\\/sv\\\/#website\",\"url\":\"https:\\\/\\\/samarali.com\\\/sv\\\/\",\"name\":\"Samarali\",\"description\":\"Samarali \u00e4r ett h\u00e5llbart yoga- och livsstilsvarum\u00e4rke baserat i Nederl\u00e4nderna\",\"publisher\":{\"@id\":\"https:\\\/\\\/samarali.com\\\/sv\\\/#organization\"},\"potentialAction\":[{\"@type\":\"SearchAction\",\"target\":{\"@type\":\"EntryPoint\",\"urlTemplate\":\"https:\\\/\\\/samarali.com\\\/sv\\\/?s={search_term_string}\"},\"query-input\":{\"@type\":\"PropertyValueSpecification\",\"valueRequired\":true,\"valueName\":\"search_term_string\"}}],\"inLanguage\":\"sv-SE\"},{\"@type\":\"Organization\",\"@id\":\"https:\\\/\\\/samarali.com\\\/sv\\\/#organization\",\"name\":\"Samarali\",\"url\":\"https:\\\/\\\/samarali.com\\\/sv\\\/\",\"logo\":{\"@type\":\"ImageObject\",\"inLanguage\":\"sv-SE\",\"@id\":\"https:\\\/\\\/samarali.com\\\/sv\\\/#\\\/schema\\\/logo\\\/image\\\/\",\"url\":\"https:\\\/\\\/samarali.com\\\/wp-content\\\/uploads\\\/2024\\\/05\\\/cropped-samarali-icon.png\",\"contentUrl\":\"https:\\\/\\\/samarali.com\\\/wp-content\\\/uploads\\\/2024\\\/05\\\/cropped-samarali-icon.png\",\"width\":512,\"height\":512,\"caption\":\"Samarali\"},\"image\":{\"@id\":\"https:\\\/\\\/samarali.com\\\/sv\\\/#\\\/schema\\\/logo\\\/image\\\/\"},\"sameAs\":[\"https:\\\/\\\/www.facebook.com\\\/samaraliyoga\",\"https:\\\/\\\/www.linkedin.com\\\/company\\\/69563155\\\/\",\"https:\\\/\\\/www.instagram.com\\\/samaraliyoga\\\/\",\"https:\\\/\\\/nl.pinterest.com\\\/Samaraliyoga\\\/\"],\"description\":\"Samarali is a sustainable yoga and lifestyle brand based in the Netherlands\",\"email\":\"info@samarali.com\",\"legalName\":\"Samarali B.V.\",\"vatID\":\"NL859820324B01\",\"numberOfEmployees\":{\"@type\":\"QuantitativeValue\",\"minValue\":\"1\",\"maxValue\":\"10\"}}]}<\/script>\n<!-- \/ Yoast SEO Premium plugin. -->","yoast_head_json":{"title":"Ansvarsfriskrivning f\u00f6r produktansvar - Samarali","robots":{"index":"index","follow":"follow","max-snippet":"max-snippet:-1","max-image-preview":"max-image-preview:large","max-video-preview":"max-video-preview:-1"},"canonical":"https:\/\/samarali.com\/sv\/ansvarsfriskrivning-for-produktansvar\/","og_locale":"sv_SE","og_type":"article","og_title":"Ansvarsfriskrivning f\u00f6r produktansvar","og_description":"Ansvarsfriskrivning f\u00f6r produktanv\u00e4ndning Samarali s\u00e4ljer yoga- och fitnessprodukter avsedda f\u00f6r allm\u00e4nt v\u00e4lbefinnande och tr\u00e4ning. Produkterna \u00e4r inte medicintekniska produkter. Anv\u00e4nd produkterna p\u00e5 ett ansvarsfullt s\u00e4tt och enligt anvisningarna. R\u00e5dg\u00f6r med sjukv\u00e5rdspersonal innan du b\u00f6rjar med nya tr\u00e4ningsrutiner. Samarali ansvarar inte f\u00f6r skador som orsakats av felaktig anv\u00e4ndning, missbruk eller underl\u00e5tenhet att f\u00f6lja s\u00e4kerhetsf\u00f6reskrifterna. Hygien och [&hellip;]","og_url":"https:\/\/samarali.com\/sv\/ansvarsfriskrivning-for-produktansvar\/","og_site_name":"Samarali","article_publisher":"https:\/\/www.facebook.com\/samaraliyoga","article_modified_time":"2026-02-15T17:33:13+00:00","og_image":[{"width":1000,"height":1000,"url":"https:\/\/samarali.com\/wp-content\/uploads\/2024\/09\/Natural-rubber-yoga-mats-prune-and-dark-green_16.jpg","type":"image\/jpeg"}],"twitter_card":"summary_large_image","schema":{"@context":"https:\/\/schema.org","@graph":[{"@type":"WebPage","@id":"https:\/\/samarali.com\/sv\/ansvarsfriskrivning-for-produktansvar\/","url":"https:\/\/samarali.com\/sv\/ansvarsfriskrivning-for-produktansvar\/","name":"Ansvarsfriskrivning f\u00f6r produktansvar - Samarali","isPartOf":{"@id":"https:\/\/samarali.com\/sv\/#website"},"datePublished":"2026-02-15T17:25:12+00:00","dateModified":"2026-02-15T17:33:13+00:00","breadcrumb":{"@id":"https:\/\/samarali.com\/sv\/ansvarsfriskrivning-for-produktansvar\/#breadcrumb"},"inLanguage":"sv-SE","potentialAction":[{"@type":"ReadAction","target":["https:\/\/samarali.com\/sv\/ansvarsfriskrivning-for-produktansvar\/"]}]},{"@type":"BreadcrumbList","@id":"https:\/\/samarali.com\/sv\/ansvarsfriskrivning-for-produktansvar\/#breadcrumb","itemListElement":[{"@type":"ListItem","position":1,"name":"Hem","item":"https:\/\/samarali.com\/sv\/hem\/"},{"@type":"ListItem","position":2,"name":"Ansvarsfriskrivning f\u00f6r produktansvar"}]},{"@type":"WebSite","@id":"https:\/\/samarali.com\/sv\/#website","url":"https:\/\/samarali.com\/sv\/","name":"Samarali","description":"Samarali \u00e4r ett h\u00e5llbart yoga- och livsstilsvarum\u00e4rke baserat i Nederl\u00e4nderna","publisher":{"@id":"https:\/\/samarali.com\/sv\/#organization"},"potentialAction":[{"@type":"SearchAction","target":{"@type":"EntryPoint","urlTemplate":"https:\/\/samarali.com\/sv\/?s={search_term_string}"},"query-input":{"@type":"PropertyValueSpecification","valueRequired":true,"valueName":"search_term_string"}}],"inLanguage":"sv-SE"},{"@type":"Organization","@id":"https:\/\/samarali.com\/sv\/#organization","name":"Samarali","url":"https:\/\/samarali.com\/sv\/","logo":{"@type":"ImageObject","inLanguage":"sv-SE","@id":"https:\/\/samarali.com\/sv\/#\/schema\/logo\/image\/","url":"https:\/\/samarali.com\/wp-content\/uploads\/2024\/05\/cropped-samarali-icon.png","contentUrl":"https:\/\/samarali.com\/wp-content\/uploads\/2024\/05\/cropped-samarali-icon.png","width":512,"height":512,"caption":"Samarali"},"image":{"@id":"https:\/\/samarali.com\/sv\/#\/schema\/logo\/image\/"},"sameAs":["https:\/\/www.facebook.com\/samaraliyoga","https:\/\/www.linkedin.com\/company\/69563155\/","https:\/\/www.instagram.com\/samaraliyoga\/","https:\/\/nl.pinterest.com\/Samaraliyoga\/"],"description":"Samarali is a sustainable yoga and lifestyle brand based in the Netherlands","email":"info@samarali.com","legalName":"Samarali B.V.","vatID":"NL859820324B01","numberOfEmployees":{"@type":"QuantitativeValue","minValue":"1","maxValue":"10"}}]}},"jetpack_sharing_enabled":true,"_links":{"self":[{"href":"https:\/\/samarali.com\/sv\/wp-json\/wp\/v2\/pages\/37050","targetHints":{"allow":["GET"]}}],"collection":[{"href":"https:\/\/samarali.com\/sv\/wp-json\/wp\/v2\/pages"}],"about":[{"href":"https:\/\/samarali.com\/sv\/wp-json\/wp\/v2\/types\/page"}],"author":[{"embeddable":true,"href":"https:\/\/samarali.com\/sv\/wp-json\/wp\/v2\/users\/4"}],"replies":[{"embeddable":true,"href":"https:\/\/samarali.com\/sv\/wp-json\/wp\/v2\/comments?post=37050"}],"version-history":[{"count":1,"href":"https:\/\/samarali.com\/sv\/wp-json\/wp\/v2\/pages\/37050\/revisions"}],"predecessor-version":[{"id":37051,"href":"https:\/\/samarali.com\/sv\/wp-json\/wp\/v2\/pages\/37050\/revisions\/37051"}],"wp:attachment":[{"href":"https:\/\/samarali.com\/sv\/wp-json\/wp\/v2\/media?parent=37050"}],"curies":[{"name":"wp","href":"https:\/\/api.w.org\/{rel}","templated":true}]}}