{"id":37042,"date":"2026-02-15T18:23:57","date_gmt":"2026-02-15T17:23:57","guid":{"rendered":"https:\/\/samarali.com\/policy-for-cookies\/"},"modified":"2026-02-15T18:32:50","modified_gmt":"2026-02-15T17:32:50","slug":"policy-for-cookies","status":"publish","type":"page","link":"https:\/\/samarali.com\/sv\/policy-for-cookies\/","title":{"rendered":"Policy f\u00f6r cookies"},"content":{"rendered":"\t\t<div data-elementor-type=\"wp-page\" data-elementor-id=\"37042\" class=\"elementor elementor-37042 elementor-37007\">\n\t\t\t\t<div class=\"elementor-element elementor-element-1c972e7d e-flex e-con-boxed e-con e-parent\" data-id=\"1c972e7d\" data-element_type=\"container\">\n\t\t\t\t\t<div class=\"e-con-inner\">\n\t\t\t\t<div class=\"elementor-element elementor-element-13148ad1 elementor-widget elementor-widget-text-editor\" data-id=\"13148ad1\" data-element_type=\"widget\" data-widget_type=\"text-editor.default\">\n\t\t\t\t<div class=\"elementor-widget-container\">\n\t\t\t\t\t\t\t\t\t<h3>Anv\u00e4ndning av cookies<\/h3>\n<p style=\"margin-bottom: 28px;\">\nVi anv\u00e4nder cookies f\u00f6r att f\u00f6rb\u00e4ttra din upplevelse.\n<\/p>\n\n<h3>Typer av cookies<\/h3>\n<ul style=\"margin-bottom: 28px;\">\n  <li><strong>Viktigt:<\/strong> kassa, inloggning, kundvagnsfunktionalitet<\/li>\n  <li><strong>Analys:<\/strong> f\u00f6rst\u00e5 hur webbplatsen anv\u00e4nds (t.ex. Google Analytics)<\/li>\n  <li><strong>Marknadsf\u00f6ring:<\/strong> personligt anpassad reklam och sp\u00e5rning<\/li>\n<\/ul>\n\n<h3>Samtycke<\/h3>\n<p style=\"margin-bottom: 28px;\">\nIcke-v\u00e4sentliga cookies placeras endast efter ditt samtycke via v\u00e5r cookie-banner.\n<\/p>\n\n<h3>Hantering av cookies<\/h3>\n<p style=\"margin-bottom: 40px;\">\nDu kan \u00e4ndra inst\u00e4llningarna via din webbl\u00e4sare eller cookie-inst\u00e4llningspanelen.\n<\/p>\n\n<h3>Cookie Banner Text<\/h3>\n<p style=\"margin-bottom: 20px;\">\nVi anv\u00e4nder cookies f\u00f6r att f\u00f6rb\u00e4ttra din shoppingupplevelse, analysera trafik och anpassa inneh\u00e5ll.\n<\/p>\n<p style=\"margin-bottom: 20px;\">\nDu kan acceptera alla cookies eller hantera dina preferenser. Viktiga cookies \u00e4r alltid aktiva.\n<\/p>\n\n<h3>Bannerknappar<\/h3>\n<ul style=\"margin-bottom: 28px;\">\n  <li>Acceptera<\/li>\n  <li>F\u00f6rneka<\/li>\n  <li>Visa inst\u00e4llningar<\/li>\n<\/ul>\n\t\t\t\t\t\t\t\t<\/div>\n\t\t\t\t<\/div>\n\t\t\t\t\t<\/div>\n\t\t\t\t<\/div>\n\t\t\t\t<\/div>\n\t\t","protected":false},"excerpt":{"rendered":"<p>Anv\u00e4ndning av cookies Vi anv\u00e4nder cookies f\u00f6r att f\u00f6rb\u00e4ttra din upplevelse. Typer av cookies Viktigt: kassa, inloggning, kundvagnsfunktionalitet Analys: f\u00f6rst\u00e5 hur webbplatsen anv\u00e4nds (t.ex. Google Analytics) Marknadsf\u00f6ring: personligt anpassad reklam och sp\u00e5rning Samtycke Icke-v\u00e4sentliga cookies placeras endast efter ditt samtycke via v\u00e5r cookie-banner. Hantering av cookies Du kan \u00e4ndra inst\u00e4llningarna via din webbl\u00e4sare eller cookie-inst\u00e4llningspanelen. [&hellip;]<\/p>\n","protected":false},"author":4,"featured_media":0,"parent":0,"menu_order":0,"comment_status":"closed","ping_status":"closed","template":"","meta":{"_acf_changed":false,"_improvement_type_select":"improve_an_existing","_thumb_yes_seoaic":false,"_frame_yes_seoaic":false,"seoaic_generate_description":"","seoaic_improve_instructions_prompt":"","seoaic_rollback_content_improvement":"","seoaic_idea_thumbnail_generator":"","thumbnail_generated":false,"thumbnail_generate_prompt":"","seoaic_article_description":"","inline_featured_image":false,"footnotes":""},"class_list":["post-37042","page","type-page","status-publish","hentry"],"acf":[],"yoast_head":"<!-- This site is optimized with the Yoast SEO Premium plugin v27.4 (Yoast SEO v27.4) - https:\/\/yoast.com\/product\/yoast-seo-premium-wordpress\/ -->\n<title>Policy f\u00f6r cookies - Samarali<\/title>\n<meta name=\"robots\" content=\"index, follow, max-snippet:-1, max-image-preview:large, max-video-preview:-1\" \/>\n<link rel=\"canonical\" href=\"https:\/\/samarali.com\/sv\/policy-for-cookies\/\" \/>\n<meta property=\"og:locale\" content=\"sv_SE\" \/>\n<meta property=\"og:type\" content=\"article\" \/>\n<meta property=\"og:title\" content=\"Policy f\u00f6r cookies\" \/>\n<meta property=\"og:description\" content=\"Anv\u00e4ndning av cookies Vi anv\u00e4nder cookies f\u00f6r att f\u00f6rb\u00e4ttra din upplevelse. Typer av cookies Viktigt: kassa, inloggning, kundvagnsfunktionalitet Analys: f\u00f6rst\u00e5 hur webbplatsen anv\u00e4nds (t.ex. Google Analytics) Marknadsf\u00f6ring: personligt anpassad reklam och sp\u00e5rning Samtycke Icke-v\u00e4sentliga cookies placeras endast efter ditt samtycke via v\u00e5r cookie-banner. Hantering av cookies Du kan \u00e4ndra inst\u00e4llningarna via din webbl\u00e4sare eller cookie-inst\u00e4llningspanelen. [&hellip;]\" \/>\n<meta property=\"og:url\" content=\"https:\/\/samarali.com\/sv\/policy-for-cookies\/\" \/>\n<meta property=\"og:site_name\" content=\"Samarali\" \/>\n<meta property=\"article:publisher\" content=\"https:\/\/www.facebook.com\/samaraliyoga\" \/>\n<meta property=\"article:modified_time\" content=\"2026-02-15T17:32:50+00:00\" \/>\n<meta property=\"og:image\" content=\"https:\/\/samarali.com\/wp-content\/uploads\/2024\/09\/Natural-rubber-yoga-mats-prune-and-dark-green_16.jpg\" \/>\n\t<meta property=\"og:image:width\" content=\"1000\" \/>\n\t<meta property=\"og:image:height\" content=\"1000\" \/>\n\t<meta property=\"og:image:type\" content=\"image\/jpeg\" \/>\n<meta name=\"twitter:card\" content=\"summary_large_image\" \/>\n<meta name=\"twitter:label1\" content=\"Ber\u00e4knad l\u00e4stid\" \/>\n\t<meta name=\"twitter:data1\" content=\"1 minut\" \/>\n<script type=\"application\/ld+json\" class=\"yoast-schema-graph\">{\"@context\":\"https:\\\/\\\/schema.org\",\"@graph\":[{\"@type\":\"WebPage\",\"@id\":\"https:\\\/\\\/samarali.com\\\/sv\\\/policy-for-cookies\\\/\",\"url\":\"https:\\\/\\\/samarali.com\\\/sv\\\/policy-for-cookies\\\/\",\"name\":\"Policy f\u00f6r cookies - Samarali\",\"isPartOf\":{\"@id\":\"https:\\\/\\\/samarali.com\\\/sv\\\/#website\"},\"datePublished\":\"2026-02-15T17:23:57+00:00\",\"dateModified\":\"2026-02-15T17:32:50+00:00\",\"breadcrumb\":{\"@id\":\"https:\\\/\\\/samarali.com\\\/sv\\\/policy-for-cookies\\\/#breadcrumb\"},\"inLanguage\":\"sv-SE\",\"potentialAction\":[{\"@type\":\"ReadAction\",\"target\":[\"https:\\\/\\\/samarali.com\\\/sv\\\/policy-for-cookies\\\/\"]}]},{\"@type\":\"BreadcrumbList\",\"@id\":\"https:\\\/\\\/samarali.com\\\/sv\\\/policy-for-cookies\\\/#breadcrumb\",\"itemListElement\":[{\"@type\":\"ListItem\",\"position\":1,\"name\":\"Hem\",\"item\":\"https:\\\/\\\/samarali.com\\\/sv\\\/hem\\\/\"},{\"@type\":\"ListItem\",\"position\":2,\"name\":\"Policy f\u00f6r cookies\"}]},{\"@type\":\"WebSite\",\"@id\":\"https:\\\/\\\/samarali.com\\\/sv\\\/#website\",\"url\":\"https:\\\/\\\/samarali.com\\\/sv\\\/\",\"name\":\"Samarali\",\"description\":\"Samarali \u00e4r ett h\u00e5llbart yoga- och livsstilsvarum\u00e4rke baserat i Nederl\u00e4nderna\",\"publisher\":{\"@id\":\"https:\\\/\\\/samarali.com\\\/sv\\\/#organization\"},\"potentialAction\":[{\"@type\":\"SearchAction\",\"target\":{\"@type\":\"EntryPoint\",\"urlTemplate\":\"https:\\\/\\\/samarali.com\\\/sv\\\/?s={search_term_string}\"},\"query-input\":{\"@type\":\"PropertyValueSpecification\",\"valueRequired\":true,\"valueName\":\"search_term_string\"}}],\"inLanguage\":\"sv-SE\"},{\"@type\":\"Organization\",\"@id\":\"https:\\\/\\\/samarali.com\\\/sv\\\/#organization\",\"name\":\"Samarali\",\"url\":\"https:\\\/\\\/samarali.com\\\/sv\\\/\",\"logo\":{\"@type\":\"ImageObject\",\"inLanguage\":\"sv-SE\",\"@id\":\"https:\\\/\\\/samarali.com\\\/sv\\\/#\\\/schema\\\/logo\\\/image\\\/\",\"url\":\"https:\\\/\\\/samarali.com\\\/wp-content\\\/uploads\\\/2024\\\/05\\\/cropped-samarali-icon.png\",\"contentUrl\":\"https:\\\/\\\/samarali.com\\\/wp-content\\\/uploads\\\/2024\\\/05\\\/cropped-samarali-icon.png\",\"width\":512,\"height\":512,\"caption\":\"Samarali\"},\"image\":{\"@id\":\"https:\\\/\\\/samarali.com\\\/sv\\\/#\\\/schema\\\/logo\\\/image\\\/\"},\"sameAs\":[\"https:\\\/\\\/www.facebook.com\\\/samaraliyoga\",\"https:\\\/\\\/www.linkedin.com\\\/company\\\/69563155\\\/\",\"https:\\\/\\\/www.instagram.com\\\/samaraliyoga\\\/\",\"https:\\\/\\\/nl.pinterest.com\\\/Samaraliyoga\\\/\"],\"description\":\"Samarali is a sustainable yoga and lifestyle brand based in the Netherlands\",\"email\":\"info@samarali.com\",\"legalName\":\"Samarali B.V.\",\"vatID\":\"NL859820324B01\",\"numberOfEmployees\":{\"@type\":\"QuantitativeValue\",\"minValue\":\"1\",\"maxValue\":\"10\"}}]}<\/script>\n<!-- \/ Yoast SEO Premium plugin. -->","yoast_head_json":{"title":"Policy f\u00f6r cookies - Samarali","robots":{"index":"index","follow":"follow","max-snippet":"max-snippet:-1","max-image-preview":"max-image-preview:large","max-video-preview":"max-video-preview:-1"},"canonical":"https:\/\/samarali.com\/sv\/policy-for-cookies\/","og_locale":"sv_SE","og_type":"article","og_title":"Policy f\u00f6r cookies","og_description":"Anv\u00e4ndning av cookies Vi anv\u00e4nder cookies f\u00f6r att f\u00f6rb\u00e4ttra din upplevelse. Typer av cookies Viktigt: kassa, inloggning, kundvagnsfunktionalitet Analys: f\u00f6rst\u00e5 hur webbplatsen anv\u00e4nds (t.ex. Google Analytics) Marknadsf\u00f6ring: personligt anpassad reklam och sp\u00e5rning Samtycke Icke-v\u00e4sentliga cookies placeras endast efter ditt samtycke via v\u00e5r cookie-banner. Hantering av cookies Du kan \u00e4ndra inst\u00e4llningarna via din webbl\u00e4sare eller cookie-inst\u00e4llningspanelen. [&hellip;]","og_url":"https:\/\/samarali.com\/sv\/policy-for-cookies\/","og_site_name":"Samarali","article_publisher":"https:\/\/www.facebook.com\/samaraliyoga","article_modified_time":"2026-02-15T17:32:50+00:00","og_image":[{"width":1000,"height":1000,"url":"https:\/\/samarali.com\/wp-content\/uploads\/2024\/09\/Natural-rubber-yoga-mats-prune-and-dark-green_16.jpg","type":"image\/jpeg"}],"twitter_card":"summary_large_image","twitter_misc":{"Ber\u00e4knad l\u00e4stid":"1 minut"},"schema":{"@context":"https:\/\/schema.org","@graph":[{"@type":"WebPage","@id":"https:\/\/samarali.com\/sv\/policy-for-cookies\/","url":"https:\/\/samarali.com\/sv\/policy-for-cookies\/","name":"Policy f\u00f6r cookies - Samarali","isPartOf":{"@id":"https:\/\/samarali.com\/sv\/#website"},"datePublished":"2026-02-15T17:23:57+00:00","dateModified":"2026-02-15T17:32:50+00:00","breadcrumb":{"@id":"https:\/\/samarali.com\/sv\/policy-for-cookies\/#breadcrumb"},"inLanguage":"sv-SE","potentialAction":[{"@type":"ReadAction","target":["https:\/\/samarali.com\/sv\/policy-for-cookies\/"]}]},{"@type":"BreadcrumbList","@id":"https:\/\/samarali.com\/sv\/policy-for-cookies\/#breadcrumb","itemListElement":[{"@type":"ListItem","position":1,"name":"Hem","item":"https:\/\/samarali.com\/sv\/hem\/"},{"@type":"ListItem","position":2,"name":"Policy f\u00f6r cookies"}]},{"@type":"WebSite","@id":"https:\/\/samarali.com\/sv\/#website","url":"https:\/\/samarali.com\/sv\/","name":"Samarali","description":"Samarali \u00e4r ett h\u00e5llbart yoga- och livsstilsvarum\u00e4rke baserat i Nederl\u00e4nderna","publisher":{"@id":"https:\/\/samarali.com\/sv\/#organization"},"potentialAction":[{"@type":"SearchAction","target":{"@type":"EntryPoint","urlTemplate":"https:\/\/samarali.com\/sv\/?s={search_term_string}"},"query-input":{"@type":"PropertyValueSpecification","valueRequired":true,"valueName":"search_term_string"}}],"inLanguage":"sv-SE"},{"@type":"Organization","@id":"https:\/\/samarali.com\/sv\/#organization","name":"Samarali","url":"https:\/\/samarali.com\/sv\/","logo":{"@type":"ImageObject","inLanguage":"sv-SE","@id":"https:\/\/samarali.com\/sv\/#\/schema\/logo\/image\/","url":"https:\/\/samarali.com\/wp-content\/uploads\/2024\/05\/cropped-samarali-icon.png","contentUrl":"https:\/\/samarali.com\/wp-content\/uploads\/2024\/05\/cropped-samarali-icon.png","width":512,"height":512,"caption":"Samarali"},"image":{"@id":"https:\/\/samarali.com\/sv\/#\/schema\/logo\/image\/"},"sameAs":["https:\/\/www.facebook.com\/samaraliyoga","https:\/\/www.linkedin.com\/company\/69563155\/","https:\/\/www.instagram.com\/samaraliyoga\/","https:\/\/nl.pinterest.com\/Samaraliyoga\/"],"description":"Samarali is a sustainable yoga and lifestyle brand based in the Netherlands","email":"info@samarali.com","legalName":"Samarali B.V.","vatID":"NL859820324B01","numberOfEmployees":{"@type":"QuantitativeValue","minValue":"1","maxValue":"10"}}]}},"jetpack_sharing_enabled":true,"_links":{"self":[{"href":"https:\/\/samarali.com\/sv\/wp-json\/wp\/v2\/pages\/37042","targetHints":{"allow":["GET"]}}],"collection":[{"href":"https:\/\/samarali.com\/sv\/wp-json\/wp\/v2\/pages"}],"about":[{"href":"https:\/\/samarali.com\/sv\/wp-json\/wp\/v2\/types\/page"}],"author":[{"embeddable":true,"href":"https:\/\/samarali.com\/sv\/wp-json\/wp\/v2\/users\/4"}],"replies":[{"embeddable":true,"href":"https:\/\/samarali.com\/sv\/wp-json\/wp\/v2\/comments?post=37042"}],"version-history":[{"count":1,"href":"https:\/\/samarali.com\/sv\/wp-json\/wp\/v2\/pages\/37042\/revisions"}],"predecessor-version":[{"id":37043,"href":"https:\/\/samarali.com\/sv\/wp-json\/wp\/v2\/pages\/37042\/revisions\/37043"}],"wp:attachment":[{"href":"https:\/\/samarali.com\/sv\/wp-json\/wp\/v2\/media?parent=37042"}],"curies":[{"name":"wp","href":"https:\/\/api.w.org\/{rel}","templated":true}]}}