{"id":37030,"date":"2026-02-15T18:19:49","date_gmt":"2026-02-15T17:19:49","guid":{"rendered":"https:\/\/samarali.com\/fraktpolicy\/"},"modified":"2026-02-15T18:32:21","modified_gmt":"2026-02-15T17:32:21","slug":"fraktpolicy","status":"publish","type":"page","link":"https:\/\/samarali.com\/sv\/fraktpolicy\/","title":{"rendered":"Fraktpolicy"},"content":{"rendered":"\t\t<div data-elementor-type=\"wp-page\" data-elementor-id=\"37030\" class=\"elementor elementor-37030 elementor-36999\">\n\t\t\t\t<div class=\"elementor-element elementor-element-5f3e1884 e-flex e-con-boxed e-con e-parent\" data-id=\"5f3e1884\" data-element_type=\"container\">\n\t\t\t\t\t<div class=\"e-con-inner\">\n\t\t\t\t<div class=\"elementor-element elementor-element-4d7cfe12 elementor-widget elementor-widget-text-editor\" data-id=\"4d7cfe12\" data-element_type=\"widget\" data-widget_type=\"text-editor.default\">\n\t\t\t\t<div class=\"elementor-widget-container\">\n\t\t\t\t\t\t\t\t\t<h3>Bearbetningstid<\/h3>\n<p>Best\u00e4llningar behandlas inom 1-3 arbetsdagar.<\/p>\n\n<h3>Leveranstider<\/h3>\n<p>Ber\u00e4knad leveranstid beror p\u00e5 destination och transport\u00f6r.<\/p>\n\n<h3>Fraktkostnader<\/h3>\n<p>Fraktkostnaderna ber\u00e4knas i kassan.<\/p>\n\n<h3>Felaktig adress<\/h3>\n<p>Kunden \u00e4r ansvarig f\u00f6r att tillhandah\u00e5lla korrekta leveransuppgifter.<\/p>\n\n<h3>F\u00f6rlorade eller f\u00f6rsenade paket<\/h3>\n<p>Kontakta oss om ditt paket \u00e4r f\u00f6rsenat. Vi kommer att arbeta med transport\u00f6ren f\u00f6r att l\u00f6sa problemet.<\/p>\n\n<h3>Internationella best\u00e4llningar<\/h3>\n<p>Kunden ansvarar sj\u00e4lv f\u00f6r tullavgifter och importskatter f\u00f6r f\u00f6rs\u00e4ndelser utanf\u00f6r EU.<\/p>\n\t\t\t\t\t\t\t\t<\/div>\n\t\t\t\t<\/div>\n\t\t\t\t\t<\/div>\n\t\t\t\t<\/div>\n\t\t\t\t<\/div>\n\t\t","protected":false},"excerpt":{"rendered":"<p>Bearbetningstid Best\u00e4llningar behandlas inom 1-3 arbetsdagar. Leveranstider Ber\u00e4knad leveranstid beror p\u00e5 destination och transport\u00f6r. Fraktkostnader Fraktkostnaderna ber\u00e4knas i kassan. Felaktig adress Kunden \u00e4r ansvarig f\u00f6r att tillhandah\u00e5lla korrekta leveransuppgifter. F\u00f6rlorade eller f\u00f6rsenade paket Kontakta oss om ditt paket \u00e4r f\u00f6rsenat. Vi kommer att arbeta med transport\u00f6ren f\u00f6r att l\u00f6sa problemet. Internationella best\u00e4llningar Kunden ansvarar sj\u00e4lv [&hellip;]<\/p>\n","protected":false},"author":4,"featured_media":0,"parent":0,"menu_order":0,"comment_status":"closed","ping_status":"closed","template":"","meta":{"_acf_changed":false,"_improvement_type_select":"improve_an_existing","_thumb_yes_seoaic":false,"_frame_yes_seoaic":false,"seoaic_generate_description":"","seoaic_improve_instructions_prompt":"","seoaic_rollback_content_improvement":"","seoaic_idea_thumbnail_generator":"","thumbnail_generated":false,"thumbnail_generate_prompt":"","seoaic_article_description":"","inline_featured_image":false,"footnotes":""},"class_list":["post-37030","page","type-page","status-publish","hentry"],"acf":[],"yoast_head":"<!-- This site is optimized with the Yoast SEO Premium plugin v27.4 (Yoast SEO v27.4) - https:\/\/yoast.com\/product\/yoast-seo-premium-wordpress\/ -->\n<title>Fraktpolicy - Samarali<\/title>\n<meta name=\"robots\" content=\"index, follow, max-snippet:-1, max-image-preview:large, max-video-preview:-1\" \/>\n<link rel=\"canonical\" href=\"https:\/\/samarali.com\/sv\/fraktpolicy\/\" \/>\n<meta property=\"og:locale\" content=\"sv_SE\" \/>\n<meta property=\"og:type\" content=\"article\" \/>\n<meta property=\"og:title\" content=\"Fraktpolicy\" \/>\n<meta property=\"og:description\" content=\"Bearbetningstid Best\u00e4llningar behandlas inom 1-3 arbetsdagar. Leveranstider Ber\u00e4knad leveranstid beror p\u00e5 destination och transport\u00f6r. Fraktkostnader Fraktkostnaderna ber\u00e4knas i kassan. Felaktig adress Kunden \u00e4r ansvarig f\u00f6r att tillhandah\u00e5lla korrekta leveransuppgifter. F\u00f6rlorade eller f\u00f6rsenade paket Kontakta oss om ditt paket \u00e4r f\u00f6rsenat. Vi kommer att arbeta med transport\u00f6ren f\u00f6r att l\u00f6sa problemet. Internationella best\u00e4llningar Kunden ansvarar sj\u00e4lv [&hellip;]\" \/>\n<meta property=\"og:url\" content=\"https:\/\/samarali.com\/sv\/fraktpolicy\/\" \/>\n<meta property=\"og:site_name\" content=\"Samarali\" \/>\n<meta property=\"article:publisher\" content=\"https:\/\/www.facebook.com\/samaraliyoga\" \/>\n<meta property=\"article:modified_time\" content=\"2026-02-15T17:32:21+00:00\" \/>\n<meta property=\"og:image\" content=\"https:\/\/samarali.com\/wp-content\/uploads\/2024\/09\/Natural-rubber-yoga-mats-prune-and-dark-green_16.jpg\" \/>\n\t<meta property=\"og:image:width\" content=\"1000\" \/>\n\t<meta property=\"og:image:height\" content=\"1000\" \/>\n\t<meta property=\"og:image:type\" content=\"image\/jpeg\" \/>\n<meta name=\"twitter:card\" content=\"summary_large_image\" \/>\n<script type=\"application\/ld+json\" class=\"yoast-schema-graph\">{\"@context\":\"https:\\\/\\\/schema.org\",\"@graph\":[{\"@type\":\"WebPage\",\"@id\":\"https:\\\/\\\/samarali.com\\\/sv\\\/fraktpolicy\\\/\",\"url\":\"https:\\\/\\\/samarali.com\\\/sv\\\/fraktpolicy\\\/\",\"name\":\"Fraktpolicy - Samarali\",\"isPartOf\":{\"@id\":\"https:\\\/\\\/samarali.com\\\/sv\\\/#website\"},\"datePublished\":\"2026-02-15T17:19:49+00:00\",\"dateModified\":\"2026-02-15T17:32:21+00:00\",\"breadcrumb\":{\"@id\":\"https:\\\/\\\/samarali.com\\\/sv\\\/fraktpolicy\\\/#breadcrumb\"},\"inLanguage\":\"sv-SE\",\"potentialAction\":[{\"@type\":\"ReadAction\",\"target\":[\"https:\\\/\\\/samarali.com\\\/sv\\\/fraktpolicy\\\/\"]}]},{\"@type\":\"BreadcrumbList\",\"@id\":\"https:\\\/\\\/samarali.com\\\/sv\\\/fraktpolicy\\\/#breadcrumb\",\"itemListElement\":[{\"@type\":\"ListItem\",\"position\":1,\"name\":\"Hem\",\"item\":\"https:\\\/\\\/samarali.com\\\/sv\\\/hem\\\/\"},{\"@type\":\"ListItem\",\"position\":2,\"name\":\"Fraktpolicy\"}]},{\"@type\":\"WebSite\",\"@id\":\"https:\\\/\\\/samarali.com\\\/sv\\\/#website\",\"url\":\"https:\\\/\\\/samarali.com\\\/sv\\\/\",\"name\":\"Samarali\",\"description\":\"Samarali \u00e4r ett h\u00e5llbart yoga- och livsstilsvarum\u00e4rke baserat i Nederl\u00e4nderna\",\"publisher\":{\"@id\":\"https:\\\/\\\/samarali.com\\\/sv\\\/#organization\"},\"potentialAction\":[{\"@type\":\"SearchAction\",\"target\":{\"@type\":\"EntryPoint\",\"urlTemplate\":\"https:\\\/\\\/samarali.com\\\/sv\\\/?s={search_term_string}\"},\"query-input\":{\"@type\":\"PropertyValueSpecification\",\"valueRequired\":true,\"valueName\":\"search_term_string\"}}],\"inLanguage\":\"sv-SE\"},{\"@type\":\"Organization\",\"@id\":\"https:\\\/\\\/samarali.com\\\/sv\\\/#organization\",\"name\":\"Samarali\",\"url\":\"https:\\\/\\\/samarali.com\\\/sv\\\/\",\"logo\":{\"@type\":\"ImageObject\",\"inLanguage\":\"sv-SE\",\"@id\":\"https:\\\/\\\/samarali.com\\\/sv\\\/#\\\/schema\\\/logo\\\/image\\\/\",\"url\":\"https:\\\/\\\/samarali.com\\\/wp-content\\\/uploads\\\/2024\\\/05\\\/cropped-samarali-icon.png\",\"contentUrl\":\"https:\\\/\\\/samarali.com\\\/wp-content\\\/uploads\\\/2024\\\/05\\\/cropped-samarali-icon.png\",\"width\":512,\"height\":512,\"caption\":\"Samarali\"},\"image\":{\"@id\":\"https:\\\/\\\/samarali.com\\\/sv\\\/#\\\/schema\\\/logo\\\/image\\\/\"},\"sameAs\":[\"https:\\\/\\\/www.facebook.com\\\/samaraliyoga\",\"https:\\\/\\\/www.linkedin.com\\\/company\\\/69563155\\\/\",\"https:\\\/\\\/www.instagram.com\\\/samaraliyoga\\\/\",\"https:\\\/\\\/nl.pinterest.com\\\/Samaraliyoga\\\/\"],\"description\":\"Samarali is a sustainable yoga and lifestyle brand based in the Netherlands\",\"email\":\"info@samarali.com\",\"legalName\":\"Samarali B.V.\",\"vatID\":\"NL859820324B01\",\"numberOfEmployees\":{\"@type\":\"QuantitativeValue\",\"minValue\":\"1\",\"maxValue\":\"10\"}}]}<\/script>\n<!-- \/ Yoast SEO Premium plugin. -->","yoast_head_json":{"title":"Fraktpolicy - Samarali","robots":{"index":"index","follow":"follow","max-snippet":"max-snippet:-1","max-image-preview":"max-image-preview:large","max-video-preview":"max-video-preview:-1"},"canonical":"https:\/\/samarali.com\/sv\/fraktpolicy\/","og_locale":"sv_SE","og_type":"article","og_title":"Fraktpolicy","og_description":"Bearbetningstid Best\u00e4llningar behandlas inom 1-3 arbetsdagar. Leveranstider Ber\u00e4knad leveranstid beror p\u00e5 destination och transport\u00f6r. Fraktkostnader Fraktkostnaderna ber\u00e4knas i kassan. Felaktig adress Kunden \u00e4r ansvarig f\u00f6r att tillhandah\u00e5lla korrekta leveransuppgifter. F\u00f6rlorade eller f\u00f6rsenade paket Kontakta oss om ditt paket \u00e4r f\u00f6rsenat. Vi kommer att arbeta med transport\u00f6ren f\u00f6r att l\u00f6sa problemet. Internationella best\u00e4llningar Kunden ansvarar sj\u00e4lv [&hellip;]","og_url":"https:\/\/samarali.com\/sv\/fraktpolicy\/","og_site_name":"Samarali","article_publisher":"https:\/\/www.facebook.com\/samaraliyoga","article_modified_time":"2026-02-15T17:32:21+00:00","og_image":[{"width":1000,"height":1000,"url":"https:\/\/samarali.com\/wp-content\/uploads\/2024\/09\/Natural-rubber-yoga-mats-prune-and-dark-green_16.jpg","type":"image\/jpeg"}],"twitter_card":"summary_large_image","schema":{"@context":"https:\/\/schema.org","@graph":[{"@type":"WebPage","@id":"https:\/\/samarali.com\/sv\/fraktpolicy\/","url":"https:\/\/samarali.com\/sv\/fraktpolicy\/","name":"Fraktpolicy - Samarali","isPartOf":{"@id":"https:\/\/samarali.com\/sv\/#website"},"datePublished":"2026-02-15T17:19:49+00:00","dateModified":"2026-02-15T17:32:21+00:00","breadcrumb":{"@id":"https:\/\/samarali.com\/sv\/fraktpolicy\/#breadcrumb"},"inLanguage":"sv-SE","potentialAction":[{"@type":"ReadAction","target":["https:\/\/samarali.com\/sv\/fraktpolicy\/"]}]},{"@type":"BreadcrumbList","@id":"https:\/\/samarali.com\/sv\/fraktpolicy\/#breadcrumb","itemListElement":[{"@type":"ListItem","position":1,"name":"Hem","item":"https:\/\/samarali.com\/sv\/hem\/"},{"@type":"ListItem","position":2,"name":"Fraktpolicy"}]},{"@type":"WebSite","@id":"https:\/\/samarali.com\/sv\/#website","url":"https:\/\/samarali.com\/sv\/","name":"Samarali","description":"Samarali \u00e4r ett h\u00e5llbart yoga- och livsstilsvarum\u00e4rke baserat i Nederl\u00e4nderna","publisher":{"@id":"https:\/\/samarali.com\/sv\/#organization"},"potentialAction":[{"@type":"SearchAction","target":{"@type":"EntryPoint","urlTemplate":"https:\/\/samarali.com\/sv\/?s={search_term_string}"},"query-input":{"@type":"PropertyValueSpecification","valueRequired":true,"valueName":"search_term_string"}}],"inLanguage":"sv-SE"},{"@type":"Organization","@id":"https:\/\/samarali.com\/sv\/#organization","name":"Samarali","url":"https:\/\/samarali.com\/sv\/","logo":{"@type":"ImageObject","inLanguage":"sv-SE","@id":"https:\/\/samarali.com\/sv\/#\/schema\/logo\/image\/","url":"https:\/\/samarali.com\/wp-content\/uploads\/2024\/05\/cropped-samarali-icon.png","contentUrl":"https:\/\/samarali.com\/wp-content\/uploads\/2024\/05\/cropped-samarali-icon.png","width":512,"height":512,"caption":"Samarali"},"image":{"@id":"https:\/\/samarali.com\/sv\/#\/schema\/logo\/image\/"},"sameAs":["https:\/\/www.facebook.com\/samaraliyoga","https:\/\/www.linkedin.com\/company\/69563155\/","https:\/\/www.instagram.com\/samaraliyoga\/","https:\/\/nl.pinterest.com\/Samaraliyoga\/"],"description":"Samarali is a sustainable yoga and lifestyle brand based in the Netherlands","email":"info@samarali.com","legalName":"Samarali B.V.","vatID":"NL859820324B01","numberOfEmployees":{"@type":"QuantitativeValue","minValue":"1","maxValue":"10"}}]}},"jetpack_sharing_enabled":true,"_links":{"self":[{"href":"https:\/\/samarali.com\/sv\/wp-json\/wp\/v2\/pages\/37030","targetHints":{"allow":["GET"]}}],"collection":[{"href":"https:\/\/samarali.com\/sv\/wp-json\/wp\/v2\/pages"}],"about":[{"href":"https:\/\/samarali.com\/sv\/wp-json\/wp\/v2\/types\/page"}],"author":[{"embeddable":true,"href":"https:\/\/samarali.com\/sv\/wp-json\/wp\/v2\/users\/4"}],"replies":[{"embeddable":true,"href":"https:\/\/samarali.com\/sv\/wp-json\/wp\/v2\/comments?post=37030"}],"version-history":[{"count":1,"href":"https:\/\/samarali.com\/sv\/wp-json\/wp\/v2\/pages\/37030\/revisions"}],"predecessor-version":[{"id":37031,"href":"https:\/\/samarali.com\/sv\/wp-json\/wp\/v2\/pages\/37030\/revisions\/37031"}],"wp:attachment":[{"href":"https:\/\/samarali.com\/sv\/wp-json\/wp\/v2\/media?parent=37030"}],"curies":[{"name":"wp","href":"https:\/\/api.w.org\/{rel}","templated":true}]}}