{"id":37024,"date":"2026-02-15T18:10:36","date_gmt":"2026-02-15T17:10:36","guid":{"rendered":"https:\/\/samarali.com\/retur-och-aterbetalningspolicy\/"},"modified":"2026-02-15T18:31:14","modified_gmt":"2026-02-15T17:31:14","slug":"retur-och-aterbetalningspolicy","status":"publish","type":"page","link":"https:\/\/samarali.com\/sv\/retur-och-aterbetalningspolicy\/","title":{"rendered":"Retur- och \u00e5terbetalningspolicy"},"content":{"rendered":"\t\t<div data-elementor-type=\"wp-page\" data-elementor-id=\"37024\" class=\"elementor elementor-37024 elementor-36991\">\n\t\t\t\t<div class=\"elementor-element elementor-element-4bd2b0c7 e-flex e-con-boxed e-con e-parent\" data-id=\"4bd2b0c7\" data-element_type=\"container\">\n\t\t\t\t\t<div class=\"e-con-inner\">\n\t\t\t\t<div class=\"elementor-element elementor-element-58c0f06f elementor-widget elementor-widget-text-editor\" data-id=\"58c0f06f\" data-element_type=\"widget\" data-widget_type=\"text-editor.default\">\n\t\t\t\t<div class=\"elementor-widget-container\">\n\t\t\t\t\t\t\t\t\t<p><strong>Senast uppdaterad:<\/strong> 11.02.2026<\/p><p><strong>F\u00f6retag:<\/strong> Samarali<\/p><p><strong>F\u00f6retagets adress:<\/strong> Bolkruid, 3068 DJ Rotterdam, Nederl\u00e4nderna<\/p><p><strong>E-post:<\/strong> <a href=\"mailto:support@samarali.com\">support@samarali.com<\/a><\/p><p>Denna policy \u00e4r f\u00f6renlig med EU:s konsumentskyddsbest\u00e4mmelser och nederl\u00e4ndsk lag.<\/p><h3>1. Lagstadgad r\u00e4tt att uttr\u00e4da ur EU (14 dagar)<\/h3><p>Enligt EU-lagstiftningen har konsumenten r\u00e4tt att \u00e5ngra sitt k\u00f6p inom 14 dagar utan att ange n\u00e5got sk\u00e4l.<\/p><ul><li>\u00c5ngerfristen l\u00f6per ut 14 dagar efter den dag d\u00e5 du tar emot varan (eller den sista varan vid best\u00e4llningar med flera varor).<\/li><li>F\u00f6r att ut\u00f6va denna r\u00e4tt, meddela oss via e-post till <a href=\"mailto:info@samarali.com\">info@samarali.com<\/a> med ditt ordernummer.<\/li><\/ul><p><strong>Viktigt:<\/strong><\/p><ul><li>Standardkostnader f\u00f6r utg\u00e5ende leverans \u00e5terbetalas om den lagstadgade \u00e5ngerr\u00e4tten utnyttjas.<\/li><li>Kunden ansvarar f\u00f6r returfraktkostnaden, s\u00e5vida inte varan \u00e4r felaktig eller felaktigt levererad.<\/li><li>Eventuell v\u00e4rdeminskning p\u00e5 grund av hantering ut\u00f6ver vad som \u00e4r n\u00f6dv\u00e4ndigt f\u00f6r besiktning f\u00e5r dras av.<\/li><\/ul><h3>2. Samaralis frivilliga 30-dagars returpolicy<\/h3><p>Vi erbjuder en 30-dagars returperiod fr\u00e5n den dag du mottar din best\u00e4llning.<\/p><ul><li>Returer efter den lagstadgade \u00e5ngerfristen p\u00e5 14 dagar omfattas av denna frivilliga policy.<\/li><li>Endast det ber\u00e4ttigade produktv\u00e4rdet \u00e5terbetalas; ursprungliga fraktkostnader \u00e5terbetalas inte.<\/li><li>Fraktkostnader f\u00f6r retur \u00e4r kundens ansvar och \u00e5terbetalas inte.<\/li><\/ul><h3>3. Regler f\u00f6r produktskick och hygien<\/h3><h4>3.1 Kl\u00e4dv\u00e5rd och produkter fr\u00e5n textil &amp; anv\u00e4ndning<\/h4><p>Kl\u00e4dprodukter som s\u00e4ljs av Samarali \u00e4r endast avsedda f\u00f6r standardmontering och inspektion, j\u00e4mf\u00f6rbara med vad som rimligen kan f\u00f6rekomma i en fysisk detaljhandelsmilj\u00f6.<\/p><p>F\u00f6ljande betraktas som \u00f6verdriven hantering ut\u00f6ver normal inspektion:<\/p><ul><li>B\u00e4r plaggen under tr\u00e4ningspass, tr\u00e4ningssessioner eller evenemang<\/li><li>Tv\u00e4ttning, torkning, strykning eller \u00e4ndring av f\u00f6rem\u00e5l<\/li><li>F\u00f6rekomst av lukt, fl\u00e4ckar, deodorantm\u00e4rken, smink, h\u00e5r fr\u00e5n m\u00e4nniskor eller husdjur<\/li><li>Borttagning, skada eller byte av originaletiketter eller originalf\u00f6rpackning<\/li><\/ul><p>Varor som returneras i s\u00e5dant skick kan:<\/p><ul><li>bli f\u00f6rem\u00e5l f\u00f6r en minskning av \u00e5terbetalningsbeloppet f\u00f6r att \u00e5terspegla v\u00e4rdeminskningen, eller<\/li><li>v\u00e4gras om produkten inte l\u00e4ngre \u00e4r i ett skick som g\u00f6r att den kan s\u00e4ljas p\u00e5 nytt.<\/li><\/ul><p>Denna policy till\u00e4mpas i enlighet med EU:s konsumentskyddslagar avseende v\u00e4rdeminskning till f\u00f6ljd av hantering<br>ut\u00f6ver vad som \u00e4r n\u00f6dv\u00e4ndigt f\u00f6r att fastst\u00e4lla varornas art, egenskaper och funktion.<\/p><h4>3.2 Hygien och s\u00e4kerhet f\u00f6r yogautrustning<\/h4><p>Av s\u00e4kerhets- och hygiensk\u00e4l m\u00e5ste yoga- och meditationsutrustning och tillbeh\u00f6r vara:<\/p><ul><li>Oanv\u00e4nd och hygieniskt ren<\/li><li>\u00c5terl\u00e4mnas i originalf\u00f6rpackning med alla tillbeh\u00f6r intakta<\/li><li>Fri fr\u00e5n svett, smuts eller skador<\/li><li>Fri fr\u00e5n tv\u00e4tt, torkning, strykning eller \u00e4ndring av f\u00f6rem\u00e5l<\/li><li>Ingen f\u00f6rekomst av lukt, fl\u00e4ckar, h\u00e5r fr\u00e5n m\u00e4nniskor eller husdjur<\/li><li>Borttagning, skada eller byte av originaletiketter eller originalf\u00f6rpackning<\/li><\/ul><p>F\u00f6rem\u00e5l som inte uppfyller dessa krav kan:<\/p><ul><li>f\u00e5 en reducerad \u00e5terbetalning baserad p\u00e5 v\u00e4rdef\u00f6rlust, eller<\/li><li>avvisas om de inte l\u00e4ngre kan s\u00e4ljas<\/li><\/ul><h3>4. F\u00f6rebyggande av returmissbruk<\/h3><p>F\u00f6r att f\u00f6rhindra felaktig anv\u00e4ndning:<\/p><ul><li>Upprepade f\u00f6rs\u00f6k att anv\u00e4nda f\u00f6rem\u00e5l och returnera dem (&#8221;wear &amp; return&#8221;) kan utredas.<\/li><li>\u00c5terbetalning kan reduceras eller nekas f\u00f6r varor som uppvisar \u00f6verdriven anv\u00e4ndning ut\u00f6ver normal kontroll av storlek\/passform.<\/li><\/ul><p>Detta \u00e4r helt i linje med EU:s konsumentlagstiftning om &#8221;v\u00e4rdeminskning p\u00e5 grund av hantering ut\u00f6ver vad som \u00e4r n\u00f6dv\u00e4ndigt f\u00f6r att fastst\u00e4lla<br>varans art, egenskaper och funktion.&#8221;<\/p><h3>5. Returprocess<\/h3><ol><li>Kontakta <a href=\"mailto:info@samarali.com\">info@samarali.com<\/a> med ditt ordernummer och din returbeg\u00e4ran.<\/li><li>F\u00f6rpacka f\u00f6rem\u00e5let p\u00e5 ett s\u00e4kert s\u00e4tt.<\/li><li>Inkludera ditt ordernummer i paketet.<\/li><li>Skicka returen till:<br>Samarali<br>Bolkruid 19<br>3068 DJ Rotterdam<br>Nederl\u00e4nderna<\/li><\/ol><p>Anv\u00e4nd en sp\u00e5rbar fraktmetod; vi ansvarar inte f\u00f6r f\u00f6rlorade returer.<\/p><h3>6. Besiktning &amp; \u00c5terbetalning<\/h3><ul><li>Returnerade varor inspekteras med avseende p\u00e5 skick, hygien och fullst\u00e4ndighet.<\/li><li>\u00c5terbetalningar (efter eventuella n\u00f6dv\u00e4ndiga avdrag) behandlas inom 14 dagar till den ursprungliga betalningsmetoden.<\/li><li>Returfrakt och ursprungliga leveranskostnader \u00e5terbetalas inte enligt den frivilliga returpolicyn p\u00e5 30 dagar.<\/li><\/ul><h3>7. Felaktiga eller inkorrekta f\u00f6rem\u00e5l<\/h3><p>Om din vara \u00e4r defekt, skadad eller felaktig:<\/p><ul><li>Kontakta <a href=\"mailto:info@samarali.com\">info@samarali.com<\/a> omedelbart med foton och ditt ordernummer.<\/li><li>Vi kommer att erbjuda en l\u00f6sning i enlighet med EU-lagstiftningen, inklusive att t\u00e4cka returfrakt om det \u00e4r till\u00e4mpligt.<\/li><\/ul><h3>8. Ej \u00e5terl\u00e4mningsbara artiklar<\/h3><p>F\u00f6ljande produkter kan inte returneras, s\u00e5vida de inte \u00e4r defekta:<\/p><ul><li>Personliga eller specialanpassade artiklar<\/li><li>Hygienk\u00e4nsliga f\u00f6rem\u00e5l n\u00e4r de \u00e4r of\u00f6rseglade<\/li><li>Slutf\u00f6rs\u00e4ljning av varor<\/li><\/ul><h3>9. EU:s standardformul\u00e4r f\u00f6r \u00e5terkallande<\/h3><p><em>(Fyll i och skicka tillbaka detta formul\u00e4r endast om du vill fr\u00e5ntr\u00e4da avtalet)<\/em><\/p><p><strong>Till: Samarali<\/strong> Samarali, Bolkruid 19, 3068 DJ Rotterdam, Nederl\u00e4nderna<br><strong>E-post:<\/strong> <a href=\"mailto:info@samarali.com\">info@samarali.com<\/a><\/p><p>Jag\/vi () meddelar h\u00e4rmed att jag\/vi () fr\u00e5ntr\u00e4der mitt\/v\u00e5rt (*) avtal om f\u00f6rs\u00e4ljning av f\u00f6ljande varor:<\/p><ul><li>Best\u00e4lld den () \/ Mottagen den ()<\/li><li>Best\u00e4llningsnummer:<\/li><li>Konsumentens\/konsumenternas namn:<\/li><li>Konsumentens\/konsumenternas adress:<\/li><li>Konsumentens\/konsumenternas namnteckning (endast om p\u00e5 papper)<\/li><li>Datum:<\/li><\/ul><p><em>(*) Stryk det som inte \u00e4r till\u00e4mpligt<\/em><\/p>\t\t\t\t\t\t\t\t<\/div>\n\t\t\t\t<\/div>\n\t\t\t\t\t<\/div>\n\t\t\t\t<\/div>\n\t\t\t\t<\/div>\n\t\t","protected":false},"excerpt":{"rendered":"<p>Senast uppdaterad: 11.02.2026 F\u00f6retag: Samarali F\u00f6retagets adress: Bolkruid, 3068 DJ Rotterdam, Nederl\u00e4nderna E-post: support@samarali.com Denna policy \u00e4r f\u00f6renlig med EU:s konsumentskyddsbest\u00e4mmelser och nederl\u00e4ndsk lag. 1. Lagstadgad r\u00e4tt att uttr\u00e4da ur EU (14 dagar) Enligt EU-lagstiftningen har konsumenten r\u00e4tt att \u00e5ngra sitt k\u00f6p inom 14 dagar utan att ange n\u00e5got sk\u00e4l. \u00c5ngerfristen l\u00f6per ut 14 dagar [&hellip;]<\/p>\n","protected":false},"author":4,"featured_media":0,"parent":0,"menu_order":0,"comment_status":"closed","ping_status":"closed","template":"","meta":{"_acf_changed":false,"_improvement_type_select":"improve_an_existing","_thumb_yes_seoaic":false,"_frame_yes_seoaic":false,"seoaic_generate_description":"","seoaic_improve_instructions_prompt":"","seoaic_rollback_content_improvement":"","seoaic_idea_thumbnail_generator":"","thumbnail_generated":false,"thumbnail_generate_prompt":"","seoaic_article_description":"","inline_featured_image":false,"footnotes":""},"class_list":["post-37024","page","type-page","status-publish","hentry"],"acf":[],"yoast_head":"<!-- This site is optimized with the Yoast SEO Premium plugin v27.4 (Yoast SEO v27.4) - https:\/\/yoast.com\/product\/yoast-seo-premium-wordpress\/ -->\n<title>Retur- och \u00e5terbetalningspolicy - Samarali<\/title>\n<meta name=\"robots\" content=\"index, follow, max-snippet:-1, max-image-preview:large, max-video-preview:-1\" \/>\n<link rel=\"canonical\" href=\"https:\/\/samarali.com\/sv\/retur-och-aterbetalningspolicy\/\" \/>\n<meta property=\"og:locale\" content=\"sv_SE\" \/>\n<meta property=\"og:type\" content=\"article\" \/>\n<meta property=\"og:title\" content=\"Retur- och \u00e5terbetalningspolicy\" \/>\n<meta property=\"og:description\" content=\"Senast uppdaterad: 11.02.2026 F\u00f6retag: Samarali F\u00f6retagets adress: Bolkruid, 3068 DJ Rotterdam, Nederl\u00e4nderna E-post: support@samarali.com Denna policy \u00e4r f\u00f6renlig med EU:s konsumentskyddsbest\u00e4mmelser och nederl\u00e4ndsk lag. 1. Lagstadgad r\u00e4tt att uttr\u00e4da ur EU (14 dagar) Enligt EU-lagstiftningen har konsumenten r\u00e4tt att \u00e5ngra sitt k\u00f6p inom 14 dagar utan att ange n\u00e5got sk\u00e4l. \u00c5ngerfristen l\u00f6per ut 14 dagar [&hellip;]\" \/>\n<meta property=\"og:url\" content=\"https:\/\/samarali.com\/sv\/retur-och-aterbetalningspolicy\/\" \/>\n<meta property=\"og:site_name\" content=\"Samarali\" \/>\n<meta property=\"article:publisher\" content=\"https:\/\/www.facebook.com\/samaraliyoga\" \/>\n<meta property=\"article:modified_time\" content=\"2026-02-15T17:31:14+00:00\" \/>\n<meta property=\"og:image\" content=\"https:\/\/samarali.com\/wp-content\/uploads\/2024\/09\/Natural-rubber-yoga-mats-prune-and-dark-green_16.jpg\" \/>\n\t<meta property=\"og:image:width\" content=\"1000\" \/>\n\t<meta property=\"og:image:height\" content=\"1000\" \/>\n\t<meta property=\"og:image:type\" content=\"image\/jpeg\" \/>\n<meta name=\"twitter:card\" content=\"summary_large_image\" \/>\n<meta name=\"twitter:label1\" content=\"Ber\u00e4knad l\u00e4stid\" \/>\n\t<meta name=\"twitter:data1\" content=\"4 minut\" \/>\n<script type=\"application\/ld+json\" class=\"yoast-schema-graph\">{\"@context\":\"https:\\\/\\\/schema.org\",\"@graph\":[{\"@type\":\"WebPage\",\"@id\":\"https:\\\/\\\/samarali.com\\\/sv\\\/retur-och-aterbetalningspolicy\\\/\",\"url\":\"https:\\\/\\\/samarali.com\\\/sv\\\/retur-och-aterbetalningspolicy\\\/\",\"name\":\"Retur- och \u00e5terbetalningspolicy - Samarali\",\"isPartOf\":{\"@id\":\"https:\\\/\\\/samarali.com\\\/sv\\\/#website\"},\"datePublished\":\"2026-02-15T17:10:36+00:00\",\"dateModified\":\"2026-02-15T17:31:14+00:00\",\"breadcrumb\":{\"@id\":\"https:\\\/\\\/samarali.com\\\/sv\\\/retur-och-aterbetalningspolicy\\\/#breadcrumb\"},\"inLanguage\":\"sv-SE\",\"potentialAction\":[{\"@type\":\"ReadAction\",\"target\":[\"https:\\\/\\\/samarali.com\\\/sv\\\/retur-och-aterbetalningspolicy\\\/\"]}]},{\"@type\":\"BreadcrumbList\",\"@id\":\"https:\\\/\\\/samarali.com\\\/sv\\\/retur-och-aterbetalningspolicy\\\/#breadcrumb\",\"itemListElement\":[{\"@type\":\"ListItem\",\"position\":1,\"name\":\"Hem\",\"item\":\"https:\\\/\\\/samarali.com\\\/sv\\\/hem\\\/\"},{\"@type\":\"ListItem\",\"position\":2,\"name\":\"Retur- och \u00e5terbetalningspolicy\"}]},{\"@type\":\"WebSite\",\"@id\":\"https:\\\/\\\/samarali.com\\\/sv\\\/#website\",\"url\":\"https:\\\/\\\/samarali.com\\\/sv\\\/\",\"name\":\"Samarali\",\"description\":\"Samarali \u00e4r ett h\u00e5llbart yoga- och livsstilsvarum\u00e4rke baserat i Nederl\u00e4nderna\",\"publisher\":{\"@id\":\"https:\\\/\\\/samarali.com\\\/sv\\\/#organization\"},\"potentialAction\":[{\"@type\":\"SearchAction\",\"target\":{\"@type\":\"EntryPoint\",\"urlTemplate\":\"https:\\\/\\\/samarali.com\\\/sv\\\/?s={search_term_string}\"},\"query-input\":{\"@type\":\"PropertyValueSpecification\",\"valueRequired\":true,\"valueName\":\"search_term_string\"}}],\"inLanguage\":\"sv-SE\"},{\"@type\":\"Organization\",\"@id\":\"https:\\\/\\\/samarali.com\\\/sv\\\/#organization\",\"name\":\"Samarali\",\"url\":\"https:\\\/\\\/samarali.com\\\/sv\\\/\",\"logo\":{\"@type\":\"ImageObject\",\"inLanguage\":\"sv-SE\",\"@id\":\"https:\\\/\\\/samarali.com\\\/sv\\\/#\\\/schema\\\/logo\\\/image\\\/\",\"url\":\"https:\\\/\\\/samarali.com\\\/wp-content\\\/uploads\\\/2024\\\/05\\\/cropped-samarali-icon.png\",\"contentUrl\":\"https:\\\/\\\/samarali.com\\\/wp-content\\\/uploads\\\/2024\\\/05\\\/cropped-samarali-icon.png\",\"width\":512,\"height\":512,\"caption\":\"Samarali\"},\"image\":{\"@id\":\"https:\\\/\\\/samarali.com\\\/sv\\\/#\\\/schema\\\/logo\\\/image\\\/\"},\"sameAs\":[\"https:\\\/\\\/www.facebook.com\\\/samaraliyoga\",\"https:\\\/\\\/www.linkedin.com\\\/company\\\/69563155\\\/\",\"https:\\\/\\\/www.instagram.com\\\/samaraliyoga\\\/\",\"https:\\\/\\\/nl.pinterest.com\\\/Samaraliyoga\\\/\"],\"description\":\"Samarali is a sustainable yoga and lifestyle brand based in the Netherlands\",\"email\":\"info@samarali.com\",\"legalName\":\"Samarali B.V.\",\"vatID\":\"NL859820324B01\",\"numberOfEmployees\":{\"@type\":\"QuantitativeValue\",\"minValue\":\"1\",\"maxValue\":\"10\"}}]}<\/script>\n<!-- \/ Yoast SEO Premium plugin. -->","yoast_head_json":{"title":"Retur- och \u00e5terbetalningspolicy - Samarali","robots":{"index":"index","follow":"follow","max-snippet":"max-snippet:-1","max-image-preview":"max-image-preview:large","max-video-preview":"max-video-preview:-1"},"canonical":"https:\/\/samarali.com\/sv\/retur-och-aterbetalningspolicy\/","og_locale":"sv_SE","og_type":"article","og_title":"Retur- och \u00e5terbetalningspolicy","og_description":"Senast uppdaterad: 11.02.2026 F\u00f6retag: Samarali F\u00f6retagets adress: Bolkruid, 3068 DJ Rotterdam, Nederl\u00e4nderna E-post: support@samarali.com Denna policy \u00e4r f\u00f6renlig med EU:s konsumentskyddsbest\u00e4mmelser och nederl\u00e4ndsk lag. 1. Lagstadgad r\u00e4tt att uttr\u00e4da ur EU (14 dagar) Enligt EU-lagstiftningen har konsumenten r\u00e4tt att \u00e5ngra sitt k\u00f6p inom 14 dagar utan att ange n\u00e5got sk\u00e4l. \u00c5ngerfristen l\u00f6per ut 14 dagar [&hellip;]","og_url":"https:\/\/samarali.com\/sv\/retur-och-aterbetalningspolicy\/","og_site_name":"Samarali","article_publisher":"https:\/\/www.facebook.com\/samaraliyoga","article_modified_time":"2026-02-15T17:31:14+00:00","og_image":[{"width":1000,"height":1000,"url":"https:\/\/samarali.com\/wp-content\/uploads\/2024\/09\/Natural-rubber-yoga-mats-prune-and-dark-green_16.jpg","type":"image\/jpeg"}],"twitter_card":"summary_large_image","twitter_misc":{"Ber\u00e4knad l\u00e4stid":"4 minut"},"schema":{"@context":"https:\/\/schema.org","@graph":[{"@type":"WebPage","@id":"https:\/\/samarali.com\/sv\/retur-och-aterbetalningspolicy\/","url":"https:\/\/samarali.com\/sv\/retur-och-aterbetalningspolicy\/","name":"Retur- och \u00e5terbetalningspolicy - Samarali","isPartOf":{"@id":"https:\/\/samarali.com\/sv\/#website"},"datePublished":"2026-02-15T17:10:36+00:00","dateModified":"2026-02-15T17:31:14+00:00","breadcrumb":{"@id":"https:\/\/samarali.com\/sv\/retur-och-aterbetalningspolicy\/#breadcrumb"},"inLanguage":"sv-SE","potentialAction":[{"@type":"ReadAction","target":["https:\/\/samarali.com\/sv\/retur-och-aterbetalningspolicy\/"]}]},{"@type":"BreadcrumbList","@id":"https:\/\/samarali.com\/sv\/retur-och-aterbetalningspolicy\/#breadcrumb","itemListElement":[{"@type":"ListItem","position":1,"name":"Hem","item":"https:\/\/samarali.com\/sv\/hem\/"},{"@type":"ListItem","position":2,"name":"Retur- och \u00e5terbetalningspolicy"}]},{"@type":"WebSite","@id":"https:\/\/samarali.com\/sv\/#website","url":"https:\/\/samarali.com\/sv\/","name":"Samarali","description":"Samarali \u00e4r ett h\u00e5llbart yoga- och livsstilsvarum\u00e4rke baserat i Nederl\u00e4nderna","publisher":{"@id":"https:\/\/samarali.com\/sv\/#organization"},"potentialAction":[{"@type":"SearchAction","target":{"@type":"EntryPoint","urlTemplate":"https:\/\/samarali.com\/sv\/?s={search_term_string}"},"query-input":{"@type":"PropertyValueSpecification","valueRequired":true,"valueName":"search_term_string"}}],"inLanguage":"sv-SE"},{"@type":"Organization","@id":"https:\/\/samarali.com\/sv\/#organization","name":"Samarali","url":"https:\/\/samarali.com\/sv\/","logo":{"@type":"ImageObject","inLanguage":"sv-SE","@id":"https:\/\/samarali.com\/sv\/#\/schema\/logo\/image\/","url":"https:\/\/samarali.com\/wp-content\/uploads\/2024\/05\/cropped-samarali-icon.png","contentUrl":"https:\/\/samarali.com\/wp-content\/uploads\/2024\/05\/cropped-samarali-icon.png","width":512,"height":512,"caption":"Samarali"},"image":{"@id":"https:\/\/samarali.com\/sv\/#\/schema\/logo\/image\/"},"sameAs":["https:\/\/www.facebook.com\/samaraliyoga","https:\/\/www.linkedin.com\/company\/69563155\/","https:\/\/www.instagram.com\/samaraliyoga\/","https:\/\/nl.pinterest.com\/Samaraliyoga\/"],"description":"Samarali is a sustainable yoga and lifestyle brand based in the Netherlands","email":"info@samarali.com","legalName":"Samarali B.V.","vatID":"NL859820324B01","numberOfEmployees":{"@type":"QuantitativeValue","minValue":"1","maxValue":"10"}}]}},"jetpack_sharing_enabled":true,"_links":{"self":[{"href":"https:\/\/samarali.com\/sv\/wp-json\/wp\/v2\/pages\/37024","targetHints":{"allow":["GET"]}}],"collection":[{"href":"https:\/\/samarali.com\/sv\/wp-json\/wp\/v2\/pages"}],"about":[{"href":"https:\/\/samarali.com\/sv\/wp-json\/wp\/v2\/types\/page"}],"author":[{"embeddable":true,"href":"https:\/\/samarali.com\/sv\/wp-json\/wp\/v2\/users\/4"}],"replies":[{"embeddable":true,"href":"https:\/\/samarali.com\/sv\/wp-json\/wp\/v2\/comments?post=37024"}],"version-history":[{"count":3,"href":"https:\/\/samarali.com\/sv\/wp-json\/wp\/v2\/pages\/37024\/revisions"}],"predecessor-version":[{"id":37029,"href":"https:\/\/samarali.com\/sv\/wp-json\/wp\/v2\/pages\/37024\/revisions\/37029"}],"wp:attachment":[{"href":"https:\/\/samarali.com\/sv\/wp-json\/wp\/v2\/media?parent=37024"}],"curies":[{"name":"wp","href":"https:\/\/api.w.org\/{rel}","templated":true}]}}