{"id":33309,"date":"2025-03-07T08:45:56","date_gmt":"2025-03-07T07:45:56","guid":{"rendered":"https:\/\/samarali.com\/affiliate-program\/bli-en-affiliate\/"},"modified":"2025-03-24T14:43:09","modified_gmt":"2025-03-24T13:43:09","slug":"bli-ett-dotterbolag","status":"publish","type":"page","link":"https:\/\/samarali.com\/sv\/affiliate-program\/bli-ett-dotterbolag\/","title":{"rendered":"Bli en affiliate"},"content":{"rendered":"\t\t<div data-elementor-type=\"wp-page\" data-elementor-id=\"33309\" class=\"elementor elementor-33309 elementor-33300\">\n\t\t\t\t<div class=\"elementor-element elementor-element-97b2fe4 e-flex e-con-boxed e-con e-parent\" data-id=\"97b2fe4\" data-element_type=\"container\">\n\t\t\t\t\t<div class=\"e-con-inner\">\n\t\t\t\t<div class=\"elementor-element elementor-element-2ebab03 elementor-widget elementor-widget-heading\" data-id=\"2ebab03\" data-element_type=\"widget\" data-widget_type=\"heading.default\">\n\t\t\t\t<div class=\"elementor-widget-container\">\n\t\t\t\t\t<h6 class=\"elementor-heading-title elementor-size-default\">Bli<\/h6>\t\t\t\t<\/div>\n\t\t\t\t<\/div>\n\t\t\t\t<div class=\"elementor-element elementor-element-39ebece elementor-widget elementor-widget-heading\" data-id=\"39ebece\" data-element_type=\"widget\" data-widget_type=\"heading.default\">\n\t\t\t\t<div class=\"elementor-widget-container\">\n\t\t\t\t\t<h3 class=\"elementor-heading-title elementor-size-default\">ett dotterbolag<\/h3>\t\t\t\t<\/div>\n\t\t\t\t<\/div>\n\t\t\t\t<div class=\"elementor-element elementor-element-6c02eb5 elementor-widget elementor-widget-shortcode\" data-id=\"6c02eb5\" data-element_type=\"widget\" data-widget_type=\"shortcode.default\">\n\t\t\t\t<div class=\"elementor-widget-container\">\n\t\t\t\t\t\t\t<div class=\"elementor-shortcode\">\r\n    \r\n    \r\n    \r\n    \r\n      \r\n      <div class=\"wcu-form-section wcu-form-section-pro\">\r\n\r\n      \r\n      <p class=\"wcusage-register-form-title\" style=\"font-size: 1.2em;\"><strong>Register New Affiliate Account:<\/strong><\/p>\r\n\r\n      <link rel=\"stylesheet\" href=\"https:\/\/samarali.com\/wp-content\/plugins\/woo-coupon-usage-pro\/fonts\/font-awesome\/css\/all.min.css\" crossorigin=\"anonymous\">\r\n\r\n      \r\n        \r\n        \r\n          <!-- Form -->\r\n          <div class=\"wcu_form_style_3 wcu_form_style_columns\">\r\n          <form method=\"post\" id=\"wcu_form_affiliate_register\" class=\"wcu_form_affiliate_register\" enctype=\"multipart\/form-data\"\r\n          >\r\n\r\n            \r\n              <p class=\"wcu-register-field-col wcu-register-field-col-1\"><label for=\"wcu-input-first-name\">F\u00f6rnamn:*<\/label>\r\n                <input type=\"text\" id=\"wcu-input-first-name\" name=\"wcu-input-first-name\" class=\"input-text form-control\" value=\"\" style=\"max-width: 300px;\" required>\r\n              <\/p>\r\n\r\n              <p class=\"wcu-register-field-col wcu-register-field-col-2\"><label for=\"wcu-input-last-name\">Efternamn:*<\/label>\r\n                <input type=\"text\" id=\"wcu-input-last-name\" name=\"wcu-input-last-name\" class=\"input-text form-control\" value=\"\" style=\"max-width: 300px;\" required>\r\n              <\/p>\r\n\r\n              \r\n              <p class=\"wcu-register-field-col-email \"><label for=\"wcu-input-email\">E-Postadress:*<\/label>\r\n                <input type=\"email\" id=\"wcu-input-email\" name=\"wcu-input-email\" class=\"input-text form-control\" value=\"\" style=\"max-width: 300px;\" required>\r\n              <\/p>\r\n\r\n              <div style=\"clear: both;\"><\/div>\r\n\r\n              <p class=\"wcu-register-field-col-password wcu-register-field-col-1\"><label for=\"wcu-input-password\">L\u00f6senord:*<\/label>\r\n                <input type=\"password\" id=\"wcu-input-password\" name=\"wcu-input-password\" class=\"input-text form-control\" value=\"\" style=\"max-width: 300px; display: inline-block;\" required>\r\n              <\/p>\r\n\r\n                            <p class=\"wcu-register-field-col-password-confirm wcu-register-field-col-2\"><label for=\"wcu-input-password-confirm\">Bekr\u00e4fta L\u00f6senord:*<\/label>\r\n                <input type=\"password\" id=\"wcu-input-password-confirm\" name=\"wcu-input-password-confirm\" class=\"input-text form-control\" value=\"\" style=\"max-width: 300px; display: inline-block;\" required>\r\n              <\/p>\r\n              \r\n              <div style=\"clear: both;\"><\/div>\r\n\r\n            \r\n            <!-- Preferred Code -->\r\n                                    <p class=\"wcu-register-field-col\"><label for=\"wcu-input-coupon\">Rekommenderad Kupongkod:*<\/label>\r\n              <input type=\"text\" id=\"wcu-input-coupon\" name=\"wcu-input-coupon\" class=\"input-text form-control\" value=\"\" minlength=\"3\" style=\"max-width: 300px;\" required>\r\n            <\/p>\r\n            \r\n            \r\n            <!-- Website -->\r\n                          <p class=\"wcu-register-field-col\"><label for=\"wcu-input-website\">Your Website:<\/label>\r\n                <input type=\"text\" id=\"wcu-input-website\" name=\"wcu-input-website\" class=\"input-text form-control\" value=\"\" minlength=\"3\" style=\"max-width: 300px;\">\r\n              <\/p>\r\n            \r\n            <!-- Coupon Type -->\r\n            \r\n                <input type=\"hidden\" id=\"wcu-input-type\" name=\"wcu-input-type\" value=\"2\">\r\n\r\n                \r\n            <!-- Promote -->\r\n                          <p class=\"wcu-register-field-col\"><label for=\"wcu-input-promote\">How will you promote us?*<\/label>\r\n                <input type=\"text\" id=\"wcu-input-promote\" name=\"wcu-input-promote\" class=\"input-text form-control\" value=\"\" minlength=\"3\" style=\"max-width: 300px;\" required>\r\n              <\/p>\r\n            \r\n            <!-- Referrer -->\r\n                          <p class=\"wcu-register-field-col\"><label for=\"wcu-input-referrer\">How did you hear about us?*<\/label>\r\n                <input type=\"text\" id=\"wcu-input-referrer\" name=\"wcu-input-referrer\"\r\n                class=\"input-text form-control\" value=\"\" minlength=\"3\" style=\"max-width: 300px;\" required>\r\n              <\/p>\r\n            \r\n            <!-- Custom Fields -->\r\n                              <p class=\"wcu-register-field-col\">\r\n                    <label for=\"wcu-input-custom-1\">Instagram*<\/label>\r\n                    <input type=\"text\" id=\"wcu-input-custom-1\" name=\"wcu-input-custom-1\"\r\n                    class=\"input-text form-control\" style=\"max-width: 300px;\" required                    value=\"\">\r\n                  <\/p>\r\n                                    <p class=\"wcu-register-field-col\">\r\n                    <label for=\"wcu-input-custom-2\">Facebook*<\/label>\r\n                    <input type=\"text\" id=\"wcu-input-custom-2\" name=\"wcu-input-custom-2\"\r\n                    class=\"input-text form-control\" style=\"max-width: 300px;\" required                    value=\"\">\r\n                  <\/p>\r\n                                    <p class=\"wcu-register-field-col\">\r\n                    <label for=\"wcu-input-custom-3\">Pinterest*<\/label>\r\n                    <input type=\"text\" id=\"wcu-input-custom-3\" name=\"wcu-input-custom-3\"\r\n                    class=\"input-text form-control\" style=\"max-width: 300px;\" required                    value=\"\">\r\n                  <\/p>\r\n                                    <p class=\"wcu-register-field-col\">\r\n                    <label for=\"wcu-input-custom-4\">Other channels*<\/label>\r\n                    <input type=\"text\" id=\"wcu-input-custom-4\" name=\"wcu-input-custom-4\"\r\n                    class=\"input-text form-control\" style=\"max-width: 300px;\" required                    value=\"\">\r\n                  <\/p>\r\n                              \r\n                                    <!-- HP -->\r\n            <div style=\"display: none;\">\r\n              <label for=\"wcu-input-hp\">Dont put anything here..<\/label>\r\n              <input type=\"text\" id=\"wcu-input-hp\" name=\"wcu-input-hp\" class=\"input-text\r\n              form-control\" autocomplete=\"off\" value=\"\">\r\n            <\/div>\r\n            \r\n            <!-- Terms -->\r\n                        <div class=\"wcu-reg-terms\">\r\n              <span style=\"margin-top: 1px; margin-right: 7px;\">\r\n                <input type=\"checkbox\" name=\"reg-checkbox\" value=\"check\" id=\"agree\" style=\"margin: 0;\" required><\/span>\r\n              <span style=\"line-height: 1.5em !important;\"><p>I have read and agree to the <a data-mce-href=\"https:\/\/samarali.com\/terms-conditions\/\" href=\"https:\/\/samarali.com\/terms-conditions\/\">Terms and Conditions<\/a> and <a data-mce-href=\"https:\/\/samarali.com\/privacy-policy\/\" href=\"https:\/\/samarali.com\/privacy-policy\/\">Privacy Policy<\/a>.<\/p><\/span>\r\n            <\/div>\r\n            \r\n            <div style=\"clear: both;\"><\/div>\r\n\r\n            <!-- Recaptcha -->\r\n            \r\n            <!-- Turnstile -->\r\n            \r\n            <div style=\"clear: both;\"><\/div>\r\n\r\n            \r\n            <input type=\"hidden\" id=\"wcusage_submit_registration_form1\" name=\"wcusage_submit_registration_form1\" value=\"fed3f366f9\" \/><input type=\"hidden\" name=\"_wp_http_referer\" value=\"\/sv\/wp-json\/wp\/v2\/pages\/33309\" \/>            <input type=\"hidden\" id=\"wcusage_submit_registration_form2\" name=\"wcusage_submit_registration_form2\" value=\"48033a1929\" \/><input type=\"hidden\" name=\"_wp_http_referer\" value=\"\/sv\/wp-json\/wp\/v2\/pages\/33309\" \/>\r\n            <p class=\"wcu-register-form-button\"><input type=\"submit\" class=\"woocommerce-button button\"  id=\"wcu-register-button\" name=\"submitaffiliateapplication\" value=\"L\u00e4mna In Ans\u00f6kan\"><\/p>\r\n\r\n            <i class=\"register-spinner fa fa-spinner fa-spin\" style=\"display: none; text-align: center; margin: 10px auto; font-size: 20px; width: 40px;\"><\/i>\r\n\r\n            \r\n          <\/form>\r\n          <\/div>\r\n\r\n        \r\n      \r\n      \r\n      <\/div>\r\n\r\n    \r\n    <\/div>\n\t\t\t\t\t\t<\/div>\n\t\t\t\t<\/div>\n\t\t\t\t\t<\/div>\n\t\t\t\t<\/div>\n\t\t\t\t<\/div>\n\t\t","protected":false},"excerpt":{"rendered":"<p>Bli ett dotterbolag<\/p>\n","protected":false},"author":4,"featured_media":0,"parent":27344,"menu_order":0,"comment_status":"closed","ping_status":"closed","template":"","meta":{"_acf_changed":false,"_improvement_type_select":"improve_an_existing","_thumb_yes_seoaic":false,"_frame_yes_seoaic":false,"seoaic_generate_description":"","seoaic_improve_instructions_prompt":"","seoaic_rollback_content_improvement":"","seoaic_idea_thumbnail_generator":"","thumbnail_generated":false,"thumbnail_generate_prompt":"","seoaic_article_description":"","inline_featured_image":false,"footnotes":""},"class_list":["post-33309","page","type-page","status-publish","hentry"],"acf":[],"yoast_head":"<!-- This site is optimized with the Yoast SEO Premium plugin v27.3 (Yoast SEO v27.3) - https:\/\/yoast.com\/product\/yoast-seo-premium-wordpress\/ -->\n<title>Bli en affiliate - Samarali<\/title>\n<meta name=\"robots\" content=\"index, follow, max-snippet:-1, max-image-preview:large, max-video-preview:-1\" \/>\n<link rel=\"canonical\" href=\"https:\/\/samarali.com\/sv\/affiliate-program\/bli-ett-dotterbolag\/\" \/>\n<meta property=\"og:locale\" content=\"sv_SE\" \/>\n<meta property=\"og:type\" content=\"article\" \/>\n<meta property=\"og:title\" content=\"Bli en affiliate\" \/>\n<meta property=\"og:description\" content=\"Bli ett dotterbolag\" \/>\n<meta property=\"og:url\" content=\"https:\/\/samarali.com\/sv\/affiliate-program\/bli-ett-dotterbolag\/\" \/>\n<meta property=\"og:site_name\" content=\"Samarali\" \/>\n<meta property=\"article:publisher\" content=\"https:\/\/www.facebook.com\/samaraliyoga\" \/>\n<meta property=\"article:modified_time\" content=\"2025-03-24T13:43:09+00:00\" \/>\n<meta property=\"og:image\" content=\"https:\/\/samarali.com\/wp-content\/uploads\/2024\/09\/Natural-rubber-yoga-mats-prune-and-dark-green_16.jpg\" \/>\n\t<meta property=\"og:image:width\" content=\"1000\" \/>\n\t<meta property=\"og:image:height\" content=\"1000\" \/>\n\t<meta property=\"og:image:type\" content=\"image\/jpeg\" \/>\n<meta name=\"twitter:card\" content=\"summary_large_image\" \/>\n<meta name=\"twitter:label1\" content=\"Ber\u00e4knad l\u00e4stid\" \/>\n\t<meta name=\"twitter:data1\" content=\"1 minut\" \/>\n<script type=\"application\/ld+json\" class=\"yoast-schema-graph\">{\"@context\":\"https:\\\/\\\/schema.org\",\"@graph\":[{\"@type\":\"WebPage\",\"@id\":\"https:\\\/\\\/samarali.com\\\/sv\\\/affiliate-program\\\/bli-ett-dotterbolag\\\/\",\"url\":\"https:\\\/\\\/samarali.com\\\/sv\\\/affiliate-program\\\/bli-ett-dotterbolag\\\/\",\"name\":\"Bli en affiliate - Samarali\",\"isPartOf\":{\"@id\":\"https:\\\/\\\/samarali.com\\\/sv\\\/#website\"},\"datePublished\":\"2025-03-07T07:45:56+00:00\",\"dateModified\":\"2025-03-24T13:43:09+00:00\",\"breadcrumb\":{\"@id\":\"https:\\\/\\\/samarali.com\\\/sv\\\/affiliate-program\\\/bli-ett-dotterbolag\\\/#breadcrumb\"},\"inLanguage\":\"sv-SE\",\"potentialAction\":[{\"@type\":\"ReadAction\",\"target\":[\"https:\\\/\\\/samarali.com\\\/sv\\\/affiliate-program\\\/bli-ett-dotterbolag\\\/\"]}]},{\"@type\":\"BreadcrumbList\",\"@id\":\"https:\\\/\\\/samarali.com\\\/sv\\\/affiliate-program\\\/bli-ett-dotterbolag\\\/#breadcrumb\",\"itemListElement\":[{\"@type\":\"ListItem\",\"position\":1,\"name\":\"Hem\",\"item\":\"https:\\\/\\\/samarali.com\\\/sv\\\/hem\\\/\"},{\"@type\":\"ListItem\",\"position\":2,\"name\":\"Affiliate-program\",\"item\":\"https:\\\/\\\/samarali.com\\\/sv\\\/affiliate-program\\\/\"},{\"@type\":\"ListItem\",\"position\":3,\"name\":\"Bli en affiliate\"}]},{\"@type\":\"WebSite\",\"@id\":\"https:\\\/\\\/samarali.com\\\/sv\\\/#website\",\"url\":\"https:\\\/\\\/samarali.com\\\/sv\\\/\",\"name\":\"Samarali\",\"description\":\"Samarali \u00e4r ett h\u00e5llbart yoga- och livsstilsvarum\u00e4rke baserat i Nederl\u00e4nderna\",\"publisher\":{\"@id\":\"https:\\\/\\\/samarali.com\\\/sv\\\/#organization\"},\"potentialAction\":[{\"@type\":\"SearchAction\",\"target\":{\"@type\":\"EntryPoint\",\"urlTemplate\":\"https:\\\/\\\/samarali.com\\\/sv\\\/?s={search_term_string}\"},\"query-input\":{\"@type\":\"PropertyValueSpecification\",\"valueRequired\":true,\"valueName\":\"search_term_string\"}}],\"inLanguage\":\"sv-SE\"},{\"@type\":\"Organization\",\"@id\":\"https:\\\/\\\/samarali.com\\\/sv\\\/#organization\",\"name\":\"Samarali\",\"url\":\"https:\\\/\\\/samarali.com\\\/sv\\\/\",\"logo\":{\"@type\":\"ImageObject\",\"inLanguage\":\"sv-SE\",\"@id\":\"https:\\\/\\\/samarali.com\\\/sv\\\/#\\\/schema\\\/logo\\\/image\\\/\",\"url\":\"https:\\\/\\\/samarali.com\\\/wp-content\\\/uploads\\\/2024\\\/05\\\/cropped-samarali-icon.png\",\"contentUrl\":\"https:\\\/\\\/samarali.com\\\/wp-content\\\/uploads\\\/2024\\\/05\\\/cropped-samarali-icon.png\",\"width\":512,\"height\":512,\"caption\":\"Samarali\"},\"image\":{\"@id\":\"https:\\\/\\\/samarali.com\\\/sv\\\/#\\\/schema\\\/logo\\\/image\\\/\"},\"sameAs\":[\"https:\\\/\\\/www.facebook.com\\\/samaraliyoga\",\"https:\\\/\\\/www.linkedin.com\\\/company\\\/69563155\\\/\",\"https:\\\/\\\/www.instagram.com\\\/samaraliyoga\\\/\",\"https:\\\/\\\/nl.pinterest.com\\\/Samaraliyoga\\\/\"],\"description\":\"Samarali is a sustainable yoga and lifestyle brand based in the Netherlands\",\"email\":\"info@samarali.com\",\"legalName\":\"Samarali B.V.\",\"vatID\":\"NL859820324B01\",\"numberOfEmployees\":{\"@type\":\"QuantitativeValue\",\"minValue\":\"1\",\"maxValue\":\"10\"}}]}<\/script>\n<!-- \/ Yoast SEO Premium plugin. -->","yoast_head_json":{"title":"Bli en affiliate - Samarali","robots":{"index":"index","follow":"follow","max-snippet":"max-snippet:-1","max-image-preview":"max-image-preview:large","max-video-preview":"max-video-preview:-1"},"canonical":"https:\/\/samarali.com\/sv\/affiliate-program\/bli-ett-dotterbolag\/","og_locale":"sv_SE","og_type":"article","og_title":"Bli en affiliate","og_description":"Bli ett dotterbolag","og_url":"https:\/\/samarali.com\/sv\/affiliate-program\/bli-ett-dotterbolag\/","og_site_name":"Samarali","article_publisher":"https:\/\/www.facebook.com\/samaraliyoga","article_modified_time":"2025-03-24T13:43:09+00:00","og_image":[{"width":1000,"height":1000,"url":"https:\/\/samarali.com\/wp-content\/uploads\/2024\/09\/Natural-rubber-yoga-mats-prune-and-dark-green_16.jpg","type":"image\/jpeg"}],"twitter_card":"summary_large_image","twitter_misc":{"Ber\u00e4knad l\u00e4stid":"1 minut"},"schema":{"@context":"https:\/\/schema.org","@graph":[{"@type":"WebPage","@id":"https:\/\/samarali.com\/sv\/affiliate-program\/bli-ett-dotterbolag\/","url":"https:\/\/samarali.com\/sv\/affiliate-program\/bli-ett-dotterbolag\/","name":"Bli en affiliate - Samarali","isPartOf":{"@id":"https:\/\/samarali.com\/sv\/#website"},"datePublished":"2025-03-07T07:45:56+00:00","dateModified":"2025-03-24T13:43:09+00:00","breadcrumb":{"@id":"https:\/\/samarali.com\/sv\/affiliate-program\/bli-ett-dotterbolag\/#breadcrumb"},"inLanguage":"sv-SE","potentialAction":[{"@type":"ReadAction","target":["https:\/\/samarali.com\/sv\/affiliate-program\/bli-ett-dotterbolag\/"]}]},{"@type":"BreadcrumbList","@id":"https:\/\/samarali.com\/sv\/affiliate-program\/bli-ett-dotterbolag\/#breadcrumb","itemListElement":[{"@type":"ListItem","position":1,"name":"Hem","item":"https:\/\/samarali.com\/sv\/hem\/"},{"@type":"ListItem","position":2,"name":"Affiliate-program","item":"https:\/\/samarali.com\/sv\/affiliate-program\/"},{"@type":"ListItem","position":3,"name":"Bli en affiliate"}]},{"@type":"WebSite","@id":"https:\/\/samarali.com\/sv\/#website","url":"https:\/\/samarali.com\/sv\/","name":"Samarali","description":"Samarali \u00e4r ett h\u00e5llbart yoga- och livsstilsvarum\u00e4rke baserat i Nederl\u00e4nderna","publisher":{"@id":"https:\/\/samarali.com\/sv\/#organization"},"potentialAction":[{"@type":"SearchAction","target":{"@type":"EntryPoint","urlTemplate":"https:\/\/samarali.com\/sv\/?s={search_term_string}"},"query-input":{"@type":"PropertyValueSpecification","valueRequired":true,"valueName":"search_term_string"}}],"inLanguage":"sv-SE"},{"@type":"Organization","@id":"https:\/\/samarali.com\/sv\/#organization","name":"Samarali","url":"https:\/\/samarali.com\/sv\/","logo":{"@type":"ImageObject","inLanguage":"sv-SE","@id":"https:\/\/samarali.com\/sv\/#\/schema\/logo\/image\/","url":"https:\/\/samarali.com\/wp-content\/uploads\/2024\/05\/cropped-samarali-icon.png","contentUrl":"https:\/\/samarali.com\/wp-content\/uploads\/2024\/05\/cropped-samarali-icon.png","width":512,"height":512,"caption":"Samarali"},"image":{"@id":"https:\/\/samarali.com\/sv\/#\/schema\/logo\/image\/"},"sameAs":["https:\/\/www.facebook.com\/samaraliyoga","https:\/\/www.linkedin.com\/company\/69563155\/","https:\/\/www.instagram.com\/samaraliyoga\/","https:\/\/nl.pinterest.com\/Samaraliyoga\/"],"description":"Samarali is a sustainable yoga and lifestyle brand based in the Netherlands","email":"info@samarali.com","legalName":"Samarali B.V.","vatID":"NL859820324B01","numberOfEmployees":{"@type":"QuantitativeValue","minValue":"1","maxValue":"10"}}]}},"jetpack_sharing_enabled":true,"_links":{"self":[{"href":"https:\/\/samarali.com\/sv\/wp-json\/wp\/v2\/pages\/33309","targetHints":{"allow":["GET"]}}],"collection":[{"href":"https:\/\/samarali.com\/sv\/wp-json\/wp\/v2\/pages"}],"about":[{"href":"https:\/\/samarali.com\/sv\/wp-json\/wp\/v2\/types\/page"}],"author":[{"embeddable":true,"href":"https:\/\/samarali.com\/sv\/wp-json\/wp\/v2\/users\/4"}],"replies":[{"embeddable":true,"href":"https:\/\/samarali.com\/sv\/wp-json\/wp\/v2\/comments?post=33309"}],"version-history":[{"count":7,"href":"https:\/\/samarali.com\/sv\/wp-json\/wp\/v2\/pages\/33309\/revisions"}],"predecessor-version":[{"id":33415,"href":"https:\/\/samarali.com\/sv\/wp-json\/wp\/v2\/pages\/33309\/revisions\/33415"}],"up":[{"embeddable":true,"href":"https:\/\/samarali.com\/sv\/wp-json\/wp\/v2\/pages\/27344"}],"wp:attachment":[{"href":"https:\/\/samarali.com\/sv\/wp-json\/wp\/v2\/media?parent=33309"}],"curies":[{"name":"wp","href":"https:\/\/api.w.org\/{rel}","templated":true}]}}