{"id":27453,"date":"2020-10-13T09:00:26","date_gmt":"2020-10-13T07:00:26","guid":{"rendered":"https:\/\/samarali.com\/om-oss\/"},"modified":"2024-10-14T13:50:58","modified_gmt":"2024-10-14T11:50:58","slug":"om-oss","status":"publish","type":"page","link":"https:\/\/samarali.com\/sv\/om-oss\/","title":{"rendered":"Om oss"},"content":{"rendered":"\t\t<div data-elementor-type=\"wp-page\" data-elementor-id=\"27453\" class=\"elementor elementor-27453 elementor-633\">\n\t\t\t\t\t\t<section class=\"elementor-section elementor-top-section elementor-element elementor-element-a9435d9 elementor-section-boxed elementor-section-height-default elementor-section-height-default\" data-id=\"a9435d9\" data-element_type=\"section\">\n\t\t\t\t\t\t<div class=\"elementor-container elementor-column-gap-extended\">\n\t\t\t\t\t<div class=\"elementor-column elementor-col-50 elementor-top-column elementor-element elementor-element-0f3eef1\" data-id=\"0f3eef1\" data-element_type=\"column\">\n\t\t\t<div class=\"elementor-widget-wrap elementor-element-populated\">\n\t\t\t\t\t\t<div class=\"elementor-element elementor-element-57f1c50 elementor-widget elementor-widget-heading\" data-id=\"57f1c50\" data-element_type=\"widget\" data-widget_type=\"heading.default\">\n\t\t\t\t<div class=\"elementor-widget-container\">\n\t\t\t\t\t<h6 class=\"elementor-heading-title elementor-size-default\">ber\u00e4ttelse<\/h6>\t\t\t\t<\/div>\n\t\t\t\t<\/div>\n\t\t\t\t<div class=\"elementor-element elementor-element-b2daf09 elementor-widget elementor-widget-heading\" data-id=\"b2daf09\" data-element_type=\"widget\" data-widget_type=\"heading.default\">\n\t\t\t\t<div class=\"elementor-widget-container\">\n\t\t\t\t\t<h3 class=\"elementor-heading-title elementor-size-default\">Om oss<\/h3>\t\t\t\t<\/div>\n\t\t\t\t<\/div>\n\t\t\t\t<div class=\"elementor-element elementor-element-20f4454 elementor-widget elementor-widget-text-editor\" data-id=\"20f4454\" data-element_type=\"widget\" data-widget_type=\"text-editor.default\">\n\t\t\t\t<div class=\"elementor-widget-container\">\n\t\t\t\t\t\t\t\t\t<p>Jag heter Nodira och \u00e4r f\u00f6dd och uppvuxen i Uzbekistans pulserande huvudstad Tasjkent.<br \/>\nRedan i tidig \u00e5lder var jag passionerat intresserad av tr\u00e4ning och dans och tillbringade st\u00f6rre delen av min tid utomhus, omgiven av naturen.<br \/>\nDenna djupa koppling till naturen har gjort b\u00e5de sport och natur till mina fr\u00e4msta k\u00e4llor till energi och motivation.  <\/p>\n\t\t\t\t\t\t\t\t<\/div>\n\t\t\t\t<\/div>\n\t\t\t\t<div class=\"elementor-element elementor-element-31617f0 elementor-widget__width-initial elementor-widget elementor-widget-text-editor\" data-id=\"31617f0\" data-element_type=\"widget\" data-widget_type=\"text-editor.default\">\n\t\t\t\t<div class=\"elementor-widget-container\">\n\t\t\t\t\t\t\t\t\t<h4><b>Uppt\u00e4ckten av yoga<\/b><\/h4>\n<p>Med en naturligt nyfiken sj\u00e4l utforskade jag m\u00e5nga olika sporter under hela mitt liv.<br \/>\nEn dag snubblade jag \u00f6ver yoga, och det \u00f6ppnade en helt ny v\u00e4rld f\u00f6r mig.<br \/>\nYogan har hj\u00e4lpt mig att bli mer uppm\u00e4rksam, t\u00e5lmodig och sj\u00e4lvmedveten.<br \/>\nJag blev f\u00f6r\u00e4lskad i den direkt och b\u00f6rjade tr\u00e4na enkla asanas som snart blev en viktig del av min dagliga rutin.     <\/p>\n\t\t\t\t\t\t\t\t<\/div>\n\t\t\t\t<\/div>\n\t\t\t\t\t<\/div>\n\t\t<\/div>\n\t\t\t\t<div class=\"elementor-column elementor-col-50 elementor-top-column elementor-element elementor-element-2ca6e37\" data-id=\"2ca6e37\" data-element_type=\"column\">\n\t\t\t<div class=\"elementor-widget-wrap elementor-element-populated\">\n\t\t\t\t\t\t<div class=\"elementor-element elementor-element-19a047b elementor-widget elementor-widget-image\" data-id=\"19a047b\" data-element_type=\"widget\" data-widget_type=\"image.default\">\n\t\t\t\t<div class=\"elementor-widget-container\">\n\t\t\t\t\t\t\t\t\t\t\t\t\t\t\t<img fetchpriority=\"high\" decoding=\"async\" width=\"640\" height=\"640\" src=\"https:\/\/samarali.com\/wp-content\/uploads\/2024\/09\/Samarali-6.jpg\" class=\"attachment-large size-large wp-image-26441\" alt=\"About Us  About\" srcset=\"https:\/\/samarali.com\/wp-content\/uploads\/2024\/09\/Samarali-6.jpg 1000w, https:\/\/samarali.com\/wp-content\/uploads\/2024\/09\/Samarali-6-300x300.jpg 300w, https:\/\/samarali.com\/wp-content\/uploads\/2024\/09\/Samarali-6-150x150.jpg 150w, https:\/\/samarali.com\/wp-content\/uploads\/2024\/09\/Samarali-6-768x768.jpg 768w, https:\/\/samarali.com\/wp-content\/uploads\/2024\/09\/Samarali-6-500x500.jpg 500w, https:\/\/samarali.com\/wp-content\/uploads\/2024\/09\/Samarali-6-670x670.jpg 670w, https:\/\/samarali.com\/wp-content\/uploads\/2024\/09\/Samarali-6-130x130.jpg 130w, https:\/\/samarali.com\/wp-content\/uploads\/2024\/09\/Samarali-6-50x50.jpg 50w, https:\/\/samarali.com\/wp-content\/uploads\/2024\/09\/Samarali-6-100x100.jpg 100w\" sizes=\"(max-width: 640px) 100vw, 640px\" \/>\t\t\t\t\t\t\t\t\t\t\t\t\t\t\t<\/div>\n\t\t\t\t<\/div>\n\t\t\t\t\t<\/div>\n\t\t<\/div>\n\t\t\t\t\t<\/div>\n\t\t<\/section>\n\t\t\t\t<section class=\"elementor-section elementor-top-section elementor-element elementor-element-aa9529d elementor-section-boxed elementor-section-height-default elementor-section-height-default\" data-id=\"aa9529d\" data-element_type=\"section\">\n\t\t\t\t\t\t<div class=\"elementor-container elementor-column-gap-extended\">\n\t\t\t\t\t<div class=\"elementor-column elementor-col-50 elementor-top-column elementor-element elementor-element-925596a\" data-id=\"925596a\" data-element_type=\"column\">\n\t\t\t<div class=\"elementor-widget-wrap elementor-element-populated\">\n\t\t\t\t\t\t<div class=\"elementor-element elementor-element-0873476 elementor-widget elementor-widget-image\" data-id=\"0873476\" data-element_type=\"widget\" data-widget_type=\"image.default\">\n\t\t\t\t<div class=\"elementor-widget-container\">\n\t\t\t\t\t\t\t\t\t\t\t\t\t\t\t<img decoding=\"async\" width=\"640\" height=\"640\" src=\"https:\/\/samarali.com\/wp-content\/uploads\/2024\/08\/Samarali-yoga-bags.jpg\" class=\"attachment-large size-large wp-image-24982\" alt=\"Yogamattev\u00e4ska Yogamattev\u00e4ska Yogamattev\u00e4ska Yogamattev\u00e4ska Yogamattev\u00e4ska Yogamattev\u00e4ska Yogamattev\u00e4ska Yogamattev\u00e4ska Yogamattev\u00e4ska Yogamattev\u00e4ska Yogamattev\u00e4ska Yogamattev\u00e4ska Yogamattev\u00e4ska kork yogamattev\u00e4ska och korkryggs\u00e4ck Yogamattev\u00e4ska Yogamattev\u00e4ska Yogamattev\u00e4ska Yogamattev\u00e4ska Yogamattev\u00e4ska Yogamattev\u00e4ska Yogamattev\u00e4ska Yogamattev\u00e4ska Yogamattev\u00e4ska\" srcset=\"https:\/\/samarali.com\/wp-content\/uploads\/2024\/08\/Samarali-yoga-bags.jpg 1000w, https:\/\/samarali.com\/wp-content\/uploads\/2024\/08\/Samarali-yoga-bags-300x300.jpg 300w, https:\/\/samarali.com\/wp-content\/uploads\/2024\/08\/Samarali-yoga-bags-150x150.jpg 150w, https:\/\/samarali.com\/wp-content\/uploads\/2024\/08\/Samarali-yoga-bags-768x768.jpg 768w, https:\/\/samarali.com\/wp-content\/uploads\/2024\/08\/Samarali-yoga-bags-500x500.jpg 500w, https:\/\/samarali.com\/wp-content\/uploads\/2024\/08\/Samarali-yoga-bags-670x670.jpg 670w, https:\/\/samarali.com\/wp-content\/uploads\/2024\/08\/Samarali-yoga-bags-130x130.jpg 130w, https:\/\/samarali.com\/wp-content\/uploads\/2024\/08\/Samarali-yoga-bags-50x50.jpg 50w, https:\/\/samarali.com\/wp-content\/uploads\/2024\/08\/Samarali-yoga-bags-100x100.jpg 100w\" sizes=\"(max-width: 640px) 100vw, 640px\" \/>\t\t\t\t\t\t\t\t\t\t\t\t\t\t\t<\/div>\n\t\t\t\t<\/div>\n\t\t\t\t\t<\/div>\n\t\t<\/div>\n\t\t\t\t<div class=\"elementor-column elementor-col-50 elementor-top-column elementor-element elementor-element-5612fee\" data-id=\"5612fee\" data-element_type=\"column\">\n\t\t\t<div class=\"elementor-widget-wrap elementor-element-populated\">\n\t\t\t\t\t\t<div class=\"elementor-element elementor-element-ed70999 elementor-widget elementor-widget-text-editor\" data-id=\"ed70999\" data-element_type=\"widget\" data-widget_type=\"text-editor.default\">\n\t\t\t\t<div class=\"elementor-widget-container\">\n\t\t\t\t\t\t\t\t\t<h4><span style=\"white-space-collapse: preserve;\"><b>Passion f\u00f6r h\u00e5llbara yogaprodukter  <\/b><\/span><\/h4>\n<p><span style=\"white-space-collapse: preserve;\">I takt med att min passion f\u00f6r yoga f\u00f6rdjupades b\u00f6rjade jag leta efter h\u00e5llbara produkter f\u00f6r att f\u00f6rb\u00e4ttra min praktik.<br \/>\nJag hade dock sv\u00e5rt att hitta milj\u00f6v\u00e4nliga yogaredskap av h\u00f6g kvalitet som st\u00e4mde \u00f6verens med mina v\u00e4rderingar.<br \/>\nDetta v\u00e4ckte id\u00e9n om att starta ett f\u00f6retag d\u00e4r jag kunde skapa vackra, h\u00e5llbara produkter, inspirerade av unik centralasiatisk design, och samtidigt vara sn\u00e4ll mot milj\u00f6n.    <\/span><\/p>\n\t\t\t\t\t\t\t\t<\/div>\n\t\t\t\t<\/div>\n\t\t\t\t<div class=\"elementor-element elementor-element-2c01c8e elementor-widget elementor-widget-text-editor\" data-id=\"2c01c8e\" data-element_type=\"widget\" data-widget_type=\"text-editor.default\">\n\t\t\t\t<div class=\"elementor-widget-container\">\n\t\t\t\t\t\t\t\t\t<h4><span style=\"white-space-collapse: preserve;\"><b>Vision och m\u00e5l f\u00f6r verksamheten<\/b> <\/span><\/h4>\n<p><span style=\"white-space-collapse: preserve;\">P\u00e5 Samarali \u00e4r v\u00e5r vision att skapa h\u00f6gkvalitativa yogaverktyg som hedrar Centralasiens rika arv samtidigt som vi prioriterar milj\u00f6medvetenhet.<br \/>\nV\u00e5ra produkter har en sl\u00e5ende design som \u00e5terspeglar b\u00e5de kulturell sk\u00f6nhet och v\u00e5rt djupa engagemang f\u00f6r h\u00e5llbarhet.<br \/>\nMed varje steg str\u00e4var vi efter att f\u00f6rnya och kontinuerligt f\u00f6rb\u00e4ttra, vilket s\u00e4kerst\u00e4ller att v\u00e5r resa mot en mer h\u00e5llbar framtid aldrig tar slut.  <\/span><\/p>\n\t\t\t\t\t\t\t\t<\/div>\n\t\t\t\t<\/div>\n\t\t\t\t\t<\/div>\n\t\t<\/div>\n\t\t\t\t\t<\/div>\n\t\t<\/section>\n\t\t<div class=\"elementor-element elementor-element-291e833 e-flex e-con-boxed e-con e-parent\" data-id=\"291e833\" data-element_type=\"container\">\n\t\t\t\t\t<div class=\"e-con-inner\">\n\t\t<div class=\"elementor-element elementor-element-6813fdc e-con-full e-flex e-con e-child\" data-id=\"6813fdc\" data-element_type=\"container\">\n\t\t\t\t<div class=\"elementor-element elementor-element-742e2a8 elementor-widget elementor-widget-text-editor\" data-id=\"742e2a8\" data-element_type=\"widget\" data-widget_type=\"text-editor.default\">\n\t\t\t\t<div class=\"elementor-widget-container\">\n\t\t\t\t\t\t\t\t\t<h4>Samh\u00e4lls- och milj\u00f6p\u00e5verkan<\/h4>\n<p>Vi \u00e4r fast beslutna att ha en positiv inverkan, inte bara genom v\u00e5ra produkter, utan \u00e4ven genom att st\u00f6dja milj\u00f6organisationer som arbetar f\u00f6r att skydda v\u00e5r planet.<\/p>\n<p>Tack f\u00f6r att du \u00e4r en del av den h\u00e4r resan.<br \/>\nTillsammans kan vi skapa en mer h\u00e5llbar och vacker framtid, en produkt i taget.<br \/>\nVi ses snart igen!  <\/p>\n<p>Vi ses snart igen!  <\/p>\n<p>Nodira<\/p>\n<p>Grundare och VD f\u00f6r Samarali<\/p>\n<\/p>\n<div> <\/div>\n\t\t\t\t\t\t\t\t<\/div>\n\t\t\t\t<\/div>\n\t\t\t\t<\/div>\n\t\t<div class=\"elementor-element elementor-element-cb6b391 e-con-full e-flex e-con e-child\" data-id=\"cb6b391\" data-element_type=\"container\">\n\t\t\t\t<div class=\"elementor-element elementor-element-8c69622 elementor-widget elementor-widget-image\" data-id=\"8c69622\" data-element_type=\"widget\" data-widget_type=\"image.default\">\n\t\t\t\t<div class=\"elementor-widget-container\">\n\t\t\t\t\t\t\t\t\t\t\t\t\t\t\t<img decoding=\"async\" width=\"640\" height=\"640\" src=\"https:\/\/samarali.com\/wp-content\/uploads\/2024\/09\/Samarali-9.jpg\" class=\"attachment-large size-large wp-image-26436\" alt=\"About Us  About\" srcset=\"https:\/\/samarali.com\/wp-content\/uploads\/2024\/09\/Samarali-9.jpg 1000w, https:\/\/samarali.com\/wp-content\/uploads\/2024\/09\/Samarali-9-300x300.jpg 300w, https:\/\/samarali.com\/wp-content\/uploads\/2024\/09\/Samarali-9-150x150.jpg 150w, https:\/\/samarali.com\/wp-content\/uploads\/2024\/09\/Samarali-9-768x768.jpg 768w, https:\/\/samarali.com\/wp-content\/uploads\/2024\/09\/Samarali-9-500x500.jpg 500w, https:\/\/samarali.com\/wp-content\/uploads\/2024\/09\/Samarali-9-670x670.jpg 670w, https:\/\/samarali.com\/wp-content\/uploads\/2024\/09\/Samarali-9-130x130.jpg 130w, https:\/\/samarali.com\/wp-content\/uploads\/2024\/09\/Samarali-9-50x50.jpg 50w, https:\/\/samarali.com\/wp-content\/uploads\/2024\/09\/Samarali-9-100x100.jpg 100w\" sizes=\"(max-width: 640px) 100vw, 640px\" \/>\t\t\t\t\t\t\t\t\t\t\t\t\t\t\t<\/div>\n\t\t\t\t<\/div>\n\t\t\t\t<\/div>\n\t\t\t\t\t<\/div>\n\t\t\t\t<\/div>\n\t\t\t\t<section class=\"elementor-section elementor-top-section elementor-element elementor-element-40b30cb elementor-section-boxed elementor-section-height-default elementor-section-height-default\" data-id=\"40b30cb\" data-element_type=\"section\">\n\t\t\t\t\t\t<div class=\"elementor-container elementor-column-gap-extended\">\n\t\t\t\t\t<div class=\"elementor-column elementor-col-100 elementor-top-column elementor-element elementor-element-19bed29\" data-id=\"19bed29\" data-element_type=\"column\">\n\t\t\t<div class=\"elementor-widget-wrap elementor-element-populated\">\n\t\t\t\t\t\t\t<\/div>\n\t\t<\/div>\n\t\t\t\t\t<\/div>\n\t\t<\/section>\n\t\t\t\t<\/div>\n\t\t","protected":false},"excerpt":{"rendered":"<p>ber\u00e4ttelse Om oss Jag heter Nodira och \u00e4r f\u00f6dd och uppvuxen i Uzbekistans pulserande huvudstad Tasjkent. Redan i tidig \u00e5lder var jag passionerat intresserad av tr\u00e4ning och dans och tillbringade st\u00f6rre delen av min tid utomhus, omgiven av naturen. Denna djupa koppling till naturen har gjort b\u00e5de sport och natur till mina fr\u00e4msta k\u00e4llor till [&hellip;]<\/p>\n","protected":false},"author":1,"featured_media":0,"parent":0,"menu_order":0,"comment_status":"closed","ping_status":"closed","template":"","meta":{"_acf_changed":false,"_improvement_type_select":"improve_an_existing","_thumb_yes_seoaic":false,"_frame_yes_seoaic":false,"seoaic_generate_description":"","seoaic_improve_instructions_prompt":"","seoaic_rollback_content_improvement":"","seoaic_idea_thumbnail_generator":"","thumbnail_generated":false,"thumbnail_generate_prompt":"","seoaic_article_description":"","inline_featured_image":false,"footnotes":""},"class_list":["post-27453","page","type-page","status-publish","hentry"],"acf":[],"yoast_head":"<!-- This site is optimized with the Yoast SEO Premium plugin v27.4 (Yoast SEO v27.4) - https:\/\/yoast.com\/product\/yoast-seo-premium-wordpress\/ -->\n<title>Om oss - Samarali<\/title>\n<meta name=\"description\" content=\"Uppt\u00e4ck historien bakom v\u00e5r passion f\u00f6r yoga och h\u00e5llbara produkter. L\u00e4r dig hur allt b\u00f6rjade med Nodiras resa fr\u00e5n Uzbekistan till en medveten yogapraktik.\" \/>\n<meta name=\"robots\" content=\"index, follow, max-snippet:-1, max-image-preview:large, max-video-preview:-1\" \/>\n<link rel=\"canonical\" href=\"https:\/\/samarali.com\/sv\/om-oss\/\" \/>\n<meta property=\"og:locale\" content=\"sv_SE\" \/>\n<meta property=\"og:type\" content=\"article\" \/>\n<meta property=\"og:title\" content=\"Om oss\" \/>\n<meta property=\"og:description\" content=\"Uppt\u00e4ck historien bakom v\u00e5r passion f\u00f6r yoga och h\u00e5llbara produkter. L\u00e4r dig hur allt b\u00f6rjade med Nodiras resa fr\u00e5n Uzbekistan till en medveten yogapraktik.\" \/>\n<meta property=\"og:url\" content=\"https:\/\/samarali.com\/sv\/om-oss\/\" \/>\n<meta property=\"og:site_name\" content=\"Samarali\" \/>\n<meta property=\"article:publisher\" content=\"https:\/\/www.facebook.com\/samaraliyoga\" \/>\n<meta property=\"article:modified_time\" content=\"2024-10-14T11:50:58+00:00\" \/>\n<meta property=\"og:image\" content=\"https:\/\/samarali.com\/wp-content\/uploads\/2024\/09\/Samarali-6.jpg\" \/>\n\t<meta property=\"og:image:width\" content=\"1000\" \/>\n\t<meta property=\"og:image:height\" content=\"1000\" \/>\n\t<meta property=\"og:image:type\" content=\"image\/jpeg\" \/>\n<meta name=\"twitter:card\" content=\"summary_large_image\" \/>\n<meta name=\"twitter:label1\" content=\"Ber\u00e4knad l\u00e4stid\" \/>\n\t<meta name=\"twitter:data1\" content=\"2 minut\" \/>\n<script type=\"application\/ld+json\" class=\"yoast-schema-graph\">{\"@context\":\"https:\\\/\\\/schema.org\",\"@graph\":[{\"@type\":\"WebPage\",\"@id\":\"https:\\\/\\\/samarali.com\\\/sv\\\/om-oss\\\/\",\"url\":\"https:\\\/\\\/samarali.com\\\/sv\\\/om-oss\\\/\",\"name\":\"Om oss - Samarali\",\"isPartOf\":{\"@id\":\"https:\\\/\\\/samarali.com\\\/sv\\\/#website\"},\"primaryImageOfPage\":{\"@id\":\"https:\\\/\\\/samarali.com\\\/sv\\\/om-oss\\\/#primaryimage\"},\"image\":{\"@id\":\"https:\\\/\\\/samarali.com\\\/sv\\\/om-oss\\\/#primaryimage\"},\"thumbnailUrl\":\"https:\\\/\\\/samarali.com\\\/wp-content\\\/uploads\\\/2024\\\/09\\\/Samarali-6.jpg\",\"datePublished\":\"2020-10-13T07:00:26+00:00\",\"dateModified\":\"2024-10-14T11:50:58+00:00\",\"description\":\"Uppt\u00e4ck historien bakom v\u00e5r passion f\u00f6r yoga och h\u00e5llbara produkter. L\u00e4r dig hur allt b\u00f6rjade med Nodiras resa fr\u00e5n Uzbekistan till en medveten yogapraktik.\",\"breadcrumb\":{\"@id\":\"https:\\\/\\\/samarali.com\\\/sv\\\/om-oss\\\/#breadcrumb\"},\"inLanguage\":\"sv-SE\",\"potentialAction\":[{\"@type\":\"ReadAction\",\"target\":[\"https:\\\/\\\/samarali.com\\\/sv\\\/om-oss\\\/\"]}]},{\"@type\":\"ImageObject\",\"inLanguage\":\"sv-SE\",\"@id\":\"https:\\\/\\\/samarali.com\\\/sv\\\/om-oss\\\/#primaryimage\",\"url\":\"https:\\\/\\\/samarali.com\\\/wp-content\\\/uploads\\\/2024\\\/09\\\/Samarali-6.jpg\",\"contentUrl\":\"https:\\\/\\\/samarali.com\\\/wp-content\\\/uploads\\\/2024\\\/09\\\/Samarali-6.jpg\"},{\"@type\":\"BreadcrumbList\",\"@id\":\"https:\\\/\\\/samarali.com\\\/sv\\\/om-oss\\\/#breadcrumb\",\"itemListElement\":[{\"@type\":\"ListItem\",\"position\":1,\"name\":\"Hem\",\"item\":\"https:\\\/\\\/samarali.com\\\/sv\\\/hem\\\/\"},{\"@type\":\"ListItem\",\"position\":2,\"name\":\"Om oss\"}]},{\"@type\":\"WebSite\",\"@id\":\"https:\\\/\\\/samarali.com\\\/sv\\\/#website\",\"url\":\"https:\\\/\\\/samarali.com\\\/sv\\\/\",\"name\":\"Samarali\",\"description\":\"Samarali \u00e4r ett h\u00e5llbart yoga- och livsstilsvarum\u00e4rke baserat i Nederl\u00e4nderna\",\"publisher\":{\"@id\":\"https:\\\/\\\/samarali.com\\\/sv\\\/#organization\"},\"potentialAction\":[{\"@type\":\"SearchAction\",\"target\":{\"@type\":\"EntryPoint\",\"urlTemplate\":\"https:\\\/\\\/samarali.com\\\/sv\\\/?s={search_term_string}\"},\"query-input\":{\"@type\":\"PropertyValueSpecification\",\"valueRequired\":true,\"valueName\":\"search_term_string\"}}],\"inLanguage\":\"sv-SE\"},{\"@type\":\"Organization\",\"@id\":\"https:\\\/\\\/samarali.com\\\/sv\\\/#organization\",\"name\":\"Samarali\",\"url\":\"https:\\\/\\\/samarali.com\\\/sv\\\/\",\"logo\":{\"@type\":\"ImageObject\",\"inLanguage\":\"sv-SE\",\"@id\":\"https:\\\/\\\/samarali.com\\\/sv\\\/#\\\/schema\\\/logo\\\/image\\\/\",\"url\":\"https:\\\/\\\/samarali.com\\\/wp-content\\\/uploads\\\/2024\\\/05\\\/cropped-samarali-icon.png\",\"contentUrl\":\"https:\\\/\\\/samarali.com\\\/wp-content\\\/uploads\\\/2024\\\/05\\\/cropped-samarali-icon.png\",\"width\":512,\"height\":512,\"caption\":\"Samarali\"},\"image\":{\"@id\":\"https:\\\/\\\/samarali.com\\\/sv\\\/#\\\/schema\\\/logo\\\/image\\\/\"},\"sameAs\":[\"https:\\\/\\\/www.facebook.com\\\/samaraliyoga\",\"https:\\\/\\\/www.linkedin.com\\\/company\\\/69563155\\\/\",\"https:\\\/\\\/www.instagram.com\\\/samaraliyoga\\\/\",\"https:\\\/\\\/nl.pinterest.com\\\/Samaraliyoga\\\/\"],\"description\":\"Samarali is a sustainable yoga and lifestyle brand based in the Netherlands\",\"email\":\"info@samarali.com\",\"legalName\":\"Samarali B.V.\",\"vatID\":\"NL859820324B01\",\"numberOfEmployees\":{\"@type\":\"QuantitativeValue\",\"minValue\":\"1\",\"maxValue\":\"10\"}}]}<\/script>\n<!-- \/ Yoast SEO Premium plugin. -->","yoast_head_json":{"title":"Om oss - Samarali","description":"Uppt\u00e4ck historien bakom v\u00e5r passion f\u00f6r yoga och h\u00e5llbara produkter. L\u00e4r dig hur allt b\u00f6rjade med Nodiras resa fr\u00e5n Uzbekistan till en medveten yogapraktik.","robots":{"index":"index","follow":"follow","max-snippet":"max-snippet:-1","max-image-preview":"max-image-preview:large","max-video-preview":"max-video-preview:-1"},"canonical":"https:\/\/samarali.com\/sv\/om-oss\/","og_locale":"sv_SE","og_type":"article","og_title":"Om oss","og_description":"Uppt\u00e4ck historien bakom v\u00e5r passion f\u00f6r yoga och h\u00e5llbara produkter. L\u00e4r dig hur allt b\u00f6rjade med Nodiras resa fr\u00e5n Uzbekistan till en medveten yogapraktik.","og_url":"https:\/\/samarali.com\/sv\/om-oss\/","og_site_name":"Samarali","article_publisher":"https:\/\/www.facebook.com\/samaraliyoga","article_modified_time":"2024-10-14T11:50:58+00:00","og_image":[{"width":1000,"height":1000,"url":"https:\/\/samarali.com\/wp-content\/uploads\/2024\/09\/Samarali-6.jpg","type":"image\/jpeg"}],"twitter_card":"summary_large_image","twitter_misc":{"Ber\u00e4knad l\u00e4stid":"2 minut"},"schema":{"@context":"https:\/\/schema.org","@graph":[{"@type":"WebPage","@id":"https:\/\/samarali.com\/sv\/om-oss\/","url":"https:\/\/samarali.com\/sv\/om-oss\/","name":"Om oss - Samarali","isPartOf":{"@id":"https:\/\/samarali.com\/sv\/#website"},"primaryImageOfPage":{"@id":"https:\/\/samarali.com\/sv\/om-oss\/#primaryimage"},"image":{"@id":"https:\/\/samarali.com\/sv\/om-oss\/#primaryimage"},"thumbnailUrl":"https:\/\/samarali.com\/wp-content\/uploads\/2024\/09\/Samarali-6.jpg","datePublished":"2020-10-13T07:00:26+00:00","dateModified":"2024-10-14T11:50:58+00:00","description":"Uppt\u00e4ck historien bakom v\u00e5r passion f\u00f6r yoga och h\u00e5llbara produkter. L\u00e4r dig hur allt b\u00f6rjade med Nodiras resa fr\u00e5n Uzbekistan till en medveten yogapraktik.","breadcrumb":{"@id":"https:\/\/samarali.com\/sv\/om-oss\/#breadcrumb"},"inLanguage":"sv-SE","potentialAction":[{"@type":"ReadAction","target":["https:\/\/samarali.com\/sv\/om-oss\/"]}]},{"@type":"ImageObject","inLanguage":"sv-SE","@id":"https:\/\/samarali.com\/sv\/om-oss\/#primaryimage","url":"https:\/\/samarali.com\/wp-content\/uploads\/2024\/09\/Samarali-6.jpg","contentUrl":"https:\/\/samarali.com\/wp-content\/uploads\/2024\/09\/Samarali-6.jpg"},{"@type":"BreadcrumbList","@id":"https:\/\/samarali.com\/sv\/om-oss\/#breadcrumb","itemListElement":[{"@type":"ListItem","position":1,"name":"Hem","item":"https:\/\/samarali.com\/sv\/hem\/"},{"@type":"ListItem","position":2,"name":"Om oss"}]},{"@type":"WebSite","@id":"https:\/\/samarali.com\/sv\/#website","url":"https:\/\/samarali.com\/sv\/","name":"Samarali","description":"Samarali \u00e4r ett h\u00e5llbart yoga- och livsstilsvarum\u00e4rke baserat i Nederl\u00e4nderna","publisher":{"@id":"https:\/\/samarali.com\/sv\/#organization"},"potentialAction":[{"@type":"SearchAction","target":{"@type":"EntryPoint","urlTemplate":"https:\/\/samarali.com\/sv\/?s={search_term_string}"},"query-input":{"@type":"PropertyValueSpecification","valueRequired":true,"valueName":"search_term_string"}}],"inLanguage":"sv-SE"},{"@type":"Organization","@id":"https:\/\/samarali.com\/sv\/#organization","name":"Samarali","url":"https:\/\/samarali.com\/sv\/","logo":{"@type":"ImageObject","inLanguage":"sv-SE","@id":"https:\/\/samarali.com\/sv\/#\/schema\/logo\/image\/","url":"https:\/\/samarali.com\/wp-content\/uploads\/2024\/05\/cropped-samarali-icon.png","contentUrl":"https:\/\/samarali.com\/wp-content\/uploads\/2024\/05\/cropped-samarali-icon.png","width":512,"height":512,"caption":"Samarali"},"image":{"@id":"https:\/\/samarali.com\/sv\/#\/schema\/logo\/image\/"},"sameAs":["https:\/\/www.facebook.com\/samaraliyoga","https:\/\/www.linkedin.com\/company\/69563155\/","https:\/\/www.instagram.com\/samaraliyoga\/","https:\/\/nl.pinterest.com\/Samaraliyoga\/"],"description":"Samarali is a sustainable yoga and lifestyle brand based in the Netherlands","email":"info@samarali.com","legalName":"Samarali B.V.","vatID":"NL859820324B01","numberOfEmployees":{"@type":"QuantitativeValue","minValue":"1","maxValue":"10"}}]}},"jetpack_sharing_enabled":true,"_links":{"self":[{"href":"https:\/\/samarali.com\/sv\/wp-json\/wp\/v2\/pages\/27453","targetHints":{"allow":["GET"]}}],"collection":[{"href":"https:\/\/samarali.com\/sv\/wp-json\/wp\/v2\/pages"}],"about":[{"href":"https:\/\/samarali.com\/sv\/wp-json\/wp\/v2\/types\/page"}],"author":[{"embeddable":true,"href":"https:\/\/samarali.com\/sv\/wp-json\/wp\/v2\/users\/1"}],"replies":[{"embeddable":true,"href":"https:\/\/samarali.com\/sv\/wp-json\/wp\/v2\/comments?post=27453"}],"version-history":[{"count":7,"href":"https:\/\/samarali.com\/sv\/wp-json\/wp\/v2\/pages\/27453\/revisions"}],"predecessor-version":[{"id":31849,"href":"https:\/\/samarali.com\/sv\/wp-json\/wp\/v2\/pages\/27453\/revisions\/31849"}],"wp:attachment":[{"href":"https:\/\/samarali.com\/sv\/wp-json\/wp\/v2\/media?parent=27453"}],"curies":[{"name":"wp","href":"https:\/\/api.w.org\/{rel}","templated":true}]}}