{"id":27344,"date":"2024-07-04T12:20:50","date_gmt":"2024-07-04T10:20:50","guid":{"rendered":"https:\/\/samarali.com\/affiliate-program\/"},"modified":"2025-03-16T12:35:24","modified_gmt":"2025-03-16T11:35:24","slug":"affiliate-program","status":"publish","type":"page","link":"https:\/\/samarali.com\/sv\/affiliate-program\/","title":{"rendered":"Affiliate-program"},"content":{"rendered":"\t\t<div data-elementor-type=\"wp-page\" data-elementor-id=\"27344\" class=\"elementor elementor-27344 elementor-14579\">\n\t\t\t\t\t\t<section class=\"elementor-section elementor-top-section elementor-element elementor-element-0c224ae elementor-section-boxed elementor-section-height-default elementor-section-height-default\" data-id=\"0c224ae\" data-element_type=\"section\">\n\t\t\t\t\t\t<div class=\"elementor-container elementor-column-gap-extended\">\n\t\t\t\t\t<div class=\"elementor-column elementor-col-50 elementor-top-column elementor-element elementor-element-51b91c1\" data-id=\"51b91c1\" data-element_type=\"column\">\n\t\t\t<div class=\"elementor-widget-wrap elementor-element-populated\">\n\t\t\t\t\t\t<div class=\"elementor-element elementor-element-2b441bd elementor-widget elementor-widget-image\" data-id=\"2b441bd\" data-element_type=\"widget\" data-widget_type=\"image.default\">\n\t\t\t\t<div class=\"elementor-widget-container\">\n\t\t\t\t\t\t\t\t\t\t\t\t\t\t\t<img fetchpriority=\"high\" decoding=\"async\" width=\"640\" height=\"427\" src=\"https:\/\/samarali.com\/wp-content\/uploads\/2024\/07\/Winish-DSC_4276-1024x683.jpg\" class=\"attachment-large size-large wp-image-14614\" alt=\"Affiliate-program\" srcset=\"https:\/\/samarali.com\/wp-content\/uploads\/2024\/07\/Winish-DSC_4276-1024x683.jpg 1024w, https:\/\/samarali.com\/wp-content\/uploads\/2024\/07\/Winish-DSC_4276-scaled-670x447.jpg 670w, https:\/\/samarali.com\/wp-content\/uploads\/2024\/07\/Winish-DSC_4276-300x200.jpg 300w, https:\/\/samarali.com\/wp-content\/uploads\/2024\/07\/Winish-DSC_4276-768x512.jpg 768w, https:\/\/samarali.com\/wp-content\/uploads\/2024\/07\/Winish-DSC_4276-1536x1024.jpg 1536w, https:\/\/samarali.com\/wp-content\/uploads\/2024\/07\/Winish-DSC_4276-2048x1365.jpg 2048w, https:\/\/samarali.com\/wp-content\/uploads\/2024\/07\/Winish-DSC_4276-1320x880.jpg 1320w\" sizes=\"(max-width: 640px) 100vw, 640px\" \/>\t\t\t\t\t\t\t\t\t\t\t\t\t\t\t<\/div>\n\t\t\t\t<\/div>\n\t\t\t\t\t<\/div>\n\t\t<\/div>\n\t\t\t\t<div class=\"elementor-column elementor-col-50 elementor-top-column elementor-element elementor-element-4e85892\" data-id=\"4e85892\" data-element_type=\"column\">\n\t\t\t<div class=\"elementor-widget-wrap elementor-element-populated\">\n\t\t\t\t\t\t<div class=\"elementor-element elementor-element-f494397 elementor-widget elementor-widget-heading\" data-id=\"f494397\" data-element_type=\"widget\" data-widget_type=\"heading.default\">\n\t\t\t\t<div class=\"elementor-widget-container\">\n\t\t\t\t\t<h6 class=\"elementor-heading-title elementor-size-default\">Affiliate<\/h6>\t\t\t\t<\/div>\n\t\t\t\t<\/div>\n\t\t\t\t<div class=\"elementor-element elementor-element-27e61eb elementor-widget elementor-widget-heading\" data-id=\"27e61eb\" data-element_type=\"widget\" data-widget_type=\"heading.default\">\n\t\t\t\t<div class=\"elementor-widget-container\">\n\t\t\t\t\t<h3 class=\"elementor-heading-title elementor-size-default\">Program<\/h3>\t\t\t\t<\/div>\n\t\t\t\t<\/div>\n\t\t\t\t<div class=\"elementor-element elementor-element-e7f8918 elementor-widget elementor-widget-text-editor\" data-id=\"e7f8918\" data-element_type=\"widget\" data-widget_type=\"text-editor.default\">\n\t\t\t\t<div class=\"elementor-widget-container\">\n\t\t\t\t\t\t\t\t\t<p>\u00c4r du en ivrig bloggare, influencer, yogal\u00e4rare eller helt enkelt passionerad av v\u00e5ra produkter? H\u00e4r \u00e4r din chans att dela din k\u00e4rlek till Samarali med ditt n\u00e4tverk eller dina v\u00e4nner genom att bli en affiliate f\u00f6r varum\u00e4rket Samarali. <\/p>\n<p>Och naturligtvis finns det n\u00e5got i det f\u00f6r dig ocks\u00e5! Som Samarali-affiliate f\u00e5r du bel\u00f6ningar f\u00f6r att marknadsf\u00f6ra v\u00e5ra milj\u00f6v\u00e4nliga, vackert designade yogaprodukter samtidigt som du hj\u00e4lper till att sprida ordet om h\u00e5llbarhet. <\/p>\n<p>\u00c4r du redo att f\u00f6lja med oss p\u00e5 den h\u00e4r resan? L\u00e5t oss skapa en b\u00e4ttre morgondag tillsammans! <\/p>\n\t\t\t\t\t\t\t\t<\/div>\n\t\t\t\t<\/div>\n\t\t\t\t\t<\/div>\n\t\t<\/div>\n\t\t\t\t\t<\/div>\n\t\t<\/section>\n\t\t\t\t<section class=\"elementor-section elementor-top-section elementor-element elementor-element-0bc8b2f elementor-section-boxed elementor-section-height-default elementor-section-height-default\" data-id=\"0bc8b2f\" data-element_type=\"section\">\n\t\t\t\t\t\t<div class=\"elementor-container elementor-column-gap-extended\">\n\t\t\t\t\t<div class=\"elementor-column elementor-col-50 elementor-top-column elementor-element elementor-element-817c1bb\" data-id=\"817c1bb\" data-element_type=\"column\">\n\t\t\t<div class=\"elementor-widget-wrap elementor-element-populated\">\n\t\t\t\t\t\t<div class=\"elementor-element elementor-element-61d4d1b elementor-widget elementor-widget-heading\" data-id=\"61d4d1b\" data-element_type=\"widget\" data-widget_type=\"heading.default\">\n\t\t\t\t<div class=\"elementor-widget-container\">\n\t\t\t\t\t<h6 class=\"elementor-heading-title elementor-size-default\">Hur<\/h6>\t\t\t\t<\/div>\n\t\t\t\t<\/div>\n\t\t\t\t<div class=\"elementor-element elementor-element-c5ff098 elementor-widget elementor-widget-heading\" data-id=\"c5ff098\" data-element_type=\"widget\" data-widget_type=\"heading.default\">\n\t\t\t\t<div class=\"elementor-widget-container\">\n\t\t\t\t\t<h3 class=\"elementor-heading-title elementor-size-default\">fungerar det?<\/h3>\t\t\t\t<\/div>\n\t\t\t\t<\/div>\n\t\t\t\t<div class=\"elementor-element elementor-element-7d8584c elementor-widget elementor-widget-text-editor\" data-id=\"7d8584c\" data-element_type=\"widget\" data-widget_type=\"text-editor.default\">\n\t\t\t\t<div class=\"elementor-widget-container\">\n\t\t\t\t\t\t\t\t\t<p>Vi \u00e4r glada att kunna v\u00e4lkomna dig till v\u00e5rt affiliateprogram! Vi str\u00e4var efter transparens i v\u00e5rt samarbete och ger dig en personlig instrumentpanel f\u00f6r att sp\u00e5ra v\u00e4rvningar, hantera provisioner och mycket mer. S\u00e5 h\u00e4r fungerar v\u00e5rt affiliateprogram:<\/p>\n<p><b>Hur det fungerar:<\/b><\/p>\n<ol>\n<li><strong style=\"\">Registrering<\/strong>: B\u00f6rja med att fylla i <strong><a href=\"https:\/\/samarali.com\/sv\/affiliate-program\/bli-ett-dotterbolag\/\"><u>Registreringsformul\u00e4r f\u00f6r affiliate<\/u><\/a><\/strong>.<\/li>\n<li><strong style=\"\">\u00c5tkomst<\/strong> till <strong style=\"\">instrumentpanelen<\/strong>: N\u00e4r din ans\u00f6kan har godk\u00e4nts f\u00e5r du en l\u00e4nk till din personliga instrumentpanel. Detta g\u00f6r att du kan se statistik f\u00f6r kunder som bes\u00f6kt v\u00e5r webbplats med hj\u00e4lp av din unika h\u00e4nvisningsl\u00e4nk eller kod.<\/li>\n<li><strong>Rabatt och provision:<\/strong><br>&nbsp; &nbsp; &nbsp; &nbsp;o Kunder som du v\u00e4rvar f\u00e5r 10% rabatt p\u00e5 sitt f\u00f6rsta k\u00f6p.<br>&nbsp; &nbsp; &nbsp; &nbsp;o Du f\u00e5r en provision p\u00e5 10 % p\u00e5 varje k\u00f6p som g\u00f6rs av dina referenspersoner.<\/li>\n<li><strong>Sp\u00e5rning av h\u00e4nvisningar<\/strong>: Best\u00e4llningar som g\u00f6rs via din h\u00e4nvisningsl\u00e4nk (med eller utan kupongkoden) sp\u00e5ras och visas i din personliga instrumentpanel.<\/li>\n<li><strong>Bel\u00f6ningar f\u00f6r prestationer<\/strong>: Affiliates som uppfyller specifika m\u00e5l (kommer att beskrivas i detalj i din instrumentpanel) kommer att vara ber\u00e4ttigade till ytterligare bel\u00f6ningar.<\/li>\n<li><strong>Anpassade reklammaterial<\/strong>: Beh\u00f6ver du bilder till dina kampanjer? Kontakta oss p\u00e5 info@samarali.com, s\u00e5 skickar vi dem.<\/li>\n<\/ol>\n<p>\u00c4r du redo att komma ig\u00e5ng? F\u00f6lj denna l\u00e4nk f\u00f6r registrering <strong><a href=\"https:\/\/samarali.com\/sv\/affiliate-program\/bli-ett-dotterbolag\/\"><u>REGISTRERINGSFORMUL\u00c4R F\u00d6R AFFILIATE<\/u><\/a><\/strong><\/p>\t\t\t\t\t\t\t\t<\/div>\n\t\t\t\t<\/div>\n\t\t\t\t\t<\/div>\n\t\t<\/div>\n\t\t\t\t<div class=\"elementor-column elementor-col-50 elementor-top-column elementor-element elementor-element-c4139c2\" data-id=\"c4139c2\" data-element_type=\"column\">\n\t\t\t<div class=\"elementor-widget-wrap elementor-element-populated\">\n\t\t\t\t\t\t<div class=\"elementor-element elementor-element-3305b9d elementor-widget elementor-widget-image\" data-id=\"3305b9d\" data-element_type=\"widget\" data-widget_type=\"image.default\">\n\t\t\t\t<div class=\"elementor-widget-container\">\n\t\t\t\t\t\t\t\t\t\t\t\t\t\t\t<img decoding=\"async\" width=\"640\" height=\"640\" src=\"https:\/\/samarali.com\/wp-content\/uploads\/2024\/07\/1200-x-1200-Jumpsuit-Atlantic-1024x1024.jpg\" class=\"attachment-large size-large wp-image-14629\" alt=\"Affiliate-program\" srcset=\"https:\/\/samarali.com\/wp-content\/uploads\/2024\/07\/1200-x-1200-Jumpsuit-Atlantic-1024x1024.jpg 1024w, https:\/\/samarali.com\/wp-content\/uploads\/2024\/07\/1200-x-1200-Jumpsuit-Atlantic-500x500.jpg 500w, https:\/\/samarali.com\/wp-content\/uploads\/2024\/07\/1200-x-1200-Jumpsuit-Atlantic-130x130.jpg 130w, https:\/\/samarali.com\/wp-content\/uploads\/2024\/07\/1200-x-1200-Jumpsuit-Atlantic-670x670.jpg 670w, https:\/\/samarali.com\/wp-content\/uploads\/2024\/07\/1200-x-1200-Jumpsuit-Atlantic-300x300.jpg 300w, https:\/\/samarali.com\/wp-content\/uploads\/2024\/07\/1200-x-1200-Jumpsuit-Atlantic-150x150.jpg 150w, https:\/\/samarali.com\/wp-content\/uploads\/2024\/07\/1200-x-1200-Jumpsuit-Atlantic-768x768.jpg 768w, https:\/\/samarali.com\/wp-content\/uploads\/2024\/07\/1200-x-1200-Jumpsuit-Atlantic-50x50.jpg 50w, https:\/\/samarali.com\/wp-content\/uploads\/2024\/07\/1200-x-1200-Jumpsuit-Atlantic-100x100.jpg 100w, https:\/\/samarali.com\/wp-content\/uploads\/2024\/07\/1200-x-1200-Jumpsuit-Atlantic.jpg 1200w\" sizes=\"(max-width: 640px) 100vw, 640px\" \/>\t\t\t\t\t\t\t\t\t\t\t\t\t\t\t<\/div>\n\t\t\t\t<\/div>\n\t\t\t\t\t<\/div>\n\t\t<\/div>\n\t\t\t\t\t<\/div>\n\t\t<\/section>\n\t\t\t\t<\/div>\n\t\t","protected":false},"excerpt":{"rendered":"<p>Affiliate Program \u00c4r du en ivrig bloggare, influencer, yogal\u00e4rare eller helt enkelt passionerad av v\u00e5ra produkter? H\u00e4r \u00e4r din chans att dela din k\u00e4rlek till Samarali med ditt n\u00e4tverk eller dina v\u00e4nner genom att bli en affiliate f\u00f6r varum\u00e4rket Samarali. Och naturligtvis finns det n\u00e5got i det f\u00f6r dig ocks\u00e5! Som Samarali-affiliate f\u00e5r du bel\u00f6ningar [&hellip;]<\/p>\n","protected":false},"author":2,"featured_media":0,"parent":0,"menu_order":0,"comment_status":"closed","ping_status":"closed","template":"","meta":{"_acf_changed":false,"_improvement_type_select":"improve_an_existing","_thumb_yes_seoaic":false,"_frame_yes_seoaic":false,"seoaic_generate_description":"","seoaic_improve_instructions_prompt":"","seoaic_rollback_content_improvement":"","seoaic_idea_thumbnail_generator":"","thumbnail_generated":false,"thumbnail_generate_prompt":"","seoaic_article_description":"","inline_featured_image":false,"footnotes":""},"class_list":["post-27344","page","type-page","status-publish","hentry"],"acf":[],"yoast_head":"<!-- This site is optimized with the Yoast SEO Premium plugin v27.3 (Yoast SEO v27.3) - https:\/\/yoast.com\/product\/yoast-seo-premium-wordpress\/ -->\n<title>Affiliate-program - Samarali<\/title>\n<meta name=\"description\" content=\"G\u00e5 med i Samaralis affiliateprogram och tj\u00e4na pengar samtidigt som du sprider budskapet om v\u00e5ra vackert designade, h\u00e5llbara yogaprodukter.\" \/>\n<meta name=\"robots\" content=\"index, follow, max-snippet:-1, max-image-preview:large, max-video-preview:-1\" \/>\n<link rel=\"canonical\" href=\"https:\/\/samarali.com\/sv\/affiliate-program\/\" \/>\n<meta property=\"og:locale\" content=\"sv_SE\" \/>\n<meta property=\"og:type\" content=\"article\" \/>\n<meta property=\"og:title\" content=\"Affiliate-program\" \/>\n<meta property=\"og:description\" content=\"G\u00e5 med i Samaralis affiliateprogram och tj\u00e4na pengar samtidigt som du sprider budskapet om v\u00e5ra vackert designade, h\u00e5llbara yogaprodukter.\" \/>\n<meta property=\"og:url\" content=\"https:\/\/samarali.com\/sv\/affiliate-program\/\" \/>\n<meta property=\"og:site_name\" content=\"Samarali\" \/>\n<meta property=\"article:publisher\" content=\"https:\/\/www.facebook.com\/samaraliyoga\" \/>\n<meta property=\"article:modified_time\" content=\"2025-03-16T11:35:24+00:00\" \/>\n<meta property=\"og:image\" content=\"https:\/\/samarali.com\/wp-content\/uploads\/2024\/07\/Winish-DSC_4276-scaled.jpg\" \/>\n\t<meta property=\"og:image:width\" content=\"2560\" \/>\n\t<meta property=\"og:image:height\" content=\"1707\" \/>\n\t<meta property=\"og:image:type\" content=\"image\/jpeg\" \/>\n<meta name=\"twitter:card\" content=\"summary_large_image\" \/>\n<meta name=\"twitter:label1\" content=\"Ber\u00e4knad l\u00e4stid\" \/>\n\t<meta name=\"twitter:data1\" content=\"2 minut\" \/>\n<script type=\"application\/ld+json\" class=\"yoast-schema-graph\">{\"@context\":\"https:\\\/\\\/schema.org\",\"@graph\":[{\"@type\":\"WebPage\",\"@id\":\"https:\\\/\\\/samarali.com\\\/sv\\\/affiliate-program\\\/\",\"url\":\"https:\\\/\\\/samarali.com\\\/sv\\\/affiliate-program\\\/\",\"name\":\"Affiliate-program - Samarali\",\"isPartOf\":{\"@id\":\"https:\\\/\\\/samarali.com\\\/sv\\\/#website\"},\"primaryImageOfPage\":{\"@id\":\"https:\\\/\\\/samarali.com\\\/sv\\\/affiliate-program\\\/#primaryimage\"},\"image\":{\"@id\":\"https:\\\/\\\/samarali.com\\\/sv\\\/affiliate-program\\\/#primaryimage\"},\"thumbnailUrl\":\"https:\\\/\\\/samarali.com\\\/wp-content\\\/uploads\\\/2024\\\/07\\\/Winish-DSC_4276-1024x683.jpg\",\"datePublished\":\"2024-07-04T10:20:50+00:00\",\"dateModified\":\"2025-03-16T11:35:24+00:00\",\"description\":\"G\u00e5 med i Samaralis affiliateprogram och tj\u00e4na pengar samtidigt som du sprider budskapet om v\u00e5ra vackert designade, h\u00e5llbara yogaprodukter.\",\"breadcrumb\":{\"@id\":\"https:\\\/\\\/samarali.com\\\/sv\\\/affiliate-program\\\/#breadcrumb\"},\"inLanguage\":\"sv-SE\",\"potentialAction\":[{\"@type\":\"ReadAction\",\"target\":[\"https:\\\/\\\/samarali.com\\\/sv\\\/affiliate-program\\\/\"]}]},{\"@type\":\"ImageObject\",\"inLanguage\":\"sv-SE\",\"@id\":\"https:\\\/\\\/samarali.com\\\/sv\\\/affiliate-program\\\/#primaryimage\",\"url\":\"https:\\\/\\\/samarali.com\\\/wp-content\\\/uploads\\\/2024\\\/07\\\/Winish-DSC_4276-1024x683.jpg\",\"contentUrl\":\"https:\\\/\\\/samarali.com\\\/wp-content\\\/uploads\\\/2024\\\/07\\\/Winish-DSC_4276-1024x683.jpg\"},{\"@type\":\"BreadcrumbList\",\"@id\":\"https:\\\/\\\/samarali.com\\\/sv\\\/affiliate-program\\\/#breadcrumb\",\"itemListElement\":[{\"@type\":\"ListItem\",\"position\":1,\"name\":\"Hem\",\"item\":\"https:\\\/\\\/samarali.com\\\/sv\\\/hem\\\/\"},{\"@type\":\"ListItem\",\"position\":2,\"name\":\"Affiliate-program\"}]},{\"@type\":\"WebSite\",\"@id\":\"https:\\\/\\\/samarali.com\\\/sv\\\/#website\",\"url\":\"https:\\\/\\\/samarali.com\\\/sv\\\/\",\"name\":\"Samarali\",\"description\":\"Samarali \u00e4r ett h\u00e5llbart yoga- och livsstilsvarum\u00e4rke baserat i Nederl\u00e4nderna\",\"publisher\":{\"@id\":\"https:\\\/\\\/samarali.com\\\/sv\\\/#organization\"},\"potentialAction\":[{\"@type\":\"SearchAction\",\"target\":{\"@type\":\"EntryPoint\",\"urlTemplate\":\"https:\\\/\\\/samarali.com\\\/sv\\\/?s={search_term_string}\"},\"query-input\":{\"@type\":\"PropertyValueSpecification\",\"valueRequired\":true,\"valueName\":\"search_term_string\"}}],\"inLanguage\":\"sv-SE\"},{\"@type\":\"Organization\",\"@id\":\"https:\\\/\\\/samarali.com\\\/sv\\\/#organization\",\"name\":\"Samarali\",\"url\":\"https:\\\/\\\/samarali.com\\\/sv\\\/\",\"logo\":{\"@type\":\"ImageObject\",\"inLanguage\":\"sv-SE\",\"@id\":\"https:\\\/\\\/samarali.com\\\/sv\\\/#\\\/schema\\\/logo\\\/image\\\/\",\"url\":\"https:\\\/\\\/samarali.com\\\/wp-content\\\/uploads\\\/2024\\\/05\\\/cropped-samarali-icon.png\",\"contentUrl\":\"https:\\\/\\\/samarali.com\\\/wp-content\\\/uploads\\\/2024\\\/05\\\/cropped-samarali-icon.png\",\"width\":512,\"height\":512,\"caption\":\"Samarali\"},\"image\":{\"@id\":\"https:\\\/\\\/samarali.com\\\/sv\\\/#\\\/schema\\\/logo\\\/image\\\/\"},\"sameAs\":[\"https:\\\/\\\/www.facebook.com\\\/samaraliyoga\",\"https:\\\/\\\/www.linkedin.com\\\/company\\\/69563155\\\/\",\"https:\\\/\\\/www.instagram.com\\\/samaraliyoga\\\/\",\"https:\\\/\\\/nl.pinterest.com\\\/Samaraliyoga\\\/\"],\"description\":\"Samarali is a sustainable yoga and lifestyle brand based in the Netherlands\",\"email\":\"info@samarali.com\",\"legalName\":\"Samarali B.V.\",\"vatID\":\"NL859820324B01\",\"numberOfEmployees\":{\"@type\":\"QuantitativeValue\",\"minValue\":\"1\",\"maxValue\":\"10\"}}]}<\/script>\n<!-- \/ Yoast SEO Premium plugin. -->","yoast_head_json":{"title":"Affiliate-program - Samarali","description":"G\u00e5 med i Samaralis affiliateprogram och tj\u00e4na pengar samtidigt som du sprider budskapet om v\u00e5ra vackert designade, h\u00e5llbara yogaprodukter.","robots":{"index":"index","follow":"follow","max-snippet":"max-snippet:-1","max-image-preview":"max-image-preview:large","max-video-preview":"max-video-preview:-1"},"canonical":"https:\/\/samarali.com\/sv\/affiliate-program\/","og_locale":"sv_SE","og_type":"article","og_title":"Affiliate-program","og_description":"G\u00e5 med i Samaralis affiliateprogram och tj\u00e4na pengar samtidigt som du sprider budskapet om v\u00e5ra vackert designade, h\u00e5llbara yogaprodukter.","og_url":"https:\/\/samarali.com\/sv\/affiliate-program\/","og_site_name":"Samarali","article_publisher":"https:\/\/www.facebook.com\/samaraliyoga","article_modified_time":"2025-03-16T11:35:24+00:00","og_image":[{"width":2560,"height":1707,"url":"https:\/\/samarali.com\/wp-content\/uploads\/2024\/07\/Winish-DSC_4276-scaled.jpg","type":"image\/jpeg"}],"twitter_card":"summary_large_image","twitter_misc":{"Ber\u00e4knad l\u00e4stid":"2 minut"},"schema":{"@context":"https:\/\/schema.org","@graph":[{"@type":"WebPage","@id":"https:\/\/samarali.com\/sv\/affiliate-program\/","url":"https:\/\/samarali.com\/sv\/affiliate-program\/","name":"Affiliate-program - Samarali","isPartOf":{"@id":"https:\/\/samarali.com\/sv\/#website"},"primaryImageOfPage":{"@id":"https:\/\/samarali.com\/sv\/affiliate-program\/#primaryimage"},"image":{"@id":"https:\/\/samarali.com\/sv\/affiliate-program\/#primaryimage"},"thumbnailUrl":"https:\/\/samarali.com\/wp-content\/uploads\/2024\/07\/Winish-DSC_4276-1024x683.jpg","datePublished":"2024-07-04T10:20:50+00:00","dateModified":"2025-03-16T11:35:24+00:00","description":"G\u00e5 med i Samaralis affiliateprogram och tj\u00e4na pengar samtidigt som du sprider budskapet om v\u00e5ra vackert designade, h\u00e5llbara yogaprodukter.","breadcrumb":{"@id":"https:\/\/samarali.com\/sv\/affiliate-program\/#breadcrumb"},"inLanguage":"sv-SE","potentialAction":[{"@type":"ReadAction","target":["https:\/\/samarali.com\/sv\/affiliate-program\/"]}]},{"@type":"ImageObject","inLanguage":"sv-SE","@id":"https:\/\/samarali.com\/sv\/affiliate-program\/#primaryimage","url":"https:\/\/samarali.com\/wp-content\/uploads\/2024\/07\/Winish-DSC_4276-1024x683.jpg","contentUrl":"https:\/\/samarali.com\/wp-content\/uploads\/2024\/07\/Winish-DSC_4276-1024x683.jpg"},{"@type":"BreadcrumbList","@id":"https:\/\/samarali.com\/sv\/affiliate-program\/#breadcrumb","itemListElement":[{"@type":"ListItem","position":1,"name":"Hem","item":"https:\/\/samarali.com\/sv\/hem\/"},{"@type":"ListItem","position":2,"name":"Affiliate-program"}]},{"@type":"WebSite","@id":"https:\/\/samarali.com\/sv\/#website","url":"https:\/\/samarali.com\/sv\/","name":"Samarali","description":"Samarali \u00e4r ett h\u00e5llbart yoga- och livsstilsvarum\u00e4rke baserat i Nederl\u00e4nderna","publisher":{"@id":"https:\/\/samarali.com\/sv\/#organization"},"potentialAction":[{"@type":"SearchAction","target":{"@type":"EntryPoint","urlTemplate":"https:\/\/samarali.com\/sv\/?s={search_term_string}"},"query-input":{"@type":"PropertyValueSpecification","valueRequired":true,"valueName":"search_term_string"}}],"inLanguage":"sv-SE"},{"@type":"Organization","@id":"https:\/\/samarali.com\/sv\/#organization","name":"Samarali","url":"https:\/\/samarali.com\/sv\/","logo":{"@type":"ImageObject","inLanguage":"sv-SE","@id":"https:\/\/samarali.com\/sv\/#\/schema\/logo\/image\/","url":"https:\/\/samarali.com\/wp-content\/uploads\/2024\/05\/cropped-samarali-icon.png","contentUrl":"https:\/\/samarali.com\/wp-content\/uploads\/2024\/05\/cropped-samarali-icon.png","width":512,"height":512,"caption":"Samarali"},"image":{"@id":"https:\/\/samarali.com\/sv\/#\/schema\/logo\/image\/"},"sameAs":["https:\/\/www.facebook.com\/samaraliyoga","https:\/\/www.linkedin.com\/company\/69563155\/","https:\/\/www.instagram.com\/samaraliyoga\/","https:\/\/nl.pinterest.com\/Samaraliyoga\/"],"description":"Samarali is a sustainable yoga and lifestyle brand based in the Netherlands","email":"info@samarali.com","legalName":"Samarali B.V.","vatID":"NL859820324B01","numberOfEmployees":{"@type":"QuantitativeValue","minValue":"1","maxValue":"10"}}]}},"jetpack_sharing_enabled":true,"_links":{"self":[{"href":"https:\/\/samarali.com\/sv\/wp-json\/wp\/v2\/pages\/27344","targetHints":{"allow":["GET"]}}],"collection":[{"href":"https:\/\/samarali.com\/sv\/wp-json\/wp\/v2\/pages"}],"about":[{"href":"https:\/\/samarali.com\/sv\/wp-json\/wp\/v2\/types\/page"}],"author":[{"embeddable":true,"href":"https:\/\/samarali.com\/sv\/wp-json\/wp\/v2\/users\/2"}],"replies":[{"embeddable":true,"href":"https:\/\/samarali.com\/sv\/wp-json\/wp\/v2\/comments?post=27344"}],"version-history":[{"count":8,"href":"https:\/\/samarali.com\/sv\/wp-json\/wp\/v2\/pages\/27344\/revisions"}],"predecessor-version":[{"id":33372,"href":"https:\/\/samarali.com\/sv\/wp-json\/wp\/v2\/pages\/27344\/revisions\/33372"}],"wp:attachment":[{"href":"https:\/\/samarali.com\/sv\/wp-json\/wp\/v2\/media?parent=27344"}],"curies":[{"name":"wp","href":"https:\/\/api.w.org\/{rel}","templated":true}]}}