{"id":26902,"date":"2020-10-13T09:00:26","date_gmt":"2020-10-13T07:00:26","guid":{"rendered":"https:\/\/samarali.com\/over-ons\/"},"modified":"2024-10-14T13:50:59","modified_gmt":"2024-10-14T11:50:59","slug":"over-ons","status":"publish","type":"page","link":"https:\/\/samarali.com\/nl\/over-ons\/","title":{"rendered":"Over ons"},"content":{"rendered":"\t\t<div data-elementor-type=\"wp-page\" data-elementor-id=\"26902\" class=\"elementor elementor-26902 elementor-633\">\n\t\t\t\t\t\t<section class=\"elementor-section elementor-top-section elementor-element elementor-element-a9435d9 elementor-section-boxed elementor-section-height-default elementor-section-height-default\" data-id=\"a9435d9\" data-element_type=\"section\">\n\t\t\t\t\t\t<div class=\"elementor-container elementor-column-gap-extended\">\n\t\t\t\t\t<div class=\"elementor-column elementor-col-50 elementor-top-column elementor-element elementor-element-0f3eef1\" data-id=\"0f3eef1\" data-element_type=\"column\">\n\t\t\t<div class=\"elementor-widget-wrap elementor-element-populated\">\n\t\t\t\t\t\t<div class=\"elementor-element elementor-element-57f1c50 elementor-widget elementor-widget-heading\" data-id=\"57f1c50\" data-element_type=\"widget\" data-widget_type=\"heading.default\">\n\t\t\t\t<div class=\"elementor-widget-container\">\n\t\t\t\t\t<h6 class=\"elementor-heading-title elementor-size-default\">verhaal<\/h6>\t\t\t\t<\/div>\n\t\t\t\t<\/div>\n\t\t\t\t<div class=\"elementor-element elementor-element-b2daf09 elementor-widget elementor-widget-heading\" data-id=\"b2daf09\" data-element_type=\"widget\" data-widget_type=\"heading.default\">\n\t\t\t\t<div class=\"elementor-widget-container\">\n\t\t\t\t\t<h3 class=\"elementor-heading-title elementor-size-default\">Over ons<\/h3>\t\t\t\t<\/div>\n\t\t\t\t<\/div>\n\t\t\t\t<div class=\"elementor-element elementor-element-20f4454 elementor-widget elementor-widget-text-editor\" data-id=\"20f4454\" data-element_type=\"widget\" data-widget_type=\"text-editor.default\">\n\t\t\t\t<div class=\"elementor-widget-container\">\n\t\t\t\t\t\t\t\t\t<p>Mijn naam is Nodira en ik ben geboren en getogen in de bruisende hoofdstad van Oezbekistan, Tasjkent.<br \/>\nVan jongs af aan was ik gepassioneerd door beweging en dans en bracht ik de meeste tijd buiten door, omringd door de natuur.<br \/>\nDeze diepe verbondenheid met het buitenleven heeft ervoor gezorgd dat zowel sport als de natuur mijn belangrijkste bronnen van energie en motivatie zijn geworden.  <\/p>\n\t\t\t\t\t\t\t\t<\/div>\n\t\t\t\t<\/div>\n\t\t\t\t<div class=\"elementor-element elementor-element-31617f0 elementor-widget__width-initial elementor-widget elementor-widget-text-editor\" data-id=\"31617f0\" data-element_type=\"widget\" data-widget_type=\"text-editor.default\">\n\t\t\t\t<div class=\"elementor-widget-container\">\n\t\t\t\t\t\t\t\t\t<h4><b>Ontdekking van Yoga<\/b><\/h4>\n<p>Omdat ik van nature nieuwsgierig ben, heb ik mijn hele leven veel verschillende sporten beoefend.<br \/>\nOp een dag stuitte ik op yoga en dat opende een hele nieuwe wereld voor me.<br \/>\nYoga heeft me geholpen om bewuster, geduldiger en zelfbewuster te worden.<br \/>\nIk werd er meteen verliefd op en begon eenvoudige asana&#8217;s te beoefenen die al snel een essentieel onderdeel van mijn dagelijkse routine werden.     <\/p>\n\t\t\t\t\t\t\t\t<\/div>\n\t\t\t\t<\/div>\n\t\t\t\t\t<\/div>\n\t\t<\/div>\n\t\t\t\t<div class=\"elementor-column elementor-col-50 elementor-top-column elementor-element elementor-element-2ca6e37\" data-id=\"2ca6e37\" data-element_type=\"column\">\n\t\t\t<div class=\"elementor-widget-wrap elementor-element-populated\">\n\t\t\t\t\t\t<div class=\"elementor-element elementor-element-19a047b elementor-widget elementor-widget-image\" data-id=\"19a047b\" data-element_type=\"widget\" data-widget_type=\"image.default\">\n\t\t\t\t<div class=\"elementor-widget-container\">\n\t\t\t\t\t\t\t\t\t\t\t\t\t\t\t<img fetchpriority=\"high\" decoding=\"async\" width=\"640\" height=\"640\" src=\"https:\/\/samarali.com\/wp-content\/uploads\/2024\/09\/Samarali-6.jpg\" class=\"attachment-large size-large wp-image-26438\" alt=\"About Us  About\" srcset=\"https:\/\/samarali.com\/wp-content\/uploads\/2024\/09\/Samarali-6.jpg 1000w, https:\/\/samarali.com\/wp-content\/uploads\/2024\/09\/Samarali-6-300x300.jpg 300w, https:\/\/samarali.com\/wp-content\/uploads\/2024\/09\/Samarali-6-150x150.jpg 150w, https:\/\/samarali.com\/wp-content\/uploads\/2024\/09\/Samarali-6-768x768.jpg 768w, https:\/\/samarali.com\/wp-content\/uploads\/2024\/09\/Samarali-6-500x500.jpg 500w, https:\/\/samarali.com\/wp-content\/uploads\/2024\/09\/Samarali-6-670x670.jpg 670w, https:\/\/samarali.com\/wp-content\/uploads\/2024\/09\/Samarali-6-130x130.jpg 130w, https:\/\/samarali.com\/wp-content\/uploads\/2024\/09\/Samarali-6-50x50.jpg 50w, https:\/\/samarali.com\/wp-content\/uploads\/2024\/09\/Samarali-6-100x100.jpg 100w\" sizes=\"(max-width: 640px) 100vw, 640px\" \/>\t\t\t\t\t\t\t\t\t\t\t\t\t\t\t<\/div>\n\t\t\t\t<\/div>\n\t\t\t\t\t<\/div>\n\t\t<\/div>\n\t\t\t\t\t<\/div>\n\t\t<\/section>\n\t\t\t\t<section class=\"elementor-section elementor-top-section elementor-element elementor-element-aa9529d elementor-section-boxed elementor-section-height-default elementor-section-height-default\" data-id=\"aa9529d\" data-element_type=\"section\">\n\t\t\t\t\t\t<div class=\"elementor-container elementor-column-gap-extended\">\n\t\t\t\t\t<div class=\"elementor-column elementor-col-50 elementor-top-column elementor-element elementor-element-925596a\" data-id=\"925596a\" data-element_type=\"column\">\n\t\t\t<div class=\"elementor-widget-wrap elementor-element-populated\">\n\t\t\t\t\t\t<div class=\"elementor-element elementor-element-0873476 elementor-widget elementor-widget-image\" data-id=\"0873476\" data-element_type=\"widget\" data-widget_type=\"image.default\">\n\t\t\t\t<div class=\"elementor-widget-container\">\n\t\t\t\t\t\t\t\t\t\t\t\t\t\t\t<img decoding=\"async\" width=\"640\" height=\"640\" src=\"https:\/\/samarali.com\/wp-content\/uploads\/2024\/08\/Samarali-yoga-bags.jpg\" class=\"attachment-large size-large wp-image-24979\" alt=\"Yogamat tas yogamat tas yogamat tas yogamat tas yogamat tas yogamat tas yogamat tas yogamat tas yogamat tas kurk yogamat tas en kurk rugzak yogamat tas yogamat tas yogamat tas yogamat tas yogamat tas yogamat tas\" srcset=\"https:\/\/samarali.com\/wp-content\/uploads\/2024\/08\/Samarali-yoga-bags.jpg 1000w, https:\/\/samarali.com\/wp-content\/uploads\/2024\/08\/Samarali-yoga-bags-300x300.jpg 300w, https:\/\/samarali.com\/wp-content\/uploads\/2024\/08\/Samarali-yoga-bags-150x150.jpg 150w, https:\/\/samarali.com\/wp-content\/uploads\/2024\/08\/Samarali-yoga-bags-768x768.jpg 768w, https:\/\/samarali.com\/wp-content\/uploads\/2024\/08\/Samarali-yoga-bags-500x500.jpg 500w, https:\/\/samarali.com\/wp-content\/uploads\/2024\/08\/Samarali-yoga-bags-670x670.jpg 670w, https:\/\/samarali.com\/wp-content\/uploads\/2024\/08\/Samarali-yoga-bags-130x130.jpg 130w, https:\/\/samarali.com\/wp-content\/uploads\/2024\/08\/Samarali-yoga-bags-50x50.jpg 50w, https:\/\/samarali.com\/wp-content\/uploads\/2024\/08\/Samarali-yoga-bags-100x100.jpg 100w\" sizes=\"(max-width: 640px) 100vw, 640px\" \/>\t\t\t\t\t\t\t\t\t\t\t\t\t\t\t<\/div>\n\t\t\t\t<\/div>\n\t\t\t\t\t<\/div>\n\t\t<\/div>\n\t\t\t\t<div class=\"elementor-column elementor-col-50 elementor-top-column elementor-element elementor-element-5612fee\" data-id=\"5612fee\" data-element_type=\"column\">\n\t\t\t<div class=\"elementor-widget-wrap elementor-element-populated\">\n\t\t\t\t\t\t<div class=\"elementor-element elementor-element-ed70999 elementor-widget elementor-widget-text-editor\" data-id=\"ed70999\" data-element_type=\"widget\" data-widget_type=\"text-editor.default\">\n\t\t\t\t<div class=\"elementor-widget-container\">\n\t\t\t\t\t\t\t\t\t<h4><span style=\"white-space-collapse: preserve;\"><b>Passie voor duurzame yogaproducten  <\/b><\/span><\/h4>\n<p><span style=\"white-space-collapse: preserve;\">Toen mijn passie voor yoga zich verdiepte, ging ik op zoek naar duurzame producten om mijn yogabeoefening te verbeteren.<br \/>\nIk had echter moeite om milieuvriendelijke, hoogwaardige yogahulpmiddelen te vinden die aansloten bij mijn waarden.<br \/>\nDit bracht me op het idee om een bedrijf te starten waar ik mooie, duurzame producten kon maken, ge\u00efnspireerd door unieke Centraal-Aziatische ontwerpen, terwijl ik tegelijkertijd het milieu respecteerde.    <\/span><\/p>\n\t\t\t\t\t\t\t\t<\/div>\n\t\t\t\t<\/div>\n\t\t\t\t<div class=\"elementor-element elementor-element-2c01c8e elementor-widget elementor-widget-text-editor\" data-id=\"2c01c8e\" data-element_type=\"widget\" data-widget_type=\"text-editor.default\">\n\t\t\t\t<div class=\"elementor-widget-container\">\n\t\t\t\t\t\t\t\t\t<h4><span style=\"white-space-collapse: preserve;\"><b>Bedrijfsvisie en doelen<\/b> <\/span><\/h4>\n<p><span style=\"white-space-collapse: preserve;\">Bij Samarali is het onze visie om yoga tools van hoge kwaliteit te cre\u00ebren die het rijke erfgoed van Centraal-Azi\u00eb eren en tegelijkertijd eco-bewustzijn hoog in het vaandel hebben staan.<br \/>\nOnze producten hebben opvallende ontwerpen, die zowel de culturele schoonheid als onze grote toewijding aan duurzaamheid weerspiegelen.<br \/>\nBij elke stap streven we naar innovatie en continue verbetering, zodat onze reis naar een duurzamere toekomst nooit stopt.  <\/span><\/p>\n\t\t\t\t\t\t\t\t<\/div>\n\t\t\t\t<\/div>\n\t\t\t\t\t<\/div>\n\t\t<\/div>\n\t\t\t\t\t<\/div>\n\t\t<\/section>\n\t\t<div class=\"elementor-element elementor-element-291e833 e-flex e-con-boxed e-con e-parent\" data-id=\"291e833\" data-element_type=\"container\">\n\t\t\t\t\t<div class=\"e-con-inner\">\n\t\t<div class=\"elementor-element elementor-element-6813fdc e-con-full e-flex e-con e-child\" data-id=\"6813fdc\" data-element_type=\"container\">\n\t\t\t\t<div class=\"elementor-element elementor-element-742e2a8 elementor-widget elementor-widget-text-editor\" data-id=\"742e2a8\" data-element_type=\"widget\" data-widget_type=\"text-editor.default\">\n\t\t\t\t<div class=\"elementor-widget-container\">\n\t\t\t\t\t\t\t\t\t<h4>Invloed op de gemeenschap en het milieu<\/h4>\n<p>We zetten ons in om een positieve impact te hebben, niet alleen met onze producten, maar ook door het ondersteunen van eco-organisaties die zich inzetten om onze planeet te beschermen.<\/p>\n<p>Bedankt dat je deel uitmaakt van deze reis.<br \/>\nSamen kunnen we een duurzamere en mooiere toekomst cre\u00ebren, \u00e9\u00e9n product per keer.<br \/>\nTot snel!  <\/p>\n<p>Tot ziens!  <\/p>\n<p>Nodira<\/p>\n<p>Oprichter en CEO van Samarali<\/p>\n<\/p>\n<div> <\/div>\n\t\t\t\t\t\t\t\t<\/div>\n\t\t\t\t<\/div>\n\t\t\t\t<\/div>\n\t\t<div class=\"elementor-element elementor-element-cb6b391 e-con-full e-flex e-con e-child\" data-id=\"cb6b391\" data-element_type=\"container\">\n\t\t\t\t<div class=\"elementor-element elementor-element-8c69622 elementor-widget elementor-widget-image\" data-id=\"8c69622\" data-element_type=\"widget\" data-widget_type=\"image.default\">\n\t\t\t\t<div class=\"elementor-widget-container\">\n\t\t\t\t\t\t\t\t\t\t\t\t\t\t\t<img decoding=\"async\" width=\"640\" height=\"640\" src=\"https:\/\/samarali.com\/wp-content\/uploads\/2024\/09\/Samarali-9.jpg\" class=\"attachment-large size-large wp-image-26433\" alt=\"About Us  About\" srcset=\"https:\/\/samarali.com\/wp-content\/uploads\/2024\/09\/Samarali-9.jpg 1000w, https:\/\/samarali.com\/wp-content\/uploads\/2024\/09\/Samarali-9-300x300.jpg 300w, https:\/\/samarali.com\/wp-content\/uploads\/2024\/09\/Samarali-9-150x150.jpg 150w, https:\/\/samarali.com\/wp-content\/uploads\/2024\/09\/Samarali-9-768x768.jpg 768w, https:\/\/samarali.com\/wp-content\/uploads\/2024\/09\/Samarali-9-500x500.jpg 500w, https:\/\/samarali.com\/wp-content\/uploads\/2024\/09\/Samarali-9-670x670.jpg 670w, https:\/\/samarali.com\/wp-content\/uploads\/2024\/09\/Samarali-9-130x130.jpg 130w, https:\/\/samarali.com\/wp-content\/uploads\/2024\/09\/Samarali-9-50x50.jpg 50w, https:\/\/samarali.com\/wp-content\/uploads\/2024\/09\/Samarali-9-100x100.jpg 100w\" sizes=\"(max-width: 640px) 100vw, 640px\" \/>\t\t\t\t\t\t\t\t\t\t\t\t\t\t\t<\/div>\n\t\t\t\t<\/div>\n\t\t\t\t<\/div>\n\t\t\t\t\t<\/div>\n\t\t\t\t<\/div>\n\t\t\t\t<section class=\"elementor-section elementor-top-section elementor-element elementor-element-40b30cb elementor-section-boxed elementor-section-height-default elementor-section-height-default\" data-id=\"40b30cb\" data-element_type=\"section\">\n\t\t\t\t\t\t<div class=\"elementor-container elementor-column-gap-extended\">\n\t\t\t\t\t<div class=\"elementor-column elementor-col-100 elementor-top-column elementor-element elementor-element-19bed29\" data-id=\"19bed29\" data-element_type=\"column\">\n\t\t\t<div class=\"elementor-widget-wrap elementor-element-populated\">\n\t\t\t\t\t\t\t<\/div>\n\t\t<\/div>\n\t\t\t\t\t<\/div>\n\t\t<\/section>\n\t\t\t\t<\/div>\n\t\t","protected":false},"excerpt":{"rendered":"<p>verhaal Over ons Mijn naam is Nodira en ik ben geboren en getogen in de bruisende hoofdstad van Oezbekistan, Tasjkent. Van jongs af aan was ik gepassioneerd door beweging en dans en bracht ik de meeste tijd buiten door, omringd door de natuur. Deze diepe verbondenheid met het buitenleven heeft ervoor gezorgd dat zowel sport [&hellip;]<\/p>\n","protected":false},"author":1,"featured_media":0,"parent":0,"menu_order":0,"comment_status":"closed","ping_status":"closed","template":"","meta":{"_acf_changed":false,"_improvement_type_select":"improve_an_existing","_thumb_yes_seoaic":false,"_frame_yes_seoaic":false,"seoaic_generate_description":"","seoaic_improve_instructions_prompt":"","seoaic_rollback_content_improvement":"","seoaic_idea_thumbnail_generator":"","thumbnail_generated":false,"thumbnail_generate_prompt":"","seoaic_article_description":"","inline_featured_image":false,"footnotes":""},"class_list":["post-26902","page","type-page","status-publish","hentry"],"acf":[],"yoast_head":"<!-- This site is optimized with the Yoast SEO Premium plugin v27.3 (Yoast SEO v27.3) - https:\/\/yoast.com\/product\/yoast-seo-premium-wordpress\/ -->\n<title>Over ons - Samarali<\/title>\n<meta name=\"description\" content=\"Ontdek het verhaal achter onze passie voor yoga en duurzame producten. Lees hoe het allemaal begon met Nodira&#039;s reis van Oezbekistan naar een mindful yogabeoefening.\" \/>\n<meta name=\"robots\" content=\"index, follow, max-snippet:-1, max-image-preview:large, max-video-preview:-1\" \/>\n<link rel=\"canonical\" href=\"https:\/\/samarali.com\/nl\/over-ons\/\" \/>\n<meta property=\"og:locale\" content=\"nl_NL\" \/>\n<meta property=\"og:type\" content=\"article\" \/>\n<meta property=\"og:title\" content=\"Over ons\" \/>\n<meta property=\"og:description\" content=\"Ontdek het verhaal achter onze passie voor yoga en duurzame producten. Lees hoe het allemaal begon met Nodira&#039;s reis van Oezbekistan naar een mindful yogabeoefening.\" \/>\n<meta property=\"og:url\" content=\"https:\/\/samarali.com\/nl\/over-ons\/\" \/>\n<meta property=\"og:site_name\" content=\"Samarali\" \/>\n<meta property=\"article:publisher\" content=\"https:\/\/www.facebook.com\/samaraliyoga\" \/>\n<meta property=\"article:modified_time\" content=\"2024-10-14T11:50:59+00:00\" \/>\n<meta property=\"og:image\" content=\"https:\/\/samarali.com\/wp-content\/uploads\/2024\/09\/Samarali-6.jpg\" \/>\n\t<meta property=\"og:image:width\" content=\"1000\" \/>\n\t<meta property=\"og:image:height\" content=\"1000\" \/>\n\t<meta property=\"og:image:type\" content=\"image\/jpeg\" \/>\n<meta name=\"twitter:card\" content=\"summary_large_image\" \/>\n<meta name=\"twitter:label1\" content=\"Geschatte leestijd\" \/>\n\t<meta name=\"twitter:data1\" content=\"2 minuut\" \/>\n<script type=\"application\/ld+json\" class=\"yoast-schema-graph\">{\"@context\":\"https:\\\/\\\/schema.org\",\"@graph\":[{\"@type\":\"WebPage\",\"@id\":\"https:\\\/\\\/samarali.com\\\/nl\\\/over-ons\\\/\",\"url\":\"https:\\\/\\\/samarali.com\\\/nl\\\/over-ons\\\/\",\"name\":\"Over ons - Samarali\",\"isPartOf\":{\"@id\":\"https:\\\/\\\/samarali.com\\\/nl\\\/#website\"},\"primaryImageOfPage\":{\"@id\":\"https:\\\/\\\/samarali.com\\\/nl\\\/over-ons\\\/#primaryimage\"},\"image\":{\"@id\":\"https:\\\/\\\/samarali.com\\\/nl\\\/over-ons\\\/#primaryimage\"},\"thumbnailUrl\":\"https:\\\/\\\/samarali.com\\\/wp-content\\\/uploads\\\/2024\\\/09\\\/Samarali-6.jpg\",\"datePublished\":\"2020-10-13T07:00:26+00:00\",\"dateModified\":\"2024-10-14T11:50:59+00:00\",\"description\":\"Ontdek het verhaal achter onze passie voor yoga en duurzame producten. Lees hoe het allemaal begon met Nodira's reis van Oezbekistan naar een mindful yogabeoefening.\",\"breadcrumb\":{\"@id\":\"https:\\\/\\\/samarali.com\\\/nl\\\/over-ons\\\/#breadcrumb\"},\"inLanguage\":\"nl-NL\",\"potentialAction\":[{\"@type\":\"ReadAction\",\"target\":[\"https:\\\/\\\/samarali.com\\\/nl\\\/over-ons\\\/\"]}]},{\"@type\":\"ImageObject\",\"inLanguage\":\"nl-NL\",\"@id\":\"https:\\\/\\\/samarali.com\\\/nl\\\/over-ons\\\/#primaryimage\",\"url\":\"https:\\\/\\\/samarali.com\\\/wp-content\\\/uploads\\\/2024\\\/09\\\/Samarali-6.jpg\",\"contentUrl\":\"https:\\\/\\\/samarali.com\\\/wp-content\\\/uploads\\\/2024\\\/09\\\/Samarali-6.jpg\"},{\"@type\":\"BreadcrumbList\",\"@id\":\"https:\\\/\\\/samarali.com\\\/nl\\\/over-ons\\\/#breadcrumb\",\"itemListElement\":[{\"@type\":\"ListItem\",\"position\":1,\"name\":\"Startpagina\",\"item\":\"https:\\\/\\\/samarali.com\\\/nl\\\/home\\\/\"},{\"@type\":\"ListItem\",\"position\":2,\"name\":\"Over ons\"}]},{\"@type\":\"WebSite\",\"@id\":\"https:\\\/\\\/samarali.com\\\/nl\\\/#website\",\"url\":\"https:\\\/\\\/samarali.com\\\/nl\\\/\",\"name\":\"Samarali\",\"description\":\"Samarali is a sustainable yoga and lifestyle brand based in the Netherlands\",\"publisher\":{\"@id\":\"https:\\\/\\\/samarali.com\\\/nl\\\/#organization\"},\"potentialAction\":[{\"@type\":\"SearchAction\",\"target\":{\"@type\":\"EntryPoint\",\"urlTemplate\":\"https:\\\/\\\/samarali.com\\\/nl\\\/?s={search_term_string}\"},\"query-input\":{\"@type\":\"PropertyValueSpecification\",\"valueRequired\":true,\"valueName\":\"search_term_string\"}}],\"inLanguage\":\"nl-NL\"},{\"@type\":\"Organization\",\"@id\":\"https:\\\/\\\/samarali.com\\\/nl\\\/#organization\",\"name\":\"Samarali\",\"url\":\"https:\\\/\\\/samarali.com\\\/nl\\\/\",\"logo\":{\"@type\":\"ImageObject\",\"inLanguage\":\"nl-NL\",\"@id\":\"https:\\\/\\\/samarali.com\\\/nl\\\/#\\\/schema\\\/logo\\\/image\\\/\",\"url\":\"https:\\\/\\\/samarali.com\\\/wp-content\\\/uploads\\\/2024\\\/05\\\/cropped-samarali-icon.png\",\"contentUrl\":\"https:\\\/\\\/samarali.com\\\/wp-content\\\/uploads\\\/2024\\\/05\\\/cropped-samarali-icon.png\",\"width\":512,\"height\":512,\"caption\":\"Samarali\"},\"image\":{\"@id\":\"https:\\\/\\\/samarali.com\\\/nl\\\/#\\\/schema\\\/logo\\\/image\\\/\"},\"sameAs\":[\"https:\\\/\\\/www.facebook.com\\\/samaraliyoga\",\"https:\\\/\\\/www.linkedin.com\\\/company\\\/69563155\\\/\",\"https:\\\/\\\/www.instagram.com\\\/samaraliyoga\\\/\",\"https:\\\/\\\/nl.pinterest.com\\\/Samaraliyoga\\\/\"],\"description\":\"Samarali is a sustainable yoga and lifestyle brand based in the Netherlands\",\"email\":\"info@samarali.com\",\"legalName\":\"Samarali B.V.\",\"vatID\":\"NL859820324B01\",\"numberOfEmployees\":{\"@type\":\"QuantitativeValue\",\"minValue\":\"1\",\"maxValue\":\"10\"}}]}<\/script>\n<!-- \/ Yoast SEO Premium plugin. -->","yoast_head_json":{"title":"Over ons - Samarali","description":"Ontdek het verhaal achter onze passie voor yoga en duurzame producten. Lees hoe het allemaal begon met Nodira's reis van Oezbekistan naar een mindful yogabeoefening.","robots":{"index":"index","follow":"follow","max-snippet":"max-snippet:-1","max-image-preview":"max-image-preview:large","max-video-preview":"max-video-preview:-1"},"canonical":"https:\/\/samarali.com\/nl\/over-ons\/","og_locale":"nl_NL","og_type":"article","og_title":"Over ons","og_description":"Ontdek het verhaal achter onze passie voor yoga en duurzame producten. Lees hoe het allemaal begon met Nodira's reis van Oezbekistan naar een mindful yogabeoefening.","og_url":"https:\/\/samarali.com\/nl\/over-ons\/","og_site_name":"Samarali","article_publisher":"https:\/\/www.facebook.com\/samaraliyoga","article_modified_time":"2024-10-14T11:50:59+00:00","og_image":[{"width":1000,"height":1000,"url":"https:\/\/samarali.com\/wp-content\/uploads\/2024\/09\/Samarali-6.jpg","type":"image\/jpeg"}],"twitter_card":"summary_large_image","twitter_misc":{"Geschatte leestijd":"2 minuut"},"schema":{"@context":"https:\/\/schema.org","@graph":[{"@type":"WebPage","@id":"https:\/\/samarali.com\/nl\/over-ons\/","url":"https:\/\/samarali.com\/nl\/over-ons\/","name":"Over ons - Samarali","isPartOf":{"@id":"https:\/\/samarali.com\/nl\/#website"},"primaryImageOfPage":{"@id":"https:\/\/samarali.com\/nl\/over-ons\/#primaryimage"},"image":{"@id":"https:\/\/samarali.com\/nl\/over-ons\/#primaryimage"},"thumbnailUrl":"https:\/\/samarali.com\/wp-content\/uploads\/2024\/09\/Samarali-6.jpg","datePublished":"2020-10-13T07:00:26+00:00","dateModified":"2024-10-14T11:50:59+00:00","description":"Ontdek het verhaal achter onze passie voor yoga en duurzame producten. Lees hoe het allemaal begon met Nodira's reis van Oezbekistan naar een mindful yogabeoefening.","breadcrumb":{"@id":"https:\/\/samarali.com\/nl\/over-ons\/#breadcrumb"},"inLanguage":"nl-NL","potentialAction":[{"@type":"ReadAction","target":["https:\/\/samarali.com\/nl\/over-ons\/"]}]},{"@type":"ImageObject","inLanguage":"nl-NL","@id":"https:\/\/samarali.com\/nl\/over-ons\/#primaryimage","url":"https:\/\/samarali.com\/wp-content\/uploads\/2024\/09\/Samarali-6.jpg","contentUrl":"https:\/\/samarali.com\/wp-content\/uploads\/2024\/09\/Samarali-6.jpg"},{"@type":"BreadcrumbList","@id":"https:\/\/samarali.com\/nl\/over-ons\/#breadcrumb","itemListElement":[{"@type":"ListItem","position":1,"name":"Startpagina","item":"https:\/\/samarali.com\/nl\/home\/"},{"@type":"ListItem","position":2,"name":"Over ons"}]},{"@type":"WebSite","@id":"https:\/\/samarali.com\/nl\/#website","url":"https:\/\/samarali.com\/nl\/","name":"Samarali","description":"Samarali is a sustainable yoga and lifestyle brand based in the Netherlands","publisher":{"@id":"https:\/\/samarali.com\/nl\/#organization"},"potentialAction":[{"@type":"SearchAction","target":{"@type":"EntryPoint","urlTemplate":"https:\/\/samarali.com\/nl\/?s={search_term_string}"},"query-input":{"@type":"PropertyValueSpecification","valueRequired":true,"valueName":"search_term_string"}}],"inLanguage":"nl-NL"},{"@type":"Organization","@id":"https:\/\/samarali.com\/nl\/#organization","name":"Samarali","url":"https:\/\/samarali.com\/nl\/","logo":{"@type":"ImageObject","inLanguage":"nl-NL","@id":"https:\/\/samarali.com\/nl\/#\/schema\/logo\/image\/","url":"https:\/\/samarali.com\/wp-content\/uploads\/2024\/05\/cropped-samarali-icon.png","contentUrl":"https:\/\/samarali.com\/wp-content\/uploads\/2024\/05\/cropped-samarali-icon.png","width":512,"height":512,"caption":"Samarali"},"image":{"@id":"https:\/\/samarali.com\/nl\/#\/schema\/logo\/image\/"},"sameAs":["https:\/\/www.facebook.com\/samaraliyoga","https:\/\/www.linkedin.com\/company\/69563155\/","https:\/\/www.instagram.com\/samaraliyoga\/","https:\/\/nl.pinterest.com\/Samaraliyoga\/"],"description":"Samarali is a sustainable yoga and lifestyle brand based in the Netherlands","email":"info@samarali.com","legalName":"Samarali B.V.","vatID":"NL859820324B01","numberOfEmployees":{"@type":"QuantitativeValue","minValue":"1","maxValue":"10"}}]}},"jetpack_sharing_enabled":true,"_links":{"self":[{"href":"https:\/\/samarali.com\/nl\/wp-json\/wp\/v2\/pages\/26902","targetHints":{"allow":["GET"]}}],"collection":[{"href":"https:\/\/samarali.com\/nl\/wp-json\/wp\/v2\/pages"}],"about":[{"href":"https:\/\/samarali.com\/nl\/wp-json\/wp\/v2\/types\/page"}],"author":[{"embeddable":true,"href":"https:\/\/samarali.com\/nl\/wp-json\/wp\/v2\/users\/1"}],"replies":[{"embeddable":true,"href":"https:\/\/samarali.com\/nl\/wp-json\/wp\/v2\/comments?post=26902"}],"version-history":[{"count":8,"href":"https:\/\/samarali.com\/nl\/wp-json\/wp\/v2\/pages\/26902\/revisions"}],"predecessor-version":[{"id":31850,"href":"https:\/\/samarali.com\/nl\/wp-json\/wp\/v2\/pages\/26902\/revisions\/31850"}],"wp:attachment":[{"href":"https:\/\/samarali.com\/nl\/wp-json\/wp\/v2\/media?parent=26902"}],"curies":[{"name":"wp","href":"https:\/\/api.w.org\/{rel}","templated":true}]}}