{"id":33831,"date":"2025-10-04T09:51:46","date_gmt":"2025-10-04T07:51:46","guid":{"rendered":"https:\/\/samarali.com\/product\/tapis-de-yoga-en-coton-biologique\/"},"modified":"2025-10-04T09:51:46","modified_gmt":"2025-10-04T07:51:46","slug":"tapis-de-yoga-en-coton-biologique","status":"publish","type":"product","link":"https:\/\/samarali.com\/fr\/produit\/tapis-de-yoga-en-coton-biologique\/","title":{"rendered":"Tapis de yoga en coton biologique"},"content":{"rendered":"<h5>Respectueux de l&rsquo;environnement et durable<\/h5>\n<p>Fabriqu\u00e9 en coton biologique certifi\u00e9 GOTS, il r\u00e9pond aux normes environnementales et sociales les plus strictes. Les colorants sans azo\u00efques sont non toxiques et respectueux de la peau, parfaits pour les yogis soucieux de l&rsquo;environnement qui souhaitent une pratique respectueuse du corps et de la plan\u00e8te.<\/p>\n<h5>Confort et soutien<\/h5>\n<p>Con\u00e7u pour le yoga \u00e0 rythme lent, la m\u00e9ditation et les pratiques r\u00e9paratrices, ce tapis tiss\u00e9 offre un amorti doux et une stabilit\u00e9 fiable. Il supporte les postures assises, les \u00e9tirements au sol et les poses de longue dur\u00e9e sans glisser, vous aidant \u00e0 rester ancr\u00e9 et concentr\u00e9 tout au long de votre pratique.<\/p>\n<h5>Utilisation polyvalente \u00e0 domicile<\/h5>\n<p>Au-del\u00e0 du yoga, ce tapis constitue un magnifique accent color\u00e9 dans n&rsquo;importe quelle pi\u00e8ce. Avec des choix allant de tons calmes et feutr\u00e9s \u00e0 des teintes vibrantes et \u00e9nergiques, vous pouvez choisir un tapis qui compl\u00e8te votre style personnel et votre espace. Gr\u00e2ce \u00e0 sa construction enroulable et pliable, il est facile de le superposer, de le rouler ou de le d\u00e9placer dans votre maison.<\/p>\n<h5>Entretien facile<\/h5>\n<p>Laver en machine avec pr\u00e9caution et s\u00e9cher \u00e0 l&rsquo;air libre pour pr\u00e9server la douceur et la durabilit\u00e9 des fibres organiques. Pour des instructions d&rsquo;entretien d\u00e9taill\u00e9es, veuillez vous r\u00e9f\u00e9rer aux \u00e9tiquettes du produit fournies avec le tapis, ce qui garantit une qualit\u00e9 et des performances durables.<\/p>\n","protected":false},"excerpt":{"rendered":"<p>Am\u00e9liorez votre pratique du yoga r\u00e9parateur avec nos tapis en coton biologique, disponibles dans des couleurs vibrantes &#8211; parfaits pour le Yin, le Hatha, la m\u00e9ditation, ou comme d\u00e9coration d&rsquo;int\u00e9rieur \u00e9l\u00e9gante.<\/p>\n","protected":false},"featured_media":33832,"comment_status":"closed","ping_status":"closed","template":"","meta":{"_acf_changed":false,"_improvement_type_select":"improve_an_existing","_thumb_yes_seoaic":false,"_frame_yes_seoaic":false,"seoaic_generate_description":"","seoaic_improve_instructions_prompt":"","seoaic_rollback_content_improvement":"","seoaic_idea_thumbnail_generator":"","thumbnail_generated":false,"thumbnail_generate_prompt":"","seoaic_article_description":"","inline_featured_image":false},"product_cat":[337,325],"product_tag":[],"class_list":{"0":"post-33831","1":"product","2":"type-product","3":"status-publish","4":"has-post-thumbnail","6":"product_cat-tapis-de-yoga","7":"product_cat-yoga-fr","9":"first","10":"instock","11":"shipping-taxable","12":"purchasable","13":"product-type-variable"},"acf":[],"yoast_head":"<!-- This site is optimized with the Yoast SEO Premium plugin v27.3 (Yoast SEO v27.3) - https:\/\/yoast.com\/product\/yoast-seo-premium-wordpress\/ -->\n<title>Tapis de yoga en coton biologique - Samarali<\/title>\n<meta name=\"description\" content=\"Adoptez la conscience \u00e9cologique avec notre tapis de yoga biologique, fabriqu\u00e9 \u00e0 partir de coton certifi\u00e9 GOTS, pour la plan\u00e8te et votre pratique. Faites l&#039;exp\u00e9rience du confort d\u00e8s aujourd&#039;hui !\" \/>\n<meta name=\"robots\" content=\"index, follow, max-snippet:-1, max-image-preview:large, max-video-preview:-1\" \/>\n<link rel=\"canonical\" href=\"https:\/\/samarali.com\/fr\/produit\/tapis-de-yoga-en-coton-biologique\/\" \/>\n<meta property=\"og:locale\" content=\"fr_FR\" \/>\n<meta property=\"og:type\" content=\"article\" \/>\n<meta property=\"og:title\" content=\"Tapis de yoga en coton biologique - Samarali\" \/>\n<meta property=\"og:description\" content=\"Adoptez la conscience \u00e9cologique avec notre tapis de yoga biologique, fabriqu\u00e9 \u00e0 partir de coton certifi\u00e9 GOTS, pour la plan\u00e8te et votre pratique. Faites l&#039;exp\u00e9rience du confort d\u00e8s aujourd&#039;hui !\" \/>\n<meta property=\"og:url\" content=\"https:\/\/samarali.com\/fr\/produit\/tapis-de-yoga-en-coton-biologique\/\" \/>\n<meta property=\"og:site_name\" content=\"Samarali\" \/>\n<meta property=\"article:publisher\" content=\"https:\/\/www.facebook.com\/samaraliyoga\" \/>\n<meta property=\"og:image\" content=\"https:\/\/samarali.com\/wp-content\/uploads\/2025\/10\/Cotton-rug-Ocean-Mist-blue-mix-2.jpg\" \/>\n\t<meta property=\"og:image:width\" content=\"1000\" \/>\n\t<meta property=\"og:image:height\" content=\"1000\" \/>\n\t<meta property=\"og:image:type\" content=\"image\/jpeg\" \/>\n<meta name=\"twitter:card\" content=\"summary_large_image\" \/>\n<meta name=\"twitter:label1\" content=\"Disponibilit\u00e9\" \/>\n\t<meta name=\"twitter:data1\" content=\"En stock\" \/>\n<script type=\"application\/ld+json\" class=\"yoast-schema-graph\">{\"@context\":\"https:\\\/\\\/schema.org\",\"@graph\":[{\"@type\":\"WebPage\",\"@id\":\"https:\\\/\\\/samarali.com\\\/fr\\\/produit\\\/tapis-de-yoga-en-coton-biologique\\\/\",\"url\":\"https:\\\/\\\/samarali.com\\\/fr\\\/produit\\\/tapis-de-yoga-en-coton-biologique\\\/\",\"name\":\"Tapis de yoga en coton biologique - Samarali\",\"isPartOf\":{\"@id\":\"https:\\\/\\\/samarali.com\\\/fr\\\/#website\"},\"primaryImageOfPage\":{\"@id\":\"https:\\\/\\\/samarali.com\\\/fr\\\/produit\\\/tapis-de-yoga-en-coton-biologique\\\/#primaryimage\"},\"image\":{\"@id\":\"https:\\\/\\\/samarali.com\\\/fr\\\/produit\\\/tapis-de-yoga-en-coton-biologique\\\/#primaryimage\"},\"thumbnailUrl\":\"https:\\\/\\\/samarali.com\\\/wp-content\\\/uploads\\\/2025\\\/10\\\/Cotton-rug-Ocean-Mist-blue-mix-2.jpg\",\"datePublished\":\"2025-10-04T07:51:46+00:00\",\"description\":\"Adoptez la conscience \u00e9cologique avec notre tapis de yoga biologique, fabriqu\u00e9 \u00e0 partir de coton certifi\u00e9 GOTS, pour la plan\u00e8te et votre pratique. Faites l'exp\u00e9rience du confort d\u00e8s aujourd'hui !\",\"breadcrumb\":{\"@id\":\"https:\\\/\\\/samarali.com\\\/fr\\\/produit\\\/tapis-de-yoga-en-coton-biologique\\\/#breadcrumb\"},\"inLanguage\":\"fr-FR\",\"potentialAction\":[{\"@type\":\"ReadAction\",\"target\":[\"https:\\\/\\\/samarali.com\\\/fr\\\/produit\\\/tapis-de-yoga-en-coton-biologique\\\/\"]}]},{\"@type\":\"ImageObject\",\"inLanguage\":\"fr-FR\",\"@id\":\"https:\\\/\\\/samarali.com\\\/fr\\\/produit\\\/tapis-de-yoga-en-coton-biologique\\\/#primaryimage\",\"url\":\"https:\\\/\\\/samarali.com\\\/wp-content\\\/uploads\\\/2025\\\/10\\\/Cotton-rug-Ocean-Mist-blue-mix-2.jpg\",\"contentUrl\":\"https:\\\/\\\/samarali.com\\\/wp-content\\\/uploads\\\/2025\\\/10\\\/Cotton-rug-Ocean-Mist-blue-mix-2.jpg\",\"width\":1000,\"height\":1000,\"caption\":\"Tapis en coton Ocean Mist (m\u00e9lange de bleu) 2\"},{\"@type\":\"BreadcrumbList\",\"@id\":\"https:\\\/\\\/samarali.com\\\/fr\\\/produit\\\/tapis-de-yoga-en-coton-biologique\\\/#breadcrumb\",\"itemListElement\":[{\"@type\":\"ListItem\",\"position\":1,\"name\":\"Accueil\",\"item\":\"https:\\\/\\\/samarali.com\\\/fr\\\/accueil\\\/\"},{\"@type\":\"ListItem\",\"position\":2,\"name\":\"Boutique\",\"item\":\"https:\\\/\\\/samarali.com\\\/fr\\\/boutique\\\/\"},{\"@type\":\"ListItem\",\"position\":3,\"name\":\"Tapis de yoga en coton biologique\"}]},{\"@type\":\"WebSite\",\"@id\":\"https:\\\/\\\/samarali.com\\\/fr\\\/#website\",\"url\":\"https:\\\/\\\/samarali.com\\\/fr\\\/\",\"name\":\"Samarali\",\"description\":\"Samarali est une marque de yoga et de style de vie durable bas\u00e9e aux Pays-Bas.\",\"publisher\":{\"@id\":\"https:\\\/\\\/samarali.com\\\/fr\\\/#organization\"},\"potentialAction\":[{\"@type\":\"SearchAction\",\"target\":{\"@type\":\"EntryPoint\",\"urlTemplate\":\"https:\\\/\\\/samarali.com\\\/fr\\\/?s={search_term_string}\"},\"query-input\":{\"@type\":\"PropertyValueSpecification\",\"valueRequired\":true,\"valueName\":\"search_term_string\"}}],\"inLanguage\":\"fr-FR\"},{\"@type\":\"Organization\",\"@id\":\"https:\\\/\\\/samarali.com\\\/fr\\\/#organization\",\"name\":\"Samarali\",\"url\":\"https:\\\/\\\/samarali.com\\\/fr\\\/\",\"logo\":{\"@type\":\"ImageObject\",\"inLanguage\":\"fr-FR\",\"@id\":\"https:\\\/\\\/samarali.com\\\/fr\\\/#\\\/schema\\\/logo\\\/image\\\/\",\"url\":\"https:\\\/\\\/samarali.com\\\/wp-content\\\/uploads\\\/2024\\\/05\\\/cropped-samarali-icon.png\",\"contentUrl\":\"https:\\\/\\\/samarali.com\\\/wp-content\\\/uploads\\\/2024\\\/05\\\/cropped-samarali-icon.png\",\"width\":512,\"height\":512,\"caption\":\"Samarali\"},\"image\":{\"@id\":\"https:\\\/\\\/samarali.com\\\/fr\\\/#\\\/schema\\\/logo\\\/image\\\/\"},\"sameAs\":[\"https:\\\/\\\/www.facebook.com\\\/samaraliyoga\",\"https:\\\/\\\/www.linkedin.com\\\/company\\\/69563155\\\/\",\"https:\\\/\\\/www.instagram.com\\\/samaraliyoga\\\/\",\"https:\\\/\\\/nl.pinterest.com\\\/Samaraliyoga\\\/\"],\"description\":\"Samarali is a sustainable yoga and lifestyle brand based in the Netherlands\",\"email\":\"info@samarali.com\",\"legalName\":\"Samarali B.V.\",\"vatID\":\"NL859820324B01\",\"numberOfEmployees\":{\"@type\":\"QuantitativeValue\",\"minValue\":\"1\",\"maxValue\":\"10\"}}]}<\/script>\n<meta property=\"og:availability\" content=\"instock\" \/>\n<meta property=\"product:availability\" content=\"instock\" \/>\n<meta property=\"product:condition\" content=\"new\" \/>\n<!-- \/ Yoast SEO Premium plugin. -->","yoast_head_json":{"title":"Tapis de yoga en coton biologique - Samarali","description":"Adoptez la conscience \u00e9cologique avec notre tapis de yoga biologique, fabriqu\u00e9 \u00e0 partir de coton certifi\u00e9 GOTS, pour la plan\u00e8te et votre pratique. Faites l'exp\u00e9rience du confort d\u00e8s aujourd'hui !","robots":{"index":"index","follow":"follow","max-snippet":"max-snippet:-1","max-image-preview":"max-image-preview:large","max-video-preview":"max-video-preview:-1"},"canonical":"https:\/\/samarali.com\/fr\/produit\/tapis-de-yoga-en-coton-biologique\/","og_locale":"fr_FR","og_type":"article","og_title":"Tapis de yoga en coton biologique - Samarali","og_description":"Adoptez la conscience \u00e9cologique avec notre tapis de yoga biologique, fabriqu\u00e9 \u00e0 partir de coton certifi\u00e9 GOTS, pour la plan\u00e8te et votre pratique. Faites l'exp\u00e9rience du confort d\u00e8s aujourd'hui !","og_url":"https:\/\/samarali.com\/fr\/produit\/tapis-de-yoga-en-coton-biologique\/","og_site_name":"Samarali","article_publisher":"https:\/\/www.facebook.com\/samaraliyoga","og_image":[{"width":1000,"height":1000,"url":"https:\/\/samarali.com\/wp-content\/uploads\/2025\/10\/Cotton-rug-Ocean-Mist-blue-mix-2.jpg","type":"image\/jpeg"}],"twitter_card":"summary_large_image","twitter_misc":{"Disponibilit\u00e9":"En stock"},"schema":{"@context":"https:\/\/schema.org","@graph":[{"@type":"WebPage","@id":"https:\/\/samarali.com\/fr\/produit\/tapis-de-yoga-en-coton-biologique\/","url":"https:\/\/samarali.com\/fr\/produit\/tapis-de-yoga-en-coton-biologique\/","name":"Tapis de yoga en coton biologique - Samarali","isPartOf":{"@id":"https:\/\/samarali.com\/fr\/#website"},"primaryImageOfPage":{"@id":"https:\/\/samarali.com\/fr\/produit\/tapis-de-yoga-en-coton-biologique\/#primaryimage"},"image":{"@id":"https:\/\/samarali.com\/fr\/produit\/tapis-de-yoga-en-coton-biologique\/#primaryimage"},"thumbnailUrl":"https:\/\/samarali.com\/wp-content\/uploads\/2025\/10\/Cotton-rug-Ocean-Mist-blue-mix-2.jpg","datePublished":"2025-10-04T07:51:46+00:00","description":"Adoptez la conscience \u00e9cologique avec notre tapis de yoga biologique, fabriqu\u00e9 \u00e0 partir de coton certifi\u00e9 GOTS, pour la plan\u00e8te et votre pratique. Faites l'exp\u00e9rience du confort d\u00e8s aujourd'hui !","breadcrumb":{"@id":"https:\/\/samarali.com\/fr\/produit\/tapis-de-yoga-en-coton-biologique\/#breadcrumb"},"inLanguage":"fr-FR","potentialAction":[{"@type":"ReadAction","target":["https:\/\/samarali.com\/fr\/produit\/tapis-de-yoga-en-coton-biologique\/"]}]},{"@type":"ImageObject","inLanguage":"fr-FR","@id":"https:\/\/samarali.com\/fr\/produit\/tapis-de-yoga-en-coton-biologique\/#primaryimage","url":"https:\/\/samarali.com\/wp-content\/uploads\/2025\/10\/Cotton-rug-Ocean-Mist-blue-mix-2.jpg","contentUrl":"https:\/\/samarali.com\/wp-content\/uploads\/2025\/10\/Cotton-rug-Ocean-Mist-blue-mix-2.jpg","width":1000,"height":1000,"caption":"Tapis en coton Ocean Mist (m\u00e9lange de bleu) 2"},{"@type":"BreadcrumbList","@id":"https:\/\/samarali.com\/fr\/produit\/tapis-de-yoga-en-coton-biologique\/#breadcrumb","itemListElement":[{"@type":"ListItem","position":1,"name":"Accueil","item":"https:\/\/samarali.com\/fr\/accueil\/"},{"@type":"ListItem","position":2,"name":"Boutique","item":"https:\/\/samarali.com\/fr\/boutique\/"},{"@type":"ListItem","position":3,"name":"Tapis de yoga en coton biologique"}]},{"@type":"WebSite","@id":"https:\/\/samarali.com\/fr\/#website","url":"https:\/\/samarali.com\/fr\/","name":"Samarali","description":"Samarali est une marque de yoga et de style de vie durable bas\u00e9e aux Pays-Bas.","publisher":{"@id":"https:\/\/samarali.com\/fr\/#organization"},"potentialAction":[{"@type":"SearchAction","target":{"@type":"EntryPoint","urlTemplate":"https:\/\/samarali.com\/fr\/?s={search_term_string}"},"query-input":{"@type":"PropertyValueSpecification","valueRequired":true,"valueName":"search_term_string"}}],"inLanguage":"fr-FR"},{"@type":"Organization","@id":"https:\/\/samarali.com\/fr\/#organization","name":"Samarali","url":"https:\/\/samarali.com\/fr\/","logo":{"@type":"ImageObject","inLanguage":"fr-FR","@id":"https:\/\/samarali.com\/fr\/#\/schema\/logo\/image\/","url":"https:\/\/samarali.com\/wp-content\/uploads\/2024\/05\/cropped-samarali-icon.png","contentUrl":"https:\/\/samarali.com\/wp-content\/uploads\/2024\/05\/cropped-samarali-icon.png","width":512,"height":512,"caption":"Samarali"},"image":{"@id":"https:\/\/samarali.com\/fr\/#\/schema\/logo\/image\/"},"sameAs":["https:\/\/www.facebook.com\/samaraliyoga","https:\/\/www.linkedin.com\/company\/69563155\/","https:\/\/www.instagram.com\/samaraliyoga\/","https:\/\/nl.pinterest.com\/Samaraliyoga\/"],"description":"Samarali is a sustainable yoga and lifestyle brand based in the Netherlands","email":"info@samarali.com","legalName":"Samarali B.V.","vatID":"NL859820324B01","numberOfEmployees":{"@type":"QuantitativeValue","minValue":"1","maxValue":"10"}}]},"og_availability":"instock","product_availability":"instock","product_condition":"new"},"jetpack_sharing_enabled":true,"_links":{"self":[{"href":"https:\/\/samarali.com\/fr\/wp-json\/wp\/v2\/product\/33831","targetHints":{"allow":["GET"]}}],"collection":[{"href":"https:\/\/samarali.com\/fr\/wp-json\/wp\/v2\/product"}],"about":[{"href":"https:\/\/samarali.com\/fr\/wp-json\/wp\/v2\/types\/product"}],"replies":[{"embeddable":true,"href":"https:\/\/samarali.com\/fr\/wp-json\/wp\/v2\/comments?post=33831"}],"version-history":[{"count":0,"href":"https:\/\/samarali.com\/fr\/wp-json\/wp\/v2\/product\/33831\/revisions"}],"wp:featuredmedia":[{"embeddable":true,"href":"https:\/\/samarali.com\/fr\/wp-json\/wp\/v2\/media\/33832"}],"wp:attachment":[{"href":"https:\/\/samarali.com\/fr\/wp-json\/wp\/v2\/media?parent=33831"}],"wp:term":[{"taxonomy":"product_cat","embeddable":true,"href":"https:\/\/samarali.com\/fr\/wp-json\/wp\/v2\/product_cat?post=33831"},{"taxonomy":"product_tag","embeddable":true,"href":"https:\/\/samarali.com\/fr\/wp-json\/wp\/v2\/product_tag?post=33831"}],"curies":[{"name":"wp","href":"https:\/\/api.w.org\/{rel}","templated":true}]}}