{"id":29190,"date":"2024-08-08T20:46:43","date_gmt":"2024-08-08T20:46:43","guid":{"rendered":"https:\/\/samarali.com\/product\/short-de-yoga-coton\/"},"modified":"2025-01-01T00:04:39","modified_gmt":"2024-12-31T23:04:39","slug":"short-de-yoga-coton","status":"publish","type":"product","link":"https:\/\/samarali.com\/fr\/produit\/short-de-yoga-coton\/","title":{"rendered":"Short de yoga &#8211; coton"},"content":{"rendered":"<p>D\u00e9couvrez un m\u00e9lange unique de confort et de style avec notre short de yoga en coton de qualit\u00e9 sup\u00e9rieure Samarali, qui est si doux que vous oublierez que vous le portez. Que vous fassiez du yoga, de la randonn\u00e9e ou des courses, ce short polyvalent est le choix id\u00e9al pour toutes les occasions. Disponibles en plusieurs couleurs, elles s&rsquo;associent sans effort \u00e0 notre d\u00e9bardeur Samarali et \u00e0 notre brassi\u00e8re de yoga.<\/p>\n<p>Nos shorts sont fi\u00e8rement produits en Ukraine par notre entreprise d\u00e9tenue par des femmes, qui se consacre \u00e0 soutenir votre cheminement vers la gu\u00e9rison, la prise de conscience et la reconnaissance de soi.<\/p>\n<p><strong>Les lignes directrices en mati\u00e8re de soins :<\/strong><\/p>\n<ul>\n<li>Laver avec des couleurs similaires<\/li>\n<li>Laver \u00e0 l&rsquo;eau froide (jusqu&rsquo;\u00e0 30\u00b0C) sur un cycle d\u00e9licat.<\/li>\n<\/ul>\n<div id=\"gtx-trans\" style=\"position: absolute; left: 524px; top: 1.2px;\">\n<div class=\"gtx-trans-icon\"><\/div>\n<\/div>\n","protected":false},"excerpt":{"rendered":"<p>Atteignez l&rsquo;\u00e9quilibre parfait entre confort et style avec notre short de yoga en coton Samarali. Parfait pour toutes les occasions, du yoga \u00e0 la tenue de tous les jours.<\/p>\n<div id=\"gtx-trans\" style=\"position: absolute; left: 540px; top: 37.8px;\">\n<div class=\"gtx-trans-icon\"><\/div>\n<\/div>\n","protected":false},"featured_media":24828,"comment_status":"open","ping_status":"closed","template":"","meta":{"_acf_changed":false,"_improvement_type_select":"improve_an_existing","_thumb_yes_seoaic":false,"_frame_yes_seoaic":false,"seoaic_generate_description":"","seoaic_improve_instructions_prompt":"","seoaic_rollback_content_improvement":"","seoaic_idea_thumbnail_generator":"","thumbnail_generated":false,"thumbnail_generate_prompt":"","seoaic_article_description":"","inline_featured_image":false},"product_cat":[236],"product_tag":[],"class_list":{"0":"post-29190","1":"product","2":"type-product","3":"status-publish","4":"has-post-thumbnail","6":"product_cat-vetements","8":"first","9":"instock","10":"shipping-taxable","11":"purchasable","12":"product-type-variable"},"acf":[],"yoast_head":"<!-- This site is optimized with the Yoast SEO Premium plugin v27.3 (Yoast SEO v27.3) - https:\/\/yoast.com\/product\/yoast-seo-premium-wordpress\/ -->\n<title>Short de yoga - coton - Samarali<\/title>\n<meta name=\"description\" content=\"Atteignez l&#039;\u00e9quilibre parfait entre confort et style avec notre short de yoga en coton Samarali. Parfait pour toutes les occasions, du yoga \u00e0 la tenue de tous les jours. Ne manquez pas cette occasion !\" \/>\n<meta name=\"robots\" content=\"index, follow, max-snippet:-1, max-image-preview:large, max-video-preview:-1\" \/>\n<link rel=\"canonical\" href=\"https:\/\/samarali.com\/fr\/produit\/short-de-yoga-coton\/\" \/>\n<meta property=\"og:locale\" content=\"fr_FR\" \/>\n<meta property=\"og:type\" content=\"article\" \/>\n<meta property=\"og:title\" content=\"Short de yoga - coton - Samarali\" \/>\n<meta property=\"og:description\" content=\"Atteignez l&#039;\u00e9quilibre parfait entre confort et style avec notre short de yoga en coton Samarali. Parfait pour toutes les occasions, du yoga \u00e0 la tenue de tous les jours. Ne manquez pas cette occasion !\" \/>\n<meta property=\"og:url\" content=\"https:\/\/samarali.com\/fr\/produit\/short-de-yoga-coton\/\" \/>\n<meta property=\"og:site_name\" content=\"Samarali\" \/>\n<meta property=\"article:publisher\" content=\"https:\/\/www.facebook.com\/samaraliyoga\" \/>\n<meta property=\"article:modified_time\" content=\"2024-12-31T23:04:39+00:00\" \/>\n<meta property=\"og:image\" content=\"https:\/\/samarali.com\/wp-content\/uploads\/2024\/08\/Fitness-set-with-shorts-Blue-17.jpg\" \/>\n\t<meta property=\"og:image:width\" content=\"1000\" \/>\n\t<meta property=\"og:image:height\" content=\"1000\" \/>\n\t<meta property=\"og:image:type\" content=\"image\/jpeg\" \/>\n<meta name=\"twitter:card\" content=\"summary_large_image\" \/>\n<meta name=\"twitter:label1\" content=\"Disponibilit\u00e9\" \/>\n\t<meta name=\"twitter:data1\" content=\"En stock\" \/>\n<script type=\"application\/ld+json\" class=\"yoast-schema-graph\">{\"@context\":\"https:\\\/\\\/schema.org\",\"@graph\":[{\"@type\":\"WebPage\",\"@id\":\"https:\\\/\\\/samarali.com\\\/fr\\\/produit\\\/short-de-yoga-coton\\\/\",\"url\":\"https:\\\/\\\/samarali.com\\\/fr\\\/produit\\\/short-de-yoga-coton\\\/\",\"name\":\"Short de yoga - coton - Samarali\",\"isPartOf\":{\"@id\":\"https:\\\/\\\/samarali.com\\\/fr\\\/#website\"},\"primaryImageOfPage\":{\"@id\":\"https:\\\/\\\/samarali.com\\\/fr\\\/produit\\\/short-de-yoga-coton\\\/#primaryimage\"},\"image\":{\"@id\":\"https:\\\/\\\/samarali.com\\\/fr\\\/produit\\\/short-de-yoga-coton\\\/#primaryimage\"},\"thumbnailUrl\":\"https:\\\/\\\/samarali.com\\\/wp-content\\\/uploads\\\/2024\\\/08\\\/Fitness-set-with-shorts-Blue-17.jpg\",\"datePublished\":\"2024-08-08T20:46:43+00:00\",\"dateModified\":\"2024-12-31T23:04:39+00:00\",\"description\":\"Atteignez l'\u00e9quilibre parfait entre confort et style avec notre short de yoga en coton Samarali. Parfait pour toutes les occasions, du yoga \u00e0 la tenue de tous les jours. Ne manquez pas cette occasion !\",\"breadcrumb\":{\"@id\":\"https:\\\/\\\/samarali.com\\\/fr\\\/produit\\\/short-de-yoga-coton\\\/#breadcrumb\"},\"inLanguage\":\"fr-FR\",\"potentialAction\":[{\"@type\":\"ReadAction\",\"target\":[\"https:\\\/\\\/samarali.com\\\/fr\\\/produit\\\/short-de-yoga-coton\\\/\"]}]},{\"@type\":\"ImageObject\",\"inLanguage\":\"fr-FR\",\"@id\":\"https:\\\/\\\/samarali.com\\\/fr\\\/produit\\\/short-de-yoga-coton\\\/#primaryimage\",\"url\":\"https:\\\/\\\/samarali.com\\\/wp-content\\\/uploads\\\/2024\\\/08\\\/Fitness-set-with-shorts-Blue-17.jpg\",\"contentUrl\":\"https:\\\/\\\/samarali.com\\\/wp-content\\\/uploads\\\/2024\\\/08\\\/Fitness-set-with-shorts-Blue-17.jpg\",\"width\":1000,\"height\":1000,\"caption\":\"Ensemble de fitness avec short Bleu 17\"},{\"@type\":\"BreadcrumbList\",\"@id\":\"https:\\\/\\\/samarali.com\\\/fr\\\/produit\\\/short-de-yoga-coton\\\/#breadcrumb\",\"itemListElement\":[{\"@type\":\"ListItem\",\"position\":1,\"name\":\"Accueil\",\"item\":\"https:\\\/\\\/samarali.com\\\/fr\\\/accueil\\\/\"},{\"@type\":\"ListItem\",\"position\":2,\"name\":\"Boutique\",\"item\":\"https:\\\/\\\/samarali.com\\\/fr\\\/boutique\\\/\"},{\"@type\":\"ListItem\",\"position\":3,\"name\":\"Short de yoga &#8211; coton\"}]},{\"@type\":\"WebSite\",\"@id\":\"https:\\\/\\\/samarali.com\\\/fr\\\/#website\",\"url\":\"https:\\\/\\\/samarali.com\\\/fr\\\/\",\"name\":\"Samarali\",\"description\":\"Samarali est une marque de yoga et de style de vie durable bas\u00e9e aux Pays-Bas.\",\"publisher\":{\"@id\":\"https:\\\/\\\/samarali.com\\\/fr\\\/#organization\"},\"potentialAction\":[{\"@type\":\"SearchAction\",\"target\":{\"@type\":\"EntryPoint\",\"urlTemplate\":\"https:\\\/\\\/samarali.com\\\/fr\\\/?s={search_term_string}\"},\"query-input\":{\"@type\":\"PropertyValueSpecification\",\"valueRequired\":true,\"valueName\":\"search_term_string\"}}],\"inLanguage\":\"fr-FR\"},{\"@type\":\"Organization\",\"@id\":\"https:\\\/\\\/samarali.com\\\/fr\\\/#organization\",\"name\":\"Samarali\",\"url\":\"https:\\\/\\\/samarali.com\\\/fr\\\/\",\"logo\":{\"@type\":\"ImageObject\",\"inLanguage\":\"fr-FR\",\"@id\":\"https:\\\/\\\/samarali.com\\\/fr\\\/#\\\/schema\\\/logo\\\/image\\\/\",\"url\":\"https:\\\/\\\/samarali.com\\\/wp-content\\\/uploads\\\/2024\\\/05\\\/cropped-samarali-icon.png\",\"contentUrl\":\"https:\\\/\\\/samarali.com\\\/wp-content\\\/uploads\\\/2024\\\/05\\\/cropped-samarali-icon.png\",\"width\":512,\"height\":512,\"caption\":\"Samarali\"},\"image\":{\"@id\":\"https:\\\/\\\/samarali.com\\\/fr\\\/#\\\/schema\\\/logo\\\/image\\\/\"},\"sameAs\":[\"https:\\\/\\\/www.facebook.com\\\/samaraliyoga\",\"https:\\\/\\\/www.linkedin.com\\\/company\\\/69563155\\\/\",\"https:\\\/\\\/www.instagram.com\\\/samaraliyoga\\\/\",\"https:\\\/\\\/nl.pinterest.com\\\/Samaraliyoga\\\/\"],\"description\":\"Samarali is a sustainable yoga and lifestyle brand based in the Netherlands\",\"email\":\"info@samarali.com\",\"legalName\":\"Samarali B.V.\",\"vatID\":\"NL859820324B01\",\"numberOfEmployees\":{\"@type\":\"QuantitativeValue\",\"minValue\":\"1\",\"maxValue\":\"10\"}}]}<\/script>\n<meta property=\"og:availability\" content=\"instock\" \/>\n<meta property=\"product:availability\" content=\"instock\" \/>\n<meta property=\"product:condition\" content=\"new\" \/>\n<!-- \/ Yoast SEO Premium plugin. -->","yoast_head_json":{"title":"Short de yoga - coton - Samarali","description":"Atteignez l'\u00e9quilibre parfait entre confort et style avec notre short de yoga en coton Samarali. Parfait pour toutes les occasions, du yoga \u00e0 la tenue de tous les jours. Ne manquez pas cette occasion !","robots":{"index":"index","follow":"follow","max-snippet":"max-snippet:-1","max-image-preview":"max-image-preview:large","max-video-preview":"max-video-preview:-1"},"canonical":"https:\/\/samarali.com\/fr\/produit\/short-de-yoga-coton\/","og_locale":"fr_FR","og_type":"article","og_title":"Short de yoga - coton - Samarali","og_description":"Atteignez l'\u00e9quilibre parfait entre confort et style avec notre short de yoga en coton Samarali. Parfait pour toutes les occasions, du yoga \u00e0 la tenue de tous les jours. Ne manquez pas cette occasion !","og_url":"https:\/\/samarali.com\/fr\/produit\/short-de-yoga-coton\/","og_site_name":"Samarali","article_publisher":"https:\/\/www.facebook.com\/samaraliyoga","article_modified_time":"2024-12-31T23:04:39+00:00","og_image":[{"width":1000,"height":1000,"url":"https:\/\/samarali.com\/wp-content\/uploads\/2024\/08\/Fitness-set-with-shorts-Blue-17.jpg","type":"image\/jpeg"}],"twitter_card":"summary_large_image","twitter_misc":{"Disponibilit\u00e9":"En stock"},"schema":{"@context":"https:\/\/schema.org","@graph":[{"@type":"WebPage","@id":"https:\/\/samarali.com\/fr\/produit\/short-de-yoga-coton\/","url":"https:\/\/samarali.com\/fr\/produit\/short-de-yoga-coton\/","name":"Short de yoga - coton - Samarali","isPartOf":{"@id":"https:\/\/samarali.com\/fr\/#website"},"primaryImageOfPage":{"@id":"https:\/\/samarali.com\/fr\/produit\/short-de-yoga-coton\/#primaryimage"},"image":{"@id":"https:\/\/samarali.com\/fr\/produit\/short-de-yoga-coton\/#primaryimage"},"thumbnailUrl":"https:\/\/samarali.com\/wp-content\/uploads\/2024\/08\/Fitness-set-with-shorts-Blue-17.jpg","datePublished":"2024-08-08T20:46:43+00:00","dateModified":"2024-12-31T23:04:39+00:00","description":"Atteignez l'\u00e9quilibre parfait entre confort et style avec notre short de yoga en coton Samarali. Parfait pour toutes les occasions, du yoga \u00e0 la tenue de tous les jours. Ne manquez pas cette occasion !","breadcrumb":{"@id":"https:\/\/samarali.com\/fr\/produit\/short-de-yoga-coton\/#breadcrumb"},"inLanguage":"fr-FR","potentialAction":[{"@type":"ReadAction","target":["https:\/\/samarali.com\/fr\/produit\/short-de-yoga-coton\/"]}]},{"@type":"ImageObject","inLanguage":"fr-FR","@id":"https:\/\/samarali.com\/fr\/produit\/short-de-yoga-coton\/#primaryimage","url":"https:\/\/samarali.com\/wp-content\/uploads\/2024\/08\/Fitness-set-with-shorts-Blue-17.jpg","contentUrl":"https:\/\/samarali.com\/wp-content\/uploads\/2024\/08\/Fitness-set-with-shorts-Blue-17.jpg","width":1000,"height":1000,"caption":"Ensemble de fitness avec short Bleu 17"},{"@type":"BreadcrumbList","@id":"https:\/\/samarali.com\/fr\/produit\/short-de-yoga-coton\/#breadcrumb","itemListElement":[{"@type":"ListItem","position":1,"name":"Accueil","item":"https:\/\/samarali.com\/fr\/accueil\/"},{"@type":"ListItem","position":2,"name":"Boutique","item":"https:\/\/samarali.com\/fr\/boutique\/"},{"@type":"ListItem","position":3,"name":"Short de yoga &#8211; coton"}]},{"@type":"WebSite","@id":"https:\/\/samarali.com\/fr\/#website","url":"https:\/\/samarali.com\/fr\/","name":"Samarali","description":"Samarali est une marque de yoga et de style de vie durable bas\u00e9e aux Pays-Bas.","publisher":{"@id":"https:\/\/samarali.com\/fr\/#organization"},"potentialAction":[{"@type":"SearchAction","target":{"@type":"EntryPoint","urlTemplate":"https:\/\/samarali.com\/fr\/?s={search_term_string}"},"query-input":{"@type":"PropertyValueSpecification","valueRequired":true,"valueName":"search_term_string"}}],"inLanguage":"fr-FR"},{"@type":"Organization","@id":"https:\/\/samarali.com\/fr\/#organization","name":"Samarali","url":"https:\/\/samarali.com\/fr\/","logo":{"@type":"ImageObject","inLanguage":"fr-FR","@id":"https:\/\/samarali.com\/fr\/#\/schema\/logo\/image\/","url":"https:\/\/samarali.com\/wp-content\/uploads\/2024\/05\/cropped-samarali-icon.png","contentUrl":"https:\/\/samarali.com\/wp-content\/uploads\/2024\/05\/cropped-samarali-icon.png","width":512,"height":512,"caption":"Samarali"},"image":{"@id":"https:\/\/samarali.com\/fr\/#\/schema\/logo\/image\/"},"sameAs":["https:\/\/www.facebook.com\/samaraliyoga","https:\/\/www.linkedin.com\/company\/69563155\/","https:\/\/www.instagram.com\/samaraliyoga\/","https:\/\/nl.pinterest.com\/Samaraliyoga\/"],"description":"Samarali is a sustainable yoga and lifestyle brand based in the Netherlands","email":"info@samarali.com","legalName":"Samarali B.V.","vatID":"NL859820324B01","numberOfEmployees":{"@type":"QuantitativeValue","minValue":"1","maxValue":"10"}}]},"og_availability":"instock","product_availability":"instock","product_condition":"new"},"jetpack_sharing_enabled":true,"_links":{"self":[{"href":"https:\/\/samarali.com\/fr\/wp-json\/wp\/v2\/product\/29190","targetHints":{"allow":["GET"]}}],"collection":[{"href":"https:\/\/samarali.com\/fr\/wp-json\/wp\/v2\/product"}],"about":[{"href":"https:\/\/samarali.com\/fr\/wp-json\/wp\/v2\/types\/product"}],"replies":[{"embeddable":true,"href":"https:\/\/samarali.com\/fr\/wp-json\/wp\/v2\/comments?post=29190"}],"version-history":[{"count":1,"href":"https:\/\/samarali.com\/fr\/wp-json\/wp\/v2\/product\/29190\/revisions"}],"predecessor-version":[{"id":32472,"href":"https:\/\/samarali.com\/fr\/wp-json\/wp\/v2\/product\/29190\/revisions\/32472"}],"wp:featuredmedia":[{"embeddable":true,"href":"https:\/\/samarali.com\/fr\/wp-json\/wp\/v2\/media\/24828"}],"wp:attachment":[{"href":"https:\/\/samarali.com\/fr\/wp-json\/wp\/v2\/media?parent=29190"}],"wp:term":[{"taxonomy":"product_cat","embeddable":true,"href":"https:\/\/samarali.com\/fr\/wp-json\/wp\/v2\/product_cat?post=29190"},{"taxonomy":"product_tag","embeddable":true,"href":"https:\/\/samarali.com\/fr\/wp-json\/wp\/v2\/product_tag?post=29190"}],"curies":[{"name":"wp","href":"https:\/\/api.w.org\/{rel}","templated":true}]}}