{"id":29186,"date":"2024-08-08T08:24:26","date_gmt":"2024-08-08T08:24:26","guid":{"rendered":"https:\/\/samarali.com\/product\/combinaison-marea\/"},"modified":"2025-01-01T00:04:39","modified_gmt":"2024-12-31T23:04:39","slug":"combinaison-marea","status":"publish","type":"product","link":"https:\/\/samarali.com\/fr\/produit\/combinaison-marea\/","title":{"rendered":"Combinaison Marea"},"content":{"rendered":"<p>Notre combinaison Matea est con\u00e7ue pour offrir une douceur et une \u00e9lasticit\u00e9 in\u00e9gal\u00e9es, ce qui la rend id\u00e9ale pour les exercices de yoga et de fitness, qu&rsquo;ils soient lents ou actifs.<br \/>\nContrairement aux leggings ou aux shorts traditionnels, une combinaison vous permet de bouger librement sans avoir \u00e0 ajuster constamment votre tenue.<br \/>\nDites adieu aux tracas li\u00e9s au fait de remonter votre pantalon pendant les downward dogs ou les headstands &#8211; notre combinaison reste parfaitement en place pour que vous puissiez vous concentrer sur votre pratique.<br \/>\nFabriqu\u00e9e en coton respirant, cette combinaison s&rsquo;adapte \u00e0 vos mouvements et vous offre un maximum de confort, m\u00eame lors d&rsquo;entra\u00eenements intenses.     <strong>Tailles du mod\u00e8le :<\/strong><\/p>\n<ul>\n<li>Taille XL : Taille 170 cm, Buste 106 cm, Taille 87 cm, Hanches 115 cm<\/li>\n<li>Taille XS : Taille 165 cm, Buste 88 cm, Taille 60 cm, Hanches 90 cm<\/li>\n<\/ul>\n<p><strong>Instructions de lavage :<\/strong><\/p>\n<ul>\n<li>Laver avec des couleurs similaires<\/li>\n<li>Laver \u00e0 l&rsquo;eau froide (jusqu&rsquo;\u00e0 30\u00b0C) sur un cycle d\u00e9licat.<\/li>\n<\/ul>\n<p>  Profitez de la libert\u00e9 de bouger en toute confiance et confortablement avec Jumpsuit Matea !<\/p>\n","protected":false},"excerpt":{"rendered":"<p>Notre combinaison Matea est con\u00e7ue pour offrir une douceur et une \u00e9lasticit\u00e9 in\u00e9gal\u00e9es, ce qui la rend id\u00e9ale pour les exercices de yoga et de fitness, qu&rsquo;ils soient lents ou actifs. Contrairement aux leggings ou aux shorts traditionnels, une combinaison vous permet de bouger librement sans avoir \u00e0 ajuster constamment votre tenue. Dites adieu aux [&hellip;]<\/p>\n","protected":false},"featured_media":23037,"comment_status":"open","ping_status":"closed","template":"","meta":{"_acf_changed":false,"_improvement_type_select":"improve_an_existing","_thumb_yes_seoaic":false,"_frame_yes_seoaic":false,"seoaic_generate_description":"","seoaic_improve_instructions_prompt":"","seoaic_rollback_content_improvement":"","seoaic_idea_thumbnail_generator":"","thumbnail_generated":false,"thumbnail_generate_prompt":"","seoaic_article_description":"","inline_featured_image":false},"product_cat":[236],"product_tag":[],"class_list":{"0":"post-29186","1":"product","2":"type-product","3":"status-publish","4":"has-post-thumbnail","6":"product_cat-vetements","8":"first","9":"instock","10":"shipping-taxable","11":"purchasable","12":"product-type-variable"},"acf":[],"yoast_head":"<!-- This site is optimized with the Yoast SEO Premium plugin v27.4 (Yoast SEO v27.4) - https:\/\/yoast.com\/product\/yoast-seo-premium-wordpress\/ -->\n<title>Combinaison Marea - Samarali<\/title>\n<meta name=\"robots\" content=\"index, follow, max-snippet:-1, max-image-preview:large, max-video-preview:-1\" \/>\n<link rel=\"canonical\" href=\"https:\/\/samarali.com\/fr\/produit\/combinaison-marea\/\" \/>\n<meta property=\"og:locale\" content=\"fr_FR\" \/>\n<meta property=\"og:type\" content=\"article\" \/>\n<meta property=\"og:title\" content=\"Combinaison Marea - Samarali\" \/>\n<meta property=\"og:description\" content=\"Notre combinaison Matea est con\u00e7ue pour offrir une douceur et une \u00e9lasticit\u00e9 in\u00e9gal\u00e9es, ce qui la rend id\u00e9ale pour les exercices de yoga et de fitness, qu&rsquo;ils soient lents ou actifs. Contrairement aux leggings ou aux shorts traditionnels, une combinaison vous permet de bouger librement sans avoir \u00e0 ajuster constamment votre tenue. Dites adieu aux [&hellip;]\" \/>\n<meta property=\"og:url\" content=\"https:\/\/samarali.com\/fr\/produit\/combinaison-marea\/\" \/>\n<meta property=\"og:site_name\" content=\"Samarali\" \/>\n<meta property=\"article:publisher\" content=\"https:\/\/www.facebook.com\/samaraliyoga\" \/>\n<meta property=\"article:modified_time\" content=\"2024-12-31T23:04:39+00:00\" \/>\n<meta property=\"og:image\" content=\"https:\/\/samarali.com\/wp-content\/uploads\/2024\/08\/Jumpsuit-Marea-L-XXL-6.jpg\" \/>\n\t<meta property=\"og:image:width\" content=\"830\" \/>\n\t<meta property=\"og:image:height\" content=\"830\" \/>\n\t<meta property=\"og:image:type\" content=\"image\/jpeg\" \/>\n<meta name=\"twitter:card\" content=\"summary_large_image\" \/>\n<meta name=\"twitter:label1\" content=\"Disponibilit\u00e9\" \/>\n\t<meta name=\"twitter:data1\" content=\"En stock\" \/>\n<script type=\"application\/ld+json\" class=\"yoast-schema-graph\">{\"@context\":\"https:\\\/\\\/schema.org\",\"@graph\":[{\"@type\":\"WebPage\",\"@id\":\"https:\\\/\\\/samarali.com\\\/fr\\\/produit\\\/combinaison-marea\\\/\",\"url\":\"https:\\\/\\\/samarali.com\\\/fr\\\/produit\\\/combinaison-marea\\\/\",\"name\":\"Combinaison Marea - Samarali\",\"isPartOf\":{\"@id\":\"https:\\\/\\\/samarali.com\\\/fr\\\/#website\"},\"primaryImageOfPage\":{\"@id\":\"https:\\\/\\\/samarali.com\\\/fr\\\/produit\\\/combinaison-marea\\\/#primaryimage\"},\"image\":{\"@id\":\"https:\\\/\\\/samarali.com\\\/fr\\\/produit\\\/combinaison-marea\\\/#primaryimage\"},\"thumbnailUrl\":\"https:\\\/\\\/samarali.com\\\/wp-content\\\/uploads\\\/2024\\\/08\\\/Jumpsuit-Marea-L-XXL-6.jpg\",\"datePublished\":\"2024-08-08T08:24:26+00:00\",\"dateModified\":\"2024-12-31T23:04:39+00:00\",\"breadcrumb\":{\"@id\":\"https:\\\/\\\/samarali.com\\\/fr\\\/produit\\\/combinaison-marea\\\/#breadcrumb\"},\"inLanguage\":\"fr-FR\",\"potentialAction\":[{\"@type\":\"ReadAction\",\"target\":[\"https:\\\/\\\/samarali.com\\\/fr\\\/produit\\\/combinaison-marea\\\/\"]}]},{\"@type\":\"ImageObject\",\"inLanguage\":\"fr-FR\",\"@id\":\"https:\\\/\\\/samarali.com\\\/fr\\\/produit\\\/combinaison-marea\\\/#primaryimage\",\"url\":\"https:\\\/\\\/samarali.com\\\/wp-content\\\/uploads\\\/2024\\\/08\\\/Jumpsuit-Marea-L-XXL-6.jpg\",\"contentUrl\":\"https:\\\/\\\/samarali.com\\\/wp-content\\\/uploads\\\/2024\\\/08\\\/Jumpsuit-Marea-L-XXL-6.jpg\",\"width\":830,\"height\":830,\"caption\":\"Jumpsuit Marea L XXL 6\"},{\"@type\":\"BreadcrumbList\",\"@id\":\"https:\\\/\\\/samarali.com\\\/fr\\\/produit\\\/combinaison-marea\\\/#breadcrumb\",\"itemListElement\":[{\"@type\":\"ListItem\",\"position\":1,\"name\":\"Accueil\",\"item\":\"https:\\\/\\\/samarali.com\\\/fr\\\/accueil\\\/\"},{\"@type\":\"ListItem\",\"position\":2,\"name\":\"Boutique\",\"item\":\"https:\\\/\\\/samarali.com\\\/fr\\\/boutique\\\/\"},{\"@type\":\"ListItem\",\"position\":3,\"name\":\"Combinaison Marea\"}]},{\"@type\":\"WebSite\",\"@id\":\"https:\\\/\\\/samarali.com\\\/fr\\\/#website\",\"url\":\"https:\\\/\\\/samarali.com\\\/fr\\\/\",\"name\":\"Samarali\",\"description\":\"Samarali est une marque de yoga et de style de vie durable bas\u00e9e aux Pays-Bas.\",\"publisher\":{\"@id\":\"https:\\\/\\\/samarali.com\\\/fr\\\/#organization\"},\"potentialAction\":[{\"@type\":\"SearchAction\",\"target\":{\"@type\":\"EntryPoint\",\"urlTemplate\":\"https:\\\/\\\/samarali.com\\\/fr\\\/?s={search_term_string}\"},\"query-input\":{\"@type\":\"PropertyValueSpecification\",\"valueRequired\":true,\"valueName\":\"search_term_string\"}}],\"inLanguage\":\"fr-FR\"},{\"@type\":\"Organization\",\"@id\":\"https:\\\/\\\/samarali.com\\\/fr\\\/#organization\",\"name\":\"Samarali\",\"url\":\"https:\\\/\\\/samarali.com\\\/fr\\\/\",\"logo\":{\"@type\":\"ImageObject\",\"inLanguage\":\"fr-FR\",\"@id\":\"https:\\\/\\\/samarali.com\\\/fr\\\/#\\\/schema\\\/logo\\\/image\\\/\",\"url\":\"https:\\\/\\\/samarali.com\\\/wp-content\\\/uploads\\\/2024\\\/05\\\/cropped-samarali-icon.png\",\"contentUrl\":\"https:\\\/\\\/samarali.com\\\/wp-content\\\/uploads\\\/2024\\\/05\\\/cropped-samarali-icon.png\",\"width\":512,\"height\":512,\"caption\":\"Samarali\"},\"image\":{\"@id\":\"https:\\\/\\\/samarali.com\\\/fr\\\/#\\\/schema\\\/logo\\\/image\\\/\"},\"sameAs\":[\"https:\\\/\\\/www.facebook.com\\\/samaraliyoga\",\"https:\\\/\\\/www.linkedin.com\\\/company\\\/69563155\\\/\",\"https:\\\/\\\/www.instagram.com\\\/samaraliyoga\\\/\",\"https:\\\/\\\/nl.pinterest.com\\\/Samaraliyoga\\\/\"],\"description\":\"Samarali is a sustainable yoga and lifestyle brand based in the Netherlands\",\"email\":\"info@samarali.com\",\"legalName\":\"Samarali B.V.\",\"vatID\":\"NL859820324B01\",\"numberOfEmployees\":{\"@type\":\"QuantitativeValue\",\"minValue\":\"1\",\"maxValue\":\"10\"}}]}<\/script>\n<meta property=\"og:availability\" content=\"instock\" \/>\n<meta property=\"product:availability\" content=\"instock\" \/>\n<meta property=\"product:condition\" content=\"new\" \/>\n<!-- \/ Yoast SEO Premium plugin. -->","yoast_head_json":{"title":"Combinaison Marea - Samarali","robots":{"index":"index","follow":"follow","max-snippet":"max-snippet:-1","max-image-preview":"max-image-preview:large","max-video-preview":"max-video-preview:-1"},"canonical":"https:\/\/samarali.com\/fr\/produit\/combinaison-marea\/","og_locale":"fr_FR","og_type":"article","og_title":"Combinaison Marea - Samarali","og_description":"Notre combinaison Matea est con\u00e7ue pour offrir une douceur et une \u00e9lasticit\u00e9 in\u00e9gal\u00e9es, ce qui la rend id\u00e9ale pour les exercices de yoga et de fitness, qu&rsquo;ils soient lents ou actifs. Contrairement aux leggings ou aux shorts traditionnels, une combinaison vous permet de bouger librement sans avoir \u00e0 ajuster constamment votre tenue. Dites adieu aux [&hellip;]","og_url":"https:\/\/samarali.com\/fr\/produit\/combinaison-marea\/","og_site_name":"Samarali","article_publisher":"https:\/\/www.facebook.com\/samaraliyoga","article_modified_time":"2024-12-31T23:04:39+00:00","og_image":[{"width":830,"height":830,"url":"https:\/\/samarali.com\/wp-content\/uploads\/2024\/08\/Jumpsuit-Marea-L-XXL-6.jpg","type":"image\/jpeg"}],"twitter_card":"summary_large_image","twitter_misc":{"Disponibilit\u00e9":"En stock"},"schema":{"@context":"https:\/\/schema.org","@graph":[{"@type":"WebPage","@id":"https:\/\/samarali.com\/fr\/produit\/combinaison-marea\/","url":"https:\/\/samarali.com\/fr\/produit\/combinaison-marea\/","name":"Combinaison Marea - Samarali","isPartOf":{"@id":"https:\/\/samarali.com\/fr\/#website"},"primaryImageOfPage":{"@id":"https:\/\/samarali.com\/fr\/produit\/combinaison-marea\/#primaryimage"},"image":{"@id":"https:\/\/samarali.com\/fr\/produit\/combinaison-marea\/#primaryimage"},"thumbnailUrl":"https:\/\/samarali.com\/wp-content\/uploads\/2024\/08\/Jumpsuit-Marea-L-XXL-6.jpg","datePublished":"2024-08-08T08:24:26+00:00","dateModified":"2024-12-31T23:04:39+00:00","breadcrumb":{"@id":"https:\/\/samarali.com\/fr\/produit\/combinaison-marea\/#breadcrumb"},"inLanguage":"fr-FR","potentialAction":[{"@type":"ReadAction","target":["https:\/\/samarali.com\/fr\/produit\/combinaison-marea\/"]}]},{"@type":"ImageObject","inLanguage":"fr-FR","@id":"https:\/\/samarali.com\/fr\/produit\/combinaison-marea\/#primaryimage","url":"https:\/\/samarali.com\/wp-content\/uploads\/2024\/08\/Jumpsuit-Marea-L-XXL-6.jpg","contentUrl":"https:\/\/samarali.com\/wp-content\/uploads\/2024\/08\/Jumpsuit-Marea-L-XXL-6.jpg","width":830,"height":830,"caption":"Jumpsuit Marea L XXL 6"},{"@type":"BreadcrumbList","@id":"https:\/\/samarali.com\/fr\/produit\/combinaison-marea\/#breadcrumb","itemListElement":[{"@type":"ListItem","position":1,"name":"Accueil","item":"https:\/\/samarali.com\/fr\/accueil\/"},{"@type":"ListItem","position":2,"name":"Boutique","item":"https:\/\/samarali.com\/fr\/boutique\/"},{"@type":"ListItem","position":3,"name":"Combinaison Marea"}]},{"@type":"WebSite","@id":"https:\/\/samarali.com\/fr\/#website","url":"https:\/\/samarali.com\/fr\/","name":"Samarali","description":"Samarali est une marque de yoga et de style de vie durable bas\u00e9e aux Pays-Bas.","publisher":{"@id":"https:\/\/samarali.com\/fr\/#organization"},"potentialAction":[{"@type":"SearchAction","target":{"@type":"EntryPoint","urlTemplate":"https:\/\/samarali.com\/fr\/?s={search_term_string}"},"query-input":{"@type":"PropertyValueSpecification","valueRequired":true,"valueName":"search_term_string"}}],"inLanguage":"fr-FR"},{"@type":"Organization","@id":"https:\/\/samarali.com\/fr\/#organization","name":"Samarali","url":"https:\/\/samarali.com\/fr\/","logo":{"@type":"ImageObject","inLanguage":"fr-FR","@id":"https:\/\/samarali.com\/fr\/#\/schema\/logo\/image\/","url":"https:\/\/samarali.com\/wp-content\/uploads\/2024\/05\/cropped-samarali-icon.png","contentUrl":"https:\/\/samarali.com\/wp-content\/uploads\/2024\/05\/cropped-samarali-icon.png","width":512,"height":512,"caption":"Samarali"},"image":{"@id":"https:\/\/samarali.com\/fr\/#\/schema\/logo\/image\/"},"sameAs":["https:\/\/www.facebook.com\/samaraliyoga","https:\/\/www.linkedin.com\/company\/69563155\/","https:\/\/www.instagram.com\/samaraliyoga\/","https:\/\/nl.pinterest.com\/Samaraliyoga\/"],"description":"Samarali is a sustainable yoga and lifestyle brand based in the Netherlands","email":"info@samarali.com","legalName":"Samarali B.V.","vatID":"NL859820324B01","numberOfEmployees":{"@type":"QuantitativeValue","minValue":"1","maxValue":"10"}}]},"og_availability":"instock","product_availability":"instock","product_condition":"new"},"jetpack_sharing_enabled":true,"_links":{"self":[{"href":"https:\/\/samarali.com\/fr\/wp-json\/wp\/v2\/product\/29186","targetHints":{"allow":["GET"]}}],"collection":[{"href":"https:\/\/samarali.com\/fr\/wp-json\/wp\/v2\/product"}],"about":[{"href":"https:\/\/samarali.com\/fr\/wp-json\/wp\/v2\/types\/product"}],"replies":[{"embeddable":true,"href":"https:\/\/samarali.com\/fr\/wp-json\/wp\/v2\/comments?post=29186"}],"version-history":[{"count":0,"href":"https:\/\/samarali.com\/fr\/wp-json\/wp\/v2\/product\/29186\/revisions"}],"wp:featuredmedia":[{"embeddable":true,"href":"https:\/\/samarali.com\/fr\/wp-json\/wp\/v2\/media\/23037"}],"wp:attachment":[{"href":"https:\/\/samarali.com\/fr\/wp-json\/wp\/v2\/media?parent=29186"}],"wp:term":[{"taxonomy":"product_cat","embeddable":true,"href":"https:\/\/samarali.com\/fr\/wp-json\/wp\/v2\/product_cat?post=29186"},{"taxonomy":"product_tag","embeddable":true,"href":"https:\/\/samarali.com\/fr\/wp-json\/wp\/v2\/product_tag?post=29186"}],"curies":[{"name":"wp","href":"https:\/\/api.w.org\/{rel}","templated":true}]}}