{"id":29121,"date":"2024-08-07T17:56:12","date_gmt":"2024-08-07T17:56:12","guid":{"rendered":"https:\/\/samarali.com\/product\/combinaison-laguna\/"},"modified":"2025-01-01T00:04:38","modified_gmt":"2024-12-31T23:04:38","slug":"combinaison-laguna","status":"publish","type":"product","link":"https:\/\/samarali.com\/fr\/produit\/combinaison-laguna\/","title":{"rendered":"Combinaison Laguna"},"content":{"rendered":"<p>Notre combinaison Laguna est con\u00e7ue pour tous les types de yoga, d&rsquo;exercices de fitness et de v\u00eatements de tous les jours.<br \/>\nProduite de mani\u00e8re \u00e9thique en Ukraine, elle est fabriqu\u00e9e \u00e0 partir de mat\u00e9riaux certifi\u00e9s OEKO-Tex, ce qui garantit \u00e0 la fois la qualit\u00e9 et la durabilit\u00e9.<br \/>\nPour r\u00e9pondre \u00e0 nos exigences \u00e9lev\u00e9es, ces combinaisons ont \u00e9t\u00e9 soigneusement test\u00e9es par notre \u00e9quipe et par la communaut\u00e9 des yogis.<br \/>\nLe tissu doux et extensible offre un confort et une adaptabilit\u00e9 exceptionnels, ce qui le rend id\u00e9al pour les entra\u00eenements lents et actifs.<br \/>\nQue vous pratiquiez le Power Yoga ou d&rsquo;autres activit\u00e9s vigoureuses, la combinaison reste en place sans n\u00e9cessiter d&rsquo;ajustements constants.<br \/>\nLa mati\u00e8re en coton respirant bouge avec vous, offrant un confort maximal m\u00eame pendant les s\u00e9ances intenses.       <strong>Tailles du mod\u00e8le :<\/strong><\/p>\n<ul>\n<li>Taille XL : Taille 173 cm, Buste 102 cm, Taille 82 cm, Hanches 112 cm<\/li>\n<li>Taille XS : Taille 165 cm, Buste 81 cm, Taille 62 cm, Hanches 90 cm<\/li>\n<\/ul>\n<p><strong>Instructions de lavage :<\/strong><\/p>\n<ul>\n<li>Lavez avec des couleurs similaires \u00e0 l&rsquo;eau froide (jusqu&rsquo;\u00e0 30\u00b0C) sur un cycle d\u00e9licat.<\/li>\n<li>Laver \u00e0 la machine sur un r\u00e9glage d\u00e9licat.<\/li>\n<\/ul>\n","protected":false},"excerpt":{"rendered":"<p>Notre combinaison Laguna est con\u00e7ue pour tous les types de yoga, d&rsquo;exercices de fitness et de v\u00eatements de tous les jours. Produite de mani\u00e8re \u00e9thique en Ukraine, elle est fabriqu\u00e9e \u00e0 partir de mat\u00e9riaux certifi\u00e9s OEKO-Tex, ce qui garantit \u00e0 la fois la qualit\u00e9 et la durabilit\u00e9. Pour r\u00e9pondre \u00e0 nos exigences \u00e9lev\u00e9es, ces combinaisons [&hellip;]<\/p>\n","protected":false},"featured_media":22906,"comment_status":"open","ping_status":"closed","template":"","meta":{"_acf_changed":false,"_improvement_type_select":"improve_an_existing","_thumb_yes_seoaic":false,"_frame_yes_seoaic":false,"seoaic_generate_description":"","seoaic_improve_instructions_prompt":"","seoaic_rollback_content_improvement":"","seoaic_idea_thumbnail_generator":"","thumbnail_generated":false,"thumbnail_generate_prompt":"","seoaic_article_description":"","inline_featured_image":false},"product_cat":[236],"product_tag":[],"class_list":{"0":"post-29121","1":"product","2":"type-product","3":"status-publish","4":"has-post-thumbnail","6":"product_cat-vetements","8":"first","9":"instock","10":"shipping-taxable","11":"purchasable","12":"product-type-variable"},"acf":[],"yoast_head":"<!-- This site is optimized with the Yoast SEO Premium plugin v27.4 (Yoast SEO v27.4) - https:\/\/yoast.com\/product\/yoast-seo-premium-wordpress\/ -->\n<title>Combinaison Laguna - Samarali<\/title>\n<meta name=\"robots\" content=\"index, follow, max-snippet:-1, max-image-preview:large, max-video-preview:-1\" \/>\n<link rel=\"canonical\" href=\"https:\/\/samarali.com\/fr\/produit\/combinaison-laguna\/\" \/>\n<meta property=\"og:locale\" content=\"fr_FR\" \/>\n<meta property=\"og:type\" content=\"article\" \/>\n<meta property=\"og:title\" content=\"Combinaison Laguna - Samarali\" \/>\n<meta property=\"og:description\" content=\"Notre combinaison Laguna est con\u00e7ue pour tous les types de yoga, d&rsquo;exercices de fitness et de v\u00eatements de tous les jours. Produite de mani\u00e8re \u00e9thique en Ukraine, elle est fabriqu\u00e9e \u00e0 partir de mat\u00e9riaux certifi\u00e9s OEKO-Tex, ce qui garantit \u00e0 la fois la qualit\u00e9 et la durabilit\u00e9. Pour r\u00e9pondre \u00e0 nos exigences \u00e9lev\u00e9es, ces combinaisons [&hellip;]\" \/>\n<meta property=\"og:url\" content=\"https:\/\/samarali.com\/fr\/produit\/combinaison-laguna\/\" \/>\n<meta property=\"og:site_name\" content=\"Samarali\" \/>\n<meta property=\"article:publisher\" content=\"https:\/\/www.facebook.com\/samaraliyoga\" \/>\n<meta property=\"article:modified_time\" content=\"2024-12-31T23:04:38+00:00\" \/>\n<meta property=\"og:image\" content=\"https:\/\/samarali.com\/wp-content\/uploads\/2024\/08\/Jumpsuit-Laguna-Green-XS-M-1.jpg\" \/>\n\t<meta property=\"og:image:width\" content=\"830\" \/>\n\t<meta property=\"og:image:height\" content=\"830\" \/>\n\t<meta property=\"og:image:type\" content=\"image\/jpeg\" \/>\n<meta name=\"twitter:card\" content=\"summary_large_image\" \/>\n<meta name=\"twitter:label1\" content=\"Disponibilit\u00e9\" \/>\n\t<meta name=\"twitter:data1\" content=\"En stock\" \/>\n<script type=\"application\/ld+json\" class=\"yoast-schema-graph\">{\"@context\":\"https:\\\/\\\/schema.org\",\"@graph\":[{\"@type\":\"WebPage\",\"@id\":\"https:\\\/\\\/samarali.com\\\/fr\\\/produit\\\/combinaison-laguna\\\/\",\"url\":\"https:\\\/\\\/samarali.com\\\/fr\\\/produit\\\/combinaison-laguna\\\/\",\"name\":\"Combinaison Laguna - Samarali\",\"isPartOf\":{\"@id\":\"https:\\\/\\\/samarali.com\\\/fr\\\/#website\"},\"primaryImageOfPage\":{\"@id\":\"https:\\\/\\\/samarali.com\\\/fr\\\/produit\\\/combinaison-laguna\\\/#primaryimage\"},\"image\":{\"@id\":\"https:\\\/\\\/samarali.com\\\/fr\\\/produit\\\/combinaison-laguna\\\/#primaryimage\"},\"thumbnailUrl\":\"https:\\\/\\\/samarali.com\\\/wp-content\\\/uploads\\\/2024\\\/08\\\/Jumpsuit-Laguna-Black-XS-M-1.jpg\",\"datePublished\":\"2024-08-07T17:56:12+00:00\",\"dateModified\":\"2024-12-31T23:04:38+00:00\",\"breadcrumb\":{\"@id\":\"https:\\\/\\\/samarali.com\\\/fr\\\/produit\\\/combinaison-laguna\\\/#breadcrumb\"},\"inLanguage\":\"fr-FR\",\"potentialAction\":[{\"@type\":\"ReadAction\",\"target\":[\"https:\\\/\\\/samarali.com\\\/fr\\\/produit\\\/combinaison-laguna\\\/\"]}]},{\"@type\":\"ImageObject\",\"inLanguage\":\"fr-FR\",\"@id\":\"https:\\\/\\\/samarali.com\\\/fr\\\/produit\\\/combinaison-laguna\\\/#primaryimage\",\"url\":\"https:\\\/\\\/samarali.com\\\/wp-content\\\/uploads\\\/2024\\\/08\\\/Jumpsuit-Laguna-Black-XS-M-1.jpg\",\"contentUrl\":\"https:\\\/\\\/samarali.com\\\/wp-content\\\/uploads\\\/2024\\\/08\\\/Jumpsuit-Laguna-Black-XS-M-1.jpg\",\"width\":830,\"height\":830,\"caption\":\"Jumpsuit Laguna Black XS M 1\"},{\"@type\":\"BreadcrumbList\",\"@id\":\"https:\\\/\\\/samarali.com\\\/fr\\\/produit\\\/combinaison-laguna\\\/#breadcrumb\",\"itemListElement\":[{\"@type\":\"ListItem\",\"position\":1,\"name\":\"Accueil\",\"item\":\"https:\\\/\\\/samarali.com\\\/fr\\\/accueil\\\/\"},{\"@type\":\"ListItem\",\"position\":2,\"name\":\"Boutique\",\"item\":\"https:\\\/\\\/samarali.com\\\/fr\\\/boutique\\\/\"},{\"@type\":\"ListItem\",\"position\":3,\"name\":\"Combinaison Laguna\"}]},{\"@type\":\"WebSite\",\"@id\":\"https:\\\/\\\/samarali.com\\\/fr\\\/#website\",\"url\":\"https:\\\/\\\/samarali.com\\\/fr\\\/\",\"name\":\"Samarali\",\"description\":\"Samarali est une marque de yoga et de style de vie durable bas\u00e9e aux Pays-Bas.\",\"publisher\":{\"@id\":\"https:\\\/\\\/samarali.com\\\/fr\\\/#organization\"},\"potentialAction\":[{\"@type\":\"SearchAction\",\"target\":{\"@type\":\"EntryPoint\",\"urlTemplate\":\"https:\\\/\\\/samarali.com\\\/fr\\\/?s={search_term_string}\"},\"query-input\":{\"@type\":\"PropertyValueSpecification\",\"valueRequired\":true,\"valueName\":\"search_term_string\"}}],\"inLanguage\":\"fr-FR\"},{\"@type\":\"Organization\",\"@id\":\"https:\\\/\\\/samarali.com\\\/fr\\\/#organization\",\"name\":\"Samarali\",\"url\":\"https:\\\/\\\/samarali.com\\\/fr\\\/\",\"logo\":{\"@type\":\"ImageObject\",\"inLanguage\":\"fr-FR\",\"@id\":\"https:\\\/\\\/samarali.com\\\/fr\\\/#\\\/schema\\\/logo\\\/image\\\/\",\"url\":\"https:\\\/\\\/samarali.com\\\/wp-content\\\/uploads\\\/2024\\\/05\\\/cropped-samarali-icon.png\",\"contentUrl\":\"https:\\\/\\\/samarali.com\\\/wp-content\\\/uploads\\\/2024\\\/05\\\/cropped-samarali-icon.png\",\"width\":512,\"height\":512,\"caption\":\"Samarali\"},\"image\":{\"@id\":\"https:\\\/\\\/samarali.com\\\/fr\\\/#\\\/schema\\\/logo\\\/image\\\/\"},\"sameAs\":[\"https:\\\/\\\/www.facebook.com\\\/samaraliyoga\",\"https:\\\/\\\/www.linkedin.com\\\/company\\\/69563155\\\/\",\"https:\\\/\\\/www.instagram.com\\\/samaraliyoga\\\/\",\"https:\\\/\\\/nl.pinterest.com\\\/Samaraliyoga\\\/\"],\"description\":\"Samarali is a sustainable yoga and lifestyle brand based in the Netherlands\",\"email\":\"info@samarali.com\",\"legalName\":\"Samarali B.V.\",\"vatID\":\"NL859820324B01\",\"numberOfEmployees\":{\"@type\":\"QuantitativeValue\",\"minValue\":\"1\",\"maxValue\":\"10\"}}]}<\/script>\n<meta property=\"og:availability\" content=\"instock\" \/>\n<meta property=\"product:availability\" content=\"instock\" \/>\n<meta property=\"product:condition\" content=\"new\" \/>\n<!-- \/ Yoast SEO Premium plugin. -->","yoast_head_json":{"title":"Combinaison Laguna - Samarali","robots":{"index":"index","follow":"follow","max-snippet":"max-snippet:-1","max-image-preview":"max-image-preview:large","max-video-preview":"max-video-preview:-1"},"canonical":"https:\/\/samarali.com\/fr\/produit\/combinaison-laguna\/","og_locale":"fr_FR","og_type":"article","og_title":"Combinaison Laguna - Samarali","og_description":"Notre combinaison Laguna est con\u00e7ue pour tous les types de yoga, d&rsquo;exercices de fitness et de v\u00eatements de tous les jours. Produite de mani\u00e8re \u00e9thique en Ukraine, elle est fabriqu\u00e9e \u00e0 partir de mat\u00e9riaux certifi\u00e9s OEKO-Tex, ce qui garantit \u00e0 la fois la qualit\u00e9 et la durabilit\u00e9. Pour r\u00e9pondre \u00e0 nos exigences \u00e9lev\u00e9es, ces combinaisons [&hellip;]","og_url":"https:\/\/samarali.com\/fr\/produit\/combinaison-laguna\/","og_site_name":"Samarali","article_publisher":"https:\/\/www.facebook.com\/samaraliyoga","article_modified_time":"2024-12-31T23:04:38+00:00","og_image":[{"width":830,"height":830,"url":"https:\/\/samarali.com\/wp-content\/uploads\/2024\/08\/Jumpsuit-Laguna-Green-XS-M-1.jpg","type":"image\/jpeg"}],"twitter_card":"summary_large_image","twitter_misc":{"Disponibilit\u00e9":"En stock"},"schema":{"@context":"https:\/\/schema.org","@graph":[{"@type":"WebPage","@id":"https:\/\/samarali.com\/fr\/produit\/combinaison-laguna\/","url":"https:\/\/samarali.com\/fr\/produit\/combinaison-laguna\/","name":"Combinaison Laguna - Samarali","isPartOf":{"@id":"https:\/\/samarali.com\/fr\/#website"},"primaryImageOfPage":{"@id":"https:\/\/samarali.com\/fr\/produit\/combinaison-laguna\/#primaryimage"},"image":{"@id":"https:\/\/samarali.com\/fr\/produit\/combinaison-laguna\/#primaryimage"},"thumbnailUrl":"https:\/\/samarali.com\/wp-content\/uploads\/2024\/08\/Jumpsuit-Laguna-Black-XS-M-1.jpg","datePublished":"2024-08-07T17:56:12+00:00","dateModified":"2024-12-31T23:04:38+00:00","breadcrumb":{"@id":"https:\/\/samarali.com\/fr\/produit\/combinaison-laguna\/#breadcrumb"},"inLanguage":"fr-FR","potentialAction":[{"@type":"ReadAction","target":["https:\/\/samarali.com\/fr\/produit\/combinaison-laguna\/"]}]},{"@type":"ImageObject","inLanguage":"fr-FR","@id":"https:\/\/samarali.com\/fr\/produit\/combinaison-laguna\/#primaryimage","url":"https:\/\/samarali.com\/wp-content\/uploads\/2024\/08\/Jumpsuit-Laguna-Black-XS-M-1.jpg","contentUrl":"https:\/\/samarali.com\/wp-content\/uploads\/2024\/08\/Jumpsuit-Laguna-Black-XS-M-1.jpg","width":830,"height":830,"caption":"Jumpsuit Laguna Black XS M 1"},{"@type":"BreadcrumbList","@id":"https:\/\/samarali.com\/fr\/produit\/combinaison-laguna\/#breadcrumb","itemListElement":[{"@type":"ListItem","position":1,"name":"Accueil","item":"https:\/\/samarali.com\/fr\/accueil\/"},{"@type":"ListItem","position":2,"name":"Boutique","item":"https:\/\/samarali.com\/fr\/boutique\/"},{"@type":"ListItem","position":3,"name":"Combinaison Laguna"}]},{"@type":"WebSite","@id":"https:\/\/samarali.com\/fr\/#website","url":"https:\/\/samarali.com\/fr\/","name":"Samarali","description":"Samarali est une marque de yoga et de style de vie durable bas\u00e9e aux Pays-Bas.","publisher":{"@id":"https:\/\/samarali.com\/fr\/#organization"},"potentialAction":[{"@type":"SearchAction","target":{"@type":"EntryPoint","urlTemplate":"https:\/\/samarali.com\/fr\/?s={search_term_string}"},"query-input":{"@type":"PropertyValueSpecification","valueRequired":true,"valueName":"search_term_string"}}],"inLanguage":"fr-FR"},{"@type":"Organization","@id":"https:\/\/samarali.com\/fr\/#organization","name":"Samarali","url":"https:\/\/samarali.com\/fr\/","logo":{"@type":"ImageObject","inLanguage":"fr-FR","@id":"https:\/\/samarali.com\/fr\/#\/schema\/logo\/image\/","url":"https:\/\/samarali.com\/wp-content\/uploads\/2024\/05\/cropped-samarali-icon.png","contentUrl":"https:\/\/samarali.com\/wp-content\/uploads\/2024\/05\/cropped-samarali-icon.png","width":512,"height":512,"caption":"Samarali"},"image":{"@id":"https:\/\/samarali.com\/fr\/#\/schema\/logo\/image\/"},"sameAs":["https:\/\/www.facebook.com\/samaraliyoga","https:\/\/www.linkedin.com\/company\/69563155\/","https:\/\/www.instagram.com\/samaraliyoga\/","https:\/\/nl.pinterest.com\/Samaraliyoga\/"],"description":"Samarali is a sustainable yoga and lifestyle brand based in the Netherlands","email":"info@samarali.com","legalName":"Samarali B.V.","vatID":"NL859820324B01","numberOfEmployees":{"@type":"QuantitativeValue","minValue":"1","maxValue":"10"}}]},"og_availability":"instock","product_availability":"instock","product_condition":"new"},"jetpack_sharing_enabled":true,"_links":{"self":[{"href":"https:\/\/samarali.com\/fr\/wp-json\/wp\/v2\/product\/29121","targetHints":{"allow":["GET"]}}],"collection":[{"href":"https:\/\/samarali.com\/fr\/wp-json\/wp\/v2\/product"}],"about":[{"href":"https:\/\/samarali.com\/fr\/wp-json\/wp\/v2\/types\/product"}],"replies":[{"embeddable":true,"href":"https:\/\/samarali.com\/fr\/wp-json\/wp\/v2\/comments?post=29121"}],"version-history":[{"count":0,"href":"https:\/\/samarali.com\/fr\/wp-json\/wp\/v2\/product\/29121\/revisions"}],"wp:featuredmedia":[{"embeddable":true,"href":"https:\/\/samarali.com\/fr\/wp-json\/wp\/v2\/media\/22906"}],"wp:attachment":[{"href":"https:\/\/samarali.com\/fr\/wp-json\/wp\/v2\/media?parent=29121"}],"wp:term":[{"taxonomy":"product_cat","embeddable":true,"href":"https:\/\/samarali.com\/fr\/wp-json\/wp\/v2\/product_cat?post=29121"},{"taxonomy":"product_tag","embeddable":true,"href":"https:\/\/samarali.com\/fr\/wp-json\/wp\/v2\/product_tag?post=29121"}],"curies":[{"name":"wp","href":"https:\/\/api.w.org\/{rel}","templated":true}]}}