{"id":29071,"date":"2024-08-07T17:18:42","date_gmt":"2024-08-07T17:18:42","guid":{"rendered":"https:\/\/samarali.com\/product\/combinaison-azalee\/"},"modified":"2025-01-06T13:43:18","modified_gmt":"2025-01-06T12:43:18","slug":"combinaison-azalee","status":"publish","type":"product","link":"https:\/\/samarali.com\/fr\/produit\/combinaison-azalee\/","title":{"rendered":"Combinaison Azal\u00e9e"},"content":{"rendered":"<p>La combinaison Azalea tie-dye est con\u00e7ue pour tout le monde, offrant \u00e0 la fois style et confort. Son design met en valeur votre physique tout en assurant un excellent confort.<\/p>\n<p><strong>Tailles du mod\u00e8le :<\/strong><\/p>\n<ul>\n<li>Taille XL : Taille 170 cm, Buste 110 cm, Taille 83 cm, Hanches 112 cm<\/li>\n<li>Taille S : Taille 173 cm, Buste 93 cm, Taille 65 cm, Hanches 94 cm<\/li>\n<\/ul>\n<p>Chez Samarali, nous n&rsquo;utilisons que les meilleurs mat\u00e9riaux d&rsquo;origine \u00e9thique pour vous garantir une exp\u00e9rience de premier ordre. La combinaison Azalea, compos\u00e9e de 90 % de coton certifi\u00e9 OEKO-Tex et de 10 % d&rsquo;\u00e9lasthanne, est incroyablement douce et respirante. L&rsquo;\u00e9lasthanne permet \u00e0 la combinaison de rester en place pendant votre pratique, tandis que sa couleur vibrante en fait une pi\u00e8ce remarquable pour toute s\u00e9ance de yoga.<\/p>\n<p>Nous avons soigneusement con\u00e7u cette combinaison pour qu&rsquo;elle soit facile \u00e0 entretenir. Lavez simplement avec des couleurs similaires \u00e0 l&rsquo;eau froide (jusqu&rsquo;\u00e0 30\u00b0C) sur un cycle d\u00e9licat. Les mat\u00e9riaux de haute qualit\u00e9 garantissent que la combinaison reste nette et durable, sans montrer de signes d&rsquo;usure.<\/p>\n<p>&nbsp;<\/p>\n","protected":false},"excerpt":{"rendered":"<p>D\u00e9couvrez la combinaison parfaite de style et de confort avec la combinaison Azalea tie-dye. Am\u00e9liorez votre jeu de mode avec cette pi\u00e8ce \u00e9tonnante.<\/p>\n","protected":false},"featured_media":22732,"comment_status":"open","ping_status":"closed","template":"","meta":{"_acf_changed":false,"_improvement_type_select":"improve_an_existing","_thumb_yes_seoaic":false,"_frame_yes_seoaic":false,"seoaic_generate_description":"","seoaic_improve_instructions_prompt":"","seoaic_rollback_content_improvement":"","seoaic_idea_thumbnail_generator":"","thumbnail_generated":false,"thumbnail_generate_prompt":"","seoaic_article_description":"","inline_featured_image":false},"product_cat":[236],"product_tag":[],"class_list":{"0":"post-29071","1":"product","2":"type-product","3":"status-publish","4":"has-post-thumbnail","6":"product_cat-vetements","8":"first","9":"instock","10":"shipping-taxable","11":"purchasable","12":"product-type-variable"},"acf":[],"yoast_head":"<!-- This site is optimized with the Yoast SEO Premium plugin v27.4 (Yoast SEO v27.4) - https:\/\/yoast.com\/product\/yoast-seo-premium-wordpress\/ -->\n<title>Combinaison Azal\u00e9e - Samarali<\/title>\n<meta name=\"description\" content=\"D\u00e9couvrez la combinaison parfaite de style et de confort avec la combinaison Azalea tie-dye. Am\u00e9liorez votre jeu de mode avec cette pi\u00e8ce \u00e9tonnante. Achetez maintenant !\" \/>\n<meta name=\"robots\" content=\"index, follow, max-snippet:-1, max-image-preview:large, max-video-preview:-1\" \/>\n<link rel=\"canonical\" href=\"https:\/\/samarali.com\/fr\/produit\/combinaison-azalee\/\" \/>\n<meta property=\"og:locale\" content=\"fr_FR\" \/>\n<meta property=\"og:type\" content=\"article\" \/>\n<meta property=\"og:title\" content=\"Combinaison Azal\u00e9e - Samarali\" \/>\n<meta property=\"og:description\" content=\"D\u00e9couvrez la combinaison parfaite de style et de confort avec la combinaison Azalea tie-dye. Am\u00e9liorez votre jeu de mode avec cette pi\u00e8ce \u00e9tonnante. Achetez maintenant !\" \/>\n<meta property=\"og:url\" content=\"https:\/\/samarali.com\/fr\/produit\/combinaison-azalee\/\" \/>\n<meta property=\"og:site_name\" content=\"Samarali\" \/>\n<meta property=\"article:publisher\" content=\"https:\/\/www.facebook.com\/samaraliyoga\" \/>\n<meta property=\"article:modified_time\" content=\"2025-01-06T12:43:18+00:00\" \/>\n<meta property=\"og:image\" content=\"https:\/\/samarali.com\/wp-content\/uploads\/2024\/08\/Tie-Dye-Jumpsuit-Azalea-15.jpg\" \/>\n\t<meta property=\"og:image:width\" content=\"1000\" \/>\n\t<meta property=\"og:image:height\" content=\"1000\" \/>\n\t<meta property=\"og:image:type\" content=\"image\/jpeg\" \/>\n<meta name=\"twitter:card\" content=\"summary_large_image\" \/>\n<meta name=\"twitter:label1\" content=\"Disponibilit\u00e9\" \/>\n\t<meta name=\"twitter:data1\" content=\"En stock\" \/>\n<script type=\"application\/ld+json\" class=\"yoast-schema-graph\">{\"@context\":\"https:\\\/\\\/schema.org\",\"@graph\":[{\"@type\":\"WebPage\",\"@id\":\"https:\\\/\\\/samarali.com\\\/fr\\\/produit\\\/combinaison-azalee\\\/\",\"url\":\"https:\\\/\\\/samarali.com\\\/fr\\\/produit\\\/combinaison-azalee\\\/\",\"name\":\"Combinaison Azal\u00e9e - Samarali\",\"isPartOf\":{\"@id\":\"https:\\\/\\\/samarali.com\\\/fr\\\/#website\"},\"primaryImageOfPage\":{\"@id\":\"https:\\\/\\\/samarali.com\\\/fr\\\/produit\\\/combinaison-azalee\\\/#primaryimage\"},\"image\":{\"@id\":\"https:\\\/\\\/samarali.com\\\/fr\\\/produit\\\/combinaison-azalee\\\/#primaryimage\"},\"thumbnailUrl\":\"https:\\\/\\\/samarali.com\\\/wp-content\\\/uploads\\\/2024\\\/08\\\/Tie-Dye-Jumpsuit-Azalea-15.jpg\",\"datePublished\":\"2024-08-07T17:18:42+00:00\",\"dateModified\":\"2025-01-06T12:43:18+00:00\",\"description\":\"D\u00e9couvrez la combinaison parfaite de style et de confort avec la combinaison Azalea tie-dye. Am\u00e9liorez votre jeu de mode avec cette pi\u00e8ce \u00e9tonnante. Achetez maintenant !\",\"breadcrumb\":{\"@id\":\"https:\\\/\\\/samarali.com\\\/fr\\\/produit\\\/combinaison-azalee\\\/#breadcrumb\"},\"inLanguage\":\"fr-FR\",\"potentialAction\":[{\"@type\":\"ReadAction\",\"target\":[\"https:\\\/\\\/samarali.com\\\/fr\\\/produit\\\/combinaison-azalee\\\/\"]}]},{\"@type\":\"ImageObject\",\"inLanguage\":\"fr-FR\",\"@id\":\"https:\\\/\\\/samarali.com\\\/fr\\\/produit\\\/combinaison-azalee\\\/#primaryimage\",\"url\":\"https:\\\/\\\/samarali.com\\\/wp-content\\\/uploads\\\/2024\\\/08\\\/Tie-Dye-Jumpsuit-Azalea-15.jpg\",\"contentUrl\":\"https:\\\/\\\/samarali.com\\\/wp-content\\\/uploads\\\/2024\\\/08\\\/Tie-Dye-Jumpsuit-Azalea-15.jpg\",\"width\":1000,\"height\":1000,\"caption\":\"Combinaison Tie Dye Azalea 15\"},{\"@type\":\"BreadcrumbList\",\"@id\":\"https:\\\/\\\/samarali.com\\\/fr\\\/produit\\\/combinaison-azalee\\\/#breadcrumb\",\"itemListElement\":[{\"@type\":\"ListItem\",\"position\":1,\"name\":\"Accueil\",\"item\":\"https:\\\/\\\/samarali.com\\\/fr\\\/accueil\\\/\"},{\"@type\":\"ListItem\",\"position\":2,\"name\":\"Boutique\",\"item\":\"https:\\\/\\\/samarali.com\\\/fr\\\/boutique\\\/\"},{\"@type\":\"ListItem\",\"position\":3,\"name\":\"Combinaison Azal\u00e9e\"}]},{\"@type\":\"WebSite\",\"@id\":\"https:\\\/\\\/samarali.com\\\/fr\\\/#website\",\"url\":\"https:\\\/\\\/samarali.com\\\/fr\\\/\",\"name\":\"Samarali\",\"description\":\"Samarali est une marque de yoga et de style de vie durable bas\u00e9e aux Pays-Bas.\",\"publisher\":{\"@id\":\"https:\\\/\\\/samarali.com\\\/fr\\\/#organization\"},\"potentialAction\":[{\"@type\":\"SearchAction\",\"target\":{\"@type\":\"EntryPoint\",\"urlTemplate\":\"https:\\\/\\\/samarali.com\\\/fr\\\/?s={search_term_string}\"},\"query-input\":{\"@type\":\"PropertyValueSpecification\",\"valueRequired\":true,\"valueName\":\"search_term_string\"}}],\"inLanguage\":\"fr-FR\"},{\"@type\":\"Organization\",\"@id\":\"https:\\\/\\\/samarali.com\\\/fr\\\/#organization\",\"name\":\"Samarali\",\"url\":\"https:\\\/\\\/samarali.com\\\/fr\\\/\",\"logo\":{\"@type\":\"ImageObject\",\"inLanguage\":\"fr-FR\",\"@id\":\"https:\\\/\\\/samarali.com\\\/fr\\\/#\\\/schema\\\/logo\\\/image\\\/\",\"url\":\"https:\\\/\\\/samarali.com\\\/wp-content\\\/uploads\\\/2024\\\/05\\\/cropped-samarali-icon.png\",\"contentUrl\":\"https:\\\/\\\/samarali.com\\\/wp-content\\\/uploads\\\/2024\\\/05\\\/cropped-samarali-icon.png\",\"width\":512,\"height\":512,\"caption\":\"Samarali\"},\"image\":{\"@id\":\"https:\\\/\\\/samarali.com\\\/fr\\\/#\\\/schema\\\/logo\\\/image\\\/\"},\"sameAs\":[\"https:\\\/\\\/www.facebook.com\\\/samaraliyoga\",\"https:\\\/\\\/www.linkedin.com\\\/company\\\/69563155\\\/\",\"https:\\\/\\\/www.instagram.com\\\/samaraliyoga\\\/\",\"https:\\\/\\\/nl.pinterest.com\\\/Samaraliyoga\\\/\"],\"description\":\"Samarali is a sustainable yoga and lifestyle brand based in the Netherlands\",\"email\":\"info@samarali.com\",\"legalName\":\"Samarali B.V.\",\"vatID\":\"NL859820324B01\",\"numberOfEmployees\":{\"@type\":\"QuantitativeValue\",\"minValue\":\"1\",\"maxValue\":\"10\"}}]}<\/script>\n<meta property=\"og:availability\" content=\"instock\" \/>\n<meta property=\"product:availability\" content=\"instock\" \/>\n<meta property=\"product:condition\" content=\"new\" \/>\n<!-- \/ Yoast SEO Premium plugin. -->","yoast_head_json":{"title":"Combinaison Azal\u00e9e - Samarali","description":"D\u00e9couvrez la combinaison parfaite de style et de confort avec la combinaison Azalea tie-dye. Am\u00e9liorez votre jeu de mode avec cette pi\u00e8ce \u00e9tonnante. Achetez maintenant !","robots":{"index":"index","follow":"follow","max-snippet":"max-snippet:-1","max-image-preview":"max-image-preview:large","max-video-preview":"max-video-preview:-1"},"canonical":"https:\/\/samarali.com\/fr\/produit\/combinaison-azalee\/","og_locale":"fr_FR","og_type":"article","og_title":"Combinaison Azal\u00e9e - Samarali","og_description":"D\u00e9couvrez la combinaison parfaite de style et de confort avec la combinaison Azalea tie-dye. Am\u00e9liorez votre jeu de mode avec cette pi\u00e8ce \u00e9tonnante. Achetez maintenant !","og_url":"https:\/\/samarali.com\/fr\/produit\/combinaison-azalee\/","og_site_name":"Samarali","article_publisher":"https:\/\/www.facebook.com\/samaraliyoga","article_modified_time":"2025-01-06T12:43:18+00:00","og_image":[{"width":1000,"height":1000,"url":"https:\/\/samarali.com\/wp-content\/uploads\/2024\/08\/Tie-Dye-Jumpsuit-Azalea-15.jpg","type":"image\/jpeg"}],"twitter_card":"summary_large_image","twitter_misc":{"Disponibilit\u00e9":"En stock"},"schema":{"@context":"https:\/\/schema.org","@graph":[{"@type":"WebPage","@id":"https:\/\/samarali.com\/fr\/produit\/combinaison-azalee\/","url":"https:\/\/samarali.com\/fr\/produit\/combinaison-azalee\/","name":"Combinaison Azal\u00e9e - Samarali","isPartOf":{"@id":"https:\/\/samarali.com\/fr\/#website"},"primaryImageOfPage":{"@id":"https:\/\/samarali.com\/fr\/produit\/combinaison-azalee\/#primaryimage"},"image":{"@id":"https:\/\/samarali.com\/fr\/produit\/combinaison-azalee\/#primaryimage"},"thumbnailUrl":"https:\/\/samarali.com\/wp-content\/uploads\/2024\/08\/Tie-Dye-Jumpsuit-Azalea-15.jpg","datePublished":"2024-08-07T17:18:42+00:00","dateModified":"2025-01-06T12:43:18+00:00","description":"D\u00e9couvrez la combinaison parfaite de style et de confort avec la combinaison Azalea tie-dye. Am\u00e9liorez votre jeu de mode avec cette pi\u00e8ce \u00e9tonnante. Achetez maintenant !","breadcrumb":{"@id":"https:\/\/samarali.com\/fr\/produit\/combinaison-azalee\/#breadcrumb"},"inLanguage":"fr-FR","potentialAction":[{"@type":"ReadAction","target":["https:\/\/samarali.com\/fr\/produit\/combinaison-azalee\/"]}]},{"@type":"ImageObject","inLanguage":"fr-FR","@id":"https:\/\/samarali.com\/fr\/produit\/combinaison-azalee\/#primaryimage","url":"https:\/\/samarali.com\/wp-content\/uploads\/2024\/08\/Tie-Dye-Jumpsuit-Azalea-15.jpg","contentUrl":"https:\/\/samarali.com\/wp-content\/uploads\/2024\/08\/Tie-Dye-Jumpsuit-Azalea-15.jpg","width":1000,"height":1000,"caption":"Combinaison Tie Dye Azalea 15"},{"@type":"BreadcrumbList","@id":"https:\/\/samarali.com\/fr\/produit\/combinaison-azalee\/#breadcrumb","itemListElement":[{"@type":"ListItem","position":1,"name":"Accueil","item":"https:\/\/samarali.com\/fr\/accueil\/"},{"@type":"ListItem","position":2,"name":"Boutique","item":"https:\/\/samarali.com\/fr\/boutique\/"},{"@type":"ListItem","position":3,"name":"Combinaison Azal\u00e9e"}]},{"@type":"WebSite","@id":"https:\/\/samarali.com\/fr\/#website","url":"https:\/\/samarali.com\/fr\/","name":"Samarali","description":"Samarali est une marque de yoga et de style de vie durable bas\u00e9e aux Pays-Bas.","publisher":{"@id":"https:\/\/samarali.com\/fr\/#organization"},"potentialAction":[{"@type":"SearchAction","target":{"@type":"EntryPoint","urlTemplate":"https:\/\/samarali.com\/fr\/?s={search_term_string}"},"query-input":{"@type":"PropertyValueSpecification","valueRequired":true,"valueName":"search_term_string"}}],"inLanguage":"fr-FR"},{"@type":"Organization","@id":"https:\/\/samarali.com\/fr\/#organization","name":"Samarali","url":"https:\/\/samarali.com\/fr\/","logo":{"@type":"ImageObject","inLanguage":"fr-FR","@id":"https:\/\/samarali.com\/fr\/#\/schema\/logo\/image\/","url":"https:\/\/samarali.com\/wp-content\/uploads\/2024\/05\/cropped-samarali-icon.png","contentUrl":"https:\/\/samarali.com\/wp-content\/uploads\/2024\/05\/cropped-samarali-icon.png","width":512,"height":512,"caption":"Samarali"},"image":{"@id":"https:\/\/samarali.com\/fr\/#\/schema\/logo\/image\/"},"sameAs":["https:\/\/www.facebook.com\/samaraliyoga","https:\/\/www.linkedin.com\/company\/69563155\/","https:\/\/www.instagram.com\/samaraliyoga\/","https:\/\/nl.pinterest.com\/Samaraliyoga\/"],"description":"Samarali is a sustainable yoga and lifestyle brand based in the Netherlands","email":"info@samarali.com","legalName":"Samarali B.V.","vatID":"NL859820324B01","numberOfEmployees":{"@type":"QuantitativeValue","minValue":"1","maxValue":"10"}}]},"og_availability":"instock","product_availability":"instock","product_condition":"new"},"jetpack_sharing_enabled":true,"_links":{"self":[{"href":"https:\/\/samarali.com\/fr\/wp-json\/wp\/v2\/product\/29071","targetHints":{"allow":["GET"]}}],"collection":[{"href":"https:\/\/samarali.com\/fr\/wp-json\/wp\/v2\/product"}],"about":[{"href":"https:\/\/samarali.com\/fr\/wp-json\/wp\/v2\/types\/product"}],"replies":[{"embeddable":true,"href":"https:\/\/samarali.com\/fr\/wp-json\/wp\/v2\/comments?post=29071"}],"version-history":[{"count":1,"href":"https:\/\/samarali.com\/fr\/wp-json\/wp\/v2\/product\/29071\/revisions"}],"predecessor-version":[{"id":32857,"href":"https:\/\/samarali.com\/fr\/wp-json\/wp\/v2\/product\/29071\/revisions\/32857"}],"wp:featuredmedia":[{"embeddable":true,"href":"https:\/\/samarali.com\/fr\/wp-json\/wp\/v2\/media\/22732"}],"wp:attachment":[{"href":"https:\/\/samarali.com\/fr\/wp-json\/wp\/v2\/media?parent=29071"}],"wp:term":[{"taxonomy":"product_cat","embeddable":true,"href":"https:\/\/samarali.com\/fr\/wp-json\/wp\/v2\/product_cat?post=29071"},{"taxonomy":"product_tag","embeddable":true,"href":"https:\/\/samarali.com\/fr\/wp-json\/wp\/v2\/product_tag?post=29071"}],"curies":[{"name":"wp","href":"https:\/\/api.w.org\/{rel}","templated":true}]}}