{"id":28968,"date":"2024-08-07T09:41:18","date_gmt":"2024-08-07T09:41:18","guid":{"rendered":"https:\/\/samarali.com\/product\/traversin-de-yoga\/"},"modified":"2026-03-07T11:14:44","modified_gmt":"2026-03-07T10:14:44","slug":"traversin-de-yoga","status":"publish","type":"product","link":"https:\/\/samarali.com\/fr\/produit\/traversin-de-yoga\/","title":{"rendered":"Traversin de yoga"},"content":{"rendered":"<p>Le traversin de yoga Samarali offre un excellent soutien pour divers asanas, sa forme cylindrique offrant une grande polyvalence dans votre pratique.<br \/>\nIl est id\u00e9al pour la relaxation, les exercices d&rsquo;ouverture de la poitrine et les poses telles que la position du h\u00e9ros, o\u00f9 il aide \u00e0 soulager l&rsquo;inconfort en le pla\u00e7ant entre vos jambes.<br \/>\nSa hauteur est parfaite pour les flexions avant et les \u00e9tirements lat\u00e9raux, et il offre un rembourrage doux pour vos genoux et votre dos.<br \/>\nLes traversins de yoga sont tr\u00e8s utiles pour le yoga r\u00e9parateur, le yoga pr\u00e9natal, le yoga Iyengar et tout autre style de yoga n\u00e9cessitant un soutien.<br \/>\nIls am\u00e9liorent les postures li\u00e9es \u00e0 la m\u00e9ditation et au repos, comme la pose du poisson, en favorisant une cambrure naturelle et en approfondissant les \u00e9tirements.<br \/>\nL&rsquo;utilisation d&rsquo;un traversin peut \u00e9galement am\u00e9liorer le confort et la circulation sanguine pendant Savasana, et favoriser l&rsquo;ouverture de la poitrine et la concentration de la respiration.<br \/>\nNos traversins sont remplis d&rsquo;\u00e9cales de sarrasin et les housses int\u00e9rieures et ext\u00e9rieures sont fabriqu\u00e9es en coton biologique certifi\u00e9 GOTS \u00e0 100 %.<br \/>\nIls sont dot\u00e9s de fermetures \u00e9clair durables qui permettent d&rsquo;enlever facilement la housse et d&rsquo;ajuster le remplissage.<br \/>\nUne poign\u00e9e permet de les transporter facilement.<br \/>\nPour le nettoyage, retirez la housse ext\u00e9rieure et lavez-la en machine \u00e0 l&rsquo;eau froide avec des couleurs similaires ; \u00e9vitez le s\u00e8che-linge et repassez \u00e0 chaud.<br \/>\nLa housse ext\u00e9rieure et la housse int\u00e9rieure sont produites de mani\u00e8re \u00e9thique en Inde.  <\/p>\n","protected":false},"excerpt":{"rendered":"<p>Am\u00e9liorez votre pratique du yoga avec le traversin de yoga Samarali. Parfait pour diverses asanas, il offre un soutien et un amortissement exceptionnels pour vos genoux et votre dos.<\/p>\n","protected":false},"featured_media":21512,"comment_status":"open","ping_status":"closed","template":"","meta":{"_acf_changed":false,"_improvement_type_select":"improve_an_existing","_thumb_yes_seoaic":false,"_frame_yes_seoaic":false,"seoaic_generate_description":"","seoaic_improve_instructions_prompt":"","seoaic_rollback_content_improvement":"","seoaic_idea_thumbnail_generator":"","thumbnail_generated":false,"thumbnail_generate_prompt":"","seoaic_article_description":"","inline_featured_image":false},"product_cat":[350,389,271,390],"product_tag":[],"class_list":{"0":"post-28968","1":"product","2":"type-product","3":"status-publish","4":"has-post-thumbnail","6":"product_cat-accessoires","7":"product_cat-bolsters-fr","8":"product_cat-meditation-fr","9":"product_cat-traversin","11":"first","12":"instock","13":"shipping-taxable","14":"purchasable","15":"product-type-variable"},"acf":[],"yoast_head":"<!-- This site is optimized with the Yoast SEO Premium plugin v27.3 (Yoast SEO v27.3) - https:\/\/yoast.com\/product\/yoast-seo-premium-wordpress\/ -->\n<title>Traversin de yoga - Samarali<\/title>\n<meta name=\"description\" content=\"Am\u00e9liorez votre pratique du yoga avec le traversin de yoga Samarali. Parfait pour diverses asanas, il offre un soutien et un amortissement exceptionnels pour vos genoux et votre dos.\" \/>\n<meta name=\"robots\" content=\"index, follow, max-snippet:-1, max-image-preview:large, max-video-preview:-1\" \/>\n<link rel=\"canonical\" href=\"https:\/\/samarali.com\/fr\/produit\/traversin-de-yoga\/\" \/>\n<meta property=\"og:locale\" content=\"fr_FR\" \/>\n<meta property=\"og:type\" content=\"article\" \/>\n<meta property=\"og:title\" content=\"Traversin de yoga - Samarali\" \/>\n<meta property=\"og:description\" content=\"Am\u00e9liorez votre pratique du yoga avec le traversin de yoga Samarali. Parfait pour diverses asanas, il offre un soutien et un amortissement exceptionnels pour vos genoux et votre dos.\" \/>\n<meta property=\"og:url\" content=\"https:\/\/samarali.com\/fr\/produit\/traversin-de-yoga\/\" \/>\n<meta property=\"og:site_name\" content=\"Samarali\" \/>\n<meta property=\"article:publisher\" content=\"https:\/\/www.facebook.com\/samaraliyoga\" \/>\n<meta property=\"article:modified_time\" content=\"2026-03-07T10:14:44+00:00\" \/>\n<meta property=\"og:image\" content=\"https:\/\/samarali.com\/wp-content\/uploads\/2024\/08\/bolster_denim-blue-1.jpg\" \/>\n\t<meta property=\"og:image:width\" content=\"1000\" \/>\n\t<meta property=\"og:image:height\" content=\"1000\" \/>\n\t<meta property=\"og:image:type\" content=\"image\/jpeg\" \/>\n<meta name=\"twitter:card\" content=\"summary_large_image\" \/>\n<meta name=\"twitter:label1\" content=\"Disponibilit\u00e9\" \/>\n\t<meta name=\"twitter:data1\" content=\"En stock\" \/>\n<script type=\"application\/ld+json\" class=\"yoast-schema-graph\">{\"@context\":\"https:\\\/\\\/schema.org\",\"@graph\":[{\"@type\":\"WebPage\",\"@id\":\"https:\\\/\\\/samarali.com\\\/fr\\\/produit\\\/traversin-de-yoga\\\/\",\"url\":\"https:\\\/\\\/samarali.com\\\/fr\\\/produit\\\/traversin-de-yoga\\\/\",\"name\":\"Traversin de yoga - Samarali\",\"isPartOf\":{\"@id\":\"https:\\\/\\\/samarali.com\\\/fr\\\/#website\"},\"primaryImageOfPage\":{\"@id\":\"https:\\\/\\\/samarali.com\\\/fr\\\/produit\\\/traversin-de-yoga\\\/#primaryimage\"},\"image\":{\"@id\":\"https:\\\/\\\/samarali.com\\\/fr\\\/produit\\\/traversin-de-yoga\\\/#primaryimage\"},\"thumbnailUrl\":\"https:\\\/\\\/samarali.com\\\/wp-content\\\/uploads\\\/2024\\\/08\\\/bolster_denim-blue-1.jpg\",\"datePublished\":\"2024-08-07T09:41:18+00:00\",\"dateModified\":\"2026-03-07T10:14:44+00:00\",\"description\":\"Am\u00e9liorez votre pratique du yoga avec le traversin de yoga Samarali. Parfait pour diverses asanas, il offre un soutien et un amortissement exceptionnels pour vos genoux et votre dos.\",\"breadcrumb\":{\"@id\":\"https:\\\/\\\/samarali.com\\\/fr\\\/produit\\\/traversin-de-yoga\\\/#breadcrumb\"},\"inLanguage\":\"fr-FR\",\"potentialAction\":[{\"@type\":\"ReadAction\",\"target\":[\"https:\\\/\\\/samarali.com\\\/fr\\\/produit\\\/traversin-de-yoga\\\/\"]}]},{\"@type\":\"ImageObject\",\"inLanguage\":\"fr-FR\",\"@id\":\"https:\\\/\\\/samarali.com\\\/fr\\\/produit\\\/traversin-de-yoga\\\/#primaryimage\",\"url\":\"https:\\\/\\\/samarali.com\\\/wp-content\\\/uploads\\\/2024\\\/08\\\/bolster_denim-blue-1.jpg\",\"contentUrl\":\"https:\\\/\\\/samarali.com\\\/wp-content\\\/uploads\\\/2024\\\/08\\\/bolster_denim-blue-1.jpg\",\"width\":1000,\"height\":1000,\"caption\":\"Traversin denim bleu 1\"},{\"@type\":\"BreadcrumbList\",\"@id\":\"https:\\\/\\\/samarali.com\\\/fr\\\/produit\\\/traversin-de-yoga\\\/#breadcrumb\",\"itemListElement\":[{\"@type\":\"ListItem\",\"position\":1,\"name\":\"Accueil\",\"item\":\"https:\\\/\\\/samarali.com\\\/fr\\\/accueil\\\/\"},{\"@type\":\"ListItem\",\"position\":2,\"name\":\"Boutique\",\"item\":\"https:\\\/\\\/samarali.com\\\/fr\\\/boutique\\\/\"},{\"@type\":\"ListItem\",\"position\":3,\"name\":\"Traversin de yoga\"}]},{\"@type\":\"WebSite\",\"@id\":\"https:\\\/\\\/samarali.com\\\/fr\\\/#website\",\"url\":\"https:\\\/\\\/samarali.com\\\/fr\\\/\",\"name\":\"Samarali\",\"description\":\"Samarali est une marque de yoga et de style de vie durable bas\u00e9e aux Pays-Bas.\",\"publisher\":{\"@id\":\"https:\\\/\\\/samarali.com\\\/fr\\\/#organization\"},\"potentialAction\":[{\"@type\":\"SearchAction\",\"target\":{\"@type\":\"EntryPoint\",\"urlTemplate\":\"https:\\\/\\\/samarali.com\\\/fr\\\/?s={search_term_string}\"},\"query-input\":{\"@type\":\"PropertyValueSpecification\",\"valueRequired\":true,\"valueName\":\"search_term_string\"}}],\"inLanguage\":\"fr-FR\"},{\"@type\":\"Organization\",\"@id\":\"https:\\\/\\\/samarali.com\\\/fr\\\/#organization\",\"name\":\"Samarali\",\"url\":\"https:\\\/\\\/samarali.com\\\/fr\\\/\",\"logo\":{\"@type\":\"ImageObject\",\"inLanguage\":\"fr-FR\",\"@id\":\"https:\\\/\\\/samarali.com\\\/fr\\\/#\\\/schema\\\/logo\\\/image\\\/\",\"url\":\"https:\\\/\\\/samarali.com\\\/wp-content\\\/uploads\\\/2024\\\/05\\\/cropped-samarali-icon.png\",\"contentUrl\":\"https:\\\/\\\/samarali.com\\\/wp-content\\\/uploads\\\/2024\\\/05\\\/cropped-samarali-icon.png\",\"width\":512,\"height\":512,\"caption\":\"Samarali\"},\"image\":{\"@id\":\"https:\\\/\\\/samarali.com\\\/fr\\\/#\\\/schema\\\/logo\\\/image\\\/\"},\"sameAs\":[\"https:\\\/\\\/www.facebook.com\\\/samaraliyoga\",\"https:\\\/\\\/www.linkedin.com\\\/company\\\/69563155\\\/\",\"https:\\\/\\\/www.instagram.com\\\/samaraliyoga\\\/\",\"https:\\\/\\\/nl.pinterest.com\\\/Samaraliyoga\\\/\"],\"description\":\"Samarali is a sustainable yoga and lifestyle brand based in the Netherlands\",\"email\":\"info@samarali.com\",\"legalName\":\"Samarali B.V.\",\"vatID\":\"NL859820324B01\",\"numberOfEmployees\":{\"@type\":\"QuantitativeValue\",\"minValue\":\"1\",\"maxValue\":\"10\"}}]}<\/script>\n<meta property=\"og:availability\" content=\"instock\" \/>\n<meta property=\"product:availability\" content=\"instock\" \/>\n<meta property=\"product:condition\" content=\"new\" \/>\n<!-- \/ Yoast SEO Premium plugin. -->","yoast_head_json":{"title":"Traversin de yoga - Samarali","description":"Am\u00e9liorez votre pratique du yoga avec le traversin de yoga Samarali. Parfait pour diverses asanas, il offre un soutien et un amortissement exceptionnels pour vos genoux et votre dos.","robots":{"index":"index","follow":"follow","max-snippet":"max-snippet:-1","max-image-preview":"max-image-preview:large","max-video-preview":"max-video-preview:-1"},"canonical":"https:\/\/samarali.com\/fr\/produit\/traversin-de-yoga\/","og_locale":"fr_FR","og_type":"article","og_title":"Traversin de yoga - Samarali","og_description":"Am\u00e9liorez votre pratique du yoga avec le traversin de yoga Samarali. Parfait pour diverses asanas, il offre un soutien et un amortissement exceptionnels pour vos genoux et votre dos.","og_url":"https:\/\/samarali.com\/fr\/produit\/traversin-de-yoga\/","og_site_name":"Samarali","article_publisher":"https:\/\/www.facebook.com\/samaraliyoga","article_modified_time":"2026-03-07T10:14:44+00:00","og_image":[{"width":1000,"height":1000,"url":"https:\/\/samarali.com\/wp-content\/uploads\/2024\/08\/bolster_denim-blue-1.jpg","type":"image\/jpeg"}],"twitter_card":"summary_large_image","twitter_misc":{"Disponibilit\u00e9":"En stock"},"schema":{"@context":"https:\/\/schema.org","@graph":[{"@type":"WebPage","@id":"https:\/\/samarali.com\/fr\/produit\/traversin-de-yoga\/","url":"https:\/\/samarali.com\/fr\/produit\/traversin-de-yoga\/","name":"Traversin de yoga - Samarali","isPartOf":{"@id":"https:\/\/samarali.com\/fr\/#website"},"primaryImageOfPage":{"@id":"https:\/\/samarali.com\/fr\/produit\/traversin-de-yoga\/#primaryimage"},"image":{"@id":"https:\/\/samarali.com\/fr\/produit\/traversin-de-yoga\/#primaryimage"},"thumbnailUrl":"https:\/\/samarali.com\/wp-content\/uploads\/2024\/08\/bolster_denim-blue-1.jpg","datePublished":"2024-08-07T09:41:18+00:00","dateModified":"2026-03-07T10:14:44+00:00","description":"Am\u00e9liorez votre pratique du yoga avec le traversin de yoga Samarali. Parfait pour diverses asanas, il offre un soutien et un amortissement exceptionnels pour vos genoux et votre dos.","breadcrumb":{"@id":"https:\/\/samarali.com\/fr\/produit\/traversin-de-yoga\/#breadcrumb"},"inLanguage":"fr-FR","potentialAction":[{"@type":"ReadAction","target":["https:\/\/samarali.com\/fr\/produit\/traversin-de-yoga\/"]}]},{"@type":"ImageObject","inLanguage":"fr-FR","@id":"https:\/\/samarali.com\/fr\/produit\/traversin-de-yoga\/#primaryimage","url":"https:\/\/samarali.com\/wp-content\/uploads\/2024\/08\/bolster_denim-blue-1.jpg","contentUrl":"https:\/\/samarali.com\/wp-content\/uploads\/2024\/08\/bolster_denim-blue-1.jpg","width":1000,"height":1000,"caption":"Traversin denim bleu 1"},{"@type":"BreadcrumbList","@id":"https:\/\/samarali.com\/fr\/produit\/traversin-de-yoga\/#breadcrumb","itemListElement":[{"@type":"ListItem","position":1,"name":"Accueil","item":"https:\/\/samarali.com\/fr\/accueil\/"},{"@type":"ListItem","position":2,"name":"Boutique","item":"https:\/\/samarali.com\/fr\/boutique\/"},{"@type":"ListItem","position":3,"name":"Traversin de yoga"}]},{"@type":"WebSite","@id":"https:\/\/samarali.com\/fr\/#website","url":"https:\/\/samarali.com\/fr\/","name":"Samarali","description":"Samarali est une marque de yoga et de style de vie durable bas\u00e9e aux Pays-Bas.","publisher":{"@id":"https:\/\/samarali.com\/fr\/#organization"},"potentialAction":[{"@type":"SearchAction","target":{"@type":"EntryPoint","urlTemplate":"https:\/\/samarali.com\/fr\/?s={search_term_string}"},"query-input":{"@type":"PropertyValueSpecification","valueRequired":true,"valueName":"search_term_string"}}],"inLanguage":"fr-FR"},{"@type":"Organization","@id":"https:\/\/samarali.com\/fr\/#organization","name":"Samarali","url":"https:\/\/samarali.com\/fr\/","logo":{"@type":"ImageObject","inLanguage":"fr-FR","@id":"https:\/\/samarali.com\/fr\/#\/schema\/logo\/image\/","url":"https:\/\/samarali.com\/wp-content\/uploads\/2024\/05\/cropped-samarali-icon.png","contentUrl":"https:\/\/samarali.com\/wp-content\/uploads\/2024\/05\/cropped-samarali-icon.png","width":512,"height":512,"caption":"Samarali"},"image":{"@id":"https:\/\/samarali.com\/fr\/#\/schema\/logo\/image\/"},"sameAs":["https:\/\/www.facebook.com\/samaraliyoga","https:\/\/www.linkedin.com\/company\/69563155\/","https:\/\/www.instagram.com\/samaraliyoga\/","https:\/\/nl.pinterest.com\/Samaraliyoga\/"],"description":"Samarali is a sustainable yoga and lifestyle brand based in the Netherlands","email":"info@samarali.com","legalName":"Samarali B.V.","vatID":"NL859820324B01","numberOfEmployees":{"@type":"QuantitativeValue","minValue":"1","maxValue":"10"}}]},"og_availability":"instock","product_availability":"instock","product_condition":"new"},"jetpack_sharing_enabled":true,"_links":{"self":[{"href":"https:\/\/samarali.com\/fr\/wp-json\/wp\/v2\/product\/28968","targetHints":{"allow":["GET"]}}],"collection":[{"href":"https:\/\/samarali.com\/fr\/wp-json\/wp\/v2\/product"}],"about":[{"href":"https:\/\/samarali.com\/fr\/wp-json\/wp\/v2\/types\/product"}],"replies":[{"embeddable":true,"href":"https:\/\/samarali.com\/fr\/wp-json\/wp\/v2\/comments?post=28968"}],"version-history":[{"count":1,"href":"https:\/\/samarali.com\/fr\/wp-json\/wp\/v2\/product\/28968\/revisions"}],"predecessor-version":[{"id":32821,"href":"https:\/\/samarali.com\/fr\/wp-json\/wp\/v2\/product\/28968\/revisions\/32821"}],"wp:featuredmedia":[{"embeddable":true,"href":"https:\/\/samarali.com\/fr\/wp-json\/wp\/v2\/media\/21512"}],"wp:attachment":[{"href":"https:\/\/samarali.com\/fr\/wp-json\/wp\/v2\/media?parent=28968"}],"wp:term":[{"taxonomy":"product_cat","embeddable":true,"href":"https:\/\/samarali.com\/fr\/wp-json\/wp\/v2\/product_cat?post=28968"},{"taxonomy":"product_tag","embeddable":true,"href":"https:\/\/samarali.com\/fr\/wp-json\/wp\/v2\/product_tag?post=28968"}],"curies":[{"name":"wp","href":"https:\/\/api.w.org\/{rel}","templated":true}]}}