{"id":28941,"date":"2024-08-07T10:22:15","date_gmt":"2024-08-07T08:22:15","guid":{"rendered":"https:\/\/samarali.com\/product\/taies-de-traversin-en-coton-biologique\/"},"modified":"2025-01-06T13:43:22","modified_gmt":"2025-01-06T12:43:22","slug":"taies-de-traversin-en-coton-biologique","status":"publish","type":"product","link":"https:\/\/samarali.com\/fr\/produit\/taies-de-traversin-en-coton-biologique\/","title":{"rendered":"Taies de traversin en coton biologique"},"content":{"rendered":"<p>Si vous souhaitez acheter un traversin de yoga et le remplir vous-m\u00eame, nos housses sont la solution id\u00e9ale. Elles offrent de nombreux avantages, notamment en termes de durabilit\u00e9, de polyvalence et de confort d&rsquo;utilisation.  Obtenez un maximum de confort et de soutien pour votre pratique du yoga gr\u00e2ce \u00e0 nos housses de traversin en coton biologique.<\/p>\n<p>Les bolster de yoga sont un excellent accessoire pour am\u00e9liorer votre pratique. Leur forme allong\u00e9e offre un soutien sup\u00e9rieur, ce qui les rend id\u00e9aux pour une vari\u00e9t\u00e9 d&rsquo;asanas et pour se d\u00e9tendre apr\u00e8s l&rsquo;exercice. Nos housses sont disponibles en 10 couleurs vives, ce qui vous permet d&rsquo;en choisir une qui s&rsquo;harmonise avec votre espace de yoga. Fabriqu\u00e9es en coton 100 % biologique et certifi\u00e9es GOTS, chaque ensemble comprend une housse int\u00e9rieure et une housse ext\u00e9rieure.   <\/p>\n<p>Pour plus de commodit\u00e9, nous proposons nos couvertures \u00e0 l&rsquo;unit\u00e9, et non en lots. Vous pouvez ainsi acheter une ou plusieurs housses en fonction de vos besoins. Veuillez noter que l&rsquo;ensemble ne comprend que les housses. Si vous avez besoin d&rsquo;un traversin garni, vous pouvez en acheter un dans notre boutique ou utiliser votre propre garniture. Gr\u00e2ce \u00e0 leur gamme de couleurs et \u00e0 leurs caract\u00e9ristiques pratiques, nos housses de traversin sont un excellent compl\u00e9ment \u00e0 votre pratique du yoga.    <\/p>\n","protected":false},"excerpt":{"rendered":"<p>Am\u00e9liorez votre pratique du yoga avec nos housses de traversin en coton biologique. Durables et pratiques, ils offrent un soutien maximal pour une vari\u00e9t\u00e9 d&rsquo;asanas.<\/p>\n","protected":false},"featured_media":22009,"comment_status":"open","ping_status":"closed","template":"","meta":{"_acf_changed":false,"_improvement_type_select":"improve_an_existing","_thumb_yes_seoaic":false,"_frame_yes_seoaic":false,"seoaic_generate_description":"","seoaic_improve_instructions_prompt":"","seoaic_rollback_content_improvement":"","seoaic_idea_thumbnail_generator":"","thumbnail_generated":false,"thumbnail_generate_prompt":"","seoaic_article_description":"","inline_featured_image":false},"product_cat":[350,271],"product_tag":[],"class_list":{"0":"post-28941","1":"product","2":"type-product","3":"status-publish","4":"has-post-thumbnail","6":"product_cat-accessoires","7":"product_cat-meditation-fr","9":"first","10":"instock","11":"shipping-taxable","12":"purchasable","13":"product-type-variable"},"acf":[],"yoast_head":"<!-- This site is optimized with the Yoast SEO Premium plugin v27.3 (Yoast SEO v27.3) - https:\/\/yoast.com\/product\/yoast-seo-premium-wordpress\/ -->\n<title>Taies de traversin en coton biologique - Samarali<\/title>\n<meta name=\"description\" content=\"Am\u00e9liorez votre pratique du yoga avec nos housses de traversin en coton biologique. Durables et pratiques, ils offrent un soutien maximal pour une vari\u00e9t\u00e9 d&#039;asanas.\" \/>\n<meta name=\"robots\" content=\"index, follow, max-snippet:-1, max-image-preview:large, max-video-preview:-1\" \/>\n<link rel=\"canonical\" href=\"https:\/\/samarali.com\/fr\/produit\/taies-de-traversin-en-coton-biologique\/\" \/>\n<meta property=\"og:locale\" content=\"fr_FR\" \/>\n<meta property=\"og:type\" content=\"article\" \/>\n<meta property=\"og:title\" content=\"Taies de traversin en coton biologique - Samarali\" \/>\n<meta property=\"og:description\" content=\"Am\u00e9liorez votre pratique du yoga avec nos housses de traversin en coton biologique. Durables et pratiques, ils offrent un soutien maximal pour une vari\u00e9t\u00e9 d&#039;asanas.\" \/>\n<meta property=\"og:url\" content=\"https:\/\/samarali.com\/fr\/produit\/taies-de-traversin-en-coton-biologique\/\" \/>\n<meta property=\"og:site_name\" content=\"Samarali\" \/>\n<meta property=\"article:publisher\" content=\"https:\/\/www.facebook.com\/samaraliyoga\" \/>\n<meta property=\"article:modified_time\" content=\"2025-01-06T12:43:22+00:00\" \/>\n<meta property=\"og:image\" content=\"https:\/\/samarali.com\/wp-content\/uploads\/2024\/08\/Bolster-covers_1-600x600-1.jpg\" \/>\n\t<meta property=\"og:image:width\" content=\"600\" \/>\n\t<meta property=\"og:image:height\" content=\"600\" \/>\n\t<meta property=\"og:image:type\" content=\"image\/jpeg\" \/>\n<meta name=\"twitter:card\" content=\"summary_large_image\" \/>\n<meta name=\"twitter:label1\" content=\"Disponibilit\u00e9\" \/>\n\t<meta name=\"twitter:data1\" content=\"En stock\" \/>\n<script type=\"application\/ld+json\" class=\"yoast-schema-graph\">{\"@context\":\"https:\\\/\\\/schema.org\",\"@graph\":[{\"@type\":\"WebPage\",\"@id\":\"https:\\\/\\\/samarali.com\\\/fr\\\/produit\\\/taies-de-traversin-en-coton-biologique\\\/\",\"url\":\"https:\\\/\\\/samarali.com\\\/fr\\\/produit\\\/taies-de-traversin-en-coton-biologique\\\/\",\"name\":\"Taies de traversin en coton biologique - Samarali\",\"isPartOf\":{\"@id\":\"https:\\\/\\\/samarali.com\\\/fr\\\/#website\"},\"primaryImageOfPage\":{\"@id\":\"https:\\\/\\\/samarali.com\\\/fr\\\/produit\\\/taies-de-traversin-en-coton-biologique\\\/#primaryimage\"},\"image\":{\"@id\":\"https:\\\/\\\/samarali.com\\\/fr\\\/produit\\\/taies-de-traversin-en-coton-biologique\\\/#primaryimage\"},\"thumbnailUrl\":\"https:\\\/\\\/samarali.com\\\/wp-content\\\/uploads\\\/2024\\\/08\\\/Bolster-covers_1-600x600-1.jpg\",\"datePublished\":\"2024-08-07T08:22:15+00:00\",\"dateModified\":\"2025-01-06T12:43:22+00:00\",\"description\":\"Am\u00e9liorez votre pratique du yoga avec nos housses de traversin en coton biologique. Durables et pratiques, ils offrent un soutien maximal pour une vari\u00e9t\u00e9 d'asanas.\",\"breadcrumb\":{\"@id\":\"https:\\\/\\\/samarali.com\\\/fr\\\/produit\\\/taies-de-traversin-en-coton-biologique\\\/#breadcrumb\"},\"inLanguage\":\"fr-FR\",\"potentialAction\":[{\"@type\":\"ReadAction\",\"target\":[\"https:\\\/\\\/samarali.com\\\/fr\\\/produit\\\/taies-de-traversin-en-coton-biologique\\\/\"]}]},{\"@type\":\"ImageObject\",\"inLanguage\":\"fr-FR\",\"@id\":\"https:\\\/\\\/samarali.com\\\/fr\\\/produit\\\/taies-de-traversin-en-coton-biologique\\\/#primaryimage\",\"url\":\"https:\\\/\\\/samarali.com\\\/wp-content\\\/uploads\\\/2024\\\/08\\\/Bolster-covers_1-600x600-1.jpg\",\"contentUrl\":\"https:\\\/\\\/samarali.com\\\/wp-content\\\/uploads\\\/2024\\\/08\\\/Bolster-covers_1-600x600-1.jpg\",\"width\":600,\"height\":600,\"caption\":\"Housses de traversin 1 600x600 1\"},{\"@type\":\"BreadcrumbList\",\"@id\":\"https:\\\/\\\/samarali.com\\\/fr\\\/produit\\\/taies-de-traversin-en-coton-biologique\\\/#breadcrumb\",\"itemListElement\":[{\"@type\":\"ListItem\",\"position\":1,\"name\":\"Accueil\",\"item\":\"https:\\\/\\\/samarali.com\\\/fr\\\/accueil\\\/\"},{\"@type\":\"ListItem\",\"position\":2,\"name\":\"Boutique\",\"item\":\"https:\\\/\\\/samarali.com\\\/fr\\\/boutique\\\/\"},{\"@type\":\"ListItem\",\"position\":3,\"name\":\"Taies de traversin en coton biologique\"}]},{\"@type\":\"WebSite\",\"@id\":\"https:\\\/\\\/samarali.com\\\/fr\\\/#website\",\"url\":\"https:\\\/\\\/samarali.com\\\/fr\\\/\",\"name\":\"Samarali\",\"description\":\"Samarali est une marque de yoga et de style de vie durable bas\u00e9e aux Pays-Bas.\",\"publisher\":{\"@id\":\"https:\\\/\\\/samarali.com\\\/fr\\\/#organization\"},\"potentialAction\":[{\"@type\":\"SearchAction\",\"target\":{\"@type\":\"EntryPoint\",\"urlTemplate\":\"https:\\\/\\\/samarali.com\\\/fr\\\/?s={search_term_string}\"},\"query-input\":{\"@type\":\"PropertyValueSpecification\",\"valueRequired\":true,\"valueName\":\"search_term_string\"}}],\"inLanguage\":\"fr-FR\"},{\"@type\":\"Organization\",\"@id\":\"https:\\\/\\\/samarali.com\\\/fr\\\/#organization\",\"name\":\"Samarali\",\"url\":\"https:\\\/\\\/samarali.com\\\/fr\\\/\",\"logo\":{\"@type\":\"ImageObject\",\"inLanguage\":\"fr-FR\",\"@id\":\"https:\\\/\\\/samarali.com\\\/fr\\\/#\\\/schema\\\/logo\\\/image\\\/\",\"url\":\"https:\\\/\\\/samarali.com\\\/wp-content\\\/uploads\\\/2024\\\/05\\\/cropped-samarali-icon.png\",\"contentUrl\":\"https:\\\/\\\/samarali.com\\\/wp-content\\\/uploads\\\/2024\\\/05\\\/cropped-samarali-icon.png\",\"width\":512,\"height\":512,\"caption\":\"Samarali\"},\"image\":{\"@id\":\"https:\\\/\\\/samarali.com\\\/fr\\\/#\\\/schema\\\/logo\\\/image\\\/\"},\"sameAs\":[\"https:\\\/\\\/www.facebook.com\\\/samaraliyoga\",\"https:\\\/\\\/www.linkedin.com\\\/company\\\/69563155\\\/\",\"https:\\\/\\\/www.instagram.com\\\/samaraliyoga\\\/\",\"https:\\\/\\\/nl.pinterest.com\\\/Samaraliyoga\\\/\"],\"description\":\"Samarali is a sustainable yoga and lifestyle brand based in the Netherlands\",\"email\":\"info@samarali.com\",\"legalName\":\"Samarali B.V.\",\"vatID\":\"NL859820324B01\",\"numberOfEmployees\":{\"@type\":\"QuantitativeValue\",\"minValue\":\"1\",\"maxValue\":\"10\"}}]}<\/script>\n<meta property=\"og:availability\" content=\"instock\" \/>\n<meta property=\"product:availability\" content=\"instock\" \/>\n<meta property=\"product:condition\" content=\"new\" \/>\n<!-- \/ Yoast SEO Premium plugin. -->","yoast_head_json":{"title":"Taies de traversin en coton biologique - Samarali","description":"Am\u00e9liorez votre pratique du yoga avec nos housses de traversin en coton biologique. Durables et pratiques, ils offrent un soutien maximal pour une vari\u00e9t\u00e9 d'asanas.","robots":{"index":"index","follow":"follow","max-snippet":"max-snippet:-1","max-image-preview":"max-image-preview:large","max-video-preview":"max-video-preview:-1"},"canonical":"https:\/\/samarali.com\/fr\/produit\/taies-de-traversin-en-coton-biologique\/","og_locale":"fr_FR","og_type":"article","og_title":"Taies de traversin en coton biologique - Samarali","og_description":"Am\u00e9liorez votre pratique du yoga avec nos housses de traversin en coton biologique. Durables et pratiques, ils offrent un soutien maximal pour une vari\u00e9t\u00e9 d'asanas.","og_url":"https:\/\/samarali.com\/fr\/produit\/taies-de-traversin-en-coton-biologique\/","og_site_name":"Samarali","article_publisher":"https:\/\/www.facebook.com\/samaraliyoga","article_modified_time":"2025-01-06T12:43:22+00:00","og_image":[{"width":600,"height":600,"url":"https:\/\/samarali.com\/wp-content\/uploads\/2024\/08\/Bolster-covers_1-600x600-1.jpg","type":"image\/jpeg"}],"twitter_card":"summary_large_image","twitter_misc":{"Disponibilit\u00e9":"En stock"},"schema":{"@context":"https:\/\/schema.org","@graph":[{"@type":"WebPage","@id":"https:\/\/samarali.com\/fr\/produit\/taies-de-traversin-en-coton-biologique\/","url":"https:\/\/samarali.com\/fr\/produit\/taies-de-traversin-en-coton-biologique\/","name":"Taies de traversin en coton biologique - Samarali","isPartOf":{"@id":"https:\/\/samarali.com\/fr\/#website"},"primaryImageOfPage":{"@id":"https:\/\/samarali.com\/fr\/produit\/taies-de-traversin-en-coton-biologique\/#primaryimage"},"image":{"@id":"https:\/\/samarali.com\/fr\/produit\/taies-de-traversin-en-coton-biologique\/#primaryimage"},"thumbnailUrl":"https:\/\/samarali.com\/wp-content\/uploads\/2024\/08\/Bolster-covers_1-600x600-1.jpg","datePublished":"2024-08-07T08:22:15+00:00","dateModified":"2025-01-06T12:43:22+00:00","description":"Am\u00e9liorez votre pratique du yoga avec nos housses de traversin en coton biologique. Durables et pratiques, ils offrent un soutien maximal pour une vari\u00e9t\u00e9 d'asanas.","breadcrumb":{"@id":"https:\/\/samarali.com\/fr\/produit\/taies-de-traversin-en-coton-biologique\/#breadcrumb"},"inLanguage":"fr-FR","potentialAction":[{"@type":"ReadAction","target":["https:\/\/samarali.com\/fr\/produit\/taies-de-traversin-en-coton-biologique\/"]}]},{"@type":"ImageObject","inLanguage":"fr-FR","@id":"https:\/\/samarali.com\/fr\/produit\/taies-de-traversin-en-coton-biologique\/#primaryimage","url":"https:\/\/samarali.com\/wp-content\/uploads\/2024\/08\/Bolster-covers_1-600x600-1.jpg","contentUrl":"https:\/\/samarali.com\/wp-content\/uploads\/2024\/08\/Bolster-covers_1-600x600-1.jpg","width":600,"height":600,"caption":"Housses de traversin 1 600x600 1"},{"@type":"BreadcrumbList","@id":"https:\/\/samarali.com\/fr\/produit\/taies-de-traversin-en-coton-biologique\/#breadcrumb","itemListElement":[{"@type":"ListItem","position":1,"name":"Accueil","item":"https:\/\/samarali.com\/fr\/accueil\/"},{"@type":"ListItem","position":2,"name":"Boutique","item":"https:\/\/samarali.com\/fr\/boutique\/"},{"@type":"ListItem","position":3,"name":"Taies de traversin en coton biologique"}]},{"@type":"WebSite","@id":"https:\/\/samarali.com\/fr\/#website","url":"https:\/\/samarali.com\/fr\/","name":"Samarali","description":"Samarali est une marque de yoga et de style de vie durable bas\u00e9e aux Pays-Bas.","publisher":{"@id":"https:\/\/samarali.com\/fr\/#organization"},"potentialAction":[{"@type":"SearchAction","target":{"@type":"EntryPoint","urlTemplate":"https:\/\/samarali.com\/fr\/?s={search_term_string}"},"query-input":{"@type":"PropertyValueSpecification","valueRequired":true,"valueName":"search_term_string"}}],"inLanguage":"fr-FR"},{"@type":"Organization","@id":"https:\/\/samarali.com\/fr\/#organization","name":"Samarali","url":"https:\/\/samarali.com\/fr\/","logo":{"@type":"ImageObject","inLanguage":"fr-FR","@id":"https:\/\/samarali.com\/fr\/#\/schema\/logo\/image\/","url":"https:\/\/samarali.com\/wp-content\/uploads\/2024\/05\/cropped-samarali-icon.png","contentUrl":"https:\/\/samarali.com\/wp-content\/uploads\/2024\/05\/cropped-samarali-icon.png","width":512,"height":512,"caption":"Samarali"},"image":{"@id":"https:\/\/samarali.com\/fr\/#\/schema\/logo\/image\/"},"sameAs":["https:\/\/www.facebook.com\/samaraliyoga","https:\/\/www.linkedin.com\/company\/69563155\/","https:\/\/www.instagram.com\/samaraliyoga\/","https:\/\/nl.pinterest.com\/Samaraliyoga\/"],"description":"Samarali is a sustainable yoga and lifestyle brand based in the Netherlands","email":"info@samarali.com","legalName":"Samarali B.V.","vatID":"NL859820324B01","numberOfEmployees":{"@type":"QuantitativeValue","minValue":"1","maxValue":"10"}}]},"og_availability":"instock","product_availability":"instock","product_condition":"new"},"jetpack_sharing_enabled":true,"_links":{"self":[{"href":"https:\/\/samarali.com\/fr\/wp-json\/wp\/v2\/product\/28941","targetHints":{"allow":["GET"]}}],"collection":[{"href":"https:\/\/samarali.com\/fr\/wp-json\/wp\/v2\/product"}],"about":[{"href":"https:\/\/samarali.com\/fr\/wp-json\/wp\/v2\/types\/product"}],"replies":[{"embeddable":true,"href":"https:\/\/samarali.com\/fr\/wp-json\/wp\/v2\/comments?post=28941"}],"version-history":[{"count":2,"href":"https:\/\/samarali.com\/fr\/wp-json\/wp\/v2\/product\/28941\/revisions"}],"predecessor-version":[{"id":32861,"href":"https:\/\/samarali.com\/fr\/wp-json\/wp\/v2\/product\/28941\/revisions\/32861"}],"wp:featuredmedia":[{"embeddable":true,"href":"https:\/\/samarali.com\/fr\/wp-json\/wp\/v2\/media\/22009"}],"wp:attachment":[{"href":"https:\/\/samarali.com\/fr\/wp-json\/wp\/v2\/media?parent=28941"}],"wp:term":[{"taxonomy":"product_cat","embeddable":true,"href":"https:\/\/samarali.com\/fr\/wp-json\/wp\/v2\/product_cat?post=28941"},{"taxonomy":"product_tag","embeddable":true,"href":"https:\/\/samarali.com\/fr\/wp-json\/wp\/v2\/product_tag?post=28941"}],"curies":[{"name":"wp","href":"https:\/\/api.w.org\/{rel}","templated":true}]}}