{"id":28876,"date":"2024-08-02T07:20:49","date_gmt":"2024-08-02T07:20:49","guid":{"rendered":"https:\/\/samarali.com\/product\/coussin-de-meditation-zafu\/"},"modified":"2026-03-22T19:18:32","modified_gmt":"2026-03-22T18:18:32","slug":"coussin-de-meditation-zafu","status":"publish","type":"product","link":"https:\/\/samarali.com\/fr\/produit\/coussin-de-meditation-zafu\/","title":{"rendered":"Coussin de m\u00e9ditation Zafu"},"content":{"rendered":"<p>Le coussin Zafu est con\u00e7u pour vous aider \u00e0 maintenir un bon alignement de la colonne vert\u00e9brale et \u00e0 vous asseoir confortablement au sol pendant la m\u00e9ditation ou \u00e0 tout autre moment. Il est respirant et poss\u00e8de des propri\u00e9t\u00e9s thermor\u00e9gulatrices, assurant confort et soutien tout au long de votre pratique. Le coussin est fabriqu\u00e9 \u00e0 partir de coton biologique \u00e0 100 %, ce qui en fait un choix durable compar\u00e9 aux coussins de m\u00e9ditation fabriqu\u00e9s avec des tissus non biologiques.<\/p>\n<p>Un Zafu est un coussin de m\u00e9ditation rond avec des c\u00f4t\u00e9s fronc\u00e9s, sp\u00e9cialement con\u00e7u pour soutenir une posture correcte pendant la m\u00e9ditation. Ses bords incurv\u00e9s permettent \u00e0 vos jambes de descendre naturellement depuis les articulations des hanches, positionnant vos genoux plus bas que vos hanches. Cet alignement aide votre colonne vert\u00e9brale \u00e0 maintenir ses courbures naturelles, rendant votre pratique de m\u00e9ditation plus confortable et durable. Contrairement aux coussins en forme de croissant, le Zafu offre une plus grande polyvalence dans les positions assises. Vous pouvez vous asseoir en Sukhasana (posture des jambes crois\u00e9es) avec le coussin sous votre pelvis, ou en Vajrasana (posture du diamant) avec le Zafu soutenant vos hanches entre vos genoux. Cela le rend particuli\u00e8rement utile pour les personnes dont les hanches ne tournent pas facilement vers l\u2019ext\u00e9rieur en Sukhasana.<\/p>\n<p>Le coussin Zafu est \u00e9galement dot\u00e9 d\u2019une poign\u00e9e portable, ce qui le rend facile \u00e0 transporter o\u00f9 que vous alliez. Pour le nettoyer, retirez la housse ext\u00e9rieure et lavez-la en machine \u00e0 l\u2019eau froide, cycle d\u00e9licat, avec des couleurs similaires.<\/p>\n","protected":false},"excerpt":{"rendered":"<p>Faites l&rsquo;exp\u00e9rience du confort et d&rsquo;un alignement correct de la colonne vert\u00e9brale avec notre coussin de m\u00e9ditation Zafu. Rempli de cosses de sarrasin, il est \u00e9quip\u00e9 de housses en coton biologique \u00e0 100 %.<\/p>\n","protected":false},"featured_media":19378,"comment_status":"open","ping_status":"closed","template":"","meta":{"_acf_changed":false,"_improvement_type_select":"improve_an_existing","_thumb_yes_seoaic":false,"_frame_yes_seoaic":false,"seoaic_generate_description":"","seoaic_improve_instructions_prompt":"","seoaic_rollback_content_improvement":"","seoaic_idea_thumbnail_generator":"","thumbnail_generated":false,"thumbnail_generate_prompt":"","seoaic_article_description":"","inline_featured_image":false},"product_cat":[272,271],"product_tag":[],"class_list":{"0":"post-28876","1":"product","2":"type-product","3":"status-publish","4":"has-post-thumbnail","6":"product_cat-coussins-de-meditation","7":"product_cat-meditation-fr","9":"first","10":"instock","11":"shipping-taxable","12":"purchasable","13":"product-type-variable"},"acf":[],"yoast_head":"<!-- This site is optimized with the Yoast SEO Premium plugin v27.3 (Yoast SEO v27.3) - https:\/\/yoast.com\/product\/yoast-seo-premium-wordpress\/ -->\n<title>Coussin de m\u00e9ditation Zafu - Samarali<\/title>\n<meta name=\"description\" content=\"Coussin de m\u00e9ditation Zafu, rempli d&#039;\u00e9cales de sarrasin, il est fabriqu\u00e9 \u00e0 partir de coton 100% biologique, certifi\u00e9 GOTS et offre une r\u00e9sistance naturelle.\" \/>\n<meta name=\"robots\" content=\"index, follow, max-snippet:-1, max-image-preview:large, max-video-preview:-1\" \/>\n<link rel=\"canonical\" href=\"https:\/\/samarali.com\/fr\/produit\/coussin-de-meditation-zafu\/\" \/>\n<meta property=\"og:locale\" content=\"fr_FR\" \/>\n<meta property=\"og:type\" content=\"article\" \/>\n<meta property=\"og:title\" content=\"Coussin de m\u00e9ditation Zafu - Samarali\" \/>\n<meta property=\"og:description\" content=\"Coussin de m\u00e9ditation Zafu, rempli d&#039;\u00e9cales de sarrasin, il est fabriqu\u00e9 \u00e0 partir de coton 100% biologique, certifi\u00e9 GOTS et offre une r\u00e9sistance naturelle.\" \/>\n<meta property=\"og:url\" content=\"https:\/\/samarali.com\/fr\/produit\/coussin-de-meditation-zafu\/\" \/>\n<meta property=\"og:site_name\" content=\"Samarali\" \/>\n<meta property=\"article:publisher\" content=\"https:\/\/www.facebook.com\/samaraliyoga\" \/>\n<meta property=\"article:modified_time\" content=\"2026-03-22T18:18:32+00:00\" \/>\n<meta property=\"og:image\" content=\"https:\/\/samarali.com\/wp-content\/uploads\/2024\/08\/Cushion-pilled-Navy-blue-2.jpg\" \/>\n\t<meta property=\"og:image:width\" content=\"1080\" \/>\n\t<meta property=\"og:image:height\" content=\"1080\" \/>\n\t<meta property=\"og:image:type\" content=\"image\/jpeg\" \/>\n<meta name=\"twitter:card\" content=\"summary_large_image\" \/>\n<meta name=\"twitter:label1\" content=\"Disponibilit\u00e9\" \/>\n\t<meta name=\"twitter:data1\" content=\"En stock\" \/>\n<script type=\"application\/ld+json\" class=\"yoast-schema-graph\">{\"@context\":\"https:\\\/\\\/schema.org\",\"@graph\":[{\"@type\":\"WebPage\",\"@id\":\"https:\\\/\\\/samarali.com\\\/fr\\\/produit\\\/coussin-de-meditation-zafu\\\/\",\"url\":\"https:\\\/\\\/samarali.com\\\/fr\\\/produit\\\/coussin-de-meditation-zafu\\\/\",\"name\":\"Coussin de m\u00e9ditation Zafu - Samarali\",\"isPartOf\":{\"@id\":\"https:\\\/\\\/samarali.com\\\/fr\\\/#website\"},\"primaryImageOfPage\":{\"@id\":\"https:\\\/\\\/samarali.com\\\/fr\\\/produit\\\/coussin-de-meditation-zafu\\\/#primaryimage\"},\"image\":{\"@id\":\"https:\\\/\\\/samarali.com\\\/fr\\\/produit\\\/coussin-de-meditation-zafu\\\/#primaryimage\"},\"thumbnailUrl\":\"https:\\\/\\\/samarali.com\\\/wp-content\\\/uploads\\\/2024\\\/08\\\/Cushion-pilled-Navy-blue-2.jpg\",\"datePublished\":\"2024-08-02T07:20:49+00:00\",\"dateModified\":\"2026-03-22T18:18:32+00:00\",\"description\":\"Coussin de m\u00e9ditation Zafu, rempli d'\u00e9cales de sarrasin, il est fabriqu\u00e9 \u00e0 partir de coton 100% biologique, certifi\u00e9 GOTS et offre une r\u00e9sistance naturelle.\",\"breadcrumb\":{\"@id\":\"https:\\\/\\\/samarali.com\\\/fr\\\/produit\\\/coussin-de-meditation-zafu\\\/#breadcrumb\"},\"inLanguage\":\"fr-FR\",\"potentialAction\":[{\"@type\":\"ReadAction\",\"target\":[\"https:\\\/\\\/samarali.com\\\/fr\\\/produit\\\/coussin-de-meditation-zafu\\\/\"]}]},{\"@type\":\"ImageObject\",\"inLanguage\":\"fr-FR\",\"@id\":\"https:\\\/\\\/samarali.com\\\/fr\\\/produit\\\/coussin-de-meditation-zafu\\\/#primaryimage\",\"url\":\"https:\\\/\\\/samarali.com\\\/wp-content\\\/uploads\\\/2024\\\/08\\\/Cushion-pilled-Navy-blue-2.jpg\",\"contentUrl\":\"https:\\\/\\\/samarali.com\\\/wp-content\\\/uploads\\\/2024\\\/08\\\/Cushion-pilled-Navy-blue-2.jpg\",\"width\":1080,\"height\":1080,\"caption\":\"Coussin pill\u00e9 Bleu marine 2\"},{\"@type\":\"BreadcrumbList\",\"@id\":\"https:\\\/\\\/samarali.com\\\/fr\\\/produit\\\/coussin-de-meditation-zafu\\\/#breadcrumb\",\"itemListElement\":[{\"@type\":\"ListItem\",\"position\":1,\"name\":\"Accueil\",\"item\":\"https:\\\/\\\/samarali.com\\\/fr\\\/accueil\\\/\"},{\"@type\":\"ListItem\",\"position\":2,\"name\":\"Boutique\",\"item\":\"https:\\\/\\\/samarali.com\\\/fr\\\/boutique\\\/\"},{\"@type\":\"ListItem\",\"position\":3,\"name\":\"Coussin de m\u00e9ditation Zafu\"}]},{\"@type\":\"WebSite\",\"@id\":\"https:\\\/\\\/samarali.com\\\/fr\\\/#website\",\"url\":\"https:\\\/\\\/samarali.com\\\/fr\\\/\",\"name\":\"Samarali\",\"description\":\"Samarali est une marque de yoga et de style de vie durable bas\u00e9e aux Pays-Bas.\",\"publisher\":{\"@id\":\"https:\\\/\\\/samarali.com\\\/fr\\\/#organization\"},\"potentialAction\":[{\"@type\":\"SearchAction\",\"target\":{\"@type\":\"EntryPoint\",\"urlTemplate\":\"https:\\\/\\\/samarali.com\\\/fr\\\/?s={search_term_string}\"},\"query-input\":{\"@type\":\"PropertyValueSpecification\",\"valueRequired\":true,\"valueName\":\"search_term_string\"}}],\"inLanguage\":\"fr-FR\"},{\"@type\":\"Organization\",\"@id\":\"https:\\\/\\\/samarali.com\\\/fr\\\/#organization\",\"name\":\"Samarali\",\"url\":\"https:\\\/\\\/samarali.com\\\/fr\\\/\",\"logo\":{\"@type\":\"ImageObject\",\"inLanguage\":\"fr-FR\",\"@id\":\"https:\\\/\\\/samarali.com\\\/fr\\\/#\\\/schema\\\/logo\\\/image\\\/\",\"url\":\"https:\\\/\\\/samarali.com\\\/wp-content\\\/uploads\\\/2024\\\/05\\\/cropped-samarali-icon.png\",\"contentUrl\":\"https:\\\/\\\/samarali.com\\\/wp-content\\\/uploads\\\/2024\\\/05\\\/cropped-samarali-icon.png\",\"width\":512,\"height\":512,\"caption\":\"Samarali\"},\"image\":{\"@id\":\"https:\\\/\\\/samarali.com\\\/fr\\\/#\\\/schema\\\/logo\\\/image\\\/\"},\"sameAs\":[\"https:\\\/\\\/www.facebook.com\\\/samaraliyoga\",\"https:\\\/\\\/www.linkedin.com\\\/company\\\/69563155\\\/\",\"https:\\\/\\\/www.instagram.com\\\/samaraliyoga\\\/\",\"https:\\\/\\\/nl.pinterest.com\\\/Samaraliyoga\\\/\"],\"description\":\"Samarali is a sustainable yoga and lifestyle brand based in the Netherlands\",\"email\":\"info@samarali.com\",\"legalName\":\"Samarali B.V.\",\"vatID\":\"NL859820324B01\",\"numberOfEmployees\":{\"@type\":\"QuantitativeValue\",\"minValue\":\"1\",\"maxValue\":\"10\"}}]}<\/script>\n<meta property=\"og:availability\" content=\"instock\" \/>\n<meta property=\"product:availability\" content=\"instock\" \/>\n<meta property=\"product:condition\" content=\"new\" \/>\n<!-- \/ Yoast SEO Premium plugin. -->","yoast_head_json":{"title":"Coussin de m\u00e9ditation Zafu - Samarali","description":"Coussin de m\u00e9ditation Zafu, rempli d'\u00e9cales de sarrasin, il est fabriqu\u00e9 \u00e0 partir de coton 100% biologique, certifi\u00e9 GOTS et offre une r\u00e9sistance naturelle.","robots":{"index":"index","follow":"follow","max-snippet":"max-snippet:-1","max-image-preview":"max-image-preview:large","max-video-preview":"max-video-preview:-1"},"canonical":"https:\/\/samarali.com\/fr\/produit\/coussin-de-meditation-zafu\/","og_locale":"fr_FR","og_type":"article","og_title":"Coussin de m\u00e9ditation Zafu - Samarali","og_description":"Coussin de m\u00e9ditation Zafu, rempli d'\u00e9cales de sarrasin, il est fabriqu\u00e9 \u00e0 partir de coton 100% biologique, certifi\u00e9 GOTS et offre une r\u00e9sistance naturelle.","og_url":"https:\/\/samarali.com\/fr\/produit\/coussin-de-meditation-zafu\/","og_site_name":"Samarali","article_publisher":"https:\/\/www.facebook.com\/samaraliyoga","article_modified_time":"2026-03-22T18:18:32+00:00","og_image":[{"width":1080,"height":1080,"url":"https:\/\/samarali.com\/wp-content\/uploads\/2024\/08\/Cushion-pilled-Navy-blue-2.jpg","type":"image\/jpeg"}],"twitter_card":"summary_large_image","twitter_misc":{"Disponibilit\u00e9":"En stock"},"schema":{"@context":"https:\/\/schema.org","@graph":[{"@type":"WebPage","@id":"https:\/\/samarali.com\/fr\/produit\/coussin-de-meditation-zafu\/","url":"https:\/\/samarali.com\/fr\/produit\/coussin-de-meditation-zafu\/","name":"Coussin de m\u00e9ditation Zafu - Samarali","isPartOf":{"@id":"https:\/\/samarali.com\/fr\/#website"},"primaryImageOfPage":{"@id":"https:\/\/samarali.com\/fr\/produit\/coussin-de-meditation-zafu\/#primaryimage"},"image":{"@id":"https:\/\/samarali.com\/fr\/produit\/coussin-de-meditation-zafu\/#primaryimage"},"thumbnailUrl":"https:\/\/samarali.com\/wp-content\/uploads\/2024\/08\/Cushion-pilled-Navy-blue-2.jpg","datePublished":"2024-08-02T07:20:49+00:00","dateModified":"2026-03-22T18:18:32+00:00","description":"Coussin de m\u00e9ditation Zafu, rempli d'\u00e9cales de sarrasin, il est fabriqu\u00e9 \u00e0 partir de coton 100% biologique, certifi\u00e9 GOTS et offre une r\u00e9sistance naturelle.","breadcrumb":{"@id":"https:\/\/samarali.com\/fr\/produit\/coussin-de-meditation-zafu\/#breadcrumb"},"inLanguage":"fr-FR","potentialAction":[{"@type":"ReadAction","target":["https:\/\/samarali.com\/fr\/produit\/coussin-de-meditation-zafu\/"]}]},{"@type":"ImageObject","inLanguage":"fr-FR","@id":"https:\/\/samarali.com\/fr\/produit\/coussin-de-meditation-zafu\/#primaryimage","url":"https:\/\/samarali.com\/wp-content\/uploads\/2024\/08\/Cushion-pilled-Navy-blue-2.jpg","contentUrl":"https:\/\/samarali.com\/wp-content\/uploads\/2024\/08\/Cushion-pilled-Navy-blue-2.jpg","width":1080,"height":1080,"caption":"Coussin pill\u00e9 Bleu marine 2"},{"@type":"BreadcrumbList","@id":"https:\/\/samarali.com\/fr\/produit\/coussin-de-meditation-zafu\/#breadcrumb","itemListElement":[{"@type":"ListItem","position":1,"name":"Accueil","item":"https:\/\/samarali.com\/fr\/accueil\/"},{"@type":"ListItem","position":2,"name":"Boutique","item":"https:\/\/samarali.com\/fr\/boutique\/"},{"@type":"ListItem","position":3,"name":"Coussin de m\u00e9ditation Zafu"}]},{"@type":"WebSite","@id":"https:\/\/samarali.com\/fr\/#website","url":"https:\/\/samarali.com\/fr\/","name":"Samarali","description":"Samarali est une marque de yoga et de style de vie durable bas\u00e9e aux Pays-Bas.","publisher":{"@id":"https:\/\/samarali.com\/fr\/#organization"},"potentialAction":[{"@type":"SearchAction","target":{"@type":"EntryPoint","urlTemplate":"https:\/\/samarali.com\/fr\/?s={search_term_string}"},"query-input":{"@type":"PropertyValueSpecification","valueRequired":true,"valueName":"search_term_string"}}],"inLanguage":"fr-FR"},{"@type":"Organization","@id":"https:\/\/samarali.com\/fr\/#organization","name":"Samarali","url":"https:\/\/samarali.com\/fr\/","logo":{"@type":"ImageObject","inLanguage":"fr-FR","@id":"https:\/\/samarali.com\/fr\/#\/schema\/logo\/image\/","url":"https:\/\/samarali.com\/wp-content\/uploads\/2024\/05\/cropped-samarali-icon.png","contentUrl":"https:\/\/samarali.com\/wp-content\/uploads\/2024\/05\/cropped-samarali-icon.png","width":512,"height":512,"caption":"Samarali"},"image":{"@id":"https:\/\/samarali.com\/fr\/#\/schema\/logo\/image\/"},"sameAs":["https:\/\/www.facebook.com\/samaraliyoga","https:\/\/www.linkedin.com\/company\/69563155\/","https:\/\/www.instagram.com\/samaraliyoga\/","https:\/\/nl.pinterest.com\/Samaraliyoga\/"],"description":"Samarali is a sustainable yoga and lifestyle brand based in the Netherlands","email":"info@samarali.com","legalName":"Samarali B.V.","vatID":"NL859820324B01","numberOfEmployees":{"@type":"QuantitativeValue","minValue":"1","maxValue":"10"}}]},"og_availability":"instock","product_availability":"instock","product_condition":"new"},"jetpack_sharing_enabled":true,"_links":{"self":[{"href":"https:\/\/samarali.com\/fr\/wp-json\/wp\/v2\/product\/28876","targetHints":{"allow":["GET"]}}],"collection":[{"href":"https:\/\/samarali.com\/fr\/wp-json\/wp\/v2\/product"}],"about":[{"href":"https:\/\/samarali.com\/fr\/wp-json\/wp\/v2\/types\/product"}],"replies":[{"embeddable":true,"href":"https:\/\/samarali.com\/fr\/wp-json\/wp\/v2\/comments?post=28876"}],"version-history":[{"count":2,"href":"https:\/\/samarali.com\/fr\/wp-json\/wp\/v2\/product\/28876\/revisions"}],"predecessor-version":[{"id":35236,"href":"https:\/\/samarali.com\/fr\/wp-json\/wp\/v2\/product\/28876\/revisions\/35236"}],"wp:featuredmedia":[{"embeddable":true,"href":"https:\/\/samarali.com\/fr\/wp-json\/wp\/v2\/media\/19378"}],"wp:attachment":[{"href":"https:\/\/samarali.com\/fr\/wp-json\/wp\/v2\/media?parent=28876"}],"wp:term":[{"taxonomy":"product_cat","embeddable":true,"href":"https:\/\/samarali.com\/fr\/wp-json\/wp\/v2\/product_cat?post=28876"},{"taxonomy":"product_tag","embeddable":true,"href":"https:\/\/samarali.com\/fr\/wp-json\/wp\/v2\/product_tag?post=28876"}],"curies":[{"name":"wp","href":"https:\/\/api.w.org\/{rel}","templated":true}]}}