{"id":28851,"date":"2024-08-02T07:47:04","date_gmt":"2024-08-02T07:47:04","guid":{"rendered":"https:\/\/samarali.com\/product\/coussin-de-meditation-en-forme-de-croissant\/"},"modified":"2026-03-22T19:18:33","modified_gmt":"2026-03-22T18:18:33","slug":"coussin-de-meditation-en-forme-de-croissant","status":"publish","type":"product","link":"https:\/\/samarali.com\/fr\/produit\/coussin-de-meditation-en-forme-de-croissant\/","title":{"rendered":"Coussin de m\u00e9ditation en forme de croissant"},"content":{"rendered":"<p>Le coussin de m\u00e9ditation en croissant Samarali est con\u00e7u pour am\u00e9liorer votre pratique en offrant un soutien optimal et un bon alignement de la colonne vert\u00e9brale. D\u2019une hauteur similaire \u00e0 un coussin Zafu, sa forme unique incurv\u00e9e et inclin\u00e9e, avec un soutien suppl\u00e9mentaire pour les cuisses, le rend parfait pour les postures du Lotus ou du Demi-Lotus. Agissant comme une cale, il incline l\u00e9g\u00e8rement votre bassin vers l\u2019avant, aidant ainsi les muscles du dos et des hanches \u00e0 se d\u00e9tendre sans effort. Le bord concave permet \u00e9galement d\u2019accueillir vos pieds si vous souhaitez les garder proches du bassin. De plus, ce coussin est suffisamment polyvalent pour \u00eatre utilis\u00e9 sur une chaise avec une assise inclin\u00e9e, offrant un soutien doux mais ferme pour vous aider \u00e0 rester bien droit.<\/p>\n<p>Fabriqu\u00e9 \u00e0 partir de 100 % de coton biologique, le coussin de m\u00e9ditation en croissant garantit \u00e0 la fois qualit\u00e9 et durabilit\u00e9. La hauteur du coussin est de 14 cm, mais elle peut \u00eatre facilement ajust\u00e9e en ajoutant ou en retirant des cosses de sarrasin, afin d\u2019adapter le niveau de confort et de maintenir une posture correcte pendant vos s\u00e9ances.<\/p>\n<p>Pens\u00e9 pour \u00eatre facilement transportable, le coussin est \u00e9quip\u00e9 d\u2019une poign\u00e9e pratique \u00e0 l\u2019avant, ce qui permet de l\u2019emporter ais\u00e9ment partout avec vous. Pour l\u2019entretien, il suffit de retirer la housse ext\u00e9rieure et de la laver en machine \u00e0 l\u2019eau froide avec des couleurs similaires.<\/p>\n","protected":false},"excerpt":{"rendered":"<p>Am\u00e9liorez votre m\u00e9ditation avec le coussin croissant Samarali, con\u00e7u pour un soutien et un alignement optimal de la colonne vert\u00e9brale. Fabriqu\u00e9 en 100 % coton biologique, son rembourrage ajustable en cosses de sarrasin assure confort et stabilit\u00e9.<\/p>\n","protected":false},"featured_media":19571,"comment_status":"open","ping_status":"closed","template":"","meta":{"_acf_changed":false,"_improvement_type_select":"improve_an_existing","_thumb_yes_seoaic":false,"_frame_yes_seoaic":false,"seoaic_generate_description":"","seoaic_improve_instructions_prompt":"","seoaic_rollback_content_improvement":"","seoaic_idea_thumbnail_generator":"","thumbnail_generated":false,"thumbnail_generate_prompt":"","seoaic_article_description":"","inline_featured_image":false},"product_cat":[272,271],"product_tag":[],"class_list":{"0":"post-28851","1":"product","2":"type-product","3":"status-publish","4":"has-post-thumbnail","6":"product_cat-coussins-de-meditation","7":"product_cat-meditation-fr","9":"first","10":"instock","11":"shipping-taxable","12":"purchasable","13":"product-type-variable"},"acf":[],"yoast_head":"<!-- This site is optimized with the Yoast SEO Premium plugin v27.3 (Yoast SEO v27.3) - https:\/\/yoast.com\/product\/yoast-seo-premium-wordpress\/ -->\n<title>Coussin de m\u00e9ditation en forme de croissant - Samarali<\/title>\n<meta name=\"description\" content=\"Coussin de m\u00e9ditation en forme de croissant, con\u00e7u pour un soutien et un alignement optimaux. Fabriqu\u00e9 en coton 100% biologique, son rembourrage r\u00e9glable en sarrasin assure le confort.\" \/>\n<meta name=\"robots\" content=\"index, follow, max-snippet:-1, max-image-preview:large, max-video-preview:-1\" \/>\n<link rel=\"canonical\" href=\"https:\/\/samarali.com\/fr\/produit\/coussin-de-meditation-en-forme-de-croissant\/\" \/>\n<meta property=\"og:locale\" content=\"fr_FR\" \/>\n<meta property=\"og:type\" content=\"article\" \/>\n<meta property=\"og:title\" content=\"Coussin de m\u00e9ditation en forme de croissant - Samarali\" \/>\n<meta property=\"og:description\" content=\"Coussin de m\u00e9ditation en forme de croissant, con\u00e7u pour un soutien et un alignement optimaux. Fabriqu\u00e9 en coton 100% biologique, son rembourrage r\u00e9glable en sarrasin assure le confort.\" \/>\n<meta property=\"og:url\" content=\"https:\/\/samarali.com\/fr\/produit\/coussin-de-meditation-en-forme-de-croissant\/\" \/>\n<meta property=\"og:site_name\" content=\"Samarali\" \/>\n<meta property=\"article:publisher\" content=\"https:\/\/www.facebook.com\/samaraliyoga\" \/>\n<meta property=\"article:modified_time\" content=\"2026-03-22T18:18:33+00:00\" \/>\n<meta property=\"og:image\" content=\"https:\/\/samarali.com\/wp-content\/uploads\/2024\/08\/cushion-crescent_blue4.jpg\" \/>\n\t<meta property=\"og:image:width\" content=\"1000\" \/>\n\t<meta property=\"og:image:height\" content=\"1000\" \/>\n\t<meta property=\"og:image:type\" content=\"image\/jpeg\" \/>\n<meta name=\"twitter:card\" content=\"summary_large_image\" \/>\n<meta name=\"twitter:label1\" content=\"Disponibilit\u00e9\" \/>\n\t<meta name=\"twitter:data1\" content=\"En stock\" \/>\n<script type=\"application\/ld+json\" class=\"yoast-schema-graph\">{\"@context\":\"https:\\\/\\\/schema.org\",\"@graph\":[{\"@type\":\"WebPage\",\"@id\":\"https:\\\/\\\/samarali.com\\\/fr\\\/produit\\\/coussin-de-meditation-en-forme-de-croissant\\\/\",\"url\":\"https:\\\/\\\/samarali.com\\\/fr\\\/produit\\\/coussin-de-meditation-en-forme-de-croissant\\\/\",\"name\":\"Coussin de m\u00e9ditation en forme de croissant - Samarali\",\"isPartOf\":{\"@id\":\"https:\\\/\\\/samarali.com\\\/fr\\\/#website\"},\"primaryImageOfPage\":{\"@id\":\"https:\\\/\\\/samarali.com\\\/fr\\\/produit\\\/coussin-de-meditation-en-forme-de-croissant\\\/#primaryimage\"},\"image\":{\"@id\":\"https:\\\/\\\/samarali.com\\\/fr\\\/produit\\\/coussin-de-meditation-en-forme-de-croissant\\\/#primaryimage\"},\"thumbnailUrl\":\"https:\\\/\\\/samarali.com\\\/wp-content\\\/uploads\\\/2024\\\/08\\\/cushion-crescent_blue4.jpg\",\"datePublished\":\"2024-08-02T07:47:04+00:00\",\"dateModified\":\"2026-03-22T18:18:33+00:00\",\"description\":\"Coussin de m\u00e9ditation en forme de croissant, con\u00e7u pour un soutien et un alignement optimaux. Fabriqu\u00e9 en coton 100% biologique, son rembourrage r\u00e9glable en sarrasin assure le confort.\",\"breadcrumb\":{\"@id\":\"https:\\\/\\\/samarali.com\\\/fr\\\/produit\\\/coussin-de-meditation-en-forme-de-croissant\\\/#breadcrumb\"},\"inLanguage\":\"fr-FR\",\"potentialAction\":[{\"@type\":\"ReadAction\",\"target\":[\"https:\\\/\\\/samarali.com\\\/fr\\\/produit\\\/coussin-de-meditation-en-forme-de-croissant\\\/\"]}]},{\"@type\":\"ImageObject\",\"inLanguage\":\"fr-FR\",\"@id\":\"https:\\\/\\\/samarali.com\\\/fr\\\/produit\\\/coussin-de-meditation-en-forme-de-croissant\\\/#primaryimage\",\"url\":\"https:\\\/\\\/samarali.com\\\/wp-content\\\/uploads\\\/2024\\\/08\\\/cushion-crescent_blue4.jpg\",\"contentUrl\":\"https:\\\/\\\/samarali.com\\\/wp-content\\\/uploads\\\/2024\\\/08\\\/cushion-crescent_blue4.jpg\",\"width\":1000,\"height\":1000,\"caption\":\"coussin croissant bleu4\"},{\"@type\":\"BreadcrumbList\",\"@id\":\"https:\\\/\\\/samarali.com\\\/fr\\\/produit\\\/coussin-de-meditation-en-forme-de-croissant\\\/#breadcrumb\",\"itemListElement\":[{\"@type\":\"ListItem\",\"position\":1,\"name\":\"Accueil\",\"item\":\"https:\\\/\\\/samarali.com\\\/fr\\\/accueil\\\/\"},{\"@type\":\"ListItem\",\"position\":2,\"name\":\"Boutique\",\"item\":\"https:\\\/\\\/samarali.com\\\/fr\\\/boutique\\\/\"},{\"@type\":\"ListItem\",\"position\":3,\"name\":\"Coussin de m\u00e9ditation en forme de croissant\"}]},{\"@type\":\"WebSite\",\"@id\":\"https:\\\/\\\/samarali.com\\\/fr\\\/#website\",\"url\":\"https:\\\/\\\/samarali.com\\\/fr\\\/\",\"name\":\"Samarali\",\"description\":\"Samarali est une marque de yoga et de style de vie durable bas\u00e9e aux Pays-Bas.\",\"publisher\":{\"@id\":\"https:\\\/\\\/samarali.com\\\/fr\\\/#organization\"},\"potentialAction\":[{\"@type\":\"SearchAction\",\"target\":{\"@type\":\"EntryPoint\",\"urlTemplate\":\"https:\\\/\\\/samarali.com\\\/fr\\\/?s={search_term_string}\"},\"query-input\":{\"@type\":\"PropertyValueSpecification\",\"valueRequired\":true,\"valueName\":\"search_term_string\"}}],\"inLanguage\":\"fr-FR\"},{\"@type\":\"Organization\",\"@id\":\"https:\\\/\\\/samarali.com\\\/fr\\\/#organization\",\"name\":\"Samarali\",\"url\":\"https:\\\/\\\/samarali.com\\\/fr\\\/\",\"logo\":{\"@type\":\"ImageObject\",\"inLanguage\":\"fr-FR\",\"@id\":\"https:\\\/\\\/samarali.com\\\/fr\\\/#\\\/schema\\\/logo\\\/image\\\/\",\"url\":\"https:\\\/\\\/samarali.com\\\/wp-content\\\/uploads\\\/2024\\\/05\\\/cropped-samarali-icon.png\",\"contentUrl\":\"https:\\\/\\\/samarali.com\\\/wp-content\\\/uploads\\\/2024\\\/05\\\/cropped-samarali-icon.png\",\"width\":512,\"height\":512,\"caption\":\"Samarali\"},\"image\":{\"@id\":\"https:\\\/\\\/samarali.com\\\/fr\\\/#\\\/schema\\\/logo\\\/image\\\/\"},\"sameAs\":[\"https:\\\/\\\/www.facebook.com\\\/samaraliyoga\",\"https:\\\/\\\/www.linkedin.com\\\/company\\\/69563155\\\/\",\"https:\\\/\\\/www.instagram.com\\\/samaraliyoga\\\/\",\"https:\\\/\\\/nl.pinterest.com\\\/Samaraliyoga\\\/\"],\"description\":\"Samarali is a sustainable yoga and lifestyle brand based in the Netherlands\",\"email\":\"info@samarali.com\",\"legalName\":\"Samarali B.V.\",\"vatID\":\"NL859820324B01\",\"numberOfEmployees\":{\"@type\":\"QuantitativeValue\",\"minValue\":\"1\",\"maxValue\":\"10\"}}]}<\/script>\n<meta property=\"og:availability\" content=\"instock\" \/>\n<meta property=\"product:availability\" content=\"instock\" \/>\n<meta property=\"product:condition\" content=\"new\" \/>\n<!-- \/ Yoast SEO Premium plugin. -->","yoast_head_json":{"title":"Coussin de m\u00e9ditation en forme de croissant - Samarali","description":"Coussin de m\u00e9ditation en forme de croissant, con\u00e7u pour un soutien et un alignement optimaux. Fabriqu\u00e9 en coton 100% biologique, son rembourrage r\u00e9glable en sarrasin assure le confort.","robots":{"index":"index","follow":"follow","max-snippet":"max-snippet:-1","max-image-preview":"max-image-preview:large","max-video-preview":"max-video-preview:-1"},"canonical":"https:\/\/samarali.com\/fr\/produit\/coussin-de-meditation-en-forme-de-croissant\/","og_locale":"fr_FR","og_type":"article","og_title":"Coussin de m\u00e9ditation en forme de croissant - Samarali","og_description":"Coussin de m\u00e9ditation en forme de croissant, con\u00e7u pour un soutien et un alignement optimaux. Fabriqu\u00e9 en coton 100% biologique, son rembourrage r\u00e9glable en sarrasin assure le confort.","og_url":"https:\/\/samarali.com\/fr\/produit\/coussin-de-meditation-en-forme-de-croissant\/","og_site_name":"Samarali","article_publisher":"https:\/\/www.facebook.com\/samaraliyoga","article_modified_time":"2026-03-22T18:18:33+00:00","og_image":[{"width":1000,"height":1000,"url":"https:\/\/samarali.com\/wp-content\/uploads\/2024\/08\/cushion-crescent_blue4.jpg","type":"image\/jpeg"}],"twitter_card":"summary_large_image","twitter_misc":{"Disponibilit\u00e9":"En stock"},"schema":{"@context":"https:\/\/schema.org","@graph":[{"@type":"WebPage","@id":"https:\/\/samarali.com\/fr\/produit\/coussin-de-meditation-en-forme-de-croissant\/","url":"https:\/\/samarali.com\/fr\/produit\/coussin-de-meditation-en-forme-de-croissant\/","name":"Coussin de m\u00e9ditation en forme de croissant - Samarali","isPartOf":{"@id":"https:\/\/samarali.com\/fr\/#website"},"primaryImageOfPage":{"@id":"https:\/\/samarali.com\/fr\/produit\/coussin-de-meditation-en-forme-de-croissant\/#primaryimage"},"image":{"@id":"https:\/\/samarali.com\/fr\/produit\/coussin-de-meditation-en-forme-de-croissant\/#primaryimage"},"thumbnailUrl":"https:\/\/samarali.com\/wp-content\/uploads\/2024\/08\/cushion-crescent_blue4.jpg","datePublished":"2024-08-02T07:47:04+00:00","dateModified":"2026-03-22T18:18:33+00:00","description":"Coussin de m\u00e9ditation en forme de croissant, con\u00e7u pour un soutien et un alignement optimaux. Fabriqu\u00e9 en coton 100% biologique, son rembourrage r\u00e9glable en sarrasin assure le confort.","breadcrumb":{"@id":"https:\/\/samarali.com\/fr\/produit\/coussin-de-meditation-en-forme-de-croissant\/#breadcrumb"},"inLanguage":"fr-FR","potentialAction":[{"@type":"ReadAction","target":["https:\/\/samarali.com\/fr\/produit\/coussin-de-meditation-en-forme-de-croissant\/"]}]},{"@type":"ImageObject","inLanguage":"fr-FR","@id":"https:\/\/samarali.com\/fr\/produit\/coussin-de-meditation-en-forme-de-croissant\/#primaryimage","url":"https:\/\/samarali.com\/wp-content\/uploads\/2024\/08\/cushion-crescent_blue4.jpg","contentUrl":"https:\/\/samarali.com\/wp-content\/uploads\/2024\/08\/cushion-crescent_blue4.jpg","width":1000,"height":1000,"caption":"coussin croissant bleu4"},{"@type":"BreadcrumbList","@id":"https:\/\/samarali.com\/fr\/produit\/coussin-de-meditation-en-forme-de-croissant\/#breadcrumb","itemListElement":[{"@type":"ListItem","position":1,"name":"Accueil","item":"https:\/\/samarali.com\/fr\/accueil\/"},{"@type":"ListItem","position":2,"name":"Boutique","item":"https:\/\/samarali.com\/fr\/boutique\/"},{"@type":"ListItem","position":3,"name":"Coussin de m\u00e9ditation en forme de croissant"}]},{"@type":"WebSite","@id":"https:\/\/samarali.com\/fr\/#website","url":"https:\/\/samarali.com\/fr\/","name":"Samarali","description":"Samarali est une marque de yoga et de style de vie durable bas\u00e9e aux Pays-Bas.","publisher":{"@id":"https:\/\/samarali.com\/fr\/#organization"},"potentialAction":[{"@type":"SearchAction","target":{"@type":"EntryPoint","urlTemplate":"https:\/\/samarali.com\/fr\/?s={search_term_string}"},"query-input":{"@type":"PropertyValueSpecification","valueRequired":true,"valueName":"search_term_string"}}],"inLanguage":"fr-FR"},{"@type":"Organization","@id":"https:\/\/samarali.com\/fr\/#organization","name":"Samarali","url":"https:\/\/samarali.com\/fr\/","logo":{"@type":"ImageObject","inLanguage":"fr-FR","@id":"https:\/\/samarali.com\/fr\/#\/schema\/logo\/image\/","url":"https:\/\/samarali.com\/wp-content\/uploads\/2024\/05\/cropped-samarali-icon.png","contentUrl":"https:\/\/samarali.com\/wp-content\/uploads\/2024\/05\/cropped-samarali-icon.png","width":512,"height":512,"caption":"Samarali"},"image":{"@id":"https:\/\/samarali.com\/fr\/#\/schema\/logo\/image\/"},"sameAs":["https:\/\/www.facebook.com\/samaraliyoga","https:\/\/www.linkedin.com\/company\/69563155\/","https:\/\/www.instagram.com\/samaraliyoga\/","https:\/\/nl.pinterest.com\/Samaraliyoga\/"],"description":"Samarali is a sustainable yoga and lifestyle brand based in the Netherlands","email":"info@samarali.com","legalName":"Samarali B.V.","vatID":"NL859820324B01","numberOfEmployees":{"@type":"QuantitativeValue","minValue":"1","maxValue":"10"}}]},"og_availability":"instock","product_availability":"instock","product_condition":"new"},"jetpack_sharing_enabled":true,"_links":{"self":[{"href":"https:\/\/samarali.com\/fr\/wp-json\/wp\/v2\/product\/28851","targetHints":{"allow":["GET"]}}],"collection":[{"href":"https:\/\/samarali.com\/fr\/wp-json\/wp\/v2\/product"}],"about":[{"href":"https:\/\/samarali.com\/fr\/wp-json\/wp\/v2\/types\/product"}],"replies":[{"embeddable":true,"href":"https:\/\/samarali.com\/fr\/wp-json\/wp\/v2\/comments?post=28851"}],"version-history":[{"count":2,"href":"https:\/\/samarali.com\/fr\/wp-json\/wp\/v2\/product\/28851\/revisions"}],"predecessor-version":[{"id":35227,"href":"https:\/\/samarali.com\/fr\/wp-json\/wp\/v2\/product\/28851\/revisions\/35227"}],"wp:featuredmedia":[{"embeddable":true,"href":"https:\/\/samarali.com\/fr\/wp-json\/wp\/v2\/media\/19571"}],"wp:attachment":[{"href":"https:\/\/samarali.com\/fr\/wp-json\/wp\/v2\/media?parent=28851"}],"wp:term":[{"taxonomy":"product_cat","embeddable":true,"href":"https:\/\/samarali.com\/fr\/wp-json\/wp\/v2\/product_cat?post=28851"},{"taxonomy":"product_tag","embeddable":true,"href":"https:\/\/samarali.com\/fr\/wp-json\/wp\/v2\/product_tag?post=28851"}],"curies":[{"name":"wp","href":"https:\/\/api.w.org\/{rel}","templated":true}]}}