{"id":28757,"date":"2024-08-02T05:58:00","date_gmt":"2024-08-02T05:58:00","guid":{"rendered":"https:\/\/samarali.com\/product\/couverture-de-yoga-en-coton-biologique\/"},"modified":"2025-10-04T10:01:51","modified_gmt":"2025-10-04T08:01:51","slug":"couverture-de-yoga-en-coton-biologique","status":"publish","type":"product","link":"https:\/\/samarali.com\/fr\/produit\/couverture-de-yoga-en-coton-biologique\/","title":{"rendered":"Couverture de yoga en coton biologique"},"content":{"rendered":"<p>Am\u00e9liorez votre pratique du yoga avec notre couverture de yoga tiss\u00e9e \u00e0 la main, fabriqu\u00e9e \u00e0 partir de coton 100 % biologique. Cette couverture est con\u00e7ue pour am\u00e9liorer le confort de vos s\u00e9ances de yoga tout en ajoutant de la polyvalence \u00e0 votre pratique. Qu&rsquo;elle soit utilis\u00e9e pour soutenir les diff\u00e9rentes positions, comme coussin pour la m\u00e9ditation ou comme enveloppe douillette pour la relaxation, cette couverture est l&rsquo;accessoire parfait pour compl\u00e9ter votre routine de yoga. Ces couvertures sont simples, chaudes et incroyablement douces pour la peau, offrant le confort ultime pendant vos s\u00e9ances de yoga.<\/p>\n<p>Ces couvertures ne sont pas r\u00e9serv\u00e9es au yoga ! Leur taille g\u00e9n\u00e9reuse les rend id\u00e9ales pour diverses utilisations, du soutien de vos articulations et de votre colonne vert\u00e9brale \u00e0 l&rsquo;am\u00e9lioration de l&rsquo;alignement et \u00e0 la r\u00e9duction du risque de blessure lors de poses difficiles. La douceur du coton biologique permet de tenir plus facilement les poses pendant de longues p\u00e9riodes, ce qui rend votre pratique plus pratique. Les utilisations les plus courantes sont l&rsquo;amortissement sous les genoux ou les hanches, l&rsquo;enroulement autour de votre corps pendant la relaxation, ou l&rsquo;utilisation comme support pour les postures assises. Ces couvertures sont con\u00e7ues pour vous aider \u00e0 obtenir un alignement correct, vous permettant ainsi de vous concentrer sur l&rsquo;approfondissement de votre pratique.<\/p>\n<p>Pour un entretien facile, il suffit de laver votre couverture sur le r\u00e9glage d\u00e9licat de votre machine \u00e0 laver, \u00e0 une temp\u00e9rature maximale de 30 degr\u00e9s Celsius. Nous vous recommandons de le laver avant la premi\u00e8re utilisation pour garantir un maximum de douceur et de propret\u00e9.<\/p>\n","protected":false},"excerpt":{"rendered":"<p>Am\u00e9liorez votre pratique du yoga avec notre couverture tiss\u00e9e \u00e0 la main en coton 100 % biologique. Souple et polyvalent, il offre confort et soutien pour les poses, la m\u00e9ditation et la relaxation. Lavable en machine pour un entretien facile.<\/p>\n","protected":false},"featured_media":33927,"comment_status":"open","ping_status":"closed","template":"","meta":{"_acf_changed":false,"_improvement_type_select":"improve_an_existing","_thumb_yes_seoaic":false,"_frame_yes_seoaic":false,"seoaic_generate_description":"","seoaic_improve_instructions_prompt":"","seoaic_rollback_content_improvement":"","seoaic_idea_thumbnail_generator":"","thumbnail_generated":false,"thumbnail_generate_prompt":"","seoaic_article_description":"","inline_featured_image":false},"product_cat":[350,349,377,325],"product_tag":[],"class_list":{"0":"post-28757","1":"product","2":"type-product","3":"status-publish","4":"has-post-thumbnail","6":"product_cat-accessoires","7":"product_cat-yoga-accessoires","8":"product_cat-couvertures","9":"product_cat-yoga-fr","11":"first","12":"instock","13":"shipping-taxable","14":"purchasable","15":"product-type-variable"},"acf":[],"yoast_head":"<!-- This site is optimized with the Yoast SEO Premium plugin v27.3 (Yoast SEO v27.3) - https:\/\/yoast.com\/product\/yoast-seo-premium-wordpress\/ -->\n<title>Couverture de yoga en coton biologique - Samarali<\/title>\n<meta name=\"description\" content=\"Couverture de yoga en coton biologique. Souple et polyvalent, il offre confort et soutien pour les poses, la m\u00e9ditation et la relaxation. Lavable en machine pour un entretien facile.\" \/>\n<meta name=\"robots\" content=\"index, follow, max-snippet:-1, max-image-preview:large, max-video-preview:-1\" \/>\n<link rel=\"canonical\" href=\"https:\/\/samarali.com\/fr\/produit\/couverture-de-yoga-en-coton-biologique\/\" \/>\n<meta property=\"og:locale\" content=\"fr_FR\" \/>\n<meta property=\"og:type\" content=\"article\" \/>\n<meta property=\"og:title\" content=\"Couverture de yoga en coton biologique - Samarali\" \/>\n<meta property=\"og:description\" content=\"Couverture de yoga en coton biologique. Souple et polyvalent, il offre confort et soutien pour les poses, la m\u00e9ditation et la relaxation. Lavable en machine pour un entretien facile.\" \/>\n<meta property=\"og:url\" content=\"https:\/\/samarali.com\/fr\/produit\/couverture-de-yoga-en-coton-biologique\/\" \/>\n<meta property=\"og:site_name\" content=\"Samarali\" \/>\n<meta property=\"article:publisher\" content=\"https:\/\/www.facebook.com\/samaraliyoga\" \/>\n<meta property=\"article:modified_time\" content=\"2025-10-04T08:01:51+00:00\" \/>\n<meta property=\"og:image\" content=\"https:\/\/samarali.com\/wp-content\/uploads\/2024\/08\/Handwoven-cotton-blankets-1.jpg\" \/>\n\t<meta property=\"og:image:width\" content=\"1000\" \/>\n\t<meta property=\"og:image:height\" content=\"1000\" \/>\n\t<meta property=\"og:image:type\" content=\"image\/jpeg\" \/>\n<meta name=\"twitter:card\" content=\"summary_large_image\" \/>\n<meta name=\"twitter:label1\" content=\"Disponibilit\u00e9\" \/>\n\t<meta name=\"twitter:data1\" content=\"En stock\" \/>\n<script type=\"application\/ld+json\" class=\"yoast-schema-graph\">{\"@context\":\"https:\\\/\\\/schema.org\",\"@graph\":[{\"@type\":\"WebPage\",\"@id\":\"https:\\\/\\\/samarali.com\\\/fr\\\/produit\\\/couverture-de-yoga-en-coton-biologique\\\/\",\"url\":\"https:\\\/\\\/samarali.com\\\/fr\\\/produit\\\/couverture-de-yoga-en-coton-biologique\\\/\",\"name\":\"Couverture de yoga en coton biologique - Samarali\",\"isPartOf\":{\"@id\":\"https:\\\/\\\/samarali.com\\\/fr\\\/#website\"},\"primaryImageOfPage\":{\"@id\":\"https:\\\/\\\/samarali.com\\\/fr\\\/produit\\\/couverture-de-yoga-en-coton-biologique\\\/#primaryimage\"},\"image\":{\"@id\":\"https:\\\/\\\/samarali.com\\\/fr\\\/produit\\\/couverture-de-yoga-en-coton-biologique\\\/#primaryimage\"},\"thumbnailUrl\":\"https:\\\/\\\/samarali.com\\\/wp-content\\\/uploads\\\/2025\\\/10\\\/Handwoven-blanket-mix-of-differnet-blanket-colors-2.jpg\",\"datePublished\":\"2024-08-02T05:58:00+00:00\",\"dateModified\":\"2025-10-04T08:01:51+00:00\",\"description\":\"Couverture de yoga en coton biologique. Souple et polyvalent, il offre confort et soutien pour les poses, la m\u00e9ditation et la relaxation. Lavable en machine pour un entretien facile.\",\"breadcrumb\":{\"@id\":\"https:\\\/\\\/samarali.com\\\/fr\\\/produit\\\/couverture-de-yoga-en-coton-biologique\\\/#breadcrumb\"},\"inLanguage\":\"fr-FR\",\"potentialAction\":[{\"@type\":\"ReadAction\",\"target\":[\"https:\\\/\\\/samarali.com\\\/fr\\\/produit\\\/couverture-de-yoga-en-coton-biologique\\\/\"]}]},{\"@type\":\"ImageObject\",\"inLanguage\":\"fr-FR\",\"@id\":\"https:\\\/\\\/samarali.com\\\/fr\\\/produit\\\/couverture-de-yoga-en-coton-biologique\\\/#primaryimage\",\"url\":\"https:\\\/\\\/samarali.com\\\/wp-content\\\/uploads\\\/2025\\\/10\\\/Handwoven-blanket-mix-of-differnet-blanket-colors-2.jpg\",\"contentUrl\":\"https:\\\/\\\/samarali.com\\\/wp-content\\\/uploads\\\/2025\\\/10\\\/Handwoven-blanket-mix-of-differnet-blanket-colors-2.jpg\",\"width\":1000,\"height\":1000,\"caption\":\"Handwoven blanket mix of differnet blanket colors 2\"},{\"@type\":\"BreadcrumbList\",\"@id\":\"https:\\\/\\\/samarali.com\\\/fr\\\/produit\\\/couverture-de-yoga-en-coton-biologique\\\/#breadcrumb\",\"itemListElement\":[{\"@type\":\"ListItem\",\"position\":1,\"name\":\"Accueil\",\"item\":\"https:\\\/\\\/samarali.com\\\/fr\\\/accueil\\\/\"},{\"@type\":\"ListItem\",\"position\":2,\"name\":\"Boutique\",\"item\":\"https:\\\/\\\/samarali.com\\\/fr\\\/boutique\\\/\"},{\"@type\":\"ListItem\",\"position\":3,\"name\":\"Couverture de yoga en coton biologique\"}]},{\"@type\":\"WebSite\",\"@id\":\"https:\\\/\\\/samarali.com\\\/fr\\\/#website\",\"url\":\"https:\\\/\\\/samarali.com\\\/fr\\\/\",\"name\":\"Samarali\",\"description\":\"Samarali est une marque de yoga et de style de vie durable bas\u00e9e aux Pays-Bas.\",\"publisher\":{\"@id\":\"https:\\\/\\\/samarali.com\\\/fr\\\/#organization\"},\"potentialAction\":[{\"@type\":\"SearchAction\",\"target\":{\"@type\":\"EntryPoint\",\"urlTemplate\":\"https:\\\/\\\/samarali.com\\\/fr\\\/?s={search_term_string}\"},\"query-input\":{\"@type\":\"PropertyValueSpecification\",\"valueRequired\":true,\"valueName\":\"search_term_string\"}}],\"inLanguage\":\"fr-FR\"},{\"@type\":\"Organization\",\"@id\":\"https:\\\/\\\/samarali.com\\\/fr\\\/#organization\",\"name\":\"Samarali\",\"url\":\"https:\\\/\\\/samarali.com\\\/fr\\\/\",\"logo\":{\"@type\":\"ImageObject\",\"inLanguage\":\"fr-FR\",\"@id\":\"https:\\\/\\\/samarali.com\\\/fr\\\/#\\\/schema\\\/logo\\\/image\\\/\",\"url\":\"https:\\\/\\\/samarali.com\\\/wp-content\\\/uploads\\\/2024\\\/05\\\/cropped-samarali-icon.png\",\"contentUrl\":\"https:\\\/\\\/samarali.com\\\/wp-content\\\/uploads\\\/2024\\\/05\\\/cropped-samarali-icon.png\",\"width\":512,\"height\":512,\"caption\":\"Samarali\"},\"image\":{\"@id\":\"https:\\\/\\\/samarali.com\\\/fr\\\/#\\\/schema\\\/logo\\\/image\\\/\"},\"sameAs\":[\"https:\\\/\\\/www.facebook.com\\\/samaraliyoga\",\"https:\\\/\\\/www.linkedin.com\\\/company\\\/69563155\\\/\",\"https:\\\/\\\/www.instagram.com\\\/samaraliyoga\\\/\",\"https:\\\/\\\/nl.pinterest.com\\\/Samaraliyoga\\\/\"],\"description\":\"Samarali is a sustainable yoga and lifestyle brand based in the Netherlands\",\"email\":\"info@samarali.com\",\"legalName\":\"Samarali B.V.\",\"vatID\":\"NL859820324B01\",\"numberOfEmployees\":{\"@type\":\"QuantitativeValue\",\"minValue\":\"1\",\"maxValue\":\"10\"}}]}<\/script>\n<meta property=\"og:availability\" content=\"instock\" \/>\n<meta property=\"product:availability\" content=\"instock\" \/>\n<meta property=\"product:condition\" content=\"new\" \/>\n<!-- \/ Yoast SEO Premium plugin. -->","yoast_head_json":{"title":"Couverture de yoga en coton biologique - Samarali","description":"Couverture de yoga en coton biologique. Souple et polyvalent, il offre confort et soutien pour les poses, la m\u00e9ditation et la relaxation. Lavable en machine pour un entretien facile.","robots":{"index":"index","follow":"follow","max-snippet":"max-snippet:-1","max-image-preview":"max-image-preview:large","max-video-preview":"max-video-preview:-1"},"canonical":"https:\/\/samarali.com\/fr\/produit\/couverture-de-yoga-en-coton-biologique\/","og_locale":"fr_FR","og_type":"article","og_title":"Couverture de yoga en coton biologique - Samarali","og_description":"Couverture de yoga en coton biologique. Souple et polyvalent, il offre confort et soutien pour les poses, la m\u00e9ditation et la relaxation. Lavable en machine pour un entretien facile.","og_url":"https:\/\/samarali.com\/fr\/produit\/couverture-de-yoga-en-coton-biologique\/","og_site_name":"Samarali","article_publisher":"https:\/\/www.facebook.com\/samaraliyoga","article_modified_time":"2025-10-04T08:01:51+00:00","og_image":[{"width":1000,"height":1000,"url":"https:\/\/samarali.com\/wp-content\/uploads\/2024\/08\/Handwoven-cotton-blankets-1.jpg","type":"image\/jpeg"}],"twitter_card":"summary_large_image","twitter_misc":{"Disponibilit\u00e9":"En stock"},"schema":{"@context":"https:\/\/schema.org","@graph":[{"@type":"WebPage","@id":"https:\/\/samarali.com\/fr\/produit\/couverture-de-yoga-en-coton-biologique\/","url":"https:\/\/samarali.com\/fr\/produit\/couverture-de-yoga-en-coton-biologique\/","name":"Couverture de yoga en coton biologique - Samarali","isPartOf":{"@id":"https:\/\/samarali.com\/fr\/#website"},"primaryImageOfPage":{"@id":"https:\/\/samarali.com\/fr\/produit\/couverture-de-yoga-en-coton-biologique\/#primaryimage"},"image":{"@id":"https:\/\/samarali.com\/fr\/produit\/couverture-de-yoga-en-coton-biologique\/#primaryimage"},"thumbnailUrl":"https:\/\/samarali.com\/wp-content\/uploads\/2025\/10\/Handwoven-blanket-mix-of-differnet-blanket-colors-2.jpg","datePublished":"2024-08-02T05:58:00+00:00","dateModified":"2025-10-04T08:01:51+00:00","description":"Couverture de yoga en coton biologique. Souple et polyvalent, il offre confort et soutien pour les poses, la m\u00e9ditation et la relaxation. Lavable en machine pour un entretien facile.","breadcrumb":{"@id":"https:\/\/samarali.com\/fr\/produit\/couverture-de-yoga-en-coton-biologique\/#breadcrumb"},"inLanguage":"fr-FR","potentialAction":[{"@type":"ReadAction","target":["https:\/\/samarali.com\/fr\/produit\/couverture-de-yoga-en-coton-biologique\/"]}]},{"@type":"ImageObject","inLanguage":"fr-FR","@id":"https:\/\/samarali.com\/fr\/produit\/couverture-de-yoga-en-coton-biologique\/#primaryimage","url":"https:\/\/samarali.com\/wp-content\/uploads\/2025\/10\/Handwoven-blanket-mix-of-differnet-blanket-colors-2.jpg","contentUrl":"https:\/\/samarali.com\/wp-content\/uploads\/2025\/10\/Handwoven-blanket-mix-of-differnet-blanket-colors-2.jpg","width":1000,"height":1000,"caption":"Handwoven blanket mix of differnet blanket colors 2"},{"@type":"BreadcrumbList","@id":"https:\/\/samarali.com\/fr\/produit\/couverture-de-yoga-en-coton-biologique\/#breadcrumb","itemListElement":[{"@type":"ListItem","position":1,"name":"Accueil","item":"https:\/\/samarali.com\/fr\/accueil\/"},{"@type":"ListItem","position":2,"name":"Boutique","item":"https:\/\/samarali.com\/fr\/boutique\/"},{"@type":"ListItem","position":3,"name":"Couverture de yoga en coton biologique"}]},{"@type":"WebSite","@id":"https:\/\/samarali.com\/fr\/#website","url":"https:\/\/samarali.com\/fr\/","name":"Samarali","description":"Samarali est une marque de yoga et de style de vie durable bas\u00e9e aux Pays-Bas.","publisher":{"@id":"https:\/\/samarali.com\/fr\/#organization"},"potentialAction":[{"@type":"SearchAction","target":{"@type":"EntryPoint","urlTemplate":"https:\/\/samarali.com\/fr\/?s={search_term_string}"},"query-input":{"@type":"PropertyValueSpecification","valueRequired":true,"valueName":"search_term_string"}}],"inLanguage":"fr-FR"},{"@type":"Organization","@id":"https:\/\/samarali.com\/fr\/#organization","name":"Samarali","url":"https:\/\/samarali.com\/fr\/","logo":{"@type":"ImageObject","inLanguage":"fr-FR","@id":"https:\/\/samarali.com\/fr\/#\/schema\/logo\/image\/","url":"https:\/\/samarali.com\/wp-content\/uploads\/2024\/05\/cropped-samarali-icon.png","contentUrl":"https:\/\/samarali.com\/wp-content\/uploads\/2024\/05\/cropped-samarali-icon.png","width":512,"height":512,"caption":"Samarali"},"image":{"@id":"https:\/\/samarali.com\/fr\/#\/schema\/logo\/image\/"},"sameAs":["https:\/\/www.facebook.com\/samaraliyoga","https:\/\/www.linkedin.com\/company\/69563155\/","https:\/\/www.instagram.com\/samaraliyoga\/","https:\/\/nl.pinterest.com\/Samaraliyoga\/"],"description":"Samarali is a sustainable yoga and lifestyle brand based in the Netherlands","email":"info@samarali.com","legalName":"Samarali B.V.","vatID":"NL859820324B01","numberOfEmployees":{"@type":"QuantitativeValue","minValue":"1","maxValue":"10"}}]},"og_availability":"instock","product_availability":"instock","product_condition":"new"},"jetpack_sharing_enabled":true,"_links":{"self":[{"href":"https:\/\/samarali.com\/fr\/wp-json\/wp\/v2\/product\/28757","targetHints":{"allow":["GET"]}}],"collection":[{"href":"https:\/\/samarali.com\/fr\/wp-json\/wp\/v2\/product"}],"about":[{"href":"https:\/\/samarali.com\/fr\/wp-json\/wp\/v2\/types\/product"}],"replies":[{"embeddable":true,"href":"https:\/\/samarali.com\/fr\/wp-json\/wp\/v2\/comments?post=28757"}],"version-history":[{"count":2,"href":"https:\/\/samarali.com\/fr\/wp-json\/wp\/v2\/product\/28757\/revisions"}],"predecessor-version":[{"id":33855,"href":"https:\/\/samarali.com\/fr\/wp-json\/wp\/v2\/product\/28757\/revisions\/33855"}],"wp:featuredmedia":[{"embeddable":true,"href":"https:\/\/samarali.com\/fr\/wp-json\/wp\/v2\/media\/33927"}],"wp:attachment":[{"href":"https:\/\/samarali.com\/fr\/wp-json\/wp\/v2\/media?parent=28757"}],"wp:term":[{"taxonomy":"product_cat","embeddable":true,"href":"https:\/\/samarali.com\/fr\/wp-json\/wp\/v2\/product_cat?post=28757"},{"taxonomy":"product_tag","embeddable":true,"href":"https:\/\/samarali.com\/fr\/wp-json\/wp\/v2\/product_tag?post=28757"}],"curies":[{"name":"wp","href":"https:\/\/api.w.org\/{rel}","templated":true}]}}