{"id":28729,"date":"2024-08-01T15:37:02","date_gmt":"2024-08-01T13:37:02","guid":{"rendered":"https:\/\/samarali.com\/product\/boule-de-massage-aux-cacahuetes\/"},"modified":"2024-12-02T00:03:13","modified_gmt":"2024-12-01T23:03:13","slug":"boule-de-massage-aux-cacahuetes","status":"publish","type":"product","link":"https:\/\/samarali.com\/fr\/produit\/boule-de-massage-aux-cacahuetes\/","title":{"rendered":"Boule de massage aux cacahu\u00e8tes"},"content":{"rendered":"<p>Lorsqu&rsquo;il s&rsquo;agit de soulager les tensions et les raideurs musculaires, vous avez besoin de quelque chose de r\u00e9volutionnaire.<br \/>\nNotre balle de massage pour cacahu\u00e8tes est con\u00e7ue non seulement pour soulager la douleur, mais aussi pour am\u00e9liorer la circulation sanguine.<br \/>\nNous pensons que ces caract\u00e9ristiques font une diff\u00e9rence significative dans votre exp\u00e9rience globale !<br \/>\nSa conception unique vous permet d&rsquo;atteindre m\u00eame les muscles les plus difficiles d&rsquo;acc\u00e8s, en ciblant efficacement les zones o\u00f9 vous ressentez des tensions ou des n\u0153uds.<br \/>\nIl est particuli\u00e8rement efficace pour le cou et le dos, des zones qui ont tendance \u00e0 se tendre rapidement.<br \/>\nL&rsquo;utilisation r\u00e9guli\u00e8re de la balle de massage en li\u00e8ge peut \u00e9galement am\u00e9liorer la circulation sanguine et la souplesse musculaire, ce qui en fait un outil id\u00e9al pour ceux qui cherchent \u00e0 am\u00e9liorer leurs performances athl\u00e9tiques.<br \/>\nVous pouvez l&rsquo;utiliser avant ou apr\u00e8s vos s\u00e9ances d&rsquo;entra\u00eenement ; la balle en li\u00e8ge active rapidement les muscles et les r\u00e9chauffe pour les entra\u00eenements les plus intenses, tout en les d\u00e9tendant apr\u00e8s des heures d&rsquo;activit\u00e9 physique.<br \/>\nLa balle de massage Peanut est incroyablement polyvalente : vous pouvez l&rsquo;utiliser assis sur une chaise, allong\u00e9 sur un tapis, sur un lit ou m\u00eame sur le sol, ce qui vous permet de profiter des bienfaits d&rsquo;un massage en profondeur dans n&rsquo;importe quel contexte.<br \/>\nIl est \u00e9galement facile \u00e0 nettoyer, puisqu&rsquo;il suffit de l&rsquo;essuyer avec une serviette humide apr\u00e8s utilisation.<br \/>\nDe plus, sa conception est exempte de toxines, ce qui garantit une utilisation r\u00e9guli\u00e8re en toute s\u00e9curit\u00e9.         <\/p>\n","protected":false},"excerpt":{"rendered":"<p>Lorsqu&rsquo;il s&rsquo;agit de soulager les tensions et les raideurs musculaires, vous avez besoin de quelque chose de r\u00e9volutionnaire. Notre balle de massage pour cacahu\u00e8tes est con\u00e7ue non seulement pour soulager la douleur, mais aussi pour am\u00e9liorer la circulation sanguine. Nous pensons que ces caract\u00e9ristiques font une diff\u00e9rence significative dans votre exp\u00e9rience globale ! Sa conception [&hellip;]<\/p>\n","protected":false},"featured_media":18927,"comment_status":"open","ping_status":"closed","template":"","meta":{"_acf_changed":false,"_improvement_type_select":"improve_an_existing","_thumb_yes_seoaic":false,"_frame_yes_seoaic":false,"seoaic_generate_description":"","seoaic_improve_instructions_prompt":"","seoaic_rollback_content_improvement":"","seoaic_idea_thumbnail_generator":"","thumbnail_generated":false,"thumbnail_generate_prompt":"","seoaic_article_description":"","inline_featured_image":false},"product_cat":[349,350,360,325],"product_tag":[],"class_list":{"0":"post-28729","1":"product","2":"type-product","3":"status-publish","4":"has-post-thumbnail","6":"product_cat-yoga-accessoires","7":"product_cat-accessoires","8":"product_cat-massage-fr","9":"product_cat-yoga-fr","11":"first","12":"onbackorder","13":"sale","14":"shipping-taxable","15":"purchasable","16":"product-type-simple"},"acf":[],"yoast_head":"<!-- This site is optimized with the Yoast SEO Premium plugin v27.3 (Yoast SEO v27.3) - https:\/\/yoast.com\/product\/yoast-seo-premium-wordpress\/ -->\n<title>Boule de massage aux cacahu\u00e8tes - Samarali<\/title>\n<meta name=\"robots\" content=\"index, follow, max-snippet:-1, max-image-preview:large, max-video-preview:-1\" \/>\n<link rel=\"canonical\" href=\"https:\/\/samarali.com\/fr\/produit\/boule-de-massage-aux-cacahuetes\/\" \/>\n<meta property=\"og:locale\" content=\"fr_FR\" \/>\n<meta property=\"og:type\" content=\"article\" \/>\n<meta property=\"og:title\" content=\"Boule de massage aux cacahu\u00e8tes - Samarali\" \/>\n<meta property=\"og:description\" content=\"Lorsqu&rsquo;il s&rsquo;agit de soulager les tensions et les raideurs musculaires, vous avez besoin de quelque chose de r\u00e9volutionnaire. Notre balle de massage pour cacahu\u00e8tes est con\u00e7ue non seulement pour soulager la douleur, mais aussi pour am\u00e9liorer la circulation sanguine. Nous pensons que ces caract\u00e9ristiques font une diff\u00e9rence significative dans votre exp\u00e9rience globale ! Sa conception [&hellip;]\" \/>\n<meta property=\"og:url\" content=\"https:\/\/samarali.com\/fr\/produit\/boule-de-massage-aux-cacahuetes\/\" \/>\n<meta property=\"og:site_name\" content=\"Samarali\" \/>\n<meta property=\"article:publisher\" content=\"https:\/\/www.facebook.com\/samaraliyoga\" \/>\n<meta property=\"article:modified_time\" content=\"2024-12-01T23:03:13+00:00\" \/>\n<meta property=\"og:image\" content=\"https:\/\/samarali.com\/wp-content\/uploads\/2024\/08\/Peanut-massage_01.jpg\" \/>\n\t<meta property=\"og:image:width\" content=\"1000\" \/>\n\t<meta property=\"og:image:height\" content=\"1000\" \/>\n\t<meta property=\"og:image:type\" content=\"image\/jpeg\" \/>\n<meta name=\"twitter:card\" content=\"summary_large_image\" \/>\n<meta name=\"twitter:label1\" content=\"Prix\" \/>\n\t<meta name=\"twitter:data1\" content=\"&euro;&nbsp;11,99\" \/>\n\t<meta name=\"twitter:label2\" content=\"Disponibilit\u00e9\" \/>\n\t<meta name=\"twitter:data2\" content=\"En r\u00e9assort\" \/>\n<script type=\"application\/ld+json\" class=\"yoast-schema-graph\">{\"@context\":\"https:\\\/\\\/schema.org\",\"@graph\":[{\"@type\":\"WebPage\",\"@id\":\"https:\\\/\\\/samarali.com\\\/fr\\\/produit\\\/boule-de-massage-aux-cacahuetes\\\/\",\"url\":\"https:\\\/\\\/samarali.com\\\/fr\\\/produit\\\/boule-de-massage-aux-cacahuetes\\\/\",\"name\":\"Boule de massage aux cacahu\u00e8tes - Samarali\",\"isPartOf\":{\"@id\":\"https:\\\/\\\/samarali.com\\\/fr\\\/#website\"},\"primaryImageOfPage\":{\"@id\":\"https:\\\/\\\/samarali.com\\\/fr\\\/produit\\\/boule-de-massage-aux-cacahuetes\\\/#primaryimage\"},\"image\":{\"@id\":\"https:\\\/\\\/samarali.com\\\/fr\\\/produit\\\/boule-de-massage-aux-cacahuetes\\\/#primaryimage\"},\"thumbnailUrl\":\"https:\\\/\\\/samarali.com\\\/wp-content\\\/uploads\\\/2024\\\/08\\\/Peanut-massage_01.jpg\",\"datePublished\":\"2024-08-01T13:37:02+00:00\",\"dateModified\":\"2024-12-01T23:03:13+00:00\",\"breadcrumb\":{\"@id\":\"https:\\\/\\\/samarali.com\\\/fr\\\/produit\\\/boule-de-massage-aux-cacahuetes\\\/#breadcrumb\"},\"inLanguage\":\"fr-FR\",\"potentialAction\":[{\"@type\":\"ReadAction\",\"target\":[\"https:\\\/\\\/samarali.com\\\/fr\\\/produit\\\/boule-de-massage-aux-cacahuetes\\\/\"]}]},{\"@type\":\"ImageObject\",\"inLanguage\":\"fr-FR\",\"@id\":\"https:\\\/\\\/samarali.com\\\/fr\\\/produit\\\/boule-de-massage-aux-cacahuetes\\\/#primaryimage\",\"url\":\"https:\\\/\\\/samarali.com\\\/wp-content\\\/uploads\\\/2024\\\/08\\\/Peanut-massage_01.jpg\",\"contentUrl\":\"https:\\\/\\\/samarali.com\\\/wp-content\\\/uploads\\\/2024\\\/08\\\/Peanut-massage_01.jpg\",\"width\":1000,\"height\":1000,\"caption\":\"Peanut massage 01\"},{\"@type\":\"BreadcrumbList\",\"@id\":\"https:\\\/\\\/samarali.com\\\/fr\\\/produit\\\/boule-de-massage-aux-cacahuetes\\\/#breadcrumb\",\"itemListElement\":[{\"@type\":\"ListItem\",\"position\":1,\"name\":\"Accueil\",\"item\":\"https:\\\/\\\/samarali.com\\\/fr\\\/accueil\\\/\"},{\"@type\":\"ListItem\",\"position\":2,\"name\":\"Boutique\",\"item\":\"https:\\\/\\\/samarali.com\\\/fr\\\/boutique\\\/\"},{\"@type\":\"ListItem\",\"position\":3,\"name\":\"Boule de massage aux cacahu\u00e8tes\"}]},{\"@type\":\"WebSite\",\"@id\":\"https:\\\/\\\/samarali.com\\\/fr\\\/#website\",\"url\":\"https:\\\/\\\/samarali.com\\\/fr\\\/\",\"name\":\"Samarali\",\"description\":\"Samarali est une marque de yoga et de style de vie durable bas\u00e9e aux Pays-Bas.\",\"publisher\":{\"@id\":\"https:\\\/\\\/samarali.com\\\/fr\\\/#organization\"},\"potentialAction\":[{\"@type\":\"SearchAction\",\"target\":{\"@type\":\"EntryPoint\",\"urlTemplate\":\"https:\\\/\\\/samarali.com\\\/fr\\\/?s={search_term_string}\"},\"query-input\":{\"@type\":\"PropertyValueSpecification\",\"valueRequired\":true,\"valueName\":\"search_term_string\"}}],\"inLanguage\":\"fr-FR\"},{\"@type\":\"Organization\",\"@id\":\"https:\\\/\\\/samarali.com\\\/fr\\\/#organization\",\"name\":\"Samarali\",\"url\":\"https:\\\/\\\/samarali.com\\\/fr\\\/\",\"logo\":{\"@type\":\"ImageObject\",\"inLanguage\":\"fr-FR\",\"@id\":\"https:\\\/\\\/samarali.com\\\/fr\\\/#\\\/schema\\\/logo\\\/image\\\/\",\"url\":\"https:\\\/\\\/samarali.com\\\/wp-content\\\/uploads\\\/2024\\\/05\\\/cropped-samarali-icon.png\",\"contentUrl\":\"https:\\\/\\\/samarali.com\\\/wp-content\\\/uploads\\\/2024\\\/05\\\/cropped-samarali-icon.png\",\"width\":512,\"height\":512,\"caption\":\"Samarali\"},\"image\":{\"@id\":\"https:\\\/\\\/samarali.com\\\/fr\\\/#\\\/schema\\\/logo\\\/image\\\/\"},\"sameAs\":[\"https:\\\/\\\/www.facebook.com\\\/samaraliyoga\",\"https:\\\/\\\/www.linkedin.com\\\/company\\\/69563155\\\/\",\"https:\\\/\\\/www.instagram.com\\\/samaraliyoga\\\/\",\"https:\\\/\\\/nl.pinterest.com\\\/Samaraliyoga\\\/\"],\"description\":\"Samarali is a sustainable yoga and lifestyle brand based in the Netherlands\",\"email\":\"info@samarali.com\",\"legalName\":\"Samarali B.V.\",\"vatID\":\"NL859820324B01\",\"numberOfEmployees\":{\"@type\":\"QuantitativeValue\",\"minValue\":\"1\",\"maxValue\":\"10\"}}]}<\/script>\n<meta property=\"product:price:amount\" content=\"11.99\" \/>\n<meta property=\"product:price:currency\" content=\"EUR\" \/>\n<meta property=\"og:availability\" content=\"backorder\" \/>\n<meta property=\"product:availability\" content=\"available for order\" \/>\n<meta property=\"product:retailer_item_id\" content=\"11702\" \/>\n<meta property=\"product:condition\" content=\"new\" \/>\n<!-- \/ Yoast SEO Premium plugin. -->","yoast_head_json":{"title":"Boule de massage aux cacahu\u00e8tes - Samarali","robots":{"index":"index","follow":"follow","max-snippet":"max-snippet:-1","max-image-preview":"max-image-preview:large","max-video-preview":"max-video-preview:-1"},"canonical":"https:\/\/samarali.com\/fr\/produit\/boule-de-massage-aux-cacahuetes\/","og_locale":"fr_FR","og_type":"article","og_title":"Boule de massage aux cacahu\u00e8tes - Samarali","og_description":"Lorsqu&rsquo;il s&rsquo;agit de soulager les tensions et les raideurs musculaires, vous avez besoin de quelque chose de r\u00e9volutionnaire. Notre balle de massage pour cacahu\u00e8tes est con\u00e7ue non seulement pour soulager la douleur, mais aussi pour am\u00e9liorer la circulation sanguine. Nous pensons que ces caract\u00e9ristiques font une diff\u00e9rence significative dans votre exp\u00e9rience globale ! Sa conception [&hellip;]","og_url":"https:\/\/samarali.com\/fr\/produit\/boule-de-massage-aux-cacahuetes\/","og_site_name":"Samarali","article_publisher":"https:\/\/www.facebook.com\/samaraliyoga","article_modified_time":"2024-12-01T23:03:13+00:00","og_image":[{"width":1000,"height":1000,"url":"https:\/\/samarali.com\/wp-content\/uploads\/2024\/08\/Peanut-massage_01.jpg","type":"image\/jpeg"}],"twitter_card":"summary_large_image","twitter_misc":{"Prix":"&euro;&nbsp;11,99","Disponibilit\u00e9":"En r\u00e9assort"},"schema":{"@context":"https:\/\/schema.org","@graph":[{"@type":"WebPage","@id":"https:\/\/samarali.com\/fr\/produit\/boule-de-massage-aux-cacahuetes\/","url":"https:\/\/samarali.com\/fr\/produit\/boule-de-massage-aux-cacahuetes\/","name":"Boule de massage aux cacahu\u00e8tes - Samarali","isPartOf":{"@id":"https:\/\/samarali.com\/fr\/#website"},"primaryImageOfPage":{"@id":"https:\/\/samarali.com\/fr\/produit\/boule-de-massage-aux-cacahuetes\/#primaryimage"},"image":{"@id":"https:\/\/samarali.com\/fr\/produit\/boule-de-massage-aux-cacahuetes\/#primaryimage"},"thumbnailUrl":"https:\/\/samarali.com\/wp-content\/uploads\/2024\/08\/Peanut-massage_01.jpg","datePublished":"2024-08-01T13:37:02+00:00","dateModified":"2024-12-01T23:03:13+00:00","breadcrumb":{"@id":"https:\/\/samarali.com\/fr\/produit\/boule-de-massage-aux-cacahuetes\/#breadcrumb"},"inLanguage":"fr-FR","potentialAction":[{"@type":"ReadAction","target":["https:\/\/samarali.com\/fr\/produit\/boule-de-massage-aux-cacahuetes\/"]}]},{"@type":"ImageObject","inLanguage":"fr-FR","@id":"https:\/\/samarali.com\/fr\/produit\/boule-de-massage-aux-cacahuetes\/#primaryimage","url":"https:\/\/samarali.com\/wp-content\/uploads\/2024\/08\/Peanut-massage_01.jpg","contentUrl":"https:\/\/samarali.com\/wp-content\/uploads\/2024\/08\/Peanut-massage_01.jpg","width":1000,"height":1000,"caption":"Peanut massage 01"},{"@type":"BreadcrumbList","@id":"https:\/\/samarali.com\/fr\/produit\/boule-de-massage-aux-cacahuetes\/#breadcrumb","itemListElement":[{"@type":"ListItem","position":1,"name":"Accueil","item":"https:\/\/samarali.com\/fr\/accueil\/"},{"@type":"ListItem","position":2,"name":"Boutique","item":"https:\/\/samarali.com\/fr\/boutique\/"},{"@type":"ListItem","position":3,"name":"Boule de massage aux cacahu\u00e8tes"}]},{"@type":"WebSite","@id":"https:\/\/samarali.com\/fr\/#website","url":"https:\/\/samarali.com\/fr\/","name":"Samarali","description":"Samarali est une marque de yoga et de style de vie durable bas\u00e9e aux Pays-Bas.","publisher":{"@id":"https:\/\/samarali.com\/fr\/#organization"},"potentialAction":[{"@type":"SearchAction","target":{"@type":"EntryPoint","urlTemplate":"https:\/\/samarali.com\/fr\/?s={search_term_string}"},"query-input":{"@type":"PropertyValueSpecification","valueRequired":true,"valueName":"search_term_string"}}],"inLanguage":"fr-FR"},{"@type":"Organization","@id":"https:\/\/samarali.com\/fr\/#organization","name":"Samarali","url":"https:\/\/samarali.com\/fr\/","logo":{"@type":"ImageObject","inLanguage":"fr-FR","@id":"https:\/\/samarali.com\/fr\/#\/schema\/logo\/image\/","url":"https:\/\/samarali.com\/wp-content\/uploads\/2024\/05\/cropped-samarali-icon.png","contentUrl":"https:\/\/samarali.com\/wp-content\/uploads\/2024\/05\/cropped-samarali-icon.png","width":512,"height":512,"caption":"Samarali"},"image":{"@id":"https:\/\/samarali.com\/fr\/#\/schema\/logo\/image\/"},"sameAs":["https:\/\/www.facebook.com\/samaraliyoga","https:\/\/www.linkedin.com\/company\/69563155\/","https:\/\/www.instagram.com\/samaraliyoga\/","https:\/\/nl.pinterest.com\/Samaraliyoga\/"],"description":"Samarali is a sustainable yoga and lifestyle brand based in the Netherlands","email":"info@samarali.com","legalName":"Samarali B.V.","vatID":"NL859820324B01","numberOfEmployees":{"@type":"QuantitativeValue","minValue":"1","maxValue":"10"}}]},"product_price_amount":"11.99","product_price_currency":"EUR","og_availability":"backorder","product_availability":"available for order","product_retailer_item_id":"11702","product_condition":"new"},"jetpack_sharing_enabled":true,"_links":{"self":[{"href":"https:\/\/samarali.com\/fr\/wp-json\/wp\/v2\/product\/28729","targetHints":{"allow":["GET"]}}],"collection":[{"href":"https:\/\/samarali.com\/fr\/wp-json\/wp\/v2\/product"}],"about":[{"href":"https:\/\/samarali.com\/fr\/wp-json\/wp\/v2\/types\/product"}],"replies":[{"embeddable":true,"href":"https:\/\/samarali.com\/fr\/wp-json\/wp\/v2\/comments?post=28729"}],"version-history":[{"count":1,"href":"https:\/\/samarali.com\/fr\/wp-json\/wp\/v2\/product\/28729\/revisions"}],"predecessor-version":[{"id":32628,"href":"https:\/\/samarali.com\/fr\/wp-json\/wp\/v2\/product\/28729\/revisions\/32628"}],"wp:featuredmedia":[{"embeddable":true,"href":"https:\/\/samarali.com\/fr\/wp-json\/wp\/v2\/media\/18927"}],"wp:attachment":[{"href":"https:\/\/samarali.com\/fr\/wp-json\/wp\/v2\/media?parent=28729"}],"wp:term":[{"taxonomy":"product_cat","embeddable":true,"href":"https:\/\/samarali.com\/fr\/wp-json\/wp\/v2\/product_cat?post=28729"},{"taxonomy":"product_tag","embeddable":true,"href":"https:\/\/samarali.com\/fr\/wp-json\/wp\/v2\/product_tag?post=28729"}],"curies":[{"name":"wp","href":"https:\/\/api.w.org\/{rel}","templated":true}]}}