{"id":28724,"date":"2024-08-01T15:15:29","date_gmt":"2024-08-01T13:15:29","guid":{"rendered":"https:\/\/samarali.com\/product\/blocs-de-yoga-en-liege-2-pieces\/"},"modified":"2025-01-06T13:44:28","modified_gmt":"2025-01-06T12:44:28","slug":"blocs-de-yoga-en-liege-2-pieces","status":"publish","type":"product","link":"https:\/\/samarali.com\/fr\/produit\/blocs-de-yoga-en-liege-2-pieces\/","title":{"rendered":"Blocs de yoga en li\u00e8ge (2 pi\u00e8ces)"},"content":{"rendered":"<p>Si vous d\u00e9butez le yoga, nos blocs de yoga en li\u00e8ge vous seront d&rsquo;une aide pr\u00e9cieuse, car ils offrent une stabilit\u00e9 et une accessibilit\u00e9 exceptionnelles. Traditionnellement, les blocs de yoga sont des accessoires rectangulaires souvent fabriqu\u00e9s en mousse, mais avec l&rsquo;\u00e9volution vers des pratiques plus durables, le li\u00e8ge devient rapidement le choix pr\u00e9f\u00e9r\u00e9. Nos blocs ont des bords arrondis pour une prise en main facile, assurant \u00e0 la fois l&rsquo;accessibilit\u00e9 et la stabilit\u00e9 tout au long de votre pratique.<\/p>\n<p>Bien que les accessoires de yoga soient con\u00e7us pour aider les <a href=\"https:\/\/samarali.eu\/yoga-for-beginners\/\">yogis d\u00e9butants<\/a>, cela ne signifie pas que les pratiquants plus exp\u00e9riment\u00e9s ne peuvent pas les utiliser. Les blocs de yoga en li\u00e8ge aident \u00e0 stabiliser les poses, ce qui les rend plus accessibles aux personnes de diff\u00e9rentes morphologies et de diff\u00e9rents niveaux de yoga. En outre, ils peuvent \u00e9galement \u00eatre utilis\u00e9s pour <strong><a href=\"https:\/\/samarali.eu\/how-to-improve-flexibility-with-yoga\/\">approfondir les \u00e9tirements<\/a><\/strong> et d&rsquo;autres poses plus complexes. Par exemple, gr\u00e2ce \u00e0 ce soutien, les blocs de yoga en li\u00e8ge facilitent les flexions arri\u00e8re soutenues et les poses de pont &#8211; et ce ne sont que quelques-unes d&rsquo;entre elles !<\/p>\n<p>En fait, la plupart des blocs de yoga sont traditionnellement fabriqu\u00e9s en mousse. Cependant, la mousse n&rsquo;est pas le mat\u00e9riau le plus respectueux de la peau ou le plus durable, et elle ne correspond pas \u00e0 la mission de Samarali. C&rsquo;est pourquoi nous avons con\u00e7u nos blocs de yoga en li\u00e8ge, une alternative plus respectueuse de l&rsquo;environnement. Nos blocs de yoga en li\u00e8ge poss\u00e8dent \u00e9galement des propri\u00e9t\u00e9s antimicrobiennes et sont exempts de produits chimiques, de latex et de PVC, ce qui les rend doux pour le corps. En outre, ces blocs sont robustes et antid\u00e9rapants, ce qui leur permet de rester fermement en place, quelle que soit la complexit\u00e9 de vos asanas.<\/p>\n","protected":false},"excerpt":{"rendered":"<p>Nos blocs de yoga en li\u00e8ge offrent stabilit\u00e9 et accessibilit\u00e9 \u00e0 tous les niveaux, permettant d&rsquo;approfondir les \u00e9tirements et de soutenir les poses. \u00c9cologiques et antimicrobiens, ils constituent une alternative durable et antid\u00e9rapante aux blocs de mousse traditionnels.<\/p>\n","protected":false},"featured_media":18875,"comment_status":"open","ping_status":"closed","template":"","meta":{"_acf_changed":false,"_improvement_type_select":"improve_an_existing","_thumb_yes_seoaic":false,"_frame_yes_seoaic":false,"seoaic_generate_description":"","seoaic_improve_instructions_prompt":"","seoaic_rollback_content_improvement":"","seoaic_idea_thumbnail_generator":"","thumbnail_generated":false,"thumbnail_generate_prompt":"","seoaic_article_description":"","inline_featured_image":false},"product_cat":[349,350,357,325],"product_tag":[],"class_list":{"0":"post-28724","1":"product","2":"type-product","3":"status-publish","4":"has-post-thumbnail","6":"product_cat-yoga-accessoires","7":"product_cat-accessoires","8":"product_cat-blocs-de-yoga","9":"product_cat-yoga-fr","11":"first","12":"instock","13":"shipping-taxable","14":"purchasable","15":"product-type-simple"},"acf":[],"yoast_head":"<!-- This site is optimized with the Yoast SEO Premium plugin v27.3 (Yoast SEO v27.3) - https:\/\/yoast.com\/product\/yoast-seo-premium-wordpress\/ -->\n<title>Blocs de yoga en li\u00e8ge (2 pi\u00e8ces) - Samarali<\/title>\n<meta name=\"description\" content=\"Les blocs de yoga en li\u00e8ge offrent stabilit\u00e9 et accessibilit\u00e9 \u00e0 tous les niveaux, permettant d&#039;approfondir les \u00e9tirements et de soutenir les poses. Respectueux de l&#039;environnement et antimicrobien.\" \/>\n<meta name=\"robots\" content=\"index, follow, max-snippet:-1, max-image-preview:large, max-video-preview:-1\" \/>\n<link rel=\"canonical\" href=\"https:\/\/samarali.com\/fr\/produit\/blocs-de-yoga-en-liege-2-pieces\/\" \/>\n<meta property=\"og:locale\" content=\"fr_FR\" \/>\n<meta property=\"og:type\" content=\"article\" \/>\n<meta property=\"og:title\" content=\"Blocs de yoga en li\u00e8ge (2 pi\u00e8ces) - Samarali\" \/>\n<meta property=\"og:description\" content=\"Les blocs de yoga en li\u00e8ge offrent stabilit\u00e9 et accessibilit\u00e9 \u00e0 tous les niveaux, permettant d&#039;approfondir les \u00e9tirements et de soutenir les poses. Respectueux de l&#039;environnement et antimicrobien.\" \/>\n<meta property=\"og:url\" content=\"https:\/\/samarali.com\/fr\/produit\/blocs-de-yoga-en-liege-2-pieces\/\" \/>\n<meta property=\"og:site_name\" content=\"Samarali\" \/>\n<meta property=\"article:publisher\" content=\"https:\/\/www.facebook.com\/samaraliyoga\" \/>\n<meta property=\"article:modified_time\" content=\"2025-01-06T12:44:28+00:00\" \/>\n<meta property=\"og:image\" content=\"https:\/\/samarali.com\/wp-content\/uploads\/2024\/08\/Untitled-11-1.jpg\" \/>\n\t<meta property=\"og:image:width\" content=\"830\" \/>\n\t<meta property=\"og:image:height\" content=\"830\" \/>\n\t<meta property=\"og:image:type\" content=\"image\/jpeg\" \/>\n<meta name=\"twitter:card\" content=\"summary_large_image\" \/>\n<meta name=\"twitter:label1\" content=\"Prix\" \/>\n\t<meta name=\"twitter:data1\" content=\"&euro;&nbsp;27,95\" \/>\n\t<meta name=\"twitter:label2\" content=\"Disponibilit\u00e9\" \/>\n\t<meta name=\"twitter:data2\" content=\"En stock\" \/>\n<script type=\"application\/ld+json\" class=\"yoast-schema-graph\">{\"@context\":\"https:\\\/\\\/schema.org\",\"@graph\":[{\"@type\":\"WebPage\",\"@id\":\"https:\\\/\\\/samarali.com\\\/fr\\\/produit\\\/blocs-de-yoga-en-liege-2-pieces\\\/\",\"url\":\"https:\\\/\\\/samarali.com\\\/fr\\\/produit\\\/blocs-de-yoga-en-liege-2-pieces\\\/\",\"name\":\"Blocs de yoga en li\u00e8ge (2 pi\u00e8ces) - Samarali\",\"isPartOf\":{\"@id\":\"https:\\\/\\\/samarali.com\\\/fr\\\/#website\"},\"primaryImageOfPage\":{\"@id\":\"https:\\\/\\\/samarali.com\\\/fr\\\/produit\\\/blocs-de-yoga-en-liege-2-pieces\\\/#primaryimage\"},\"image\":{\"@id\":\"https:\\\/\\\/samarali.com\\\/fr\\\/produit\\\/blocs-de-yoga-en-liege-2-pieces\\\/#primaryimage\"},\"thumbnailUrl\":\"https:\\\/\\\/samarali.com\\\/wp-content\\\/uploads\\\/2024\\\/08\\\/Untitled-11-1.jpg\",\"datePublished\":\"2024-08-01T13:15:29+00:00\",\"dateModified\":\"2025-01-06T12:44:28+00:00\",\"description\":\"Les blocs de yoga en li\u00e8ge offrent stabilit\u00e9 et accessibilit\u00e9 \u00e0 tous les niveaux, permettant d'approfondir les \u00e9tirements et de soutenir les poses. Respectueux de l'environnement et antimicrobien.\",\"breadcrumb\":{\"@id\":\"https:\\\/\\\/samarali.com\\\/fr\\\/produit\\\/blocs-de-yoga-en-liege-2-pieces\\\/#breadcrumb\"},\"inLanguage\":\"fr-FR\",\"potentialAction\":[{\"@type\":\"ReadAction\",\"target\":[\"https:\\\/\\\/samarali.com\\\/fr\\\/produit\\\/blocs-de-yoga-en-liege-2-pieces\\\/\"]}]},{\"@type\":\"ImageObject\",\"inLanguage\":\"fr-FR\",\"@id\":\"https:\\\/\\\/samarali.com\\\/fr\\\/produit\\\/blocs-de-yoga-en-liege-2-pieces\\\/#primaryimage\",\"url\":\"https:\\\/\\\/samarali.com\\\/wp-content\\\/uploads\\\/2024\\\/08\\\/Untitled-11-1.jpg\",\"contentUrl\":\"https:\\\/\\\/samarali.com\\\/wp-content\\\/uploads\\\/2024\\\/08\\\/Untitled-11-1.jpg\",\"width\":830,\"height\":830,\"caption\":\"Sans titre 11 1\"},{\"@type\":\"BreadcrumbList\",\"@id\":\"https:\\\/\\\/samarali.com\\\/fr\\\/produit\\\/blocs-de-yoga-en-liege-2-pieces\\\/#breadcrumb\",\"itemListElement\":[{\"@type\":\"ListItem\",\"position\":1,\"name\":\"Accueil\",\"item\":\"https:\\\/\\\/samarali.com\\\/fr\\\/accueil\\\/\"},{\"@type\":\"ListItem\",\"position\":2,\"name\":\"Boutique\",\"item\":\"https:\\\/\\\/samarali.com\\\/fr\\\/boutique\\\/\"},{\"@type\":\"ListItem\",\"position\":3,\"name\":\"Blocs de yoga en li\u00e8ge (2 pi\u00e8ces)\"}]},{\"@type\":\"WebSite\",\"@id\":\"https:\\\/\\\/samarali.com\\\/fr\\\/#website\",\"url\":\"https:\\\/\\\/samarali.com\\\/fr\\\/\",\"name\":\"Samarali\",\"description\":\"Samarali est une marque de yoga et de style de vie durable bas\u00e9e aux Pays-Bas.\",\"publisher\":{\"@id\":\"https:\\\/\\\/samarali.com\\\/fr\\\/#organization\"},\"potentialAction\":[{\"@type\":\"SearchAction\",\"target\":{\"@type\":\"EntryPoint\",\"urlTemplate\":\"https:\\\/\\\/samarali.com\\\/fr\\\/?s={search_term_string}\"},\"query-input\":{\"@type\":\"PropertyValueSpecification\",\"valueRequired\":true,\"valueName\":\"search_term_string\"}}],\"inLanguage\":\"fr-FR\"},{\"@type\":\"Organization\",\"@id\":\"https:\\\/\\\/samarali.com\\\/fr\\\/#organization\",\"name\":\"Samarali\",\"url\":\"https:\\\/\\\/samarali.com\\\/fr\\\/\",\"logo\":{\"@type\":\"ImageObject\",\"inLanguage\":\"fr-FR\",\"@id\":\"https:\\\/\\\/samarali.com\\\/fr\\\/#\\\/schema\\\/logo\\\/image\\\/\",\"url\":\"https:\\\/\\\/samarali.com\\\/wp-content\\\/uploads\\\/2024\\\/05\\\/cropped-samarali-icon.png\",\"contentUrl\":\"https:\\\/\\\/samarali.com\\\/wp-content\\\/uploads\\\/2024\\\/05\\\/cropped-samarali-icon.png\",\"width\":512,\"height\":512,\"caption\":\"Samarali\"},\"image\":{\"@id\":\"https:\\\/\\\/samarali.com\\\/fr\\\/#\\\/schema\\\/logo\\\/image\\\/\"},\"sameAs\":[\"https:\\\/\\\/www.facebook.com\\\/samaraliyoga\",\"https:\\\/\\\/www.linkedin.com\\\/company\\\/69563155\\\/\",\"https:\\\/\\\/www.instagram.com\\\/samaraliyoga\\\/\",\"https:\\\/\\\/nl.pinterest.com\\\/Samaraliyoga\\\/\"],\"description\":\"Samarali is a sustainable yoga and lifestyle brand based in the Netherlands\",\"email\":\"info@samarali.com\",\"legalName\":\"Samarali B.V.\",\"vatID\":\"NL859820324B01\",\"numberOfEmployees\":{\"@type\":\"QuantitativeValue\",\"minValue\":\"1\",\"maxValue\":\"10\"}}]}<\/script>\n<meta property=\"product:price:amount\" content=\"27.95\" \/>\n<meta property=\"product:price:currency\" content=\"EUR\" \/>\n<meta property=\"og:availability\" content=\"instock\" \/>\n<meta property=\"product:availability\" content=\"instock\" \/>\n<meta property=\"product:retailer_item_id\" content=\"11116\" \/>\n<meta property=\"product:condition\" content=\"new\" \/>\n<!-- \/ Yoast SEO Premium plugin. -->","yoast_head_json":{"title":"Blocs de yoga en li\u00e8ge (2 pi\u00e8ces) - Samarali","description":"Les blocs de yoga en li\u00e8ge offrent stabilit\u00e9 et accessibilit\u00e9 \u00e0 tous les niveaux, permettant d'approfondir les \u00e9tirements et de soutenir les poses. Respectueux de l'environnement et antimicrobien.","robots":{"index":"index","follow":"follow","max-snippet":"max-snippet:-1","max-image-preview":"max-image-preview:large","max-video-preview":"max-video-preview:-1"},"canonical":"https:\/\/samarali.com\/fr\/produit\/blocs-de-yoga-en-liege-2-pieces\/","og_locale":"fr_FR","og_type":"article","og_title":"Blocs de yoga en li\u00e8ge (2 pi\u00e8ces) - Samarali","og_description":"Les blocs de yoga en li\u00e8ge offrent stabilit\u00e9 et accessibilit\u00e9 \u00e0 tous les niveaux, permettant d'approfondir les \u00e9tirements et de soutenir les poses. Respectueux de l'environnement et antimicrobien.","og_url":"https:\/\/samarali.com\/fr\/produit\/blocs-de-yoga-en-liege-2-pieces\/","og_site_name":"Samarali","article_publisher":"https:\/\/www.facebook.com\/samaraliyoga","article_modified_time":"2025-01-06T12:44:28+00:00","og_image":[{"width":830,"height":830,"url":"https:\/\/samarali.com\/wp-content\/uploads\/2024\/08\/Untitled-11-1.jpg","type":"image\/jpeg"}],"twitter_card":"summary_large_image","twitter_misc":{"Prix":"&euro;&nbsp;27,95","Disponibilit\u00e9":"En stock"},"schema":{"@context":"https:\/\/schema.org","@graph":[{"@type":"WebPage","@id":"https:\/\/samarali.com\/fr\/produit\/blocs-de-yoga-en-liege-2-pieces\/","url":"https:\/\/samarali.com\/fr\/produit\/blocs-de-yoga-en-liege-2-pieces\/","name":"Blocs de yoga en li\u00e8ge (2 pi\u00e8ces) - Samarali","isPartOf":{"@id":"https:\/\/samarali.com\/fr\/#website"},"primaryImageOfPage":{"@id":"https:\/\/samarali.com\/fr\/produit\/blocs-de-yoga-en-liege-2-pieces\/#primaryimage"},"image":{"@id":"https:\/\/samarali.com\/fr\/produit\/blocs-de-yoga-en-liege-2-pieces\/#primaryimage"},"thumbnailUrl":"https:\/\/samarali.com\/wp-content\/uploads\/2024\/08\/Untitled-11-1.jpg","datePublished":"2024-08-01T13:15:29+00:00","dateModified":"2025-01-06T12:44:28+00:00","description":"Les blocs de yoga en li\u00e8ge offrent stabilit\u00e9 et accessibilit\u00e9 \u00e0 tous les niveaux, permettant d'approfondir les \u00e9tirements et de soutenir les poses. Respectueux de l'environnement et antimicrobien.","breadcrumb":{"@id":"https:\/\/samarali.com\/fr\/produit\/blocs-de-yoga-en-liege-2-pieces\/#breadcrumb"},"inLanguage":"fr-FR","potentialAction":[{"@type":"ReadAction","target":["https:\/\/samarali.com\/fr\/produit\/blocs-de-yoga-en-liege-2-pieces\/"]}]},{"@type":"ImageObject","inLanguage":"fr-FR","@id":"https:\/\/samarali.com\/fr\/produit\/blocs-de-yoga-en-liege-2-pieces\/#primaryimage","url":"https:\/\/samarali.com\/wp-content\/uploads\/2024\/08\/Untitled-11-1.jpg","contentUrl":"https:\/\/samarali.com\/wp-content\/uploads\/2024\/08\/Untitled-11-1.jpg","width":830,"height":830,"caption":"Sans titre 11 1"},{"@type":"BreadcrumbList","@id":"https:\/\/samarali.com\/fr\/produit\/blocs-de-yoga-en-liege-2-pieces\/#breadcrumb","itemListElement":[{"@type":"ListItem","position":1,"name":"Accueil","item":"https:\/\/samarali.com\/fr\/accueil\/"},{"@type":"ListItem","position":2,"name":"Boutique","item":"https:\/\/samarali.com\/fr\/boutique\/"},{"@type":"ListItem","position":3,"name":"Blocs de yoga en li\u00e8ge (2 pi\u00e8ces)"}]},{"@type":"WebSite","@id":"https:\/\/samarali.com\/fr\/#website","url":"https:\/\/samarali.com\/fr\/","name":"Samarali","description":"Samarali est une marque de yoga et de style de vie durable bas\u00e9e aux Pays-Bas.","publisher":{"@id":"https:\/\/samarali.com\/fr\/#organization"},"potentialAction":[{"@type":"SearchAction","target":{"@type":"EntryPoint","urlTemplate":"https:\/\/samarali.com\/fr\/?s={search_term_string}"},"query-input":{"@type":"PropertyValueSpecification","valueRequired":true,"valueName":"search_term_string"}}],"inLanguage":"fr-FR"},{"@type":"Organization","@id":"https:\/\/samarali.com\/fr\/#organization","name":"Samarali","url":"https:\/\/samarali.com\/fr\/","logo":{"@type":"ImageObject","inLanguage":"fr-FR","@id":"https:\/\/samarali.com\/fr\/#\/schema\/logo\/image\/","url":"https:\/\/samarali.com\/wp-content\/uploads\/2024\/05\/cropped-samarali-icon.png","contentUrl":"https:\/\/samarali.com\/wp-content\/uploads\/2024\/05\/cropped-samarali-icon.png","width":512,"height":512,"caption":"Samarali"},"image":{"@id":"https:\/\/samarali.com\/fr\/#\/schema\/logo\/image\/"},"sameAs":["https:\/\/www.facebook.com\/samaraliyoga","https:\/\/www.linkedin.com\/company\/69563155\/","https:\/\/www.instagram.com\/samaraliyoga\/","https:\/\/nl.pinterest.com\/Samaraliyoga\/"],"description":"Samarali is a sustainable yoga and lifestyle brand based in the Netherlands","email":"info@samarali.com","legalName":"Samarali B.V.","vatID":"NL859820324B01","numberOfEmployees":{"@type":"QuantitativeValue","minValue":"1","maxValue":"10"}}]},"product_price_amount":"27.95","product_price_currency":"EUR","og_availability":"instock","product_availability":"instock","product_retailer_item_id":"11116","product_condition":"new"},"jetpack_sharing_enabled":true,"_links":{"self":[{"href":"https:\/\/samarali.com\/fr\/wp-json\/wp\/v2\/product\/28724","targetHints":{"allow":["GET"]}}],"collection":[{"href":"https:\/\/samarali.com\/fr\/wp-json\/wp\/v2\/product"}],"about":[{"href":"https:\/\/samarali.com\/fr\/wp-json\/wp\/v2\/types\/product"}],"replies":[{"embeddable":true,"href":"https:\/\/samarali.com\/fr\/wp-json\/wp\/v2\/comments?post=28724"}],"version-history":[{"count":1,"href":"https:\/\/samarali.com\/fr\/wp-json\/wp\/v2\/product\/28724\/revisions"}],"predecessor-version":[{"id":32906,"href":"https:\/\/samarali.com\/fr\/wp-json\/wp\/v2\/product\/28724\/revisions\/32906"}],"wp:featuredmedia":[{"embeddable":true,"href":"https:\/\/samarali.com\/fr\/wp-json\/wp\/v2\/media\/18875"}],"wp:attachment":[{"href":"https:\/\/samarali.com\/fr\/wp-json\/wp\/v2\/media?parent=28724"}],"wp:term":[{"taxonomy":"product_cat","embeddable":true,"href":"https:\/\/samarali.com\/fr\/wp-json\/wp\/v2\/product_cat?post=28724"},{"taxonomy":"product_tag","embeddable":true,"href":"https:\/\/samarali.com\/fr\/wp-json\/wp\/v2\/product_tag?post=28724"}],"curies":[{"name":"wp","href":"https:\/\/api.w.org\/{rel}","templated":true}]}}