{"id":28721,"date":"2024-08-01T15:29:12","date_gmt":"2024-08-01T13:29:12","guid":{"rendered":"https:\/\/samarali.com\/product\/boule-de-massage-en-liege\/"},"modified":"2025-12-10T13:27:35","modified_gmt":"2025-12-10T12:27:35","slug":"boule-de-massage-en-liege","status":"publish","type":"product","link":"https:\/\/samarali.com\/fr\/produit\/boule-de-massage-en-liege\/","title":{"rendered":"Boule de massage en li\u00e8ge"},"content":{"rendered":"<p>Soulagez vos muscles endoloris apr\u00e8s une s\u00e9ance d&rsquo;entra\u00eenement intense ou de longues heures pass\u00e9es assis \u00e0 votre bureau gr\u00e2ce \u00e0 notre balle de massage en li\u00e8ge.<\/p>\n<ul>\n<li>Parfait pour atteindre les endroits difficiles d&rsquo;acc\u00e8s et rep\u00e9rer les points de d\u00e9clenchement sp\u00e9cifiques.<\/li>\n<li>Une balle de massage est id\u00e9ale pour r\u00e9veiller vos muscles, augmenter le flux sanguin et acc\u00e9l\u00e9rer la r\u00e9cup\u00e9ration.<\/li>\n<li>Cette balle peut masser et d\u00e9tendre pratiquement toutes les parties de votre corps.<\/li>\n<li>Il peut facilement cibler les points douloureux et fournir un massage en profondeur l\u00e0 o\u00f9 vous en avez le plus besoin.<\/li>\n<\/ul>\n<p>La balle de massage en li\u00e8ge peut \u00e9galement \u00eatre utilis\u00e9e en combinaison avec un appareil de <strong><a href=\"https:\/\/samarali.eu\/product-category\/yoga\/yin-yoga-sets\/\">Yin Yoga<\/a><\/strong> pour lib\u00e9rer les n\u0153uds musculaires et fascias dans le cou, le haut et le bas du dos et les fesses. En utilisant r\u00e9guli\u00e8rement cette balle de massage en li\u00e8ge, vous apprendrez \u00e0 rel\u00e2cher les tensions, les douleurs et l&rsquo;\u00e9nergie \u00e9motionnelle emmagasin\u00e9e dans le corps. L&rsquo;utilisation de la balle de massage en li\u00e8ge rend la relaxation plus facile que vous ne le pensez.<\/p>\n<p>L&rsquo;ajout d&rsquo;une balle de massage aux points de d\u00e9clenchement \u00e0 votre programme de remise en forme peut apporter de nombreux avantages, comme la lutte contre la fasciite plantaire ou l&rsquo;am\u00e9lioration de la souplesse et de la circulation sanguine. Les balles de massage sont abordables et suffisamment petites pour se glisser dans une valise ou un sac \u00e0 main, o\u00f9 que vous alliez. Vous pouvez le garder \u00e0 votre bureau pour vous rappeler de faire une pause et de rel\u00e2cher les tensions musculaires accumul\u00e9es \u00e0 cause d&rsquo;une mauvaise posture ou du stress. Vous pouvez l&rsquo;utiliser avant une s\u00e9ance d&rsquo;entra\u00eenement pour aider \u00e0 activer vos muscles ou apr\u00e8s pour aider \u00e0 la r\u00e9cup\u00e9ration des muscles raides. Vous pouvez les utiliser presque partout, par exemple contre un mur, sur le dossier d&rsquo;une chaise ou sur le sol.<\/p>\n<p>L&rsquo;utilisation d&rsquo;une balle de massage est tr\u00e8s simple ; vous devez faire rouler la balle sur les muscles dans lesquels vous ressentez une tension. Ce faisant, vous augmentez le flux sanguin vers cette zone, am\u00e9liorez la circulation et aidez \u00e0 \u00e9liminer toute douleur et raideur.<\/p>\n<p>Les balles de massage Samarali sont fabriqu\u00e9es \u00e0 partir de li\u00e8ge recycl\u00e9. Ils sont l\u00e9gers et faciles \u00e0 transporter partout, au bureau ou en vacances.<\/p>\n","protected":false},"excerpt":{"rendered":"<p>Soulagez les tensions musculaires et stimulez la r\u00e9cup\u00e9ration gr\u00e2ce \u00e0 notre balle de massage en li\u00e8ge. Parfait pour cibler les points de d\u00e9clenchement, il am\u00e9liore la circulation sanguine et la flexibilit\u00e9. Compact et respectueux de l&rsquo;environnement, il est id\u00e9al pour une utilisation partout et \u00e0 tout moment.<\/p>\n","protected":false},"featured_media":18909,"comment_status":"open","ping_status":"closed","template":"","meta":{"_acf_changed":false,"_improvement_type_select":"improve_an_existing","_thumb_yes_seoaic":false,"_frame_yes_seoaic":false,"seoaic_generate_description":"","seoaic_improve_instructions_prompt":"","seoaic_rollback_content_improvement":"","seoaic_idea_thumbnail_generator":"","thumbnail_generated":false,"thumbnail_generate_prompt":"","seoaic_article_description":"","inline_featured_image":false},"product_cat":[349,350,360,325],"product_tag":[],"class_list":{"0":"post-28721","1":"product","2":"type-product","3":"status-publish","4":"has-post-thumbnail","6":"product_cat-yoga-accessoires","7":"product_cat-accessoires","8":"product_cat-massage-fr","9":"product_cat-yoga-fr","11":"first","12":"instock","13":"shipping-taxable","14":"purchasable","15":"product-type-simple"},"acf":[],"yoast_head":"<!-- This site is optimized with the Yoast SEO Premium plugin v27.3 (Yoast SEO v27.3) - https:\/\/yoast.com\/product\/yoast-seo-premium-wordpress\/ -->\n<title>Boule de massage en li\u00e8ge - Samarali<\/title>\n<meta name=\"description\" content=\"Boule de massage en li\u00e8ge. Parfait pour cibler les points de d\u00e9clenchement, il am\u00e9liore la circulation sanguine et la flexibilit\u00e9. Compact et \u00e9cologique.\" \/>\n<meta name=\"robots\" content=\"index, follow, max-snippet:-1, max-image-preview:large, max-video-preview:-1\" \/>\n<link rel=\"canonical\" href=\"https:\/\/samarali.com\/fr\/produit\/boule-de-massage-en-liege\/\" \/>\n<meta property=\"og:locale\" content=\"fr_FR\" \/>\n<meta property=\"og:type\" content=\"article\" \/>\n<meta property=\"og:title\" content=\"Boule de massage en li\u00e8ge - Samarali\" \/>\n<meta property=\"og:description\" content=\"Boule de massage en li\u00e8ge. Parfait pour cibler les points de d\u00e9clenchement, il am\u00e9liore la circulation sanguine et la flexibilit\u00e9. Compact et \u00e9cologique.\" \/>\n<meta property=\"og:url\" content=\"https:\/\/samarali.com\/fr\/produit\/boule-de-massage-en-liege\/\" \/>\n<meta property=\"og:site_name\" content=\"Samarali\" \/>\n<meta property=\"article:publisher\" content=\"https:\/\/www.facebook.com\/samaraliyoga\" \/>\n<meta property=\"article:modified_time\" content=\"2025-12-10T12:27:35+00:00\" \/>\n<meta property=\"og:image\" content=\"https:\/\/samarali.com\/wp-content\/uploads\/2024\/08\/Untitled-12.jpg\" \/>\n\t<meta property=\"og:image:width\" content=\"1080\" \/>\n\t<meta property=\"og:image:height\" content=\"1080\" \/>\n\t<meta property=\"og:image:type\" content=\"image\/jpeg\" \/>\n<meta name=\"twitter:card\" content=\"summary_large_image\" \/>\n<meta name=\"twitter:label1\" content=\"Prix\" \/>\n\t<meta name=\"twitter:data1\" content=\"&euro;&nbsp;15,95\" \/>\n\t<meta name=\"twitter:label2\" content=\"Disponibilit\u00e9\" \/>\n\t<meta name=\"twitter:data2\" content=\"En stock\" \/>\n<script type=\"application\/ld+json\" class=\"yoast-schema-graph\">{\"@context\":\"https:\\\/\\\/schema.org\",\"@graph\":[{\"@type\":\"WebPage\",\"@id\":\"https:\\\/\\\/samarali.com\\\/fr\\\/produit\\\/boule-de-massage-en-liege\\\/\",\"url\":\"https:\\\/\\\/samarali.com\\\/fr\\\/produit\\\/boule-de-massage-en-liege\\\/\",\"name\":\"Boule de massage en li\u00e8ge - Samarali\",\"isPartOf\":{\"@id\":\"https:\\\/\\\/samarali.com\\\/fr\\\/#website\"},\"primaryImageOfPage\":{\"@id\":\"https:\\\/\\\/samarali.com\\\/fr\\\/produit\\\/boule-de-massage-en-liege\\\/#primaryimage\"},\"image\":{\"@id\":\"https:\\\/\\\/samarali.com\\\/fr\\\/produit\\\/boule-de-massage-en-liege\\\/#primaryimage\"},\"thumbnailUrl\":\"https:\\\/\\\/samarali.com\\\/wp-content\\\/uploads\\\/2024\\\/08\\\/Untitled-12.jpg\",\"datePublished\":\"2024-08-01T13:29:12+00:00\",\"dateModified\":\"2025-12-10T12:27:35+00:00\",\"description\":\"Boule de massage en li\u00e8ge. Parfait pour cibler les points de d\u00e9clenchement, il am\u00e9liore la circulation sanguine et la flexibilit\u00e9. Compact et \u00e9cologique.\",\"breadcrumb\":{\"@id\":\"https:\\\/\\\/samarali.com\\\/fr\\\/produit\\\/boule-de-massage-en-liege\\\/#breadcrumb\"},\"inLanguage\":\"fr-FR\",\"potentialAction\":[{\"@type\":\"ReadAction\",\"target\":[\"https:\\\/\\\/samarali.com\\\/fr\\\/produit\\\/boule-de-massage-en-liege\\\/\"]}]},{\"@type\":\"ImageObject\",\"inLanguage\":\"fr-FR\",\"@id\":\"https:\\\/\\\/samarali.com\\\/fr\\\/produit\\\/boule-de-massage-en-liege\\\/#primaryimage\",\"url\":\"https:\\\/\\\/samarali.com\\\/wp-content\\\/uploads\\\/2024\\\/08\\\/Untitled-12.jpg\",\"contentUrl\":\"https:\\\/\\\/samarali.com\\\/wp-content\\\/uploads\\\/2024\\\/08\\\/Untitled-12.jpg\",\"width\":1080,\"height\":1080,\"caption\":\"Sans titre 12\"},{\"@type\":\"BreadcrumbList\",\"@id\":\"https:\\\/\\\/samarali.com\\\/fr\\\/produit\\\/boule-de-massage-en-liege\\\/#breadcrumb\",\"itemListElement\":[{\"@type\":\"ListItem\",\"position\":1,\"name\":\"Accueil\",\"item\":\"https:\\\/\\\/samarali.com\\\/fr\\\/accueil\\\/\"},{\"@type\":\"ListItem\",\"position\":2,\"name\":\"Boutique\",\"item\":\"https:\\\/\\\/samarali.com\\\/fr\\\/boutique\\\/\"},{\"@type\":\"ListItem\",\"position\":3,\"name\":\"Boule de massage en li\u00e8ge\"}]},{\"@type\":\"WebSite\",\"@id\":\"https:\\\/\\\/samarali.com\\\/fr\\\/#website\",\"url\":\"https:\\\/\\\/samarali.com\\\/fr\\\/\",\"name\":\"Samarali\",\"description\":\"Samarali est une marque de yoga et de style de vie durable bas\u00e9e aux Pays-Bas.\",\"publisher\":{\"@id\":\"https:\\\/\\\/samarali.com\\\/fr\\\/#organization\"},\"potentialAction\":[{\"@type\":\"SearchAction\",\"target\":{\"@type\":\"EntryPoint\",\"urlTemplate\":\"https:\\\/\\\/samarali.com\\\/fr\\\/?s={search_term_string}\"},\"query-input\":{\"@type\":\"PropertyValueSpecification\",\"valueRequired\":true,\"valueName\":\"search_term_string\"}}],\"inLanguage\":\"fr-FR\"},{\"@type\":\"Organization\",\"@id\":\"https:\\\/\\\/samarali.com\\\/fr\\\/#organization\",\"name\":\"Samarali\",\"url\":\"https:\\\/\\\/samarali.com\\\/fr\\\/\",\"logo\":{\"@type\":\"ImageObject\",\"inLanguage\":\"fr-FR\",\"@id\":\"https:\\\/\\\/samarali.com\\\/fr\\\/#\\\/schema\\\/logo\\\/image\\\/\",\"url\":\"https:\\\/\\\/samarali.com\\\/wp-content\\\/uploads\\\/2024\\\/05\\\/cropped-samarali-icon.png\",\"contentUrl\":\"https:\\\/\\\/samarali.com\\\/wp-content\\\/uploads\\\/2024\\\/05\\\/cropped-samarali-icon.png\",\"width\":512,\"height\":512,\"caption\":\"Samarali\"},\"image\":{\"@id\":\"https:\\\/\\\/samarali.com\\\/fr\\\/#\\\/schema\\\/logo\\\/image\\\/\"},\"sameAs\":[\"https:\\\/\\\/www.facebook.com\\\/samaraliyoga\",\"https:\\\/\\\/www.linkedin.com\\\/company\\\/69563155\\\/\",\"https:\\\/\\\/www.instagram.com\\\/samaraliyoga\\\/\",\"https:\\\/\\\/nl.pinterest.com\\\/Samaraliyoga\\\/\"],\"description\":\"Samarali is a sustainable yoga and lifestyle brand based in the Netherlands\",\"email\":\"info@samarali.com\",\"legalName\":\"Samarali B.V.\",\"vatID\":\"NL859820324B01\",\"numberOfEmployees\":{\"@type\":\"QuantitativeValue\",\"minValue\":\"1\",\"maxValue\":\"10\"}}]}<\/script>\n<meta property=\"product:price:amount\" content=\"15.95\" \/>\n<meta property=\"product:price:currency\" content=\"EUR\" \/>\n<meta property=\"og:availability\" content=\"instock\" \/>\n<meta property=\"product:availability\" content=\"instock\" \/>\n<meta property=\"product:retailer_item_id\" content=\"11118\" \/>\n<meta property=\"product:condition\" content=\"new\" \/>\n<!-- \/ Yoast SEO Premium plugin. -->","yoast_head_json":{"title":"Boule de massage en li\u00e8ge - Samarali","description":"Boule de massage en li\u00e8ge. Parfait pour cibler les points de d\u00e9clenchement, il am\u00e9liore la circulation sanguine et la flexibilit\u00e9. Compact et \u00e9cologique.","robots":{"index":"index","follow":"follow","max-snippet":"max-snippet:-1","max-image-preview":"max-image-preview:large","max-video-preview":"max-video-preview:-1"},"canonical":"https:\/\/samarali.com\/fr\/produit\/boule-de-massage-en-liege\/","og_locale":"fr_FR","og_type":"article","og_title":"Boule de massage en li\u00e8ge - Samarali","og_description":"Boule de massage en li\u00e8ge. Parfait pour cibler les points de d\u00e9clenchement, il am\u00e9liore la circulation sanguine et la flexibilit\u00e9. Compact et \u00e9cologique.","og_url":"https:\/\/samarali.com\/fr\/produit\/boule-de-massage-en-liege\/","og_site_name":"Samarali","article_publisher":"https:\/\/www.facebook.com\/samaraliyoga","article_modified_time":"2025-12-10T12:27:35+00:00","og_image":[{"width":1080,"height":1080,"url":"https:\/\/samarali.com\/wp-content\/uploads\/2024\/08\/Untitled-12.jpg","type":"image\/jpeg"}],"twitter_card":"summary_large_image","twitter_misc":{"Prix":"&euro;&nbsp;15,95","Disponibilit\u00e9":"En stock"},"schema":{"@context":"https:\/\/schema.org","@graph":[{"@type":"WebPage","@id":"https:\/\/samarali.com\/fr\/produit\/boule-de-massage-en-liege\/","url":"https:\/\/samarali.com\/fr\/produit\/boule-de-massage-en-liege\/","name":"Boule de massage en li\u00e8ge - Samarali","isPartOf":{"@id":"https:\/\/samarali.com\/fr\/#website"},"primaryImageOfPage":{"@id":"https:\/\/samarali.com\/fr\/produit\/boule-de-massage-en-liege\/#primaryimage"},"image":{"@id":"https:\/\/samarali.com\/fr\/produit\/boule-de-massage-en-liege\/#primaryimage"},"thumbnailUrl":"https:\/\/samarali.com\/wp-content\/uploads\/2024\/08\/Untitled-12.jpg","datePublished":"2024-08-01T13:29:12+00:00","dateModified":"2025-12-10T12:27:35+00:00","description":"Boule de massage en li\u00e8ge. Parfait pour cibler les points de d\u00e9clenchement, il am\u00e9liore la circulation sanguine et la flexibilit\u00e9. Compact et \u00e9cologique.","breadcrumb":{"@id":"https:\/\/samarali.com\/fr\/produit\/boule-de-massage-en-liege\/#breadcrumb"},"inLanguage":"fr-FR","potentialAction":[{"@type":"ReadAction","target":["https:\/\/samarali.com\/fr\/produit\/boule-de-massage-en-liege\/"]}]},{"@type":"ImageObject","inLanguage":"fr-FR","@id":"https:\/\/samarali.com\/fr\/produit\/boule-de-massage-en-liege\/#primaryimage","url":"https:\/\/samarali.com\/wp-content\/uploads\/2024\/08\/Untitled-12.jpg","contentUrl":"https:\/\/samarali.com\/wp-content\/uploads\/2024\/08\/Untitled-12.jpg","width":1080,"height":1080,"caption":"Sans titre 12"},{"@type":"BreadcrumbList","@id":"https:\/\/samarali.com\/fr\/produit\/boule-de-massage-en-liege\/#breadcrumb","itemListElement":[{"@type":"ListItem","position":1,"name":"Accueil","item":"https:\/\/samarali.com\/fr\/accueil\/"},{"@type":"ListItem","position":2,"name":"Boutique","item":"https:\/\/samarali.com\/fr\/boutique\/"},{"@type":"ListItem","position":3,"name":"Boule de massage en li\u00e8ge"}]},{"@type":"WebSite","@id":"https:\/\/samarali.com\/fr\/#website","url":"https:\/\/samarali.com\/fr\/","name":"Samarali","description":"Samarali est une marque de yoga et de style de vie durable bas\u00e9e aux Pays-Bas.","publisher":{"@id":"https:\/\/samarali.com\/fr\/#organization"},"potentialAction":[{"@type":"SearchAction","target":{"@type":"EntryPoint","urlTemplate":"https:\/\/samarali.com\/fr\/?s={search_term_string}"},"query-input":{"@type":"PropertyValueSpecification","valueRequired":true,"valueName":"search_term_string"}}],"inLanguage":"fr-FR"},{"@type":"Organization","@id":"https:\/\/samarali.com\/fr\/#organization","name":"Samarali","url":"https:\/\/samarali.com\/fr\/","logo":{"@type":"ImageObject","inLanguage":"fr-FR","@id":"https:\/\/samarali.com\/fr\/#\/schema\/logo\/image\/","url":"https:\/\/samarali.com\/wp-content\/uploads\/2024\/05\/cropped-samarali-icon.png","contentUrl":"https:\/\/samarali.com\/wp-content\/uploads\/2024\/05\/cropped-samarali-icon.png","width":512,"height":512,"caption":"Samarali"},"image":{"@id":"https:\/\/samarali.com\/fr\/#\/schema\/logo\/image\/"},"sameAs":["https:\/\/www.facebook.com\/samaraliyoga","https:\/\/www.linkedin.com\/company\/69563155\/","https:\/\/www.instagram.com\/samaraliyoga\/","https:\/\/nl.pinterest.com\/Samaraliyoga\/"],"description":"Samarali is a sustainable yoga and lifestyle brand based in the Netherlands","email":"info@samarali.com","legalName":"Samarali B.V.","vatID":"NL859820324B01","numberOfEmployees":{"@type":"QuantitativeValue","minValue":"1","maxValue":"10"}}]},"product_price_amount":"15.95","product_price_currency":"EUR","og_availability":"instock","product_availability":"instock","product_retailer_item_id":"11118","product_condition":"new"},"jetpack_sharing_enabled":true,"_links":{"self":[{"href":"https:\/\/samarali.com\/fr\/wp-json\/wp\/v2\/product\/28721","targetHints":{"allow":["GET"]}}],"collection":[{"href":"https:\/\/samarali.com\/fr\/wp-json\/wp\/v2\/product"}],"about":[{"href":"https:\/\/samarali.com\/fr\/wp-json\/wp\/v2\/types\/product"}],"replies":[{"embeddable":true,"href":"https:\/\/samarali.com\/fr\/wp-json\/wp\/v2\/comments?post=28721"}],"version-history":[{"count":1,"href":"https:\/\/samarali.com\/fr\/wp-json\/wp\/v2\/product\/28721\/revisions"}],"predecessor-version":[{"id":32911,"href":"https:\/\/samarali.com\/fr\/wp-json\/wp\/v2\/product\/28721\/revisions\/32911"}],"wp:featuredmedia":[{"embeddable":true,"href":"https:\/\/samarali.com\/fr\/wp-json\/wp\/v2\/media\/18909"}],"wp:attachment":[{"href":"https:\/\/samarali.com\/fr\/wp-json\/wp\/v2\/media?parent=28721"}],"wp:term":[{"taxonomy":"product_cat","embeddable":true,"href":"https:\/\/samarali.com\/fr\/wp-json\/wp\/v2\/product_cat?post=28721"},{"taxonomy":"product_tag","embeddable":true,"href":"https:\/\/samarali.com\/fr\/wp-json\/wp\/v2\/product_tag?post=28721"}],"curies":[{"name":"wp","href":"https:\/\/api.w.org\/{rel}","templated":true}]}}