{"id":28708,"date":"2024-08-01T12:42:15","date_gmt":"2024-08-01T10:42:15","guid":{"rendered":"https:\/\/samarali.com\/product\/courroie-de-yoga-en-coton-biologique\/"},"modified":"2025-01-06T13:43:03","modified_gmt":"2025-01-06T12:43:03","slug":"courroie-de-yoga-en-coton-biologique","status":"publish","type":"product","link":"https:\/\/samarali.com\/fr\/produit\/courroie-de-yoga-en-coton-biologique\/","title":{"rendered":"Courroie de yoga en coton biologique"},"content":{"rendered":"<p>Que vous commenciez \u00e0 pratiquer le yoga ou que vous soyez un pratiquant avanc\u00e9, la sangle de yoga est l&rsquo;un des accessoires de yoga les plus importants. Il vous aide \u00e0 vous \u00e9tirer en profondeur et am\u00e9liore votre flexibilit\u00e9. Nos sangles de yoga sont con\u00e7ues pour rendre vos exercices d&rsquo;\u00e9tirement plus confortables et plus relaxants, tout en am\u00e9liorant votre flexibilit\u00e9 gr\u00e2ce \u00e0 une pratique r\u00e9guli\u00e8re des asanas. Fabriqu\u00e9es en coton 100 % biologique et certifi\u00e9es par GOTS, ces sangles robustes sont con\u00e7ues pour durer. Les boucles m\u00e9talliques en forme de D permettent d&rsquo;ajuster facilement la sangle, garantissant un soutien dans toutes les positions que vous souhaitez prendre.<\/p>\n<p><strong>Entretien du produit :<\/strong><\/p>\n<ul>\n<li>Les sangles de yoga peuvent \u00eatre lav\u00e9es en machine \u00e0 laver sur un cycle d\u00e9licat \u00e0 basse temp\u00e9rature ou \u00e0 un maximum de 30 degr\u00e9s Celsius.<\/li>\n<li>Laver avec des couleurs similaires<\/li>\n<li>S\u00e9cher par suspension ou par culbutage<\/li>\n<li>Fer \u00e0 repasser \u00e0 temp\u00e9rature moyenne<\/li>\n<\/ul>\n","protected":false},"excerpt":{"rendered":"<p>Am\u00e9liorez votre flexibilit\u00e9 gr\u00e2ce \u00e0 notre sangle de yoga en coton 100 % biologique. Id\u00e9al pour un \u00e9tirement et un soutien en profondeur, il est dot\u00e9 de boucles m\u00e9talliques r\u00e9glables en forme de D. Durable, \u00e9cologique et facile \u00e0 entretenir.<\/p>\n","protected":false},"featured_media":18549,"comment_status":"open","ping_status":"closed","template":"","meta":{"_acf_changed":false,"_improvement_type_select":"improve_an_existing","_thumb_yes_seoaic":false,"_frame_yes_seoaic":false,"seoaic_generate_description":"","seoaic_improve_instructions_prompt":"","seoaic_rollback_content_improvement":"","seoaic_idea_thumbnail_generator":"","thumbnail_generated":false,"thumbnail_generate_prompt":"","seoaic_article_description":"","inline_featured_image":false},"product_cat":[349,350,351,325],"product_tag":[],"class_list":{"0":"post-28708","1":"product","2":"type-product","3":"status-publish","4":"has-post-thumbnail","6":"product_cat-yoga-accessoires","7":"product_cat-accessoires","8":"product_cat-sacs","9":"product_cat-yoga-fr","11":"first","12":"instock","13":"shipping-taxable","14":"purchasable","15":"product-type-variable"},"acf":[],"yoast_head":"<!-- This site is optimized with the Yoast SEO Premium plugin v27.3 (Yoast SEO v27.3) - https:\/\/yoast.com\/product\/yoast-seo-premium-wordpress\/ -->\n<title>Courroie de yoga en coton biologique - Samarali<\/title>\n<meta name=\"description\" content=\"Courroie de yoga en coton. Id\u00e9al pour un \u00e9tirement et un soutien en profondeur, il est dot\u00e9 de boucles m\u00e9talliques r\u00e9glables en forme de D. Durable, \u00e9cologique et facile \u00e0 entretenir.\" \/>\n<meta name=\"robots\" content=\"index, follow, max-snippet:-1, max-image-preview:large, max-video-preview:-1\" \/>\n<link rel=\"canonical\" href=\"https:\/\/samarali.com\/fr\/produit\/courroie-de-yoga-en-coton-biologique\/\" \/>\n<meta property=\"og:locale\" content=\"fr_FR\" \/>\n<meta property=\"og:type\" content=\"article\" \/>\n<meta property=\"og:title\" content=\"Courroie de yoga en coton biologique - Samarali\" \/>\n<meta property=\"og:description\" content=\"Courroie de yoga en coton. Id\u00e9al pour un \u00e9tirement et un soutien en profondeur, il est dot\u00e9 de boucles m\u00e9talliques r\u00e9glables en forme de D. Durable, \u00e9cologique et facile \u00e0 entretenir.\" \/>\n<meta property=\"og:url\" content=\"https:\/\/samarali.com\/fr\/produit\/courroie-de-yoga-en-coton-biologique\/\" \/>\n<meta property=\"og:site_name\" content=\"Samarali\" \/>\n<meta property=\"article:publisher\" content=\"https:\/\/www.facebook.com\/samaraliyoga\" \/>\n<meta property=\"article:modified_time\" content=\"2025-01-06T12:43:03+00:00\" \/>\n<meta property=\"og:image\" content=\"https:\/\/samarali.com\/wp-content\/uploads\/2024\/08\/Yoga-straps-All-colors_2-600x600-1.jpg\" \/>\n\t<meta property=\"og:image:width\" content=\"600\" \/>\n\t<meta property=\"og:image:height\" content=\"600\" \/>\n\t<meta property=\"og:image:type\" content=\"image\/jpeg\" \/>\n<meta name=\"twitter:card\" content=\"summary_large_image\" \/>\n<meta name=\"twitter:label1\" content=\"Disponibilit\u00e9\" \/>\n\t<meta name=\"twitter:data1\" content=\"En stock\" \/>\n<script type=\"application\/ld+json\" class=\"yoast-schema-graph\">{\"@context\":\"https:\\\/\\\/schema.org\",\"@graph\":[{\"@type\":\"WebPage\",\"@id\":\"https:\\\/\\\/samarali.com\\\/fr\\\/produit\\\/courroie-de-yoga-en-coton-biologique\\\/\",\"url\":\"https:\\\/\\\/samarali.com\\\/fr\\\/produit\\\/courroie-de-yoga-en-coton-biologique\\\/\",\"name\":\"Courroie de yoga en coton biologique - Samarali\",\"isPartOf\":{\"@id\":\"https:\\\/\\\/samarali.com\\\/fr\\\/#website\"},\"primaryImageOfPage\":{\"@id\":\"https:\\\/\\\/samarali.com\\\/fr\\\/produit\\\/courroie-de-yoga-en-coton-biologique\\\/#primaryimage\"},\"image\":{\"@id\":\"https:\\\/\\\/samarali.com\\\/fr\\\/produit\\\/courroie-de-yoga-en-coton-biologique\\\/#primaryimage\"},\"thumbnailUrl\":\"https:\\\/\\\/samarali.com\\\/wp-content\\\/uploads\\\/2024\\\/08\\\/Yoga-straps-All-colors_2-600x600-1.jpg\",\"datePublished\":\"2024-08-01T10:42:15+00:00\",\"dateModified\":\"2025-01-06T12:43:03+00:00\",\"description\":\"Courroie de yoga en coton. Id\u00e9al pour un \u00e9tirement et un soutien en profondeur, il est dot\u00e9 de boucles m\u00e9talliques r\u00e9glables en forme de D. Durable, \u00e9cologique et facile \u00e0 entretenir.\",\"breadcrumb\":{\"@id\":\"https:\\\/\\\/samarali.com\\\/fr\\\/produit\\\/courroie-de-yoga-en-coton-biologique\\\/#breadcrumb\"},\"inLanguage\":\"fr-FR\",\"potentialAction\":[{\"@type\":\"ReadAction\",\"target\":[\"https:\\\/\\\/samarali.com\\\/fr\\\/produit\\\/courroie-de-yoga-en-coton-biologique\\\/\"]}]},{\"@type\":\"ImageObject\",\"inLanguage\":\"fr-FR\",\"@id\":\"https:\\\/\\\/samarali.com\\\/fr\\\/produit\\\/courroie-de-yoga-en-coton-biologique\\\/#primaryimage\",\"url\":\"https:\\\/\\\/samarali.com\\\/wp-content\\\/uploads\\\/2024\\\/08\\\/Yoga-straps-All-colors_2-600x600-1.jpg\",\"contentUrl\":\"https:\\\/\\\/samarali.com\\\/wp-content\\\/uploads\\\/2024\\\/08\\\/Yoga-straps-All-colors_2-600x600-1.jpg\",\"width\":600,\"height\":600,\"caption\":\"Sangles de yoga Toutes les couleurs 2 600x600 1\"},{\"@type\":\"BreadcrumbList\",\"@id\":\"https:\\\/\\\/samarali.com\\\/fr\\\/produit\\\/courroie-de-yoga-en-coton-biologique\\\/#breadcrumb\",\"itemListElement\":[{\"@type\":\"ListItem\",\"position\":1,\"name\":\"Accueil\",\"item\":\"https:\\\/\\\/samarali.com\\\/fr\\\/accueil\\\/\"},{\"@type\":\"ListItem\",\"position\":2,\"name\":\"Boutique\",\"item\":\"https:\\\/\\\/samarali.com\\\/fr\\\/boutique\\\/\"},{\"@type\":\"ListItem\",\"position\":3,\"name\":\"Courroie de yoga en coton biologique\"}]},{\"@type\":\"WebSite\",\"@id\":\"https:\\\/\\\/samarali.com\\\/fr\\\/#website\",\"url\":\"https:\\\/\\\/samarali.com\\\/fr\\\/\",\"name\":\"Samarali\",\"description\":\"Samarali est une marque de yoga et de style de vie durable bas\u00e9e aux Pays-Bas.\",\"publisher\":{\"@id\":\"https:\\\/\\\/samarali.com\\\/fr\\\/#organization\"},\"potentialAction\":[{\"@type\":\"SearchAction\",\"target\":{\"@type\":\"EntryPoint\",\"urlTemplate\":\"https:\\\/\\\/samarali.com\\\/fr\\\/?s={search_term_string}\"},\"query-input\":{\"@type\":\"PropertyValueSpecification\",\"valueRequired\":true,\"valueName\":\"search_term_string\"}}],\"inLanguage\":\"fr-FR\"},{\"@type\":\"Organization\",\"@id\":\"https:\\\/\\\/samarali.com\\\/fr\\\/#organization\",\"name\":\"Samarali\",\"url\":\"https:\\\/\\\/samarali.com\\\/fr\\\/\",\"logo\":{\"@type\":\"ImageObject\",\"inLanguage\":\"fr-FR\",\"@id\":\"https:\\\/\\\/samarali.com\\\/fr\\\/#\\\/schema\\\/logo\\\/image\\\/\",\"url\":\"https:\\\/\\\/samarali.com\\\/wp-content\\\/uploads\\\/2024\\\/05\\\/cropped-samarali-icon.png\",\"contentUrl\":\"https:\\\/\\\/samarali.com\\\/wp-content\\\/uploads\\\/2024\\\/05\\\/cropped-samarali-icon.png\",\"width\":512,\"height\":512,\"caption\":\"Samarali\"},\"image\":{\"@id\":\"https:\\\/\\\/samarali.com\\\/fr\\\/#\\\/schema\\\/logo\\\/image\\\/\"},\"sameAs\":[\"https:\\\/\\\/www.facebook.com\\\/samaraliyoga\",\"https:\\\/\\\/www.linkedin.com\\\/company\\\/69563155\\\/\",\"https:\\\/\\\/www.instagram.com\\\/samaraliyoga\\\/\",\"https:\\\/\\\/nl.pinterest.com\\\/Samaraliyoga\\\/\"],\"description\":\"Samarali is a sustainable yoga and lifestyle brand based in the Netherlands\",\"email\":\"info@samarali.com\",\"legalName\":\"Samarali B.V.\",\"vatID\":\"NL859820324B01\",\"numberOfEmployees\":{\"@type\":\"QuantitativeValue\",\"minValue\":\"1\",\"maxValue\":\"10\"}}]}<\/script>\n<meta property=\"og:availability\" content=\"instock\" \/>\n<meta property=\"product:availability\" content=\"instock\" \/>\n<meta property=\"product:condition\" content=\"new\" \/>\n<!-- \/ Yoast SEO Premium plugin. -->","yoast_head_json":{"title":"Courroie de yoga en coton biologique - Samarali","description":"Courroie de yoga en coton. Id\u00e9al pour un \u00e9tirement et un soutien en profondeur, il est dot\u00e9 de boucles m\u00e9talliques r\u00e9glables en forme de D. Durable, \u00e9cologique et facile \u00e0 entretenir.","robots":{"index":"index","follow":"follow","max-snippet":"max-snippet:-1","max-image-preview":"max-image-preview:large","max-video-preview":"max-video-preview:-1"},"canonical":"https:\/\/samarali.com\/fr\/produit\/courroie-de-yoga-en-coton-biologique\/","og_locale":"fr_FR","og_type":"article","og_title":"Courroie de yoga en coton biologique - Samarali","og_description":"Courroie de yoga en coton. Id\u00e9al pour un \u00e9tirement et un soutien en profondeur, il est dot\u00e9 de boucles m\u00e9talliques r\u00e9glables en forme de D. Durable, \u00e9cologique et facile \u00e0 entretenir.","og_url":"https:\/\/samarali.com\/fr\/produit\/courroie-de-yoga-en-coton-biologique\/","og_site_name":"Samarali","article_publisher":"https:\/\/www.facebook.com\/samaraliyoga","article_modified_time":"2025-01-06T12:43:03+00:00","og_image":[{"width":600,"height":600,"url":"https:\/\/samarali.com\/wp-content\/uploads\/2024\/08\/Yoga-straps-All-colors_2-600x600-1.jpg","type":"image\/jpeg"}],"twitter_card":"summary_large_image","twitter_misc":{"Disponibilit\u00e9":"En stock"},"schema":{"@context":"https:\/\/schema.org","@graph":[{"@type":"WebPage","@id":"https:\/\/samarali.com\/fr\/produit\/courroie-de-yoga-en-coton-biologique\/","url":"https:\/\/samarali.com\/fr\/produit\/courroie-de-yoga-en-coton-biologique\/","name":"Courroie de yoga en coton biologique - Samarali","isPartOf":{"@id":"https:\/\/samarali.com\/fr\/#website"},"primaryImageOfPage":{"@id":"https:\/\/samarali.com\/fr\/produit\/courroie-de-yoga-en-coton-biologique\/#primaryimage"},"image":{"@id":"https:\/\/samarali.com\/fr\/produit\/courroie-de-yoga-en-coton-biologique\/#primaryimage"},"thumbnailUrl":"https:\/\/samarali.com\/wp-content\/uploads\/2024\/08\/Yoga-straps-All-colors_2-600x600-1.jpg","datePublished":"2024-08-01T10:42:15+00:00","dateModified":"2025-01-06T12:43:03+00:00","description":"Courroie de yoga en coton. Id\u00e9al pour un \u00e9tirement et un soutien en profondeur, il est dot\u00e9 de boucles m\u00e9talliques r\u00e9glables en forme de D. Durable, \u00e9cologique et facile \u00e0 entretenir.","breadcrumb":{"@id":"https:\/\/samarali.com\/fr\/produit\/courroie-de-yoga-en-coton-biologique\/#breadcrumb"},"inLanguage":"fr-FR","potentialAction":[{"@type":"ReadAction","target":["https:\/\/samarali.com\/fr\/produit\/courroie-de-yoga-en-coton-biologique\/"]}]},{"@type":"ImageObject","inLanguage":"fr-FR","@id":"https:\/\/samarali.com\/fr\/produit\/courroie-de-yoga-en-coton-biologique\/#primaryimage","url":"https:\/\/samarali.com\/wp-content\/uploads\/2024\/08\/Yoga-straps-All-colors_2-600x600-1.jpg","contentUrl":"https:\/\/samarali.com\/wp-content\/uploads\/2024\/08\/Yoga-straps-All-colors_2-600x600-1.jpg","width":600,"height":600,"caption":"Sangles de yoga Toutes les couleurs 2 600x600 1"},{"@type":"BreadcrumbList","@id":"https:\/\/samarali.com\/fr\/produit\/courroie-de-yoga-en-coton-biologique\/#breadcrumb","itemListElement":[{"@type":"ListItem","position":1,"name":"Accueil","item":"https:\/\/samarali.com\/fr\/accueil\/"},{"@type":"ListItem","position":2,"name":"Boutique","item":"https:\/\/samarali.com\/fr\/boutique\/"},{"@type":"ListItem","position":3,"name":"Courroie de yoga en coton biologique"}]},{"@type":"WebSite","@id":"https:\/\/samarali.com\/fr\/#website","url":"https:\/\/samarali.com\/fr\/","name":"Samarali","description":"Samarali est une marque de yoga et de style de vie durable bas\u00e9e aux Pays-Bas.","publisher":{"@id":"https:\/\/samarali.com\/fr\/#organization"},"potentialAction":[{"@type":"SearchAction","target":{"@type":"EntryPoint","urlTemplate":"https:\/\/samarali.com\/fr\/?s={search_term_string}"},"query-input":{"@type":"PropertyValueSpecification","valueRequired":true,"valueName":"search_term_string"}}],"inLanguage":"fr-FR"},{"@type":"Organization","@id":"https:\/\/samarali.com\/fr\/#organization","name":"Samarali","url":"https:\/\/samarali.com\/fr\/","logo":{"@type":"ImageObject","inLanguage":"fr-FR","@id":"https:\/\/samarali.com\/fr\/#\/schema\/logo\/image\/","url":"https:\/\/samarali.com\/wp-content\/uploads\/2024\/05\/cropped-samarali-icon.png","contentUrl":"https:\/\/samarali.com\/wp-content\/uploads\/2024\/05\/cropped-samarali-icon.png","width":512,"height":512,"caption":"Samarali"},"image":{"@id":"https:\/\/samarali.com\/fr\/#\/schema\/logo\/image\/"},"sameAs":["https:\/\/www.facebook.com\/samaraliyoga","https:\/\/www.linkedin.com\/company\/69563155\/","https:\/\/www.instagram.com\/samaraliyoga\/","https:\/\/nl.pinterest.com\/Samaraliyoga\/"],"description":"Samarali is a sustainable yoga and lifestyle brand based in the Netherlands","email":"info@samarali.com","legalName":"Samarali B.V.","vatID":"NL859820324B01","numberOfEmployees":{"@type":"QuantitativeValue","minValue":"1","maxValue":"10"}}]},"og_availability":"instock","product_availability":"instock","product_condition":"new"},"jetpack_sharing_enabled":true,"_links":{"self":[{"href":"https:\/\/samarali.com\/fr\/wp-json\/wp\/v2\/product\/28708","targetHints":{"allow":["GET"]}}],"collection":[{"href":"https:\/\/samarali.com\/fr\/wp-json\/wp\/v2\/product"}],"about":[{"href":"https:\/\/samarali.com\/fr\/wp-json\/wp\/v2\/types\/product"}],"replies":[{"embeddable":true,"href":"https:\/\/samarali.com\/fr\/wp-json\/wp\/v2\/comments?post=28708"}],"version-history":[{"count":1,"href":"https:\/\/samarali.com\/fr\/wp-json\/wp\/v2\/product\/28708\/revisions"}],"predecessor-version":[{"id":32838,"href":"https:\/\/samarali.com\/fr\/wp-json\/wp\/v2\/product\/28708\/revisions\/32838"}],"wp:featuredmedia":[{"embeddable":true,"href":"https:\/\/samarali.com\/fr\/wp-json\/wp\/v2\/media\/18549"}],"wp:attachment":[{"href":"https:\/\/samarali.com\/fr\/wp-json\/wp\/v2\/media?parent=28708"}],"wp:term":[{"taxonomy":"product_cat","embeddable":true,"href":"https:\/\/samarali.com\/fr\/wp-json\/wp\/v2\/product_cat?post=28708"},{"taxonomy":"product_tag","embeddable":true,"href":"https:\/\/samarali.com\/fr\/wp-json\/wp\/v2\/product_tag?post=28708"}],"curies":[{"name":"wp","href":"https:\/\/api.w.org\/{rel}","templated":true}]}}