{"id":28695,"date":"2024-08-01T15:07:10","date_gmt":"2024-08-01T13:07:10","guid":{"rendered":"https:\/\/samarali.com\/product\/bloc-de-yoga-en-liege\/"},"modified":"2025-12-10T13:27:34","modified_gmt":"2025-12-10T12:27:34","slug":"bloc-de-yoga-en-liege","status":"publish","type":"product","link":"https:\/\/samarali.com\/fr\/produit\/bloc-de-yoga-en-liege\/","title":{"rendered":"Bloc de yoga en li\u00e8ge"},"content":{"rendered":"<p>Notre bloc de yoga en li\u00e8ge est fabriqu\u00e9 \u00e0 100 % en li\u00e8ge au Portugal, offrant un soutien fiable pendant les diff\u00e9rents asanas et rendant votre pratique plus accessible.<br \/>\nEn outre, les blocs de yoga sont l\u00e9gers, ce qui les rend faciles \u00e0 transporter o\u00f9 que vous alliez.<br \/>\nFabriqu\u00e9e en li\u00e8ge naturel, la surface est douce pour la peau et pr\u00e9sente une texture antid\u00e9rapante qui am\u00e9liore le confort, m\u00eame pendant les s\u00e9ances de yoga les plus actives.<br \/>\nLes bords arrondis s&rsquo;adaptent confortablement \u00e0 vos mains, \u00e9vitant ainsi les points de pression.<br \/>\nCes blocs de yoga en li\u00e8ge sont une alternative \u00e9cologique aux options en plastique.<br \/>\nFabriqu\u00e9s au Portugal \u00e0 partir de l&rsquo;\u00e9corce de ch\u00eanes-li\u00e8ges, ils sont biod\u00e9gradables, ce qui garantit que leur utilisation ne nuit pas \u00e0 l&rsquo;environnement et ne produit pas de d\u00e9chets.<br \/>\nPolyvalents et fiables, ces blocs offrent un excellent soutien pour les positions d&rsquo;\u00e9quilibre des bras et une stabilit\u00e9 pour le bas du dos lors des exercices en d\u00e9cubitus dorsal.<br \/>\nL&rsquo;entretien est facile : il suffit d&rsquo;essuyer les blocs avec un chiffon imbib\u00e9 d&rsquo;eau savonneuse pour les garder propres et en bon \u00e9tat.   <\/p>\n","protected":false},"excerpt":{"rendered":"<p>Notre bloc de yoga en li\u00e8ge, fabriqu\u00e9 au Portugal \u00e0 partir de li\u00e8ge 100 % naturel, offre un support l\u00e9ger et \u00e9cologique pour votre pratique. Avec sa texture antid\u00e9rapante et ses bords arrondis, il offre confort et stabilit\u00e9 pour les diff\u00e9rents asanas. Facile \u00e0 nettoyer et biod\u00e9gradable.<\/p>\n","protected":false},"featured_media":18847,"comment_status":"open","ping_status":"closed","template":"","meta":{"_acf_changed":false,"_improvement_type_select":"improve_an_existing","_thumb_yes_seoaic":false,"_frame_yes_seoaic":false,"seoaic_generate_description":"","seoaic_improve_instructions_prompt":"","seoaic_rollback_content_improvement":"","seoaic_idea_thumbnail_generator":"","thumbnail_generated":false,"thumbnail_generate_prompt":"","seoaic_article_description":"","inline_featured_image":false},"product_cat":[349,350,357,325],"product_tag":[],"class_list":{"0":"post-28695","1":"product","2":"type-product","3":"status-publish","4":"has-post-thumbnail","6":"product_cat-yoga-accessoires","7":"product_cat-accessoires","8":"product_cat-blocs-de-yoga","9":"product_cat-yoga-fr","11":"first","12":"instock","13":"shipping-taxable","14":"purchasable","15":"product-type-simple"},"acf":[],"yoast_head":"<!-- This site is optimized with the Yoast SEO Premium plugin v27.4 (Yoast SEO v27.4) - https:\/\/yoast.com\/product\/yoast-seo-premium-wordpress\/ -->\n<title>Bloc de yoga en li\u00e8ge - Samarali<\/title>\n<meta name=\"description\" content=\"Le bloc de yoga en li\u00e8ge, fabriqu\u00e9 au Portugal \u00e0 partir de li\u00e8ge 100 % naturel, offre un support l\u00e9ger et \u00e9cologique pour votre pratique. Facile \u00e0 nettoyer.\" \/>\n<meta name=\"robots\" content=\"index, follow, max-snippet:-1, max-image-preview:large, max-video-preview:-1\" \/>\n<link rel=\"canonical\" href=\"https:\/\/samarali.com\/fr\/produit\/bloc-de-yoga-en-liege\/\" \/>\n<meta property=\"og:locale\" content=\"fr_FR\" \/>\n<meta property=\"og:type\" content=\"article\" \/>\n<meta property=\"og:title\" content=\"Bloc de yoga en li\u00e8ge - Samarali\" \/>\n<meta property=\"og:description\" content=\"Le bloc de yoga en li\u00e8ge, fabriqu\u00e9 au Portugal \u00e0 partir de li\u00e8ge 100 % naturel, offre un support l\u00e9ger et \u00e9cologique pour votre pratique. Facile \u00e0 nettoyer.\" \/>\n<meta property=\"og:url\" content=\"https:\/\/samarali.com\/fr\/produit\/bloc-de-yoga-en-liege\/\" \/>\n<meta property=\"og:site_name\" content=\"Samarali\" \/>\n<meta property=\"article:publisher\" content=\"https:\/\/www.facebook.com\/samaraliyoga\" \/>\n<meta property=\"article:modified_time\" content=\"2025-12-10T12:27:34+00:00\" \/>\n<meta property=\"og:image\" content=\"https:\/\/samarali.com\/wp-content\/uploads\/2024\/08\/Untitled-14.jpg\" \/>\n\t<meta property=\"og:image:width\" content=\"830\" \/>\n\t<meta property=\"og:image:height\" content=\"830\" \/>\n\t<meta property=\"og:image:type\" content=\"image\/jpeg\" \/>\n<meta name=\"twitter:card\" content=\"summary_large_image\" \/>\n<meta name=\"twitter:label1\" content=\"Prix\" \/>\n\t<meta name=\"twitter:data1\" content=\"&euro;&nbsp;16,95\" \/>\n\t<meta name=\"twitter:label2\" content=\"Disponibilit\u00e9\" \/>\n\t<meta name=\"twitter:data2\" content=\"En stock\" \/>\n<script type=\"application\/ld+json\" class=\"yoast-schema-graph\">{\"@context\":\"https:\\\/\\\/schema.org\",\"@graph\":[{\"@type\":\"WebPage\",\"@id\":\"https:\\\/\\\/samarali.com\\\/fr\\\/produit\\\/bloc-de-yoga-en-liege\\\/\",\"url\":\"https:\\\/\\\/samarali.com\\\/fr\\\/produit\\\/bloc-de-yoga-en-liege\\\/\",\"name\":\"Bloc de yoga en li\u00e8ge - Samarali\",\"isPartOf\":{\"@id\":\"https:\\\/\\\/samarali.com\\\/fr\\\/#website\"},\"primaryImageOfPage\":{\"@id\":\"https:\\\/\\\/samarali.com\\\/fr\\\/produit\\\/bloc-de-yoga-en-liege\\\/#primaryimage\"},\"image\":{\"@id\":\"https:\\\/\\\/samarali.com\\\/fr\\\/produit\\\/bloc-de-yoga-en-liege\\\/#primaryimage\"},\"thumbnailUrl\":\"https:\\\/\\\/samarali.com\\\/wp-content\\\/uploads\\\/2024\\\/08\\\/Untitled-14.jpg\",\"datePublished\":\"2024-08-01T13:07:10+00:00\",\"dateModified\":\"2025-12-10T12:27:34+00:00\",\"description\":\"Le bloc de yoga en li\u00e8ge, fabriqu\u00e9 au Portugal \u00e0 partir de li\u00e8ge 100 % naturel, offre un support l\u00e9ger et \u00e9cologique pour votre pratique. Facile \u00e0 nettoyer.\",\"breadcrumb\":{\"@id\":\"https:\\\/\\\/samarali.com\\\/fr\\\/produit\\\/bloc-de-yoga-en-liege\\\/#breadcrumb\"},\"inLanguage\":\"fr-FR\",\"potentialAction\":[{\"@type\":\"ReadAction\",\"target\":[\"https:\\\/\\\/samarali.com\\\/fr\\\/produit\\\/bloc-de-yoga-en-liege\\\/\"]}]},{\"@type\":\"ImageObject\",\"inLanguage\":\"fr-FR\",\"@id\":\"https:\\\/\\\/samarali.com\\\/fr\\\/produit\\\/bloc-de-yoga-en-liege\\\/#primaryimage\",\"url\":\"https:\\\/\\\/samarali.com\\\/wp-content\\\/uploads\\\/2024\\\/08\\\/Untitled-14.jpg\",\"contentUrl\":\"https:\\\/\\\/samarali.com\\\/wp-content\\\/uploads\\\/2024\\\/08\\\/Untitled-14.jpg\",\"width\":830,\"height\":830,\"caption\":\"Sans titre 14\"},{\"@type\":\"BreadcrumbList\",\"@id\":\"https:\\\/\\\/samarali.com\\\/fr\\\/produit\\\/bloc-de-yoga-en-liege\\\/#breadcrumb\",\"itemListElement\":[{\"@type\":\"ListItem\",\"position\":1,\"name\":\"Accueil\",\"item\":\"https:\\\/\\\/samarali.com\\\/fr\\\/accueil\\\/\"},{\"@type\":\"ListItem\",\"position\":2,\"name\":\"Boutique\",\"item\":\"https:\\\/\\\/samarali.com\\\/fr\\\/boutique\\\/\"},{\"@type\":\"ListItem\",\"position\":3,\"name\":\"Bloc de yoga en li\u00e8ge\"}]},{\"@type\":\"WebSite\",\"@id\":\"https:\\\/\\\/samarali.com\\\/fr\\\/#website\",\"url\":\"https:\\\/\\\/samarali.com\\\/fr\\\/\",\"name\":\"Samarali\",\"description\":\"Samarali est une marque de yoga et de style de vie durable bas\u00e9e aux Pays-Bas.\",\"publisher\":{\"@id\":\"https:\\\/\\\/samarali.com\\\/fr\\\/#organization\"},\"potentialAction\":[{\"@type\":\"SearchAction\",\"target\":{\"@type\":\"EntryPoint\",\"urlTemplate\":\"https:\\\/\\\/samarali.com\\\/fr\\\/?s={search_term_string}\"},\"query-input\":{\"@type\":\"PropertyValueSpecification\",\"valueRequired\":true,\"valueName\":\"search_term_string\"}}],\"inLanguage\":\"fr-FR\"},{\"@type\":\"Organization\",\"@id\":\"https:\\\/\\\/samarali.com\\\/fr\\\/#organization\",\"name\":\"Samarali\",\"url\":\"https:\\\/\\\/samarali.com\\\/fr\\\/\",\"logo\":{\"@type\":\"ImageObject\",\"inLanguage\":\"fr-FR\",\"@id\":\"https:\\\/\\\/samarali.com\\\/fr\\\/#\\\/schema\\\/logo\\\/image\\\/\",\"url\":\"https:\\\/\\\/samarali.com\\\/wp-content\\\/uploads\\\/2024\\\/05\\\/cropped-samarali-icon.png\",\"contentUrl\":\"https:\\\/\\\/samarali.com\\\/wp-content\\\/uploads\\\/2024\\\/05\\\/cropped-samarali-icon.png\",\"width\":512,\"height\":512,\"caption\":\"Samarali\"},\"image\":{\"@id\":\"https:\\\/\\\/samarali.com\\\/fr\\\/#\\\/schema\\\/logo\\\/image\\\/\"},\"sameAs\":[\"https:\\\/\\\/www.facebook.com\\\/samaraliyoga\",\"https:\\\/\\\/www.linkedin.com\\\/company\\\/69563155\\\/\",\"https:\\\/\\\/www.instagram.com\\\/samaraliyoga\\\/\",\"https:\\\/\\\/nl.pinterest.com\\\/Samaraliyoga\\\/\"],\"description\":\"Samarali is a sustainable yoga and lifestyle brand based in the Netherlands\",\"email\":\"info@samarali.com\",\"legalName\":\"Samarali B.V.\",\"vatID\":\"NL859820324B01\",\"numberOfEmployees\":{\"@type\":\"QuantitativeValue\",\"minValue\":\"1\",\"maxValue\":\"10\"}}]}<\/script>\n<meta property=\"product:price:amount\" content=\"16.95\" \/>\n<meta property=\"product:price:currency\" content=\"EUR\" \/>\n<meta property=\"og:availability\" content=\"instock\" \/>\n<meta property=\"product:availability\" content=\"instock\" \/>\n<meta property=\"product:retailer_item_id\" content=\"11114\" \/>\n<meta property=\"product:condition\" content=\"new\" \/>\n<!-- \/ Yoast SEO Premium plugin. -->","yoast_head_json":{"title":"Bloc de yoga en li\u00e8ge - Samarali","description":"Le bloc de yoga en li\u00e8ge, fabriqu\u00e9 au Portugal \u00e0 partir de li\u00e8ge 100 % naturel, offre un support l\u00e9ger et \u00e9cologique pour votre pratique. Facile \u00e0 nettoyer.","robots":{"index":"index","follow":"follow","max-snippet":"max-snippet:-1","max-image-preview":"max-image-preview:large","max-video-preview":"max-video-preview:-1"},"canonical":"https:\/\/samarali.com\/fr\/produit\/bloc-de-yoga-en-liege\/","og_locale":"fr_FR","og_type":"article","og_title":"Bloc de yoga en li\u00e8ge - Samarali","og_description":"Le bloc de yoga en li\u00e8ge, fabriqu\u00e9 au Portugal \u00e0 partir de li\u00e8ge 100 % naturel, offre un support l\u00e9ger et \u00e9cologique pour votre pratique. Facile \u00e0 nettoyer.","og_url":"https:\/\/samarali.com\/fr\/produit\/bloc-de-yoga-en-liege\/","og_site_name":"Samarali","article_publisher":"https:\/\/www.facebook.com\/samaraliyoga","article_modified_time":"2025-12-10T12:27:34+00:00","og_image":[{"width":830,"height":830,"url":"https:\/\/samarali.com\/wp-content\/uploads\/2024\/08\/Untitled-14.jpg","type":"image\/jpeg"}],"twitter_card":"summary_large_image","twitter_misc":{"Prix":"&euro;&nbsp;16,95","Disponibilit\u00e9":"En stock"},"schema":{"@context":"https:\/\/schema.org","@graph":[{"@type":"WebPage","@id":"https:\/\/samarali.com\/fr\/produit\/bloc-de-yoga-en-liege\/","url":"https:\/\/samarali.com\/fr\/produit\/bloc-de-yoga-en-liege\/","name":"Bloc de yoga en li\u00e8ge - Samarali","isPartOf":{"@id":"https:\/\/samarali.com\/fr\/#website"},"primaryImageOfPage":{"@id":"https:\/\/samarali.com\/fr\/produit\/bloc-de-yoga-en-liege\/#primaryimage"},"image":{"@id":"https:\/\/samarali.com\/fr\/produit\/bloc-de-yoga-en-liege\/#primaryimage"},"thumbnailUrl":"https:\/\/samarali.com\/wp-content\/uploads\/2024\/08\/Untitled-14.jpg","datePublished":"2024-08-01T13:07:10+00:00","dateModified":"2025-12-10T12:27:34+00:00","description":"Le bloc de yoga en li\u00e8ge, fabriqu\u00e9 au Portugal \u00e0 partir de li\u00e8ge 100 % naturel, offre un support l\u00e9ger et \u00e9cologique pour votre pratique. Facile \u00e0 nettoyer.","breadcrumb":{"@id":"https:\/\/samarali.com\/fr\/produit\/bloc-de-yoga-en-liege\/#breadcrumb"},"inLanguage":"fr-FR","potentialAction":[{"@type":"ReadAction","target":["https:\/\/samarali.com\/fr\/produit\/bloc-de-yoga-en-liege\/"]}]},{"@type":"ImageObject","inLanguage":"fr-FR","@id":"https:\/\/samarali.com\/fr\/produit\/bloc-de-yoga-en-liege\/#primaryimage","url":"https:\/\/samarali.com\/wp-content\/uploads\/2024\/08\/Untitled-14.jpg","contentUrl":"https:\/\/samarali.com\/wp-content\/uploads\/2024\/08\/Untitled-14.jpg","width":830,"height":830,"caption":"Sans titre 14"},{"@type":"BreadcrumbList","@id":"https:\/\/samarali.com\/fr\/produit\/bloc-de-yoga-en-liege\/#breadcrumb","itemListElement":[{"@type":"ListItem","position":1,"name":"Accueil","item":"https:\/\/samarali.com\/fr\/accueil\/"},{"@type":"ListItem","position":2,"name":"Boutique","item":"https:\/\/samarali.com\/fr\/boutique\/"},{"@type":"ListItem","position":3,"name":"Bloc de yoga en li\u00e8ge"}]},{"@type":"WebSite","@id":"https:\/\/samarali.com\/fr\/#website","url":"https:\/\/samarali.com\/fr\/","name":"Samarali","description":"Samarali est une marque de yoga et de style de vie durable bas\u00e9e aux Pays-Bas.","publisher":{"@id":"https:\/\/samarali.com\/fr\/#organization"},"potentialAction":[{"@type":"SearchAction","target":{"@type":"EntryPoint","urlTemplate":"https:\/\/samarali.com\/fr\/?s={search_term_string}"},"query-input":{"@type":"PropertyValueSpecification","valueRequired":true,"valueName":"search_term_string"}}],"inLanguage":"fr-FR"},{"@type":"Organization","@id":"https:\/\/samarali.com\/fr\/#organization","name":"Samarali","url":"https:\/\/samarali.com\/fr\/","logo":{"@type":"ImageObject","inLanguage":"fr-FR","@id":"https:\/\/samarali.com\/fr\/#\/schema\/logo\/image\/","url":"https:\/\/samarali.com\/wp-content\/uploads\/2024\/05\/cropped-samarali-icon.png","contentUrl":"https:\/\/samarali.com\/wp-content\/uploads\/2024\/05\/cropped-samarali-icon.png","width":512,"height":512,"caption":"Samarali"},"image":{"@id":"https:\/\/samarali.com\/fr\/#\/schema\/logo\/image\/"},"sameAs":["https:\/\/www.facebook.com\/samaraliyoga","https:\/\/www.linkedin.com\/company\/69563155\/","https:\/\/www.instagram.com\/samaraliyoga\/","https:\/\/nl.pinterest.com\/Samaraliyoga\/"],"description":"Samarali is a sustainable yoga and lifestyle brand based in the Netherlands","email":"info@samarali.com","legalName":"Samarali B.V.","vatID":"NL859820324B01","numberOfEmployees":{"@type":"QuantitativeValue","minValue":"1","maxValue":"10"}}]},"product_price_amount":"16.95","product_price_currency":"EUR","og_availability":"instock","product_availability":"instock","product_retailer_item_id":"11114","product_condition":"new"},"jetpack_sharing_enabled":true,"_links":{"self":[{"href":"https:\/\/samarali.com\/fr\/wp-json\/wp\/v2\/product\/28695","targetHints":{"allow":["GET"]}}],"collection":[{"href":"https:\/\/samarali.com\/fr\/wp-json\/wp\/v2\/product"}],"about":[{"href":"https:\/\/samarali.com\/fr\/wp-json\/wp\/v2\/types\/product"}],"replies":[{"embeddable":true,"href":"https:\/\/samarali.com\/fr\/wp-json\/wp\/v2\/comments?post=28695"}],"version-history":[{"count":1,"href":"https:\/\/samarali.com\/fr\/wp-json\/wp\/v2\/product\/28695\/revisions"}],"predecessor-version":[{"id":32902,"href":"https:\/\/samarali.com\/fr\/wp-json\/wp\/v2\/product\/28695\/revisions\/32902"}],"wp:featuredmedia":[{"embeddable":true,"href":"https:\/\/samarali.com\/fr\/wp-json\/wp\/v2\/media\/18847"}],"wp:attachment":[{"href":"https:\/\/samarali.com\/fr\/wp-json\/wp\/v2\/media?parent=28695"}],"wp:term":[{"taxonomy":"product_cat","embeddable":true,"href":"https:\/\/samarali.com\/fr\/wp-json\/wp\/v2\/product_cat?post=28695"},{"taxonomy":"product_tag","embeddable":true,"href":"https:\/\/samarali.com\/fr\/wp-json\/wp\/v2\/product_tag?post=28695"}],"curies":[{"name":"wp","href":"https:\/\/api.w.org\/{rel}","templated":true}]}}