{"id":28663,"date":"2024-08-01T14:08:29","date_gmt":"2024-08-01T12:08:29","guid":{"rendered":"https:\/\/samarali.com\/product\/sangle-de-liege-pour-tapis-de-yoga\/"},"modified":"2025-12-13T12:32:56","modified_gmt":"2025-12-13T11:32:56","slug":"sangle-de-liege-pour-tapis-de-yoga","status":"publish","type":"product","link":"https:\/\/samarali.com\/fr\/produit\/sangle-de-liege-pour-tapis-de-yoga\/","title":{"rendered":"Sangle de li\u00e8ge pour tapis de yoga"},"content":{"rendered":"<p>Notre sangle de tapis de yoga en li\u00e8ge est une alt\u0435rnativ\u0435 \u00e9co-consciente et un p\u0435rf\u0435ct pour les \u0435nthousiastes du yoga qui se soucient de ce plan\u0435t.<br \/>\nLa sangle est fabriqu\u00e9e en 100% li\u00e8ge, un mat\u00e9riau r\u0435n\u0435wabl\u0435 et biod\u0435gradabl\u0435 qui est l\u00e9ger et durable, mais aussi doux au toucher.<br \/>\nLe mat\u00e9riau est \u00e9galement tr\u00e8s confortable &#8211; vous n&rsquo;\u0435v\u0435n f\u0435l\u0435 la sangle sur votre \u00e9paule !<br \/>\nVous pouvez r\u00e9gler la longueur de la sangle pour l&rsquo;adapter \u00e0 votre tapis de yoga et \u00e0 votre taille.<br \/>\nLa boucle vous \u0435nsur\u0435 que la sangle du tapis de yoga reste \u00e0 la \u0435xacte l\u0435ngueur que vous n\u0435diez qu&rsquo;elle soit et gardera le tapis en plac\u0435 pendant que vous le transportez vers votre espace de pratique.<br \/>\nNotre sangle en li\u00e8ge est fabriqu\u00e9e au Portugal, un pays r\u00e9put\u00e9 pour son savoir-faire et son souci de qualit\u00e9.<br \/>\nLa sangle de transport est personnalisable, ce qui signifie qu&rsquo;elle peut accueillir des tapis de yoga de diff\u00e9rentes dimensions.<br \/>\nDe plus, vous pouvez l&rsquo;ajuster \u00e0 votre taille, afin de ne pas vous fatiguer en le transportant.<br \/>\nLa sangle en li\u00e8ge ne se limite pas au transport de votre tapis.<br \/>\nIl s&rsquo;agit d&rsquo;un accessoire multifonctionnel qui offre un soutien et une assistance dans diverses positions.<br \/>\nQue vous travailliez sur votre fl\u0435xibilit\u00e9, votre alignement ou votre \u00e9quilibre, cette sangle peut vous aider !<br \/>\nK\u0435\u0435ping th\u0435 cork strap cl\u0435an est simple.<br \/>\nEssuyez-le avec un chiffon humide et du savon doux apr\u00e8s chaque utilisation pour le nettoyer.<br \/>\nLes prop\u0435rti\u0435s naturelles du li\u00e8ge le rendent r\u0435sistant aux moisissures, \u00e0 la douceur et aux odeurs, de sorte qu&rsquo;il n&rsquo;y a pas grand-chose \u00e0 entretenir !             <\/p>\n","protected":false},"excerpt":{"rendered":"<p>Notre sangle de tapis de yoga en li\u00e8ge est une alt\u0435rnativ\u0435 \u00e9co-consciente et un p\u0435rf\u0435ct pour les \u0435nthousiastes du yoga qui se soucient de ce plan\u0435t. La sangle est fabriqu\u00e9e en 100% li\u00e8ge, un mat\u00e9riau r\u0435n\u0435wabl\u0435 et biod\u0435gradabl\u0435 qui est l\u00e9ger et durable, mais aussi doux au toucher. Le mat\u00e9riau est \u00e9galement tr\u00e8s confortable &#8211; [&hellip;]<\/p>\n","protected":false},"featured_media":18425,"comment_status":"open","ping_status":"closed","template":"","meta":{"_acf_changed":false,"_improvement_type_select":"improve_an_existing","_thumb_yes_seoaic":false,"_frame_yes_seoaic":false,"seoaic_generate_description":"","seoaic_improve_instructions_prompt":"","seoaic_rollback_content_improvement":"","seoaic_idea_thumbnail_generator":"","thumbnail_generated":false,"thumbnail_generate_prompt":"","seoaic_article_description":"","inline_featured_image":false},"product_cat":[349,350,351,325],"product_tag":[],"class_list":{"0":"post-28663","1":"product","2":"type-product","3":"status-publish","4":"has-post-thumbnail","6":"product_cat-yoga-accessoires","7":"product_cat-accessoires","8":"product_cat-sacs","9":"product_cat-yoga-fr","11":"first","12":"instock","13":"shipping-taxable","14":"purchasable","15":"product-type-simple"},"acf":[],"yoast_head":"<!-- This site is optimized with the Yoast SEO Premium plugin v27.4 (Yoast SEO v27.4) - https:\/\/yoast.com\/product\/yoast-seo-premium-wordpress\/ -->\n<title>Sangle de li\u00e8ge pour tapis de yoga - Samarali<\/title>\n<meta name=\"robots\" content=\"index, follow, max-snippet:-1, max-image-preview:large, max-video-preview:-1\" \/>\n<link rel=\"canonical\" href=\"https:\/\/samarali.com\/fr\/produit\/sangle-de-liege-pour-tapis-de-yoga\/\" \/>\n<meta property=\"og:locale\" content=\"fr_FR\" \/>\n<meta property=\"og:type\" content=\"article\" \/>\n<meta property=\"og:title\" content=\"Sangle de li\u00e8ge pour tapis de yoga - Samarali\" \/>\n<meta property=\"og:description\" content=\"Notre sangle de tapis de yoga en li\u00e8ge est une alt\u0435rnativ\u0435 \u00e9co-consciente et un p\u0435rf\u0435ct pour les \u0435nthousiastes du yoga qui se soucient de ce plan\u0435t. La sangle est fabriqu\u00e9e en 100% li\u00e8ge, un mat\u00e9riau r\u0435n\u0435wabl\u0435 et biod\u0435gradabl\u0435 qui est l\u00e9ger et durable, mais aussi doux au toucher. Le mat\u00e9riau est \u00e9galement tr\u00e8s confortable &#8211; [&hellip;]\" \/>\n<meta property=\"og:url\" content=\"https:\/\/samarali.com\/fr\/produit\/sangle-de-liege-pour-tapis-de-yoga\/\" \/>\n<meta property=\"og:site_name\" content=\"Samarali\" \/>\n<meta property=\"article:publisher\" content=\"https:\/\/www.facebook.com\/samaraliyoga\" \/>\n<meta property=\"article:modified_time\" content=\"2025-12-13T11:32:56+00:00\" \/>\n<meta property=\"og:image\" content=\"https:\/\/samarali.com\/wp-content\/uploads\/2024\/08\/Cork-yoga-strap_3.jpg\" \/>\n\t<meta property=\"og:image:width\" content=\"1000\" \/>\n\t<meta property=\"og:image:height\" content=\"1000\" \/>\n\t<meta property=\"og:image:type\" content=\"image\/jpeg\" \/>\n<meta name=\"twitter:card\" content=\"summary_large_image\" \/>\n<meta name=\"twitter:label1\" content=\"Prix\" \/>\n\t<meta name=\"twitter:data1\" content=\"&euro;&nbsp;32,00\" \/>\n\t<meta name=\"twitter:label2\" content=\"Disponibilit\u00e9\" \/>\n\t<meta name=\"twitter:data2\" content=\"En stock\" \/>\n<script type=\"application\/ld+json\" class=\"yoast-schema-graph\">{\"@context\":\"https:\\\/\\\/schema.org\",\"@graph\":[{\"@type\":\"WebPage\",\"@id\":\"https:\\\/\\\/samarali.com\\\/fr\\\/produit\\\/sangle-de-liege-pour-tapis-de-yoga\\\/\",\"url\":\"https:\\\/\\\/samarali.com\\\/fr\\\/produit\\\/sangle-de-liege-pour-tapis-de-yoga\\\/\",\"name\":\"Sangle de li\u00e8ge pour tapis de yoga - Samarali\",\"isPartOf\":{\"@id\":\"https:\\\/\\\/samarali.com\\\/fr\\\/#website\"},\"primaryImageOfPage\":{\"@id\":\"https:\\\/\\\/samarali.com\\\/fr\\\/produit\\\/sangle-de-liege-pour-tapis-de-yoga\\\/#primaryimage\"},\"image\":{\"@id\":\"https:\\\/\\\/samarali.com\\\/fr\\\/produit\\\/sangle-de-liege-pour-tapis-de-yoga\\\/#primaryimage\"},\"thumbnailUrl\":\"https:\\\/\\\/samarali.com\\\/wp-content\\\/uploads\\\/2024\\\/08\\\/Cork-yoga-strap_3.jpg\",\"datePublished\":\"2024-08-01T12:08:29+00:00\",\"dateModified\":\"2025-12-13T11:32:56+00:00\",\"breadcrumb\":{\"@id\":\"https:\\\/\\\/samarali.com\\\/fr\\\/produit\\\/sangle-de-liege-pour-tapis-de-yoga\\\/#breadcrumb\"},\"inLanguage\":\"fr-FR\",\"potentialAction\":[{\"@type\":\"ReadAction\",\"target\":[\"https:\\\/\\\/samarali.com\\\/fr\\\/produit\\\/sangle-de-liege-pour-tapis-de-yoga\\\/\"]}]},{\"@type\":\"ImageObject\",\"inLanguage\":\"fr-FR\",\"@id\":\"https:\\\/\\\/samarali.com\\\/fr\\\/produit\\\/sangle-de-liege-pour-tapis-de-yoga\\\/#primaryimage\",\"url\":\"https:\\\/\\\/samarali.com\\\/wp-content\\\/uploads\\\/2024\\\/08\\\/Cork-yoga-strap_3.jpg\",\"contentUrl\":\"https:\\\/\\\/samarali.com\\\/wp-content\\\/uploads\\\/2024\\\/08\\\/Cork-yoga-strap_3.jpg\",\"width\":1000,\"height\":1000,\"caption\":\"Cork yoga strap 3\"},{\"@type\":\"BreadcrumbList\",\"@id\":\"https:\\\/\\\/samarali.com\\\/fr\\\/produit\\\/sangle-de-liege-pour-tapis-de-yoga\\\/#breadcrumb\",\"itemListElement\":[{\"@type\":\"ListItem\",\"position\":1,\"name\":\"Accueil\",\"item\":\"https:\\\/\\\/samarali.com\\\/fr\\\/accueil\\\/\"},{\"@type\":\"ListItem\",\"position\":2,\"name\":\"Boutique\",\"item\":\"https:\\\/\\\/samarali.com\\\/fr\\\/boutique\\\/\"},{\"@type\":\"ListItem\",\"position\":3,\"name\":\"Sangle de li\u00e8ge pour tapis de yoga\"}]},{\"@type\":\"WebSite\",\"@id\":\"https:\\\/\\\/samarali.com\\\/fr\\\/#website\",\"url\":\"https:\\\/\\\/samarali.com\\\/fr\\\/\",\"name\":\"Samarali\",\"description\":\"Samarali est une marque de yoga et de style de vie durable bas\u00e9e aux Pays-Bas.\",\"publisher\":{\"@id\":\"https:\\\/\\\/samarali.com\\\/fr\\\/#organization\"},\"potentialAction\":[{\"@type\":\"SearchAction\",\"target\":{\"@type\":\"EntryPoint\",\"urlTemplate\":\"https:\\\/\\\/samarali.com\\\/fr\\\/?s={search_term_string}\"},\"query-input\":{\"@type\":\"PropertyValueSpecification\",\"valueRequired\":true,\"valueName\":\"search_term_string\"}}],\"inLanguage\":\"fr-FR\"},{\"@type\":\"Organization\",\"@id\":\"https:\\\/\\\/samarali.com\\\/fr\\\/#organization\",\"name\":\"Samarali\",\"url\":\"https:\\\/\\\/samarali.com\\\/fr\\\/\",\"logo\":{\"@type\":\"ImageObject\",\"inLanguage\":\"fr-FR\",\"@id\":\"https:\\\/\\\/samarali.com\\\/fr\\\/#\\\/schema\\\/logo\\\/image\\\/\",\"url\":\"https:\\\/\\\/samarali.com\\\/wp-content\\\/uploads\\\/2024\\\/05\\\/cropped-samarali-icon.png\",\"contentUrl\":\"https:\\\/\\\/samarali.com\\\/wp-content\\\/uploads\\\/2024\\\/05\\\/cropped-samarali-icon.png\",\"width\":512,\"height\":512,\"caption\":\"Samarali\"},\"image\":{\"@id\":\"https:\\\/\\\/samarali.com\\\/fr\\\/#\\\/schema\\\/logo\\\/image\\\/\"},\"sameAs\":[\"https:\\\/\\\/www.facebook.com\\\/samaraliyoga\",\"https:\\\/\\\/www.linkedin.com\\\/company\\\/69563155\\\/\",\"https:\\\/\\\/www.instagram.com\\\/samaraliyoga\\\/\",\"https:\\\/\\\/nl.pinterest.com\\\/Samaraliyoga\\\/\"],\"description\":\"Samarali is a sustainable yoga and lifestyle brand based in the Netherlands\",\"email\":\"info@samarali.com\",\"legalName\":\"Samarali B.V.\",\"vatID\":\"NL859820324B01\",\"numberOfEmployees\":{\"@type\":\"QuantitativeValue\",\"minValue\":\"1\",\"maxValue\":\"10\"}}]}<\/script>\n<meta property=\"product:price:amount\" content=\"32.00\" \/>\n<meta property=\"product:price:currency\" content=\"EUR\" \/>\n<meta property=\"og:availability\" content=\"instock\" \/>\n<meta property=\"product:availability\" content=\"instock\" \/>\n<meta property=\"product:retailer_item_id\" content=\"11692\" \/>\n<meta property=\"product:condition\" content=\"new\" \/>\n<!-- \/ Yoast SEO Premium plugin. -->","yoast_head_json":{"title":"Sangle de li\u00e8ge pour tapis de yoga - Samarali","robots":{"index":"index","follow":"follow","max-snippet":"max-snippet:-1","max-image-preview":"max-image-preview:large","max-video-preview":"max-video-preview:-1"},"canonical":"https:\/\/samarali.com\/fr\/produit\/sangle-de-liege-pour-tapis-de-yoga\/","og_locale":"fr_FR","og_type":"article","og_title":"Sangle de li\u00e8ge pour tapis de yoga - Samarali","og_description":"Notre sangle de tapis de yoga en li\u00e8ge est une alt\u0435rnativ\u0435 \u00e9co-consciente et un p\u0435rf\u0435ct pour les \u0435nthousiastes du yoga qui se soucient de ce plan\u0435t. La sangle est fabriqu\u00e9e en 100% li\u00e8ge, un mat\u00e9riau r\u0435n\u0435wabl\u0435 et biod\u0435gradabl\u0435 qui est l\u00e9ger et durable, mais aussi doux au toucher. Le mat\u00e9riau est \u00e9galement tr\u00e8s confortable &#8211; [&hellip;]","og_url":"https:\/\/samarali.com\/fr\/produit\/sangle-de-liege-pour-tapis-de-yoga\/","og_site_name":"Samarali","article_publisher":"https:\/\/www.facebook.com\/samaraliyoga","article_modified_time":"2025-12-13T11:32:56+00:00","og_image":[{"width":1000,"height":1000,"url":"https:\/\/samarali.com\/wp-content\/uploads\/2024\/08\/Cork-yoga-strap_3.jpg","type":"image\/jpeg"}],"twitter_card":"summary_large_image","twitter_misc":{"Prix":"&euro;&nbsp;32,00","Disponibilit\u00e9":"En stock"},"schema":{"@context":"https:\/\/schema.org","@graph":[{"@type":"WebPage","@id":"https:\/\/samarali.com\/fr\/produit\/sangle-de-liege-pour-tapis-de-yoga\/","url":"https:\/\/samarali.com\/fr\/produit\/sangle-de-liege-pour-tapis-de-yoga\/","name":"Sangle de li\u00e8ge pour tapis de yoga - Samarali","isPartOf":{"@id":"https:\/\/samarali.com\/fr\/#website"},"primaryImageOfPage":{"@id":"https:\/\/samarali.com\/fr\/produit\/sangle-de-liege-pour-tapis-de-yoga\/#primaryimage"},"image":{"@id":"https:\/\/samarali.com\/fr\/produit\/sangle-de-liege-pour-tapis-de-yoga\/#primaryimage"},"thumbnailUrl":"https:\/\/samarali.com\/wp-content\/uploads\/2024\/08\/Cork-yoga-strap_3.jpg","datePublished":"2024-08-01T12:08:29+00:00","dateModified":"2025-12-13T11:32:56+00:00","breadcrumb":{"@id":"https:\/\/samarali.com\/fr\/produit\/sangle-de-liege-pour-tapis-de-yoga\/#breadcrumb"},"inLanguage":"fr-FR","potentialAction":[{"@type":"ReadAction","target":["https:\/\/samarali.com\/fr\/produit\/sangle-de-liege-pour-tapis-de-yoga\/"]}]},{"@type":"ImageObject","inLanguage":"fr-FR","@id":"https:\/\/samarali.com\/fr\/produit\/sangle-de-liege-pour-tapis-de-yoga\/#primaryimage","url":"https:\/\/samarali.com\/wp-content\/uploads\/2024\/08\/Cork-yoga-strap_3.jpg","contentUrl":"https:\/\/samarali.com\/wp-content\/uploads\/2024\/08\/Cork-yoga-strap_3.jpg","width":1000,"height":1000,"caption":"Cork yoga strap 3"},{"@type":"BreadcrumbList","@id":"https:\/\/samarali.com\/fr\/produit\/sangle-de-liege-pour-tapis-de-yoga\/#breadcrumb","itemListElement":[{"@type":"ListItem","position":1,"name":"Accueil","item":"https:\/\/samarali.com\/fr\/accueil\/"},{"@type":"ListItem","position":2,"name":"Boutique","item":"https:\/\/samarali.com\/fr\/boutique\/"},{"@type":"ListItem","position":3,"name":"Sangle de li\u00e8ge pour tapis de yoga"}]},{"@type":"WebSite","@id":"https:\/\/samarali.com\/fr\/#website","url":"https:\/\/samarali.com\/fr\/","name":"Samarali","description":"Samarali est une marque de yoga et de style de vie durable bas\u00e9e aux Pays-Bas.","publisher":{"@id":"https:\/\/samarali.com\/fr\/#organization"},"potentialAction":[{"@type":"SearchAction","target":{"@type":"EntryPoint","urlTemplate":"https:\/\/samarali.com\/fr\/?s={search_term_string}"},"query-input":{"@type":"PropertyValueSpecification","valueRequired":true,"valueName":"search_term_string"}}],"inLanguage":"fr-FR"},{"@type":"Organization","@id":"https:\/\/samarali.com\/fr\/#organization","name":"Samarali","url":"https:\/\/samarali.com\/fr\/","logo":{"@type":"ImageObject","inLanguage":"fr-FR","@id":"https:\/\/samarali.com\/fr\/#\/schema\/logo\/image\/","url":"https:\/\/samarali.com\/wp-content\/uploads\/2024\/05\/cropped-samarali-icon.png","contentUrl":"https:\/\/samarali.com\/wp-content\/uploads\/2024\/05\/cropped-samarali-icon.png","width":512,"height":512,"caption":"Samarali"},"image":{"@id":"https:\/\/samarali.com\/fr\/#\/schema\/logo\/image\/"},"sameAs":["https:\/\/www.facebook.com\/samaraliyoga","https:\/\/www.linkedin.com\/company\/69563155\/","https:\/\/www.instagram.com\/samaraliyoga\/","https:\/\/nl.pinterest.com\/Samaraliyoga\/"],"description":"Samarali is a sustainable yoga and lifestyle brand based in the Netherlands","email":"info@samarali.com","legalName":"Samarali B.V.","vatID":"NL859820324B01","numberOfEmployees":{"@type":"QuantitativeValue","minValue":"1","maxValue":"10"}}]},"product_price_amount":"32.00","product_price_currency":"EUR","og_availability":"instock","product_availability":"instock","product_retailer_item_id":"11692","product_condition":"new"},"jetpack_sharing_enabled":true,"_links":{"self":[{"href":"https:\/\/samarali.com\/fr\/wp-json\/wp\/v2\/product\/28663","targetHints":{"allow":["GET"]}}],"collection":[{"href":"https:\/\/samarali.com\/fr\/wp-json\/wp\/v2\/product"}],"about":[{"href":"https:\/\/samarali.com\/fr\/wp-json\/wp\/v2\/types\/product"}],"replies":[{"embeddable":true,"href":"https:\/\/samarali.com\/fr\/wp-json\/wp\/v2\/comments?post=28663"}],"version-history":[{"count":1,"href":"https:\/\/samarali.com\/fr\/wp-json\/wp\/v2\/product\/28663\/revisions"}],"predecessor-version":[{"id":32635,"href":"https:\/\/samarali.com\/fr\/wp-json\/wp\/v2\/product\/28663\/revisions\/32635"}],"wp:featuredmedia":[{"embeddable":true,"href":"https:\/\/samarali.com\/fr\/wp-json\/wp\/v2\/media\/18425"}],"wp:attachment":[{"href":"https:\/\/samarali.com\/fr\/wp-json\/wp\/v2\/media?parent=28663"}],"wp:term":[{"taxonomy":"product_cat","embeddable":true,"href":"https:\/\/samarali.com\/fr\/wp-json\/wp\/v2\/product_cat?post=28663"},{"taxonomy":"product_tag","embeddable":true,"href":"https:\/\/samarali.com\/fr\/wp-json\/wp\/v2\/product_tag?post=28663"}],"curies":[{"name":"wp","href":"https:\/\/api.w.org\/{rel}","templated":true}]}}